{"id":16515,"date":"2022-06-21T06:56:11","date_gmt":"2022-06-21T06:56:11","guid":{"rendered":"https:\/\/zecovalve.com\/?post_type=product&#038;p=16515"},"modified":"2022-09-01T00:49:59","modified_gmt":"2022-09-01T00:49:59","slug":"6-inch-butterfly-valve","status":"publish","type":"product","link":"https:\/\/zecovalve.com\/pt\/produto\/6-inch-butterfly-valve","title":{"rendered":"V\u00e1lvula borboleta tipo wafer de 6 polegadas"},"content":{"rendered":"<p>V\u00e1lvula borboleta de 6 polegadas significa que o tamanho da v\u00e1lvula \u00e9 de 6 polegadas e em DN \u00e9 DN150.<\/p>\r\n\r\n\r\n\r\n<figure class=\"wp-block-image size-full\"><img loading=\"lazy\" decoding=\"async\" width=\"391\" height=\"298\" class=\"wp-image-11857\" src=\"https:\/\/zecovalve.com\/wp-content\/uploads\/2022\/01\/20220104161938-61d4739ab54a2.jpg\" alt=\"\" srcset=\"https:\/\/zecovalve.com\/wp-content\/uploads\/2022\/01\/20220104161938-61d4739ab54a2.jpg 391w, https:\/\/zecovalve.com\/wp-content\/uploads\/2022\/01\/20220104161938-61d4739ab54a2-300x229.jpg 300w\" sizes=\"auto, (max-width: 391px) 100vw, 391px\" \/><\/figure>\r\n\r\n\r\n<div class=\"gb-button-wrapper gb-button-wrapper-6d8495a3\">\r\n\r\n\r\n<p><a class=\"gb-button gb-button-3d442e11 gb-button-text\" href=\"mailto:commercial@zecovalve.com\" target=\"_blank\" rel=\"noopener noreferrer\"><strong>OBTENHA O PRE\u00c7O DA V\u00c1LVULA BORBOLETA DE 6 POLEGADAS<\/strong><\/a><\/p>\r\n<\/div>\r\n\r\n\r\n\r\n\r\n<h2 class=\"wp-block-heading\" id=\"h-what-is-a-6-inch-wafer-type-butterfly-valve\">O que \u00e9 uma v\u00e1lvula borboleta tipo wafer de 6 polegadas?<\/h2>\r\n\r\n\r\n\r\n<p>V\u00e1lvula borboleta de 6 polegadas para controle liga-desliga de ar, \u00f3leo e outros meios compat\u00edveis com os materiais de constru\u00e7\u00e3o. A v\u00e1lvula tipo sandu\u00edche tipo wafer \u00e9 montada entre ANSI\/ASME Classe 150 fornecida pelo cliente e outros flanges de padr\u00e3o internacional.<\/p>\r\n\r\n\r\n\r\n<h2 class=\"wp-block-heading\">Dimens\u00f5es e peso de 6 v\u00e1lvulas borboleta<\/h2>\r\n\r\n\r\n\r\n<table border=\"=1\" width=\"800\">\r\n<tbody>\r\n<tr>\r\n<td rowspan=\"2\">Press\u00e3o nominal<\/td>\r\n<td style=\"text-align: center;\" colspan=\"4\">\u00a0Dimens\u00e3o face a face (em mm)<\/td>\r\n<td style=\"text-align: center;\">Peso<\/td>\r\n<\/tr>\r\n<tr>\r\n<td style=\"text-align: center;\">Padr\u00e3o longo RF<\/td>\r\n<td style=\"text-align: center;\">Padr\u00e3o curto de RF<\/td>\r\n<td style=\"text-align: center;\">Tipo de bolacha<\/td>\r\n<td style=\"text-align: center;\">Tipo de tal\u00e3o<\/td>\r\n<td style=\"text-align: center;\">kg<\/td>\r\n<\/tr>\r\n<tr>\r\n<td>CLASSE 150<\/td>\r\n<td style=\"text-align: center;\">267<\/td>\r\n<td style=\"text-align: center;\">140<\/td>\r\n<td style=\"text-align: center;\">57<\/td>\r\n<td style=\"text-align: center;\">57<\/td>\r\n<td style=\"text-align: center;\">65<\/td>\r\n<\/tr>\r\n<tr>\r\n<td>CLASSE 300<\/td>\r\n<td style=\"text-align: center;\">403<\/td>\r\n<td style=\"text-align: center;\">210<\/td>\r\n<td style=\"text-align: center;\">59<\/td>\r\n<td style=\"text-align: center;\">59<\/td>\r\n<td style=\"text-align: center;\">90<\/td>\r\n<\/tr>\r\n<tr>\r\n<td>CLASSE 600<\/td>\r\n<td style=\"text-align: center;\">559<\/td>\r\n<td style=\"text-align: center;\">210<\/td>\r\n<td style=\"text-align: center;\">78<\/td>\r\n<td style=\"text-align: center;\">78<\/td>\r\n<td style=\"text-align: center;\">170<\/td>\r\n<\/tr>\r\n<\/tbody>\r\n<\/table>\r\n\r\n\r\n\r\n<h2 class=\"wp-block-heading\">Instala\u00e7\u00e3o de V\u00e1lvula Borboleta 6 polegadas<\/h2>\r\n\r\n\r\n\r\n<p>A ZECO fornece instru\u00e7\u00f5es de instala\u00e7\u00e3o detalhadas para garantir alto desempenho e longa vida \u00fatil da v\u00e1lvula borboleta de 6 polegadas. A capacidade dos flanges e v\u00e1lvulas da tubula\u00e7\u00e3o depende da deforma\u00e7\u00e3o das juntas. A for\u00e7a atuante do aparafusamento n\u00e3o apenas resiste \u00e0 for\u00e7a para afrouxar a conex\u00e3o, mas tamb\u00e9m mant\u00e9m a tens\u00e3o de compress\u00e3o necess\u00e1ria. Observe que a for\u00e7a n\u00e3o excede a carga da junta e a carga de press\u00e3o.<\/p>\r\n\r\n\r\n\r\n<p>Para garantir uma boa conex\u00e3o, as seguintes instru\u00e7\u00f5es devem ser observadas.<\/p>\r\n\r\n\r\n\r\n<ul class=\"wp-block-list\">\r\n<li>Verifique a superf\u00edcie do flange, se algum defeito aparecer vazamento, ranhura ou impress\u00e3o, repare antes da instala\u00e7\u00e3o;<\/li>\r\n<li>As solicita\u00e7\u00f5es de instala\u00e7\u00e3o do flange de ferro fundido s\u00e3o maiores do que as do ferro fundido d\u00factil. Prop\u00f5e-se a utiliza\u00e7\u00e3o de a\u00e7o de baixa resist\u00eancia aparafusado para reduzir em consequ\u00eancia da excessiva pr\u00e9-compress\u00e3o do flange a possibilidade de ultrapassar a tens\u00e3o prescrita. Para encaixar uma junta de flange plana na flange plana para evitar torque excessivo e danos ao flange do parafuso. N\u00e3o deve ser confundido com o flange plano convexo do flange carregado. Na conex\u00e3o do flange de ferro fundido \u00e9 particularmente importante que a parte superior seja instalada da melhor forma para garantir que, na aus\u00eancia de carga excessiva, as circunst\u00e2ncias da junta aparafusada produzam uma for\u00e7a de compacta\u00e7\u00e3o adequada;<\/li>\r\n<li>As juntas t\u00eam a capacidade de resistir a deforma\u00e7\u00f5es e danos;<\/li>\r\n<li>Verifique a centraliza\u00e7\u00e3o dos flanges das pe\u00e7as montadas. Lubrifique as roscas dos parafusos. Os parafusos devem ser fixados sequencialmente para garantir o contato nivelado entre o flange e a gaxeta.<\/li>\r\n<\/ul>\r\n\r\n\r\n\r\n<h2 class=\"wp-block-heading\" id=\"h-features-of-6-butterfly-valve\">Caracter\u00edsticas da v\u00e1lvula borboleta 6:<\/h2>\r\n\r\n\r\n\r\n<ul class=\"wp-block-list\">\r\n<li><span style=\"background-color: var(--base-3); color: var(--contrast);\">A sede exclusiva da linha ondulada e o formato do disco reduzem o torque necess\u00e1rio e prolongam a vida \u00fatil da v\u00e1lvula. <\/span><\/li>\r\n<li>A sede do disco \u00e9 vulcanizada em um anel de apoio fen\u00f3lico, garantindo controle positivo do torque de assentamento e eliminando a distor\u00e7\u00e3o da sede.<\/li>\r\n<li>O disco 316SS usinado com precis\u00e3o com constru\u00e7\u00e3o de haste (eixo) de duas pe\u00e7as aumenta a capacidade de fluxo da v\u00e1lvula e reduz a turbul\u00eancia.<\/li>\r\n<li>A haste utiliza rolamentos de PTFE\/grafite com an\u00e9is de veda\u00e7\u00e3o tipo V para evitar vazamentos.<\/li>\r\n<li><span style=\"background-color: var(--base-3); color: var(--contrast);\">O suporte conectado ao dispositivo de acionamento est\u00e1 em conformidade com o padr\u00e3o ISO5211;<\/span><\/li>\r\n<li>A haste foi projetada para atender aos requisitos da API 609 com um design resistente a explos\u00f5es.<\/li>\r\n<\/ul>\r\n\r\n\r\n\r\n<h2 class=\"wp-block-heading\" id=\"h-material-of-6-inch-butterfly-valve\">Material da v\u00e1lvula borboleta de 6 polegadas:<\/h2>\r\n\r\n\r\n\r\n<figure class=\"wp-block-table is-style-stripes\">\r\n<table>\r\n<tbody>\r\n<tr>\r\n<td>N\u00e3o<\/td>\r\n<td>Parte<\/td>\r\n<td>Material<\/td>\r\n<\/tr>\r\n<tr>\r\n<td>1<\/td>\r\n<td>Corpo<\/td>\r\n<td>ASTM A351 CF8M<\/td>\r\n<\/tr>\r\n<tr>\r\n<td>2<\/td>\r\n<td>Anel de veda\u00e7\u00e3o<\/td>\r\n<td>Grafite + SS316<\/td>\r\n<\/tr>\r\n<tr>\r\n<td>3<\/td>\r\n<td>Flange de reten\u00e7\u00e3o<\/td>\r\n<td>ASTM A182 F316<\/td>\r\n<\/tr>\r\n<tr>\r\n<td>4<\/td>\r\n<td>Pino<\/td>\r\n<td>ASTM A276 316<\/td>\r\n<\/tr>\r\n<tr>\r\n<td>5<\/td>\r\n<td>Disco<\/td>\r\n<td>ASTM A351 CF8M<\/td>\r\n<\/tr>\r\n<tr>\r\n<td>6<\/td>\r\n<td>Caule<\/td>\r\n<td>ASTM A276 316<\/td>\r\n<\/tr>\r\n<tr>\r\n<td>7<\/td>\r\n<td>Enchimento da haste<\/td>\r\n<td>Grafite<\/td>\r\n<\/tr>\r\n<tr>\r\n<td>8<\/td>\r\n<td>Batimento do tronco<\/td>\r\n<td>SS316 +PTFE<\/td>\r\n<\/tr>\r\n<tr>\r\n<td>9<\/td>\r\n<td>Parafuso<\/td>\r\n<td>ASTM A193 B8<\/td>\r\n<\/tr>\r\n<tr>\r\n<td>10<\/td>\r\n<td>Porca<\/td>\r\n<td>ASTM A194 8<\/td>\r\n<\/tr>\r\n<tr>\r\n<td>11<\/td>\r\n<td>Jugo<\/td>\r\n<td>ASTM A216 WCB<\/td>\r\n<\/tr>\r\n<\/tbody>\r\n<\/table>\r\n<\/figure>","protected":false},"excerpt":{"rendered":"<p>V\u00e1lvula borboleta de 6 polegadas significa que o tamanho da v\u00e1lvula \u00e9 de 6 polegadas e em DN \u00e9 DN150. O que \u00e9 um 6 polegadas\u2026 <a title=\"V\u00e1lvula borboleta tipo wafer de 6 polegadas\" class=\"read-more\" href=\"https:\/\/zecovalve.com\/pt\/produto\/6-inch-butterfly-valve\" aria-label=\"Mais em V\u00e1lvula Borboleta Tipo Wafer de 6 polegadas\">Ler mais<\/a><\/p>","protected":false},"featured_media":11857,"comment_status":"closed","ping_status":"closed","template":"","meta":{"_generate-full-width-content":"","kt_blocks_editor_width":""},"product_cat":[2044,2470],"product_tag":[2806,2801],"class_list":["post-16515","product","type-product","status-publish","has-post-thumbnail","hentry","product_cat-butterfly-valve","product_cat-butterfly-valve-by-inch","product_tag-butterfly-valve-wafer-type","product_tag-wafer-type-butterfly-valve","sales-flash-overlay","woocommerce-text-align-center","woocommerce-image-align-center","do-quantity-buttons"],"featured_image_src_large":["https:\/\/zecovalve.com\/wp-content\/uploads\/2022\/01\/20220104161938-61d4739ab54a2.jpg",391,298,false],"author_info":[],"comment_info":0,"taxonomy_info":{"product_cat":[{"value":2044,"label":"Butterfly Valve"},{"value":2470,"label":"Butterfly Valve By Inch"}],"product_tag":[{"value":2806,"label":"Butterfly Valve Wafer Type"},{"value":2801,"label":"Wafer Type Butterfly Valve"}]},"yoast_head":"<!-- This site is optimized with the Yoast SEO Premium plugin v15.4 - https:\/\/yoast.com\/wordpress\/plugins\/seo\/ -->\n<title>6 inch Wafer Type Butterfly Valve - 6 Butterfly Valve Manufacturer | ZECO<\/title>\n<meta name=\"robots\" content=\"index, follow, max-snippet:-1, max-image-preview:large, max-video-preview:-1\" \/>\n<link rel=\"canonical\" href=\"https:\/\/zecovalve.com\/pt\/produto\/6-inch-butterfly-valve\" \/>\n<meta property=\"og:locale\" content=\"pt_PT\" \/>\n<meta property=\"og:type\" content=\"article\" \/>\n<meta property=\"og:title\" content=\"6 inch Wafer Type Butterfly Valve - 6 Butterfly Valve Manufacturer | ZECO\" \/>\n<meta property=\"og:description\" content=\"Butterflly valve 6 inch means the valve size is 6 inch, and in DN it is DN150. What is a 6 Inch ... Ler mais\" \/>\n<meta property=\"og:url\" content=\"https:\/\/zecovalve.com\/pt\/produto\/6-inch-butterfly-valve\" \/>\n<meta property=\"og:site_name\" content=\"ZECO Valve\" \/>\n<meta property=\"article:modified_time\" content=\"2022-09-01T00:49:59+00:00\" \/>\n<meta property=\"og:image\" content=\"https:\/\/zecovalve.com\/wp-content\/uploads\/2022\/01\/20220104161938-61d4739ab54a2.jpg\" \/>\n\t<meta property=\"og:image:width\" content=\"391\" \/>\n\t<meta property=\"og:image:height\" content=\"298\" \/>\n<meta name=\"twitter:card\" content=\"summary_large_image\" \/>\n<meta name=\"twitter:label1\" content=\"Escrito por\">\n\t<meta name=\"twitter:data1\" content=\"Jerry\">\n\t<meta name=\"twitter:label2\" content=\"Tempo estimado de leitura\">\n\t<meta name=\"twitter:data2\" content=\"2 minutos\">\n<script type=\"application\/ld+json\" class=\"yoast-schema-graph\">{\"@context\":\"https:\/\/schema.org\",\"@graph\":[{\"@type\":\"WebSite\",\"@id\":\"https:\/\/zecovalve.com\/#website\",\"url\":\"https:\/\/zecovalve.com\/\",\"name\":\"ZECO Valve\",\"description\":\"Industrial Ball Valve, Gate Valve and Globe Valve Manufacturer\",\"potentialAction\":[{\"@type\":\"SearchAction\",\"target\":\"https:\/\/zecovalve.com\/?s={search_term_string}\",\"query-input\":\"required name=search_term_string\"}],\"inLanguage\":\"pt-PT\"},{\"@type\":\"ImageObject\",\"@id\":\"https:\/\/zecovalve.com\/product\/6-inch-butterfly-valve#primaryimage\",\"inLanguage\":\"pt-PT\",\"url\":\"https:\/\/zecovalve.com\/wp-content\/uploads\/2022\/01\/20220104161938-61d4739ab54a2.jpg\",\"width\":391,\"height\":298},{\"@type\":\"WebPage\",\"@id\":\"https:\/\/zecovalve.com\/product\/6-inch-butterfly-valve#webpage\",\"url\":\"https:\/\/zecovalve.com\/product\/6-inch-butterfly-valve\",\"name\":\"6 inch Wafer Type Butterfly Valve - 6 Butterfly Valve Manufacturer | ZECO\",\"isPartOf\":{\"@id\":\"https:\/\/zecovalve.com\/#website\"},\"primaryImageOfPage\":{\"@id\":\"https:\/\/zecovalve.com\/product\/6-inch-butterfly-valve#primaryimage\"},\"datePublished\":\"2022-06-21T06:56:11+00:00\",\"dateModified\":\"2022-09-01T00:49:59+00:00\",\"breadcrumb\":{\"@id\":\"https:\/\/zecovalve.com\/product\/6-inch-butterfly-valve#breadcrumb\"},\"inLanguage\":\"pt-PT\",\"potentialAction\":[{\"@type\":\"ReadAction\",\"target\":[\"https:\/\/zecovalve.com\/product\/6-inch-butterfly-valve\"]}]},{\"@type\":\"BreadcrumbList\",\"@id\":\"https:\/\/zecovalve.com\/product\/6-inch-butterfly-valve#breadcrumb\",\"itemListElement\":[{\"@type\":\"ListItem\",\"position\":1,\"item\":{\"@type\":\"WebPage\",\"@id\":\"https:\/\/zecovalve.com\/\",\"url\":\"https:\/\/zecovalve.com\/\",\"name\":\"Home\"}},{\"@type\":\"ListItem\",\"position\":2,\"item\":{\"@type\":\"WebPage\",\"@id\":\"https:\/\/zecovalve.com\/product-category\",\"url\":\"https:\/\/zecovalve.com\/product-category\",\"name\":\"Industrial Valve Manufacturer | Water Valve Manufacturer\"}},{\"@type\":\"ListItem\",\"position\":3,\"item\":{\"@type\":\"WebPage\",\"@id\":\"https:\/\/zecovalve.com\/product\/6-inch-butterfly-valve\",\"url\":\"https:\/\/zecovalve.com\/product\/6-inch-butterfly-valve\",\"name\":\"6 inch Wafer Type Butterfly Valve\"}}]}]}<\/script>\n<!-- \/ Yoast SEO Premium plugin. -->","_links":{"self":[{"href":"https:\/\/zecovalve.com\/pt\/wp-json\/wp\/v2\/product\/16515","targetHints":{"allow":["GET"]}}],"collection":[{"href":"https:\/\/zecovalve.com\/pt\/wp-json\/wp\/v2\/product"}],"about":[{"href":"https:\/\/zecovalve.com\/pt\/wp-json\/wp\/v2\/types\/product"}],"replies":[{"embeddable":true,"href":"https:\/\/zecovalve.com\/pt\/wp-json\/wp\/v2\/comments?post=16515"}],"wp:featuredmedia":[{"embeddable":true,"href":"https:\/\/zecovalve.com\/pt\/wp-json\/wp\/v2\/media\/11857"}],"wp:attachment":[{"href":"https:\/\/zecovalve.com\/pt\/wp-json\/wp\/v2\/media?parent=16515"}],"wp:term":[{"taxonomy":"product_cat","embeddable":true,"href":"https:\/\/zecovalve.com\/pt\/wp-json\/wp\/v2\/product_cat?post=16515"},{"taxonomy":"product_tag","embeddable":true,"href":"https:\/\/zecovalve.com\/pt\/wp-json\/wp\/v2\/product_tag?post=16515"}],"curies":[{"name":"wp","href":"https:\/\/api.w.org\/{rel}","templated":true}]}}