{"id":16523,"date":"2022-06-21T07:07:21","date_gmt":"2022-06-21T07:07:21","guid":{"rendered":"https:\/\/zecovalve.com\/?post_type=product&#038;p=16523"},"modified":"2022-09-01T00:48:27","modified_gmt":"2022-09-01T00:48:27","slug":"4-inch-butterfly-valve","status":"publish","type":"product","link":"https:\/\/zecovalve.com\/pt\/produto\/4-inch-butterfly-valve","title":{"rendered":"V\u00e1lvula borboleta de 4 polegadas"},"content":{"rendered":"<figure class=\"wp-block-image size-full is-resized\"><img loading=\"lazy\" decoding=\"async\" class=\"wp-image-16939\" src=\"https:\/\/zecovalve.com\/wp-content\/uploads\/2022\/06\/wafer-butterfly-valve.jpg\" alt=\"V\u00e1lvula de borboleta de bolacha\" width=\"248\" height=\"225\" srcset=\"https:\/\/zecovalve.com\/wp-content\/uploads\/2022\/06\/wafer-butterfly-valve.jpg 330w, https:\/\/zecovalve.com\/wp-content\/uploads\/2022\/06\/wafer-butterfly-valve-300x273.jpg 300w\" sizes=\"auto, (max-width: 248px) 100vw, 248px\" \/><\/figure>\r\n\r\n\r\n<div class=\"gb-button-wrapper gb-button-wrapper-6d8495a3\">\r\n\r\n\r\n<p><a class=\"gb-button gb-button-3d442e11 gb-button-text\" href=\"mailto:commercial@zecovalve.com\" target=\"_blank\" rel=\"noopener noreferrer\"><strong>OBTENHA 4 NO PRE\u00c7O DA V\u00c1LVULA BORBOLETA<\/strong><\/a><\/p>\r\n<\/div>\r\n\r\n\r\n\r\n\r\n<h2 class=\"wp-block-heading\" id=\"h-what-is-4-in-butterfly-valve\">O que \u00e9 4 na v\u00e1lvula borboleta?<\/h2>\r\n\r\n\r\n\r\n<p>A v\u00e1lvula borboleta ZECO de 4 polegadas \u00e9 feita de corpo, disco, haste, sede, caixa de empanque, engrenagem, etc. A v\u00e1lvula borboleta ZECO \u00e9 o tamanho mais comumente usado em tubula\u00e7\u00f5es pequenas, portanto, h\u00e1 um problema com a estocagem. Os problemas na hora da estocagem s\u00e3o quase os mesmos da prepara\u00e7\u00e3o da entrega. O tempo \u00e9 o fator chave, normalmente o per\u00edodo de estocagem da v\u00e1lvula gaveta \u00e9 decidido pelo seu material de veda\u00e7\u00e3o. Se a v\u00e1lvula precisar ser armazenada por v\u00e1rias semanas ou meses, ser\u00e3o necess\u00e1rias melhores condi\u00e7\u00f5es de armazenamento. A v\u00e1lvula geralmente \u00e9 armazenada em ambientes fechados e a temperatura ambiente de armazenamento deve ser superior ao ponto de orvalho. Se as v\u00e1lvulas forem armazenadas ao ar livre, apoie a v\u00e1lvula para garantir que ela n\u00e3o entre em contato com a terra; ao mesmo tempo, uma tampa \u00e0 prova d&#039;\u00e1gua dever\u00e1 ser adicionada \u00e0 v\u00e1lvula.<\/p>\r\n\r\n\r\n\r\n<h2 class=\"wp-block-heading\">Vis\u00e3o geral da v\u00e1lvula borboleta de 4 polegadas<\/h2>\r\n\r\n\r\n\r\n<ul class=\"wp-block-list\">\r\n<li>Material do corpo: Ferro d\u00factil pintado com ep\u00f3xi \/ A\u00e7o carbono \/ A\u00e7o inoxid\u00e1vel<\/li>\r\n<li>Tamanho e conex\u00e3o: Wafer de 4 polegadas, RF, RTJ<\/li>\r\n<li>Assentos: EPDM<\/li>\r\n<li>Disco: A\u00e7o Inoxid\u00e1vel<\/li>\r\n<li>Atuador: alavanca manual de 10 posi\u00e7\u00f5es (trav\u00e1vel em qualquer posi\u00e7\u00e3o)<\/li>\r\n<\/ul>\r\n\r\n\r\n\r\n<h2 class=\"wp-block-heading\">Dimens\u00f5es e peso da v\u00e1lvula borboleta de 4 polegadas<\/h2>\r\n\r\n\r\n\r\n<p>&nbsp;<\/p>\r\n<table border=\"=1\" width=\"800\">\r\n<tbody>\r\n<tr>\r\n<td rowspan=\"2\">Press\u00e3o nominal<\/td>\r\n<td style=\"text-align: center;\">Furo<\/td>\r\n<td style=\"text-align: center;\" colspan=\"3\">\u00a0Dimens\u00e3o face a face (em mm)<\/td>\r\n<td style=\"text-align: center;\">Peso<\/td>\r\n<\/tr>\r\n<tr>\r\n<td style=\"text-align: center;\">(em mm)<\/td>\r\n<td style=\"text-align: center;\">RF<\/td>\r\n<td style=\"text-align: center;\">Bolacha<\/td>\r\n<td style=\"text-align: center;\">Arrastar<\/td>\r\n<td style=\"text-align: center;\">kg<\/td>\r\n<\/tr>\r\n<tr>\r\n<td>CLASSE 150<\/td>\r\n<td style=\"text-align: center;\">100<\/td>\r\n<td style=\"text-align: center;\">229\/127<\/td>\r\n<td style=\"text-align: center;\">52\/54<\/td>\r\n<td style=\"text-align: center;\">52\/54<\/td>\r\n<td style=\"text-align: center;\">11<\/td>\r\n<\/tr>\r\n<tr>\r\n<td>CLASSE 300<\/td>\r\n<td style=\"text-align: center;\">100<\/td>\r\n<td style=\"text-align: center;\">305\/190<\/td>\r\n<td style=\"text-align: center;\">54<\/td>\r\n<td style=\"text-align: center;\">54<\/td>\r\n<td style=\"text-align: center;\">16<\/td>\r\n<\/tr>\r\n<tr>\r\n<td>CLASSE 600<\/td>\r\n<td style=\"text-align: center;\">100<\/td>\r\n<td style=\"text-align: center;\">432\/190<\/td>\r\n<td style=\"text-align: center;\">64<\/td>\r\n<td style=\"text-align: center;\">64<\/td>\r\n<td style=\"text-align: center;\">35<\/td>\r\n<\/tr>\r\n<\/tbody>\r\n<\/table>\r\n\r\n\r\n\r\n<h2 class=\"wp-block-heading\" id=\"h-features-of-4-inch-butterfly-valve\">Caracter\u00edsticas da v\u00e1lvula borboleta de 4 polegadas:<\/h2>\r\n\r\n\r\n\r\n<ul class=\"wp-block-list\">\r\n<li>1. As v\u00e1lvulas borboleta ZECO de 4 polegadas s\u00e3o de f\u00e1cil manuten\u00e7\u00e3o. A qualquer momento preste aten\u00e7\u00e3o \u00e0 superf\u00edcie de veda\u00e7\u00e3o e \u00e0 veda\u00e7\u00e3o do eixo. Quando a superf\u00edcie de veda\u00e7\u00e3o apresenta abras\u00e3o ou vazamento, geralmente, use a veda\u00e7\u00e3o prensada da placa do parafuso para resolver, quando o vazamento ocorreu no maior, o anel interno pode ser ajustado mais -um chip pode ser resolvido, se houver danos nas veda\u00e7\u00f5es, as veda\u00e7\u00f5es da placa podem ser removidas, a substitui\u00e7\u00e3o das veda\u00e7\u00f5es, quando a veda\u00e7\u00e3o vazar, ajuste a gaxeta ou a substitui\u00e7\u00e3o do anel de veda\u00e7\u00e3o;<\/li>\r\n<li>2. O design de deslocamento duplo da v\u00e1lvula borboleta ZECO de 4 polegadas \u00e9 menos abrasivo e tem excelente capacidade de veda\u00e7\u00e3o;<\/li>\r\n<li>3. O dispositivo de interruptor de limite da v\u00e1lvula borboleta ZECO de 4 polegadas garante a posi\u00e7\u00e3o correta de abrir\/fechar;<\/li>\r\n<li>4. O corpo, disco e haste da v\u00e1lvula borboleta ZECO de 4 polegadas t\u00eam resist\u00eancia e flexibilidade suficientes, a veda\u00e7\u00e3o pode ser alterada dentro da v\u00e1lvula.<\/li>\r\n<li>Longa vida \u00fatil com veda\u00e7\u00e3o confi\u00e1vel e sem manuten\u00e7\u00e3o frequente.<\/li>\r\n<li>Perda de press\u00e3o\r\n<ul>\r\n<li>Muita perda de press\u00e3o trar\u00e1 um aumento no custo da energia correlativa. As v\u00e1lvulas borboleta t\u00eam caracter\u00edsticas de fluxo tr\u00eas vezes melhores que as v\u00e1lvulas globo e cerca de 75% de uma v\u00e1lvula gaveta do mesmo tamanho.<\/li>\r\n<\/ul>\r\n<\/li>\r\n<li>Multifuncional\r\n<ul>\r\n<li>A v\u00e1lvula borboleta flangeada pode ser usada para servi\u00e7o liga\/desliga e estrangulamento. Eles s\u00e3o superiores em multifun\u00e7\u00f5es em compara\u00e7\u00e3o com as v\u00e1lvulas gaveta. As v\u00e1lvulas borboleta podem ser amplamente utilizadas na \u00e1rea qu\u00edmica devido \u00e0s op\u00e7\u00f5es de acabamento e \u00e0 escolha do revestimento elastom\u00e9rico.<\/li>\r\n<\/ul>\r\n<\/li>\r\n<li>Peso\r\n<ul>\r\n<li>As v\u00e1lvulas borboleta flangeadas t\u00eam caracter\u00edsticas de serem leves e pequenas em tamanho, por exemplo, o peso e o tamanho de uma v\u00e1lvula borboleta de 10\u201d s\u00e3o 1\/9 e 1\/6 de uma v\u00e1lvula gaveta de 10\u201d. Assim, a v\u00e1lvula borboleta \u00e9 f\u00e1cil de ser instalada e economiza o custo do sistema de tubula\u00e7\u00e3o.<\/li>\r\n<\/ul>\r\n<\/li>\r\n<li>Bolha Apertada\r\n<ul>\r\n<li>As v\u00e1lvulas borboleta com design de sede resiliente podem ser estanques a bolhas em compara\u00e7\u00e3o com comportas com sede met\u00e1lica ou v\u00e1lvulas globo.<\/li>\r\n<\/ul>\r\n<\/li>\r\n<li>F\u00e1cil de opera\u00e7\u00e3o\r\n<ul>\r\n<li>A v\u00e1lvula borboleta oferece abertura para fechamento de 90 graus.<\/li>\r\n<\/ul>\r\n<\/li>\r\n<li>Manuten\u00e7\u00e3o\r\n<ul>\r\n<li>As v\u00e1lvulas borboleta flangeadas instaladas corretamente s\u00e3o autolimpantes e menos suscet\u00edveis a falhas devido a detritos no tubo.<\/li>\r\n<\/ul>\r\n<\/li>\r\n<\/ul>\r\n\r\n\r\n\r\n<h2 class=\"wp-block-heading\" id=\"h-material-of-4-inch-butterfly-valve\">Material da v\u00e1lvula borboleta de 4 polegadas:<\/h2>\r\n\r\n\r\n\r\n<figure class=\"wp-block-table\">\r\n<table>\r\n<tbody>\r\n<tr>\r\n<td>N\u00e3o<\/td>\r\n<td>Parte<\/td>\r\n<td>Material<\/td>\r\n<\/tr>\r\n<tr>\r\n<td>1<\/td>\r\n<td>Corpo<\/td>\r\n<td>GGG50<\/td>\r\n<\/tr>\r\n<tr>\r\n<td>2<\/td>\r\n<td>Anel de veda\u00e7\u00e3o<\/td>\r\n<td>EPDM<\/td>\r\n<\/tr>\r\n<tr>\r\n<td>3<\/td>\r\n<td>Flange de reten\u00e7\u00e3o<\/td>\r\n<td>ASTM A182 F304<\/td>\r\n<\/tr>\r\n<tr>\r\n<td>4<\/td>\r\n<td>Pino<\/td>\r\n<td>ASTM A276 304<\/td>\r\n<\/tr>\r\n<tr>\r\n<td>5<\/td>\r\n<td>Disco<\/td>\r\n<td>ASTM A351 CF8<\/td>\r\n<\/tr>\r\n<tr>\r\n<td>6<\/td>\r\n<td>Caule<\/td>\r\n<td>ASTM A276 304<\/td>\r\n<\/tr>\r\n<tr>\r\n<td>7<\/td>\r\n<td>Enchimento da haste<\/td>\r\n<td>Grafite<\/td>\r\n<\/tr>\r\n<tr>\r\n<td>8<\/td>\r\n<td>Batimento do tronco<\/td>\r\n<td>SS304 + PTFE<\/td>\r\n<\/tr>\r\n<tr>\r\n<td>9<\/td>\r\n<td>Parafuso<\/td>\r\n<td>ASTM A193 B7<\/td>\r\n<\/tr>\r\n<tr>\r\n<td>10<\/td>\r\n<td>Porca<\/td>\r\n<td>ASTM A194 2H<\/td>\r\n<\/tr>\r\n<tr>\r\n<td>11<\/td>\r\n<td>Jugo<\/td>\r\n<td>ASTM A216 WCB<\/td>\r\n<\/tr>\r\n<\/tbody>\r\n<\/table>\r\n<\/figure>","protected":false},"excerpt":{"rendered":"<p>O que \u00e9 4 na v\u00e1lvula borboleta? A v\u00e1lvula borboleta ZECO de 4 polegadas \u00e9 feita de corpo, disco, haste, sede, caixa de empanque, engrenagem, etc. <a title=\"V\u00e1lvula borboleta de 4 polegadas\" class=\"read-more\" href=\"https:\/\/zecovalve.com\/pt\/produto\/4-inch-butterfly-valve\" aria-label=\"Mais em V\u00e1lvula Borboleta de 4 polegadas\">Ler mais<\/a><\/p>","protected":false},"featured_media":17037,"comment_status":"closed","ping_status":"closed","template":"","meta":{"_generate-full-width-content":"","kt_blocks_editor_width":""},"product_cat":[2044,2470],"product_tag":[2806,2801],"class_list":["post-16523","product","type-product","status-publish","has-post-thumbnail","hentry","product_cat-butterfly-valve","product_cat-butterfly-valve-by-inch","product_tag-butterfly-valve-wafer-type","product_tag-wafer-type-butterfly-valve","sales-flash-overlay","woocommerce-text-align-center","woocommerce-image-align-center","do-quantity-buttons"],"featured_image_src_large":["https:\/\/zecovalve.com\/wp-content\/uploads\/2022\/06\/wafer-butterfly-valve-1.jpg",330,300,false],"author_info":[],"comment_info":0,"taxonomy_info":{"product_cat":[{"value":2044,"label":"Butterfly Valve"},{"value":2470,"label":"Butterfly Valve By Inch"}],"product_tag":[{"value":2806,"label":"Butterfly Valve Wafer Type"},{"value":2801,"label":"Wafer Type Butterfly Valve"}]},"yoast_head":"<!-- This site is optimized with the Yoast SEO Premium plugin v15.4 - https:\/\/yoast.com\/wordpress\/plugins\/seo\/ -->\n<title>4 in Butterfly Valve - Butterfly Valve 4 Inch | 4 Inch Butterfly Valve | ZECO<\/title>\n<meta name=\"robots\" content=\"index, follow, max-snippet:-1, max-image-preview:large, max-video-preview:-1\" \/>\n<link rel=\"canonical\" href=\"https:\/\/zecovalve.com\/pt\/produto\/4-inch-butterfly-valve\" \/>\n<meta property=\"og:locale\" content=\"pt_PT\" \/>\n<meta property=\"og:type\" content=\"article\" \/>\n<meta property=\"og:title\" content=\"4 in Butterfly Valve - Butterfly Valve 4 Inch | 4 Inch Butterfly Valve | ZECO\" \/>\n<meta property=\"og:description\" content=\"What is 4 in Butterfly Valve? ZECO 4 inch butterfly valve is made of body, disc, stem, seat, stuffing box, gear, etc. ... Ler mais\" \/>\n<meta property=\"og:url\" content=\"https:\/\/zecovalve.com\/pt\/produto\/4-inch-butterfly-valve\" \/>\n<meta property=\"og:site_name\" content=\"ZECO Valve\" \/>\n<meta property=\"article:modified_time\" content=\"2022-09-01T00:48:27+00:00\" \/>\n<meta property=\"og:image\" content=\"https:\/\/zecovalve.com\/wp-content\/uploads\/2022\/06\/wafer-butterfly-valve-1.jpg\" \/>\n\t<meta property=\"og:image:width\" content=\"330\" \/>\n\t<meta property=\"og:image:height\" content=\"300\" \/>\n<meta name=\"twitter:card\" content=\"summary_large_image\" \/>\n<meta name=\"twitter:label1\" content=\"Escrito por\">\n\t<meta name=\"twitter:data1\" content=\"Jerry\">\n\t<meta name=\"twitter:label2\" content=\"Tempo estimado de leitura\">\n\t<meta name=\"twitter:data2\" content=\"2 minutos\">\n<script type=\"application\/ld+json\" class=\"yoast-schema-graph\">{\"@context\":\"https:\/\/schema.org\",\"@graph\":[{\"@type\":\"WebSite\",\"@id\":\"https:\/\/zecovalve.com\/#website\",\"url\":\"https:\/\/zecovalve.com\/\",\"name\":\"ZECO Valve\",\"description\":\"Industrial Ball Valve, Gate Valve and Globe Valve Manufacturer\",\"potentialAction\":[{\"@type\":\"SearchAction\",\"target\":\"https:\/\/zecovalve.com\/?s={search_term_string}\",\"query-input\":\"required name=search_term_string\"}],\"inLanguage\":\"pt-PT\"},{\"@type\":\"ImageObject\",\"@id\":\"https:\/\/zecovalve.com\/product\/4-inch-butterfly-valve#primaryimage\",\"inLanguage\":\"pt-PT\",\"url\":\"https:\/\/zecovalve.com\/wp-content\/uploads\/2022\/06\/wafer-butterfly-valve-1.jpg\",\"width\":330,\"height\":300,\"caption\":\"Wafer Butterfly Valve\"},{\"@type\":\"WebPage\",\"@id\":\"https:\/\/zecovalve.com\/product\/4-inch-butterfly-valve#webpage\",\"url\":\"https:\/\/zecovalve.com\/product\/4-inch-butterfly-valve\",\"name\":\"4 in Butterfly Valve - Butterfly Valve 4 Inch | 4 Inch Butterfly Valve | ZECO\",\"isPartOf\":{\"@id\":\"https:\/\/zecovalve.com\/#website\"},\"primaryImageOfPage\":{\"@id\":\"https:\/\/zecovalve.com\/product\/4-inch-butterfly-valve#primaryimage\"},\"datePublished\":\"2022-06-21T07:07:21+00:00\",\"dateModified\":\"2022-09-01T00:48:27+00:00\",\"breadcrumb\":{\"@id\":\"https:\/\/zecovalve.com\/product\/4-inch-butterfly-valve#breadcrumb\"},\"inLanguage\":\"pt-PT\",\"potentialAction\":[{\"@type\":\"ReadAction\",\"target\":[\"https:\/\/zecovalve.com\/product\/4-inch-butterfly-valve\"]}]},{\"@type\":\"BreadcrumbList\",\"@id\":\"https:\/\/zecovalve.com\/product\/4-inch-butterfly-valve#breadcrumb\",\"itemListElement\":[{\"@type\":\"ListItem\",\"position\":1,\"item\":{\"@type\":\"WebPage\",\"@id\":\"https:\/\/zecovalve.com\/\",\"url\":\"https:\/\/zecovalve.com\/\",\"name\":\"Home\"}},{\"@type\":\"ListItem\",\"position\":2,\"item\":{\"@type\":\"WebPage\",\"@id\":\"https:\/\/zecovalve.com\/product-category\",\"url\":\"https:\/\/zecovalve.com\/product-category\",\"name\":\"Industrial Valve Manufacturer | Water Valve Manufacturer\"}},{\"@type\":\"ListItem\",\"position\":3,\"item\":{\"@type\":\"WebPage\",\"@id\":\"https:\/\/zecovalve.com\/product\/4-inch-butterfly-valve\",\"url\":\"https:\/\/zecovalve.com\/product\/4-inch-butterfly-valve\",\"name\":\"4 inch Butterfly Valve\"}}]}]}<\/script>\n<!-- \/ Yoast SEO Premium plugin. -->","_links":{"self":[{"href":"https:\/\/zecovalve.com\/pt\/wp-json\/wp\/v2\/product\/16523","targetHints":{"allow":["GET"]}}],"collection":[{"href":"https:\/\/zecovalve.com\/pt\/wp-json\/wp\/v2\/product"}],"about":[{"href":"https:\/\/zecovalve.com\/pt\/wp-json\/wp\/v2\/types\/product"}],"replies":[{"embeddable":true,"href":"https:\/\/zecovalve.com\/pt\/wp-json\/wp\/v2\/comments?post=16523"}],"wp:featuredmedia":[{"embeddable":true,"href":"https:\/\/zecovalve.com\/pt\/wp-json\/wp\/v2\/media\/17037"}],"wp:attachment":[{"href":"https:\/\/zecovalve.com\/pt\/wp-json\/wp\/v2\/media?parent=16523"}],"wp:term":[{"taxonomy":"product_cat","embeddable":true,"href":"https:\/\/zecovalve.com\/pt\/wp-json\/wp\/v2\/product_cat?post=16523"},{"taxonomy":"product_tag","embeddable":true,"href":"https:\/\/zecovalve.com\/pt\/wp-json\/wp\/v2\/product_tag?post=16523"}],"curies":[{"name":"wp","href":"https:\/\/api.w.org\/{rel}","templated":true}]}}