{"id":16525,"date":"2022-06-21T07:10:57","date_gmt":"2022-06-21T07:10:57","guid":{"rendered":"https:\/\/zecovalve.com\/?post_type=product&#038;p=16525"},"modified":"2023-06-07T07:08:17","modified_gmt":"2023-06-07T07:08:17","slug":"industrial-ball-valve","status":"publish","type":"product","link":"https:\/\/zecovalve.com\/pt\/produto\/industrial-ball-valve","title":{"rendered":"V\u00e1lvula de esfera industrial"},"content":{"rendered":"<h1 class=\"sep-title\">V\u00e1lvula de esfera industrial<\/h1>\n<div class=\"sep-box-detail clearfix\">\n<div class=\"box-lf\">\n<div class=\"thumb\">\n<p><img loading=\"lazy\" decoding=\"async\" class=\"size-medium wp-image-16526\" src=\"https:\/\/zecovalve.com\/wp-content\/uploads\/2022\/06\/industrial-ball-valve-1_1638956977-300x225.jpg\" alt=\"V\u00e1lvula de esfera industrial\" width=\"300\" height=\"225\" srcset=\"https:\/\/zecovalve.com\/wp-content\/uploads\/2022\/06\/industrial-ball-valve-1_1638956977-300x225.jpg 300w, https:\/\/zecovalve.com\/wp-content\/uploads\/2022\/06\/industrial-ball-valve-1_1638956977-768x576.jpg 768w, https:\/\/zecovalve.com\/wp-content\/uploads\/2022\/06\/industrial-ball-valve-1_1638956977-600x450.jpg 600w, https:\/\/zecovalve.com\/wp-content\/uploads\/2022\/06\/industrial-ball-valve-1_1638956977.jpg 800w\" sizes=\"auto, (max-width: 300px) 100vw, 300px\" \/><\/p>\n<p><img loading=\"lazy\" decoding=\"async\" class=\"alignnone size-medium wp-image-16527\" src=\"https:\/\/zecovalve.com\/wp-content\/uploads\/2022\/06\/industrial-ball-valve-2-300x225.jpg\" alt=\"\" width=\"300\" height=\"225\" srcset=\"https:\/\/zecovalve.com\/wp-content\/uploads\/2022\/06\/industrial-ball-valve-2-300x225.jpg 300w, https:\/\/zecovalve.com\/wp-content\/uploads\/2022\/06\/industrial-ball-valve-2-768x576.jpg 768w, https:\/\/zecovalve.com\/wp-content\/uploads\/2022\/06\/industrial-ball-valve-2-600x450.jpg 600w, https:\/\/zecovalve.com\/wp-content\/uploads\/2022\/06\/industrial-ball-valve-2.jpg 800w\" sizes=\"auto, (max-width: 300px) 100vw, 300px\" \/> <img loading=\"lazy\" decoding=\"async\" class=\"alignnone size-medium wp-image-16528\" src=\"https:\/\/zecovalve.com\/wp-content\/uploads\/2022\/06\/industrial-ball-valve-3-300x225.jpg\" alt=\"\" width=\"300\" height=\"225\" srcset=\"https:\/\/zecovalve.com\/wp-content\/uploads\/2022\/06\/industrial-ball-valve-3-300x225.jpg 300w, https:\/\/zecovalve.com\/wp-content\/uploads\/2022\/06\/industrial-ball-valve-3-768x576.jpg 768w, https:\/\/zecovalve.com\/wp-content\/uploads\/2022\/06\/industrial-ball-valve-3-600x450.jpg 600w, https:\/\/zecovalve.com\/wp-content\/uploads\/2022\/06\/industrial-ball-valve-3.jpg 800w\" sizes=\"auto, (max-width: 300px) 100vw, 300px\" \/> <img loading=\"lazy\" decoding=\"async\" class=\"alignnone size-medium wp-image-16529\" src=\"https:\/\/zecovalve.com\/wp-content\/uploads\/2022\/06\/industrial-ball-valve-4-300x225.jpg\" alt=\"\" width=\"300\" height=\"225\" srcset=\"https:\/\/zecovalve.com\/wp-content\/uploads\/2022\/06\/industrial-ball-valve-4-300x225.jpg 300w, https:\/\/zecovalve.com\/wp-content\/uploads\/2022\/06\/industrial-ball-valve-4-768x576.jpg 768w, https:\/\/zecovalve.com\/wp-content\/uploads\/2022\/06\/industrial-ball-valve-4-600x450.jpg 600w, https:\/\/zecovalve.com\/wp-content\/uploads\/2022\/06\/industrial-ball-valve-4.jpg 800w\" sizes=\"auto, (max-width: 300px) 100vw, 300px\" \/><\/p>\n<\/div>\n<div class=\"info\"><a href=\"https:\/\/zecovalve.com\/pt\/products\/industrial-ball-valve.html\/#form\"><i class=\"fa fa-commenting-o\" aria-hidden=\"true\"><\/i>\u00a0OBTER PRE\u00c7O DA V\u00c1LVULA<\/a><\/div>\n<\/div>\n<div class=\"box-rt\">\n<div class=\"gg\">\n<div class=\"swiper-container swiper-container-initialized swiper-container-vertical\">\n<div class=\"swiper-wrapper\">\n<div class=\"swiper-slide swiper-slide-active\">\n<div class=\"img\"><\/div>\n<\/div>\n<\/div>\n<\/div>\n<\/div>\n<\/div>\n<\/div>\n<div class=\"richtext\">\n<h2>Descri\u00e7\u00e3o da v\u00e1lvula de esfera industrial:<\/h2>\n<p>A v\u00e1lvula de esfera industrial ZECO \u00e9 amplamente utilizada em petroqu\u00edmica, refino, metalurgia, plataforma offshore e outras ind\u00fastrias. Nossos clientes incluem China National Natural Gas Corporation, Chemical Equipment Corporation, CNOOC e outras unidades membros de fornecimento de ponto fixo. A empresa de v\u00e1lvulas industriais ZECO realiza inspe\u00e7\u00e3o rigorosa em cada v\u00e1lvula de esfera industrial, e os inspetores s\u00e3o altamente respons\u00e1veis por cada componente, juntamente com os mais avan\u00e7ados equipamentos de teste e rigoroso sistema de gest\u00e3o de qualidade, para que cada v\u00e1lvula de esfera possa suportar a sele\u00e7\u00e3o cuidadosa dos clientes. Entre os fabricantes de v\u00e1lvulas de esfera industriais,\u00a0<a href=\"https:\/\/zecovalve.com\/pt\/\" target=\"_self\" rel=\"noopener\">Empresa ZECO<\/a>\u00a0tem certeza de fornecer a voc\u00ea os melhores produtos.<\/p>\n<h2>Caracter\u00edsticas da v\u00e1lvula de esfera industrial:<\/h2>\n<p>1. A v\u00e1lvula de esfera industrial ZECO tem um design especial de prote\u00e7\u00e3o contra inc\u00eandio e duas veda\u00e7\u00f5es, a primeira \u00e9 uma veda\u00e7\u00e3o resiliente e a segunda \u00e9 uma veda\u00e7\u00e3o met\u00e1lica. Em caso de inc\u00eandio, a estrutura de veda\u00e7\u00e3o resiliente ser\u00e1 destru\u00edda inicialmente. Neste momento, a veda\u00e7\u00e3o met\u00e1lica ser\u00e1 empurrada para a esfera pela mola e selada firmemente com a esfera para reduzir o vazamento m\u00e9dio;<\/p>\n<p>2. V\u00e1lvula de esfera industrial ZECO, a fim de evitar no processo de troca o efeito eletrost\u00e1tico e resultar em perigo de explos\u00e3o inflam\u00e1vel, em cada corpo da v\u00e1lvula de esfera, esfera e haste s\u00e3o projetados o dispositivo antiest\u00e1tico, composto por esfera e mola de a\u00e7o inoxid\u00e1vel, ele pode gerar rapidamente eletricidade est\u00e1tica da esfera da pr\u00f3pria v\u00e1lvula, levando ao corpo da v\u00e1lvula, entrega suave e corpo;<\/p>\n<p>3. V\u00e1lvula de esfera industrial ZECO, a fim de tornar melhor a v\u00e1lvula na tubula\u00e7\u00e3o para uso a longo prazo, f\u00e1cil manuten\u00e7\u00e3o, portanto, no furo de graxa do design da haste e da sede, portanto, em manuten\u00e7\u00e3o regular ou uso a longo prazo ap\u00f3s a necessidade de microvazamento reparo, pode ser opera\u00e7\u00e3o simples, atrav\u00e9s da inje\u00e7\u00e3o de graxa de veda\u00e7\u00e3o, garantir o uso normal da v\u00e1lvula de esfera na tubula\u00e7\u00e3o;<\/p>\n<p>4. A v\u00e1lvula de esfera industrial ZECO pode ser revestida com um revestimento ep\u00f3xi de at\u00e9 1500 \u03bcm de espessura, dependendo das necessidades do cliente, a fim de melhor proteger a v\u00e1lvula contra corros\u00e3o. Este processo pode prevenir eficazmente a v\u00e1lvula de esfera em algumas condi\u00e7\u00f5es de meio corrosivo por eros\u00e3o m\u00e9dia.<\/p>\n<h2>Material da v\u00e1lvula de esfera industrial:<\/h2>\n<table>\n<tbody>\n<tr class=\"firstRow\">\n<td valign=\"center\">N\u00e3o<\/td>\n<td valign=\"center\">Parte<\/td>\n<td valign=\"center\">Material<\/td>\n<\/tr>\n<tr>\n<td valign=\"center\">1<\/td>\n<td valign=\"center\">Corpo<\/td>\n<td valign=\"center\">ASTM A216 WCB<\/td>\n<\/tr>\n<tr>\n<td valign=\"center\">2<\/td>\n<td valign=\"center\">Bon\u00e9<\/td>\n<td valign=\"center\">ASTM A216 WCB<\/td>\n<\/tr>\n<tr>\n<td valign=\"center\">3<\/td>\n<td valign=\"center\">Bola<\/td>\n<td valign=\"center\">ASTM A182 F304<\/td>\n<\/tr>\n<tr>\n<td valign=\"center\">4<\/td>\n<td valign=\"center\">Assento<\/td>\n<td valign=\"center\">ASTM A182 F304 + PTFE<\/td>\n<\/tr>\n<tr>\n<td valign=\"center\">5<\/td>\n<td valign=\"center\">Caule<\/td>\n<td valign=\"center\">ASTM A276 304<\/td>\n<\/tr>\n<tr>\n<td valign=\"center\">6<\/td>\n<td valign=\"center\">Dispositivo anti-est\u00e1tico<\/td>\n<td valign=\"center\">SS304<\/td>\n<\/tr>\n<tr>\n<td valign=\"center\">7<\/td>\n<td valign=\"center\">Junta de veda\u00e7\u00e3o<\/td>\n<td valign=\"center\">Grafite + SS304<\/td>\n<\/tr>\n<tr>\n<td valign=\"center\">8<\/td>\n<td valign=\"center\">Parafuso<\/td>\n<td valign=\"center\">ASTM A193 B7<\/td>\n<\/tr>\n<tr>\n<td valign=\"center\">9<\/td>\n<td valign=\"center\">Porca<\/td>\n<td valign=\"center\">ASTM A194 2H<\/td>\n<\/tr>\n<tr>\n<td valign=\"center\">10<\/td>\n<td valign=\"center\">O-ring<\/td>\n<td valign=\"center\">Viton A<\/td>\n<\/tr>\n<tr>\n<td valign=\"center\">11<\/td>\n<td valign=\"center\">Alavanca<\/td>\n<td valign=\"center\">ASTM A216 WCB<\/td>\n<\/tr>\n<\/tbody>\n<\/table>\n<\/div>","protected":false},"excerpt":{"rendered":"<p>V\u00e1lvula de esfera industrial OBTER PRE\u00c7O DA V\u00c1LVULA Descri\u00e7\u00e3o da v\u00e1lvula de esfera industrial: A v\u00e1lvula de esfera industrial ZECO \u00e9 amplamente utilizada em petroqu\u00edmica, refino, metalurgia,\u2026 <a title=\"V\u00e1lvula de esfera industrial\" class=\"read-more\" href=\"https:\/\/zecovalve.com\/pt\/produto\/industrial-ball-valve\" aria-label=\"Mais em V\u00e1lvula Esfera Industrial\">Ler mais<\/a><\/p>","protected":false},"featured_media":27864,"comment_status":"closed","ping_status":"closed","template":"","meta":{"_generate-full-width-content":"","kt_blocks_editor_width":""},"product_cat":[2047,2459,2465],"product_tag":[2804,3920,2658],"class_list":["post-16525","product","type-product","status-publish","has-post-thumbnail","hentry","product_cat-ball-valve","product_cat-ball-valve-by-form","product_cat-forged-steel-ball-valve","product_tag-2-inch-ball-valve","product_tag-api-6d-ball-valve","product_tag-isolation-valve","sales-flash-overlay","woocommerce-text-align-center","woocommerce-image-align-center","do-quantity-buttons"],"featured_image_src_large":["https:\/\/zecovalve.com\/wp-content\/uploads\/2022\/06\/Industrial-Ball-Valve.jpg",800,600,false],"author_info":[],"comment_info":0,"taxonomy_info":{"product_cat":[{"value":2047,"label":"Ball Valve"},{"value":2459,"label":"Ball Valve By Form"},{"value":2465,"label":"Forged Ball Valve"}],"product_tag":[{"value":2804,"label":"2 inch Ball Valve"},{"value":3920,"label":"API 6D Ball Valve"},{"value":2658,"label":"Isolation Valve"}]},"yoast_head":"<!-- This site is optimized with the Yoast SEO Premium plugin v15.4 - https:\/\/yoast.com\/wordpress\/plugins\/seo\/ -->\n<title>Industrial Ball Valve - ZECO Valve<\/title>\n<meta name=\"robots\" content=\"index, follow, max-snippet:-1, max-image-preview:large, max-video-preview:-1\" \/>\n<link rel=\"canonical\" href=\"https:\/\/zecovalve.com\/pt\/produto\/industrial-ball-valve\" \/>\n<meta property=\"og:locale\" content=\"pt_PT\" \/>\n<meta property=\"og:type\" content=\"article\" \/>\n<meta property=\"og:title\" content=\"Industrial Ball Valve - ZECO Valve\" \/>\n<meta property=\"og:description\" content=\"Industrial Ball Valve \u00a0GET VALVE PRICE Description of Industrial Ball Valve: ZECO industrial ball valve is widely used in petrochemical, refining, metallurgy, ... Ler mais\" \/>\n<meta property=\"og:url\" content=\"https:\/\/zecovalve.com\/pt\/produto\/industrial-ball-valve\" \/>\n<meta property=\"og:site_name\" content=\"ZECO Valve\" \/>\n<meta property=\"article:modified_time\" content=\"2023-06-07T07:08:17+00:00\" \/>\n<meta property=\"og:image\" content=\"https:\/\/zecovalve.com\/wp-content\/uploads\/2022\/06\/Industrial-Ball-Valve.jpg\" \/>\n\t<meta property=\"og:image:width\" content=\"800\" \/>\n\t<meta property=\"og:image:height\" content=\"600\" \/>\n<meta name=\"twitter:card\" content=\"summary_large_image\" \/>\n<meta name=\"twitter:label1\" content=\"Escrito por\">\n\t<meta name=\"twitter:data1\" content=\"Jerry\">\n\t<meta name=\"twitter:label2\" content=\"Tempo estimado de leitura\">\n\t<meta name=\"twitter:data2\" content=\"2 minutos\">\n<script type=\"application\/ld+json\" class=\"yoast-schema-graph\">{\"@context\":\"https:\/\/schema.org\",\"@graph\":[{\"@type\":\"WebSite\",\"@id\":\"https:\/\/zecovalve.com\/#website\",\"url\":\"https:\/\/zecovalve.com\/\",\"name\":\"ZECO Valve\",\"description\":\"Industrial Ball Valve, Gate Valve and Globe Valve Manufacturer\",\"potentialAction\":[{\"@type\":\"SearchAction\",\"target\":\"https:\/\/zecovalve.com\/?s={search_term_string}\",\"query-input\":\"required name=search_term_string\"}],\"inLanguage\":\"pt-PT\"},{\"@type\":\"ImageObject\",\"@id\":\"https:\/\/zecovalve.com\/product\/industrial-ball-valve#primaryimage\",\"inLanguage\":\"pt-PT\",\"url\":\"https:\/\/zecovalve.com\/wp-content\/uploads\/2022\/06\/Industrial-Ball-Valve.jpg\",\"width\":800,\"height\":600,\"caption\":\"Industrial Ball Valve\"},{\"@type\":\"WebPage\",\"@id\":\"https:\/\/zecovalve.com\/product\/industrial-ball-valve#webpage\",\"url\":\"https:\/\/zecovalve.com\/product\/industrial-ball-valve\",\"name\":\"Industrial Ball Valve - ZECO Valve\",\"isPartOf\":{\"@id\":\"https:\/\/zecovalve.com\/#website\"},\"primaryImageOfPage\":{\"@id\":\"https:\/\/zecovalve.com\/product\/industrial-ball-valve#primaryimage\"},\"datePublished\":\"2022-06-21T07:10:57+00:00\",\"dateModified\":\"2023-06-07T07:08:17+00:00\",\"breadcrumb\":{\"@id\":\"https:\/\/zecovalve.com\/product\/industrial-ball-valve#breadcrumb\"},\"inLanguage\":\"pt-PT\",\"potentialAction\":[{\"@type\":\"ReadAction\",\"target\":[\"https:\/\/zecovalve.com\/product\/industrial-ball-valve\"]}]},{\"@type\":\"BreadcrumbList\",\"@id\":\"https:\/\/zecovalve.com\/product\/industrial-ball-valve#breadcrumb\",\"itemListElement\":[{\"@type\":\"ListItem\",\"position\":1,\"item\":{\"@type\":\"WebPage\",\"@id\":\"https:\/\/zecovalve.com\/\",\"url\":\"https:\/\/zecovalve.com\/\",\"name\":\"Home\"}},{\"@type\":\"ListItem\",\"position\":2,\"item\":{\"@type\":\"WebPage\",\"@id\":\"https:\/\/zecovalve.com\/product-category\",\"url\":\"https:\/\/zecovalve.com\/product-category\",\"name\":\"Industrial Valve Manufacturer | Water Valve Manufacturer\"}},{\"@type\":\"ListItem\",\"position\":3,\"item\":{\"@type\":\"WebPage\",\"@id\":\"https:\/\/zecovalve.com\/product\/industrial-ball-valve\",\"url\":\"https:\/\/zecovalve.com\/product\/industrial-ball-valve\",\"name\":\"Industrial Ball Valve\"}}]}]}<\/script>\n<!-- \/ Yoast SEO Premium plugin. -->","_links":{"self":[{"href":"https:\/\/zecovalve.com\/pt\/wp-json\/wp\/v2\/product\/16525","targetHints":{"allow":["GET"]}}],"collection":[{"href":"https:\/\/zecovalve.com\/pt\/wp-json\/wp\/v2\/product"}],"about":[{"href":"https:\/\/zecovalve.com\/pt\/wp-json\/wp\/v2\/types\/product"}],"replies":[{"embeddable":true,"href":"https:\/\/zecovalve.com\/pt\/wp-json\/wp\/v2\/comments?post=16525"}],"wp:featuredmedia":[{"embeddable":true,"href":"https:\/\/zecovalve.com\/pt\/wp-json\/wp\/v2\/media\/27864"}],"wp:attachment":[{"href":"https:\/\/zecovalve.com\/pt\/wp-json\/wp\/v2\/media?parent=16525"}],"wp:term":[{"taxonomy":"product_cat","embeddable":true,"href":"https:\/\/zecovalve.com\/pt\/wp-json\/wp\/v2\/product_cat?post=16525"},{"taxonomy":"product_tag","embeddable":true,"href":"https:\/\/zecovalve.com\/pt\/wp-json\/wp\/v2\/product_tag?post=16525"}],"curies":[{"name":"wp","href":"https:\/\/api.w.org\/{rel}","templated":true}]}}