{"id":16546,"date":"2022-06-21T07:25:55","date_gmt":"2022-06-21T07:25:55","guid":{"rendered":"https:\/\/zecovalve.com\/?post_type=product&#038;p=16546"},"modified":"2023-06-07T07:08:45","modified_gmt":"2023-06-07T07:08:45","slug":"cryogenic-ball-valve","status":"publish","type":"product","link":"https:\/\/zecovalve.com\/pt\/produto\/cryogenic-ball-valve","title":{"rendered":"V\u00e1lvula de esfera criog\u00e9nica"},"content":{"rendered":"<figure class=\"wp-block-image alignnone size-medium wp-image-16547\"><img loading=\"lazy\" decoding=\"async\" width=\"300\" height=\"225\" class=\"wp-image-16547\" src=\"https:\/\/zecovalve.com\/wp-content\/uploads\/2022\/06\/cryogenic-ball-valve-300x225.jpg\" alt=\"V\u00e1lvula de esfera criog\u00e9nica\" srcset=\"https:\/\/zecovalve.com\/wp-content\/uploads\/2022\/06\/cryogenic-ball-valve-300x225.jpg 300w, https:\/\/zecovalve.com\/wp-content\/uploads\/2022\/06\/cryogenic-ball-valve-768x576.jpg 768w, https:\/\/zecovalve.com\/wp-content\/uploads\/2022\/06\/cryogenic-ball-valve-600x450.jpg 600w, https:\/\/zecovalve.com\/wp-content\/uploads\/2022\/06\/cryogenic-ball-valve.jpg 800w\" sizes=\"auto, (max-width: 300px) 100vw, 300px\" \/><\/figure>\r\n\r\n\r\n\r\n\r\n<div class=\"gb-button-wrapper gb-button-wrapper-6d8495a3\">\r\n\r\n\r\n<p><a class=\"gb-button gb-button-3d442e11 gb-button-text\" href=\"mailto:commercial@zecovalve.com\" target=\"_blank\" rel=\"noopener noreferrer\"><strong>OBTER O PRE\u00c7O DA V\u00c1LVULA DE ESFERA CRIOG\u00caNICA<\/strong><\/a><\/p>\r\n<\/div>\r\n\r\n\r\n<h2 class=\"wp-block-heading\">O que \u00e9 v\u00e1lvula criog\u00eanica?<\/h2>\r\n\r\n\r\n\r\n<p>As v\u00e1lvulas criog\u00eanicas s\u00e3o mantidas em uma posi\u00e7\u00e3o fechada natural para manter os gases criog\u00eanicos ou outros meios seguros e contidos com seguran\u00e7a. Uma v\u00e1lvula criog\u00eanica \u00e9 geralmente projetada para reagir \u00e0 alta press\u00e3o que empurra a v\u00e1lvula para a posi\u00e7\u00e3o aberta para permitir que o g\u00e1s ou outro meio flua facilmente.<\/p>\r\n\r\n\r\n\r\n<h2 class=\"wp-block-heading\" id=\"h-what-is-a-cryogenic-ball-valve\">O que \u00e9 uma v\u00e1lvula esf\u00e9rica criog\u00eanica?<\/h2>\r\n\r\n\r\n\r\n<p>A v\u00e1lvula de esfera criog\u00eanica ZECO pode ser projetada como esfera flutuante e tipo esfera montada em munh\u00e3o. Para evitar o aumento anormal da press\u00e3o na cavidade do corpo da v\u00e1lvula, no lado a montante da esfera ser\u00e1 feito um orif\u00edcio para conectar a cavidade do corpo entre a tubula\u00e7\u00e3o a montante e a press\u00e3o de equil\u00edbrio. Portanto, na instala\u00e7\u00e3o, \u00e9 necess\u00e1rio considerar a dire\u00e7\u00e3o do fluxo m\u00e9dio. A estrutura da sede da v\u00e1lvula \u00e9 usada do tipo DBB, que pode aliviar automaticamente a press\u00e3o na tubula\u00e7\u00e3o a montante ou a jusante quando a press\u00e3o da cavidade do corpo aumenta anormalmente. Entre o corpo e a sede, o tipo de veda\u00e7\u00e3o \u00e9 projetado para veda\u00e7\u00e3o labial dupla ou com veda\u00e7\u00e3o labial dupla de carga reversa. Entre a haste e a gaxeta \u00e9 utilizado o tipo Lip-seal + grafite. A gaxeta da v\u00e1lvula ser\u00e1 carregada na mola Belleville para evitar folgas. O castelo da v\u00e1lvula \u00e9 projetado do tipo castelo estendido. Para diferentes temperaturas de servi\u00e7o, a fim de manter a temperatura da sede da gaxeta acima de 0 \u2103.<\/p>\r\n\r\n\r\n\r\n<h2 class=\"wp-block-heading\">Especifica\u00e7\u00f5es da v\u00e1lvula de esfera criog\u00eanica<\/h2>\r\n\r\n\r\n\r\n<ul class=\"wp-block-list\">\r\n<li>Classe 150 a Classe 2500<\/li>\r\n<li>Faixa de tamanho \u00bc\u201d a 24\u201d (dependendo da classe)<\/li>\r\n<li>Flutuante e Munh\u00e3o, Furo Total e Reduzido<\/li>\r\n<li>Espessura da parede do corpo ASME B16.34, vers\u00f5es forjadas ou fundidas<\/li>\r\n<li>Criog\u00eanico testado at\u00e9 -196\u00b0C (-320\u00b0F)<\/li>\r\n<li>API de design \u00e0 prova de fogo 607<\/li>\r\n<li>Padr\u00e3o de bola ventilada<\/li>\r\n<li>Design de haste guiada \u00e0 prova de explos\u00e3o e baixo torque<\/li>\r\n<li>Embalagem carregada ao vivo e com capacidade antiest\u00e1tica<\/li>\r\n<li>Emiss\u00f5es Fugitivas ISO 15848<\/li>\r\n<li>PTFE, TFM, CTFM, PCTFE e sedes met\u00e1licas dispon\u00edveis<\/li>\r\n<li>As v\u00e1lvulas s\u00e3o desengraxadas, limpas e embaladas antes do envio<\/li>\r\n<li>Comprimentos face a face personalizados dispon\u00edveis de acordo com a necessidade do cliente<\/li>\r\n<li>Operadores manuais, el\u00e9tricos, pneum\u00e1ticos ou eletro-hidr\u00e1ulicos dispon\u00edveis<\/li>\r\n<li>Teste de inc\u00eandio: API 607, API 6FA, BS 6755 Parte II<\/li>\r\n<li>Teste: API 598, API 17D, ISO 5208, BS 6755 Parte I, BS 6364<\/li>\r\n<li>Marca\u00e7\u00e3o: MSS-SP-25, PED<\/li>\r\n<li>Certifica\u00e7\u00f5es: API607, SIL, NACE, MR0175, PED, Emiss\u00f5es Fugitivas<\/li>\r\n<\/ul>\r\n\r\n\r\n\r\n<h2 class=\"wp-block-heading\">Por que a v\u00e1lvula criog\u00eanica possui um castelo estendido?<\/h2>\r\n\r\n\r\n\r\n<p>Etileno, oxig\u00eanio l\u00edquido, hidrog\u00eanio l\u00edquido, g\u00e1s natural liquefeito, petr\u00f3leo liquefeito e outros meios l\u00edquidos que as transfer\u00eancias da v\u00e1lvula criog\u00eanica s\u00e3o inflam\u00e1veis e explosivos. Al\u00e9m disso, eles v\u00e3o gaseificar e expandir centenas de vezes quando a temperatura subir.<\/p>\r\n\r\n\r\n\r\n<p>Este tipo de v\u00e1lvula est\u00e1 sempre equipada com um castelo estendido ou nomeadamente haste estendida. Isso \u00e9 porque:<\/p>\r\n\r\n\r\n\r\n<ul class=\"wp-block-list\">\r\n<li>O castelo estendido pode evitar que a caixa de empanque, que desempenha um papel importante na v\u00e1lvula criog\u00eanica e em outras v\u00e1lvulas, seja danificada pela baixa temperatura. \u00c0 medida que a temperatura diminui, o empanque torna-se gradualmente menos el\u00e1stico e perde a sua capacidade de evitar fugas. Em seguida, congele o meio no espa\u00e7o entre a gaxeta e a haste, dificultando a movimenta\u00e7\u00e3o da haste e arranhando a gaxeta conforme a haste se move. No final, o que se segue \u00e9 um vazamento grave. Portanto, uma haste estendida \u00e9 usada para garantir que a gaxeta esteja quente o suficiente, pelo menos acima de 8\u00b0C.<\/li>\r\n<li>A estrutura estendida do castelo facilita o envolvimento de materiais especiais ao redor da v\u00e1lvula, evitando a perda de energia fria.<\/li>\r\n<li>Os tubos e v\u00e1lvulas s\u00e3o frequentemente instalados na chamada &#039;caixa fria&#039;, mas seu &#039;pesco\u00e7o longo&#039; pode atravessar a parede da &#039;caixa fria&#039;. Com base nisso, a haste estendida facilita a desmontagem ou substitui\u00e7\u00e3o r\u00e1pida das pe\u00e7as principais da v\u00e1lvula atrav\u00e9s do castelo.<\/li>\r\n<\/ul>\r\n\r\n\r\n\r\n<p>Conseq\u00fcentemente, o corpo da v\u00e1lvula e a tubula\u00e7\u00e3o s\u00e3o soldados juntos para reduzir ao m\u00e1ximo o vazamento da caixa fria e garantir o desempenho de veda\u00e7\u00e3o da v\u00e1lvula.<\/p>\r\n\r\n\r\n\r\n<h2 class=\"wp-block-heading\" id=\"h-features-of-cryogenic-ball-valve\">Caracter\u00edsticas da v\u00e1lvula esf\u00e9rica criog\u00eanica<\/h2>\r\n\r\n\r\n\r\n<ul class=\"wp-block-list\">\r\n<li>Pe\u00e7as de press\u00e3o da v\u00e1lvula de esfera criog\u00eanica ZECO porque ap\u00f3s o tratamento criog\u00eanico antes da usinagem, no tanque de nitrog\u00eanio l\u00edquido - 196 \u2103 repita duas vezes o \u00faltimo isolamento 1 ~ 2 horas, ent\u00e3o as pe\u00e7as da v\u00e1lvula de esfera ZECO n\u00e3o ir\u00e3o devido \u00e0 mudan\u00e7a da temperatura m\u00e9dia causada pelo calor por\u00f5es frios encolher, a estrutura de veda\u00e7\u00e3o n\u00e3o causar\u00e1 deforma\u00e7\u00e3o devido \u00e0 baixa temperatura;<\/li>\r\n<li>A fim de proteger o efeito de veda\u00e7\u00e3o de longo prazo da caixa de gaxeta, a tampa da v\u00e1lvula de esfera criog\u00eanica ZECO adota a estrutura de pesco\u00e7o longo para manter a caixa de gaxeta longe de baixas temperaturas e adicionar material de isolamento a ela;<\/li>\r\n<li>A junta especialmente desenvolvida da v\u00e1lvula de esfera criog\u00eanica ZECO pode garantir a opera\u00e7\u00e3o normal em baixa temperatura e temperatura normal;<\/li>\r\n<li>A haste da v\u00e1lvula de esfera criog\u00eanica ZECO tamb\u00e9m \u00e9 cromada e tratada com nitreto, melhorando muito a dureza superficial da haste.<\/li>\r\n<li>Polimento de esfera\/assento\r\n<ul>\r\n<li>Conjuntos de esferas e sedes lapidadas s\u00e3o utilizados quando os requisitos de materiais e veda\u00e7\u00e3o exigem. Este processo de fabrica\u00e7\u00e3o preciso garante o menor torque operacional e a maior capacidade de veda\u00e7\u00e3o poss\u00edvel da esfera e das sedes, proporcionando ao mesmo tempo uma vida \u00fatil excepcionalmente longa para a aplica\u00e7\u00e3o pretendida. A lapida\u00e7\u00e3o \u00e9 um processo de acabamento de superf\u00edcie onde compostos de polimento extremamente finos s\u00e3o usados como agente de lapida\u00e7\u00e3o para obter superf\u00edcies de contato notavelmente pr\u00f3ximas.<\/li>\r\n<\/ul>\r\n<\/li>\r\n<li>Extens\u00e3o de haste com economia de energia\r\n<ul>\r\n<li>A folga entre o di\u00e2metro interno do alojamento da extens\u00e3o da haste e o di\u00e2metro externo da haste forjada foi projetada para ser inferior a 1 mm. Esta configura\u00e7\u00e3o foi projetada para manter o calor afastado do l\u00edquido contido na linha, economizando assim custos significativos de energia.<\/li>\r\n<\/ul>\r\n<\/li>\r\n<li>Teste Criog\u00eanico\r\n<ul>\r\n<li>A ZECO Valve projeta v\u00e1lvulas de esfera de servi\u00e7o criog\u00eanica em total conformidade com a BS 6364, que inclui testes de prova de projeto em temperaturas extremamente baixas de -196 \u2103. Inspe\u00e7\u00f5es de qualidade detalhadas s\u00e3o realizadas antes e depois do teste criog\u00eanico, e as v\u00e1lvulas s\u00e3o remontadas e testadas novamente em temperatura ambiente para verifica\u00e7\u00e3o.<\/li>\r\n<\/ul>\r\n<\/li>\r\n<\/ul>\r\n\r\n\r\n\r\n<h2 class=\"wp-block-heading\" id=\"h-material-of-cryogenic-ball-valve\">Material da v\u00e1lvula de esfera criog\u00eanica<\/h2>\r\n\r\n\r\n\r\n<figure class=\"wp-block-table\">\r\n<table>\r\n<tbody>\r\n<tr>\r\n<td>N\u00e3o<\/td>\r\n<td>Parte<\/td>\r\n<td>Material<\/td>\r\n<\/tr>\r\n<tr>\r\n<td>1<\/td>\r\n<td>Corpo<\/td>\r\n<td>ASTM A350LF2<\/td>\r\n<\/tr>\r\n<tr>\r\n<td>2<\/td>\r\n<td>Bon\u00e9<\/td>\r\n<td>ASTM A350LF2<\/td>\r\n<\/tr>\r\n<tr>\r\n<td>3<\/td>\r\n<td>Bola<\/td>\r\n<td>ASTM A350LF2<\/td>\r\n<\/tr>\r\n<tr>\r\n<td>4<\/td>\r\n<td>Assento<\/td>\r\n<td>ASTM A182 F316+TFM<\/td>\r\n<\/tr>\r\n<tr>\r\n<td>5<\/td>\r\n<td>Caule<\/td>\r\n<td>17-4PH<\/td>\r\n<\/tr>\r\n<tr>\r\n<td>6<\/td>\r\n<td>Dispositivo anti-est\u00e1tico<\/td>\r\n<td>SS316<\/td>\r\n<\/tr>\r\n<tr>\r\n<td>7<\/td>\r\n<td>Junta de veda\u00e7\u00e3o<\/td>\r\n<td>Grafite + SS316<\/td>\r\n<\/tr>\r\n<tr>\r\n<td>8<\/td>\r\n<td>Parafuso<\/td>\r\n<td>ASTM A193 B8<\/td>\r\n<\/tr>\r\n<tr>\r\n<td>9<\/td>\r\n<td>Porca<\/td>\r\n<td>ASTM A194 8<\/td>\r\n<\/tr>\r\n<tr>\r\n<td>10<\/td>\r\n<td>O-ring<\/td>\r\n<td>Viton A<\/td>\r\n<\/tr>\r\n<tr>\r\n<td>11<\/td>\r\n<td>Alavanca<\/td>\r\n<td>ASTM A216 WCB<\/td>\r\n<\/tr>\r\n<\/tbody>\r\n<\/table>\r\n<\/figure>","protected":false},"excerpt":{"rendered":"<p>O que \u00e9 v\u00e1lvula criog\u00eanica? As v\u00e1lvulas criog\u00eanicas s\u00e3o mantidas em uma posi\u00e7\u00e3o naturalmente fechada para manter os gases criog\u00eanicos ou outros meios seguros e\u2026 <a title=\"V\u00e1lvula de esfera criog\u00e9nica\" class=\"read-more\" href=\"https:\/\/zecovalve.com\/pt\/produto\/cryogenic-ball-valve\" aria-label=\"Mais em V\u00e1lvula Esfera Criog\u00eanica\">Ler mais<\/a><\/p>","protected":false},"featured_media":27865,"comment_status":"closed","ping_status":"closed","template":"","meta":{"_generate-full-width-content":"","kt_blocks_editor_width":""},"product_cat":[2047,2461],"product_tag":[3896],"class_list":["post-16546","product","type-product","status-publish","has-post-thumbnail","hentry","product_cat-ball-valve","product_cat-ball-valve-by-material","product_tag-flanged-ball-valve","sales-flash-overlay","woocommerce-text-align-center","woocommerce-image-align-center","do-quantity-buttons"],"featured_image_src_large":["https:\/\/zecovalve.com\/wp-content\/uploads\/2022\/06\/Cryogenic-Ball-Valve-4.jpg",800,600,false],"author_info":[],"comment_info":0,"taxonomy_info":{"product_cat":[{"value":2047,"label":"Ball Valve"},{"value":2461,"label":"Ball Valve By Material"}],"product_tag":[{"value":3896,"label":"Flanged Ball Valve"}]},"yoast_head":"<!-- This site is optimized with the Yoast SEO Premium plugin v15.4 - https:\/\/yoast.com\/wordpress\/plugins\/seo\/ -->\n<title>Cryogenic Valve - Cryogenic Ball Valve | Cryogenic Ball Valves Manufacturers<\/title>\n<meta name=\"robots\" content=\"index, follow, max-snippet:-1, max-image-preview:large, max-video-preview:-1\" \/>\n<link rel=\"canonical\" href=\"https:\/\/zecovalve.com\/pt\/produto\/cryogenic-ball-valve\" \/>\n<meta property=\"og:locale\" content=\"pt_PT\" \/>\n<meta property=\"og:type\" content=\"article\" \/>\n<meta property=\"og:title\" content=\"Cryogenic Valve - Cryogenic Ball Valve | Cryogenic Ball Valves Manufacturers\" \/>\n<meta property=\"og:description\" content=\"What is Cryogenic Valve? Cryogenic valves are kept in a natural closed position to keep cryogenic gasses or other mediums secure and ... Ler mais\" \/>\n<meta property=\"og:url\" content=\"https:\/\/zecovalve.com\/pt\/produto\/cryogenic-ball-valve\" \/>\n<meta property=\"og:site_name\" content=\"ZECO Valve\" \/>\n<meta property=\"article:modified_time\" content=\"2023-06-07T07:08:45+00:00\" \/>\n<meta property=\"og:image\" content=\"https:\/\/zecovalve.com\/wp-content\/uploads\/2022\/06\/Cryogenic-Ball-Valve-4.jpg\" \/>\n\t<meta property=\"og:image:width\" content=\"800\" \/>\n\t<meta property=\"og:image:height\" content=\"600\" \/>\n<meta name=\"twitter:card\" content=\"summary_large_image\" \/>\n<meta name=\"twitter:label1\" content=\"Escrito por\">\n\t<meta name=\"twitter:data1\" content=\"Jerry\">\n\t<meta name=\"twitter:label2\" content=\"Tempo estimado de leitura\">\n\t<meta name=\"twitter:data2\" content=\"4 minutos\">\n<script type=\"application\/ld+json\" class=\"yoast-schema-graph\">{\"@context\":\"https:\/\/schema.org\",\"@graph\":[{\"@type\":\"WebSite\",\"@id\":\"https:\/\/zecovalve.com\/#website\",\"url\":\"https:\/\/zecovalve.com\/\",\"name\":\"ZECO Valve\",\"description\":\"Industrial Ball Valve, Gate Valve and Globe Valve Manufacturer\",\"potentialAction\":[{\"@type\":\"SearchAction\",\"target\":\"https:\/\/zecovalve.com\/?s={search_term_string}\",\"query-input\":\"required name=search_term_string\"}],\"inLanguage\":\"pt-PT\"},{\"@type\":\"ImageObject\",\"@id\":\"https:\/\/zecovalve.com\/product\/cryogenic-ball-valve#primaryimage\",\"inLanguage\":\"pt-PT\",\"url\":\"https:\/\/zecovalve.com\/wp-content\/uploads\/2022\/06\/Cryogenic-Ball-Valve-4.jpg\",\"width\":800,\"height\":600,\"caption\":\"Cryogenic Ball Valve\"},{\"@type\":\"WebPage\",\"@id\":\"https:\/\/zecovalve.com\/product\/cryogenic-ball-valve#webpage\",\"url\":\"https:\/\/zecovalve.com\/product\/cryogenic-ball-valve\",\"name\":\"Cryogenic Valve - Cryogenic Ball Valve | Cryogenic Ball Valves Manufacturers\",\"isPartOf\":{\"@id\":\"https:\/\/zecovalve.com\/#website\"},\"primaryImageOfPage\":{\"@id\":\"https:\/\/zecovalve.com\/product\/cryogenic-ball-valve#primaryimage\"},\"datePublished\":\"2022-06-21T07:25:55+00:00\",\"dateModified\":\"2023-06-07T07:08:45+00:00\",\"breadcrumb\":{\"@id\":\"https:\/\/zecovalve.com\/product\/cryogenic-ball-valve#breadcrumb\"},\"inLanguage\":\"pt-PT\",\"potentialAction\":[{\"@type\":\"ReadAction\",\"target\":[\"https:\/\/zecovalve.com\/product\/cryogenic-ball-valve\"]}]},{\"@type\":\"BreadcrumbList\",\"@id\":\"https:\/\/zecovalve.com\/product\/cryogenic-ball-valve#breadcrumb\",\"itemListElement\":[{\"@type\":\"ListItem\",\"position\":1,\"item\":{\"@type\":\"WebPage\",\"@id\":\"https:\/\/zecovalve.com\/\",\"url\":\"https:\/\/zecovalve.com\/\",\"name\":\"Home\"}},{\"@type\":\"ListItem\",\"position\":2,\"item\":{\"@type\":\"WebPage\",\"@id\":\"https:\/\/zecovalve.com\/product-category\",\"url\":\"https:\/\/zecovalve.com\/product-category\",\"name\":\"Industrial Valve Manufacturer | Water Valve Manufacturer\"}},{\"@type\":\"ListItem\",\"position\":3,\"item\":{\"@type\":\"WebPage\",\"@id\":\"https:\/\/zecovalve.com\/product\/cryogenic-ball-valve\",\"url\":\"https:\/\/zecovalve.com\/product\/cryogenic-ball-valve\",\"name\":\"Cryogenic Ball Valve\"}}]}]}<\/script>\n<!-- \/ Yoast SEO Premium plugin. -->","_links":{"self":[{"href":"https:\/\/zecovalve.com\/pt\/wp-json\/wp\/v2\/product\/16546","targetHints":{"allow":["GET"]}}],"collection":[{"href":"https:\/\/zecovalve.com\/pt\/wp-json\/wp\/v2\/product"}],"about":[{"href":"https:\/\/zecovalve.com\/pt\/wp-json\/wp\/v2\/types\/product"}],"replies":[{"embeddable":true,"href":"https:\/\/zecovalve.com\/pt\/wp-json\/wp\/v2\/comments?post=16546"}],"wp:featuredmedia":[{"embeddable":true,"href":"https:\/\/zecovalve.com\/pt\/wp-json\/wp\/v2\/media\/27865"}],"wp:attachment":[{"href":"https:\/\/zecovalve.com\/pt\/wp-json\/wp\/v2\/media?parent=16546"}],"wp:term":[{"taxonomy":"product_cat","embeddable":true,"href":"https:\/\/zecovalve.com\/pt\/wp-json\/wp\/v2\/product_cat?post=16546"},{"taxonomy":"product_tag","embeddable":true,"href":"https:\/\/zecovalve.com\/pt\/wp-json\/wp\/v2\/product_tag?post=16546"}],"curies":[{"name":"wp","href":"https:\/\/api.w.org\/{rel}","templated":true}]}}