{"id":16561,"date":"2022-06-21T07:47:48","date_gmt":"2022-06-21T07:47:48","guid":{"rendered":"https:\/\/zecovalve.com\/?post_type=product&#038;p=16561"},"modified":"2023-06-15T12:53:48","modified_gmt":"2023-06-15T12:53:48","slug":"cast-steel-gate-valve","status":"publish","type":"product","link":"https:\/\/zecovalve.com\/pt\/produto\/cast-steel-gate-valve","title":{"rendered":"V\u00e1lvula de gaveta em a\u00e7o fundido"},"content":{"rendered":"<h1 class=\"sep-title\">V\u00e1lvula de gaveta em a\u00e7o fundido<\/h1>\n<div class=\"sep-box-detail clearfix\">\n<div class=\"box-lf\">\n<div class=\"thumb\">\n<p><img loading=\"lazy\" decoding=\"async\" class=\"wp-image-27891 size-medium\" src=\"https:\/\/zecovalve.com\/wp-content\/uploads\/2022\/06\/Cast-Steel-Gate-Valve-2-300x225.jpg\" alt=\"V\u00e1lvula de gaveta em a\u00e7o fundido\" width=\"300\" height=\"225\" srcset=\"https:\/\/zecovalve.com\/wp-content\/uploads\/2022\/06\/Cast-Steel-Gate-Valve-2-300x225.jpg 300w, https:\/\/zecovalve.com\/wp-content\/uploads\/2022\/06\/Cast-Steel-Gate-Valve-2-768x576.jpg 768w, https:\/\/zecovalve.com\/wp-content\/uploads\/2022\/06\/Cast-Steel-Gate-Valve-2-600x450.jpg 600w, https:\/\/zecovalve.com\/wp-content\/uploads\/2022\/06\/Cast-Steel-Gate-Valve-2.jpg 800w\" sizes=\"auto, (max-width: 300px) 100vw, 300px\" \/><\/p>\n<\/div>\n<div class=\"info\"><a href=\"https:\/\/zecovalve.com\/pt\/products\/cast-steel-gate-valve.html\/#form\"><i class=\"fa fa-commenting-o\" aria-hidden=\"true\"><\/i>\u00a0OBTER PRE\u00c7O DA V\u00c1LVULA<\/a><\/div>\n<\/div>\n<div class=\"box-rt\">\n<div class=\"gg\">\n<div class=\"swiper-container swiper-container-initialized swiper-container-vertical\">\n<div class=\"swiper-wrapper\"><\/div>\n<\/div>\n<\/div>\n<\/div>\n<\/div>\n<div class=\"richtext\">\n<h2>Descri\u00e7\u00e3o da v\u00e1lvula gaveta de a\u00e7o fundido:<\/h2>\n<p>A v\u00e1lvula gaveta de a\u00e7o fundido ZECO \u00e9 controlada pelo sistema de garantia de qualidade de produ\u00e7\u00e3o e fabrica\u00e7\u00e3o, atendeu a todos os padr\u00f5es internacionais da ind\u00fastria e aos procedimentos documentados de requisitos do usu\u00e1rio. Esses procedimentos e controle incluem compra e valida\u00e7\u00e3o de mat\u00e9rias-primas, controle de processos, montagem, testes e envio, e todos os documentos necess\u00e1rios. O sistema de garantia de qualidade ZECO foi formado em arquivo manual aprovado pela ISO e API. ZECO \u00e9 certificado pela ISO 9001 e licenciado pela API para monograma do produto API 6D. Cada v\u00e1lvula \u00e9 projetada para verificar a conformidade por meio de testes funcionais e de press\u00e3o. Isso resulta em um relat\u00f3rio de teste de material que documenta as propriedades qu\u00edmicas e mec\u00e2nicas da press\u00e3o. Exames n\u00e3o destrutivos adicionais tamb\u00e9m s\u00e3o registrados e referenciados ao n\u00famero de s\u00e9rie da v\u00e1lvula.<\/p>\n<h2>Caracter\u00edsticas da v\u00e1lvula gaveta de a\u00e7o fundido:<\/h2>\n<p>1. A haste ascendente da v\u00e1lvula gaveta de a\u00e7o fundido ZECO pode ser projetada com rosca dupla ACME de precis\u00e3o. Este design permite abrir ou fechar quase duas vezes mais r\u00e1pido e reduz a opera\u00e7\u00e3o manual;<\/p>\n<p>2. A gaxeta da haste da v\u00e1lvula gaveta de a\u00e7o fundido ZECO \u00e9 projetada para controlar de maneira ideal o vazamento de meio da haste. A ZECO adota m\u00e1quinas-ferramentas CNC para processar a \u00e1rea de veda\u00e7\u00e3o da haste da v\u00e1lvula, com boa suavidade. A retilineidade da haste da v\u00e1lvula \u00e9 medida por um instrumento especial de medi\u00e7\u00e3o de \u00e2ngulo, garantindo o melhor efeito de veda\u00e7\u00e3o da gaxeta da haste da v\u00e1lvula;<\/p>\n<p>3. O design do assento traseiro da v\u00e1lvula gaveta de a\u00e7o fundido ZECO pode reduzir o problema de remover a v\u00e1lvula da tubula\u00e7\u00e3o quando a v\u00e1lvula precisa de manuten\u00e7\u00e3o durante o servi\u00e7o;<\/p>\n<p>4. De acordo com as condi\u00e7\u00f5es de trabalho, o stellited pode ser usado como material da superf\u00edcie de veda\u00e7\u00e3o da cunha da v\u00e1lvula e da superf\u00edcie de veda\u00e7\u00e3o do anel da sede da v\u00e1lvula da v\u00e1lvula gaveta de a\u00e7o fundido ZECO para aumentar a resist\u00eancia \u00e0 abras\u00e3o e \u00e0 corros\u00e3o do anel de veda\u00e7\u00e3o.<\/p>\n<h2>Material da v\u00e1lvula gaveta de a\u00e7o fundido:<\/h2>\n<table>\n<tbody>\n<tr class=\"firstRow\">\n<td valign=\"center\">N\u00e3o<\/td>\n<td valign=\"center\">Parte<\/td>\n<td valign=\"center\">Material<\/td>\n<\/tr>\n<tr>\n<td valign=\"center\">1<\/td>\n<td valign=\"center\">Corpo<\/td>\n<td valign=\"center\">ASTM A216 WCB<\/td>\n<\/tr>\n<tr>\n<td valign=\"center\">2<\/td>\n<td valign=\"center\">Anel de assento<\/td>\n<td valign=\"center\">ASTM A105 + STL<\/td>\n<\/tr>\n<tr>\n<td valign=\"center\">3<\/td>\n<td valign=\"center\">Cunha<\/td>\n<td valign=\"center\">ASTM A216 WCB+STL<\/td>\n<\/tr>\n<tr>\n<td valign=\"center\">4<\/td>\n<td valign=\"center\">Caule<\/td>\n<td valign=\"center\">ASTM A276 410<\/td>\n<\/tr>\n<tr>\n<td valign=\"center\">5<\/td>\n<td valign=\"center\">Junta da tampa do compartimento<\/td>\n<td valign=\"center\">Grafite + SS304<\/td>\n<\/tr>\n<tr>\n<td valign=\"center\">6<\/td>\n<td valign=\"center\">Parafuso do castelo<\/td>\n<td valign=\"center\">ASTM A193 B7<\/td>\n<\/tr>\n<tr>\n<td valign=\"center\">7<\/td>\n<td valign=\"center\">Porca do castelo<\/td>\n<td valign=\"center\">ASTM A194 2H<\/td>\n<\/tr>\n<tr>\n<td valign=\"center\">8<\/td>\n<td valign=\"center\">Bon\u00e9<\/td>\n<td valign=\"center\">ASTM A216 WCB<\/td>\n<\/tr>\n<tr>\n<td valign=\"center\">9<\/td>\n<td valign=\"center\">Banco traseiro<\/td>\n<td valign=\"center\">ASTM A182 F6a<\/td>\n<\/tr>\n<tr>\n<td valign=\"center\">10<\/td>\n<td valign=\"center\">Enchimento da haste<\/td>\n<td valign=\"center\">Grafite refor\u00e7ada<\/td>\n<\/tr>\n<tr>\n<td valign=\"center\">11<\/td>\n<td valign=\"center\">Volante<\/td>\n<td valign=\"center\">KTH330-08<\/td>\n<\/tr>\n<\/tbody>\n<\/table>\n<\/div>","protected":false},"excerpt":{"rendered":"<p>V\u00e1lvula gaveta de a\u00e7o fundido OBTER PRE\u00c7O DA V\u00c1LVULA Descri\u00e7\u00e3o da v\u00e1lvula gaveta de a\u00e7o fundido: A v\u00e1lvula gaveta de a\u00e7o fundido ZECO \u00e9 controlada sob\u2026 <a title=\"V\u00e1lvula de gaveta em a\u00e7o fundido\" class=\"read-more\" href=\"https:\/\/zecovalve.com\/pt\/produto\/cast-steel-gate-valve\" aria-label=\"Mais em V\u00e1lvula gaveta de a\u00e7o fundido\">Ler mais<\/a><\/p>","protected":false},"featured_media":27891,"comment_status":"closed","ping_status":"closed","template":"","meta":{"_generate-full-width-content":"","kt_blocks_editor_width":""},"product_cat":[2052,2454],"product_tag":[2658,2798],"class_list":["post-16561","product","type-product","status-publish","has-post-thumbnail","hentry","product_cat-gate-valve","product_cat-gate-valve-by-material","product_tag-isolation-valve","product_tag-osy-valve","sales-flash-overlay","woocommerce-text-align-center","woocommerce-image-align-center","do-quantity-buttons"],"featured_image_src_large":["https:\/\/zecovalve.com\/wp-content\/uploads\/2022\/06\/Cast-Steel-Gate-Valve-2.jpg",800,600,false],"author_info":[],"comment_info":0,"taxonomy_info":{"product_cat":[{"value":2052,"label":"Gate Valve"},{"value":2454,"label":"Gate Valve By Material"}],"product_tag":[{"value":2658,"label":"Isolation Valve"},{"value":2798,"label":"OS&amp;Y Valve"}]},"yoast_head":"<!-- This site is optimized with the Yoast SEO Premium plugin v15.4 - https:\/\/yoast.com\/wordpress\/plugins\/seo\/ -->\n<title>Cast Steel Gate Valve - ZECO Valve<\/title>\n<meta name=\"robots\" content=\"index, follow, max-snippet:-1, max-image-preview:large, max-video-preview:-1\" \/>\n<link rel=\"canonical\" href=\"https:\/\/zecovalve.com\/pt\/produto\/cast-steel-gate-valve\" \/>\n<meta property=\"og:locale\" content=\"pt_PT\" \/>\n<meta property=\"og:type\" content=\"article\" \/>\n<meta property=\"og:title\" content=\"Cast Steel Gate Valve - ZECO Valve\" \/>\n<meta property=\"og:description\" content=\"Cast Steel Gate Valve \u00a0GET VALVE PRICE Description of Cast Steel Gate Valve: ZECO cast steel gate valve is in controlled under ... Ler mais\" \/>\n<meta property=\"og:url\" content=\"https:\/\/zecovalve.com\/pt\/produto\/cast-steel-gate-valve\" \/>\n<meta property=\"og:site_name\" content=\"ZECO Valve\" \/>\n<meta property=\"article:modified_time\" content=\"2023-06-15T12:53:48+00:00\" \/>\n<meta property=\"og:image\" content=\"https:\/\/zecovalve.com\/wp-content\/uploads\/2022\/06\/Cast-Steel-Gate-Valve-2.jpg\" \/>\n\t<meta property=\"og:image:width\" content=\"800\" \/>\n\t<meta property=\"og:image:height\" content=\"600\" \/>\n<meta name=\"twitter:card\" content=\"summary_large_image\" \/>\n<meta name=\"twitter:label1\" content=\"Escrito por\">\n\t<meta name=\"twitter:data1\" content=\"Jerry\">\n\t<meta name=\"twitter:label2\" content=\"Tempo estimado de leitura\">\n\t<meta name=\"twitter:data2\" content=\"1 minuto\">\n<script type=\"application\/ld+json\" class=\"yoast-schema-graph\">{\"@context\":\"https:\/\/schema.org\",\"@graph\":[{\"@type\":\"WebSite\",\"@id\":\"https:\/\/zecovalve.com\/#website\",\"url\":\"https:\/\/zecovalve.com\/\",\"name\":\"ZECO Valve\",\"description\":\"Industrial Ball Valve, Gate Valve and Globe Valve Manufacturer\",\"potentialAction\":[{\"@type\":\"SearchAction\",\"target\":\"https:\/\/zecovalve.com\/?s={search_term_string}\",\"query-input\":\"required name=search_term_string\"}],\"inLanguage\":\"pt-PT\"},{\"@type\":\"ImageObject\",\"@id\":\"https:\/\/zecovalve.com\/product\/cast-steel-gate-valve#primaryimage\",\"inLanguage\":\"pt-PT\",\"url\":\"https:\/\/zecovalve.com\/wp-content\/uploads\/2022\/06\/Cast-Steel-Gate-Valve-2.jpg\",\"width\":800,\"height\":600,\"caption\":\"Cast Steel Gate Valve\"},{\"@type\":\"WebPage\",\"@id\":\"https:\/\/zecovalve.com\/product\/cast-steel-gate-valve#webpage\",\"url\":\"https:\/\/zecovalve.com\/product\/cast-steel-gate-valve\",\"name\":\"Cast Steel Gate Valve - ZECO Valve\",\"isPartOf\":{\"@id\":\"https:\/\/zecovalve.com\/#website\"},\"primaryImageOfPage\":{\"@id\":\"https:\/\/zecovalve.com\/product\/cast-steel-gate-valve#primaryimage\"},\"datePublished\":\"2022-06-21T07:47:48+00:00\",\"dateModified\":\"2023-06-15T12:53:48+00:00\",\"breadcrumb\":{\"@id\":\"https:\/\/zecovalve.com\/product\/cast-steel-gate-valve#breadcrumb\"},\"inLanguage\":\"pt-PT\",\"potentialAction\":[{\"@type\":\"ReadAction\",\"target\":[\"https:\/\/zecovalve.com\/product\/cast-steel-gate-valve\"]}]},{\"@type\":\"BreadcrumbList\",\"@id\":\"https:\/\/zecovalve.com\/product\/cast-steel-gate-valve#breadcrumb\",\"itemListElement\":[{\"@type\":\"ListItem\",\"position\":1,\"item\":{\"@type\":\"WebPage\",\"@id\":\"https:\/\/zecovalve.com\/\",\"url\":\"https:\/\/zecovalve.com\/\",\"name\":\"Home\"}},{\"@type\":\"ListItem\",\"position\":2,\"item\":{\"@type\":\"WebPage\",\"@id\":\"https:\/\/zecovalve.com\/product-category\",\"url\":\"https:\/\/zecovalve.com\/product-category\",\"name\":\"Industrial Valve Manufacturer | Water Valve Manufacturer\"}},{\"@type\":\"ListItem\",\"position\":3,\"item\":{\"@type\":\"WebPage\",\"@id\":\"https:\/\/zecovalve.com\/product\/cast-steel-gate-valve\",\"url\":\"https:\/\/zecovalve.com\/product\/cast-steel-gate-valve\",\"name\":\"Cast Steel Gate Valve\"}}]}]}<\/script>\n<!-- \/ Yoast SEO Premium plugin. -->","_links":{"self":[{"href":"https:\/\/zecovalve.com\/pt\/wp-json\/wp\/v2\/product\/16561","targetHints":{"allow":["GET"]}}],"collection":[{"href":"https:\/\/zecovalve.com\/pt\/wp-json\/wp\/v2\/product"}],"about":[{"href":"https:\/\/zecovalve.com\/pt\/wp-json\/wp\/v2\/types\/product"}],"replies":[{"embeddable":true,"href":"https:\/\/zecovalve.com\/pt\/wp-json\/wp\/v2\/comments?post=16561"}],"wp:featuredmedia":[{"embeddable":true,"href":"https:\/\/zecovalve.com\/pt\/wp-json\/wp\/v2\/media\/27891"}],"wp:attachment":[{"href":"https:\/\/zecovalve.com\/pt\/wp-json\/wp\/v2\/media?parent=16561"}],"wp:term":[{"taxonomy":"product_cat","embeddable":true,"href":"https:\/\/zecovalve.com\/pt\/wp-json\/wp\/v2\/product_cat?post=16561"},{"taxonomy":"product_tag","embeddable":true,"href":"https:\/\/zecovalve.com\/pt\/wp-json\/wp\/v2\/product_tag?post=16561"}],"curies":[{"name":"wp","href":"https:\/\/api.w.org\/{rel}","templated":true}]}}