{"id":16567,"date":"2022-06-21T07:53:09","date_gmt":"2022-06-21T07:53:09","guid":{"rendered":"https:\/\/zecovalve.com\/?post_type=product&#038;p=16567"},"modified":"2023-06-17T02:31:26","modified_gmt":"2023-06-17T02:31:26","slug":"wafer-dual-plate-check-valve","status":"publish","type":"product","link":"https:\/\/zecovalve.com\/pt\/produto\/wafer-dual-plate-check-valve","title":{"rendered":"V\u00e1lvula de reten\u00e7\u00e3o de placa dupla de wafer"},"content":{"rendered":"<figure class=\"wp-block-image alignnone size-medium wp-image-16568\">\r\n<p><img loading=\"lazy\" decoding=\"async\" class=\"wp-image-27931 size-medium\" src=\"https:\/\/zecovalve.com\/wp-content\/uploads\/2022\/06\/Wafer-Dual-Plate-Check-Valve-2-300x225.jpg\" alt=\"V\u00e1lvula de reten\u00e7\u00e3o de placa dupla de wafer\" width=\"300\" height=\"225\" srcset=\"https:\/\/zecovalve.com\/wp-content\/uploads\/2022\/06\/Wafer-Dual-Plate-Check-Valve-2-300x225.jpg 300w, https:\/\/zecovalve.com\/wp-content\/uploads\/2022\/06\/Wafer-Dual-Plate-Check-Valve-2-768x576.jpg 768w, https:\/\/zecovalve.com\/wp-content\/uploads\/2022\/06\/Wafer-Dual-Plate-Check-Valve-2-600x450.jpg 600w, https:\/\/zecovalve.com\/wp-content\/uploads\/2022\/06\/Wafer-Dual-Plate-Check-Valve-2.jpg 800w\" sizes=\"auto, (max-width: 300px) 100vw, 300px\" \/><\/p>\r\n<\/figure>\r\n\r\n\r\n\r\n\r\n<div class=\"gb-button-wrapper gb-button-wrapper-6d8495a3\">\r\n\r\n\r\n<p><a class=\"gb-button gb-button-3d442e11 gb-button-text\" href=\"mailto:commercial@zecovalve.com\" target=\"_blank\" rel=\"noopener noreferrer\"><strong>OBTER PRE\u00c7O DA V\u00c1LVULA DE RETEN\u00c7\u00c3O DE PLACA DUPLA WAFER<\/strong><\/a><\/p>\r\n<\/div>\r\n\r\n\r\n<h2 class=\"wp-block-heading\" id=\"h-what-is-a-wafer-dual-plate-check-valve\">O que \u00e9 uma v\u00e1lvula de reten\u00e7\u00e3o de placa dupla Wafer?<\/h2>\r\n\r\n\r\n\r\n<p>A v\u00e1lvula de reten\u00e7\u00e3o de placa dupla \u00e9 uma v\u00e1lvula de reten\u00e7\u00e3o multifuncional que \u00e9 muito mais forte, mais leve e menor em tamanho em compara\u00e7\u00e3o com uma v\u00e1lvula de reten\u00e7\u00e3o de oscila\u00e7\u00e3o convencional ou v\u00e1lvula de reten\u00e7\u00e3o de eleva\u00e7\u00e3o.<\/p>\r\n\r\n\r\n\r\n<p>A v\u00e1lvula de reten\u00e7\u00e3o de placa dupla emprega duas placas com mola articuladas em um pino de dobradi\u00e7a central. Quando o fluxo diminui, as placas fecham pela a\u00e7\u00e3o da mola de tor\u00e7\u00e3o sem exigir fluxo reverso.<\/p>\r\n\r\n\r\n\r\n<p>A estrutura da v\u00e1lvula de reten\u00e7\u00e3o de placa dupla wafer ZECO \u00e9 que o disco fica ao longo do pino na posi\u00e7\u00e3o central do corpo para girar, dimens\u00f5es de estrutura curtas e pequeno volume. Leve, bom desempenho de processo, abre e fecha rapidamente. Pequena press\u00e3o de golpe de ar\u00edete, curso mais curto, pequena press\u00e3o de impacto fechado. No tubo horizontal ou vertical pode ser usado, at\u00e9 mesmo f\u00e1cil instala\u00e7\u00e3o. O design interno da v\u00e1lvula de reten\u00e7\u00e3o de placa dupla wafer ZECO minimiza o problema do golpe de ar\u00edete e tamb\u00e9m pode melhorar significativamente a efici\u00eancia do fluxo, o que \u00e9 importante para sistemas de tubula\u00e7\u00e3o de grande porte. Para sistemas de tubula\u00e7\u00e3o com di\u00e2metro externo maiores, 36\u201d e superiores, o projeto de placa dupla \u00e9 recomendado e preferido. O projeto da v\u00e1lvula de reten\u00e7\u00e3o de placa dupla wafer tamb\u00e9m deve ser considerado para sistemas de tubula\u00e7\u00e3o externa menores, onde as v\u00e1lvulas de reten\u00e7\u00e3o oscilantes demonstraram problemas relacionados ao fluxo. A v\u00e1lvula de reten\u00e7\u00e3o de placa dupla ZECO tem uma dimens\u00e3o face a face curta e o peso \u00e9 de apenas cerca de 25% de uma v\u00e1lvula de reten\u00e7\u00e3o oscilante de tamanho compar\u00e1vel.<\/p>\r\n\r\n\r\n\r\n<h2 class=\"wp-block-heading\">Padr\u00e3o de projeto da v\u00e1lvula de reten\u00e7\u00e3o wafer de placa dupla<\/h2>\r\n\r\n\r\n\r\n<figure class=\"wp-block-table\">\r\n<table>\r\n<tbody>\r\n<tr>\r\n<td>Norma de conce\u00e7\u00e3o<\/td>\r\n<td>Padr\u00e3o API 594\/API 6D<\/td>\r\n<\/tr>\r\n<tr>\r\n<td>Padr\u00e3o de inspe\u00e7\u00e3o e teste<\/td>\r\n<td>API 598<\/td>\r\n<\/tr>\r\n<tr>\r\n<td>Dist\u00e2ncia flange a flange<\/td>\r\n<td>Conforme ANSI B API 594\/API 6D\/ANSI B 16.10<\/td>\r\n<\/tr>\r\n<tr>\r\n<td>Liga\u00e7\u00e3o final<\/td>\r\n<td>Tipo Wafer, sem flange, padr\u00e3o sandu\u00edche<\/td>\r\n<\/tr>\r\n<tr>\r\n<td>Faixa de tamanho de fabrica\u00e7\u00e3o<\/td>\r\n<td>3\u2033 (DN80) a 48\u2033(DN 1200)<\/td>\r\n<\/tr>\r\n<tr>\r\n<td>Classifica\u00e7\u00e3o de press\u00e3o da v\u00e1lvula<\/td>\r\n<td>Classe 150 \u2013 Classe 1500<\/td>\r\n<\/tr>\r\n<\/tbody>\r\n<\/table>\r\n<\/figure>\r\n\r\n\r\n\r\n<h2 class=\"wp-block-heading\" id=\"h-features-of-wafer-dual-plate-check-valve\">Caracter\u00edsticas da v\u00e1lvula de reten\u00e7\u00e3o de placa dupla Wafer<\/h2>\r\n\r\n\r\n\r\n<ul class=\"wp-block-list\">\r\n<li>Os corpos das v\u00e1lvulas de reten\u00e7\u00e3o de placa dupla wafer ZECO s\u00e3o de pe\u00e7a \u00fanica e de design de cilindro curto, sem furos na parede do corpo, n\u00e3o h\u00e1 necessidade de pinos ou plugues externos e nenhum vazamento para o exterior. Para aplica\u00e7\u00f5es de servi\u00e7os cr\u00edticos, como meios perigosos ou venenosos, esta \u00e9 uma escolha superior para minimizar vazamentos indesejados para a atmosfera;<\/li>\r\n<li>Duas molas de alta tor\u00e7\u00e3o da v\u00e1lvula de reten\u00e7\u00e3o de placa dupla wafer ZECO garantem o fechamento da v\u00e1lvula o mais r\u00e1pido poss\u00edvel e reduzem o golpe de ar\u00edete, de modo a prolongar a vida \u00fatil da v\u00e1lvula e melhorar o desempenho do sistema;<\/li>\r\n<li>Uma ranhura no corpo da v\u00e1lvula de reten\u00e7\u00e3o de placa dupla wafer ZECO com folga cuidadosamente calculada \u00e9 projetada para caber no pino da dobradi\u00e7a e permite que o pino da dobradi\u00e7a se mova na \u00fanica dire\u00e7\u00e3o do fluxo. O design elimina a possibilidade de atrito causado pelo salto da placa dupla;<\/li>\r\n<li>O amortecedor fundido integral na parte traseira da placa dupla \u00e9 um design eficaz para evitar batidas frequentes e reduz a press\u00e3o da placa dupla contra o pino de parada quando a v\u00e1lvula est\u00e1 totalmente aberta. Isso prolonga a vida \u00fatil da v\u00e1lvula e minimiza o custo de manuten\u00e7\u00e3o .<\/li>\r\n<li>Queda de Baixa Press\u00e3o (Alto Cv)\r\n<ul>\r\n<li>As v\u00e1lvulas de reten\u00e7\u00e3o wafer de placa dupla t\u00eam uma \u00e1rea aberta maior do que outros projetos, reduzindo assim a queda de press\u00e3o em compara\u00e7\u00e3o com v\u00e1lvulas de reten\u00e7\u00e3o, oscila\u00e7\u00e3o ou outras v\u00e1lvulas de reten\u00e7\u00e3o.<\/li>\r\n<\/ul>\r\n<\/li>\r\n<li>Peso leve\r\n<ul>\r\n<li>Reduz o peso em 80\u201390% em compara\u00e7\u00e3o com v\u00e1lvulas de reten\u00e7\u00e3o flangeadas convencionais.<\/li>\r\n<\/ul>\r\n<\/li>\r\n<li>Custo mais baixo\r\n<ul>\r\n<li>Perfis leves e compactos e a elimina\u00e7\u00e3o de flanges permitem que v\u00e1lvulas de reten\u00e7\u00e3o de placa dupla sejam fabricadas de forma mais econ\u00f4mica do que outros projetos, especialmente \u00e0 medida que os di\u00e2metros dos tubos aumentam.<\/li>\r\n<\/ul>\r\n<\/li>\r\n<li>Alivia o golpe de ar\u00edete\r\n<ul>\r\n<li>Nossos discos ativados por mola s\u00e3o projetados para fechar nossas v\u00e1lvulas rapidamente. Isso garante alto desempenho, eliminando vibra\u00e7\u00f5es e criando capacidade de resposta din\u00e2mica em um design anti-slam.<\/li>\r\n<\/ul>\r\n<\/li>\r\n<li>Instala\u00e7\u00e3o simples\r\n<ul>\r\n<li>Mais f\u00e1cil de instalar, remover e substituir em sistemas de tubula\u00e7\u00e3o novos e existentes.<\/li>\r\n<\/ul>\r\n<\/li>\r\n<\/ul>\r\n\r\n\r\n\r\n<h2 class=\"wp-block-heading\">Aplica\u00e7\u00f5es da v\u00e1lvula de reten\u00e7\u00e3o wafer de placa dupla<\/h2>\r\n\r\n\r\n\r\n<p>As v\u00e1lvulas de reten\u00e7\u00e3o de placa dupla s\u00e3o aplic\u00e1veis para ar, g\u00e1s, l\u00edquidos e vapores. Nossas instala\u00e7\u00f5es s\u00e3o mantidas arrumadas, limpas e organizadas, com aten\u00e7\u00e3o aos detalhes que fazem a diferen\u00e7a na qualidade da fabrica\u00e7\u00e3o da v\u00e1lvula de placa dupla ANSI.<\/p>\r\n\r\n\r\n\r\n<h2 class=\"wp-block-heading\" id=\"h-material-of-wafer-dual-plate-check-valve\">Material da v\u00e1lvula de reten\u00e7\u00e3o de placa dupla Wafer<\/h2>\r\n\r\n\r\n\r\n<figure class=\"wp-block-table\">\r\n<table>\r\n<tbody>\r\n<tr>\r\n<td>N\u00e3o<\/td>\r\n<td>Parte<\/td>\r\n<td>Material<\/td>\r\n<\/tr>\r\n<tr>\r\n<td>1<\/td>\r\n<td>Corpo<\/td>\r\n<td>ASTM A216 WCB<\/td>\r\n<\/tr>\r\n<tr>\r\n<td>2<\/td>\r\n<td>Anel de assento<\/td>\r\n<td>13 Cr<\/td>\r\n<\/tr>\r\n<tr>\r\n<td>3<\/td>\r\n<td>Disco<\/td>\r\n<td>ASTM A216 WCB<\/td>\r\n<\/tr>\r\n<tr>\r\n<td>4<\/td>\r\n<td>Primavera<\/td>\r\n<td>InconelX750<\/td>\r\n<\/tr>\r\n<tr>\r\n<td>5<\/td>\r\n<td>Pino<\/td>\r\n<td>ASTM A182 F6a<\/td>\r\n<\/tr>\r\n<\/tbody>\r\n<\/table>\r\n<\/figure>","protected":false},"excerpt":{"rendered":"<p>O que \u00e9 uma v\u00e1lvula de reten\u00e7\u00e3o de placa dupla Wafer? A v\u00e1lvula de reten\u00e7\u00e3o de placa dupla \u00e9 uma v\u00e1lvula anti-retorno multifuncional que \u00e9 muito mais forte,\u2026 <a title=\"V\u00e1lvula de reten\u00e7\u00e3o de placa dupla de wafer\" class=\"read-more\" href=\"https:\/\/zecovalve.com\/pt\/produto\/wafer-dual-plate-check-valve\" aria-label=\"Mais em V\u00e1lvula de reten\u00e7\u00e3o de placa dupla Wafer\">Ler mais<\/a><\/p>","protected":false},"featured_media":27931,"comment_status":"closed","ping_status":"closed","template":"","meta":{"_generate-full-width-content":"","kt_blocks_editor_width":""},"product_cat":[2455,2442],"product_tag":[2657,2661,2725],"class_list":["post-16567","product","type-product","status-publish","has-post-thumbnail","hentry","product_cat-check-valve","product_cat-wafer-check-valve","product_tag-non-return-valve","product_tag-nrv-valve","product_tag-wafer-check-valve","sales-flash-overlay","woocommerce-text-align-center","woocommerce-image-align-center","do-quantity-buttons"],"featured_image_src_large":["https:\/\/zecovalve.com\/wp-content\/uploads\/2022\/06\/Wafer-Dual-Plate-Check-Valve-2.jpg",800,600,false],"author_info":[],"comment_info":0,"taxonomy_info":{"product_cat":[{"value":2455,"label":"Check Valve"},{"value":2442,"label":"Wafer Check Valve"}],"product_tag":[{"value":2657,"label":"Non Return Valve"},{"value":2661,"label":"NRV Valve"},{"value":2725,"label":"Wafer Check Valve"}]},"yoast_head":"<!-- This site is optimized with the Yoast SEO Premium plugin v15.4 - https:\/\/yoast.com\/wordpress\/plugins\/seo\/ -->\n<title>Wafer Dual Plate Check Valve - Dual Plate Wafer Check Valve Manufacturer | ZECO<\/title>\n<meta name=\"robots\" content=\"index, follow, max-snippet:-1, max-image-preview:large, max-video-preview:-1\" \/>\n<link rel=\"canonical\" href=\"https:\/\/zecovalve.com\/pt\/produto\/wafer-dual-plate-check-valve\" \/>\n<meta property=\"og:locale\" content=\"pt_PT\" \/>\n<meta property=\"og:type\" content=\"article\" \/>\n<meta property=\"og:title\" content=\"Wafer Dual Plate Check Valve - Dual Plate Wafer Check Valve Manufacturer | ZECO\" \/>\n<meta property=\"og:description\" content=\"What is a Wafer Dual Plate Check Valve? The dual plate check valve is an all-purpose non-return valve that is much stronger, ... Ler mais\" \/>\n<meta property=\"og:url\" content=\"https:\/\/zecovalve.com\/pt\/produto\/wafer-dual-plate-check-valve\" \/>\n<meta property=\"og:site_name\" content=\"ZECO Valve\" \/>\n<meta property=\"article:modified_time\" content=\"2023-06-17T02:31:26+00:00\" \/>\n<meta property=\"og:image\" content=\"https:\/\/zecovalve.com\/wp-content\/uploads\/2022\/06\/Wafer-Dual-Plate-Check-Valve-2.jpg\" \/>\n\t<meta property=\"og:image:width\" content=\"800\" \/>\n\t<meta property=\"og:image:height\" content=\"600\" \/>\n<meta name=\"twitter:card\" content=\"summary_large_image\" \/>\n<meta name=\"twitter:label1\" content=\"Escrito por\">\n\t<meta name=\"twitter:data1\" content=\"Jerry\">\n\t<meta name=\"twitter:label2\" content=\"Tempo estimado de leitura\">\n\t<meta name=\"twitter:data2\" content=\"3 minutos\">\n<script type=\"application\/ld+json\" class=\"yoast-schema-graph\">{\"@context\":\"https:\/\/schema.org\",\"@graph\":[{\"@type\":\"WebSite\",\"@id\":\"https:\/\/zecovalve.com\/#website\",\"url\":\"https:\/\/zecovalve.com\/\",\"name\":\"ZECO Valve\",\"description\":\"Industrial Ball Valve, Gate Valve and Globe Valve Manufacturer\",\"potentialAction\":[{\"@type\":\"SearchAction\",\"target\":\"https:\/\/zecovalve.com\/?s={search_term_string}\",\"query-input\":\"required name=search_term_string\"}],\"inLanguage\":\"pt-PT\"},{\"@type\":\"ImageObject\",\"@id\":\"https:\/\/zecovalve.com\/product\/wafer-dual-plate-check-valve#primaryimage\",\"inLanguage\":\"pt-PT\",\"url\":\"https:\/\/zecovalve.com\/wp-content\/uploads\/2022\/06\/Wafer-Dual-Plate-Check-Valve-2.jpg\",\"width\":800,\"height\":600,\"caption\":\"Wafer Dual Plate Check Valve\"},{\"@type\":\"WebPage\",\"@id\":\"https:\/\/zecovalve.com\/product\/wafer-dual-plate-check-valve#webpage\",\"url\":\"https:\/\/zecovalve.com\/product\/wafer-dual-plate-check-valve\",\"name\":\"Wafer Dual Plate Check Valve - Dual Plate Wafer Check Valve Manufacturer | ZECO\",\"isPartOf\":{\"@id\":\"https:\/\/zecovalve.com\/#website\"},\"primaryImageOfPage\":{\"@id\":\"https:\/\/zecovalve.com\/product\/wafer-dual-plate-check-valve#primaryimage\"},\"datePublished\":\"2022-06-21T07:53:09+00:00\",\"dateModified\":\"2023-06-17T02:31:26+00:00\",\"breadcrumb\":{\"@id\":\"https:\/\/zecovalve.com\/product\/wafer-dual-plate-check-valve#breadcrumb\"},\"inLanguage\":\"pt-PT\",\"potentialAction\":[{\"@type\":\"ReadAction\",\"target\":[\"https:\/\/zecovalve.com\/product\/wafer-dual-plate-check-valve\"]}]},{\"@type\":\"BreadcrumbList\",\"@id\":\"https:\/\/zecovalve.com\/product\/wafer-dual-plate-check-valve#breadcrumb\",\"itemListElement\":[{\"@type\":\"ListItem\",\"position\":1,\"item\":{\"@type\":\"WebPage\",\"@id\":\"https:\/\/zecovalve.com\/\",\"url\":\"https:\/\/zecovalve.com\/\",\"name\":\"Home\"}},{\"@type\":\"ListItem\",\"position\":2,\"item\":{\"@type\":\"WebPage\",\"@id\":\"https:\/\/zecovalve.com\/product-category\",\"url\":\"https:\/\/zecovalve.com\/product-category\",\"name\":\"Industrial Valve Manufacturer | Water Valve Manufacturer\"}},{\"@type\":\"ListItem\",\"position\":3,\"item\":{\"@type\":\"WebPage\",\"@id\":\"https:\/\/zecovalve.com\/product\/wafer-dual-plate-check-valve\",\"url\":\"https:\/\/zecovalve.com\/product\/wafer-dual-plate-check-valve\",\"name\":\"Wafer Dual Plate Check Valve\"}}]}]}<\/script>\n<!-- \/ Yoast SEO Premium plugin. -->","_links":{"self":[{"href":"https:\/\/zecovalve.com\/pt\/wp-json\/wp\/v2\/product\/16567","targetHints":{"allow":["GET"]}}],"collection":[{"href":"https:\/\/zecovalve.com\/pt\/wp-json\/wp\/v2\/product"}],"about":[{"href":"https:\/\/zecovalve.com\/pt\/wp-json\/wp\/v2\/types\/product"}],"replies":[{"embeddable":true,"href":"https:\/\/zecovalve.com\/pt\/wp-json\/wp\/v2\/comments?post=16567"}],"wp:featuredmedia":[{"embeddable":true,"href":"https:\/\/zecovalve.com\/pt\/wp-json\/wp\/v2\/media\/27931"}],"wp:attachment":[{"href":"https:\/\/zecovalve.com\/pt\/wp-json\/wp\/v2\/media?parent=16567"}],"wp:term":[{"taxonomy":"product_cat","embeddable":true,"href":"https:\/\/zecovalve.com\/pt\/wp-json\/wp\/v2\/product_cat?post=16567"},{"taxonomy":"product_tag","embeddable":true,"href":"https:\/\/zecovalve.com\/pt\/wp-json\/wp\/v2\/product_tag?post=16567"}],"curies":[{"name":"wp","href":"https:\/\/api.w.org\/{rel}","templated":true}]}}