{"id":16590,"date":"2022-06-22T05:59:58","date_gmt":"2022-06-22T05:59:58","guid":{"rendered":"https:\/\/zecovalve.com\/?post_type=product&#038;p=16590"},"modified":"2023-06-15T12:54:11","modified_gmt":"2023-06-15T12:54:11","slug":"high-pressure-gate-valve","status":"publish","type":"product","link":"https:\/\/zecovalve.com\/pt\/produto\/high-pressure-gate-valve","title":{"rendered":"V\u00e1lvula de gaveta de alta press\u00e3o"},"content":{"rendered":"<h1 class=\"sep-title\">V\u00e1lvula de gaveta de alta press\u00e3o<\/h1>\n<div class=\"sep-box-detail clearfix\">\n<div class=\"box-lf\">\n<div class=\"thumb\">\n<figure id=\"attachment_16591\" aria-describedby=\"caption-attachment-16591\" style=\"width: 290px\" class=\"wp-caption alignnone\"><img loading=\"lazy\" decoding=\"async\" class=\"size-medium wp-image-16591\" src=\"https:\/\/zecovalve.com\/wp-content\/uploads\/2022\/06\/high-pressure-gate-valve-300x225.jpg\" alt=\"V\u00e1lvula de gaveta de alta press\u00e3o\" width=\"300\" height=\"225\" srcset=\"https:\/\/zecovalve.com\/wp-content\/uploads\/2022\/06\/high-pressure-gate-valve-300x225.jpg 300w, https:\/\/zecovalve.com\/wp-content\/uploads\/2022\/06\/high-pressure-gate-valve-768x576.jpg 768w, https:\/\/zecovalve.com\/wp-content\/uploads\/2022\/06\/high-pressure-gate-valve-600x450.jpg 600w, https:\/\/zecovalve.com\/wp-content\/uploads\/2022\/06\/high-pressure-gate-valve.jpg 800w\" sizes=\"auto, (max-width: 300px) 100vw, 300px\" \/><figcaption id=\"caption-attachment-16591\" class=\"wp-caption-text\">V\u00e1lvula de gaveta de alta press\u00e3o<\/figcaption><\/figure>\n<\/div>\n<div class=\"info\"><a href=\"https:\/\/zecovalve.com\/pt\/products\/high-pressure-gate-valve.html\/#form\"><i class=\"fa fa-commenting-o\" aria-hidden=\"true\"><\/i>\u00a0OBTER PRE\u00c7O DA V\u00c1LVULA<\/a><\/div>\n<\/div>\n<div class=\"box-rt\">\n<div class=\"gg\">\n<div class=\"swiper-container swiper-container-initialized swiper-container-vertical\">\n<div class=\"swiper-wrapper\"><\/div>\n<\/div>\n<\/div>\n<\/div>\n<\/div>\n<div class=\"richtext\">\n<h2>Descri\u00e7\u00e3o da v\u00e1lvula gaveta de alta press\u00e3o:<\/h2>\n<p>Quando a press\u00e3o \u00e9 baixa, a espessura do flange \u00e9 pequena, o aumento de custo n\u00e3o \u00e9 muito, o estresse t\u00e9rmico gerado quando o aquecimento e o resfriamento \u00e9 pequeno, depende da for\u00e7a de aperto dos parafusos e da gaxeta para obter veda\u00e7\u00e3o f\u00e1cil. \u00c9 mais conveniente reparar ou substituir a v\u00e1lvula quando a conex\u00e3o flangeada \u00e9 usada. A press\u00e3o de trabalho da v\u00e1lvula gaveta de alta press\u00e3o ZECO \u00e9 muito alta. Se o flange ainda estiver conectado ao tubo, a espessura do flange ser\u00e1 muito grande. N\u00e3o apenas o custo do flange e do parafuso aumenta obviamente, mas tamb\u00e9m o estresse t\u00e9rmico gerado pelo aquecimento e resfriamento \u00e9 muito grande. \u00c0 medida que a press\u00e3o aumenta, a temperatura do meio de trabalho tamb\u00e9m aumenta, o parafuso no trabalho de longo prazo em alta temperatura aparece o relaxamento, reduz o flange \u00e0 press\u00e3o da junta, f\u00e1cil de causar vazamento na junta. O vazamento de um ter\u00e7o ocorreu n\u00e3o apenas se desenvolveu rapidamente, e o vazamento de alta velocidade do meio \u00e9 f\u00e1cil de soprar para fora da ranhura de perfura\u00e7\u00e3o da superf\u00edcie de veda\u00e7\u00e3o do flange, o reparo \u00e9 mais dif\u00edcil. Se a v\u00e1lvula e o tubo forem soldados, o peso e o custo ser\u00e3o bastante reduzidos, o estresse t\u00e9rmico durante o aquecimento e o resfriamento ser\u00e1 significativamente reduzido, o desempenho da veda\u00e7\u00e3o ser\u00e1 bastante melhorado e, uma vez ocorrido o vazamento, ser\u00e1 f\u00e1cil lidar com isso.<\/p>\n<h2>Caracter\u00edsticas da v\u00e1lvula gaveta de alta press\u00e3o:<\/h2>\n<p>1. A v\u00e1lvula gaveta de alta press\u00e3o ZECO geralmente adota VT (inspe\u00e7\u00e3o visual) para produtos soldados para verificar se h\u00e1 defeitos \u00f3bvios de soldagem, como rachaduras, bordas, arrotos de soldagem, defeitos de moldagem, queimaduras, respingos, etc. inspe\u00e7\u00e3o, o PT \u00e9 usado para verificar se h\u00e1 rachaduras na superf\u00edcie de veda\u00e7\u00e3o e para testar a dureza da superf\u00edcie de veda\u00e7\u00e3o;<\/p>\n<p>2. A porca da haste da v\u00e1lvula gaveta de alta press\u00e3o ZECO \u00e9 substitu\u00edvel em linha;<\/p>\n<p>3. A sede traseira da v\u00e1lvula gaveta de alta press\u00e3o ZECO \u00e9 projetada para aliviar a contrapress\u00e3o na gaxeta da haste quando totalmente assentada;<\/p>\n<p>4. Os an\u00e9is da sede da v\u00e1lvula gaveta de alta press\u00e3o ZECO s\u00e3o soldados por veda\u00e7\u00e3o para fornecer uma junta estanque a bolhas.<\/p>\n<p>&nbsp;<\/p>\n<h2>Material da v\u00e1lvula gaveta de alta press\u00e3o:<\/h2>\n<table>\n<tbody>\n<tr class=\"firstRow\">\n<td valign=\"center\">N\u00e3o<\/td>\n<td valign=\"center\">Parte<\/td>\n<td valign=\"center\">Material<\/td>\n<\/tr>\n<tr>\n<td valign=\"center\">1<\/td>\n<td valign=\"center\">Corpo<\/td>\n<td valign=\"center\">\u00a0ASTM A217 WC9<\/td>\n<\/tr>\n<tr>\n<td valign=\"center\">2<\/td>\n<td valign=\"center\">Anel de assento<\/td>\n<td valign=\"center\">ASTM A182 F22+STL<\/td>\n<\/tr>\n<tr>\n<td valign=\"center\">3<\/td>\n<td valign=\"center\">Cunha<\/td>\n<td valign=\"center\">ASTM A217 WC9+STL<\/td>\n<\/tr>\n<tr>\n<td valign=\"center\">4<\/td>\n<td valign=\"center\">Caule<\/td>\n<td valign=\"center\">ASTM A276 420<\/td>\n<\/tr>\n<tr>\n<td valign=\"center\">5<\/td>\n<td valign=\"center\">Junta da tampa do compartimento<\/td>\n<td valign=\"center\">Grafite + SS316<\/td>\n<\/tr>\n<tr>\n<td valign=\"center\">6<\/td>\n<td valign=\"center\">Parafuso do castelo<\/td>\n<td valign=\"center\">ASTM A193 B16<\/td>\n<\/tr>\n<tr>\n<td valign=\"center\">7<\/td>\n<td valign=\"center\">Porca do castelo<\/td>\n<td valign=\"center\">ASTM A1944<\/td>\n<\/tr>\n<tr>\n<td valign=\"center\">8<\/td>\n<td valign=\"center\">Bon\u00e9<\/td>\n<td valign=\"center\">ASTM A217 WC9<\/td>\n<\/tr>\n<tr>\n<td valign=\"center\">9<\/td>\n<td valign=\"center\">Banco traseiro<\/td>\n<td valign=\"center\">ASTM A182 F6a<\/td>\n<\/tr>\n<tr>\n<td valign=\"center\">10<\/td>\n<td valign=\"center\">Enchimento da haste<\/td>\n<td valign=\"center\">Grafite refor\u00e7ada<\/td>\n<\/tr>\n<tr>\n<td valign=\"center\">11<\/td>\n<td valign=\"center\">Volante<\/td>\n<td valign=\"center\">KTH330-08<\/td>\n<\/tr>\n<\/tbody>\n<\/table>\n<\/div>","protected":false},"excerpt":{"rendered":"<p>V\u00e1lvula gaveta de alta press\u00e3o OBTER PRE\u00c7O DA V\u00c1LVULA Descri\u00e7\u00e3o da v\u00e1lvula gaveta de alta press\u00e3o: Quando a press\u00e3o \u00e9 baixa, a espessura do flange \u00e9 ... <a title=\"V\u00e1lvula de gaveta de alta press\u00e3o\" class=\"read-more\" href=\"https:\/\/zecovalve.com\/pt\/produto\/high-pressure-gate-valve\" aria-label=\"Mais em V\u00e1lvula gaveta de alta press\u00e3o\">Ler mais<\/a><\/p>","protected":false},"featured_media":27893,"comment_status":"closed","ping_status":"closed","template":"","meta":{"_generate-full-width-content":"","kt_blocks_editor_width":""},"product_cat":[2052,2454],"product_tag":[2658,2798],"class_list":["post-16590","product","type-product","status-publish","has-post-thumbnail","hentry","product_cat-gate-valve","product_cat-gate-valve-by-material","product_tag-isolation-valve","product_tag-osy-valve","sales-flash-overlay","woocommerce-text-align-center","woocommerce-image-align-center","do-quantity-buttons"],"featured_image_src_large":["https:\/\/zecovalve.com\/wp-content\/uploads\/2022\/06\/High-Pressure-Gate-Valve-2.jpg",800,600,false],"author_info":[],"comment_info":0,"taxonomy_info":{"product_cat":[{"value":2052,"label":"Gate Valve"},{"value":2454,"label":"Gate Valve By Material"}],"product_tag":[{"value":2658,"label":"Isolation Valve"},{"value":2798,"label":"OS&amp;Y Valve"}]},"yoast_head":"<!-- This site is optimized with the Yoast SEO Premium plugin v15.4 - https:\/\/yoast.com\/wordpress\/plugins\/seo\/ -->\n<title>High Pressure Gate Valve - ZECO Valve<\/title>\n<meta name=\"robots\" content=\"index, follow, max-snippet:-1, max-image-preview:large, max-video-preview:-1\" \/>\n<link rel=\"canonical\" href=\"https:\/\/zecovalve.com\/pt\/produto\/high-pressure-gate-valve\" \/>\n<meta property=\"og:locale\" content=\"pt_PT\" \/>\n<meta property=\"og:type\" content=\"article\" \/>\n<meta property=\"og:title\" content=\"High Pressure Gate Valve - ZECO Valve\" \/>\n<meta property=\"og:description\" content=\"High Pressure Gate Valve \u00a0GET VALVE PRICE Description of High Pressure Gate Valve: When the pressure is low, the flange thickness is ... Ler mais\" \/>\n<meta property=\"og:url\" content=\"https:\/\/zecovalve.com\/pt\/produto\/high-pressure-gate-valve\" \/>\n<meta property=\"og:site_name\" content=\"ZECO Valve\" \/>\n<meta property=\"article:modified_time\" content=\"2023-06-15T12:54:11+00:00\" \/>\n<meta property=\"og:image\" content=\"https:\/\/zecovalve.com\/wp-content\/uploads\/2022\/06\/High-Pressure-Gate-Valve-2.jpg\" \/>\n\t<meta property=\"og:image:width\" content=\"800\" \/>\n\t<meta property=\"og:image:height\" content=\"600\" \/>\n<meta name=\"twitter:card\" content=\"summary_large_image\" \/>\n<meta name=\"twitter:label1\" content=\"Escrito por\">\n\t<meta name=\"twitter:data1\" content=\"Jerry\">\n\t<meta name=\"twitter:label2\" content=\"Tempo estimado de leitura\">\n\t<meta name=\"twitter:data2\" content=\"2 minutos\">\n<script type=\"application\/ld+json\" class=\"yoast-schema-graph\">{\"@context\":\"https:\/\/schema.org\",\"@graph\":[{\"@type\":\"WebSite\",\"@id\":\"https:\/\/zecovalve.com\/#website\",\"url\":\"https:\/\/zecovalve.com\/\",\"name\":\"ZECO Valve\",\"description\":\"Industrial Ball Valve, Gate Valve and Globe Valve Manufacturer\",\"potentialAction\":[{\"@type\":\"SearchAction\",\"target\":\"https:\/\/zecovalve.com\/?s={search_term_string}\",\"query-input\":\"required name=search_term_string\"}],\"inLanguage\":\"pt-PT\"},{\"@type\":\"ImageObject\",\"@id\":\"https:\/\/zecovalve.com\/product\/high-pressure-gate-valve#primaryimage\",\"inLanguage\":\"pt-PT\",\"url\":\"https:\/\/zecovalve.com\/wp-content\/uploads\/2022\/06\/High-Pressure-Gate-Valve-2.jpg\",\"width\":800,\"height\":600,\"caption\":\"High Pressure Gate Valve\"},{\"@type\":\"WebPage\",\"@id\":\"https:\/\/zecovalve.com\/product\/high-pressure-gate-valve#webpage\",\"url\":\"https:\/\/zecovalve.com\/product\/high-pressure-gate-valve\",\"name\":\"High Pressure Gate Valve - ZECO Valve\",\"isPartOf\":{\"@id\":\"https:\/\/zecovalve.com\/#website\"},\"primaryImageOfPage\":{\"@id\":\"https:\/\/zecovalve.com\/product\/high-pressure-gate-valve#primaryimage\"},\"datePublished\":\"2022-06-22T05:59:58+00:00\",\"dateModified\":\"2023-06-15T12:54:11+00:00\",\"breadcrumb\":{\"@id\":\"https:\/\/zecovalve.com\/product\/high-pressure-gate-valve#breadcrumb\"},\"inLanguage\":\"pt-PT\",\"potentialAction\":[{\"@type\":\"ReadAction\",\"target\":[\"https:\/\/zecovalve.com\/product\/high-pressure-gate-valve\"]}]},{\"@type\":\"BreadcrumbList\",\"@id\":\"https:\/\/zecovalve.com\/product\/high-pressure-gate-valve#breadcrumb\",\"itemListElement\":[{\"@type\":\"ListItem\",\"position\":1,\"item\":{\"@type\":\"WebPage\",\"@id\":\"https:\/\/zecovalve.com\/\",\"url\":\"https:\/\/zecovalve.com\/\",\"name\":\"Home\"}},{\"@type\":\"ListItem\",\"position\":2,\"item\":{\"@type\":\"WebPage\",\"@id\":\"https:\/\/zecovalve.com\/product-category\",\"url\":\"https:\/\/zecovalve.com\/product-category\",\"name\":\"Industrial Valve Manufacturer | Water Valve Manufacturer\"}},{\"@type\":\"ListItem\",\"position\":3,\"item\":{\"@type\":\"WebPage\",\"@id\":\"https:\/\/zecovalve.com\/product\/high-pressure-gate-valve\",\"url\":\"https:\/\/zecovalve.com\/product\/high-pressure-gate-valve\",\"name\":\"High Pressure Gate Valve\"}}]}]}<\/script>\n<!-- \/ Yoast SEO Premium plugin. -->","_links":{"self":[{"href":"https:\/\/zecovalve.com\/pt\/wp-json\/wp\/v2\/product\/16590","targetHints":{"allow":["GET"]}}],"collection":[{"href":"https:\/\/zecovalve.com\/pt\/wp-json\/wp\/v2\/product"}],"about":[{"href":"https:\/\/zecovalve.com\/pt\/wp-json\/wp\/v2\/types\/product"}],"replies":[{"embeddable":true,"href":"https:\/\/zecovalve.com\/pt\/wp-json\/wp\/v2\/comments?post=16590"}],"wp:featuredmedia":[{"embeddable":true,"href":"https:\/\/zecovalve.com\/pt\/wp-json\/wp\/v2\/media\/27893"}],"wp:attachment":[{"href":"https:\/\/zecovalve.com\/pt\/wp-json\/wp\/v2\/media?parent=16590"}],"wp:term":[{"taxonomy":"product_cat","embeddable":true,"href":"https:\/\/zecovalve.com\/pt\/wp-json\/wp\/v2\/product_cat?post=16590"},{"taxonomy":"product_tag","embeddable":true,"href":"https:\/\/zecovalve.com\/pt\/wp-json\/wp\/v2\/product_tag?post=16590"}],"curies":[{"name":"wp","href":"https:\/\/api.w.org\/{rel}","templated":true}]}}