{"id":16644,"date":"2022-06-22T07:41:11","date_gmt":"2022-06-22T07:41:11","guid":{"rendered":"https:\/\/zecovalve.com\/?post_type=product&#038;p=16644"},"modified":"2022-07-10T02:25:36","modified_gmt":"2022-07-10T02:25:36","slug":"carbon-steel-ball-valve","status":"publish","type":"product","link":"https:\/\/zecovalve.com\/pt\/produto\/carbon-steel-ball-valve","title":{"rendered":"V\u00e1lvula de esfera em a\u00e7o carbono"},"content":{"rendered":"<h1 class=\"sep-title\">V\u00e1lvula de esfera em a\u00e7o carbono<\/h1>\n<div class=\"sep-box-detail clearfix\">\n<div class=\"box-lf\">\n<div class=\"thumb\">\n<figure id=\"attachment_16645\" aria-describedby=\"caption-attachment-16645\" style=\"width: 290px\" class=\"wp-caption alignnone\"><img loading=\"lazy\" decoding=\"async\" class=\"size-medium wp-image-16645\" src=\"https:\/\/zecovalve.com\/wp-content\/uploads\/2022\/06\/carbon-steel-ball-valve-1-300x225.jpg\" alt=\"V\u00e1lvula de esfera em a\u00e7o carbono\" width=\"300\" height=\"225\" srcset=\"https:\/\/zecovalve.com\/wp-content\/uploads\/2022\/06\/carbon-steel-ball-valve-1-300x225.jpg 300w, https:\/\/zecovalve.com\/wp-content\/uploads\/2022\/06\/carbon-steel-ball-valve-1-768x576.jpg 768w, https:\/\/zecovalve.com\/wp-content\/uploads\/2022\/06\/carbon-steel-ball-valve-1-600x450.jpg 600w, https:\/\/zecovalve.com\/wp-content\/uploads\/2022\/06\/carbon-steel-ball-valve-1.jpg 800w\" sizes=\"auto, (max-width: 300px) 100vw, 300px\" \/><figcaption id=\"caption-attachment-16645\" class=\"wp-caption-text\">V\u00e1lvula de esfera em a\u00e7o carbono<\/figcaption><\/figure>\n<p><img loading=\"lazy\" decoding=\"async\" class=\"alignnone size-medium wp-image-16646\" src=\"https:\/\/zecovalve.com\/wp-content\/uploads\/2022\/06\/carbon-steel-ball-valve-3-300x225.jpg\" alt=\"\" width=\"300\" height=\"225\" srcset=\"https:\/\/zecovalve.com\/wp-content\/uploads\/2022\/06\/carbon-steel-ball-valve-3-300x225.jpg 300w, https:\/\/zecovalve.com\/wp-content\/uploads\/2022\/06\/carbon-steel-ball-valve-3-768x576.jpg 768w, https:\/\/zecovalve.com\/wp-content\/uploads\/2022\/06\/carbon-steel-ball-valve-3-600x450.jpg 600w, https:\/\/zecovalve.com\/wp-content\/uploads\/2022\/06\/carbon-steel-ball-valve-3.jpg 800w\" sizes=\"auto, (max-width: 300px) 100vw, 300px\" \/> <img loading=\"lazy\" decoding=\"async\" class=\"alignnone size-medium wp-image-16647\" src=\"https:\/\/zecovalve.com\/wp-content\/uploads\/2022\/06\/carbon-steel-ball-valve-4-300x225.jpg\" alt=\"\" width=\"300\" height=\"225\" srcset=\"https:\/\/zecovalve.com\/wp-content\/uploads\/2022\/06\/carbon-steel-ball-valve-4-300x225.jpg 300w, https:\/\/zecovalve.com\/wp-content\/uploads\/2022\/06\/carbon-steel-ball-valve-4-768x576.jpg 768w, https:\/\/zecovalve.com\/wp-content\/uploads\/2022\/06\/carbon-steel-ball-valve-4-600x450.jpg 600w, https:\/\/zecovalve.com\/wp-content\/uploads\/2022\/06\/carbon-steel-ball-valve-4.jpg 800w\" sizes=\"auto, (max-width: 300px) 100vw, 300px\" \/> <img loading=\"lazy\" decoding=\"async\" class=\"alignnone size-medium wp-image-16648\" src=\"https:\/\/zecovalve.com\/wp-content\/uploads\/2022\/06\/gear-operated-ball-valve-5-300x225.jpg\" alt=\"\" width=\"300\" height=\"225\" srcset=\"https:\/\/zecovalve.com\/wp-content\/uploads\/2022\/06\/gear-operated-ball-valve-5-300x225.jpg 300w, https:\/\/zecovalve.com\/wp-content\/uploads\/2022\/06\/gear-operated-ball-valve-5-768x576.jpg 768w, https:\/\/zecovalve.com\/wp-content\/uploads\/2022\/06\/gear-operated-ball-valve-5-600x450.jpg 600w, https:\/\/zecovalve.com\/wp-content\/uploads\/2022\/06\/gear-operated-ball-valve-5.jpg 800w\" sizes=\"auto, (max-width: 300px) 100vw, 300px\" \/><\/div>\n<div class=\"info\"><a href=\"https:\/\/zecovalve.com\/pt\/products\/carbon-steel-ball-valve.html\/#form\"><i class=\"fa fa-commenting-o\" aria-hidden=\"true\"><\/i>\u00a0OBTER PRE\u00c7O DA V\u00c1LVULA<\/a><\/div>\n<\/div>\n<div class=\"box-rt\">\n<div class=\"gg\">\n<div class=\"swiper-container swiper-container-initialized swiper-container-vertical\">\n<div class=\"swiper-wrapper\">\n<div class=\"swiper-slide swiper-slide-prev\">\n<div class=\"img\"><\/div>\n<\/div>\n<\/div>\n<\/div>\n<\/div>\n<div class=\"swiper-button-next swiper-button-disabled\" tabindex=\"0\" role=\"button\" aria-label=\"Pr\u00f3ximo slide\" aria-disabled=\"true\"><\/div>\n<\/div>\n<\/div>\n<div class=\"richtext\">\n<h2>Descri\u00e7\u00e3o da v\u00e1lvula esf\u00e9rica de a\u00e7o carbono:<\/h2>\n<p>A v\u00e1lvula de esfera de a\u00e7o carbono ZECO \u00e9 geralmente usada em meios n\u00e3o corrosivos, sob certas condi\u00e7\u00f5es, como uma certa faixa de temperatura, as condi\u00e7\u00f5es de concentra\u00e7\u00e3o tamb\u00e9m podem ser usadas em alguns meios corrosivos. Temperatura adequada em \u2013 29 \u2103 ~ 425 \u2103, a marca comumente usada para WCA de ASTM A216 \/ A216M, WCB, WCC. Quando a exig\u00eancia de resist\u00eancia \u00e9 maior, adota-se o WCC, pois o teor de Mn no WCC \u00e9 maior, o que melhora o efeito de refor\u00e7o do a\u00e7o.<\/p>\n<h2>Caracter\u00edsticas da v\u00e1lvula esf\u00e9rica de a\u00e7o carbono:<\/h2>\n<p>1. O efeito de pist\u00e3o \u00fanico \u00e9 o projeto padr\u00e3o para a v\u00e1lvula esf\u00e9rica de a\u00e7o carbono ZECO. A press\u00e3o dos lados a montante e a jusante empurra os an\u00e9is da sede contra a esfera. Se a for\u00e7a criada pela press\u00e3o da cavidade do corpo for maior que a for\u00e7a da mola pr\u00e9-carregada mais a for\u00e7a criada pela press\u00e3o do lado a montante ou a jusante, as sedes ser\u00e3o empurradas para longe da esfera. Assim, qualquer sobrepress\u00e3o na cavidade do corpo \u00e9 liberada automaticamente na posi\u00e7\u00e3o totalmente aberta ou totalmente fechada das v\u00e1lvulas;<\/p>\n<p>2. A v\u00e1lvula de esfera de a\u00e7o carbono ZECO tem um design \u00e0 prova de fogo. O vazamento na \u00e1rea da haste da v\u00e1lvula \u00e9 evitado por dois an\u00e9is de veda\u00e7\u00e3o e uma gaxeta. O vazamento atrav\u00e9s da conex\u00e3o do corpo da v\u00e1lvula tamb\u00e9m \u00e9 bloqueado por um anel de veda\u00e7\u00e3o e uma junta do corpo. Depois que um inc\u00eandio deteriorou os an\u00e9is de veda\u00e7\u00e3o, a sobreposta e a junta do corpo, a gaxeta da haste \u00e0 prova de fogo evita vazamentos externos;<\/p>\n<p>3. A v\u00e1lvula esf\u00e9rica de a\u00e7o carbono ZECO possui um dispositivo antiest\u00e1tico, evitando os danos da eletricidade est\u00e1tica na tubula\u00e7\u00e3o;<\/p>\n<p>4. A v\u00e1lvula de esfera de a\u00e7o carbono ZECO possui um design de haste anti-explos\u00e3o para evitar ferimentos pessoais causados pela haste voadora durante a manuten\u00e7\u00e3o.<\/p>\n<h2>Material da v\u00e1lvula esf\u00e9rica de a\u00e7o carbono:<\/h2>\n<table>\n<tbody>\n<tr class=\"firstRow\">\n<td valign=\"center\">N\u00e3o<\/td>\n<td valign=\"center\">Parte<\/td>\n<td valign=\"center\">Material<\/td>\n<\/tr>\n<tr>\n<td valign=\"center\">1<\/td>\n<td valign=\"center\">Corpo<\/td>\n<td valign=\"center\">ASTM A216 WCB<\/td>\n<\/tr>\n<tr>\n<td valign=\"center\">2<\/td>\n<td valign=\"center\">Bon\u00e9<\/td>\n<td valign=\"center\">ASTM A216 WCB<\/td>\n<\/tr>\n<tr>\n<td valign=\"center\">3<\/td>\n<td valign=\"center\">Bola<\/td>\n<td valign=\"center\">ASTM A182 F316<\/td>\n<\/tr>\n<tr>\n<td valign=\"center\">4<\/td>\n<td valign=\"center\">Assento<\/td>\n<td valign=\"center\">ASTM A182 F316 + PTFE<\/td>\n<\/tr>\n<tr>\n<td valign=\"center\">5<\/td>\n<td valign=\"center\">Caule<\/td>\n<td valign=\"center\">ASTM A276 316<\/td>\n<\/tr>\n<tr>\n<td valign=\"center\">6<\/td>\n<td valign=\"center\">Dispositivo anti-est\u00e1tico<\/td>\n<td valign=\"center\">SS316<\/td>\n<\/tr>\n<tr>\n<td valign=\"center\">7<\/td>\n<td valign=\"center\">Junta de veda\u00e7\u00e3o<\/td>\n<td valign=\"center\">Grafite + SS316<\/td>\n<\/tr>\n<tr>\n<td valign=\"center\">8<\/td>\n<td valign=\"center\">Parafuso<\/td>\n<td valign=\"center\">ASTM A193 B7<\/td>\n<\/tr>\n<tr>\n<td valign=\"center\">9<\/td>\n<td valign=\"center\">Porca<\/td>\n<td valign=\"center\">ASTM A194 2H<\/td>\n<\/tr>\n<tr>\n<td valign=\"center\">10<\/td>\n<td valign=\"center\">O-ring<\/td>\n<td valign=\"center\">Viton A<\/td>\n<\/tr>\n<tr>\n<td valign=\"center\">11<\/td>\n<td valign=\"center\">Alavanca<\/td>\n<td valign=\"center\">ASTM A216 WCB<\/td>\n<\/tr>\n<\/tbody>\n<\/table>\n<\/div>","protected":false},"excerpt":{"rendered":"<p>V\u00e1lvula esfera de a\u00e7o carbono OBTER PRE\u00c7O DA V\u00c1LVULA Descri\u00e7\u00e3o da v\u00e1lvula esfera de a\u00e7o carbono: A v\u00e1lvula esfera de a\u00e7o carbono ZECO \u00e9 geralmente usada em meios n\u00e3o corrosivos, sob\u2026 <a title=\"V\u00e1lvula de esfera em a\u00e7o carbono\" class=\"read-more\" href=\"https:\/\/zecovalve.com\/pt\/produto\/carbon-steel-ball-valve\" aria-label=\"Mais em V\u00e1lvula Esfera em A\u00e7o Carbono\">Ler mais<\/a><\/p>","protected":false},"featured_media":16645,"comment_status":"closed","ping_status":"closed","template":"","meta":{"_generate-full-width-content":"","kt_blocks_editor_width":""},"product_cat":[2047,2461],"product_tag":[2804,2658],"class_list":["post-16644","product","type-product","status-publish","has-post-thumbnail","hentry","product_cat-ball-valve","product_cat-ball-valve-by-material","product_tag-2-inch-ball-valve","product_tag-isolation-valve","sales-flash-overlay","woocommerce-text-align-center","woocommerce-image-align-center","do-quantity-buttons"],"featured_image_src_large":["https:\/\/zecovalve.com\/wp-content\/uploads\/2022\/06\/carbon-steel-ball-valve-1.jpg",800,600,false],"author_info":[],"comment_info":0,"taxonomy_info":{"product_cat":[{"value":2047,"label":"Ball Valve"},{"value":2461,"label":"Ball Valve By Material"}],"product_tag":[{"value":2804,"label":"2 inch Ball Valve"},{"value":2658,"label":"Isolation Valve"}]},"yoast_head":"<!-- This site is optimized with the Yoast SEO Premium plugin v15.4 - https:\/\/yoast.com\/wordpress\/plugins\/seo\/ -->\n<title>Carbon Steel Ball Valve - ZECO Valve<\/title>\n<meta name=\"robots\" content=\"index, follow, max-snippet:-1, max-image-preview:large, max-video-preview:-1\" \/>\n<link rel=\"canonical\" href=\"https:\/\/zecovalve.com\/pt\/produto\/carbon-steel-ball-valve\" \/>\n<meta property=\"og:locale\" content=\"pt_PT\" \/>\n<meta property=\"og:type\" content=\"article\" \/>\n<meta property=\"og:title\" content=\"Carbon Steel Ball Valve - ZECO Valve\" \/>\n<meta property=\"og:description\" content=\"Carbon Steel Ball Valve \u00a0GET VALVE PRICE Description of Carbon Steel Ball Valve: ZECO\u00a0carbon steel\u00a0ball valve\u00a0is usually used in non-corrosive media, under ... Ler mais\" \/>\n<meta property=\"og:url\" content=\"https:\/\/zecovalve.com\/pt\/produto\/carbon-steel-ball-valve\" \/>\n<meta property=\"og:site_name\" content=\"ZECO Valve\" \/>\n<meta property=\"article:modified_time\" content=\"2022-07-10T02:25:36+00:00\" \/>\n<meta property=\"og:image\" content=\"https:\/\/zecovalve.com\/wp-content\/uploads\/2022\/06\/carbon-steel-ball-valve-1.jpg\" \/>\n\t<meta property=\"og:image:width\" content=\"800\" \/>\n\t<meta property=\"og:image:height\" content=\"600\" \/>\n<meta name=\"twitter:card\" content=\"summary_large_image\" \/>\n<meta name=\"twitter:label1\" content=\"Escrito por\">\n\t<meta name=\"twitter:data1\" content=\"Jerry\">\n\t<meta name=\"twitter:label2\" content=\"Tempo estimado de leitura\">\n\t<meta name=\"twitter:data2\" content=\"1 minuto\">\n<script type=\"application\/ld+json\" class=\"yoast-schema-graph\">{\"@context\":\"https:\/\/schema.org\",\"@graph\":[{\"@type\":\"WebSite\",\"@id\":\"https:\/\/zecovalve.com\/#website\",\"url\":\"https:\/\/zecovalve.com\/\",\"name\":\"ZECO Valve\",\"description\":\"Industrial Ball Valve, Gate Valve and Globe Valve Manufacturer\",\"potentialAction\":[{\"@type\":\"SearchAction\",\"target\":\"https:\/\/zecovalve.com\/?s={search_term_string}\",\"query-input\":\"required name=search_term_string\"}],\"inLanguage\":\"pt-PT\"},{\"@type\":\"ImageObject\",\"@id\":\"https:\/\/zecovalve.com\/product\/carbon-steel-ball-valve#primaryimage\",\"inLanguage\":\"pt-PT\",\"url\":\"https:\/\/zecovalve.com\/wp-content\/uploads\/2022\/06\/carbon-steel-ball-valve-1.jpg\",\"width\":800,\"height\":600,\"caption\":\"Carbon Steel Ball Valve\"},{\"@type\":\"WebPage\",\"@id\":\"https:\/\/zecovalve.com\/product\/carbon-steel-ball-valve#webpage\",\"url\":\"https:\/\/zecovalve.com\/product\/carbon-steel-ball-valve\",\"name\":\"Carbon Steel Ball Valve - ZECO Valve\",\"isPartOf\":{\"@id\":\"https:\/\/zecovalve.com\/#website\"},\"primaryImageOfPage\":{\"@id\":\"https:\/\/zecovalve.com\/product\/carbon-steel-ball-valve#primaryimage\"},\"datePublished\":\"2022-06-22T07:41:11+00:00\",\"dateModified\":\"2022-07-10T02:25:36+00:00\",\"breadcrumb\":{\"@id\":\"https:\/\/zecovalve.com\/product\/carbon-steel-ball-valve#breadcrumb\"},\"inLanguage\":\"pt-PT\",\"potentialAction\":[{\"@type\":\"ReadAction\",\"target\":[\"https:\/\/zecovalve.com\/product\/carbon-steel-ball-valve\"]}]},{\"@type\":\"BreadcrumbList\",\"@id\":\"https:\/\/zecovalve.com\/product\/carbon-steel-ball-valve#breadcrumb\",\"itemListElement\":[{\"@type\":\"ListItem\",\"position\":1,\"item\":{\"@type\":\"WebPage\",\"@id\":\"https:\/\/zecovalve.com\/\",\"url\":\"https:\/\/zecovalve.com\/\",\"name\":\"Home\"}},{\"@type\":\"ListItem\",\"position\":2,\"item\":{\"@type\":\"WebPage\",\"@id\":\"https:\/\/zecovalve.com\/product-category\",\"url\":\"https:\/\/zecovalve.com\/product-category\",\"name\":\"Industrial Valve Manufacturer | Water Valve Manufacturer\"}},{\"@type\":\"ListItem\",\"position\":3,\"item\":{\"@type\":\"WebPage\",\"@id\":\"https:\/\/zecovalve.com\/product\/carbon-steel-ball-valve\",\"url\":\"https:\/\/zecovalve.com\/product\/carbon-steel-ball-valve\",\"name\":\"Carbon Steel Ball Valve\"}}]}]}<\/script>\n<!-- \/ Yoast SEO Premium plugin. -->","_links":{"self":[{"href":"https:\/\/zecovalve.com\/pt\/wp-json\/wp\/v2\/product\/16644","targetHints":{"allow":["GET"]}}],"collection":[{"href":"https:\/\/zecovalve.com\/pt\/wp-json\/wp\/v2\/product"}],"about":[{"href":"https:\/\/zecovalve.com\/pt\/wp-json\/wp\/v2\/types\/product"}],"replies":[{"embeddable":true,"href":"https:\/\/zecovalve.com\/pt\/wp-json\/wp\/v2\/comments?post=16644"}],"wp:featuredmedia":[{"embeddable":true,"href":"https:\/\/zecovalve.com\/pt\/wp-json\/wp\/v2\/media\/16645"}],"wp:attachment":[{"href":"https:\/\/zecovalve.com\/pt\/wp-json\/wp\/v2\/media?parent=16644"}],"wp:term":[{"taxonomy":"product_cat","embeddable":true,"href":"https:\/\/zecovalve.com\/pt\/wp-json\/wp\/v2\/product_cat?post=16644"},{"taxonomy":"product_tag","embeddable":true,"href":"https:\/\/zecovalve.com\/pt\/wp-json\/wp\/v2\/product_tag?post=16644"}],"curies":[{"name":"wp","href":"https:\/\/api.w.org\/{rel}","templated":true}]}}