{"id":16663,"date":"2022-06-22T08:06:32","date_gmt":"2022-06-22T08:06:32","guid":{"rendered":"https:\/\/zecovalve.com\/?post_type=product&#038;p=16663"},"modified":"2022-06-28T03:25:21","modified_gmt":"2022-06-28T03:25:21","slug":"lug-butterfly-valve","status":"publish","type":"product","link":"https:\/\/zecovalve.com\/pt\/produto\/lug-butterfly-valve","title":{"rendered":"V\u00e1lvula de borboleta de encaixe"},"content":{"rendered":"<h1 class=\"sep-title\">V\u00e1lvula de borboleta de encaixe<\/h1>\n<div class=\"sep-box-detail clearfix\">\n<div class=\"box-lf\">\n<div class=\"thumb\">\n<figure id=\"attachment_16664\" aria-describedby=\"caption-attachment-16664\" style=\"width: 290px\" class=\"wp-caption alignnone\"><img loading=\"lazy\" decoding=\"async\" class=\"size-medium wp-image-16664\" src=\"https:\/\/zecovalve.com\/wp-content\/uploads\/2022\/06\/lug-butterfly-valve-300x225.jpg\" alt=\"V\u00e1lvula de borboleta de encaixe\" width=\"300\" height=\"225\" srcset=\"https:\/\/zecovalve.com\/wp-content\/uploads\/2022\/06\/lug-butterfly-valve-300x225.jpg 300w, https:\/\/zecovalve.com\/wp-content\/uploads\/2022\/06\/lug-butterfly-valve-768x576.jpg 768w, https:\/\/zecovalve.com\/wp-content\/uploads\/2022\/06\/lug-butterfly-valve-600x450.jpg 600w, https:\/\/zecovalve.com\/wp-content\/uploads\/2022\/06\/lug-butterfly-valve.jpg 800w\" sizes=\"auto, (max-width: 300px) 100vw, 300px\" \/><figcaption id=\"caption-attachment-16664\" class=\"wp-caption-text\">V\u00e1lvula de borboleta de encaixe<\/figcaption><\/figure>\n<\/div>\n<div class=\"info\"><a href=\"https:\/\/zecovalve.com\/pt\/products\/lug-butterfly-valve.html\/#form\"><i class=\"fa fa-commenting-o\" aria-hidden=\"true\"><\/i>\u00a0OBTER PRE\u00c7O DA V\u00c1LVULA<\/a><\/div>\n<\/div>\n<div class=\"box-rt\">\n<div class=\"gg\">\n<div class=\"swiper-container swiper-container-initialized swiper-container-vertical\">\n<div class=\"swiper-wrapper\"><\/div>\n<\/div>\n<\/div>\n<\/div>\n<\/div>\n<div class=\"richtext\">\n<h2>Descri\u00e7\u00e3o:<\/h2>\n<p>A v\u00e1lvula borboleta lug ZECO \u00e9 uma das v\u00e1lvulas borboleta wafer. Quando instalada, a v\u00e1lvula \u00e9 conectada entre dois flanges de tubo com parafusos de cabe\u00e7a dupla. Geralmente \u00e9 usado em situa\u00e7\u00f5es onde a resist\u00eancia do terminal do tubo e da tubula\u00e7\u00e3o \u00e9 alta. A v\u00e1lvula borboleta Lug possui estrutura de veda\u00e7\u00e3o resiliente e estrutura de veda\u00e7\u00e3o met\u00e1lica, de acordo com a situa\u00e7\u00e3o real que o usu\u00e1rio escolher. O tamanho da extremidade do flange da v\u00e1lvula borboleta ZECO pode ser produzido de acordo com os requisitos dos usu\u00e1rios. Atualmente, nossos moldes podem atender aos requisitos dos padr\u00f5es ASME B16.5, DIN e BS para atender aos requisitos reais de instala\u00e7\u00e3o dos usu\u00e1rios. A ZECO \u00e9 um fabricante profissional de v\u00e1lvulas borboleta lug, cujos produtos t\u00eam sido utilizados por empresas de petr\u00f3leo e g\u00e1s e empresas operacionais industriais em todo o mundo.<\/p>\n<p>&nbsp;<\/p>\n<p>&nbsp;<\/p>\n<h2>Caracter\u00edsticas:<\/h2>\n<p>1. A v\u00e1lvula borboleta ZECO tem estrutura de deslocamento triplo e estrutura de alto desempenho de deslocamento duplo, pode ser produzida de acordo com os requisitos. A sede de veda\u00e7\u00e3o autoajust\u00e1vel exclusiva \u00e9 adotada na estrutura exc\u00eantrica dupla. Quando o disco borboleta estiver fechado e pronto para abrir, o anel de veda\u00e7\u00e3o de PTFE ser\u00e1 redefinido automaticamente e restaurar\u00e1 a posi\u00e7\u00e3o el\u00e1stica original. Ao fechar, o anel de veda\u00e7\u00e3o de PTFE ser\u00e1 comprimido pela for\u00e7a de fechamento do disco borboleta para garantir a veda\u00e7\u00e3o;<\/p>\n<p>2. A v\u00e1lvula borboleta ZECO n\u00e3o precisa adicionar o-ring ou pe\u00e7as de metal para manter a veda\u00e7\u00e3o, longa vida \u00fatil e baixos custos de manuten\u00e7\u00e3o;<\/p>\n<p>3. A estrutura de veda\u00e7\u00e3o tipo l\u00e1bio da v\u00e1lvula borboleta ZECO pode compensar mudan\u00e7as de temperatura e press\u00e3o;<\/p>\n<p>4. V\u00e1lvula borboleta ZECO no teste de veda\u00e7\u00e3o, sem bolhas e vazamento em ambas as dire\u00e7\u00f5es, garante que os usu\u00e1rios possam instalar v\u00e1lvulas na tubula\u00e7\u00e3o de acordo com os requisitos, sem requisitos de dire\u00e7\u00e3o.<\/p>\n<p>&nbsp;<\/p>\n<p>&nbsp;<\/p>\n<p>&nbsp;<\/p>\n<h2>Material:<\/h2>\n<table>\n<tbody>\n<tr class=\"firstRow\">\n<td valign=\"center\">N\u00e3o<\/td>\n<td valign=\"center\">Parte<\/td>\n<td valign=\"center\">Material<\/td>\n<\/tr>\n<tr>\n<td valign=\"center\">1<\/td>\n<td valign=\"center\">Corpo<\/td>\n<td valign=\"center\">ASTM A216 WCB<\/td>\n<\/tr>\n<tr>\n<td valign=\"center\">2<\/td>\n<td valign=\"center\">Anel de veda\u00e7\u00e3o<\/td>\n<td valign=\"center\">Grafite + SS304<\/td>\n<\/tr>\n<tr>\n<td valign=\"center\">3<\/td>\n<td valign=\"center\">Flange de reten\u00e7\u00e3o<\/td>\n<td valign=\"center\">ASTM A105<\/td>\n<\/tr>\n<tr>\n<td valign=\"center\">4<\/td>\n<td valign=\"center\">Pino<\/td>\n<td valign=\"center\">ASTM A276 420<\/td>\n<\/tr>\n<tr>\n<td valign=\"center\">5<\/td>\n<td valign=\"center\">Disco<\/td>\n<td valign=\"center\">ASTM A216 WCB<\/td>\n<\/tr>\n<tr>\n<td valign=\"center\">6<\/td>\n<td valign=\"center\">Caule<\/td>\n<td valign=\"center\">ASTM A276 410<\/td>\n<\/tr>\n<tr>\n<td valign=\"center\">7<\/td>\n<td valign=\"center\">Enchimento da haste<\/td>\n<td valign=\"center\">Grafite<\/td>\n<\/tr>\n<tr>\n<td valign=\"center\">8<\/td>\n<td valign=\"center\">Batimento do tronco<\/td>\n<td valign=\"center\">SS304 + PTFE<\/td>\n<\/tr>\n<tr>\n<td valign=\"center\">9<\/td>\n<td valign=\"center\">Parafuso<\/td>\n<td valign=\"center\">ASTM A193 B7<\/td>\n<\/tr>\n<tr>\n<td valign=\"center\">10<\/td>\n<td valign=\"center\">Porca<\/td>\n<td valign=\"center\">ASTM A194 2H<\/td>\n<\/tr>\n<tr>\n<td valign=\"center\">11<\/td>\n<td valign=\"center\">Jugo<\/td>\n<td valign=\"center\">ASTM A216 WCB<\/td>\n<\/tr>\n<\/tbody>\n<\/table>\n<\/div>","protected":false},"excerpt":{"rendered":"<p>V\u00e1lvula borboleta lug OBTER PRE\u00c7O DA V\u00c1LVULA Descri\u00e7\u00e3o: A v\u00e1lvula borboleta lug ZECO \u00e9 uma das v\u00e1lvulas borboleta wafer. Quando instalada, a v\u00e1lvula ... <a title=\"V\u00e1lvula de borboleta de encaixe\" class=\"read-more\" href=\"https:\/\/zecovalve.com\/pt\/produto\/lug-butterfly-valve\" aria-label=\"Mais em V\u00e1lvula Borboleta Lug\">Ler mais<\/a><\/p>","protected":false},"featured_media":16664,"comment_status":"closed","ping_status":"closed","template":"","meta":{"_generate-full-width-content":"","kt_blocks_editor_width":""},"product_cat":[2044,2467,2604],"product_tag":[],"class_list":["post-16663","product","type-product","status-publish","has-post-thumbnail","hentry","product_cat-butterfly-valve","product_cat-butterfly-valve-by-form","product_cat-triple-offset-butterfly-valve","sales-flash-overlay","woocommerce-text-align-center","woocommerce-image-align-center","do-quantity-buttons"],"featured_image_src_large":["https:\/\/zecovalve.com\/wp-content\/uploads\/2022\/06\/lug-butterfly-valve.jpg",800,600,false],"author_info":[],"comment_info":0,"taxonomy_info":{"product_cat":[{"value":2044,"label":"Butterfly Valve"},{"value":2467,"label":"Butterfly Valve By Form"},{"value":2604,"label":"Triple Offset Butterfly Valve"}]},"yoast_head":"<!-- This site is optimized with the Yoast SEO Premium plugin v15.4 - https:\/\/yoast.com\/wordpress\/plugins\/seo\/ -->\n<title>Lug Butterfly Valve - ZECO Valve<\/title>\n<meta name=\"robots\" content=\"index, follow, max-snippet:-1, max-image-preview:large, max-video-preview:-1\" \/>\n<link rel=\"canonical\" href=\"https:\/\/zecovalve.com\/pt\/produto\/lug-butterfly-valve\" \/>\n<meta property=\"og:locale\" content=\"pt_PT\" \/>\n<meta property=\"og:type\" content=\"article\" \/>\n<meta property=\"og:title\" content=\"Lug Butterfly Valve - ZECO Valve\" \/>\n<meta property=\"og:description\" content=\"Lug Butterfly Valve \u00a0GET VALVE PRICE Description: ZECO lug butterfly valve is one of the wafer butterfly valves. When installed, the valve ... Ler mais\" \/>\n<meta property=\"og:url\" content=\"https:\/\/zecovalve.com\/pt\/produto\/lug-butterfly-valve\" \/>\n<meta property=\"og:site_name\" content=\"ZECO Valve\" \/>\n<meta property=\"article:modified_time\" content=\"2022-06-28T03:25:21+00:00\" \/>\n<meta property=\"og:image\" content=\"https:\/\/zecovalve.com\/wp-content\/uploads\/2022\/06\/lug-butterfly-valve.jpg\" \/>\n\t<meta property=\"og:image:width\" content=\"800\" \/>\n\t<meta property=\"og:image:height\" content=\"600\" \/>\n<meta name=\"twitter:card\" content=\"summary_large_image\" \/>\n<meta name=\"twitter:label1\" content=\"Escrito por\">\n\t<meta name=\"twitter:data1\" content=\"Jerry\">\n\t<meta name=\"twitter:label2\" content=\"Tempo estimado de leitura\">\n\t<meta name=\"twitter:data2\" content=\"1 minuto\">\n<script type=\"application\/ld+json\" class=\"yoast-schema-graph\">{\"@context\":\"https:\/\/schema.org\",\"@graph\":[{\"@type\":\"WebSite\",\"@id\":\"https:\/\/zecovalve.com\/#website\",\"url\":\"https:\/\/zecovalve.com\/\",\"name\":\"ZECO Valve\",\"description\":\"Industrial Ball Valve, Gate Valve and Globe Valve Manufacturer\",\"potentialAction\":[{\"@type\":\"SearchAction\",\"target\":\"https:\/\/zecovalve.com\/?s={search_term_string}\",\"query-input\":\"required name=search_term_string\"}],\"inLanguage\":\"pt-PT\"},{\"@type\":\"ImageObject\",\"@id\":\"https:\/\/zecovalve.com\/product\/lug-butterfly-valve#primaryimage\",\"inLanguage\":\"pt-PT\",\"url\":\"https:\/\/zecovalve.com\/wp-content\/uploads\/2022\/06\/lug-butterfly-valve.jpg\",\"width\":800,\"height\":600,\"caption\":\"Lug Butterfly Valve\"},{\"@type\":\"WebPage\",\"@id\":\"https:\/\/zecovalve.com\/product\/lug-butterfly-valve#webpage\",\"url\":\"https:\/\/zecovalve.com\/product\/lug-butterfly-valve\",\"name\":\"Lug Butterfly Valve - ZECO Valve\",\"isPartOf\":{\"@id\":\"https:\/\/zecovalve.com\/#website\"},\"primaryImageOfPage\":{\"@id\":\"https:\/\/zecovalve.com\/product\/lug-butterfly-valve#primaryimage\"},\"datePublished\":\"2022-06-22T08:06:32+00:00\",\"dateModified\":\"2022-06-28T03:25:21+00:00\",\"breadcrumb\":{\"@id\":\"https:\/\/zecovalve.com\/product\/lug-butterfly-valve#breadcrumb\"},\"inLanguage\":\"pt-PT\",\"potentialAction\":[{\"@type\":\"ReadAction\",\"target\":[\"https:\/\/zecovalve.com\/product\/lug-butterfly-valve\"]}]},{\"@type\":\"BreadcrumbList\",\"@id\":\"https:\/\/zecovalve.com\/product\/lug-butterfly-valve#breadcrumb\",\"itemListElement\":[{\"@type\":\"ListItem\",\"position\":1,\"item\":{\"@type\":\"WebPage\",\"@id\":\"https:\/\/zecovalve.com\/\",\"url\":\"https:\/\/zecovalve.com\/\",\"name\":\"Home\"}},{\"@type\":\"ListItem\",\"position\":2,\"item\":{\"@type\":\"WebPage\",\"@id\":\"https:\/\/zecovalve.com\/product-category\",\"url\":\"https:\/\/zecovalve.com\/product-category\",\"name\":\"Industrial Valve Manufacturer | Water Valve Manufacturer\"}},{\"@type\":\"ListItem\",\"position\":3,\"item\":{\"@type\":\"WebPage\",\"@id\":\"https:\/\/zecovalve.com\/product\/lug-butterfly-valve\",\"url\":\"https:\/\/zecovalve.com\/product\/lug-butterfly-valve\",\"name\":\"Lug Butterfly Valve\"}}]}]}<\/script>\n<!-- \/ Yoast SEO Premium plugin. -->","_links":{"self":[{"href":"https:\/\/zecovalve.com\/pt\/wp-json\/wp\/v2\/product\/16663","targetHints":{"allow":["GET"]}}],"collection":[{"href":"https:\/\/zecovalve.com\/pt\/wp-json\/wp\/v2\/product"}],"about":[{"href":"https:\/\/zecovalve.com\/pt\/wp-json\/wp\/v2\/types\/product"}],"replies":[{"embeddable":true,"href":"https:\/\/zecovalve.com\/pt\/wp-json\/wp\/v2\/comments?post=16663"}],"wp:featuredmedia":[{"embeddable":true,"href":"https:\/\/zecovalve.com\/pt\/wp-json\/wp\/v2\/media\/16664"}],"wp:attachment":[{"href":"https:\/\/zecovalve.com\/pt\/wp-json\/wp\/v2\/media?parent=16663"}],"wp:term":[{"taxonomy":"product_cat","embeddable":true,"href":"https:\/\/zecovalve.com\/pt\/wp-json\/wp\/v2\/product_cat?post=16663"},{"taxonomy":"product_tag","embeddable":true,"href":"https:\/\/zecovalve.com\/pt\/wp-json\/wp\/v2\/product_tag?post=16663"}],"curies":[{"name":"wp","href":"https:\/\/api.w.org\/{rel}","templated":true}]}}