{"id":16971,"date":"2022-06-25T11:40:15","date_gmt":"2022-06-25T11:40:15","guid":{"rendered":"https:\/\/zecovalve.com\/?post_type=product&#038;p=16971"},"modified":"2023-06-26T06:43:46","modified_gmt":"2023-06-26T06:43:46","slug":"wastewater-air-release-valve","status":"publish","type":"product","link":"https:\/\/zecovalve.com\/pt\/produto\/wastewater-air-release-valve","title":{"rendered":"V\u00e1lvula de libera\u00e7\u00e3o de ar para \u00e1guas residuais"},"content":{"rendered":"<div class=\"sep-pages-boxs bgs clearfix\">\n<div class=\"sep-container clearfix\">\n<h1 class=\"titles sizes1 cens gtj-ff-bold\">V\u00e1lvula de libera\u00e7\u00e3o de ar para \u00e1guas residuais<\/h1>\n<div class=\"bq-sep-pro-detail-thumbs ons clearfix\">\n<div class=\"thumbs\">\n<div class=\"imgs ons\">\n<div class=\"swiper-container swiper-container-initialized swiper-container-horizontal\">\n<div class=\"swiper-wrapper\">\n<div class=\"swiper-slide swiper-slide-active\">\n<figure id=\"attachment_16965\" aria-describedby=\"caption-attachment-16965\" style=\"width: 290px\" class=\"wp-caption alignnone\"><img loading=\"lazy\" decoding=\"async\" class=\"size-medium wp-image-16965\" src=\"https:\/\/zecovalve.com\/wp-content\/uploads\/2022\/06\/wastewater-air-release-valve_1638170726-300x273.jpg\" alt=\"V\u00e1lvula de libera\u00e7\u00e3o de ar para \u00e1guas residuais\" width=\"300\" height=\"273\" srcset=\"https:\/\/zecovalve.com\/wp-content\/uploads\/2022\/06\/wastewater-air-release-valve_1638170726-300x273.jpg 300w, https:\/\/zecovalve.com\/wp-content\/uploads\/2022\/06\/wastewater-air-release-valve_1638170726.jpg 330w\" sizes=\"auto, (max-width: 300px) 100vw, 300px\" \/><figcaption id=\"caption-attachment-16965\" class=\"wp-caption-text\">V\u00e1lvula de libera\u00e7\u00e3o de ar para \u00e1guas residuais<\/figcaption><\/figure>\n<\/div>\n<\/div>\n<\/div>\n<div class=\"lr-lists-boxs\"><\/div>\n<\/div>\n<\/div>\n<\/div>\n<\/div>\n<\/div>\n<div class=\"sep-pages-boxs clearfix\">\n<div class=\"sep-container clearfix\">\n<div id=\"zf-nexts\" class=\"flex clearfix\">\n<div class=\"bq-zf-lefts\">\n<div class=\"richtext\">\n<h2>Festuras da v\u00e1lvula de libera\u00e7\u00e3o de ar de \u00e1guas residuais<\/h2>\n<div class=\"text-center\"><img loading=\"lazy\" decoding=\"async\" class=\"alignnone size-medium wp-image-16973\" src=\"https:\/\/zecovalve.com\/wp-content\/uploads\/2022\/06\/wastewater-air-release-valve-features1536395977-300x225.png\" alt=\"\" width=\"300\" height=\"225\" srcset=\"https:\/\/zecovalve.com\/wp-content\/uploads\/2022\/06\/wastewater-air-release-valve-features1536395977-300x225.png 300w, https:\/\/zecovalve.com\/wp-content\/uploads\/2022\/06\/wastewater-air-release-valve-features1536395977.png 600w\" sizes=\"auto, (max-width: 300px) 100vw, 300px\" \/><\/div>\n<p>O princ\u00edpio da v\u00e1lvula \u00e9 o mesmo da v\u00e1lvula de libera\u00e7\u00e3o de ar de \u00e1gua limpa, mas a estrutura foi ligeiramente alterada, o corpo da v\u00e1lvula foi alongado e a estrutura da alavanca foi ligeiramente alterada. Isso reduzir\u00e1 a parte de controle, de forma que a sujeira apenas na parte inferior do corpo, n\u00e3o enrole a parte superior de exaust\u00e3o da estrutura, n\u00e3o afetar\u00e1 a exaust\u00e3o, n\u00e3o vazar\u00e1 \u00e1gua.<\/p>\n<\/div>\n<div class=\"richtext\">\n<h2>Princ\u00edpio de funcionamento da v\u00e1lvula de libera\u00e7\u00e3o de ar de \u00e1guas residuais<\/h2>\n<div class=\"text-center\"><img loading=\"lazy\" decoding=\"async\" class=\"alignnone size-medium wp-image-16974\" src=\"https:\/\/zecovalve.com\/wp-content\/uploads\/2022\/06\/wastewater-air-release-valve-principle-300x225.png\" alt=\"\" width=\"300\" height=\"225\" srcset=\"https:\/\/zecovalve.com\/wp-content\/uploads\/2022\/06\/wastewater-air-release-valve-principle-300x225.png 300w, https:\/\/zecovalve.com\/wp-content\/uploads\/2022\/06\/wastewater-air-release-valve-principle.png 600w\" sizes=\"auto, (max-width: 300px) 100vw, 300px\" \/><\/div>\n<ul class=\"list-paddingleft-2\">\n<li>A sujeira s\u00f3 pode estar na parte inferior do corpo sem enrolar a ventila\u00e7\u00e3o superior;<\/li>\n<li>Pode remover o g\u00e1s do tubo, reduzir a resist\u00eancia e economizar energia;<\/li>\n<li>Quando o tubo est\u00e1 sob press\u00e3o negativa, ele pode inalar r\u00e1pida e automaticamente;<\/li>\n<li>A bola flutuante \u00e9 de a\u00e7o inoxid\u00e1vel, longa vida \u00fatil, segura e confi\u00e1vel.<\/li>\n<\/ul>\n<\/div>\n<div class=\"richtext\">\n<h2>Instala\u00e7\u00e3o e comissionamento da v\u00e1lvula de libera\u00e7\u00e3o de ar para \u00e1guas residuais<\/h2>\n<div class=\"text-center\"><img loading=\"lazy\" decoding=\"async\" class=\"alignnone size-medium wp-image-16975\" src=\"https:\/\/zecovalve.com\/wp-content\/uploads\/2022\/06\/wastewater-air-release-valve-installation-and-commissioning-300x225.png\" alt=\"\" width=\"300\" height=\"225\" srcset=\"https:\/\/zecovalve.com\/wp-content\/uploads\/2022\/06\/wastewater-air-release-valve-installation-and-commissioning-300x225.png 300w, https:\/\/zecovalve.com\/wp-content\/uploads\/2022\/06\/wastewater-air-release-valve-installation-and-commissioning.png 600w\" sizes=\"auto, (max-width: 300px) 100vw, 300px\" \/><\/div>\n<p>Se a v\u00e1lvula de descarga n\u00e3o estiver instalada, o tubo ser\u00e1 bloqueado a qualquer momento, fazendo com que a capacidade de sa\u00edda de \u00e1gua do tubo n\u00e3o atenda aos requisitos do projeto. Para uso espec\u00edfico, consulte o ZECO Valve Group.<\/p>\n<\/div>\n<div class=\"richtext\">\n<h2>Material e padr\u00e3o da v\u00e1lvula de libera\u00e7\u00e3o de ar de \u00e1guas residuais<\/h2>\n<p>Faixa de tamanho: 2\u2033~10\u2033<\/p>\n<p>Classifica\u00e7\u00e3o de press\u00e3o: 10bar ~ 25bar<\/p>\n<p>Dimens\u00f5es face a face: AMSE B16.10, EN558-1<\/p>\n<p>Dimens\u00e3o da extremidade da flange: AMSE B16.1\/16.42, AS4087, EN1092-2<\/p>\n<p>Revestimento: Revestimento ep\u00f3xi ligado por fus\u00e3o<\/p>\n<p>Inspe\u00e7\u00e3o e teste: ISO 5208 \/ EN 12226-2<\/p>\n<p>&nbsp;<\/p>\n<div class=\"over-tabs\">\n<table width=\"1389\">\n<tbody>\n<tr class=\"firstRow\">\n<td>arte<\/td>\n<td>Material<\/td>\n<td>Padr\u00e3o<\/td>\n<\/tr>\n<tr>\n<td>Corpo<\/td>\n<td>Ferro fundido d\u00factil<\/td>\n<td>EN 1563\/DIN 1693<\/td>\n<\/tr>\n<tr>\n<td>Bon\u00e9<\/td>\n<td>Ferro fundido d\u00factil<\/td>\n<td>EN 1563\/DIN 1693<\/td>\n<\/tr>\n<tr>\n<td>Exaustor<\/td>\n<td>Ferro fundido d\u00factil<\/td>\n<td>EN 1563\/DIN 1693<\/td>\n<\/tr>\n<tr>\n<td>Bola flutuante<\/td>\n<td>A\u00e7o inoxid\u00e1vel 431<\/td>\n<td>EN10088-1\/ASTM A959<\/td>\n<\/tr>\n<tr>\n<td>Filtro<\/td>\n<td>A\u00e7o inoxid\u00e1vel 431<\/td>\n<td>EN10088-1\/ASTM A959<\/td>\n<\/tr>\n<tr>\n<td>Selo<\/td>\n<td>EPDM \/ NBR<\/td>\n<td>ISO 4633<\/td>\n<\/tr>\n<tr>\n<td colspan=\"3\">Para as op\u00e7\u00f5es de materiais n\u00e3o listadas, consultar a f\u00e1brica.<\/p>\n<p>A ZECO fabrica v\u00e1lvulas em mais de 50 ligas diferentes.<\/td>\n<\/tr>\n<\/tbody>\n<\/table>\n<\/div>\n<\/div>\n<\/div>\n<\/div>\n<\/div>\n<\/div>","protected":false},"excerpt":{"rendered":"<p>V\u00e1lvula de libera\u00e7\u00e3o de ar de \u00e1guas residuais Festuras da v\u00e1lvula de libera\u00e7\u00e3o de ar de \u00e1guas residuais Este princ\u00edpio da v\u00e1lvula \u00e9 o mesmo da v\u00e1lvula de libera\u00e7\u00e3o de ar de \u00e1gua limpa,\u2026 <a title=\"V\u00e1lvula de libera\u00e7\u00e3o de ar para \u00e1guas residuais\" class=\"read-more\" href=\"https:\/\/zecovalve.com\/pt\/produto\/wastewater-air-release-valve\" aria-label=\"Mais em V\u00e1lvula de libera\u00e7\u00e3o de ar para \u00e1guas residuais\">Ler mais<\/a><\/p>","protected":false},"featured_media":27966,"comment_status":"closed","ping_status":"closed","template":"","meta":{"_generate-full-width-content":"","kt_blocks_editor_width":""},"product_cat":[2520],"product_tag":[2796,2765],"class_list":["post-16971","product","type-product","status-publish","has-post-thumbnail","hentry","product_cat-air-valve","product_tag-air-vent-valve","product_tag-vent-valve","sales-flash-overlay","woocommerce-text-align-center","woocommerce-image-align-center","do-quantity-buttons"],"featured_image_src_large":["https:\/\/zecovalve.com\/wp-content\/uploads\/2022\/06\/Waste-Air-Release-Valve.jpg",800,600,false],"author_info":[],"comment_info":0,"taxonomy_info":{"product_cat":[{"value":2520,"label":"Air Valve Manufacturer and Supplier"}],"product_tag":[{"value":2796,"label":"Air Vent Valve"},{"value":2765,"label":"Vent Valve"}]},"yoast_head":"<!-- This site is optimized with the Yoast SEO Premium plugin v15.4 - https:\/\/yoast.com\/wordpress\/plugins\/seo\/ -->\n<title>Wastewater Air Release Valve - ZECO Valve<\/title>\n<meta name=\"robots\" content=\"index, follow, max-snippet:-1, max-image-preview:large, max-video-preview:-1\" \/>\n<link rel=\"canonical\" href=\"https:\/\/zecovalve.com\/pt\/produto\/wastewater-air-release-valve\" \/>\n<meta property=\"og:locale\" content=\"pt_PT\" \/>\n<meta property=\"og:type\" content=\"article\" \/>\n<meta property=\"og:title\" content=\"Wastewater Air Release Valve - ZECO Valve\" \/>\n<meta property=\"og:description\" content=\"Wastewater Air Release Valve Festures of Wastewater Air Release Valve This valve principle is the same as the clean water\u00a0air release valve, ... Ler mais\" \/>\n<meta property=\"og:url\" content=\"https:\/\/zecovalve.com\/pt\/produto\/wastewater-air-release-valve\" \/>\n<meta property=\"og:site_name\" content=\"ZECO Valve\" \/>\n<meta property=\"article:modified_time\" content=\"2023-06-26T06:43:46+00:00\" \/>\n<meta property=\"og:image\" content=\"https:\/\/zecovalve.com\/wp-content\/uploads\/2022\/06\/Waste-Air-Release-Valve.jpg\" \/>\n\t<meta property=\"og:image:width\" content=\"800\" \/>\n\t<meta property=\"og:image:height\" content=\"600\" \/>\n<meta name=\"twitter:card\" content=\"summary_large_image\" \/>\n<meta name=\"twitter:label1\" content=\"Escrito por\">\n\t<meta name=\"twitter:data1\" content=\"Jerry\">\n\t<meta name=\"twitter:label2\" content=\"Tempo estimado de leitura\">\n\t<meta name=\"twitter:data2\" content=\"1 minuto\">\n<script type=\"application\/ld+json\" class=\"yoast-schema-graph\">{\"@context\":\"https:\/\/schema.org\",\"@graph\":[{\"@type\":\"WebSite\",\"@id\":\"https:\/\/zecovalve.com\/#website\",\"url\":\"https:\/\/zecovalve.com\/\",\"name\":\"ZECO Valve\",\"description\":\"Industrial Ball Valve, Gate Valve and Globe Valve Manufacturer\",\"potentialAction\":[{\"@type\":\"SearchAction\",\"target\":\"https:\/\/zecovalve.com\/?s={search_term_string}\",\"query-input\":\"required name=search_term_string\"}],\"inLanguage\":\"pt-PT\"},{\"@type\":\"ImageObject\",\"@id\":\"https:\/\/zecovalve.com\/product\/wastewater-air-release-valve#primaryimage\",\"inLanguage\":\"pt-PT\",\"url\":\"https:\/\/zecovalve.com\/wp-content\/uploads\/2022\/06\/Waste-Air-Release-Valve.jpg\",\"width\":800,\"height\":600,\"caption\":\"Waste Air Release Valve\"},{\"@type\":\"WebPage\",\"@id\":\"https:\/\/zecovalve.com\/product\/wastewater-air-release-valve#webpage\",\"url\":\"https:\/\/zecovalve.com\/product\/wastewater-air-release-valve\",\"name\":\"Wastewater Air Release Valve - ZECO Valve\",\"isPartOf\":{\"@id\":\"https:\/\/zecovalve.com\/#website\"},\"primaryImageOfPage\":{\"@id\":\"https:\/\/zecovalve.com\/product\/wastewater-air-release-valve#primaryimage\"},\"datePublished\":\"2022-06-25T11:40:15+00:00\",\"dateModified\":\"2023-06-26T06:43:46+00:00\",\"breadcrumb\":{\"@id\":\"https:\/\/zecovalve.com\/product\/wastewater-air-release-valve#breadcrumb\"},\"inLanguage\":\"pt-PT\",\"potentialAction\":[{\"@type\":\"ReadAction\",\"target\":[\"https:\/\/zecovalve.com\/product\/wastewater-air-release-valve\"]}]},{\"@type\":\"BreadcrumbList\",\"@id\":\"https:\/\/zecovalve.com\/product\/wastewater-air-release-valve#breadcrumb\",\"itemListElement\":[{\"@type\":\"ListItem\",\"position\":1,\"item\":{\"@type\":\"WebPage\",\"@id\":\"https:\/\/zecovalve.com\/\",\"url\":\"https:\/\/zecovalve.com\/\",\"name\":\"Home\"}},{\"@type\":\"ListItem\",\"position\":2,\"item\":{\"@type\":\"WebPage\",\"@id\":\"https:\/\/zecovalve.com\/product-category\",\"url\":\"https:\/\/zecovalve.com\/product-category\",\"name\":\"Industrial Valve Manufacturer | Water Valve Manufacturer\"}},{\"@type\":\"ListItem\",\"position\":3,\"item\":{\"@type\":\"WebPage\",\"@id\":\"https:\/\/zecovalve.com\/product\/wastewater-air-release-valve\",\"url\":\"https:\/\/zecovalve.com\/product\/wastewater-air-release-valve\",\"name\":\"Wastewater Air Release Valve\"}}]}]}<\/script>\n<!-- \/ Yoast SEO Premium plugin. -->","_links":{"self":[{"href":"https:\/\/zecovalve.com\/pt\/wp-json\/wp\/v2\/product\/16971","targetHints":{"allow":["GET"]}}],"collection":[{"href":"https:\/\/zecovalve.com\/pt\/wp-json\/wp\/v2\/product"}],"about":[{"href":"https:\/\/zecovalve.com\/pt\/wp-json\/wp\/v2\/types\/product"}],"replies":[{"embeddable":true,"href":"https:\/\/zecovalve.com\/pt\/wp-json\/wp\/v2\/comments?post=16971"}],"wp:featuredmedia":[{"embeddable":true,"href":"https:\/\/zecovalve.com\/pt\/wp-json\/wp\/v2\/media\/27966"}],"wp:attachment":[{"href":"https:\/\/zecovalve.com\/pt\/wp-json\/wp\/v2\/media?parent=16971"}],"wp:term":[{"taxonomy":"product_cat","embeddable":true,"href":"https:\/\/zecovalve.com\/pt\/wp-json\/wp\/v2\/product_cat?post=16971"},{"taxonomy":"product_tag","embeddable":true,"href":"https:\/\/zecovalve.com\/pt\/wp-json\/wp\/v2\/product_tag?post=16971"}],"curies":[{"name":"wp","href":"https:\/\/api.w.org\/{rel}","templated":true}]}}