{"id":16985,"date":"2022-06-25T12:42:42","date_gmt":"2022-06-25T12:42:42","guid":{"rendered":"https:\/\/zecovalve.com\/?post_type=product&#038;p=16985"},"modified":"2023-06-26T05:24:32","modified_gmt":"2023-06-26T05:24:32","slug":"pump-control-valve","status":"publish","type":"product","link":"https:\/\/zecovalve.com\/pt\/produto\/pump-control-valve","title":{"rendered":"V\u00e1lvula de controle da bomba"},"content":{"rendered":"<div class=\"sep-pages-boxs bgs clearfix\">\n<div class=\"sep-container clearfix\">\n<h1 class=\"titles sizes1 cens gtj-ff-bold\">V\u00e1lvula de controle da bomba<\/h1>\n<div class=\"bq-sep-pro-detail-thumbs ons clearfix\">\n<div class=\"thumbs\">\n<div class=\"imgs ons\">\n<div class=\"swiper-container swiper-container-initialized swiper-container-horizontal\">\n<div class=\"swiper-wrapper\">\n<div class=\"swiper-slide swiper-slide-active\">\n<figure id=\"attachment_16986\" aria-describedby=\"caption-attachment-16986\" style=\"width: 254px\" class=\"wp-caption alignnone\"><img loading=\"lazy\" decoding=\"async\" class=\"size-medium wp-image-16986\" src=\"https:\/\/zecovalve.com\/wp-content\/uploads\/2022\/06\/pump-control-valve1532668795_1626831694-264x300.png\" alt=\"V\u00e1lvula de controle da bomba\" width=\"264\" height=\"300\" srcset=\"https:\/\/zecovalve.com\/wp-content\/uploads\/2022\/06\/pump-control-valve1532668795_1626831694-264x300.png 264w, https:\/\/zecovalve.com\/wp-content\/uploads\/2022\/06\/pump-control-valve1532668795_1626831694.png 400w\" sizes=\"auto, (max-width: 264px) 100vw, 264px\" \/><figcaption id=\"caption-attachment-16986\" class=\"wp-caption-text\">V\u00e1lvula de controle da bomba<\/figcaption><\/figure>\n<\/div>\n<\/div>\n<\/div>\n<div class=\"lr-lists-boxs\"><\/div>\n<\/div>\n<\/div>\n<\/div>\n<\/div>\n<\/div>\n<div class=\"sep-pages-boxs clearfix\">\n<div class=\"sep-container clearfix\">\n<div id=\"zf-nexts\" class=\"flex clearfix\">\n<div class=\"bq-zf-lefts\">\n<div class=\"richtext\">\n<h2>Festividades da V\u00e1lvula de Controle da Bomba<\/h2>\n<div class=\"text-center\"><img loading=\"lazy\" decoding=\"async\" class=\"alignnone size-medium wp-image-16988\" src=\"https:\/\/zecovalve.com\/wp-content\/uploads\/2022\/06\/pressure-control-valve1532668131_1626831137-300x225.png\" alt=\"\" width=\"300\" height=\"225\" srcset=\"https:\/\/zecovalve.com\/wp-content\/uploads\/2022\/06\/pressure-control-valve1532668131_1626831137-300x225.png 300w, https:\/\/zecovalve.com\/wp-content\/uploads\/2022\/06\/pressure-control-valve1532668131_1626831137.png 600w\" sizes=\"auto, (max-width: 300px) 100vw, 300px\" \/><\/div>\n<ul class=\"list-paddingleft-2\">\n<li>O fechamento lento evita efetivamente o golpe de ar\u00edete.<\/li>\n<li>Pare a bomba est\u00e1vel e economize energia<\/li>\n<li>Porta completa, pequena resist\u00eancia a fluidos<\/li>\n<li>Opera\u00e7\u00e3o Completamente Autom\u00e1tica<\/li>\n<\/ul>\n<\/div>\n<div class=\"richtext\">\n<h2>Princ\u00edpio de funcionamento da v\u00e1lvula de controle da bomba<\/h2>\n<div class=\"text-center\"><img loading=\"lazy\" decoding=\"async\" class=\"alignnone size-medium wp-image-16989\" src=\"https:\/\/zecovalve.com\/wp-content\/uploads\/2022\/06\/pump-control-valve-3-300x225.png\" alt=\"\" width=\"300\" height=\"225\" srcset=\"https:\/\/zecovalve.com\/wp-content\/uploads\/2022\/06\/pump-control-valve-3-300x225.png 300w, https:\/\/zecovalve.com\/wp-content\/uploads\/2022\/06\/pump-control-valve-3.png 600w\" sizes=\"auto, (max-width: 300px) 100vw, 300px\" \/><\/div>\n<p>Quando a bomba \u00e9 iniciada, a v\u00e1lvula piloto solen\u00f3ide \u00e9 totalmente aberta ap\u00f3s a eletrifica\u00e7\u00e3o e ajusta a v\u00e1lvula agulha para o grau de abertura apropriado, a \u00e1gua a montante entra na sala de controle da v\u00e1lvula principal atrav\u00e9s do tubo e flui atrav\u00e9s da v\u00e1lvula piloto solen\u00f3ide, neste ponto , a press\u00e3o da sala de controle da v\u00e1lvula principal mant\u00e9m a v\u00e1lvula principal aberta e no grau de abertura apropriado para manter o abastecimento normal de \u00e1gua a jusante. Quando a bomba de \u00e1gua para de funcionar, a v\u00e1lvula piloto solen\u00f3ide fecha ap\u00f3s o corte de energia, a sala de controle da v\u00e1lvula principal para de drenar, a press\u00e3o da sala de controle aumenta, a v\u00e1lvula principal come\u00e7a a fechar. Quando pr\u00f3ximo da posi\u00e7\u00e3o 90%, o interruptor de roteamento superior da v\u00e1lvula principal emite o sinal de parada e a bomba para de funcionar. Neste ponto, o remanso a jusante entra na sala de controle da v\u00e1lvula principal atrav\u00e9s do tubo piloto, a press\u00e3o da sala de controle aumenta para fechar a v\u00e1lvula principal.<\/p>\n<\/div>\n<div class=\"richtext\">\n<h2>Instala\u00e7\u00e3o e comissionamento da v\u00e1lvula de controle da bomba<\/h2>\n<div class=\"text-center\"><img loading=\"lazy\" decoding=\"async\" class=\"alignnone size-medium wp-image-16990\" src=\"https:\/\/zecovalve.com\/wp-content\/uploads\/2022\/06\/pump-control-valve-2-300x225.png\" alt=\"\" width=\"300\" height=\"225\" srcset=\"https:\/\/zecovalve.com\/wp-content\/uploads\/2022\/06\/pump-control-valve-2-300x225.png 300w, https:\/\/zecovalve.com\/wp-content\/uploads\/2022\/06\/pump-control-valve-2.png 600w\" sizes=\"auto, (max-width: 300px) 100vw, 300px\" \/><\/div>\n<p>A v\u00e1lvula de controle da bomba de \u00e1gua deve ser instalada na sa\u00edda da bomba e na tubula\u00e7\u00e3o do fluxo unidirecional do meio. N\u00e3o necessita de outros dispositivos e energia, exceto o controle da v\u00e1lvula piloto solen\u00f3ide. Para uso espec\u00edfico, consulte o ZECO Valve Group.<\/p>\n<\/div>\n<div class=\"richtext\">\n<h2>Material e padr\u00e3o da v\u00e1lvula de controle da bomba<\/h2>\n<p>Faixa de tamanho: 2\u2033~24\u2033<br \/>\nClassifica\u00e7\u00e3o de press\u00e3o: 10bar ~ 25bar<br \/>\nDimens\u00f5es face a face: AMSE B16.10, EN558-1<br \/>\nDimens\u00e3o da extremidade da flange: AMSE B16.1\/16.42, AS4087, EN1092-2<br \/>\nRevestimento: Revestimento ep\u00f3xi ligado por fus\u00e3o<br \/>\nInspe\u00e7\u00e3o e teste: ISO 5208 \/ EN 12226-2<\/p>\n<div class=\"over-tabs\">\n<table>\n<tbody>\n<tr class=\"firstRow\">\n<td>Parte<\/td>\n<td>Material<\/td>\n<td>Padr\u00e3o<\/td>\n<\/tr>\n<tr>\n<td>Corpo<\/td>\n<td>Ferro fundido d\u00factil<\/td>\n<td>EN 1563\/DIN 1693<\/td>\n<\/tr>\n<tr>\n<td>Bon\u00e9<\/td>\n<td>Ferro fundido d\u00factil<\/td>\n<td>EN 1563\/DIN 1693<\/td>\n<\/tr>\n<tr>\n<td>Aparar<\/td>\n<td>A\u00e7o inoxid\u00e1vel 431<\/td>\n<td>EN10088-1\/ASTM A959<\/td>\n<\/tr>\n<tr>\n<td>Assento<\/td>\n<td>A\u00e7o inoxid\u00e1vel 431<\/td>\n<td>EN10088-1\/ASTM A959<\/td>\n<\/tr>\n<tr>\n<td>Diafragma<\/td>\n<td>EPDM \/ NBR<\/td>\n<td>ISO 4633<\/td>\n<\/tr>\n<tr>\n<td>V\u00e1lvula piloto<\/td>\n<td>CuZn39Pb1 \/ C37000<\/td>\n<td>EN12167\/ASTM B135<\/td>\n<\/tr>\n<tr>\n<td colspan=\"3\">Para as op\u00e7\u00f5es de materiais n\u00e3o listadas, consultar a f\u00e1brica.<\/p>\n<p>A ZECO fabrica v\u00e1lvulas em mais de 50 ligas diferentes.<\/td>\n<\/tr>\n<\/tbody>\n<\/table>\n<\/div>\n<\/div>\n<\/div>\n<\/div>\n<\/div>\n<\/div>","protected":false},"excerpt":{"rendered":"<p>V\u00e1lvula de controle da bomba Fechos da v\u00e1lvula de controle da bomba O fechamento lento evita efetivamente o golpe de ar\u00edete. Pare a bomba est\u00e1vel e economize energia Porta completa,\u2026 <a title=\"V\u00e1lvula de controle da bomba\" class=\"read-more\" href=\"https:\/\/zecovalve.com\/pt\/produto\/pump-control-valve\" aria-label=\"Mais em V\u00e1lvula de Controle de Bomba\">Ler mais<\/a><\/p>","protected":false},"featured_media":27941,"comment_status":"closed","ping_status":"closed","template":"","meta":{"_generate-full-width-content":"","kt_blocks_editor_width":""},"product_cat":[2526],"product_tag":[2805],"class_list":["post-16985","product","type-product","status-publish","has-post-thumbnail","hentry","product_cat-water-control-valve","product_tag-pump-valve","sales-flash-overlay","woocommerce-text-align-center","woocommerce-image-align-center","do-quantity-buttons"],"featured_image_src_large":["https:\/\/zecovalve.com\/wp-content\/uploads\/2022\/06\/Pump-Control-Valve.jpg",800,600,false],"author_info":[],"comment_info":0,"taxonomy_info":{"product_cat":[{"value":2526,"label":"Water Control Valve"}],"product_tag":[{"value":2805,"label":"Pump Valve"}]},"yoast_head":"<!-- This site is optimized with the Yoast SEO Premium plugin v15.4 - https:\/\/yoast.com\/wordpress\/plugins\/seo\/ -->\n<title>Pump Control Valve - ZECO Valve<\/title>\n<meta name=\"robots\" content=\"index, follow, max-snippet:-1, max-image-preview:large, max-video-preview:-1\" \/>\n<link rel=\"canonical\" href=\"https:\/\/zecovalve.com\/pt\/produto\/pump-control-valve\" \/>\n<meta property=\"og:locale\" content=\"pt_PT\" \/>\n<meta property=\"og:type\" content=\"article\" \/>\n<meta property=\"og:title\" content=\"Pump Control Valve - ZECO Valve\" \/>\n<meta property=\"og:description\" content=\"Pump Control Valve Festures of Pump Control Valve Slow closing effectively prevents water hammer. Stop pump stable and save energy Full port, ... Ler mais\" \/>\n<meta property=\"og:url\" content=\"https:\/\/zecovalve.com\/pt\/produto\/pump-control-valve\" \/>\n<meta property=\"og:site_name\" content=\"ZECO Valve\" \/>\n<meta property=\"article:modified_time\" content=\"2023-06-26T05:24:32+00:00\" \/>\n<meta property=\"og:image\" content=\"https:\/\/zecovalve.com\/wp-content\/uploads\/2022\/06\/Pump-Control-Valve.jpg\" \/>\n\t<meta property=\"og:image:width\" content=\"800\" \/>\n\t<meta property=\"og:image:height\" content=\"600\" \/>\n<meta name=\"twitter:card\" content=\"summary_large_image\" \/>\n<meta name=\"twitter:label1\" content=\"Escrito por\">\n\t<meta name=\"twitter:data1\" content=\"Jerry\">\n\t<meta name=\"twitter:label2\" content=\"Tempo estimado de leitura\">\n\t<meta name=\"twitter:data2\" content=\"1 minuto\">\n<script type=\"application\/ld+json\" class=\"yoast-schema-graph\">{\"@context\":\"https:\/\/schema.org\",\"@graph\":[{\"@type\":\"WebSite\",\"@id\":\"https:\/\/zecovalve.com\/#website\",\"url\":\"https:\/\/zecovalve.com\/\",\"name\":\"ZECO Valve\",\"description\":\"Industrial Ball Valve, Gate Valve and Globe Valve Manufacturer\",\"potentialAction\":[{\"@type\":\"SearchAction\",\"target\":\"https:\/\/zecovalve.com\/?s={search_term_string}\",\"query-input\":\"required name=search_term_string\"}],\"inLanguage\":\"pt-PT\"},{\"@type\":\"ImageObject\",\"@id\":\"https:\/\/zecovalve.com\/product\/pump-control-valve#primaryimage\",\"inLanguage\":\"pt-PT\",\"url\":\"https:\/\/zecovalve.com\/wp-content\/uploads\/2022\/06\/Pump-Control-Valve.jpg\",\"width\":800,\"height\":600,\"caption\":\"Pump Control Valve\"},{\"@type\":\"WebPage\",\"@id\":\"https:\/\/zecovalve.com\/product\/pump-control-valve#webpage\",\"url\":\"https:\/\/zecovalve.com\/product\/pump-control-valve\",\"name\":\"Pump Control Valve - ZECO Valve\",\"isPartOf\":{\"@id\":\"https:\/\/zecovalve.com\/#website\"},\"primaryImageOfPage\":{\"@id\":\"https:\/\/zecovalve.com\/product\/pump-control-valve#primaryimage\"},\"datePublished\":\"2022-06-25T12:42:42+00:00\",\"dateModified\":\"2023-06-26T05:24:32+00:00\",\"breadcrumb\":{\"@id\":\"https:\/\/zecovalve.com\/product\/pump-control-valve#breadcrumb\"},\"inLanguage\":\"pt-PT\",\"potentialAction\":[{\"@type\":\"ReadAction\",\"target\":[\"https:\/\/zecovalve.com\/product\/pump-control-valve\"]}]},{\"@type\":\"BreadcrumbList\",\"@id\":\"https:\/\/zecovalve.com\/product\/pump-control-valve#breadcrumb\",\"itemListElement\":[{\"@type\":\"ListItem\",\"position\":1,\"item\":{\"@type\":\"WebPage\",\"@id\":\"https:\/\/zecovalve.com\/\",\"url\":\"https:\/\/zecovalve.com\/\",\"name\":\"Home\"}},{\"@type\":\"ListItem\",\"position\":2,\"item\":{\"@type\":\"WebPage\",\"@id\":\"https:\/\/zecovalve.com\/product-category\",\"url\":\"https:\/\/zecovalve.com\/product-category\",\"name\":\"Industrial Valve Manufacturer | Water Valve Manufacturer\"}},{\"@type\":\"ListItem\",\"position\":3,\"item\":{\"@type\":\"WebPage\",\"@id\":\"https:\/\/zecovalve.com\/product\/pump-control-valve\",\"url\":\"https:\/\/zecovalve.com\/product\/pump-control-valve\",\"name\":\"Pump Control Valve\"}}]}]}<\/script>\n<!-- \/ Yoast SEO Premium plugin. -->","_links":{"self":[{"href":"https:\/\/zecovalve.com\/pt\/wp-json\/wp\/v2\/product\/16985","targetHints":{"allow":["GET"]}}],"collection":[{"href":"https:\/\/zecovalve.com\/pt\/wp-json\/wp\/v2\/product"}],"about":[{"href":"https:\/\/zecovalve.com\/pt\/wp-json\/wp\/v2\/types\/product"}],"replies":[{"embeddable":true,"href":"https:\/\/zecovalve.com\/pt\/wp-json\/wp\/v2\/comments?post=16985"}],"wp:featuredmedia":[{"embeddable":true,"href":"https:\/\/zecovalve.com\/pt\/wp-json\/wp\/v2\/media\/27941"}],"wp:attachment":[{"href":"https:\/\/zecovalve.com\/pt\/wp-json\/wp\/v2\/media?parent=16985"}],"wp:term":[{"taxonomy":"product_cat","embeddable":true,"href":"https:\/\/zecovalve.com\/pt\/wp-json\/wp\/v2\/product_cat?post=16985"},{"taxonomy":"product_tag","embeddable":true,"href":"https:\/\/zecovalve.com\/pt\/wp-json\/wp\/v2\/product_tag?post=16985"}],"curies":[{"name":"wp","href":"https:\/\/api.w.org\/{rel}","templated":true}]}}