{"id":16996,"date":"2022-06-25T12:48:04","date_gmt":"2022-06-25T12:48:04","guid":{"rendered":"https:\/\/zecovalve.com\/?post_type=product&#038;p=16996"},"modified":"2023-06-26T05:26:49","modified_gmt":"2023-06-26T05:26:49","slug":"flow-control-valve","status":"publish","type":"product","link":"https:\/\/zecovalve.com\/pt\/produto\/flow-control-valve","title":{"rendered":"V\u00e1lvula controladora de vaz\u00e3o"},"content":{"rendered":"<div class=\"sep-pages-boxs bgs clearfix\">\n<div class=\"sep-container clearfix\">\n<h1 class=\"titles sizes1 cens gtj-ff-bold\">V\u00e1lvula controladora de vaz\u00e3o<\/h1>\n<div class=\"bq-sep-pro-detail-thumbs ons clearfix\">\n<div class=\"thumbs\">\n<div class=\"imgs ons\">\n<div class=\"swiper-container swiper-container-initialized swiper-container-horizontal\">\n<div class=\"swiper-wrapper\">\n<div class=\"swiper-slide swiper-slide-active\">\n<figure id=\"attachment_16997\" aria-describedby=\"caption-attachment-16997\" style=\"width: 254px\" class=\"wp-caption alignnone\"><img loading=\"lazy\" decoding=\"async\" class=\"size-medium wp-image-16997\" src=\"https:\/\/zecovalve.com\/wp-content\/uploads\/2022\/06\/flow-control-valve-1-264x300.jpg\" alt=\"V\u00e1lvula controladora de vaz\u00e3o\" width=\"264\" height=\"300\" srcset=\"https:\/\/zecovalve.com\/wp-content\/uploads\/2022\/06\/flow-control-valve-1-264x300.jpg 264w, https:\/\/zecovalve.com\/wp-content\/uploads\/2022\/06\/flow-control-valve-1.jpg 400w\" sizes=\"auto, (max-width: 264px) 100vw, 264px\" \/><figcaption id=\"caption-attachment-16997\" class=\"wp-caption-text\">V\u00e1lvula controladora de vaz\u00e3o<\/figcaption><\/figure>\n<\/div>\n<\/div>\n<\/div>\n<div class=\"lr-lists-boxs\"><\/div>\n<\/div>\n<\/div>\n<\/div>\n<\/div>\n<\/div>\n<div class=\"sep-pages-boxs clearfix\">\n<div class=\"sep-container clearfix\">\n<div id=\"zf-nexts\" class=\"flex clearfix\">\n<div class=\"bq-zf-lefts\">\n<div class=\"richtext\">\n<h2>Caracter\u00edsticas da v\u00e1lvula de controle de fluxo<\/h2>\n<div class=\"text-center\"><img loading=\"lazy\" decoding=\"async\" class=\"alignnone size-medium wp-image-16998\" src=\"https:\/\/zecovalve.com\/wp-content\/uploads\/2022\/06\/features-of-flow-control-valve-300x225.jpg\" alt=\"\" width=\"300\" height=\"225\" srcset=\"https:\/\/zecovalve.com\/wp-content\/uploads\/2022\/06\/features-of-flow-control-valve-300x225.jpg 300w, https:\/\/zecovalve.com\/wp-content\/uploads\/2022\/06\/features-of-flow-control-valve.jpg 600w\" sizes=\"auto, (max-width: 300px) 100vw, 300px\" \/><\/div>\n<ul class=\"list-paddingleft-2\">\n<li>Instala\u00e7\u00e3o e uso convenientes.<\/li>\n<li>A parte de controle n\u00e3o possui mecanismo de detec\u00e7\u00e3o el\u00e9trica complexo e n\u00e3o est\u00e1 sujeita a falhas.<\/li>\n<li>A configura\u00e7\u00e3o \u00e9 simples e a fun\u00e7\u00e3o de ajuste ser\u00e1 conclu\u00edda automaticamente ap\u00f3s a configura\u00e7\u00e3o.<\/li>\n<li>Nenhuma opera\u00e7\u00e3o manual ou outra fonte de energia \u00e9 necess\u00e1ria.<\/li>\n<\/ul>\n<\/div>\n<div class=\"richtext\">\n<h2>Princ\u00edpio de funcionamento da v\u00e1lvula de controle de fluxo<\/h2>\n<div class=\"text-center\"><img loading=\"lazy\" decoding=\"async\" class=\"alignnone size-medium wp-image-16999\" src=\"https:\/\/zecovalve.com\/wp-content\/uploads\/2022\/06\/flow-control-valve-working-principle-300x225.jpg\" alt=\"\" width=\"300\" height=\"225\" srcset=\"https:\/\/zecovalve.com\/wp-content\/uploads\/2022\/06\/flow-control-valve-working-principle-300x225.jpg 300w, https:\/\/zecovalve.com\/wp-content\/uploads\/2022\/06\/flow-control-valve-working-principle.jpg 600w\" sizes=\"auto, (max-width: 300px) 100vw, 300px\" \/><\/div>\n<p>O valor do fluxo na tubula\u00e7\u00e3o \u00e9 controlado pela altera\u00e7\u00e3o do tamanho da abertura do disco da v\u00e1lvula principal e pode ser estabilizado em um valor definido. O tamanho da chave do disco principal e a abertura s\u00e3o controlados pelo tamanho da v\u00e1lvula piloto. A press\u00e3o do meio \u00e9 obtida do lado a jusante da placa do acelerador mais a for\u00e7a da mola e a press\u00e3o obtida do lado a montante da placa do acelerador atuou na parte inferior do diafragma, respectivamente. Quando a vaz\u00e3o e a press\u00e3o em ambos os lados da placa de orif\u00edcio do acelerador mudam, a press\u00e3o que atua na parte inferior do diafragma n\u00e3o se equilibrar\u00e1 mais, a deforma\u00e7\u00e3o do diafragma, a abertura da v\u00e1lvula guia mudam e a abertura da v\u00e1lvula principal tamb\u00e9m mudar\u00e1 de acordo para que o fluxo na estrada principal retorne ao valor original definido.<\/p>\n<\/div>\n<div class=\"richtext\">\n<h2>Instala\u00e7\u00e3o e comissionamento da v\u00e1lvula de controle de fluxo<\/h2>\n<div class=\"text-center\"><img loading=\"lazy\" decoding=\"async\" class=\"alignnone size-medium wp-image-17000\" src=\"https:\/\/zecovalve.com\/wp-content\/uploads\/2022\/06\/installation-and-commissioning-of-flow-control-valve-300x225.jpg\" alt=\"\" width=\"300\" height=\"225\" srcset=\"https:\/\/zecovalve.com\/wp-content\/uploads\/2022\/06\/installation-and-commissioning-of-flow-control-valve-300x225.jpg 300w, https:\/\/zecovalve.com\/wp-content\/uploads\/2022\/06\/installation-and-commissioning-of-flow-control-valve.jpg 600w\" sizes=\"auto, (max-width: 300px) 100vw, 300px\" \/><\/div>\n<p>Uma v\u00e1lvula gaveta e um filtro devem ser instalados antes da v\u00e1lvula principal, e uma v\u00e1lvula gaveta deve ser instalada ap\u00f3s a v\u00e1lvula principal para manuten\u00e7\u00e3o. A v\u00e1lvula guia foi ajustada antes da entrega. Se o valor do fluxo definido n\u00e3o for adequado aos requisitos de campo, o parafuso de ajuste da v\u00e1lvula guia pode ser ajustado. Para uso espec\u00edfico, consulte o Grupo de V\u00e1lvulas ZECO.<\/p>\n<\/div>\n<div class=\"richtext\">\n<h2>Material e padr\u00e3o da v\u00e1lvula de controle de fluxo<\/h2>\n<p>Faixa de tamanho: 2\u201d-24\u201d<\/p>\n<p>Classifica\u00e7\u00e3o de press\u00e3o: 10bar-25bar<\/p>\n<p>Dimens\u00f5es face a face: AMSE B16.10, EN558-1<\/p>\n<p>Dimens\u00e3o da extremidade da flange: AMSE B16.1\/16.42, AS4087, EN1092-2<\/p>\n<p>Revestimento: Revestimento ep\u00f3xi ligado por fus\u00e3o<\/p>\n<p>Inspe\u00e7\u00e3o e teste: ISO 5208 \/ EN 12226-2<\/p>\n<div class=\"over-tabs\">\n<table>\n<tbody>\n<tr class=\"firstRow\">\n<td>Parte<\/td>\n<td>Material<\/td>\n<td>Padr\u00e3o<\/td>\n<\/tr>\n<tr>\n<td>Corpo<\/td>\n<td>Ferro fundido d\u00factil<\/td>\n<td>EN 1563\/DIN 1693<\/td>\n<\/tr>\n<tr>\n<td>Bon\u00e9<\/td>\n<td>Ferro fundido d\u00factil<\/td>\n<td>EN 1563\/DIN 1693<\/td>\n<\/tr>\n<tr>\n<td>Aparar<\/td>\n<td>A\u00e7o inoxid\u00e1vel 431<\/td>\n<td>EN10088-1\/ASTM A959<\/td>\n<\/tr>\n<tr>\n<td>Assento<\/td>\n<td>A\u00e7o inoxid\u00e1vel 431<\/td>\n<td>EN10088-1\/ASTM A959<\/td>\n<\/tr>\n<tr>\n<td>Diafragma<\/td>\n<td>EPDM \/ NBR<\/td>\n<td>ISO 4633<\/td>\n<\/tr>\n<tr>\n<td>V\u00e1lvula piloto<\/td>\n<td>A\u00e7o inoxid\u00e1vel 431<\/td>\n<td>EN10088-1\/ASTM A959<\/td>\n<\/tr>\n<tr>\n<td colspan=\"3\">Para as op\u00e7\u00f5es de materiais n\u00e3o listadas, consultar a f\u00e1brica.<\/p>\n<p>A ZECO fabrica v\u00e1lvulas em mais de 50 ligas diferentes.<\/td>\n<\/tr>\n<\/tbody>\n<\/table>\n<\/div>\n<\/div>\n<\/div>\n<\/div>\n<\/div>\n<\/div>","protected":false},"excerpt":{"rendered":"<p>V\u00e1lvula de controle de fluxo Caracter\u00edsticas da v\u00e1lvula de controle de fluxo Instala\u00e7\u00e3o e uso convenientes. A parte de controle n\u00e3o possui mecanismo de detec\u00e7\u00e3o el\u00e9trica complexo e\u2026 <a title=\"V\u00e1lvula controladora de vaz\u00e3o\" class=\"read-more\" href=\"https:\/\/zecovalve.com\/pt\/produto\/flow-control-valve\" aria-label=\"Mais em V\u00e1lvula de Controle de Fluxo\">Ler mais<\/a><\/p>","protected":false},"featured_media":27943,"comment_status":"closed","ping_status":"closed","template":"","meta":{"_generate-full-width-content":"","kt_blocks_editor_width":""},"product_cat":[2526],"product_tag":[2805],"class_list":["post-16996","product","type-product","status-publish","has-post-thumbnail","hentry","product_cat-water-control-valve","product_tag-pump-valve","sales-flash-overlay","woocommerce-text-align-center","woocommerce-image-align-center","do-quantity-buttons"],"featured_image_src_large":["https:\/\/zecovalve.com\/wp-content\/uploads\/2022\/06\/Flow-Control-Valve-2.jpg",800,600,false],"author_info":[],"comment_info":0,"taxonomy_info":{"product_cat":[{"value":2526,"label":"Water Control Valve"}],"product_tag":[{"value":2805,"label":"Pump Valve"}]},"yoast_head":"<!-- This site is optimized with the Yoast SEO Premium plugin v15.4 - https:\/\/yoast.com\/wordpress\/plugins\/seo\/ -->\n<title>Flow Control Valve - ZECO Valve<\/title>\n<meta name=\"robots\" content=\"index, follow, max-snippet:-1, max-image-preview:large, max-video-preview:-1\" \/>\n<link rel=\"canonical\" href=\"https:\/\/zecovalve.com\/pt\/produto\/flow-control-valve\" \/>\n<meta property=\"og:locale\" content=\"pt_PT\" \/>\n<meta property=\"og:type\" content=\"article\" \/>\n<meta property=\"og:title\" content=\"Flow Control Valve - ZECO Valve\" \/>\n<meta property=\"og:description\" content=\"Flow Control Valve Features of Flow Control Valve Convenient installation and use. The control part has no complex electric sensing mechanism and ... Ler mais\" \/>\n<meta property=\"og:url\" content=\"https:\/\/zecovalve.com\/pt\/produto\/flow-control-valve\" \/>\n<meta property=\"og:site_name\" content=\"ZECO Valve\" \/>\n<meta property=\"article:modified_time\" content=\"2023-06-26T05:26:49+00:00\" \/>\n<meta property=\"og:image\" content=\"https:\/\/zecovalve.com\/wp-content\/uploads\/2022\/06\/Flow-Control-Valve-2.jpg\" \/>\n\t<meta property=\"og:image:width\" content=\"800\" \/>\n\t<meta property=\"og:image:height\" content=\"600\" \/>\n<meta name=\"twitter:card\" content=\"summary_large_image\" \/>\n<meta name=\"twitter:label1\" content=\"Escrito por\">\n\t<meta name=\"twitter:data1\" content=\"Jerry\">\n\t<meta name=\"twitter:label2\" content=\"Tempo estimado de leitura\">\n\t<meta name=\"twitter:data2\" content=\"2 minutos\">\n<script type=\"application\/ld+json\" class=\"yoast-schema-graph\">{\"@context\":\"https:\/\/schema.org\",\"@graph\":[{\"@type\":\"WebSite\",\"@id\":\"https:\/\/zecovalve.com\/#website\",\"url\":\"https:\/\/zecovalve.com\/\",\"name\":\"ZECO Valve\",\"description\":\"Industrial Ball Valve, Gate Valve and Globe Valve Manufacturer\",\"potentialAction\":[{\"@type\":\"SearchAction\",\"target\":\"https:\/\/zecovalve.com\/?s={search_term_string}\",\"query-input\":\"required name=search_term_string\"}],\"inLanguage\":\"pt-PT\"},{\"@type\":\"ImageObject\",\"@id\":\"https:\/\/zecovalve.com\/product\/flow-control-valve#primaryimage\",\"inLanguage\":\"pt-PT\",\"url\":\"https:\/\/zecovalve.com\/wp-content\/uploads\/2022\/06\/Flow-Control-Valve-2.jpg\",\"width\":800,\"height\":600,\"caption\":\"Flow Control Valve\"},{\"@type\":\"WebPage\",\"@id\":\"https:\/\/zecovalve.com\/product\/flow-control-valve#webpage\",\"url\":\"https:\/\/zecovalve.com\/product\/flow-control-valve\",\"name\":\"Flow Control Valve - ZECO Valve\",\"isPartOf\":{\"@id\":\"https:\/\/zecovalve.com\/#website\"},\"primaryImageOfPage\":{\"@id\":\"https:\/\/zecovalve.com\/product\/flow-control-valve#primaryimage\"},\"datePublished\":\"2022-06-25T12:48:04+00:00\",\"dateModified\":\"2023-06-26T05:26:49+00:00\",\"breadcrumb\":{\"@id\":\"https:\/\/zecovalve.com\/product\/flow-control-valve#breadcrumb\"},\"inLanguage\":\"pt-PT\",\"potentialAction\":[{\"@type\":\"ReadAction\",\"target\":[\"https:\/\/zecovalve.com\/product\/flow-control-valve\"]}]},{\"@type\":\"BreadcrumbList\",\"@id\":\"https:\/\/zecovalve.com\/product\/flow-control-valve#breadcrumb\",\"itemListElement\":[{\"@type\":\"ListItem\",\"position\":1,\"item\":{\"@type\":\"WebPage\",\"@id\":\"https:\/\/zecovalve.com\/\",\"url\":\"https:\/\/zecovalve.com\/\",\"name\":\"Home\"}},{\"@type\":\"ListItem\",\"position\":2,\"item\":{\"@type\":\"WebPage\",\"@id\":\"https:\/\/zecovalve.com\/product-category\",\"url\":\"https:\/\/zecovalve.com\/product-category\",\"name\":\"Industrial Valve Manufacturer | Water Valve Manufacturer\"}},{\"@type\":\"ListItem\",\"position\":3,\"item\":{\"@type\":\"WebPage\",\"@id\":\"https:\/\/zecovalve.com\/product\/flow-control-valve\",\"url\":\"https:\/\/zecovalve.com\/product\/flow-control-valve\",\"name\":\"Flow Control Valve\"}}]}]}<\/script>\n<!-- \/ Yoast SEO Premium plugin. -->","_links":{"self":[{"href":"https:\/\/zecovalve.com\/pt\/wp-json\/wp\/v2\/product\/16996","targetHints":{"allow":["GET"]}}],"collection":[{"href":"https:\/\/zecovalve.com\/pt\/wp-json\/wp\/v2\/product"}],"about":[{"href":"https:\/\/zecovalve.com\/pt\/wp-json\/wp\/v2\/types\/product"}],"replies":[{"embeddable":true,"href":"https:\/\/zecovalve.com\/pt\/wp-json\/wp\/v2\/comments?post=16996"}],"wp:featuredmedia":[{"embeddable":true,"href":"https:\/\/zecovalve.com\/pt\/wp-json\/wp\/v2\/media\/27943"}],"wp:attachment":[{"href":"https:\/\/zecovalve.com\/pt\/wp-json\/wp\/v2\/media?parent=16996"}],"wp:term":[{"taxonomy":"product_cat","embeddable":true,"href":"https:\/\/zecovalve.com\/pt\/wp-json\/wp\/v2\/product_cat?post=16996"},{"taxonomy":"product_tag","embeddable":true,"href":"https:\/\/zecovalve.com\/pt\/wp-json\/wp\/v2\/product_tag?post=16996"}],"curies":[{"name":"wp","href":"https:\/\/api.w.org\/{rel}","templated":true}]}}