{"id":17044,"date":"2022-06-26T07:21:33","date_gmt":"2022-06-26T07:21:33","guid":{"rendered":"https:\/\/zecovalve.com\/?post_type=product&#038;p=17044"},"modified":"2023-06-26T05:28:15","modified_gmt":"2023-06-26T05:28:15","slug":"altitude-control-valve","status":"publish","type":"product","link":"https:\/\/zecovalve.com\/pt\/produto\/altitude-control-valve","title":{"rendered":"V\u00e1lvula de controlo de altitude"},"content":{"rendered":"<div class=\"sep-pages-boxs bgs clearfix\">\n<div class=\"sep-container clearfix\">\n<h1 class=\"titles sizes1 cens gtj-ff-bold\">V\u00e1lvula de controlo de altitude<\/h1>\n<div class=\"bq-sep-pro-detail-thumbs ons clearfix\">\n<div class=\"thumbs\">\n<div class=\"imgs ons\">\n<div class=\"swiper-container swiper-container-initialized swiper-container-horizontal\">\n<div class=\"swiper-wrapper\">\n<div class=\"swiper-slide swiper-slide-active\">\n<figure id=\"attachment_17045\" aria-describedby=\"caption-attachment-17045\" style=\"width: 254px\" class=\"wp-caption alignnone\"><img loading=\"lazy\" decoding=\"async\" class=\"size-medium wp-image-17045\" src=\"https:\/\/zecovalve.com\/wp-content\/uploads\/2022\/06\/altitude-control-valve_1631945229-264x300.jpg\" alt=\"V\u00e1lvula de controlo de altitude\" width=\"264\" height=\"300\" srcset=\"https:\/\/zecovalve.com\/wp-content\/uploads\/2022\/06\/altitude-control-valve_1631945229-264x300.jpg 264w, https:\/\/zecovalve.com\/wp-content\/uploads\/2022\/06\/altitude-control-valve_1631945229.jpg 400w\" sizes=\"auto, (max-width: 264px) 100vw, 264px\" \/><figcaption id=\"caption-attachment-17045\" class=\"wp-caption-text\">V\u00e1lvula de controlo de altitude<\/figcaption><\/figure>\n<\/div>\n<\/div>\n<\/div>\n<div class=\"lr-lists-boxs\"><\/div>\n<\/div>\n<\/div>\n<\/div>\n<\/div>\n<\/div>\n<div class=\"sep-pages-boxs clearfix\">\n<div class=\"sep-container clearfix\">\n<div id=\"zf-nexts\" class=\"flex clearfix\">\n<div class=\"bq-zf-lefts\">\n<div class=\"richtext\">\n<h2>Caracter\u00edsticas da v\u00e1lvula de controle de altitude<\/h2>\n<div class=\"text-center\"><img loading=\"lazy\" decoding=\"async\" class=\"alignnone size-medium wp-image-17046\" src=\"https:\/\/zecovalve.com\/wp-content\/uploads\/2022\/06\/altitude-control-valve-features-300x250.png\" alt=\"\" width=\"300\" height=\"250\" srcset=\"https:\/\/zecovalve.com\/wp-content\/uploads\/2022\/06\/altitude-control-valve-features-300x250.png 300w, https:\/\/zecovalve.com\/wp-content\/uploads\/2022\/06\/altitude-control-valve-features.png 600w\" sizes=\"auto, (max-width: 300px) 100vw, 300px\" \/><\/div>\n<ul class=\"list-paddingleft-2\">\n<li>Enchimento e fechamento autom\u00e1tico do tanque sem uso de flutuadores ou sensores;<\/li>\n<li>Desligamento preciso dentro de cent\u00edmetros do ponto de ajuste;<\/li>\n<li>Ponto de alto n\u00edvel ajust\u00e1vel com parafuso \u00fanico;<\/li>\n<li>A opera\u00e7\u00e3o de exaust\u00e3o para a atmosfera permite perda m\u00ednima de press\u00e3o.<\/li>\n<\/ul>\n<\/div>\n<div class=\"richtext\">\n<h2>Princ\u00edpio de funcionamento da v\u00e1lvula de controle de altitude<\/h2>\n<div class=\"text-center\"><img loading=\"lazy\" decoding=\"async\" class=\"alignnone size-medium wp-image-17048\" src=\"https:\/\/zecovalve.com\/wp-content\/uploads\/2022\/06\/altitude-control-valve-principle-300x250.png\" alt=\"\" width=\"300\" height=\"250\" srcset=\"https:\/\/zecovalve.com\/wp-content\/uploads\/2022\/06\/altitude-control-valve-principle-300x250.png 300w, https:\/\/zecovalve.com\/wp-content\/uploads\/2022\/06\/altitude-control-valve-principle.png 600w\" sizes=\"auto, (max-width: 300px) 100vw, 300px\" \/><\/div>\n<p>A v\u00e1lvula de controle de altitude fecha em um n\u00edvel m\u00e1ximo de \u00e1gua predefinido para evitar transbordamento de um tanque de armazenamento ou cisterna acima do solo e abre para reabastecer a \u00e1gua quando o n\u00edvel do tanque de armazenamento ou cisterna \u00e9 abaixado. A v\u00e1lvula de controle de altitude controla o alto n\u00edvel de \u00e1gua do reservat\u00f3rio sem flutuadores ou outros dispositivos. Permanece totalmente aberto at\u00e9 atingir o n\u00edvel de \u00e1gua fechado. A v\u00e1lvula foi projetada apenas para fluxo unidirecional. A v\u00e1lvula \u00e9 operada hidraulicamente com um controle piloto. O controle piloto opera com base na diferen\u00e7a de for\u00e7a entre a carga da mola e o n\u00edvel da \u00e1gua no reservat\u00f3rio. O controle piloto mede a altura manom\u00e9trica do reservat\u00f3rio atrav\u00e9s de um tubo sensor fornecido pelo cliente e conectado diretamente ao reservat\u00f3rio.<\/p>\n<\/div>\n<div class=\"richtext\">\n<h2>Instala\u00e7\u00e3o e comissionamento da v\u00e1lvula de controle de altitude<\/h2>\n<div class=\"text-center\"><img loading=\"lazy\" decoding=\"async\" class=\"alignnone size-medium wp-image-17047\" src=\"https:\/\/zecovalve.com\/wp-content\/uploads\/2022\/06\/altitude-control-valve-installation-and-commissioning-300x250.png\" alt=\"\" width=\"300\" height=\"250\" srcset=\"https:\/\/zecovalve.com\/wp-content\/uploads\/2022\/06\/altitude-control-valve-installation-and-commissioning-300x250.png 300w, https:\/\/zecovalve.com\/wp-content\/uploads\/2022\/06\/altitude-control-valve-installation-and-commissioning.png 600w\" sizes=\"auto, (max-width: 300px) 100vw, 300px\" \/><\/div>\n<p>Em \u00e1reas onde s\u00e3o poss\u00edveis temperaturas de congelamento, a v\u00e1lvula deve estar localizada em um compartimento abaixo da linha de congelamento. Para uso espec\u00edfico, consulte o Zeco Valve Group.<\/p>\n<\/div>\n<div class=\"richtext\">\n<h2>Material e padr\u00e3o da v\u00e1lvula de controle de altitude<\/h2>\n<p>Faixa de tamanho: 2\u2033~24\u2033<br \/>\nClassifica\u00e7\u00e3o de press\u00e3o: 10bar ~ 25bar<\/p>\n<p>Dimens\u00f5es face a face: AMSE B16.10, EN558-1<\/p>\n<p>Dimens\u00e3o da extremidade do flange: AMSE B16.5\/16.42, AS4087, EN1092-2<\/p>\n<p>Revestimento: Revestimento Ep\u00f3xi Fusion Bonded aprovado pela WRAS<\/p>\n<p>Inspe\u00e7\u00e3o e teste: ISO 5208 \/ EN 12226-2<\/p>\n<div class=\"over-tabs\">\n<table cellspacing=\"0\">\n<tbody>\n<tr class=\"firstRow\">\n<td valign=\"center\">Parte<\/td>\n<td valign=\"center\">Material<\/td>\n<td valign=\"center\">Padr\u00e3o<\/td>\n<\/tr>\n<tr>\n<td valign=\"center\">Corpo<\/td>\n<td valign=\"center\">Ferro fundido d\u00factil<\/td>\n<td valign=\"center\">EN 1563\/DIN 1693<\/td>\n<\/tr>\n<tr>\n<td valign=\"center\">Bon\u00e9<\/td>\n<td valign=\"center\">Ferro fundido d\u00factil<\/td>\n<td valign=\"center\">EN 1563\/DIN 1693<\/td>\n<\/tr>\n<tr>\n<td valign=\"center\">Aparar<\/td>\n<td valign=\"center\">A\u00e7o inoxid\u00e1vel 304<\/td>\n<td valign=\"center\">EN 10088-1\/ASTM A959<\/td>\n<\/tr>\n<tr>\n<td valign=\"center\">Assento<\/td>\n<td valign=\"center\">A\u00e7o inoxid\u00e1vel 304<\/td>\n<td valign=\"center\">EN 10088-1\/ASTM A959<\/td>\n<\/tr>\n<tr>\n<td valign=\"center\">Diafragma<\/td>\n<td valign=\"center\">EPDM \/ NBR<\/td>\n<td valign=\"center\">ISO 4633<\/td>\n<\/tr>\n<tr>\n<td valign=\"center\">V\u00e1lvula piloto<\/td>\n<td valign=\"center\">A\u00e7o inoxid\u00e1vel 304<\/td>\n<td valign=\"center\">EN 10088-1\/ASTM A959<\/td>\n<\/tr>\n<tr>\n<td colspan=\"3\" valign=\"center\">Para op\u00e7\u00f5es de materiais n\u00e3o listadas, consulte a f\u00e1brica.<\/p>\n<p>A Zeco fabrica v\u00e1lvulas em mais de 50 ligas diferentes.<\/td>\n<\/tr>\n<\/tbody>\n<\/table>\n<\/div>\n<\/div>\n<\/div>\n<\/div>\n<\/div>\n<\/div>","protected":false},"excerpt":{"rendered":"<p>V\u00e1lvula de controle de altitude Caracter\u00edsticas da v\u00e1lvula de controle de altitude Enchimento e fechamento autom\u00e1tico do tanque sem o uso de flutuadores ou sensores; Desligamento preciso\u2026 <a title=\"V\u00e1lvula de controlo de altitude\" class=\"read-more\" href=\"https:\/\/zecovalve.com\/pt\/produto\/altitude-control-valve\" aria-label=\"Mais em V\u00e1lvula de Controle de Altitude\">Ler mais<\/a><\/p>","protected":false},"featured_media":27944,"comment_status":"closed","ping_status":"closed","template":"","meta":{"_generate-full-width-content":"","kt_blocks_editor_width":""},"product_cat":[2526],"product_tag":[],"class_list":["post-17044","product","type-product","status-publish","has-post-thumbnail","hentry","product_cat-water-control-valve","sales-flash-overlay","woocommerce-text-align-center","woocommerce-image-align-center","do-quantity-buttons"],"featured_image_src_large":["https:\/\/zecovalve.com\/wp-content\/uploads\/2022\/06\/Altitude-Control-Valve-1.jpg",800,600,false],"author_info":[],"comment_info":0,"taxonomy_info":{"product_cat":[{"value":2526,"label":"Water Control Valve"}]},"yoast_head":"<!-- This site is optimized with the Yoast SEO Premium plugin v15.4 - https:\/\/yoast.com\/wordpress\/plugins\/seo\/ -->\n<title>Altitude Control Valve - ZECO Valve<\/title>\n<meta name=\"robots\" content=\"index, follow, max-snippet:-1, max-image-preview:large, max-video-preview:-1\" \/>\n<link rel=\"canonical\" href=\"https:\/\/zecovalve.com\/pt\/produto\/altitude-control-valve\" \/>\n<meta property=\"og:locale\" content=\"pt_PT\" \/>\n<meta property=\"og:type\" content=\"article\" \/>\n<meta property=\"og:title\" content=\"Altitude Control Valve - ZECO Valve\" \/>\n<meta property=\"og:description\" content=\"Altitude Control Valve Features of Altitude Control Valve Automatic tank fill and shut-off without the use of floats or sensors; Accurate shut-off ... Ler mais\" \/>\n<meta property=\"og:url\" content=\"https:\/\/zecovalve.com\/pt\/produto\/altitude-control-valve\" \/>\n<meta property=\"og:site_name\" content=\"ZECO Valve\" \/>\n<meta property=\"article:modified_time\" content=\"2023-06-26T05:28:15+00:00\" \/>\n<meta property=\"og:image\" content=\"https:\/\/zecovalve.com\/wp-content\/uploads\/2022\/06\/Altitude-Control-Valve-1.jpg\" \/>\n\t<meta property=\"og:image:width\" content=\"800\" \/>\n\t<meta property=\"og:image:height\" content=\"600\" \/>\n<meta name=\"twitter:card\" content=\"summary_large_image\" \/>\n<meta name=\"twitter:label1\" content=\"Escrito por\">\n\t<meta name=\"twitter:data1\" content=\"Jerry\">\n\t<meta name=\"twitter:label2\" content=\"Tempo estimado de leitura\">\n\t<meta name=\"twitter:data2\" content=\"1 minuto\">\n<script type=\"application\/ld+json\" class=\"yoast-schema-graph\">{\"@context\":\"https:\/\/schema.org\",\"@graph\":[{\"@type\":\"WebSite\",\"@id\":\"https:\/\/zecovalve.com\/#website\",\"url\":\"https:\/\/zecovalve.com\/\",\"name\":\"ZECO Valve\",\"description\":\"Industrial Ball Valve, Gate Valve and Globe Valve Manufacturer\",\"potentialAction\":[{\"@type\":\"SearchAction\",\"target\":\"https:\/\/zecovalve.com\/?s={search_term_string}\",\"query-input\":\"required name=search_term_string\"}],\"inLanguage\":\"pt-PT\"},{\"@type\":\"ImageObject\",\"@id\":\"https:\/\/zecovalve.com\/product\/altitude-control-valve#primaryimage\",\"inLanguage\":\"pt-PT\",\"url\":\"https:\/\/zecovalve.com\/wp-content\/uploads\/2022\/06\/Altitude-Control-Valve-1.jpg\",\"width\":800,\"height\":600,\"caption\":\"Altitude Control Valve\"},{\"@type\":\"WebPage\",\"@id\":\"https:\/\/zecovalve.com\/product\/altitude-control-valve#webpage\",\"url\":\"https:\/\/zecovalve.com\/product\/altitude-control-valve\",\"name\":\"Altitude Control Valve - ZECO Valve\",\"isPartOf\":{\"@id\":\"https:\/\/zecovalve.com\/#website\"},\"primaryImageOfPage\":{\"@id\":\"https:\/\/zecovalve.com\/product\/altitude-control-valve#primaryimage\"},\"datePublished\":\"2022-06-26T07:21:33+00:00\",\"dateModified\":\"2023-06-26T05:28:15+00:00\",\"breadcrumb\":{\"@id\":\"https:\/\/zecovalve.com\/product\/altitude-control-valve#breadcrumb\"},\"inLanguage\":\"pt-PT\",\"potentialAction\":[{\"@type\":\"ReadAction\",\"target\":[\"https:\/\/zecovalve.com\/product\/altitude-control-valve\"]}]},{\"@type\":\"BreadcrumbList\",\"@id\":\"https:\/\/zecovalve.com\/product\/altitude-control-valve#breadcrumb\",\"itemListElement\":[{\"@type\":\"ListItem\",\"position\":1,\"item\":{\"@type\":\"WebPage\",\"@id\":\"https:\/\/zecovalve.com\/\",\"url\":\"https:\/\/zecovalve.com\/\",\"name\":\"Home\"}},{\"@type\":\"ListItem\",\"position\":2,\"item\":{\"@type\":\"WebPage\",\"@id\":\"https:\/\/zecovalve.com\/product-category\",\"url\":\"https:\/\/zecovalve.com\/product-category\",\"name\":\"Industrial Valve Manufacturer | Water Valve Manufacturer\"}},{\"@type\":\"ListItem\",\"position\":3,\"item\":{\"@type\":\"WebPage\",\"@id\":\"https:\/\/zecovalve.com\/product\/altitude-control-valve\",\"url\":\"https:\/\/zecovalve.com\/product\/altitude-control-valve\",\"name\":\"Altitude Control Valve\"}}]}]}<\/script>\n<!-- \/ Yoast SEO Premium plugin. -->","_links":{"self":[{"href":"https:\/\/zecovalve.com\/pt\/wp-json\/wp\/v2\/product\/17044","targetHints":{"allow":["GET"]}}],"collection":[{"href":"https:\/\/zecovalve.com\/pt\/wp-json\/wp\/v2\/product"}],"about":[{"href":"https:\/\/zecovalve.com\/pt\/wp-json\/wp\/v2\/types\/product"}],"replies":[{"embeddable":true,"href":"https:\/\/zecovalve.com\/pt\/wp-json\/wp\/v2\/comments?post=17044"}],"wp:featuredmedia":[{"embeddable":true,"href":"https:\/\/zecovalve.com\/pt\/wp-json\/wp\/v2\/media\/27944"}],"wp:attachment":[{"href":"https:\/\/zecovalve.com\/pt\/wp-json\/wp\/v2\/media?parent=17044"}],"wp:term":[{"taxonomy":"product_cat","embeddable":true,"href":"https:\/\/zecovalve.com\/pt\/wp-json\/wp\/v2\/product_cat?post=17044"},{"taxonomy":"product_tag","embeddable":true,"href":"https:\/\/zecovalve.com\/pt\/wp-json\/wp\/v2\/product_tag?post=17044"}],"curies":[{"name":"wp","href":"https:\/\/api.w.org\/{rel}","templated":true}]}}