{"id":17057,"date":"2022-06-26T07:46:28","date_gmt":"2022-06-26T07:46:28","guid":{"rendered":"https:\/\/zecovalve.com\/?post_type=product&#038;p=17057"},"modified":"2023-06-26T06:01:20","modified_gmt":"2023-06-26T06:01:20","slug":"balancing-valve","status":"publish","type":"product","link":"https:\/\/zecovalve.com\/pt\/produto\/balancing-valve","title":{"rendered":"V\u00e1lvula de equil\u00edbrio"},"content":{"rendered":"<div class=\"sep-pages-boxs bgs clearfix\">\n<div class=\"sep-container clearfix\">\n<h1 class=\"titles sizes1 cens gtj-ff-bold\">V\u00e1lvula de equil\u00edbrio<\/h1>\n<div class=\"bq-sep-pro-detail-thumbs ons clearfix\">\n<div class=\"thumbs\">\n<div class=\"imgs ons\">\n<div class=\"swiper-container swiper-container-initialized swiper-container-horizontal\">\n<div class=\"swiper-wrapper\">\n<div class=\"swiper-slide swiper-slide-active\">\n<figure id=\"attachment_17031\" aria-describedby=\"caption-attachment-17031\" style=\"width: 290px\" class=\"wp-caption alignnone\"><img loading=\"lazy\" decoding=\"async\" class=\"size-medium wp-image-17031\" src=\"https:\/\/zecovalve.com\/wp-content\/uploads\/2022\/06\/manual-flow-balancing-valve-300x273.jpg\" alt=\"V\u00e1lvula de equil\u00edbrio de caudal\" width=\"300\" height=\"273\" srcset=\"https:\/\/zecovalve.com\/wp-content\/uploads\/2022\/06\/manual-flow-balancing-valve-300x273.jpg 300w, https:\/\/zecovalve.com\/wp-content\/uploads\/2022\/06\/manual-flow-balancing-valve.jpg 330w\" sizes=\"auto, (max-width: 300px) 100vw, 300px\" \/><figcaption id=\"caption-attachment-17031\" class=\"wp-caption-text\">V\u00e1lvula de equil\u00edbrio de caudal<\/figcaption><\/figure>\n<\/div>\n<\/div>\n<\/div>\n<div class=\"lr-lists-boxs\"><\/div>\n<\/div>\n<\/div>\n<\/div>\n<\/div>\n<\/div>\n<div class=\"sep-pages-boxs clearfix\">\n<div class=\"sep-container clearfix\">\n<div id=\"zf-nexts\" class=\"flex clearfix\">\n<div class=\"bq-zf-lefts\">\n<div class=\"richtext\">\n<h2>Festas da V\u00e1lvula de Equil\u00edbrio<\/h2>\n<div class=\"text-center\"><img loading=\"lazy\" decoding=\"async\" class=\"alignnone size-medium wp-image-17058\" src=\"https:\/\/zecovalve.com\/wp-content\/uploads\/2022\/06\/manual-flow-balancing-valve-2-300x225.png\" alt=\"\" width=\"300\" height=\"225\" srcset=\"https:\/\/zecovalve.com\/wp-content\/uploads\/2022\/06\/manual-flow-balancing-valve-2-300x225.png 300w, https:\/\/zecovalve.com\/wp-content\/uploads\/2022\/06\/manual-flow-balancing-valve-2.png 600w\" sizes=\"auto, (max-width: 300px) 100vw, 300px\" \/><\/div>\n<ul class=\"list-paddingleft-2\">\n<li>Estrutura de fluxo reto, baixa resist\u00eancia a fluidos;<\/li>\n<li>Volante exibe o n\u00famero de ciclos de abertura para facilitar a depura\u00e7\u00e3o;<\/li>\n<li>A entrada e a sa\u00edda da v\u00e1lvula possuem porta de teste autovedante;<\/li>\n<li>O projeto de autoequil\u00edbrio do disco da v\u00e1lvula, aberto e fechado n\u00e3o \u00e9 afetado pela press\u00e3o da tubula\u00e7\u00e3o, pode ser fechado completamente.<\/li>\n<\/ul>\n<\/div>\n<div class=\"richtext\">\n<h2>Princ\u00edpio de funcionamento da v\u00e1lvula de balanceamento<\/h2>\n<div class=\"text-center\"><img loading=\"lazy\" decoding=\"async\" class=\"alignnone size-medium wp-image-17059\" src=\"https:\/\/zecovalve.com\/wp-content\/uploads\/2022\/06\/manual-flow-balancing-valve-3-300x225.png\" alt=\"\" width=\"300\" height=\"225\" srcset=\"https:\/\/zecovalve.com\/wp-content\/uploads\/2022\/06\/manual-flow-balancing-valve-3-300x225.png 300w, https:\/\/zecovalve.com\/wp-content\/uploads\/2022\/06\/manual-flow-balancing-valve-3.png 600w\" sizes=\"auto, (max-width: 300px) 100vw, 300px\" \/><\/div>\n<p>Ao alterar a folga entre o n\u00facleo da v\u00e1lvula e a sede da v\u00e1lvula (abertura), ajuste a capacidade de fluxo da v\u00e1lvula Kv (v\u00e1lvula) para alterar a resist\u00eancia do fluxo atrav\u00e9s da v\u00e1lvula, a fim de atingir o prop\u00f3sito de ajuste de fluxo, o papel do objeto \u00e9 o resist\u00eancia do sistema, eliminar o fen\u00f4meno de desequil\u00edbrio de resist\u00eancia no sistema, assim, para nova propor\u00e7\u00e3o de aloca\u00e7\u00e3o de \u00e1gua de acordo com o projeto e c\u00e1lculo do equil\u00edbrio, cada ramo em propor\u00e7\u00e3o para aumentar ou diminuir ao mesmo tempo.<\/p>\n<\/div>\n<div class=\"richtext\">\n<h2>Instala\u00e7\u00e3o e comissionamento da v\u00e1lvula de balanceamento<\/h2>\n<div class=\"text-center\"><img loading=\"lazy\" decoding=\"async\" class=\"alignnone size-medium wp-image-17060\" src=\"https:\/\/zecovalve.com\/wp-content\/uploads\/2022\/06\/pressure-control-valve1534226071-300x225.png\" alt=\"\" width=\"300\" height=\"225\" srcset=\"https:\/\/zecovalve.com\/wp-content\/uploads\/2022\/06\/pressure-control-valve1534226071-300x225.png 300w, https:\/\/zecovalve.com\/wp-content\/uploads\/2022\/06\/pressure-control-valve1534226071.png 600w\" sizes=\"auto, (max-width: 300px) 100vw, 300px\" \/><\/div>\n<p>Existem dois m\u00e9todos de sele\u00e7\u00e3o. A primeira \u00e9 usar o software para calcular o teor de umidade positivo. A vaz\u00e3o de projeto Q e a diferen\u00e7a de press\u00e3o de projeto \u2206P s\u00e3o inseridas para obter o tamanho e a posi\u00e7\u00e3o pr\u00e9-definida de equil\u00edbrio da v\u00e1lvula de equil\u00edbrio. Para obter melhor precis\u00e3o, recomenda-se que o posicionamento da v\u00e1lvula de equil\u00edbrio seja em 50-90% do grau de abertura; Em segundo lugar, quando o fluxo de projeto Q \u00e9 conhecido e a diferen\u00e7a de press\u00e3o de projeto \u2206P \u00e9 conhecida, o valor de Kv pode ser calculado pela f\u00f3rmula e, em seguida, o tamanho adequado da v\u00e1lvula de equil\u00edbrio e os par\u00e2metros predeterminados podem ser selecionados na tabela de valores de Kv. Para uso espec\u00edfico, consulte o ZECO Valve Group.<\/p>\n<\/div>\n<div class=\"richtext\">\n<h2>Material e padr\u00e3o da v\u00e1lvula de balanceamento<\/h2>\n<p>Faixa de tamanho: 2\u2033~16\u2033<br \/>\nClassifica\u00e7\u00e3o de press\u00e3o: 10bar ~ 25bar<br \/>\nDimens\u00f5es face a face: AMSE B16.10, EN558-1<br \/>\nDimens\u00e3o da extremidade da flange: AMSE B16.1\/16.42, AS4087, EN1092-2<br \/>\nRevestimento: Revestimento ep\u00f3xi ligado por fus\u00e3o<br \/>\nInspe\u00e7\u00e3o e teste: ISO 5208 \/ EN 12226-2<\/p>\n<p>&nbsp;<\/p>\n<div class=\"over-tabs\">\n<table width=\"1389\">\n<tbody>\n<tr class=\"firstRow\">\n<td>Parte<\/td>\n<td>Material<\/td>\n<td>Padr\u00e3o<\/td>\n<\/tr>\n<tr>\n<td>Corpo<\/td>\n<td>Ferro fundido d\u00factil<\/td>\n<td>EN 1563\/DIN 1693<\/td>\n<\/tr>\n<tr>\n<td>Bon\u00e9<\/td>\n<td>CuZn39Pb1 \/ C37000<\/td>\n<td>EN12167\/ASTM B135<\/td>\n<\/tr>\n<tr>\n<td>Aparar<\/td>\n<td>CuZn39Pb1 \/ C37000<\/td>\n<td>EN12167\/ASTM B135<\/td>\n<\/tr>\n<tr>\n<td>Porta de medi\u00e7\u00e3o<\/td>\n<td>CuZn39Pb1 \/ C37000<\/td>\n<td>EN12167\/ASTM B135<\/td>\n<\/tr>\n<tr>\n<td>Anel-O<\/td>\n<td>EPDM \/ NBR<\/td>\n<td>ISO 4633<\/td>\n<\/tr>\n<tr>\n<td>Volante<\/td>\n<td>Nylon<\/td>\n<td>ISO 4633<\/td>\n<\/tr>\n<tr>\n<td colspan=\"3\">Para as op\u00e7\u00f5es de materiais n\u00e3o listadas, consultar a f\u00e1brica.<\/p>\n<p>A ZECO fabrica v\u00e1lvulas em mais de 50 ligas diferentes.<\/td>\n<\/tr>\n<\/tbody>\n<\/table>\n<\/div>\n<\/div>\n<\/div>\n<\/div>\n<\/div>\n<\/div>","protected":false},"excerpt":{"rendered":"<p>V\u00e1lvula de balanceamento Festuras da v\u00e1lvula de balanceamento Estrutura de fluxo reto, baixa resist\u00eancia a fluidos; Volante exibe o n\u00famero de ciclos de abertura para facilitar a depura\u00e7\u00e3o; \u2026 <a title=\"V\u00e1lvula de equil\u00edbrio\" class=\"read-more\" href=\"https:\/\/zecovalve.com\/pt\/produto\/balancing-valve\" aria-label=\"Mais em V\u00e1lvula de Balanceamento\">Ler mais<\/a><\/p>","protected":false},"featured_media":27955,"comment_status":"closed","ping_status":"closed","template":"","meta":{"_generate-full-width-content":"","kt_blocks_editor_width":""},"product_cat":[2512],"product_tag":[2724,2654],"class_list":["post-17057","product","type-product","status-publish","has-post-thumbnail","hentry","product_cat-balancing-valve","product_tag-balancing-valve","product_tag-hvac-valve","sales-flash-overlay","woocommerce-text-align-center","woocommerce-image-align-center","do-quantity-buttons"],"featured_image_src_large":["https:\/\/zecovalve.com\/wp-content\/uploads\/2022\/06\/Balancing-Valve-1.jpg",800,600,false],"author_info":[],"comment_info":0,"taxonomy_info":{"product_cat":[{"value":2512,"label":"Balancing Valve"}],"product_tag":[{"value":2724,"label":"Balancing Valve"},{"value":2654,"label":"HVAC Valve"}]},"yoast_head":"<!-- This site is optimized with the Yoast SEO Premium plugin v15.4 - https:\/\/yoast.com\/wordpress\/plugins\/seo\/ -->\n<title>Balancing Valve - ZECO Valve<\/title>\n<meta name=\"robots\" content=\"index, follow, max-snippet:-1, max-image-preview:large, max-video-preview:-1\" \/>\n<link rel=\"canonical\" href=\"https:\/\/zecovalve.com\/pt\/produto\/balancing-valve\" \/>\n<meta property=\"og:locale\" content=\"pt_PT\" \/>\n<meta property=\"og:type\" content=\"article\" \/>\n<meta property=\"og:title\" content=\"Balancing Valve - ZECO Valve\" \/>\n<meta property=\"og:description\" content=\"Balancing Valve Festures of Balancing Valve Straight flow structure, low fluid resistance; Handwheel display the number of opening cycles for easy debugging; ... Ler mais\" \/>\n<meta property=\"og:url\" content=\"https:\/\/zecovalve.com\/pt\/produto\/balancing-valve\" \/>\n<meta property=\"og:site_name\" content=\"ZECO Valve\" \/>\n<meta property=\"article:modified_time\" content=\"2023-06-26T06:01:20+00:00\" \/>\n<meta property=\"og:image\" content=\"https:\/\/zecovalve.com\/wp-content\/uploads\/2022\/06\/Balancing-Valve-1.jpg\" \/>\n\t<meta property=\"og:image:width\" content=\"800\" \/>\n\t<meta property=\"og:image:height\" content=\"600\" \/>\n<meta name=\"twitter:card\" content=\"summary_large_image\" \/>\n<meta name=\"twitter:label1\" content=\"Escrito por\">\n\t<meta name=\"twitter:data1\" content=\"Jerry\">\n\t<meta name=\"twitter:label2\" content=\"Tempo estimado de leitura\">\n\t<meta name=\"twitter:data2\" content=\"1 minuto\">\n<script type=\"application\/ld+json\" class=\"yoast-schema-graph\">{\"@context\":\"https:\/\/schema.org\",\"@graph\":[{\"@type\":\"WebSite\",\"@id\":\"https:\/\/zecovalve.com\/#website\",\"url\":\"https:\/\/zecovalve.com\/\",\"name\":\"ZECO Valve\",\"description\":\"Industrial Ball Valve, Gate Valve and Globe Valve Manufacturer\",\"potentialAction\":[{\"@type\":\"SearchAction\",\"target\":\"https:\/\/zecovalve.com\/?s={search_term_string}\",\"query-input\":\"required name=search_term_string\"}],\"inLanguage\":\"pt-PT\"},{\"@type\":\"ImageObject\",\"@id\":\"https:\/\/zecovalve.com\/product\/balancing-valve#primaryimage\",\"inLanguage\":\"pt-PT\",\"url\":\"https:\/\/zecovalve.com\/wp-content\/uploads\/2022\/06\/Balancing-Valve-1.jpg\",\"width\":800,\"height\":600,\"caption\":\"Balancing Valve\"},{\"@type\":\"WebPage\",\"@id\":\"https:\/\/zecovalve.com\/product\/balancing-valve#webpage\",\"url\":\"https:\/\/zecovalve.com\/product\/balancing-valve\",\"name\":\"Balancing Valve - ZECO Valve\",\"isPartOf\":{\"@id\":\"https:\/\/zecovalve.com\/#website\"},\"primaryImageOfPage\":{\"@id\":\"https:\/\/zecovalve.com\/product\/balancing-valve#primaryimage\"},\"datePublished\":\"2022-06-26T07:46:28+00:00\",\"dateModified\":\"2023-06-26T06:01:20+00:00\",\"breadcrumb\":{\"@id\":\"https:\/\/zecovalve.com\/product\/balancing-valve#breadcrumb\"},\"inLanguage\":\"pt-PT\",\"potentialAction\":[{\"@type\":\"ReadAction\",\"target\":[\"https:\/\/zecovalve.com\/product\/balancing-valve\"]}]},{\"@type\":\"BreadcrumbList\",\"@id\":\"https:\/\/zecovalve.com\/product\/balancing-valve#breadcrumb\",\"itemListElement\":[{\"@type\":\"ListItem\",\"position\":1,\"item\":{\"@type\":\"WebPage\",\"@id\":\"https:\/\/zecovalve.com\/\",\"url\":\"https:\/\/zecovalve.com\/\",\"name\":\"Home\"}},{\"@type\":\"ListItem\",\"position\":2,\"item\":{\"@type\":\"WebPage\",\"@id\":\"https:\/\/zecovalve.com\/product-category\",\"url\":\"https:\/\/zecovalve.com\/product-category\",\"name\":\"Industrial Valve Manufacturer | Water Valve Manufacturer\"}},{\"@type\":\"ListItem\",\"position\":3,\"item\":{\"@type\":\"WebPage\",\"@id\":\"https:\/\/zecovalve.com\/product\/balancing-valve\",\"url\":\"https:\/\/zecovalve.com\/product\/balancing-valve\",\"name\":\"Balancing Valve\"}}]}]}<\/script>\n<!-- \/ Yoast SEO Premium plugin. -->","_links":{"self":[{"href":"https:\/\/zecovalve.com\/pt\/wp-json\/wp\/v2\/product\/17057","targetHints":{"allow":["GET"]}}],"collection":[{"href":"https:\/\/zecovalve.com\/pt\/wp-json\/wp\/v2\/product"}],"about":[{"href":"https:\/\/zecovalve.com\/pt\/wp-json\/wp\/v2\/types\/product"}],"replies":[{"embeddable":true,"href":"https:\/\/zecovalve.com\/pt\/wp-json\/wp\/v2\/comments?post=17057"}],"wp:featuredmedia":[{"embeddable":true,"href":"https:\/\/zecovalve.com\/pt\/wp-json\/wp\/v2\/media\/27955"}],"wp:attachment":[{"href":"https:\/\/zecovalve.com\/pt\/wp-json\/wp\/v2\/media?parent=17057"}],"wp:term":[{"taxonomy":"product_cat","embeddable":true,"href":"https:\/\/zecovalve.com\/pt\/wp-json\/wp\/v2\/product_cat?post=17057"},{"taxonomy":"product_tag","embeddable":true,"href":"https:\/\/zecovalve.com\/pt\/wp-json\/wp\/v2\/product_tag?post=17057"}],"curies":[{"name":"wp","href":"https:\/\/api.w.org\/{rel}","templated":true}]}}