{"id":17063,"date":"2022-06-26T08:20:43","date_gmt":"2022-06-26T08:20:43","guid":{"rendered":"https:\/\/zecovalve.com\/?post_type=product&#038;p=17063"},"modified":"2023-06-26T06:02:55","modified_gmt":"2023-06-26T06:02:55","slug":"flow-balancing-valve","status":"publish","type":"product","link":"https:\/\/zecovalve.com\/pt\/produto\/flow-balancing-valve","title":{"rendered":"V\u00e1lvula de equil\u00edbrio de caudal"},"content":{"rendered":"<div class=\"sep-pages-boxs bgs clearfix\">\n<div class=\"sep-container clearfix\">\n<h1 class=\"titles sizes1 cens gtj-ff-bold\">V\u00e1lvula de equil\u00edbrio de caudal<\/h1>\n<div class=\"bq-sep-pro-detail-thumbs ons clearfix\">\n<div class=\"thumbs\">\n<div class=\"imgs ons\">\n<div class=\"swiper-container swiper-container-initialized swiper-container-horizontal\">\n<div class=\"swiper-wrapper\">\n<div class=\"swiper-slide swiper-slide-active\">\n<figure id=\"attachment_17032\" aria-describedby=\"caption-attachment-17032\" style=\"width: 290px\" class=\"wp-caption alignnone\"><img loading=\"lazy\" decoding=\"async\" class=\"size-medium wp-image-17032\" src=\"https:\/\/zecovalve.com\/wp-content\/uploads\/2022\/06\/bronze-flow-balancing-valve-300x273.jpg\" alt=\"V\u00e1lvula de balanceamento de fluxo de lat\u00e3o\" width=\"300\" height=\"273\" srcset=\"https:\/\/zecovalve.com\/wp-content\/uploads\/2022\/06\/bronze-flow-balancing-valve-300x273.jpg 300w, https:\/\/zecovalve.com\/wp-content\/uploads\/2022\/06\/bronze-flow-balancing-valve.jpg 330w\" sizes=\"auto, (max-width: 300px) 100vw, 300px\" \/><figcaption id=\"caption-attachment-17032\" class=\"wp-caption-text\">V\u00e1lvula de equil\u00edbrio de caudal<\/figcaption><\/figure>\n<\/div>\n<\/div>\n<\/div>\n<div class=\"lr-lists-boxs\"><\/div>\n<\/div>\n<\/div>\n<\/div>\n<\/div>\n<\/div>\n<div class=\"sep-pages-boxs clearfix\">\n<div class=\"sep-container clearfix\">\n<div id=\"zf-nexts\" class=\"flex clearfix\">\n<div class=\"bq-zf-lefts\">\n<div class=\"richtext\">\n<h2>Festuras da V\u00e1lvula de Balanceamento de Fluxo<\/h2>\n<div class=\"text-center\"><img loading=\"lazy\" decoding=\"async\" class=\"alignnone size-medium wp-image-17064\" src=\"https:\/\/zecovalve.com\/wp-content\/uploads\/2022\/06\/bronze-flow-balancing-valve-2-300x225.png\" alt=\"\" width=\"300\" height=\"225\" srcset=\"https:\/\/zecovalve.com\/wp-content\/uploads\/2022\/06\/bronze-flow-balancing-valve-2-300x225.png 300w, https:\/\/zecovalve.com\/wp-content\/uploads\/2022\/06\/bronze-flow-balancing-valve-2.png 600w\" sizes=\"auto, (max-width: 300px) 100vw, 300px\" \/><\/div>\n<ul>\n<li>Boa veda\u00e7\u00e3o, sem penetra\u00e7\u00e3o, f\u00e1cil ajuste de rota\u00e7\u00e3o;<\/li>\n<li>Pequeno espa\u00e7o de montagem, indica\u00e7\u00e3o de abertura precisa e clara;<\/li>\n<li>O uso de n\u00facleo e haste de v\u00e1lvula inclinados proporciona mais fluxo de fluido na v\u00e1lvula<\/li>\n<li>A superf\u00edcie \u00e9 lisa e limpa e a apar\u00eancia \u00e9 delicada e bonita.<\/li>\n<li>Estrutura \u00fanica, pequena resist\u00eancia a fluidos<\/li>\n<li>Volante num\u00e9rico, equil\u00edbrio de depura\u00e7\u00e3o com precis\u00e3o<\/li>\n<li>Conex\u00e3o f\u00e1cil com instrumento inteligente<\/li>\n<li>Design de autoequil\u00edbrio<\/li>\n<li>Segure a fun\u00e7\u00e3o de corte completo<\/li>\n<\/ul>\n<\/div>\n<div class=\"richtext\">\n<h2>Princ\u00edpio de funcionamento da v\u00e1lvula de balanceamento de fluxo<\/h2>\n<div class=\"text-center\">\u00a0<img loading=\"lazy\" decoding=\"async\" class=\"alignnone size-medium wp-image-17065\" src=\"https:\/\/zecovalve.com\/wp-content\/uploads\/2022\/06\/bronze-flow-balancing-valve-3-300x225.png\" alt=\"\" width=\"300\" height=\"225\" srcset=\"https:\/\/zecovalve.com\/wp-content\/uploads\/2022\/06\/bronze-flow-balancing-valve-3-300x225.png 300w, https:\/\/zecovalve.com\/wp-content\/uploads\/2022\/06\/bronze-flow-balancing-valve-3.png 600w\" sizes=\"auto, (max-width: 300px) 100vw, 300px\" \/><\/div>\n<p>A v\u00e1lvula regula a vaz\u00e3o do meio atrav\u00e9s de seu corpo de v\u00e1lvula, equilibrando a haste da v\u00e1lvula para cima e para baixo girando a manivela da v\u00e1lvula reguladora, ajustando o caminho do fluxo e alterando as caracter\u00edsticas da curva de fluxo. Man\u00f4metros equipados no corpo da v\u00e1lvula de equil\u00edbrio s\u00e3o usados para medir o diferencial de press\u00e3o, que pode ser usado para detectar e ajustar a vaz\u00e3o.<\/p>\n<\/div>\n<div class=\"richtext\">\n<h2>Instala\u00e7\u00e3o e comissionamento da v\u00e1lvula de balanceamento de fluxo<\/h2>\n<div class=\"text-center\"><img loading=\"lazy\" decoding=\"async\" class=\"alignnone size-medium wp-image-17066\" src=\"https:\/\/zecovalve.com\/wp-content\/uploads\/2022\/06\/pressure-control-valve-300x225.png\" alt=\"\" width=\"300\" height=\"225\" srcset=\"https:\/\/zecovalve.com\/wp-content\/uploads\/2022\/06\/pressure-control-valve-300x225.png 300w, https:\/\/zecovalve.com\/wp-content\/uploads\/2022\/06\/pressure-control-valve.png 600w\" sizes=\"auto, (max-width: 300px) 100vw, 300px\" \/><\/div>\n<p>Esta v\u00e1lvula pode ser instalada na tubula\u00e7\u00e3o de abastecimento de \u00e1gua ou na tubula\u00e7\u00e3o de retorno de \u00e1gua. Geralmente, recomenda-se a instala\u00e7\u00e3o na tubula\u00e7\u00e3o de retorno de \u00e1gua, principalmente na malha de alta temperatura. Para uso espec\u00edfico, consulte o ZECO Valve Group.<\/p>\n<\/div>\n<div class=\"richtext\">\n<h2>Material e padr\u00e3o da v\u00e1lvula de balanceamento de fluxo<\/h2>\n<p>Faixa de tamanho: 3\/4\u2033~2\u2033<\/p>\n<p>Classifica\u00e7\u00e3o de press\u00e3o: 10bar ~ 16bar<\/p>\n<p>Dimens\u00f5es face a face: EN 558-1, ASME B 16.10<\/p>\n<p>Dimens\u00e3o final do flange: BS 21<\/p>\n<p>Inspe\u00e7\u00e3o e teste: ISO 5208 \/ EN 12226-2<\/p>\n<p>&nbsp;<\/p>\n<div class=\"over-tabs\">\n<table width=\"1389\">\n<tbody>\n<tr class=\"firstRow\">\n<td>Parte<\/td>\n<td>Material<\/td>\n<td>Padr\u00e3o<\/td>\n<\/tr>\n<tr>\n<td>Corpo<\/td>\n<td>CuZn39Pb1 \/ C37000<\/td>\n<td>EN12167\/ASTM B135<\/td>\n<\/tr>\n<tr>\n<td>Bon\u00e9<\/td>\n<td>CuZn39Pb1 \/ C37000<\/td>\n<td>EN12167\/ASTM B135<\/td>\n<\/tr>\n<tr>\n<td>Aparar<\/td>\n<td>CuZn39Pb1 \/ C37000<\/td>\n<td>EN12167\/ASTM B135<\/td>\n<\/tr>\n<tr>\n<td>Porta de medi\u00e7\u00e3o<\/td>\n<td>CuZn39Pb1 \/ C37000<\/td>\n<td>EN12167\/ASTM B135<\/td>\n<\/tr>\n<tr>\n<td>Anel-O<\/td>\n<td>EPDM \/ NBR<\/td>\n<td>ISO 4633<\/td>\n<\/tr>\n<tr>\n<td>Volante<\/td>\n<td>Nylon<\/td>\n<td>ISO 4633<\/td>\n<\/tr>\n<tr>\n<td colspan=\"3\">Para as op\u00e7\u00f5es de materiais n\u00e3o listadas, consultar a f\u00e1brica.<\/p>\n<p>A ZECO fabrica v\u00e1lvulas em mais de 50 ligas diferentes.<\/td>\n<\/tr>\n<\/tbody>\n<\/table>\n<\/div>\n<table border=\"1\">\n<tbody>\n<tr>\n<td>NPS<\/td>\n<td>Em<\/td>\n<td>3\/4<\/td>\n<td>1<\/td>\n<td>1 1\/4<\/td>\n<td>1 1\/2<\/td>\n<td>2<\/td>\n<\/tr>\n<tr>\n<td>A<\/td>\n<td>mil\u00edmetros<\/td>\n<td>86.5<\/td>\n<td>105<\/td>\n<td>123.5<\/td>\n<td>125<\/td>\n<td>144<\/td>\n<\/tr>\n<tr>\n<td>H<\/td>\n<td>mil\u00edmetros<\/td>\n<td>102<\/td>\n<td>105<\/td>\n<td>110<\/td>\n<td>120<\/td>\n<td>127<\/td>\n<\/tr>\n<tr>\n<td>G<\/td>\n<td>mil\u00edmetros<\/td>\n<td>G3\/4<\/td>\n<td>G10<\/td>\n<td>G1 1\/4<\/td>\n<td>G1 1\/2<\/td>\n<td>G2<\/td>\n<\/tr>\n<tr>\n<td>SO<\/td>\n<td>mil\u00edmetros<\/td>\n<td>32.5<\/td>\n<td>40.5<\/td>\n<td>49.5<\/td>\n<td>57<\/td>\n<td>69.5<\/td>\n<\/tr>\n<tr>\n<td>KVS<\/td>\n<td>m3\/h<\/td>\n<td>5.77<\/td>\n<td>8.7<\/td>\n<td>14.2<\/td>\n<td>19.2<\/td>\n<td>33<\/td>\n<\/tr>\n<\/tbody>\n<\/table>\n<\/div>\n<\/div>\n<\/div>\n<\/div>\n<\/div>","protected":false},"excerpt":{"rendered":"<p>V\u00e1lvula de balanceamento de fluxo Festuras da v\u00e1lvula de balanceamento de fluxo Boa veda\u00e7\u00e3o, sem penetra\u00e7\u00e3o, f\u00e1cil de ajustar a rota\u00e7\u00e3o; Pequeno espa\u00e7o de montagem, preciso e ... <a title=\"V\u00e1lvula de equil\u00edbrio de caudal\" class=\"read-more\" href=\"https:\/\/zecovalve.com\/pt\/produto\/flow-balancing-valve\" aria-label=\"Mais em V\u00e1lvula de balanceamento de fluxo\">Ler mais<\/a><\/p>","protected":false},"featured_media":27957,"comment_status":"closed","ping_status":"closed","template":"","meta":{"_generate-full-width-content":"","kt_blocks_editor_width":""},"product_cat":[2512],"product_tag":[2724,2654],"class_list":["post-17063","product","type-product","status-publish","has-post-thumbnail","hentry","product_cat-balancing-valve","product_tag-balancing-valve","product_tag-hvac-valve","sales-flash-overlay","woocommerce-text-align-center","woocommerce-image-align-center","do-quantity-buttons"],"featured_image_src_large":["https:\/\/zecovalve.com\/wp-content\/uploads\/2022\/06\/Flow-Balancing-Valve.jpg",800,600,false],"author_info":[],"comment_info":0,"taxonomy_info":{"product_cat":[{"value":2512,"label":"Balancing Valve"}],"product_tag":[{"value":2724,"label":"Balancing Valve"},{"value":2654,"label":"HVAC Valve"}]},"yoast_head":"<!-- This site is optimized with the Yoast SEO Premium plugin v15.4 - https:\/\/yoast.com\/wordpress\/plugins\/seo\/ -->\n<title>Flow Balancing Valve - ZECO Valve<\/title>\n<meta name=\"robots\" content=\"index, follow, max-snippet:-1, max-image-preview:large, max-video-preview:-1\" \/>\n<link rel=\"canonical\" href=\"https:\/\/zecovalve.com\/pt\/produto\/flow-balancing-valve\" \/>\n<meta property=\"og:locale\" content=\"pt_PT\" \/>\n<meta property=\"og:type\" content=\"article\" \/>\n<meta property=\"og:title\" content=\"Flow Balancing Valve - ZECO Valve\" \/>\n<meta property=\"og:description\" content=\"Flow Balancing Valve Festures of Flow Balancing Valve Good sealing, no penetration, easy to adjust the rotation; Small mounting space, accurate and ... Ler mais\" \/>\n<meta property=\"og:url\" content=\"https:\/\/zecovalve.com\/pt\/produto\/flow-balancing-valve\" \/>\n<meta property=\"og:site_name\" content=\"ZECO Valve\" \/>\n<meta property=\"article:modified_time\" content=\"2023-06-26T06:02:55+00:00\" \/>\n<meta property=\"og:image\" content=\"https:\/\/zecovalve.com\/wp-content\/uploads\/2022\/06\/Flow-Balancing-Valve.jpg\" \/>\n\t<meta property=\"og:image:width\" content=\"800\" \/>\n\t<meta property=\"og:image:height\" content=\"600\" \/>\n<meta name=\"twitter:card\" content=\"summary_large_image\" \/>\n<meta name=\"twitter:label1\" content=\"Escrito por\">\n\t<meta name=\"twitter:data1\" content=\"Jerry\">\n\t<meta name=\"twitter:label2\" content=\"Tempo estimado de leitura\">\n\t<meta name=\"twitter:data2\" content=\"1 minuto\">\n<script type=\"application\/ld+json\" class=\"yoast-schema-graph\">{\"@context\":\"https:\/\/schema.org\",\"@graph\":[{\"@type\":\"WebSite\",\"@id\":\"https:\/\/zecovalve.com\/#website\",\"url\":\"https:\/\/zecovalve.com\/\",\"name\":\"ZECO Valve\",\"description\":\"Industrial Ball Valve, Gate Valve and Globe Valve Manufacturer\",\"potentialAction\":[{\"@type\":\"SearchAction\",\"target\":\"https:\/\/zecovalve.com\/?s={search_term_string}\",\"query-input\":\"required name=search_term_string\"}],\"inLanguage\":\"pt-PT\"},{\"@type\":\"ImageObject\",\"@id\":\"https:\/\/zecovalve.com\/product\/flow-balancing-valve#primaryimage\",\"inLanguage\":\"pt-PT\",\"url\":\"https:\/\/zecovalve.com\/wp-content\/uploads\/2022\/06\/Flow-Balancing-Valve.jpg\",\"width\":800,\"height\":600,\"caption\":\"Flow Balancing Valve\"},{\"@type\":\"WebPage\",\"@id\":\"https:\/\/zecovalve.com\/product\/flow-balancing-valve#webpage\",\"url\":\"https:\/\/zecovalve.com\/product\/flow-balancing-valve\",\"name\":\"Flow Balancing Valve - ZECO Valve\",\"isPartOf\":{\"@id\":\"https:\/\/zecovalve.com\/#website\"},\"primaryImageOfPage\":{\"@id\":\"https:\/\/zecovalve.com\/product\/flow-balancing-valve#primaryimage\"},\"datePublished\":\"2022-06-26T08:20:43+00:00\",\"dateModified\":\"2023-06-26T06:02:55+00:00\",\"breadcrumb\":{\"@id\":\"https:\/\/zecovalve.com\/product\/flow-balancing-valve#breadcrumb\"},\"inLanguage\":\"pt-PT\",\"potentialAction\":[{\"@type\":\"ReadAction\",\"target\":[\"https:\/\/zecovalve.com\/product\/flow-balancing-valve\"]}]},{\"@type\":\"BreadcrumbList\",\"@id\":\"https:\/\/zecovalve.com\/product\/flow-balancing-valve#breadcrumb\",\"itemListElement\":[{\"@type\":\"ListItem\",\"position\":1,\"item\":{\"@type\":\"WebPage\",\"@id\":\"https:\/\/zecovalve.com\/\",\"url\":\"https:\/\/zecovalve.com\/\",\"name\":\"Home\"}},{\"@type\":\"ListItem\",\"position\":2,\"item\":{\"@type\":\"WebPage\",\"@id\":\"https:\/\/zecovalve.com\/product-category\",\"url\":\"https:\/\/zecovalve.com\/product-category\",\"name\":\"Industrial Valve Manufacturer | Water Valve Manufacturer\"}},{\"@type\":\"ListItem\",\"position\":3,\"item\":{\"@type\":\"WebPage\",\"@id\":\"https:\/\/zecovalve.com\/product\/flow-balancing-valve\",\"url\":\"https:\/\/zecovalve.com\/product\/flow-balancing-valve\",\"name\":\"Flow Balancing Valve\"}}]}]}<\/script>\n<!-- \/ Yoast SEO Premium plugin. -->","_links":{"self":[{"href":"https:\/\/zecovalve.com\/pt\/wp-json\/wp\/v2\/product\/17063","targetHints":{"allow":["GET"]}}],"collection":[{"href":"https:\/\/zecovalve.com\/pt\/wp-json\/wp\/v2\/product"}],"about":[{"href":"https:\/\/zecovalve.com\/pt\/wp-json\/wp\/v2\/types\/product"}],"replies":[{"embeddable":true,"href":"https:\/\/zecovalve.com\/pt\/wp-json\/wp\/v2\/comments?post=17063"}],"wp:featuredmedia":[{"embeddable":true,"href":"https:\/\/zecovalve.com\/pt\/wp-json\/wp\/v2\/media\/27957"}],"wp:attachment":[{"href":"https:\/\/zecovalve.com\/pt\/wp-json\/wp\/v2\/media?parent=17063"}],"wp:term":[{"taxonomy":"product_cat","embeddable":true,"href":"https:\/\/zecovalve.com\/pt\/wp-json\/wp\/v2\/product_cat?post=17063"},{"taxonomy":"product_tag","embeddable":true,"href":"https:\/\/zecovalve.com\/pt\/wp-json\/wp\/v2\/product_tag?post=17063"}],"curies":[{"name":"wp","href":"https:\/\/api.w.org\/{rel}","templated":true}]}}