{"id":17071,"date":"2022-06-27T05:36:53","date_gmt":"2022-06-27T05:36:53","guid":{"rendered":"https:\/\/zecovalve.com\/?post_type=product&#038;p=17071"},"modified":"2023-06-26T05:29:52","modified_gmt":"2023-06-26T05:29:52","slug":"modulating-float-valve","status":"publish","type":"product","link":"https:\/\/zecovalve.com\/pt\/produto\/modulating-float-valve","title":{"rendered":"V\u00e1lvula flutuante modulante"},"content":{"rendered":"<div class=\"sep-pages-boxs bgs clearfix\">\n<div class=\"sep-container clearfix\">\n<h1 class=\"titles sizes1 cens gtj-ff-bold\">V\u00e1lvula flutuante modulante<\/h1>\n<div class=\"bq-sep-pro-detail-thumbs ons clearfix\">\n<div class=\"thumbs\">\n<div class=\"imgs ons\">\n<div class=\"swiper-container swiper-container-initialized swiper-container-horizontal\">\n<div class=\"swiper-wrapper\">\n<div class=\"swiper-slide swiper-slide-active\">\n<figure id=\"attachment_17069\" aria-describedby=\"caption-attachment-17069\" style=\"width: 290px\" class=\"wp-caption alignnone\"><img loading=\"lazy\" decoding=\"async\" class=\"size-medium wp-image-17069\" src=\"https:\/\/zecovalve.com\/wp-content\/uploads\/2022\/06\/modulating-float-valve-1-300x273.jpg\" alt=\"V\u00e1lvula flutuante modulante\" width=\"300\" height=\"273\" srcset=\"https:\/\/zecovalve.com\/wp-content\/uploads\/2022\/06\/modulating-float-valve-1-300x273.jpg 300w, https:\/\/zecovalve.com\/wp-content\/uploads\/2022\/06\/modulating-float-valve-1.jpg 330w\" sizes=\"auto, (max-width: 300px) 100vw, 300px\" \/><figcaption id=\"caption-attachment-17069\" class=\"wp-caption-text\">V\u00e1lvula flutuante modulante<\/figcaption><\/figure>\n<\/div>\n<\/div>\n<\/div>\n<div class=\"lr-lists-boxs\"><\/div>\n<\/div>\n<\/div>\n<\/div>\n<\/div>\n<\/div>\n<div class=\"sep-pages-boxs clearfix\">\n<div class=\"sep-container clearfix\">\n<div id=\"zf-nexts\" class=\"flex clearfix\">\n<div class=\"bq-zf-lefts\">\n<div class=\"richtext\">\n<h2>Caracter\u00edsticas da v\u00e1lvula flutuante modulante<\/h2>\n<div class=\"text-center\"><img loading=\"lazy\" decoding=\"async\" class=\"alignnone size-medium wp-image-17053\" src=\"https:\/\/zecovalve.com\/wp-content\/uploads\/2022\/06\/surge-anticipating-valve-features-300x225.png\" alt=\"\" width=\"300\" height=\"225\" srcset=\"https:\/\/zecovalve.com\/wp-content\/uploads\/2022\/06\/surge-anticipating-valve-features-300x225.png 300w, https:\/\/zecovalve.com\/wp-content\/uploads\/2022\/06\/surge-anticipating-valve-features.png 600w\" sizes=\"auto, (max-width: 300px) 100vw, 300px\" \/><\/div>\n<ul class=\"list-paddingleft-2\">\n<li>Trabalho est\u00e1vel e confi\u00e1vel, grande fluxo;<\/li>\n<li>Disco aberto rapidamente e fechado lentamente, sem impacto de golpe de ar\u00edete;<\/li>\n<li>Bom efeito de veda\u00e7\u00e3o e longa vida \u00fatil;<\/li>\n<li>Instale em qualquer local de acordo com a altura do tanque de \u00e1gua e do espa\u00e7o de trabalho.<\/li>\n<\/ul>\n<\/div>\n<div class=\"richtext\">\n<h2>Princ\u00edpio de funcionamento da v\u00e1lvula flutuante modulante<\/h2>\n<div class=\"text-center\"><img loading=\"lazy\" decoding=\"async\" class=\"alignnone size-medium wp-image-17072\" src=\"https:\/\/zecovalve.com\/wp-content\/uploads\/2022\/06\/modulating-float-valve-principle-300x225.jpg\" alt=\"\" width=\"300\" height=\"225\" srcset=\"https:\/\/zecovalve.com\/wp-content\/uploads\/2022\/06\/modulating-float-valve-principle-300x225.jpg 300w, https:\/\/zecovalve.com\/wp-content\/uploads\/2022\/06\/modulating-float-valve-principle.jpg 600w\" sizes=\"auto, (max-width: 300px) 100vw, 300px\" \/><\/div>\n<p>Quando o tubo fornece \u00e1gua pela extremidade de entrada, porque a v\u00e1lvula agulha, a v\u00e1lvula esf\u00e9rica e a v\u00e1lvula esf\u00e9rica flutuante est\u00e3o normalmente abertas, a \u00e1gua entra no tanque de \u00e1gua atrav\u00e9s do microfiltro, v\u00e1lvula agulha, sala de controle, v\u00e1lvula esf\u00e9rica e v\u00e1lvula esf\u00e9rica flutuante . Neste momento n\u00e3o h\u00e1 press\u00e3o na sala de controle; Quando o n\u00edvel da \u00e1gua da torre de \u00e1gua sobe at\u00e9 a altura definida, a b\u00f3ia esf\u00e9rica fecha a v\u00e1lvula flutuante, controla o aumento da press\u00e3o da \u00e1gua interna, empurra a v\u00e1lvula principal para fechar e o abastecimento de \u00e1gua \u00e9 interrompido. Quando o n\u00edvel da \u00e1gua cai, a v\u00e1lvula flutuante reabre, a press\u00e3o da \u00e1gua na sala de controle cai e a v\u00e1lvula principal abre novamente para continuar o abastecimento de \u00e1gua, mantendo a altura definida do n\u00edvel do l\u00edquido.<\/p>\n<\/div>\n<div class=\"richtext\">\n<h2>Instala\u00e7\u00e3o e comissionamento de v\u00e1lvula flutuante modulante<\/h2>\n<div class=\"text-center\"><img loading=\"lazy\" decoding=\"async\" class=\"alignnone size-medium wp-image-17073\" src=\"https:\/\/zecovalve.com\/wp-content\/uploads\/2022\/06\/modulating-float-valve-installation-and-commissioning-300x225.jpg\" alt=\"\" width=\"300\" height=\"225\" srcset=\"https:\/\/zecovalve.com\/wp-content\/uploads\/2022\/06\/modulating-float-valve-installation-and-commissioning-300x225.jpg 300w, https:\/\/zecovalve.com\/wp-content\/uploads\/2022\/06\/modulating-float-valve-installation-and-commissioning.jpg 600w\" sizes=\"auto, (max-width: 300px) 100vw, 300px\" \/><\/div>\n<p>A instala\u00e7\u00e3o horizontal \u00e9 preferida para v\u00e1lvula flutuante de esfera com controle remoto. A v\u00e1lvula principal e a v\u00e1lvula piloto de flutua\u00e7\u00e3o esf\u00e9rica podem ser instaladas remotamente como um todo. Esta v\u00e1lvula \u00e9 instalada no sistema de \u00e1gua e depurada. A v\u00e1lvula globo \u00e9 aberta. A v\u00e1lvula agulha da v\u00e1lvula principal \u00e9 aberta por 2 a 4 rodadas. A v\u00e1lvula esf\u00e9rica est\u00e1 totalmente aberta. Para uso espec\u00edfico, consulte o Zeco Valve Group.<\/p>\n<\/div>\n<div class=\"richtext\">\n<h2>Material e padr\u00e3o da v\u00e1lvula flutuante modulante<\/h2>\n<p>Faixa de tamanho: 2\u2033~24\u2033<br \/>\nClassifica\u00e7\u00e3o de press\u00e3o: 10bar ~ 25bar<\/p>\n<p>Dimens\u00f5es face a face: AMSE B16.10, EN558-1<\/p>\n<p>Dimens\u00e3o da extremidade do flange: AMSE B16.1\/16.42, AS4087, EN1092-2<\/p>\n<p>Revestimento: Revestimento ep\u00f3xi ligado por fus\u00e3o<\/p>\n<p>Inspe\u00e7\u00e3o e teste: ISO 5208 \/ EN 12226-2<\/p>\n<div class=\"over-tabs\">\n<table cellspacing=\"0\">\n<tbody>\n<tr class=\"firstRow\">\n<td valign=\"center\">Parte<\/td>\n<td valign=\"center\">Material<\/td>\n<td valign=\"center\">Padr\u00e3o<\/td>\n<\/tr>\n<tr>\n<td valign=\"center\">Corpo<\/td>\n<td valign=\"center\">Ferro fundido d\u00factil<\/td>\n<td valign=\"center\">EN 1563\/DIN 1693<\/td>\n<\/tr>\n<tr>\n<td valign=\"center\">Bon\u00e9<\/td>\n<td valign=\"center\">Ferro fundido d\u00factil<\/td>\n<td valign=\"center\">EN 1563\/DIN 1693<\/td>\n<\/tr>\n<tr>\n<td valign=\"center\">Aparar<\/td>\n<td valign=\"center\">A\u00e7o inoxid\u00e1vel 304<\/td>\n<td valign=\"center\">EN10088-1\/ASTM A959<\/td>\n<\/tr>\n<tr>\n<td valign=\"center\">Assento<\/td>\n<td valign=\"center\">A\u00e7o inoxid\u00e1vel 304<\/td>\n<td valign=\"center\">EN10088-1\/ASTM A959<\/td>\n<\/tr>\n<tr>\n<td valign=\"center\">Diafragma<\/td>\n<td valign=\"center\">EPDM \/ NBR<\/td>\n<td valign=\"center\">ISO 4633<\/td>\n<\/tr>\n<tr>\n<td valign=\"center\">V\u00e1lvula piloto<\/td>\n<td valign=\"center\">A\u00e7o inoxid\u00e1vel 304<\/td>\n<td valign=\"center\">EN10088-1\/ASTM A959<\/td>\n<\/tr>\n<tr>\n<td colspan=\"3\" valign=\"center\">Para op\u00e7\u00f5es de materiais n\u00e3o listadas, consulte a f\u00e1brica.<\/p>\n<p>A Zeco fabrica v\u00e1lvulas em mais de 50 ligas diferentes.<\/td>\n<\/tr>\n<\/tbody>\n<\/table>\n<\/div>\n<\/div>\n<\/div>\n<\/div>\n<\/div>\n<\/div>","protected":false},"excerpt":{"rendered":"<p>V\u00e1lvula flutuante modulante Caracter\u00edsticas da v\u00e1lvula flutuante modulante Trabalho est\u00e1vel e confi\u00e1vel, grande fluxo; Disco aberto rapidamente e fechado lentamente, sem \u00e1gua\u2026 <a title=\"V\u00e1lvula flutuante modulante\" class=\"read-more\" href=\"https:\/\/zecovalve.com\/pt\/produto\/modulating-float-valve\" aria-label=\"Mais em V\u00e1lvula Flutuante Moduladora\">Ler mais<\/a><\/p>","protected":false},"featured_media":27946,"comment_status":"closed","ping_status":"closed","template":"","meta":{"_generate-full-width-content":"","kt_blocks_editor_width":""},"product_cat":[2526],"product_tag":[],"class_list":["post-17071","product","type-product","status-publish","has-post-thumbnail","hentry","product_cat-water-control-valve","sales-flash-overlay","woocommerce-text-align-center","woocommerce-image-align-center","do-quantity-buttons"],"featured_image_src_large":["https:\/\/zecovalve.com\/wp-content\/uploads\/2022\/06\/Modulating-Float-Valve-2.jpg",800,600,false],"author_info":[],"comment_info":0,"taxonomy_info":{"product_cat":[{"value":2526,"label":"Water Control Valve"}]},"yoast_head":"<!-- This site is optimized with the Yoast SEO Premium plugin v15.4 - https:\/\/yoast.com\/wordpress\/plugins\/seo\/ -->\n<title>Modulating Float Valve - ZECO Valve<\/title>\n<meta name=\"robots\" content=\"index, follow, max-snippet:-1, max-image-preview:large, max-video-preview:-1\" \/>\n<link rel=\"canonical\" href=\"https:\/\/zecovalve.com\/pt\/produto\/modulating-float-valve\" \/>\n<meta property=\"og:locale\" content=\"pt_PT\" \/>\n<meta property=\"og:type\" content=\"article\" \/>\n<meta property=\"og:title\" content=\"Modulating Float Valve - ZECO Valve\" \/>\n<meta property=\"og:description\" content=\"Modulating Float Valve Features of Modulating Float Valve Stable and reliable work, large flow; Disc fast open and slow closed, no water ... Ler mais\" \/>\n<meta property=\"og:url\" content=\"https:\/\/zecovalve.com\/pt\/produto\/modulating-float-valve\" \/>\n<meta property=\"og:site_name\" content=\"ZECO Valve\" \/>\n<meta property=\"article:modified_time\" content=\"2023-06-26T05:29:52+00:00\" \/>\n<meta property=\"og:image\" content=\"https:\/\/zecovalve.com\/wp-content\/uploads\/2022\/06\/Modulating-Float-Valve-2.jpg\" \/>\n\t<meta property=\"og:image:width\" content=\"800\" \/>\n\t<meta property=\"og:image:height\" content=\"600\" \/>\n<meta name=\"twitter:card\" content=\"summary_large_image\" \/>\n<meta name=\"twitter:label1\" content=\"Escrito por\">\n\t<meta name=\"twitter:data1\" content=\"Jerry\">\n\t<meta name=\"twitter:label2\" content=\"Tempo estimado de leitura\">\n\t<meta name=\"twitter:data2\" content=\"1 minuto\">\n<script type=\"application\/ld+json\" class=\"yoast-schema-graph\">{\"@context\":\"https:\/\/schema.org\",\"@graph\":[{\"@type\":\"WebSite\",\"@id\":\"https:\/\/zecovalve.com\/#website\",\"url\":\"https:\/\/zecovalve.com\/\",\"name\":\"ZECO Valve\",\"description\":\"Industrial Ball Valve, Gate Valve and Globe Valve Manufacturer\",\"potentialAction\":[{\"@type\":\"SearchAction\",\"target\":\"https:\/\/zecovalve.com\/?s={search_term_string}\",\"query-input\":\"required name=search_term_string\"}],\"inLanguage\":\"pt-PT\"},{\"@type\":\"ImageObject\",\"@id\":\"https:\/\/zecovalve.com\/product\/modulating-float-valve#primaryimage\",\"inLanguage\":\"pt-PT\",\"url\":\"https:\/\/zecovalve.com\/wp-content\/uploads\/2022\/06\/Modulating-Float-Valve-2.jpg\",\"width\":800,\"height\":600,\"caption\":\"Modulating Float Valve\"},{\"@type\":\"WebPage\",\"@id\":\"https:\/\/zecovalve.com\/product\/modulating-float-valve#webpage\",\"url\":\"https:\/\/zecovalve.com\/product\/modulating-float-valve\",\"name\":\"Modulating Float Valve - ZECO Valve\",\"isPartOf\":{\"@id\":\"https:\/\/zecovalve.com\/#website\"},\"primaryImageOfPage\":{\"@id\":\"https:\/\/zecovalve.com\/product\/modulating-float-valve#primaryimage\"},\"datePublished\":\"2022-06-27T05:36:53+00:00\",\"dateModified\":\"2023-06-26T05:29:52+00:00\",\"breadcrumb\":{\"@id\":\"https:\/\/zecovalve.com\/product\/modulating-float-valve#breadcrumb\"},\"inLanguage\":\"pt-PT\",\"potentialAction\":[{\"@type\":\"ReadAction\",\"target\":[\"https:\/\/zecovalve.com\/product\/modulating-float-valve\"]}]},{\"@type\":\"BreadcrumbList\",\"@id\":\"https:\/\/zecovalve.com\/product\/modulating-float-valve#breadcrumb\",\"itemListElement\":[{\"@type\":\"ListItem\",\"position\":1,\"item\":{\"@type\":\"WebPage\",\"@id\":\"https:\/\/zecovalve.com\/\",\"url\":\"https:\/\/zecovalve.com\/\",\"name\":\"Home\"}},{\"@type\":\"ListItem\",\"position\":2,\"item\":{\"@type\":\"WebPage\",\"@id\":\"https:\/\/zecovalve.com\/product-category\",\"url\":\"https:\/\/zecovalve.com\/product-category\",\"name\":\"Industrial Valve Manufacturer | Water Valve Manufacturer\"}},{\"@type\":\"ListItem\",\"position\":3,\"item\":{\"@type\":\"WebPage\",\"@id\":\"https:\/\/zecovalve.com\/product\/modulating-float-valve\",\"url\":\"https:\/\/zecovalve.com\/product\/modulating-float-valve\",\"name\":\"Modulating Float Valve\"}}]}]}<\/script>\n<!-- \/ Yoast SEO Premium plugin. -->","_links":{"self":[{"href":"https:\/\/zecovalve.com\/pt\/wp-json\/wp\/v2\/product\/17071","targetHints":{"allow":["GET"]}}],"collection":[{"href":"https:\/\/zecovalve.com\/pt\/wp-json\/wp\/v2\/product"}],"about":[{"href":"https:\/\/zecovalve.com\/pt\/wp-json\/wp\/v2\/types\/product"}],"replies":[{"embeddable":true,"href":"https:\/\/zecovalve.com\/pt\/wp-json\/wp\/v2\/comments?post=17071"}],"wp:featuredmedia":[{"embeddable":true,"href":"https:\/\/zecovalve.com\/pt\/wp-json\/wp\/v2\/media\/27946"}],"wp:attachment":[{"href":"https:\/\/zecovalve.com\/pt\/wp-json\/wp\/v2\/media?parent=17071"}],"wp:term":[{"taxonomy":"product_cat","embeddable":true,"href":"https:\/\/zecovalve.com\/pt\/wp-json\/wp\/v2\/product_cat?post=17071"},{"taxonomy":"product_tag","embeddable":true,"href":"https:\/\/zecovalve.com\/pt\/wp-json\/wp\/v2\/product_tag?post=17071"}],"curies":[{"name":"wp","href":"https:\/\/api.w.org\/{rel}","templated":true}]}}