{"id":17081,"date":"2022-06-27T05:52:25","date_gmt":"2022-06-27T05:52:25","guid":{"rendered":"https:\/\/zecovalve.com\/?post_type=product&#038;p=17081"},"modified":"2023-06-26T06:44:53","modified_gmt":"2023-06-26T06:44:53","slug":"combination-air-valve","status":"publish","type":"product","link":"https:\/\/zecovalve.com\/pt\/produto\/combination-air-valve","title":{"rendered":"V\u00e1lvula de ar combinada"},"content":{"rendered":"<div class=\"sep-pages-boxs bgs clearfix\">\n<div class=\"sep-container clearfix\">\n<h1 class=\"titles sizes1 cens gtj-ff-bold\">V\u00e1lvula de ar combinada<\/h1>\n<div class=\"bq-sep-pro-detail-thumbs ons clearfix\">\n<div class=\"thumbs\">\n<div class=\"imgs ons\">\n<div class=\"swiper-container swiper-container-initialized swiper-container-horizontal\">\n<div class=\"swiper-wrapper\">\n<div class=\"swiper-slide swiper-slide-active\">\n<figure id=\"attachment_16966\" aria-describedby=\"caption-attachment-16966\" style=\"width: 290px\" class=\"wp-caption alignnone\"><img loading=\"lazy\" decoding=\"async\" class=\"size-medium wp-image-16966\" src=\"https:\/\/zecovalve.com\/wp-content\/uploads\/2022\/06\/combination-air-valve-300x273.jpg\" alt=\"V\u00e1lvula de ar combinada\" width=\"300\" height=\"273\" srcset=\"https:\/\/zecovalve.com\/wp-content\/uploads\/2022\/06\/combination-air-valve-300x273.jpg 300w, https:\/\/zecovalve.com\/wp-content\/uploads\/2022\/06\/combination-air-valve.jpg 330w\" sizes=\"auto, (max-width: 300px) 100vw, 300px\" \/><figcaption id=\"caption-attachment-16966\" class=\"wp-caption-text\">Combina\u00e7\u00e3o <a href=\"https:\/\/zecovalve.com\/pt\/what-is-an-air-valve-air-valve-types-air-release-valve.html\/\" data-internallinksmanager029f6b8e52c=\"1\" title=\"V\u00e1lvula de ar\" target=\"_blank\" rel=\"noopener\">V\u00e1lvula de ar<\/a><\/figcaption><\/figure>\n<\/div>\n<\/div>\n<\/div>\n<div class=\"lr-lists-boxs\"><\/div>\n<\/div>\n<\/div>\n<\/div>\n<\/div>\n<\/div>\n<div class=\"sep-pages-boxs clearfix\">\n<div class=\"sep-container clearfix\">\n<div id=\"zf-nexts\" class=\"flex clearfix\">\n<div class=\"bq-zf-lefts\">\n<div class=\"richtext\">\n<h2>Festividades da V\u00e1lvula de Ar Combinada<\/h2>\n<div class=\"text-center\">\u00a0\u00a0<img loading=\"lazy\" decoding=\"async\" class=\"alignnone size-medium wp-image-17084\" src=\"https:\/\/zecovalve.com\/wp-content\/uploads\/2022\/06\/single-body-combination-air-valve-features-300x225.png\" alt=\"\" width=\"300\" height=\"225\" srcset=\"https:\/\/zecovalve.com\/wp-content\/uploads\/2022\/06\/single-body-combination-air-valve-features-300x225.png 300w, https:\/\/zecovalve.com\/wp-content\/uploads\/2022\/06\/single-body-combination-air-valve-features.png 600w\" sizes=\"auto, (max-width: 300px) 100vw, 300px\" \/><\/div>\n<ul class=\"list-paddingleft-2\">\n<li>Suc\u00e7\u00e3o com press\u00e3o negativa;<\/li>\n<li>Escape r\u00e1pido;<\/li>\n<li>Somente a exaust\u00e3o n\u00e3o drena;<\/li>\n<li>Escape leve e grande.<\/li>\n<\/ul>\n<\/div>\n<div class=\"richtext\">\n<h2>Princ\u00edpio de funcionamento da v\u00e1lvula de ar combinada<\/h2>\n<div class=\"text-center\"><img loading=\"lazy\" decoding=\"async\" class=\"alignnone size-medium wp-image-17082\" src=\"https:\/\/zecovalve.com\/wp-content\/uploads\/2022\/06\/combination-air-valve-principle-300x250.png\" alt=\"\" width=\"300\" height=\"250\" srcset=\"https:\/\/zecovalve.com\/wp-content\/uploads\/2022\/06\/combination-air-valve-principle-300x250.png 300w, https:\/\/zecovalve.com\/wp-content\/uploads\/2022\/06\/combination-air-valve-principle.png 600w\" sizes=\"auto, (max-width: 300px) 100vw, 300px\" \/><\/div>\n<p>Quando o tubo come\u00e7ou a inje\u00e7\u00e3o de \u00e1gua, o disco na posi\u00e7\u00e3o aberta, um grande n\u00famero de exaust\u00e3o, quando o ar se alinhou, cheio de \u00e1gua na v\u00e1lvula, a bola flutuante para cima e acionou a v\u00e1lvula fechada, parou a exaust\u00e3o, quando o tubo de \u00e1gua \u00e9 o transporte normal, se houver uma pequena quantidade de ar dentro da v\u00e1lvula at\u00e9 certo ponto, os n\u00edveis de \u00e1gua caem na v\u00e1lvula, a bola flutuante cai, o ar est\u00e1 sendo expelido pelos orif\u00edcios. Quando a bomba para, o fluxo de \u00e1gua na tubula\u00e7\u00e3o est\u00e1 vazio ou \u00e9 gerada press\u00e3o negativa na tubula\u00e7\u00e3o. Neste momento, o buj\u00e3o \u00e9 aberto rapidamente e o ar \u00e9 inalado para garantir a seguran\u00e7a do tubo.<\/p>\n<\/div>\n<div class=\"richtext\">\n<h2>Instala\u00e7\u00e3o e comissionamento de v\u00e1lvula de ar combinada<\/h2>\n<div class=\"text-center\"><img loading=\"lazy\" decoding=\"async\" class=\"alignnone size-medium wp-image-17083\" src=\"https:\/\/zecovalve.com\/wp-content\/uploads\/2022\/06\/combination-air-valve-typical-applications-300x250.png\" alt=\"\" width=\"300\" height=\"250\" srcset=\"https:\/\/zecovalve.com\/wp-content\/uploads\/2022\/06\/combination-air-valve-typical-applications-300x250.png 300w, https:\/\/zecovalve.com\/wp-content\/uploads\/2022\/06\/combination-air-valve-typical-applications.png 600w\" sizes=\"auto, (max-width: 300px) 100vw, 300px\" \/><\/div>\n<p>Esta v\u00e1lvula geralmente \u00e9 instalada no ponto mais alto do sistema, como apertar o castelo no corpo da v\u00e1lvula, o\u00a0<a href=\"https:\/\/zecovalve.com\/pt\/what-is-an-air-valve-air-valve-types-air-release-valve.html\/\" data-internallinksmanager029f6b8e52c=\"1\" title=\"V\u00e1lvula de ar\" target=\"_blank\" rel=\"noopener\">v\u00e1lvula de ar<\/a>\u00a0p\u00e1ra o escapamento, normalmente o cap\u00f4 deve estar aberto.\u00a0<a href=\"https:\/\/zecovalve.com\/pt\/what-is-an-air-valve-air-valve-types-air-release-valve.html\/\" data-internallinksmanager029f6b8e52c=\"1\" title=\"V\u00e1lvula de ar\" target=\"_blank\" rel=\"noopener\">V\u00e1lvula de ar<\/a>\u00a0tamb\u00e9m pode ser usado com a v\u00e1lvula de bloqueio, manuten\u00e7\u00e3o conveniente da v\u00e1lvula de escape. Para uso espec\u00edfico, consulte o ZECO Valve Group.<\/p>\n<\/div>\n<div class=\"richtext\">\n<h2>Material e padr\u00e3o da v\u00e1lvula de ar combinada<\/h2>\n<p>Faixa de tamanho: 2\u2033~8\u2033<\/p>\n<p>Classifica\u00e7\u00e3o de press\u00e3o: 10bar ~ 25bar<\/p>\n<p>Dimens\u00f5es face a face: AMSE B16.10, EN558-1<\/p>\n<p>Dimens\u00e3o da extremidade da flange: AMSE B16.1\/16.42, AS4087, EN1092-2<\/p>\n<p>Revestimento: Revestimento ep\u00f3xi ligado por fus\u00e3o<\/p>\n<p>Inspe\u00e7\u00e3o e teste: ISO 5208 \/ EN 12226-2<\/p>\n<div class=\"over-tabs\">\n<table width=\"1389\">\n<tbody>\n<tr class=\"firstRow\">\n<td>Parte<\/td>\n<td>Material<\/td>\n<td>Padr\u00e3o<\/td>\n<\/tr>\n<tr>\n<td>Corpo<\/td>\n<td>Ferro fundido d\u00factil<\/td>\n<td>EN 1563\/DIN 1693<\/td>\n<\/tr>\n<tr>\n<td>Bon\u00e9<\/td>\n<td>Ferro fundido d\u00factil<\/td>\n<td>EN 1563\/DIN 1693<\/td>\n<\/tr>\n<tr>\n<td>Exaustor<\/td>\n<td>Ferro fundido d\u00factil<\/td>\n<td>EN 1563\/DIN 1693<\/td>\n<\/tr>\n<tr>\n<td>Bola flutuante<\/td>\n<td>A\u00e7o inoxid\u00e1vel 431<\/td>\n<td>EN10088-1\/ASTM A959<\/td>\n<\/tr>\n<tr>\n<td>Filtro<\/td>\n<td>A\u00e7o inoxid\u00e1vel 431<\/td>\n<td>EN10088-1\/ASTM A959<\/td>\n<\/tr>\n<tr>\n<td>Selo<\/td>\n<td>EPDM \/ NBR<\/td>\n<td>ISO 4633<\/td>\n<\/tr>\n<tr>\n<td colspan=\"3\">Para as op\u00e7\u00f5es de materiais n\u00e3o listadas, consultar a f\u00e1brica.<\/p>\n<p>A ZECO fabrica v\u00e1lvulas em mais de 50 ligas diferentes.<\/td>\n<\/tr>\n<\/tbody>\n<\/table>\n<\/div>\n<\/div>\n<\/div>\n<\/div>\n<\/div>\n<\/div>","protected":false},"excerpt":{"rendered":"<p>V\u00e1lvula de ar combinada Festuras de suc\u00e7\u00e3o da v\u00e1lvula de ar combinada com press\u00e3o negativa \uff1b Exaust\u00e3o r\u00e1pida \uff1b A exaust\u00e3o apenas n\u00e3o drena \uff1b Exaust\u00e3o leve e grande. \u2026 <a title=\"V\u00e1lvula de ar combinada\" class=\"read-more\" href=\"https:\/\/zecovalve.com\/pt\/produto\/combination-air-valve\" aria-label=\"Mais em V\u00e1lvula de Ar Combinada\">Ler mais<\/a><\/p>","protected":false},"featured_media":27969,"comment_status":"closed","ping_status":"closed","template":"","meta":{"_generate-full-width-content":"","kt_blocks_editor_width":""},"product_cat":[2520],"product_tag":[2796,2765],"class_list":["post-17081","product","type-product","status-publish","has-post-thumbnail","hentry","product_cat-air-valve","product_tag-air-vent-valve","product_tag-vent-valve","sales-flash-overlay","woocommerce-text-align-center","woocommerce-image-align-center","do-quantity-buttons"],"featured_image_src_large":["https:\/\/zecovalve.com\/wp-content\/uploads\/2022\/06\/Combination-Air-Valve-1.jpg",800,600,false],"author_info":[],"comment_info":0,"taxonomy_info":{"product_cat":[{"value":2520,"label":"Air Valve Manufacturer and Supplier"}],"product_tag":[{"value":2796,"label":"Air Vent Valve"},{"value":2765,"label":"Vent Valve"}]},"yoast_head":"<!-- This site is optimized with the Yoast SEO Premium plugin v15.4 - https:\/\/yoast.com\/wordpress\/plugins\/seo\/ -->\n<title>Combination Air Valve - ZECO Valve<\/title>\n<meta name=\"robots\" content=\"index, follow, max-snippet:-1, max-image-preview:large, max-video-preview:-1\" \/>\n<link rel=\"canonical\" href=\"https:\/\/zecovalve.com\/pt\/produto\/combination-air-valve\" \/>\n<meta property=\"og:locale\" content=\"pt_PT\" \/>\n<meta property=\"og:type\" content=\"article\" \/>\n<meta property=\"og:title\" content=\"Combination Air Valve - ZECO Valve\" \/>\n<meta property=\"og:description\" content=\"Combination Air Valve Festures of Combination Air Valve \u00a0\u00a0 Suction at negative pressure\uff1b Fast exhaust\uff1b Exhaust only does not drain\uff1b Slight\u00a0exhaust\u00a0and large. ... Ler mais\" \/>\n<meta property=\"og:url\" content=\"https:\/\/zecovalve.com\/pt\/produto\/combination-air-valve\" \/>\n<meta property=\"og:site_name\" content=\"ZECO Valve\" \/>\n<meta property=\"article:modified_time\" content=\"2023-06-26T06:44:53+00:00\" \/>\n<meta property=\"og:image\" content=\"https:\/\/zecovalve.com\/wp-content\/uploads\/2022\/06\/Combination-Air-Valve-1.jpg\" \/>\n\t<meta property=\"og:image:width\" content=\"800\" \/>\n\t<meta property=\"og:image:height\" content=\"600\" \/>\n<meta name=\"twitter:card\" content=\"summary_large_image\" \/>\n<meta name=\"twitter:label1\" content=\"Escrito por\">\n\t<meta name=\"twitter:data1\" content=\"Jerry\">\n\t<meta name=\"twitter:label2\" content=\"Tempo estimado de leitura\">\n\t<meta name=\"twitter:data2\" content=\"1 minuto\">\n<script type=\"application\/ld+json\" class=\"yoast-schema-graph\">{\"@context\":\"https:\/\/schema.org\",\"@graph\":[{\"@type\":\"WebSite\",\"@id\":\"https:\/\/zecovalve.com\/#website\",\"url\":\"https:\/\/zecovalve.com\/\",\"name\":\"ZECO Valve\",\"description\":\"Industrial Ball Valve, Gate Valve and Globe Valve Manufacturer\",\"potentialAction\":[{\"@type\":\"SearchAction\",\"target\":\"https:\/\/zecovalve.com\/?s={search_term_string}\",\"query-input\":\"required name=search_term_string\"}],\"inLanguage\":\"pt-PT\"},{\"@type\":\"ImageObject\",\"@id\":\"https:\/\/zecovalve.com\/product\/combination-air-valve#primaryimage\",\"inLanguage\":\"pt-PT\",\"url\":\"https:\/\/zecovalve.com\/wp-content\/uploads\/2022\/06\/Combination-Air-Valve-1.jpg\",\"width\":800,\"height\":600,\"caption\":\"Combination Air Valve\"},{\"@type\":\"WebPage\",\"@id\":\"https:\/\/zecovalve.com\/product\/combination-air-valve#webpage\",\"url\":\"https:\/\/zecovalve.com\/product\/combination-air-valve\",\"name\":\"Combination Air Valve - ZECO Valve\",\"isPartOf\":{\"@id\":\"https:\/\/zecovalve.com\/#website\"},\"primaryImageOfPage\":{\"@id\":\"https:\/\/zecovalve.com\/product\/combination-air-valve#primaryimage\"},\"datePublished\":\"2022-06-27T05:52:25+00:00\",\"dateModified\":\"2023-06-26T06:44:53+00:00\",\"breadcrumb\":{\"@id\":\"https:\/\/zecovalve.com\/product\/combination-air-valve#breadcrumb\"},\"inLanguage\":\"pt-PT\",\"potentialAction\":[{\"@type\":\"ReadAction\",\"target\":[\"https:\/\/zecovalve.com\/product\/combination-air-valve\"]}]},{\"@type\":\"BreadcrumbList\",\"@id\":\"https:\/\/zecovalve.com\/product\/combination-air-valve#breadcrumb\",\"itemListElement\":[{\"@type\":\"ListItem\",\"position\":1,\"item\":{\"@type\":\"WebPage\",\"@id\":\"https:\/\/zecovalve.com\/\",\"url\":\"https:\/\/zecovalve.com\/\",\"name\":\"Home\"}},{\"@type\":\"ListItem\",\"position\":2,\"item\":{\"@type\":\"WebPage\",\"@id\":\"https:\/\/zecovalve.com\/product-category\",\"url\":\"https:\/\/zecovalve.com\/product-category\",\"name\":\"Industrial Valve Manufacturer | Water Valve Manufacturer\"}},{\"@type\":\"ListItem\",\"position\":3,\"item\":{\"@type\":\"WebPage\",\"@id\":\"https:\/\/zecovalve.com\/product\/combination-air-valve\",\"url\":\"https:\/\/zecovalve.com\/product\/combination-air-valve\",\"name\":\"Combination Air Valve\"}}]}]}<\/script>\n<!-- \/ Yoast SEO Premium plugin. -->","_links":{"self":[{"href":"https:\/\/zecovalve.com\/pt\/wp-json\/wp\/v2\/product\/17081","targetHints":{"allow":["GET"]}}],"collection":[{"href":"https:\/\/zecovalve.com\/pt\/wp-json\/wp\/v2\/product"}],"about":[{"href":"https:\/\/zecovalve.com\/pt\/wp-json\/wp\/v2\/types\/product"}],"replies":[{"embeddable":true,"href":"https:\/\/zecovalve.com\/pt\/wp-json\/wp\/v2\/comments?post=17081"}],"wp:featuredmedia":[{"embeddable":true,"href":"https:\/\/zecovalve.com\/pt\/wp-json\/wp\/v2\/media\/27969"}],"wp:attachment":[{"href":"https:\/\/zecovalve.com\/pt\/wp-json\/wp\/v2\/media?parent=17081"}],"wp:term":[{"taxonomy":"product_cat","embeddable":true,"href":"https:\/\/zecovalve.com\/pt\/wp-json\/wp\/v2\/product_cat?post=17081"},{"taxonomy":"product_tag","embeddable":true,"href":"https:\/\/zecovalve.com\/pt\/wp-json\/wp\/v2\/product_tag?post=17081"}],"curies":[{"name":"wp","href":"https:\/\/api.w.org\/{rel}","templated":true}]}}