{"id":17145,"date":"2022-06-27T08:01:07","date_gmt":"2022-06-27T08:01:07","guid":{"rendered":"https:\/\/zecovalve.com\/?post_type=product&#038;p=17145"},"modified":"2023-06-15T13:12:49","modified_gmt":"2023-06-15T13:12:49","slug":"knife-gate-valve","status":"publish","type":"product","link":"https:\/\/zecovalve.com\/pt\/produto\/knife-gate-valve","title":{"rendered":"V\u00e1lvula de guilhotina"},"content":{"rendered":"<div class=\"sep-pages-boxs bgs clearfix\">\n<div class=\"sep-container clearfix\">\n<h1 class=\"titles sizes1 cens gtj-ff-bold\"><\/h1>\n<div class=\"bq-sep-pro-detail-thumbs ons clearfix\">\n<div class=\"thumbs\">\n<div class=\"imgs ons\">\n<div class=\"swiper-container swiper-container-initialized swiper-container-horizontal\">\n<div class=\"swiper-wrapper\">\n<div class=\"swiper-slide swiper-slide-active\">\n<p><img loading=\"lazy\" decoding=\"async\" class=\"wp-image-27894 size-medium\" src=\"https:\/\/zecovalve.com\/wp-content\/uploads\/2022\/06\/Knife-Gate-Valve-4-300x225.jpg\" alt=\"V\u00e1lvula de guilhotina\" width=\"300\" height=\"225\" srcset=\"https:\/\/zecovalve.com\/wp-content\/uploads\/2022\/06\/Knife-Gate-Valve-4-300x225.jpg 300w, https:\/\/zecovalve.com\/wp-content\/uploads\/2022\/06\/Knife-Gate-Valve-4-768x576.jpg 768w, https:\/\/zecovalve.com\/wp-content\/uploads\/2022\/06\/Knife-Gate-Valve-4-600x450.jpg 600w, https:\/\/zecovalve.com\/wp-content\/uploads\/2022\/06\/Knife-Gate-Valve-4.jpg 800w\" sizes=\"auto, (max-width: 300px) 100vw, 300px\" \/><\/p>\n<\/div>\n<\/div>\n<\/div>\n<\/div>\n<\/div>\n<\/div>\n<\/div>\n<\/div>\n<div class=\"sep-pages-boxs clearfix\">\n<div class=\"sep-container clearfix\">\n<div id=\"zf-nexts\" class=\"flex clearfix\">\n<div class=\"bq-zf-lefts\">\n<div class=\"richtext\">\n<h2>Caracter\u00edsticas da v\u00e1lvula guilhotina<\/h2>\n<div class=\"text-center\"><img loading=\"lazy\" decoding=\"async\" class=\"alignnone size-medium wp-image-17146\" src=\"https:\/\/zecovalve.com\/wp-content\/uploads\/2022\/06\/knife-gate-valve-1-300x225.jpg\" alt=\"\" width=\"300\" height=\"225\" srcset=\"https:\/\/zecovalve.com\/wp-content\/uploads\/2022\/06\/knife-gate-valve-1-300x225.jpg 300w, https:\/\/zecovalve.com\/wp-content\/uploads\/2022\/06\/knife-gate-valve-1.jpg 600w\" sizes=\"auto, (max-width: 300px) 100vw, 300px\" \/><\/div>\n<ul class=\"list-paddingleft-2\">\n<li>Projeto de furo completo para alta capacidade de rendimento de m\u00eddia;<\/li>\n<li>Junta em forma de U com bom efeito de veda\u00e7\u00e3o;<\/li>\n<li>Placa de port\u00e3o com fun\u00e7\u00e3o de port\u00e3o, bom efeito de desligamento, pode efetivamente desligar todos os tipos de detritos na m\u00eddia, para resolver o fen\u00f4meno de vazamento ap\u00f3s o desligamento contendo grumos, part\u00edculas e m\u00eddia de fibra;<\/li>\n<li>Capaz de trabalhar em meios sujos, f\u00e1cil de instalar, f\u00e1cil de desmontar, f\u00e1cil de manter, sem remover a v\u00e1lvula pode substituir as veda\u00e7\u00f5es da v\u00e1lvula, tornando a manuten\u00e7\u00e3o da v\u00e1lvula mais simples.<\/li>\n<\/ul>\n<\/div>\n<div class=\"richtext\">\n<h2>Princ\u00edpio de funcionamento da v\u00e1lvula guilhotina<\/h2>\n<div class=\"text-center\">\n<h2 style=\"font-family: -apple-system, system-ui, BlinkMacSystemFont, 'Segoe UI', Helvetica, Arial, sans-serif, 'Apple Color Emoji', 'Segoe UI Emoji', 'Segoe UI Symbol'; font-style: normal;\"><img loading=\"lazy\" decoding=\"async\" class=\"alignnone size-medium wp-image-17147\" style=\"font-size: 17px;\" src=\"https:\/\/zecovalve.com\/wp-content\/uploads\/2022\/06\/knife-gate-valve-2-300x225.jpg\" alt=\"\" width=\"300\" height=\"225\" srcset=\"https:\/\/zecovalve.com\/wp-content\/uploads\/2022\/06\/knife-gate-valve-2-300x225.jpg 300w, https:\/\/zecovalve.com\/wp-content\/uploads\/2022\/06\/knife-gate-valve-2.jpg 600w\" sizes=\"auto, (max-width: 300px) 100vw, 300px\" \/><\/h2>\n<\/div>\n<p>O limpador entre o corpo da v\u00e1lvula e o castelo da v\u00e1lvula guilhotina evita que part\u00edculas s\u00f3lidas entrem no castelo. A cavidade do corpo da v\u00e1lvula, a configura\u00e7\u00e3o da sede e o design da comporta inclinada fornecem recursos para impedir a entrada de meios espessos (por exemplo, polpa, lama) ou meios s\u00f3lidos (por exemplo, gr\u00e2nulos e p\u00f3s).<\/p>\n<p>A guilhotina e a sede da v\u00e1lvula de guilhotina est\u00e3o sempre em contato pr\u00f3ximo com a v\u00e1lvula selada, e a guilhotina com furo guia com a mesma v\u00e1lvula de guilhotina, a guilhotina tem o di\u00e2metro de um furo redondo, atrav\u00e9s da abertura e fechamento da guilhotina para que o furo redondo na comporta e o di\u00e2metro passante para fazer um desengate completo e coincidir com a a\u00e7\u00e3o. Al\u00e9m disso, a vantagem da estrutura \u00e9 que o di\u00e2metro do corpo da v\u00e1lvula sem ranhuras, o meio n\u00e3o ser\u00e1 bloqueado e possui caracter\u00edsticas de fluxo de di\u00e2metro total, adequadas para o uso de p\u00f3 e meio particulado na tubula\u00e7\u00e3o. Sua estrutura de veda\u00e7\u00e3o pode ser dividida em uma estrutura de veda\u00e7\u00e3o macia e uma estrutura de veda\u00e7\u00e3o r\u00edgida. A sede da v\u00e1lvula selada \u00e9 projetada com estrutura m\u00f3vel, com fun\u00e7\u00e3o antidesgaste e compensa\u00e7\u00e3o autom\u00e1tica, proporcionando maior vida \u00fatil. No processo de fechamento e abertura, a sede da v\u00e1lvula e a placa da comporta devem estar pr\u00f3ximas do movimento, para que a for\u00e7a de abertura e fechamento da v\u00e1lvula seja est\u00e1vel.<\/p>\n<\/div>\n<div class=\"richtext\">\n<h2>Instala\u00e7\u00e3o e comissionamento da v\u00e1lvula guilhotina<\/h2>\n<div class=\"text-center\"><img loading=\"lazy\" decoding=\"async\" class=\"alignnone size-medium wp-image-17148\" src=\"https:\/\/zecovalve.com\/wp-content\/uploads\/2022\/06\/knife-gate-valve-3-300x225.jpg\" alt=\"\" width=\"300\" height=\"225\" srcset=\"https:\/\/zecovalve.com\/wp-content\/uploads\/2022\/06\/knife-gate-valve-3-300x225.jpg 300w, https:\/\/zecovalve.com\/wp-content\/uploads\/2022\/06\/knife-gate-valve-3.jpg 600w\" sizes=\"auto, (max-width: 300px) 100vw, 300px\" \/><\/div>\n<p>A v\u00e1lvula de guilhotina pode ser dividida em v\u00e1lvula de guilhotina pneum\u00e1tica, v\u00e1lvula de guilhotina el\u00e9trica, v\u00e1lvula de guilhotina manual. De acordo com o modo de opera\u00e7\u00e3o, instala\u00e7\u00e3o e opera\u00e7\u00e3o de acordo com as diferentes instru\u00e7\u00f5es de opera\u00e7\u00e3o. Para uso espec\u00edfico, consulte o Zeco Valve Group.<\/p>\n<\/div>\n<div class=\"richtext\">\n<h2>Material e padr\u00e3o da v\u00e1lvula guilhotina<\/h2>\n<p>Gama de tamanhos: 2\u2033~48\u2033<br \/>\nClassifica\u00e7\u00e3o de press\u00e3o: 10bar ~ 20bar<\/p>\n<p>Dimens\u00f5es face a face: MSS SP-81-2006<\/p>\n<p>Dimens\u00e3o final do flange: EN1092, ASME B16.5, ASME B16.47, AS2129<\/p>\n<p>Inspe\u00e7\u00e3o e Teste: MSS SP-81-2006<\/p>\n<div class=\"over-tabs\">\n<table cellspacing=\"0\">\n<tbody>\n<tr class=\"firstRow\">\n<td valign=\"center\">Parte<\/td>\n<td valign=\"center\">Material<\/td>\n<td valign=\"center\">Padr\u00e3o<\/td>\n<\/tr>\n<tr>\n<td valign=\"center\">Corpo<\/td>\n<td valign=\"center\">GGG40\/WCB\/CF8\/CF8M\/4A<\/td>\n<td valign=\"center\">PADR\u00c3O ASTM<\/td>\n<\/tr>\n<tr>\n<td valign=\"center\">Bon\u00e9<\/td>\n<td valign=\"center\">GGG40\/WCB\/CF8\/CF8M\/4A<\/td>\n<td valign=\"center\">PADR\u00c3O ASTM<\/td>\n<\/tr>\n<tr>\n<td valign=\"center\">Aparar<\/td>\n<td valign=\"center\">GGG40\/WCB\/CF8\/CF8M\/4A<\/td>\n<td valign=\"center\">PADR\u00c3O ASTM<\/td>\n<\/tr>\n<tr>\n<td valign=\"center\">Assento<\/td>\n<td valign=\"center\">VEDA\u00c7\u00c3O R\u00cdGIDA\/EPDM<\/td>\n<td valign=\"center\">PADR\u00c3O ASTM<\/td>\n<\/tr>\n<tr>\n<td colspan=\"3\" valign=\"center\">Para op\u00e7\u00f5es de materiais n\u00e3o listadas, consulte a f\u00e1brica.<\/p>\n<p>A Zeco fabrica v\u00e1lvulas em mais de 50 ligas diferentes.<\/td>\n<\/tr>\n<\/tbody>\n<\/table>\n<\/div>\n<\/div>\n<\/div>\n<\/div>\n<\/div>\n<\/div>","protected":false},"excerpt":{"rendered":"<p>Caracter\u00edsticas da v\u00e1lvula guilhotina Design de furo completo para alta capacidade de rendimento de m\u00eddia; Junta em forma de U com bom efeito de veda\u00e7\u00e3o; Placa de port\u00e3o com ... <a title=\"V\u00e1lvula de guilhotina\" class=\"read-more\" href=\"https:\/\/zecovalve.com\/pt\/produto\/knife-gate-valve\" aria-label=\"Mais em V\u00e1lvula de guilhotina\">Ler mais<\/a><\/p>","protected":false},"featured_media":27894,"comment_status":"closed","ping_status":"closed","template":"","meta":{"_generate-full-width-content":"","kt_blocks_editor_width":""},"product_cat":[2510],"product_tag":[],"class_list":["post-17145","product","type-product","status-publish","has-post-thumbnail","hentry","product_cat-water-gate-valve","sales-flash-overlay","woocommerce-text-align-center","woocommerce-image-align-center","do-quantity-buttons"],"featured_image_src_large":["https:\/\/zecovalve.com\/wp-content\/uploads\/2022\/06\/Knife-Gate-Valve-4.jpg",800,600,false],"author_info":[],"comment_info":0,"taxonomy_info":{"product_cat":[{"value":2510,"label":"Water Gate Valve"}]},"yoast_head":"<!-- This site is optimized with the Yoast SEO Premium plugin v15.4 - https:\/\/yoast.com\/wordpress\/plugins\/seo\/ -->\n<title>Knife Gate Valve - ZECO Valve<\/title>\n<meta name=\"robots\" content=\"index, follow, max-snippet:-1, max-image-preview:large, max-video-preview:-1\" \/>\n<link rel=\"canonical\" href=\"https:\/\/zecovalve.com\/pt\/produto\/knife-gate-valve\" \/>\n<meta property=\"og:locale\" content=\"pt_PT\" \/>\n<meta property=\"og:type\" content=\"article\" \/>\n<meta property=\"og:title\" content=\"Knife Gate Valve - ZECO Valve\" \/>\n<meta property=\"og:description\" content=\"Features of Knife Gate Valve Full bore design for high media throughput capacity; U-shaped gasket with good sealing effect; Gate plate with ... Ler mais\" \/>\n<meta property=\"og:url\" content=\"https:\/\/zecovalve.com\/pt\/produto\/knife-gate-valve\" \/>\n<meta property=\"og:site_name\" content=\"ZECO Valve\" \/>\n<meta property=\"article:modified_time\" content=\"2023-06-15T13:12:49+00:00\" \/>\n<meta property=\"og:image\" content=\"https:\/\/zecovalve.com\/wp-content\/uploads\/2022\/06\/Knife-Gate-Valve-4.jpg\" \/>\n\t<meta property=\"og:image:width\" content=\"800\" \/>\n\t<meta property=\"og:image:height\" content=\"600\" \/>\n<meta name=\"twitter:card\" content=\"summary_large_image\" \/>\n<meta name=\"twitter:label1\" content=\"Escrito por\">\n\t<meta name=\"twitter:data1\" content=\"Jerry\">\n\t<meta name=\"twitter:label2\" content=\"Tempo estimado de leitura\">\n\t<meta name=\"twitter:data2\" content=\"2 minutos\">\n<script type=\"application\/ld+json\" class=\"yoast-schema-graph\">{\"@context\":\"https:\/\/schema.org\",\"@graph\":[{\"@type\":\"WebSite\",\"@id\":\"https:\/\/zecovalve.com\/#website\",\"url\":\"https:\/\/zecovalve.com\/\",\"name\":\"ZECO Valve\",\"description\":\"Industrial Ball Valve, Gate Valve and Globe Valve Manufacturer\",\"potentialAction\":[{\"@type\":\"SearchAction\",\"target\":\"https:\/\/zecovalve.com\/?s={search_term_string}\",\"query-input\":\"required name=search_term_string\"}],\"inLanguage\":\"pt-PT\"},{\"@type\":\"ImageObject\",\"@id\":\"https:\/\/zecovalve.com\/product\/knife-gate-valve#primaryimage\",\"inLanguage\":\"pt-PT\",\"url\":\"https:\/\/zecovalve.com\/wp-content\/uploads\/2022\/06\/Knife-Gate-Valve-4.jpg\",\"width\":800,\"height\":600,\"caption\":\"Knife Gate Valve\"},{\"@type\":\"WebPage\",\"@id\":\"https:\/\/zecovalve.com\/product\/knife-gate-valve#webpage\",\"url\":\"https:\/\/zecovalve.com\/product\/knife-gate-valve\",\"name\":\"Knife Gate Valve - ZECO Valve\",\"isPartOf\":{\"@id\":\"https:\/\/zecovalve.com\/#website\"},\"primaryImageOfPage\":{\"@id\":\"https:\/\/zecovalve.com\/product\/knife-gate-valve#primaryimage\"},\"datePublished\":\"2022-06-27T08:01:07+00:00\",\"dateModified\":\"2023-06-15T13:12:49+00:00\",\"breadcrumb\":{\"@id\":\"https:\/\/zecovalve.com\/product\/knife-gate-valve#breadcrumb\"},\"inLanguage\":\"pt-PT\",\"potentialAction\":[{\"@type\":\"ReadAction\",\"target\":[\"https:\/\/zecovalve.com\/product\/knife-gate-valve\"]}]},{\"@type\":\"BreadcrumbList\",\"@id\":\"https:\/\/zecovalve.com\/product\/knife-gate-valve#breadcrumb\",\"itemListElement\":[{\"@type\":\"ListItem\",\"position\":1,\"item\":{\"@type\":\"WebPage\",\"@id\":\"https:\/\/zecovalve.com\/\",\"url\":\"https:\/\/zecovalve.com\/\",\"name\":\"Home\"}},{\"@type\":\"ListItem\",\"position\":2,\"item\":{\"@type\":\"WebPage\",\"@id\":\"https:\/\/zecovalve.com\/product-category\",\"url\":\"https:\/\/zecovalve.com\/product-category\",\"name\":\"Industrial Valve Manufacturer | Water Valve Manufacturer\"}},{\"@type\":\"ListItem\",\"position\":3,\"item\":{\"@type\":\"WebPage\",\"@id\":\"https:\/\/zecovalve.com\/product\/knife-gate-valve\",\"url\":\"https:\/\/zecovalve.com\/product\/knife-gate-valve\",\"name\":\"Knife Gate Valve\"}}]}]}<\/script>\n<!-- \/ Yoast SEO Premium plugin. -->","_links":{"self":[{"href":"https:\/\/zecovalve.com\/pt\/wp-json\/wp\/v2\/product\/17145","targetHints":{"allow":["GET"]}}],"collection":[{"href":"https:\/\/zecovalve.com\/pt\/wp-json\/wp\/v2\/product"}],"about":[{"href":"https:\/\/zecovalve.com\/pt\/wp-json\/wp\/v2\/types\/product"}],"replies":[{"embeddable":true,"href":"https:\/\/zecovalve.com\/pt\/wp-json\/wp\/v2\/comments?post=17145"}],"wp:featuredmedia":[{"embeddable":true,"href":"https:\/\/zecovalve.com\/pt\/wp-json\/wp\/v2\/media\/27894"}],"wp:attachment":[{"href":"https:\/\/zecovalve.com\/pt\/wp-json\/wp\/v2\/media?parent=17145"}],"wp:term":[{"taxonomy":"product_cat","embeddable":true,"href":"https:\/\/zecovalve.com\/pt\/wp-json\/wp\/v2\/product_cat?post=17145"},{"taxonomy":"product_tag","embeddable":true,"href":"https:\/\/zecovalve.com\/pt\/wp-json\/wp\/v2\/product_tag?post=17145"}],"curies":[{"name":"wp","href":"https:\/\/api.w.org\/{rel}","templated":true}]}}