{"id":17184,"date":"2022-06-27T09:03:42","date_gmt":"2022-06-27T09:03:42","guid":{"rendered":"https:\/\/zecovalve.com\/?post_type=product&#038;p=17184"},"modified":"2022-07-03T06:37:53","modified_gmt":"2022-07-03T06:37:53","slug":"lug-butterfly-valve-2","status":"publish","type":"product","link":"https:\/\/zecovalve.com\/pt\/produto\/lug-butterfly-valve-2","title":{"rendered":"V\u00e1lvula de borboleta de encaixe"},"content":{"rendered":"<div class=\"sep-pages-boxs bgs clearfix\">\n<div class=\"sep-container clearfix\">\n<h1 class=\"titles sizes1 cens gtj-ff-bold\">V\u00e1lvula de borboleta de encaixe<\/h1>\n<div class=\"bq-sep-pro-detail-thumbs ons clearfix\">\n<div class=\"thumbs\">\n<div class=\"imgs ons\">\n<div class=\"swiper-container swiper-container-initialized swiper-container-horizontal\">\n<div class=\"swiper-wrapper\">\n<div class=\"swiper-slide swiper-slide-active\">\n<figure id=\"attachment_16941\" aria-describedby=\"caption-attachment-16941\" style=\"width: 290px\" class=\"wp-caption alignnone\"><img loading=\"lazy\" decoding=\"async\" class=\"size-medium wp-image-16941\" src=\"https:\/\/zecovalve.com\/wp-content\/uploads\/2022\/06\/lug-butterfly-valve-1-300x273.jpg\" alt=\"V\u00e1lvula de borboleta de encaixe\" width=\"300\" height=\"273\" srcset=\"https:\/\/zecovalve.com\/wp-content\/uploads\/2022\/06\/lug-butterfly-valve-1-300x273.jpg 300w, https:\/\/zecovalve.com\/wp-content\/uploads\/2022\/06\/lug-butterfly-valve-1.jpg 330w\" sizes=\"auto, (max-width: 300px) 100vw, 300px\" \/><figcaption id=\"caption-attachment-16941\" class=\"wp-caption-text\">V\u00e1lvula de borboleta de encaixe<\/figcaption><\/figure>\n<\/div>\n<\/div>\n<\/div>\n<div class=\"lr-lists-boxs\"><\/div>\n<\/div>\n<\/div>\n<\/div>\n<\/div>\n<\/div>\n<div class=\"sep-pages-boxs clearfix\">\n<div class=\"sep-container clearfix\">\n<div id=\"zf-nexts\" class=\"flex clearfix\">\n<div class=\"bq-zf-lefts\">\n<div class=\"richtext\">\n<h2>Caracter\u00edsticas da v\u00e1lvula borboleta Lug<\/h2>\n<p><img loading=\"lazy\" decoding=\"async\" class=\"alignnone size-medium wp-image-17185\" src=\"https:\/\/zecovalve.com\/wp-content\/uploads\/2022\/06\/lug-butterfly-valve-1-1-300x225.jpg\" alt=\"\" width=\"300\" height=\"225\" srcset=\"https:\/\/zecovalve.com\/wp-content\/uploads\/2022\/06\/lug-butterfly-valve-1-1-300x225.jpg 300w, https:\/\/zecovalve.com\/wp-content\/uploads\/2022\/06\/lug-butterfly-valve-1-1.jpg 600w\" sizes=\"auto, (max-width: 300px) 100vw, 300px\" \/><\/p>\n<div class=\"text-center\"><\/div>\n<ul class=\"list-paddingleft-2\">\n<li>Baixo torque de abertura, sistema de veda\u00e7\u00e3o de equil\u00edbrio din\u00e2mico radial \u00e9 adotado, de modo que as for\u00e7as em ambos os lados da entrada e sa\u00edda do disco sejam aproximadamente equilibradas;<\/li>\n<li>Rolamento autolubrificante para reduzir o torque de opera\u00e7\u00e3o e evitar o travamento da haste da v\u00e1lvula em condi\u00e7\u00f5es infrequentes de abertura e fechamento;<\/li>\n<li>Melhor material do anel de veda\u00e7\u00e3o, a veda\u00e7\u00e3o \u00e9 feita de chapa de a\u00e7o inoxid\u00e1vel com grafite\/fibra de carbono\/PTFE, etc. Mais resistente ao desgaste, resistente ao impacto, confi\u00e1vel e ecologicamente correto do que o material de folha de amianto de borracha;<\/li>\n<li>Sistema de veda\u00e7\u00e3o combinado com embalagem, garante que o vazamento m\u00e1ximo da v\u00e1lvula possa atingir \u226420ppm. A estrutura de veda\u00e7\u00e3o din\u00e2mica pode ser utilizada se necess\u00e1rio para que a veda\u00e7\u00e3o da gaxeta esteja em boas condi\u00e7\u00f5es e o per\u00edodo de manuten\u00e7\u00e3o gratuita da gaxeta seja estendido.<\/li>\n<\/ul>\n<\/div>\n<div class=\"richtext\">\n<h2>Princ\u00edpio de funcionamento da v\u00e1lvula borboleta Lug<\/h2>\n<div class=\"text-center\"><img loading=\"lazy\" decoding=\"async\" class=\"alignnone size-medium wp-image-17186\" src=\"https:\/\/zecovalve.com\/wp-content\/uploads\/2022\/06\/lug-butterfly-valve-2-300x225.jpg\" alt=\"\" width=\"300\" height=\"225\" srcset=\"https:\/\/zecovalve.com\/wp-content\/uploads\/2022\/06\/lug-butterfly-valve-2-300x225.jpg 300w, https:\/\/zecovalve.com\/wp-content\/uploads\/2022\/06\/lug-butterfly-valve-2.jpg 600w\" sizes=\"auto, (max-width: 300px) 100vw, 300px\" \/><\/div>\n<p>A v\u00e1lvula borboleta tipo lug tem duas op\u00e7\u00f5es de fixa <span style=\"font-size: inherit;\">assento e assento flutuante, que podem ser reparados sem sair do local, o que pode reduzir o tempo de reparo e melhorar muito a efici\u00eancia. As sedes fixas s\u00e3o adequadas para v\u00e1lvulas onde o meio flui para frente, portanto a veda\u00e7\u00e3o \u00e9 apenas para uma dire\u00e7\u00e3o e a dire\u00e7\u00e3o do fluxo deve ser observada durante a instala\u00e7\u00e3o. Embora a sede da v\u00e1lvula seja fixa, a veda\u00e7\u00e3o da aba da v\u00e1lvula ainda pode ser removida. Se a v\u00e1lvula tiver sede flutuante, ela pode ser instalada em qualquer dire\u00e7\u00e3o.<\/span><\/p>\n<\/div>\n<div class=\"richtext\">\n<h2>Instala\u00e7\u00e3o e comissionamento da v\u00e1lvula borboleta Lug<\/h2>\n<div class=\"text-center\"><img loading=\"lazy\" decoding=\"async\" class=\"alignnone size-medium wp-image-17187\" src=\"https:\/\/zecovalve.com\/wp-content\/uploads\/2022\/06\/lug-butterfly-valve-3-300x225.jpg\" alt=\"\" width=\"300\" height=\"225\" srcset=\"https:\/\/zecovalve.com\/wp-content\/uploads\/2022\/06\/lug-butterfly-valve-3-300x225.jpg 300w, https:\/\/zecovalve.com\/wp-content\/uploads\/2022\/06\/lug-butterfly-valve-3.jpg 600w\" sizes=\"auto, (max-width: 300px) 100vw, 300px\" \/><\/div>\n<p>A v\u00e1lvula borboleta tipo wafer lug deve ser armazenada em uma sala seca e ventilada, e o canal da v\u00e1lvula deve ser bloqueado em ambas as extremidades. O armazenamento a longo prazo da v\u00e1lvula deve ser inspecionado regularmente e limpo de sujeira. Aten\u00e7\u00e3o especial deve ser dada \u00e0 limpeza da superf\u00edcie de veda\u00e7\u00e3o para evitar danos \u00e0 superf\u00edcie de veda\u00e7\u00e3o. Para uso espec\u00edfico, consulte o Zeco Valve Group.<\/p>\n<\/div>\n<div class=\"richtext\">\n<h2>Material e padr\u00e3o da v\u00e1lvula borboleta Lug<\/h2>\n<p>Gama de tamanhos: 2\u2033~48\u2033<br \/>\nClassifica\u00e7\u00e3o de press\u00e3o: 150LB ~ 300LB<\/p>\n<p>Dimens\u00f5es face a face: API 609, EN558<\/p>\n<p>Dimens\u00e3o final do flange: EN1092, ASME B16.5, ASME B16.47, AS2129<\/p>\n<p>Inspe\u00e7\u00e3o e Teste: API 598<\/p>\n<div class=\"over-tabs\">\n<table cellspacing=\"0\">\n<tbody>\n<tr class=\"firstRow\">\n<td valign=\"center\">Parte<\/td>\n<td valign=\"center\">Material<\/td>\n<td valign=\"center\">Padr\u00e3o<\/td>\n<\/tr>\n<tr>\n<td valign=\"center\">Corpo<\/td>\n<td valign=\"center\">GGG40\/WCB\/CF8M\/MONEL<\/td>\n<td valign=\"center\">PADR\u00c3O ASTM<\/td>\n<\/tr>\n<tr>\n<td valign=\"center\">Disco<\/td>\n<td valign=\"center\">GGG40\/WCB\/CF8M\/MONEL<\/td>\n<td valign=\"center\">PADR\u00c3O ASTM<\/td>\n<\/tr>\n<tr>\n<td valign=\"center\">Caule<\/td>\n<td valign=\"center\">SS420\/SS410\/SS316\/MONEL<\/td>\n<td valign=\"center\">PADR\u00c3O ASTM<\/td>\n<\/tr>\n<tr>\n<td valign=\"center\">Assento<\/td>\n<td valign=\"center\">VEDA\u00c7\u00c3O R\u00cdGIDA\/PTFE\/GRAFITE<\/td>\n<td valign=\"center\">PADR\u00c3O ASTM<\/td>\n<\/tr>\n<tr>\n<td colspan=\"3\" valign=\"center\">Para op\u00e7\u00f5es de materiais n\u00e3o listadas, consulte a f\u00e1brica.<\/p>\n<p>A Zeco fabrica v\u00e1lvulas em mais de 50 ligas diferentes.<\/td>\n<\/tr>\n<\/tbody>\n<\/table>\n<\/div>\n<\/div>\n<\/div>\n<\/div>\n<\/div>\n<\/div>","protected":false},"excerpt":{"rendered":"<p>V\u00e1lvula borboleta Lug Caracter\u00edsticas da v\u00e1lvula borboleta Lug Baixo torque de abertura, sistema de veda\u00e7\u00e3o de equil\u00edbrio din\u00e2mico radial \u00e9 adotado, para que as for\u00e7as\u2026 <a title=\"V\u00e1lvula de borboleta de encaixe\" class=\"read-more\" href=\"https:\/\/zecovalve.com\/pt\/produto\/lug-butterfly-valve-2\" aria-label=\"Mais em V\u00e1lvula Borboleta Lug\">Ler mais<\/a><\/p>","protected":false},"featured_media":16941,"comment_status":"closed","ping_status":"closed","template":"","meta":{"_generate-full-width-content":"","kt_blocks_editor_width":""},"product_cat":[2044,2467],"product_tag":[2723],"class_list":["post-17184","product","type-product","status-publish","has-post-thumbnail","hentry","product_cat-butterfly-valve","product_cat-butterfly-valve-by-form","product_tag-what-is-a-valve","sales-flash-overlay","woocommerce-text-align-center","woocommerce-image-align-center","do-quantity-buttons"],"featured_image_src_large":["https:\/\/zecovalve.com\/wp-content\/uploads\/2022\/06\/lug-butterfly-valve-1.jpg",330,300,false],"author_info":[],"comment_info":0,"taxonomy_info":{"product_cat":[{"value":2044,"label":"Butterfly Valve"},{"value":2467,"label":"Butterfly Valve By Form"}],"product_tag":[{"value":2723,"label":"What is a Valve"}]},"yoast_head":"<!-- This site is optimized with the Yoast SEO Premium plugin v15.4 - https:\/\/yoast.com\/wordpress\/plugins\/seo\/ -->\n<title>Lug Butterfly Valve - ZECO Valve<\/title>\n<meta name=\"robots\" content=\"index, follow, max-snippet:-1, max-image-preview:large, max-video-preview:-1\" \/>\n<link rel=\"canonical\" href=\"https:\/\/zecovalve.com\/pt\/produto\/lug-butterfly-valve-2\" \/>\n<meta property=\"og:locale\" content=\"pt_PT\" \/>\n<meta property=\"og:type\" content=\"article\" \/>\n<meta property=\"og:title\" content=\"Lug Butterfly Valve - ZECO Valve\" \/>\n<meta property=\"og:description\" content=\"Lug Butterfly Valve Features of Lug Butterfly Valve Low opening torque, Radial dynamic balance sealing system is adopted, so that the forces ... Ler mais\" \/>\n<meta property=\"og:url\" content=\"https:\/\/zecovalve.com\/pt\/produto\/lug-butterfly-valve-2\" \/>\n<meta property=\"og:site_name\" content=\"ZECO Valve\" \/>\n<meta property=\"article:modified_time\" content=\"2022-07-03T06:37:53+00:00\" \/>\n<meta property=\"og:image\" content=\"https:\/\/zecovalve.com\/wp-content\/uploads\/2022\/06\/lug-butterfly-valve-1.jpg\" \/>\n\t<meta property=\"og:image:width\" content=\"330\" \/>\n\t<meta property=\"og:image:height\" content=\"300\" \/>\n<meta name=\"twitter:card\" content=\"summary_large_image\" \/>\n<meta name=\"twitter:label1\" content=\"Escrito por\">\n\t<meta name=\"twitter:data1\" content=\"Jerry\">\n\t<meta name=\"twitter:label2\" content=\"Tempo estimado de leitura\">\n\t<meta name=\"twitter:data2\" content=\"2 minutos\">\n<script type=\"application\/ld+json\" class=\"yoast-schema-graph\">{\"@context\":\"https:\/\/schema.org\",\"@graph\":[{\"@type\":\"WebSite\",\"@id\":\"https:\/\/zecovalve.com\/#website\",\"url\":\"https:\/\/zecovalve.com\/\",\"name\":\"ZECO Valve\",\"description\":\"Industrial Ball Valve, Gate Valve and Globe Valve Manufacturer\",\"potentialAction\":[{\"@type\":\"SearchAction\",\"target\":\"https:\/\/zecovalve.com\/?s={search_term_string}\",\"query-input\":\"required name=search_term_string\"}],\"inLanguage\":\"pt-PT\"},{\"@type\":\"ImageObject\",\"@id\":\"https:\/\/zecovalve.com\/product\/lug-butterfly-valve-2#primaryimage\",\"inLanguage\":\"pt-PT\",\"url\":\"https:\/\/zecovalve.com\/wp-content\/uploads\/2022\/06\/lug-butterfly-valve-1.jpg\",\"width\":330,\"height\":300,\"caption\":\"Lug Butterfly Valve\"},{\"@type\":\"WebPage\",\"@id\":\"https:\/\/zecovalve.com\/product\/lug-butterfly-valve-2#webpage\",\"url\":\"https:\/\/zecovalve.com\/product\/lug-butterfly-valve-2\",\"name\":\"Lug Butterfly Valve - ZECO Valve\",\"isPartOf\":{\"@id\":\"https:\/\/zecovalve.com\/#website\"},\"primaryImageOfPage\":{\"@id\":\"https:\/\/zecovalve.com\/product\/lug-butterfly-valve-2#primaryimage\"},\"datePublished\":\"2022-06-27T09:03:42+00:00\",\"dateModified\":\"2022-07-03T06:37:53+00:00\",\"breadcrumb\":{\"@id\":\"https:\/\/zecovalve.com\/product\/lug-butterfly-valve-2#breadcrumb\"},\"inLanguage\":\"pt-PT\",\"potentialAction\":[{\"@type\":\"ReadAction\",\"target\":[\"https:\/\/zecovalve.com\/product\/lug-butterfly-valve-2\"]}]},{\"@type\":\"BreadcrumbList\",\"@id\":\"https:\/\/zecovalve.com\/product\/lug-butterfly-valve-2#breadcrumb\",\"itemListElement\":[{\"@type\":\"ListItem\",\"position\":1,\"item\":{\"@type\":\"WebPage\",\"@id\":\"https:\/\/zecovalve.com\/\",\"url\":\"https:\/\/zecovalve.com\/\",\"name\":\"Home\"}},{\"@type\":\"ListItem\",\"position\":2,\"item\":{\"@type\":\"WebPage\",\"@id\":\"https:\/\/zecovalve.com\/product-category\",\"url\":\"https:\/\/zecovalve.com\/product-category\",\"name\":\"Industrial Valve Manufacturer | Water Valve Manufacturer\"}},{\"@type\":\"ListItem\",\"position\":3,\"item\":{\"@type\":\"WebPage\",\"@id\":\"https:\/\/zecovalve.com\/product\/lug-butterfly-valve-2\",\"url\":\"https:\/\/zecovalve.com\/product\/lug-butterfly-valve-2\",\"name\":\"Lug Butterfly Valve\"}}]}]}<\/script>\n<!-- \/ Yoast SEO Premium plugin. -->","_links":{"self":[{"href":"https:\/\/zecovalve.com\/pt\/wp-json\/wp\/v2\/product\/17184","targetHints":{"allow":["GET"]}}],"collection":[{"href":"https:\/\/zecovalve.com\/pt\/wp-json\/wp\/v2\/product"}],"about":[{"href":"https:\/\/zecovalve.com\/pt\/wp-json\/wp\/v2\/types\/product"}],"replies":[{"embeddable":true,"href":"https:\/\/zecovalve.com\/pt\/wp-json\/wp\/v2\/comments?post=17184"}],"wp:featuredmedia":[{"embeddable":true,"href":"https:\/\/zecovalve.com\/pt\/wp-json\/wp\/v2\/media\/16941"}],"wp:attachment":[{"href":"https:\/\/zecovalve.com\/pt\/wp-json\/wp\/v2\/media?parent=17184"}],"wp:term":[{"taxonomy":"product_cat","embeddable":true,"href":"https:\/\/zecovalve.com\/pt\/wp-json\/wp\/v2\/product_cat?post=17184"},{"taxonomy":"product_tag","embeddable":true,"href":"https:\/\/zecovalve.com\/pt\/wp-json\/wp\/v2\/product_tag?post=17184"}],"curies":[{"name":"wp","href":"https:\/\/api.w.org\/{rel}","templated":true}]}}