{"id":17507,"date":"2022-06-28T02:33:45","date_gmt":"2022-06-28T02:33:45","guid":{"rendered":"https:\/\/zecovalve.com\/?post_type=product&#038;p=17507"},"modified":"2023-06-15T13:17:23","modified_gmt":"2023-06-15T13:17:23","slug":"gear-operated-gate-valve-2","status":"publish","type":"product","link":"https:\/\/zecovalve.com\/pt\/produto\/gear-operated-gate-valve-2","title":{"rendered":"V\u00e1lvula de gaveta operada por engrenagem"},"content":{"rendered":"<div class=\"col-xs-12\">\n<div class=\"rbt\">\n<h1><img loading=\"lazy\" decoding=\"async\" class=\"size-medium wp-image-17508\" style=\"font-size: inherit;\" src=\"https:\/\/zecovalve.com\/wp-content\/uploads\/2022\/06\/g-2-105309-300x225.jpg\" alt=\"V\u00e1lvula de gaveta operada por engrenagem-1\" width=\"300\" height=\"225\" srcset=\"https:\/\/zecovalve.com\/wp-content\/uploads\/2022\/06\/g-2-105309-300x225.jpg 300w, https:\/\/zecovalve.com\/wp-content\/uploads\/2022\/06\/g-2-105309-768x576.jpg 768w, https:\/\/zecovalve.com\/wp-content\/uploads\/2022\/06\/g-2-105309-600x450.jpg 600w, https:\/\/zecovalve.com\/wp-content\/uploads\/2022\/06\/g-2-105309.jpg 800w\" sizes=\"auto, (max-width: 300px) 100vw, 300px\" \/><\/h1>\n<\/div>\n<\/div>\n<div class=\"text\">\n<div id=\"productdetail\">\n<div id=\"productdetail_txt\" class=\"col-md-7 col-sm-6 col-xs-12\">\n<p><strong><a href=\"https:\/\/zecovalve.com\/pt\/produto\/gear-operated-gate-valve\/\" data-internallinksmanager029f6b8e52c=\"2\" title=\"v\u00e1lvulas de porta accionadas por engrenagem\" target=\"_blank\" rel=\"noopener\">V\u00e1lvula de gaveta operada por engrenagem<\/a><\/strong>As v\u00e1lvulas gaveta operadas por engrenagem da Zeco funcionam como v\u00e1lvulas liga-desliga eficientes com fluxo em qualquer dire\u00e7\u00e3o.<\/p>\n<\/div>\n<\/div>\n<div id=\"myTabContent\" class=\"tab-content\">\n<div id=\"page1\" class=\"tab-pane fade in active\">\n<div class=\"col-xs-12\">\n<div class=\"\">\n<p><b>Princ\u00edpio<\/b><b>:<\/b><b>\u00a0<\/b><b><\/b><\/p>\n<p>As v\u00e1lvulas gaveta operadas por engrenagem servem como v\u00e1lvulas liga-desliga eficientes com fluxo em qualquer dire\u00e7\u00e3o. Nesse projeto, uma cunha desliza cruzando uma passagem geral para controlar o fluxo de fluido (como uma porta deslizante \u2013 da\u00ed o nome). Uma das caracter\u00edsticas mais significativas deste tipo de v\u00e1lvula operada por engrenagem \u00e9 a sua passagem reta e desobstru\u00edda quando colocada na posi\u00e7\u00e3o totalmente aberta\u201d. Isto \u00e9 poss\u00edvel porque a cunha se eleva totalmente para fora da passagem. Como resultado, as v\u00e1lvulas gaveta industriais s\u00e3o caracterizadas por um m\u00ednimo de turbul\u00eancia e queda de press\u00e3o durante a opera\u00e7\u00e3o.<\/p>\n<p>Embora as v\u00e1lvulas gaveta operadas por engrenagem sejam boas para aplica\u00e7\u00f5es que exigem esses dois fatores, elas n\u00e3o s\u00e3o recomendadas para instala\u00e7\u00f5es nas quais o estrangulamento seria uma fun\u00e7\u00e3o. Eles s\u00e3o projetados para servi\u00e7o liga\/desliga.<\/p>\n<p>As v\u00e1lvulas gaveta operadas por engrenagem apresentam uma cunha flex\u00edvel, a menos que especificado de outra forma pelo cliente. A cunha flex\u00edvel se desloca ao longo do corpo da v\u00e1lvula durante a abertura e o fechamento, sendo mantida na posi\u00e7\u00e3o por uma ranhura guia que minimiza o atrito entre a sede do corpo e a cunha. Este desenho \u00e9 especialmente adequado para compensar ligeiras deforma\u00e7\u00f5es t\u00e9rmicas produzidas pelo pr\u00f3prio tubo da v\u00e1lvula, garantindo uma melhor veda\u00e7\u00e3o entre o corpo e as sedes da cunha.<\/p>\n<p align=\"justify\"><b>Caracter\u00edsticas:<\/b><b><\/b><\/p>\n<p align=\"justify\">1. Pequena resist\u00eancia ao fluxo para fluido;<\/p>\n<p align=\"justify\">2. Apenas uma pequena for\u00e7a \u00e9 necess\u00e1ria para abrir\/fechar;<\/p>\n<p align=\"justify\">3. Nenhuma limita\u00e7\u00e3o na dire\u00e7\u00e3o do fluxo do meio;<\/p>\n<p align=\"justify\">4. Durante o processo de abertura e fechamento, o atrito entre a cunha do disco e a sede \u00e9 pequeno, portanto a veda\u00e7\u00e3o \u00e9 confi\u00e1vel garantindo estanqueidade e longa vida \u00fatil;<\/p>\n<p align=\"justify\">5. A veda\u00e7\u00e3o da haste da v\u00e1lvula \u00e9 realizada pela colabora\u00e7\u00e3o de grafite flex\u00edvel e tecido. garantindo uma estanqueidade mais confi\u00e1vel;<\/p>\n<p align=\"justify\">6. Tipo de tampa de veda\u00e7\u00e3o de press\u00e3o opcional;<\/p>\n<p align=\"justify\">7. Tipo de cunha s\u00f3lida opcional;<\/p>\n<p align=\"justify\">8. Estruturas opcionais de haste n\u00e3o ascendente;<\/p>\n<p align=\"justify\">9. Estrutura de jaqueta opcional.<\/p>\n<p align=\"justify\"><b>Gama de Produtos:<\/b><b><\/b><\/p>\n<p>Material do corpo: a\u00e7o carbono, a\u00e7o inoxid\u00e1vel, liga de a\u00e7o<\/p>\n<p>Di\u00e2metro nominal:1\/2~60<\/p>\n<p>Gama de press\u00f5es: Classe150\uff5e2500<\/p>\n<p>Conex\u00e3o final: RF, RTJ, BW<\/p>\n<p>Temperatura de trabalho:-29\u00b0C~+560\u00b0C<\/p>\n<p>Modo de opera\u00e7\u00e3o: Volante, Caixa de Engrenagens, Atuador El\u00e9trico, Atuador Pneum\u00e1tico, etc.<\/p>\n<table class=\"ke-zeroborder\" border=\"0\" cellspacing=\"0\">\n<tbody>\n<tr>\n<td valign=\"center\" width=\"112\">Marca<\/td>\n<td valign=\"center\" width=\"770\">Zeco<\/td>\n<\/tr>\n<tr>\n<td valign=\"center\" width=\"112\">Tipo de v\u00e1lvula<\/td>\n<td valign=\"center\" width=\"770\"><a href=\"https:\/\/zecovalve.com\/pt\/produto\/gear-operated-gate-valve\/\" data-internallinksmanager029f6b8e52c=\"2\" title=\"v\u00e1lvulas de porta accionadas por engrenagem\" target=\"_blank\" rel=\"noopener\">V\u00e1lvula de gaveta operada por engrenagem<\/a><\/td>\n<\/tr>\n<tr>\n<td valign=\"center\" width=\"112\">Material da v\u00e1lvula<\/td>\n<td valign=\"center\" width=\"770\">A\u00e7o fundido, a\u00e7o inoxid\u00e1vel, liga especial, etc.<\/td>\n<\/tr>\n<tr>\n<td valign=\"center\" width=\"112\">Teste de v\u00e1lvulas<\/td>\n<td valign=\"center\" width=\"770\">100% quantidade testada antes da entrega<\/td>\n<\/tr>\n<tr>\n<td valign=\"center\" width=\"112\">Garantia da v\u00e1lvula<\/td>\n<td valign=\"center\" width=\"770\">18 meses a contar da data de expedi\u00e7\u00e3o \u00e0 sa\u00edda da f\u00e1brica ou 12 meses a contar da data de instala\u00e7\u00e3o da mercadoria.<\/td>\n<\/tr>\n<tr>\n<td valign=\"center\" width=\"112\">Pintura de v\u00e1lvulas<\/td>\n<td valign=\"center\" width=\"770\">Pedido do cliente<\/td>\n<\/tr>\n<tr>\n<td valign=\"center\" width=\"112\">Pacote de v\u00e1lvulas<\/td>\n<td valign=\"center\" width=\"770\">Caixa de madeira<\/td>\n<\/tr>\n<tr>\n<td valign=\"center\" width=\"112\">MOQ<\/td>\n<td valign=\"center\" width=\"770\">Nenhum requisito<\/td>\n<\/tr>\n<tr>\n<td valign=\"center\" width=\"112\">Certificado da v\u00e1lvula<\/td>\n<td valign=\"center\" width=\"770\">API6D\/CE\/ISO9001\/ISO14001<\/td>\n<\/tr>\n<tr>\n<td valign=\"center\" width=\"112\">Detalhe da entrega<\/td>\n<td valign=\"center\" width=\"770\">Enviado em 4 ou 6 semanas ap\u00f3s o pagamento<\/td>\n<\/tr>\n<tr>\n<td valign=\"center\" width=\"112\">Porto<\/td>\n<td valign=\"center\" width=\"770\">XANGAI<\/td>\n<\/tr>\n<tr>\n<td valign=\"center\" width=\"112\">Condi\u00e7\u00f5es de pagamento<\/td>\n<td valign=\"center\" width=\"770\">L\/C, D\/A, D\/P, T\/T<\/td>\n<\/tr>\n<tr>\n<td valign=\"center\" width=\"112\">Certificado oferecido<\/td>\n<td valign=\"center\" width=\"770\">Lista de embalagem, fatura comercial, relat\u00f3rios de ensaio e certificados de materiais, certificado de qualidade e quantidade, certificado de garantia do vendedor<\/td>\n<\/tr>\n<\/tbody>\n<\/table>\n<p align=\"justify\"><img loading=\"lazy\" decoding=\"async\" class=\"alignnone size-medium wp-image-17509\" src=\"https:\/\/zecovalve.com\/wp-content\/uploads\/2022\/06\/20190205124042_9202-300x182.jpg\" alt=\"\" width=\"300\" height=\"182\" srcset=\"https:\/\/zecovalve.com\/wp-content\/uploads\/2022\/06\/20190205124042_9202-300x182.jpg 300w, https:\/\/zecovalve.com\/wp-content\/uploads\/2022\/06\/20190205124042_9202-600x365.jpg 600w, https:\/\/zecovalve.com\/wp-content\/uploads\/2022\/06\/20190205124042_9202.jpg 750w\" sizes=\"auto, (max-width: 300px) 100vw, 300px\" \/><\/p>\n<\/div>\n<\/div>\n<\/div>\n<\/div>\n<\/div>","protected":false},"excerpt":{"rendered":"<p>V\u00e1lvula gaveta operada por engrenagem As v\u00e1lvulas gaveta operadas por engrenagem da Zeco servem como v\u00e1lvulas liga-desliga eficientes com fluxo em qualquer dire\u00e7\u00e3o. Princ\u00edpio: Port\u00e3o operado por engrenagem\u2026 <a title=\"V\u00e1lvula de gaveta operada por engrenagem\" class=\"read-more\" href=\"https:\/\/zecovalve.com\/pt\/produto\/gear-operated-gate-valve-2\" aria-label=\"Mais em V\u00e1lvula gaveta operada por engrenagem\">Ler mais<\/a><\/p>","protected":false},"featured_media":27870,"comment_status":"closed","ping_status":"closed","template":"","meta":{"_generate-full-width-content":"","kt_blocks_editor_width":""},"product_cat":[2052,2457],"product_tag":[2658,2798],"class_list":["post-17507","product","type-product","status-publish","has-post-thumbnail","hentry","product_cat-gate-valve","product_cat-gate-valve-by-drive-mode","product_tag-isolation-valve","product_tag-osy-valve","sales-flash-overlay","woocommerce-text-align-center","woocommerce-image-align-center","do-quantity-buttons"],"featured_image_src_large":["https:\/\/zecovalve.com\/wp-content\/uploads\/2022\/06\/Gear-Valve-Gear-Operated-Gate-Valve.jpg",800,600,false],"author_info":[],"comment_info":0,"taxonomy_info":{"product_cat":[{"value":2052,"label":"Gate Valve"},{"value":2457,"label":"Gate Valve with Actuator"}],"product_tag":[{"value":2658,"label":"Isolation Valve"},{"value":2798,"label":"OS&amp;Y Valve"}]},"yoast_head":"<!-- This site is optimized with the Yoast SEO Premium plugin v15.4 - https:\/\/yoast.com\/wordpress\/plugins\/seo\/ -->\n<title>Gear Operated Gate Valve - ZECO Valve<\/title>\n<meta name=\"robots\" content=\"index, follow, max-snippet:-1, max-image-preview:large, max-video-preview:-1\" \/>\n<link rel=\"canonical\" href=\"https:\/\/zecovalve.com\/pt\/produto\/gear-operated-gate-valve-2\" \/>\n<meta property=\"og:locale\" content=\"pt_PT\" \/>\n<meta property=\"og:type\" content=\"article\" \/>\n<meta property=\"og:title\" content=\"Gear Operated Gate Valve - ZECO Valve\" \/>\n<meta property=\"og:description\" content=\"Gear Operated Gate ValveZeco&#8217;s gear operated gate valves serve as efficient on-off valves with flow in either direction. Principle:\u00a0 Gear operated Gate ... Ler mais\" \/>\n<meta property=\"og:url\" content=\"https:\/\/zecovalve.com\/pt\/produto\/gear-operated-gate-valve-2\" \/>\n<meta property=\"og:site_name\" content=\"ZECO Valve\" \/>\n<meta property=\"article:modified_time\" content=\"2023-06-15T13:17:23+00:00\" \/>\n<meta property=\"og:image\" content=\"https:\/\/zecovalve.com\/wp-content\/uploads\/2022\/06\/Gear-Valve-Gear-Operated-Gate-Valve.jpg\" \/>\n\t<meta property=\"og:image:width\" content=\"800\" \/>\n\t<meta property=\"og:image:height\" content=\"600\" \/>\n<meta name=\"twitter:card\" content=\"summary_large_image\" \/>\n<meta name=\"twitter:label1\" content=\"Escrito por\">\n\t<meta name=\"twitter:data1\" content=\"Jerry\">\n\t<meta name=\"twitter:label2\" content=\"Tempo estimado de leitura\">\n\t<meta name=\"twitter:data2\" content=\"2 minutos\">\n<script type=\"application\/ld+json\" class=\"yoast-schema-graph\">{\"@context\":\"https:\/\/schema.org\",\"@graph\":[{\"@type\":\"WebSite\",\"@id\":\"https:\/\/zecovalve.com\/#website\",\"url\":\"https:\/\/zecovalve.com\/\",\"name\":\"ZECO Valve\",\"description\":\"Industrial Ball Valve, Gate Valve and Globe Valve Manufacturer\",\"potentialAction\":[{\"@type\":\"SearchAction\",\"target\":\"https:\/\/zecovalve.com\/?s={search_term_string}\",\"query-input\":\"required name=search_term_string\"}],\"inLanguage\":\"pt-PT\"},{\"@type\":\"ImageObject\",\"@id\":\"https:\/\/zecovalve.com\/product\/gear-operated-gate-valve-2#primaryimage\",\"inLanguage\":\"pt-PT\",\"url\":\"https:\/\/zecovalve.com\/wp-content\/uploads\/2022\/06\/Gear-Valve-Gear-Operated-Gate-Valve.jpg\",\"width\":800,\"height\":600,\"caption\":\"Gear Valve - Gear Operated Gate Valve\"},{\"@type\":\"WebPage\",\"@id\":\"https:\/\/zecovalve.com\/product\/gear-operated-gate-valve-2#webpage\",\"url\":\"https:\/\/zecovalve.com\/product\/gear-operated-gate-valve-2\",\"name\":\"Gear Operated Gate Valve - ZECO Valve\",\"isPartOf\":{\"@id\":\"https:\/\/zecovalve.com\/#website\"},\"primaryImageOfPage\":{\"@id\":\"https:\/\/zecovalve.com\/product\/gear-operated-gate-valve-2#primaryimage\"},\"datePublished\":\"2022-06-28T02:33:45+00:00\",\"dateModified\":\"2023-06-15T13:17:23+00:00\",\"breadcrumb\":{\"@id\":\"https:\/\/zecovalve.com\/product\/gear-operated-gate-valve-2#breadcrumb\"},\"inLanguage\":\"pt-PT\",\"potentialAction\":[{\"@type\":\"ReadAction\",\"target\":[\"https:\/\/zecovalve.com\/product\/gear-operated-gate-valve-2\"]}]},{\"@type\":\"BreadcrumbList\",\"@id\":\"https:\/\/zecovalve.com\/product\/gear-operated-gate-valve-2#breadcrumb\",\"itemListElement\":[{\"@type\":\"ListItem\",\"position\":1,\"item\":{\"@type\":\"WebPage\",\"@id\":\"https:\/\/zecovalve.com\/\",\"url\":\"https:\/\/zecovalve.com\/\",\"name\":\"Home\"}},{\"@type\":\"ListItem\",\"position\":2,\"item\":{\"@type\":\"WebPage\",\"@id\":\"https:\/\/zecovalve.com\/product-category\",\"url\":\"https:\/\/zecovalve.com\/product-category\",\"name\":\"Industrial Valve Manufacturer | Water Valve Manufacturer\"}},{\"@type\":\"ListItem\",\"position\":3,\"item\":{\"@type\":\"WebPage\",\"@id\":\"https:\/\/zecovalve.com\/product\/gear-operated-gate-valve-2\",\"url\":\"https:\/\/zecovalve.com\/product\/gear-operated-gate-valve-2\",\"name\":\"Gear Operated Gate Valve\"}}]}]}<\/script>\n<!-- \/ Yoast SEO Premium plugin. -->","_links":{"self":[{"href":"https:\/\/zecovalve.com\/pt\/wp-json\/wp\/v2\/product\/17507","targetHints":{"allow":["GET"]}}],"collection":[{"href":"https:\/\/zecovalve.com\/pt\/wp-json\/wp\/v2\/product"}],"about":[{"href":"https:\/\/zecovalve.com\/pt\/wp-json\/wp\/v2\/types\/product"}],"replies":[{"embeddable":true,"href":"https:\/\/zecovalve.com\/pt\/wp-json\/wp\/v2\/comments?post=17507"}],"wp:featuredmedia":[{"embeddable":true,"href":"https:\/\/zecovalve.com\/pt\/wp-json\/wp\/v2\/media\/27870"}],"wp:attachment":[{"href":"https:\/\/zecovalve.com\/pt\/wp-json\/wp\/v2\/media?parent=17507"}],"wp:term":[{"taxonomy":"product_cat","embeddable":true,"href":"https:\/\/zecovalve.com\/pt\/wp-json\/wp\/v2\/product_cat?post=17507"},{"taxonomy":"product_tag","embeddable":true,"href":"https:\/\/zecovalve.com\/pt\/wp-json\/wp\/v2\/product_tag?post=17507"}],"curies":[{"name":"wp","href":"https:\/\/api.w.org\/{rel}","templated":true}]}}