{"id":17513,"date":"2022-06-28T02:39:39","date_gmt":"2022-06-28T02:39:39","guid":{"rendered":"https:\/\/zecovalve.com\/?post_type=product&#038;p=17513"},"modified":"2023-06-15T14:00:37","modified_gmt":"2023-06-15T14:00:37","slug":"gear-operated-globe-valve","status":"publish","type":"product","link":"https:\/\/zecovalve.com\/pt\/produto\/gear-operated-globe-valve","title":{"rendered":"V\u00e1lvula de globo operada por engrenagem"},"content":{"rendered":"<div class=\"col-xs-12\">\n<div class=\"rbt\">\n<p><img loading=\"lazy\" decoding=\"async\" class=\"size-medium wp-image-27910\" src=\"https:\/\/zecovalve.com\/wp-content\/uploads\/2022\/06\/Gear-Operated-Globe-Valve-300x225.jpg\" alt=\"V\u00e1lvula de globo operada por engrenagem\" width=\"300\" height=\"225\" srcset=\"https:\/\/zecovalve.com\/wp-content\/uploads\/2022\/06\/Gear-Operated-Globe-Valve-300x225.jpg 300w, https:\/\/zecovalve.com\/wp-content\/uploads\/2022\/06\/Gear-Operated-Globe-Valve-768x576.jpg 768w, https:\/\/zecovalve.com\/wp-content\/uploads\/2022\/06\/Gear-Operated-Globe-Valve-600x450.jpg 600w, https:\/\/zecovalve.com\/wp-content\/uploads\/2022\/06\/Gear-Operated-Globe-Valve.jpg 800w\" sizes=\"auto, (max-width: 300px) 100vw, 300px\" \/><\/p>\n<\/div>\n<\/div>\n<div class=\"text\">\n<div id=\"productdetail\">\n<div id=\"productdetail_txt\" class=\"col-md-7 col-sm-6 col-xs-12\">\n<p><strong>V\u00e1lvula de globo operada por engrenagem<\/strong><\/p>\n<p>As v\u00e1lvulas globo operadas por engrenagem da Zeco s\u00e3o projetadas de acordo com BS1873 e ASME B16.34 para servi\u00e7o de alta temperatura e alta press\u00e3o e s\u00e3o amplamente utilizadas em usinas de energia de combust\u00edvel f\u00f3ssil.<\/p>\n<\/div>\n<\/div>\n<div id=\"myTabContent\" class=\"tab-content\">\n<div id=\"page1\" class=\"tab-pane fade in active\">\n<div class=\"col-xs-12\">\n<div class=\"\">\n<p><strong>Princ\u00edpio<\/strong><strong>:<\/strong><strong>\u00a0<\/strong><\/p>\n<p>As duas aberturas para entrada e sa\u00edda do meio est\u00e3o na mesma dire\u00e7\u00e3o, formando um \u00e2ngulo de 180\u00b0. Al\u00e9m disso, a sede e a superf\u00edcie da veda\u00e7\u00e3o do disco s\u00e3o revestidas com liga \u00e0 base de ferro ou liga \u00e0 base de Co ou liga de metal duro para longa dura\u00e7\u00e3o. Para v\u00e1lvulas de grande porte ser\u00e3o projetadas com disco principal e tipo de vice-disco, e fluxo m\u00e9dio do disco superior para o disco inferior, para que o torque de opera\u00e7\u00e3o seja bastante reduzido e o desempenho de estanqueidade da sede seja mais confi\u00e1vel.<\/p>\n<p align=\"justify\"><strong>Caracter\u00edsticas<\/strong><strong>\uff1a<\/strong><\/p>\n<p align=\"justify\">1. Pequena resist\u00eancia ao fluxo para fluido, apenas uma pequena for\u00e7a \u00e9 necess\u00e1ria ao abrir\/fechar;<\/p>\n<p align=\"justify\">2. Nenhuma limita\u00e7\u00e3o na dire\u00e7\u00e3o do fluxo do meio;<\/p>\n<p align=\"justify\">3. Quando a v\u00e1lvula est\u00e1 totalmente aberta, a superf\u00edcie de veda\u00e7\u00e3o sofreu um pequeno atrito do meio de trabalho;<\/p>\n<p align=\"justify\">4. O design estendido da haste pode ser escolhido;<\/p>\n<p align=\"justify\">5. A embalagem de baixa emiss\u00e3o pode ser escolhida de acordo com o requisito ISO 15848;<\/p>\n<p align=\"justify\">6. Com design By-pass ser escolhido.<\/p>\n<p align=\"justify\"><strong>Gama de Produtos:<\/strong><\/p>\n<p>Material do corpo: a\u00e7o carbono, a\u00e7o inoxid\u00e1vel, liga de a\u00e7o<\/p>\n<p>Di\u00e2metro nominal: 1\/2\u2033\uff5e24\u2033<\/p>\n<p>Faixa de press\u00e3o:Classe150~2500<\/p>\n<p>Conex\u00e3o final: RF, RTJ, BW<\/p>\n<p>Temperatura de trabalho:-29\u00b0C~560\u00b0C<\/p>\n<p>Opera\u00e7\u00e3o: Volante, Caixa de Engrenagens, Atuador El\u00e9trico, etc.<\/p>\n<p>&nbsp;<\/p>\n<table class=\"ke-zeroborder\" border=\"0\" cellspacing=\"0\">\n<tbody>\n<tr>\n<td valign=\"center\" width=\"112\">Marca<\/td>\n<td valign=\"center\" width=\"770\">Zeco<\/td>\n<\/tr>\n<tr>\n<td valign=\"center\" width=\"112\">Tipo de v\u00e1lvula<\/td>\n<td valign=\"center\" width=\"770\">V\u00e1lvula globo operada por engrenagem<\/td>\n<\/tr>\n<tr>\n<td valign=\"center\" width=\"112\">Material da v\u00e1lvula<\/td>\n<td valign=\"center\" width=\"770\">A\u00e7o fundido, a\u00e7o inoxid\u00e1vel, liga especial, etc.<\/td>\n<\/tr>\n<tr>\n<td valign=\"center\" width=\"112\">Teste de v\u00e1lvulas<\/td>\n<td valign=\"center\" width=\"770\">100% quantidade testada antes da entrega<\/td>\n<\/tr>\n<tr>\n<td valign=\"center\" width=\"112\">Garantia da v\u00e1lvula<\/td>\n<td valign=\"center\" width=\"770\">18 meses a contar da data de expedi\u00e7\u00e3o \u00e0 sa\u00edda da f\u00e1brica ou 12 meses a contar da data de instala\u00e7\u00e3o da mercadoria.<\/td>\n<\/tr>\n<tr>\n<td valign=\"center\" width=\"112\">Pintura de v\u00e1lvulas<\/td>\n<td valign=\"center\" width=\"770\">Pedido do cliente<\/td>\n<\/tr>\n<tr>\n<td valign=\"center\" width=\"112\">Pacote de v\u00e1lvulas<\/td>\n<td valign=\"center\" width=\"770\">Caixa de madeira<\/td>\n<\/tr>\n<tr>\n<td valign=\"center\" width=\"112\">MOQ<\/td>\n<td valign=\"center\" width=\"770\">Nenhum requisito<\/td>\n<\/tr>\n<tr>\n<td valign=\"center\" width=\"112\">Certificado da v\u00e1lvula<\/td>\n<td valign=\"center\" width=\"770\">API6D\/CE\/ISO9001\/ISO14001<\/td>\n<\/tr>\n<tr>\n<td valign=\"center\" width=\"112\">Detalhe da entrega<\/td>\n<td valign=\"center\" width=\"770\">Enviado em 4 ou 6 semanas ap\u00f3s o pagamento<\/td>\n<\/tr>\n<tr>\n<td valign=\"center\" width=\"112\">Porto<\/td>\n<td valign=\"center\" width=\"770\">XANGAI<\/td>\n<\/tr>\n<tr>\n<td valign=\"center\" width=\"112\">Condi\u00e7\u00f5es de pagamento<\/td>\n<td valign=\"center\" width=\"770\">L\/C, D\/A, D\/P, T\/T<\/td>\n<\/tr>\n<tr>\n<td valign=\"center\" width=\"112\">Certificado oferecido<\/td>\n<td valign=\"center\" width=\"770\">Lista de embalagem, fatura comercial, relat\u00f3rios de ensaio e certificados de materiais, certificado de qualidade e quantidade, certificado de garantia do vendedor<\/td>\n<\/tr>\n<\/tbody>\n<\/table>\n<p align=\"justify\"><img loading=\"lazy\" decoding=\"async\" class=\"alignnone size-medium wp-image-17516\" src=\"https:\/\/zecovalve.com\/wp-content\/uploads\/2022\/06\/20190203143035_6841-300x182.jpg\" alt=\"\" width=\"300\" height=\"182\" srcset=\"https:\/\/zecovalve.com\/wp-content\/uploads\/2022\/06\/20190203143035_6841-300x182.jpg 300w, https:\/\/zecovalve.com\/wp-content\/uploads\/2022\/06\/20190203143035_6841-600x365.jpg 600w, https:\/\/zecovalve.com\/wp-content\/uploads\/2022\/06\/20190203143035_6841.jpg 750w\" sizes=\"auto, (max-width: 300px) 100vw, 300px\" \/><\/p>\n<\/div>\n<\/div>\n<\/div>\n<\/div>\n<\/div>","protected":false},"excerpt":{"rendered":"<p>V\u00e1lvula globo operada por engrenagem As v\u00e1lvulas globo operadas por engrenagem da Zeco s\u00e3o projetadas de acordo com BS1873 e ASME B16.34 para servi\u00e7o de alta\u2026 <a title=\"V\u00e1lvula de globo operada por engrenagem\" class=\"read-more\" href=\"https:\/\/zecovalve.com\/pt\/produto\/gear-operated-globe-valve\" aria-label=\"Mais em V\u00e1lvula Globo Operada por Engrenagem\">Ler mais<\/a><\/p>","protected":false},"featured_media":27910,"comment_status":"closed","ping_status":"closed","template":"","meta":{"_generate-full-width-content":"","kt_blocks_editor_width":""},"product_cat":[2049],"product_tag":[2658,2723],"class_list":["post-17513","product","type-product","status-publish","has-post-thumbnail","hentry","product_cat-globe-valve","product_tag-isolation-valve","product_tag-what-is-a-valve","sales-flash-overlay","woocommerce-text-align-center","woocommerce-image-align-center","do-quantity-buttons"],"featured_image_src_large":["https:\/\/zecovalve.com\/wp-content\/uploads\/2022\/06\/Gear-Operated-Globe-Valve.jpg",800,600,false],"author_info":[],"comment_info":0,"taxonomy_info":{"product_cat":[{"value":2049,"label":"Globe Valve"}],"product_tag":[{"value":2658,"label":"Isolation Valve"},{"value":2723,"label":"What is a Valve"}]},"yoast_head":"<!-- This site is optimized with the Yoast SEO Premium plugin v15.4 - https:\/\/yoast.com\/wordpress\/plugins\/seo\/ -->\n<title>Gear Operated Globe Valve - ZECO Valve<\/title>\n<meta name=\"robots\" content=\"index, follow, max-snippet:-1, max-image-preview:large, max-video-preview:-1\" \/>\n<link rel=\"canonical\" href=\"https:\/\/zecovalve.com\/pt\/produto\/gear-operated-globe-valve\" \/>\n<meta property=\"og:locale\" content=\"pt_PT\" \/>\n<meta property=\"og:type\" content=\"article\" \/>\n<meta property=\"og:title\" content=\"Gear Operated Globe Valve - ZECO Valve\" \/>\n<meta property=\"og:description\" content=\"Gear Operated Globe Valve Zeco&#8217;s gear operated globe valves are designed in accordance with BS1873 and ASME B16.34 for service of high ... Ler mais\" \/>\n<meta property=\"og:url\" content=\"https:\/\/zecovalve.com\/pt\/produto\/gear-operated-globe-valve\" \/>\n<meta property=\"og:site_name\" content=\"ZECO Valve\" \/>\n<meta property=\"article:modified_time\" content=\"2023-06-15T14:00:37+00:00\" \/>\n<meta property=\"og:image\" content=\"https:\/\/zecovalve.com\/wp-content\/uploads\/2022\/06\/Gear-Operated-Globe-Valve.jpg\" \/>\n\t<meta property=\"og:image:width\" content=\"800\" \/>\n\t<meta property=\"og:image:height\" content=\"600\" \/>\n<meta name=\"twitter:card\" content=\"summary_large_image\" \/>\n<meta name=\"twitter:label1\" content=\"Escrito por\">\n\t<meta name=\"twitter:data1\" content=\"Jerry\">\n\t<meta name=\"twitter:label2\" content=\"Tempo estimado de leitura\">\n\t<meta name=\"twitter:data2\" content=\"1 minuto\">\n<script type=\"application\/ld+json\" class=\"yoast-schema-graph\">{\"@context\":\"https:\/\/schema.org\",\"@graph\":[{\"@type\":\"WebSite\",\"@id\":\"https:\/\/zecovalve.com\/#website\",\"url\":\"https:\/\/zecovalve.com\/\",\"name\":\"ZECO Valve\",\"description\":\"Industrial Ball Valve, Gate Valve and Globe Valve Manufacturer\",\"potentialAction\":[{\"@type\":\"SearchAction\",\"target\":\"https:\/\/zecovalve.com\/?s={search_term_string}\",\"query-input\":\"required name=search_term_string\"}],\"inLanguage\":\"pt-PT\"},{\"@type\":\"ImageObject\",\"@id\":\"https:\/\/zecovalve.com\/product\/gear-operated-globe-valve#primaryimage\",\"inLanguage\":\"pt-PT\",\"url\":\"https:\/\/zecovalve.com\/wp-content\/uploads\/2022\/06\/Gear-Operated-Globe-Valve.jpg\",\"width\":800,\"height\":600,\"caption\":\"Gear Operated Globe Valve\"},{\"@type\":\"WebPage\",\"@id\":\"https:\/\/zecovalve.com\/product\/gear-operated-globe-valve#webpage\",\"url\":\"https:\/\/zecovalve.com\/product\/gear-operated-globe-valve\",\"name\":\"Gear Operated Globe Valve - ZECO Valve\",\"isPartOf\":{\"@id\":\"https:\/\/zecovalve.com\/#website\"},\"primaryImageOfPage\":{\"@id\":\"https:\/\/zecovalve.com\/product\/gear-operated-globe-valve#primaryimage\"},\"datePublished\":\"2022-06-28T02:39:39+00:00\",\"dateModified\":\"2023-06-15T14:00:37+00:00\",\"breadcrumb\":{\"@id\":\"https:\/\/zecovalve.com\/product\/gear-operated-globe-valve#breadcrumb\"},\"inLanguage\":\"pt-PT\",\"potentialAction\":[{\"@type\":\"ReadAction\",\"target\":[\"https:\/\/zecovalve.com\/product\/gear-operated-globe-valve\"]}]},{\"@type\":\"BreadcrumbList\",\"@id\":\"https:\/\/zecovalve.com\/product\/gear-operated-globe-valve#breadcrumb\",\"itemListElement\":[{\"@type\":\"ListItem\",\"position\":1,\"item\":{\"@type\":\"WebPage\",\"@id\":\"https:\/\/zecovalve.com\/\",\"url\":\"https:\/\/zecovalve.com\/\",\"name\":\"Home\"}},{\"@type\":\"ListItem\",\"position\":2,\"item\":{\"@type\":\"WebPage\",\"@id\":\"https:\/\/zecovalve.com\/product-category\",\"url\":\"https:\/\/zecovalve.com\/product-category\",\"name\":\"Industrial Valve Manufacturer | Water Valve Manufacturer\"}},{\"@type\":\"ListItem\",\"position\":3,\"item\":{\"@type\":\"WebPage\",\"@id\":\"https:\/\/zecovalve.com\/product\/gear-operated-globe-valve\",\"url\":\"https:\/\/zecovalve.com\/product\/gear-operated-globe-valve\",\"name\":\"Gear Operated Globe Valve\"}}]}]}<\/script>\n<!-- \/ Yoast SEO Premium plugin. -->","_links":{"self":[{"href":"https:\/\/zecovalve.com\/pt\/wp-json\/wp\/v2\/product\/17513","targetHints":{"allow":["GET"]}}],"collection":[{"href":"https:\/\/zecovalve.com\/pt\/wp-json\/wp\/v2\/product"}],"about":[{"href":"https:\/\/zecovalve.com\/pt\/wp-json\/wp\/v2\/types\/product"}],"replies":[{"embeddable":true,"href":"https:\/\/zecovalve.com\/pt\/wp-json\/wp\/v2\/comments?post=17513"}],"wp:featuredmedia":[{"embeddable":true,"href":"https:\/\/zecovalve.com\/pt\/wp-json\/wp\/v2\/media\/27910"}],"wp:attachment":[{"href":"https:\/\/zecovalve.com\/pt\/wp-json\/wp\/v2\/media?parent=17513"}],"wp:term":[{"taxonomy":"product_cat","embeddable":true,"href":"https:\/\/zecovalve.com\/pt\/wp-json\/wp\/v2\/product_cat?post=17513"},{"taxonomy":"product_tag","embeddable":true,"href":"https:\/\/zecovalve.com\/pt\/wp-json\/wp\/v2\/product_tag?post=17513"}],"curies":[{"name":"wp","href":"https:\/\/api.w.org\/{rel}","templated":true}]}}