{"id":17524,"date":"2022-06-28T02:50:27","date_gmt":"2022-06-28T02:50:27","guid":{"rendered":"https:\/\/zecovalve.com\/?post_type=product&#038;p=17524"},"modified":"2023-06-15T13:15:14","modified_gmt":"2023-06-15T13:15:14","slug":"slab-through-conduit-gate-valve","status":"publish","type":"product","link":"https:\/\/zecovalve.com\/pt\/produto\/slab-through-conduit-gate-valve","title":{"rendered":"Laje atrav\u00e9s da v\u00e1lvula de gaveta de condu\u00edte"},"content":{"rendered":"<div class=\"col-xs-12\">\n<div class=\"rbt\">\n<h1>Laje atrav\u00e9s da v\u00e1lvula de gaveta de condu\u00edte<\/h1>\n<\/div>\n<\/div>\n<div class=\"text\">\n<div id=\"productdetail\">\n<div class=\"col-xs-12\">\n<div class=\"underline-solid\"><\/div>\n<\/div>\n<div id=\"productdetail_img\" class=\"col-md-5 col-sm-6 col-xs-12\">\n<div class=\"product\">\n<figure id=\"attachment_16156\" aria-describedby=\"caption-attachment-16156\" style=\"width: 290px\" class=\"wp-caption alignnone\"><img loading=\"lazy\" decoding=\"async\" class=\"size-medium wp-image-16156\" src=\"https:\/\/zecovalve.com\/wp-content\/uploads\/2022\/06\/through-conduit-gate-valve-300x225.jpg\" alt=\"V\u00e1lvula de gaveta atrav\u00e9s de conduta\" width=\"300\" height=\"225\" srcset=\"https:\/\/zecovalve.com\/wp-content\/uploads\/2022\/06\/through-conduit-gate-valve-300x225.jpg 300w, https:\/\/zecovalve.com\/wp-content\/uploads\/2022\/06\/through-conduit-gate-valve-768x576.jpg 768w, https:\/\/zecovalve.com\/wp-content\/uploads\/2022\/06\/through-conduit-gate-valve-600x450.jpg 600w, https:\/\/zecovalve.com\/wp-content\/uploads\/2022\/06\/through-conduit-gate-valve.jpg 800w\" sizes=\"auto, (max-width: 300px) 100vw, 300px\" \/><figcaption id=\"caption-attachment-16156\" class=\"wp-caption-text\">Laje atrav\u00e9s da v\u00e1lvula de gaveta de condu\u00edte<\/figcaption><\/figure>\n<\/div>\n<\/div>\n<div id=\"productdetail_txt\" class=\"col-md-7 col-sm-6 col-xs-12\">\n<p><strong>Laje atrav\u00e9s da v\u00e1lvula de gaveta de condu\u00edte<\/strong>As v\u00e1lvulas de gaveta Zeco atrav\u00e9s de condu\u00edte s\u00e3o fabricadas com uma porta de passagem total, haste ascendente OS&amp;Y e com sedes e comporta flutuantes, energizadas por press\u00e3o, para um fechamento estanque a bolhas a montante e a jusante sob press\u00e3o diferencial baixa e alta.<\/p>\n<\/div>\n<\/div>\n<div id=\"myTabContent\" class=\"tab-content\">\n<div id=\"page1\" class=\"tab-pane fade in active\">\n<div class=\"col-xs-12\">\n<div class=\"\">\n<p><strong>Princ\u00edpio<\/strong><strong>:<\/strong><strong>\u00a0<\/strong><\/p>\n<p>A capacidade de duplo bloqueio e sangramento e o al\u00edvio autom\u00e1tico do excesso de press\u00e3o corporal s\u00e3o uma caracter\u00edstica padr\u00e3o deste design de assento. O furo liso e cont\u00ednuo minimiza a turbul\u00eancia dentro da v\u00e1lvula e quando na posi\u00e7\u00e3o aberta produz uma queda de press\u00e3o equivalente a uma por\u00e7\u00e3o de tubo do mesmo comprimento e di\u00e2metro. As faces da sede ficam fora do fluxo e, portanto, protegidas da a\u00e7\u00e3o erosiva do fluxo. Pigs e raspadores podem passar pela v\u00e1lvula sem danos.<\/p>\n<p align=\"justify\"><strong>Caracter\u00edsticas<\/strong><strong>\uff1a<\/strong><\/p>\n<p align=\"justify\">1. O assento \u00e9 um anel tipo O e uma estrutura de assento flutuante, faz a veda\u00e7\u00e3o de importa\u00e7\u00e3o e exporta\u00e7\u00e3o de v\u00e1lvula plana; E a estrutura do momento de abertura e fechamento da v\u00e1lvula comum apenas 1\/2, pode facilmente abrir e fechar a v\u00e1lvula;<\/p>\n<p align=\"justify\">2. Quando totalmente aberto, o canal \u00e9 suave para linear, o coeficiente de resist\u00eancia ao fluxo \u00e9 min\u00fasculo, a perda de press\u00e3o, pode conectar a linha de limpeza;<\/p>\n<p align=\"justify\">3. Com a estrutura de gaxeta de capacidade de veda\u00e7\u00e3o, sem ajuste constante, apresenta abertura e fechamento muito leves e a veda\u00e7\u00e3o \u00e9 confi\u00e1vel, a caixa de gaxetas coloca uma estrutura auxiliar de inje\u00e7\u00e3o de graxa de veda\u00e7\u00e3o, desempenhos selados absolutamente confi\u00e1veis e obt\u00eam um vazamento zero verdadeiro; local de embalagem onde mais facilmente vazam males;<\/p>\n<p align=\"justify\">4. A v\u00e1lvula fechada pode descarregar automaticamente o l\u00famen de alta press\u00e3o, garantindo uma opera\u00e7\u00e3o segura;<\/p>\n<p align=\"justify\">5. Estrutura totalmente fechada, o desempenho de prote\u00e7\u00e3o \u00e9 bom, adequado aos requisitos.<\/p>\n<p align=\"justify\"><strong>Gama de Produtos:<\/strong><\/p>\n<p>Material do corpo: a\u00e7o inoxid\u00e1vel, a\u00e7o carbono, a\u00e7o forjado, liga de a\u00e7o<\/p>\n<p>Di\u00e2metro nominal: 1\/2\u2033~48\u2033<\/p>\n<p>Faixa de press\u00e3o:Classe150~1500<\/p>\n<p>Conex\u00e3o final: FF, RF, RTJ, BW<\/p>\n<p>Temperatura de trabalho:-196\u00b0C~593\u00b0C<\/p>\n<p>Funcionamento: Volante, caixa de engrenagens, atuador el\u00e9trico, etc.<\/p>\n<p>&nbsp;<\/p>\n<table class=\"ke-zeroborder\" border=\"0\" cellspacing=\"0\">\n<tbody>\n<tr>\n<td valign=\"center\" width=\"112\">Marca<\/td>\n<td valign=\"center\" width=\"770\">Zeco<\/td>\n<\/tr>\n<tr>\n<td valign=\"center\" width=\"112\">Tipo de v\u00e1lvula<\/td>\n<td valign=\"center\" width=\"770\">Laje atrav\u00e9s da v\u00e1lvula de gaveta de condu\u00edte<\/td>\n<\/tr>\n<tr>\n<td valign=\"center\" width=\"112\">Material da v\u00e1lvula<\/td>\n<td valign=\"center\" width=\"770\">A\u00e7o fundido, a\u00e7o inoxid\u00e1vel, liga especial, etc.<\/td>\n<\/tr>\n<tr>\n<td valign=\"center\" width=\"112\">Teste de v\u00e1lvulas<\/td>\n<td valign=\"center\" width=\"770\">100% quantidade testada antes da entrega<\/td>\n<\/tr>\n<tr>\n<td valign=\"center\" width=\"112\">Garantia da v\u00e1lvula<\/td>\n<td valign=\"center\" width=\"770\">18 meses a contar da data de expedi\u00e7\u00e3o \u00e0 sa\u00edda da f\u00e1brica ou 12 meses a contar da data de instala\u00e7\u00e3o da mercadoria.<\/td>\n<\/tr>\n<tr>\n<td valign=\"center\" width=\"112\">Pintura de v\u00e1lvulas<\/td>\n<td valign=\"center\" width=\"770\">Pedido do cliente<\/td>\n<\/tr>\n<tr>\n<td valign=\"center\" width=\"112\">Pacote de v\u00e1lvulas<\/td>\n<td valign=\"center\" width=\"770\">Caixa de madeira<\/td>\n<\/tr>\n<tr>\n<td valign=\"center\" width=\"112\">MOQ<\/td>\n<td valign=\"center\" width=\"770\">Nenhum requisito<\/td>\n<\/tr>\n<tr>\n<td valign=\"center\" width=\"112\">Certificado da v\u00e1lvula<\/td>\n<td valign=\"center\" width=\"770\">API6D\/CE\/ISO9001\/ISO14001<\/td>\n<\/tr>\n<tr>\n<td valign=\"center\" width=\"112\">Detalhe da entrega<\/td>\n<td valign=\"center\" width=\"770\">Enviado em 4 ou 6 semanas ap\u00f3s o pagamento<\/td>\n<\/tr>\n<tr>\n<td valign=\"center\" width=\"112\">Porto<\/td>\n<td valign=\"center\" width=\"770\">XANGAI<\/td>\n<\/tr>\n<tr>\n<td valign=\"center\" width=\"112\">Condi\u00e7\u00f5es de pagamento<\/td>\n<td valign=\"center\" width=\"770\">L\/C, D\/A, D\/P, T\/T<\/td>\n<\/tr>\n<tr>\n<td valign=\"center\" width=\"112\">Certificado oferecido<\/td>\n<td valign=\"center\" width=\"770\">Lista de embalagem, fatura comercial, relat\u00f3rios de ensaio e certificados de materiais, certificado de qualidade e quantidade, certificado de garantia do vendedor<\/td>\n<\/tr>\n<\/tbody>\n<\/table>\n<p><img loading=\"lazy\" decoding=\"async\" class=\"alignnone size-medium wp-image-17509\" src=\"https:\/\/zecovalve.com\/wp-content\/uploads\/2022\/06\/20190205124042_9202-300x182.jpg\" alt=\"\" width=\"300\" height=\"182\" srcset=\"https:\/\/zecovalve.com\/wp-content\/uploads\/2022\/06\/20190205124042_9202-300x182.jpg 300w, https:\/\/zecovalve.com\/wp-content\/uploads\/2022\/06\/20190205124042_9202-600x365.jpg 600w, https:\/\/zecovalve.com\/wp-content\/uploads\/2022\/06\/20190205124042_9202.jpg 750w\" sizes=\"auto, (max-width: 300px) 100vw, 300px\" \/><\/p>\n<\/div>\n<\/div>\n<\/div>\n<\/div>\n<\/div>","protected":false},"excerpt":{"rendered":"<p>V\u00e1lvula de gaveta de laje atrav\u00e9s de condu\u00edte V\u00e1lvula de gaveta de laje atrav\u00e9s de condu\u00edteAs v\u00e1lvulas de gaveta de laje atrav\u00e9s de condu\u00edte da Zeco s\u00e3o fabricadas com uma porta de passagem total, \u2026 <a title=\"Laje atrav\u00e9s da v\u00e1lvula de gaveta de condu\u00edte\" class=\"read-more\" href=\"https:\/\/zecovalve.com\/pt\/produto\/slab-through-conduit-gate-valve\" aria-label=\"Mais em V\u00e1lvula gaveta de laje atrav\u00e9s de condu\u00edte\">Ler mais<\/a><\/p>","protected":false},"featured_media":27899,"comment_status":"closed","ping_status":"closed","template":"","meta":{"_generate-full-width-content":"","kt_blocks_editor_width":""},"product_cat":[2052,2456],"product_tag":[2658,2798],"class_list":["post-17524","product","type-product","status-publish","has-post-thumbnail","hentry","product_cat-gate-valve","product_cat-gate-valve-by-form","product_tag-isolation-valve","product_tag-osy-valve","sales-flash-overlay","woocommerce-text-align-center","woocommerce-image-align-center","do-quantity-buttons"],"featured_image_src_large":["https:\/\/zecovalve.com\/wp-content\/uploads\/2022\/06\/Slab-Through-Conduit-Gate-Valve.jpg",800,600,false],"author_info":[],"comment_info":0,"taxonomy_info":{"product_cat":[{"value":2052,"label":"Gate Valve"},{"value":2456,"label":"Gate Valve By Form"}],"product_tag":[{"value":2658,"label":"Isolation Valve"},{"value":2798,"label":"OS&amp;Y Valve"}]},"yoast_head":"<!-- This site is optimized with the Yoast SEO Premium plugin v15.4 - https:\/\/yoast.com\/wordpress\/plugins\/seo\/ -->\n<title>Slab Through Conduit Gate Valve - ZECO Valve<\/title>\n<meta name=\"robots\" content=\"index, follow, max-snippet:-1, max-image-preview:large, max-video-preview:-1\" \/>\n<link rel=\"canonical\" href=\"https:\/\/zecovalve.com\/pt\/produto\/slab-through-conduit-gate-valve\" \/>\n<meta property=\"og:locale\" content=\"pt_PT\" \/>\n<meta property=\"og:type\" content=\"article\" \/>\n<meta property=\"og:title\" content=\"Slab Through Conduit Gate Valve - ZECO Valve\" \/>\n<meta property=\"og:description\" content=\"Slab Through Conduit Gate Valve Slab Through Conduit Gate ValveZeco&#8217;s slab through conduit gate valves are manufactured with a full bore port, ... Ler mais\" \/>\n<meta property=\"og:url\" content=\"https:\/\/zecovalve.com\/pt\/produto\/slab-through-conduit-gate-valve\" \/>\n<meta property=\"og:site_name\" content=\"ZECO Valve\" \/>\n<meta property=\"article:modified_time\" content=\"2023-06-15T13:15:14+00:00\" \/>\n<meta property=\"og:image\" content=\"https:\/\/zecovalve.com\/wp-content\/uploads\/2022\/06\/Slab-Through-Conduit-Gate-Valve.jpg\" \/>\n\t<meta property=\"og:image:width\" content=\"800\" \/>\n\t<meta property=\"og:image:height\" content=\"600\" \/>\n<meta name=\"twitter:card\" content=\"summary_large_image\" \/>\n<meta name=\"twitter:label1\" content=\"Escrito por\">\n\t<meta name=\"twitter:data1\" content=\"Jerry\">\n\t<meta name=\"twitter:label2\" content=\"Tempo estimado de leitura\">\n\t<meta name=\"twitter:data2\" content=\"2 minutos\">\n<script type=\"application\/ld+json\" class=\"yoast-schema-graph\">{\"@context\":\"https:\/\/schema.org\",\"@graph\":[{\"@type\":\"WebSite\",\"@id\":\"https:\/\/zecovalve.com\/#website\",\"url\":\"https:\/\/zecovalve.com\/\",\"name\":\"ZECO Valve\",\"description\":\"Industrial Ball Valve, Gate Valve and Globe Valve Manufacturer\",\"potentialAction\":[{\"@type\":\"SearchAction\",\"target\":\"https:\/\/zecovalve.com\/?s={search_term_string}\",\"query-input\":\"required name=search_term_string\"}],\"inLanguage\":\"pt-PT\"},{\"@type\":\"ImageObject\",\"@id\":\"https:\/\/zecovalve.com\/product\/slab-through-conduit-gate-valve#primaryimage\",\"inLanguage\":\"pt-PT\",\"url\":\"https:\/\/zecovalve.com\/wp-content\/uploads\/2022\/06\/Slab-Through-Conduit-Gate-Valve.jpg\",\"width\":800,\"height\":600,\"caption\":\"Slab Through Conduit Gate Valve\"},{\"@type\":\"WebPage\",\"@id\":\"https:\/\/zecovalve.com\/product\/slab-through-conduit-gate-valve#webpage\",\"url\":\"https:\/\/zecovalve.com\/product\/slab-through-conduit-gate-valve\",\"name\":\"Slab Through Conduit Gate Valve - ZECO Valve\",\"isPartOf\":{\"@id\":\"https:\/\/zecovalve.com\/#website\"},\"primaryImageOfPage\":{\"@id\":\"https:\/\/zecovalve.com\/product\/slab-through-conduit-gate-valve#primaryimage\"},\"datePublished\":\"2022-06-28T02:50:27+00:00\",\"dateModified\":\"2023-06-15T13:15:14+00:00\",\"breadcrumb\":{\"@id\":\"https:\/\/zecovalve.com\/product\/slab-through-conduit-gate-valve#breadcrumb\"},\"inLanguage\":\"pt-PT\",\"potentialAction\":[{\"@type\":\"ReadAction\",\"target\":[\"https:\/\/zecovalve.com\/product\/slab-through-conduit-gate-valve\"]}]},{\"@type\":\"BreadcrumbList\",\"@id\":\"https:\/\/zecovalve.com\/product\/slab-through-conduit-gate-valve#breadcrumb\",\"itemListElement\":[{\"@type\":\"ListItem\",\"position\":1,\"item\":{\"@type\":\"WebPage\",\"@id\":\"https:\/\/zecovalve.com\/\",\"url\":\"https:\/\/zecovalve.com\/\",\"name\":\"Home\"}},{\"@type\":\"ListItem\",\"position\":2,\"item\":{\"@type\":\"WebPage\",\"@id\":\"https:\/\/zecovalve.com\/product-category\",\"url\":\"https:\/\/zecovalve.com\/product-category\",\"name\":\"Industrial Valve Manufacturer | Water Valve Manufacturer\"}},{\"@type\":\"ListItem\",\"position\":3,\"item\":{\"@type\":\"WebPage\",\"@id\":\"https:\/\/zecovalve.com\/product\/slab-through-conduit-gate-valve\",\"url\":\"https:\/\/zecovalve.com\/product\/slab-through-conduit-gate-valve\",\"name\":\"Slab Through Conduit Gate Valve\"}}]}]}<\/script>\n<!-- \/ Yoast SEO Premium plugin. -->","_links":{"self":[{"href":"https:\/\/zecovalve.com\/pt\/wp-json\/wp\/v2\/product\/17524","targetHints":{"allow":["GET"]}}],"collection":[{"href":"https:\/\/zecovalve.com\/pt\/wp-json\/wp\/v2\/product"}],"about":[{"href":"https:\/\/zecovalve.com\/pt\/wp-json\/wp\/v2\/types\/product"}],"replies":[{"embeddable":true,"href":"https:\/\/zecovalve.com\/pt\/wp-json\/wp\/v2\/comments?post=17524"}],"wp:featuredmedia":[{"embeddable":true,"href":"https:\/\/zecovalve.com\/pt\/wp-json\/wp\/v2\/media\/27899"}],"wp:attachment":[{"href":"https:\/\/zecovalve.com\/pt\/wp-json\/wp\/v2\/media?parent=17524"}],"wp:term":[{"taxonomy":"product_cat","embeddable":true,"href":"https:\/\/zecovalve.com\/pt\/wp-json\/wp\/v2\/product_cat?post=17524"},{"taxonomy":"product_tag","embeddable":true,"href":"https:\/\/zecovalve.com\/pt\/wp-json\/wp\/v2\/product_tag?post=17524"}],"curies":[{"name":"wp","href":"https:\/\/api.w.org\/{rel}","templated":true}]}}