{"id":17527,"date":"2022-06-28T02:59:39","date_gmt":"2022-06-28T02:59:39","guid":{"rendered":"https:\/\/zecovalve.com\/?post_type=product&#038;p=17527"},"modified":"2023-06-15T13:15:47","modified_gmt":"2023-06-15T13:15:47","slug":"pressure-seal-gate-valve","status":"publish","type":"product","link":"https:\/\/zecovalve.com\/pt\/produto\/pressure-seal-gate-valve","title":{"rendered":"V\u00e1lvula de veda\u00e7\u00e3o de press\u00e3o"},"content":{"rendered":"<div class=\"col-xs-12\">\n<div class=\"rbt\">\n<p>&nbsp;<\/p>\n<\/div>\n<\/div>\n<div class=\"text\">\n<div id=\"productdetail\">\n<div id=\"productdetail_img\" class=\"col-md-5 col-sm-6 col-xs-12\">\n<p><img loading=\"lazy\" decoding=\"async\" class=\"size-medium wp-image-17928\" src=\"https:\/\/zecovalve.com\/wp-content\/uploads\/2022\/06\/Pressure-Seal-Gate-Valve-300x225.jpg\" alt=\"V\u00e1lvula de veda\u00e7\u00e3o de press\u00e3o\" width=\"300\" height=\"225\" srcset=\"https:\/\/zecovalve.com\/wp-content\/uploads\/2022\/06\/Pressure-Seal-Gate-Valve-300x225.jpg 300w, https:\/\/zecovalve.com\/wp-content\/uploads\/2022\/06\/Pressure-Seal-Gate-Valve-768x576.jpg 768w, https:\/\/zecovalve.com\/wp-content\/uploads\/2022\/06\/Pressure-Seal-Gate-Valve-600x450.jpg 600w, https:\/\/zecovalve.com\/wp-content\/uploads\/2022\/06\/Pressure-Seal-Gate-Valve.jpg 800w\" sizes=\"auto, (max-width: 300px) 100vw, 300px\" \/><\/p>\n<div class=\"product\"><\/div>\n<\/div>\n<div id=\"productdetail_txt\" class=\"col-md-7 col-sm-6 col-xs-12\">\n<p><strong>V\u00e1lvula de veda\u00e7\u00e3o de press\u00e3o<\/strong><\/p>\n<p>As v\u00e1lvulas de gaveta com veda\u00e7\u00e3o de press\u00e3o da Zeco s\u00e3o destinadas a aplica\u00e7\u00f5es de alta press\u00e3o e alta temperatura em todos os tipos de fluido, exceto onde forem severos.<\/p>\n<\/div>\n<\/div>\n<div id=\"myTabContent\" class=\"tab-content\">\n<div id=\"page1\" class=\"tab-pane fade in active\">\n<div class=\"col-xs-12\">\n<div class=\"\">\n<p><b>Princ\u00edpio<\/b><b>:<\/b><b>\u00a0<\/b><\/p>\n<p>As v\u00e1lvulas de veda\u00e7\u00e3o de press\u00e3o s\u00e3o projetadas de acordo com API600 e ASME B16.34 para servi\u00e7o de alta temperatura e alta press\u00e3o e s\u00e3o amplamente utilizadas em usinas de combust\u00edvel f\u00f3ssil. Em compara\u00e7\u00e3o com as v\u00e1lvulas de junta de castelo aparafusadas, fornece veda\u00e7\u00e3o absolutamente confi\u00e1vel da junta de castelo, de modo que as v\u00e1lvulas de veda\u00e7\u00e3o de press\u00e3o s\u00e3o mais compactas e r\u00edgidas, bem como manuten\u00e7\u00e3o econ\u00f4mica em servi\u00e7os de alta temperatura e alta press\u00e3o.<\/p>\n<p>Este tipo de v\u00e1lvula gaveta n\u00e3o \u00e9 apenas caracterizada por sua estrutura simples e uso confi\u00e1vel, mas tamb\u00e9m \u00e9 capaz de criar uma leve deforma\u00e7\u00e3o flex\u00edvel para compensar o desvio do \u00e2ngulo da face de veda\u00e7\u00e3o gerado durante o processamento, melhorando assim o desempenho do processo. Al\u00e9m disso, na sede e na superf\u00edcie da veda\u00e7\u00e3o do disco da comporta s\u00e3o revestidas com liga \u00e0 base de ferro ou liga \u00e0 base de co-base ou liga de metal duro para longa dura\u00e7\u00e3o.<\/p>\n<p align=\"justify\"><b>Caracter\u00edsticas:<\/b><b><\/b><\/p>\n<p align=\"justify\">1. A v\u00e1lvula possui um castelo do tipo autovedante;<\/p>\n<p align=\"justify\">2. O fen\u00f4meno de cunhamento do disco n\u00e3o pode ser causado quando a temperatura aumenta;<\/p>\n<p align=\"justify\">3. Cunha flex\u00edvel;<\/p>\n<p align=\"justify\">4. Superf\u00edcie de veda\u00e7\u00e3o do assento com sobreposi\u00e7\u00e3o completa de stellite;<\/p>\n<p align=\"justify\">5. Projeto de orienta\u00e7\u00e3o de cunha completa;<\/p>\n<p align=\"justify\">6. \u00c0 prova absoluta de vazamento da junta do cap\u00f4;<\/p>\n<p align=\"justify\">7. Projeto de desvio opcional.<\/p>\n<p align=\"justify\"><b>Gama de Produtos:<\/b><b><\/b><\/p>\n<p>Material do corpo: a\u00e7o carbono, a\u00e7o inoxid\u00e1vel, liga de a\u00e7o<\/p>\n<p>Di\u00e2metro nominal: 1\/2\u2033~60\u2033\uff08DN15~1500\uff09<\/p>\n<p>Faixa de press\u00e3o: Classe150~2500(PN10~420)<\/p>\n<p>Conex\u00e3o final: RF, RTJ, BW<\/p>\n<p>Temperatura de trabalho:-29\u00b0C~+560\u00b0C<\/p>\n<p>Modo de opera\u00e7\u00e3o: Volante, Caixa de Engrenagens, Atuador El\u00e9trico, Atuador Pneum\u00e1tico, etc.<\/p>\n<p>&nbsp;<\/p>\n<table class=\"ke-zeroborder\" border=\"0\" cellspacing=\"0\">\n<tbody>\n<tr>\n<td valign=\"center\" width=\"112\">Marca<\/td>\n<td valign=\"center\" width=\"770\">Zeco<\/td>\n<\/tr>\n<tr>\n<td valign=\"center\" width=\"112\">Tipo de v\u00e1lvula<\/td>\n<td valign=\"center\" width=\"770\">V\u00e1lvula de veda\u00e7\u00e3o de press\u00e3o<\/td>\n<\/tr>\n<tr>\n<td valign=\"center\" width=\"112\">Material da v\u00e1lvula<\/td>\n<td valign=\"center\" width=\"770\">A\u00e7o fundido, a\u00e7o inoxid\u00e1vel, liga especial, etc.<\/td>\n<\/tr>\n<tr>\n<td valign=\"center\" width=\"112\">Teste de v\u00e1lvulas<\/td>\n<td valign=\"center\" width=\"770\">100% quantidade testada antes da entrega<\/td>\n<\/tr>\n<tr>\n<td valign=\"center\" width=\"112\">Garantia da v\u00e1lvula<\/td>\n<td valign=\"center\" width=\"770\">18 meses a contar da data de expedi\u00e7\u00e3o \u00e0 sa\u00edda da f\u00e1brica ou 12 meses a contar da data de instala\u00e7\u00e3o da mercadoria.<\/td>\n<\/tr>\n<tr>\n<td valign=\"center\" width=\"112\">Pintura de v\u00e1lvulas<\/td>\n<td valign=\"center\" width=\"770\">Pedido do cliente<\/td>\n<\/tr>\n<tr>\n<td valign=\"center\" width=\"112\">Pacote de v\u00e1lvulas<\/td>\n<td valign=\"center\" width=\"770\">Caixa de madeira<\/td>\n<\/tr>\n<tr>\n<td valign=\"center\" width=\"112\">MOQ<\/td>\n<td valign=\"center\" width=\"770\">Nenhum requisito<\/td>\n<\/tr>\n<tr>\n<td valign=\"center\" width=\"112\">Certificado da v\u00e1lvula<\/td>\n<td valign=\"center\" width=\"770\">API6D\/CE\/ISO9001\/ISO14001<\/td>\n<\/tr>\n<tr>\n<td valign=\"center\" width=\"112\">Detalhe da entrega<\/td>\n<td valign=\"center\" width=\"770\">Enviado em 4 ou 6 semanas ap\u00f3s o pagamento<\/td>\n<\/tr>\n<tr>\n<td valign=\"center\" width=\"112\">Porto<\/td>\n<td valign=\"center\" width=\"770\">XANGAI<\/td>\n<\/tr>\n<tr>\n<td valign=\"center\" width=\"112\">Condi\u00e7\u00f5es de pagamento<\/td>\n<td valign=\"center\" width=\"770\">L\/C, D\/A, D\/P, T\/T<\/td>\n<\/tr>\n<tr>\n<td valign=\"center\" width=\"112\">Certificado oferecido<\/td>\n<td valign=\"center\" width=\"770\">Lista de embalagem, fatura comercial, relat\u00f3rios de ensaio e certificados de materiais, certificado de qualidade e quantidade, certificado de garantia do vendedor<\/td>\n<\/tr>\n<\/tbody>\n<\/table>\n<p><img loading=\"lazy\" decoding=\"async\" class=\"alignnone size-medium wp-image-17528\" src=\"https:\/\/zecovalve.com\/wp-content\/uploads\/2022\/06\/20190205155834_8781-300x182.jpg\" alt=\"\" width=\"300\" height=\"182\" srcset=\"https:\/\/zecovalve.com\/wp-content\/uploads\/2022\/06\/20190205155834_8781-300x182.jpg 300w, https:\/\/zecovalve.com\/wp-content\/uploads\/2022\/06\/20190205155834_8781-600x365.jpg 600w, https:\/\/zecovalve.com\/wp-content\/uploads\/2022\/06\/20190205155834_8781.jpg 750w\" sizes=\"auto, (max-width: 300px) 100vw, 300px\" \/><\/p>\n<\/div>\n<\/div>\n<\/div>\n<\/div>\n<\/div>","protected":false},"excerpt":{"rendered":"<p>&nbsp; V\u00e1lvula de gaveta com veda\u00e7\u00e3o de press\u00e3o As v\u00e1lvulas de gaveta com veda\u00e7\u00e3o de press\u00e3o da Zeco s\u00e3o destinadas a aplica\u00e7\u00f5es de alta press\u00e3o e alta temperatura em todos os tipos de\u2026 <a title=\"V\u00e1lvula de veda\u00e7\u00e3o de press\u00e3o\" class=\"read-more\" href=\"https:\/\/zecovalve.com\/pt\/produto\/pressure-seal-gate-valve\" aria-label=\"Mais em V\u00e1lvula de veda\u00e7\u00e3o de press\u00e3o\">Ler mais<\/a><\/p>","protected":false},"featured_media":27900,"comment_status":"closed","ping_status":"closed","template":"","meta":{"_generate-full-width-content":"","kt_blocks_editor_width":""},"product_cat":[2052,2456],"product_tag":[2658,2766,2727,2798,2723],"class_list":["post-17527","product","type-product","status-publish","has-post-thumbnail","hentry","product_cat-gate-valve","product_cat-gate-valve-by-form","product_tag-isolation-valve","product_tag-motorised-valve","product_tag-motorized-valve","product_tag-osy-valve","product_tag-what-is-a-valve","sales-flash-overlay","woocommerce-text-align-center","woocommerce-image-align-center","do-quantity-buttons"],"featured_image_src_large":["https:\/\/zecovalve.com\/wp-content\/uploads\/2022\/06\/Pressure-Seal-Gate-Valve-1.jpg",800,600,false],"author_info":[],"comment_info":0,"taxonomy_info":{"product_cat":[{"value":2052,"label":"Gate Valve"},{"value":2456,"label":"Gate Valve By Form"}],"product_tag":[{"value":2658,"label":"Isolation Valve"},{"value":2766,"label":"Motorised Valve"},{"value":2727,"label":"Motorized Valve"},{"value":2798,"label":"OS&amp;Y Valve"},{"value":2723,"label":"What is a Valve"}]},"yoast_head":"<!-- This site is optimized with the Yoast SEO Premium plugin v15.4 - https:\/\/yoast.com\/wordpress\/plugins\/seo\/ -->\n<title>Pressure Seal Gate Valve - ZECO Valve<\/title>\n<meta name=\"robots\" content=\"index, follow, max-snippet:-1, max-image-preview:large, max-video-preview:-1\" \/>\n<link rel=\"canonical\" href=\"https:\/\/zecovalve.com\/pt\/produto\/pressure-seal-gate-valve\" \/>\n<meta property=\"og:locale\" content=\"pt_PT\" \/>\n<meta property=\"og:type\" content=\"article\" \/>\n<meta property=\"og:title\" content=\"Pressure Seal Gate Valve - ZECO Valve\" \/>\n<meta property=\"og:description\" content=\"&nbsp; Pressure Seal Gate Valve Zeco&#8217;s pressure seal gate valves are intended for high pressure, high temperature applications in all types of ... Ler mais\" \/>\n<meta property=\"og:url\" content=\"https:\/\/zecovalve.com\/pt\/produto\/pressure-seal-gate-valve\" \/>\n<meta property=\"og:site_name\" content=\"ZECO Valve\" \/>\n<meta property=\"article:modified_time\" content=\"2023-06-15T13:15:47+00:00\" \/>\n<meta property=\"og:image\" content=\"https:\/\/zecovalve.com\/wp-content\/uploads\/2022\/06\/Pressure-Seal-Gate-Valve-1.jpg\" \/>\n\t<meta property=\"og:image:width\" content=\"800\" \/>\n\t<meta property=\"og:image:height\" content=\"600\" \/>\n<meta name=\"twitter:card\" content=\"summary_large_image\" \/>\n<meta name=\"twitter:label1\" content=\"Escrito por\">\n\t<meta name=\"twitter:data1\" content=\"Jerry\">\n\t<meta name=\"twitter:label2\" content=\"Tempo estimado de leitura\">\n\t<meta name=\"twitter:data2\" content=\"1 minuto\">\n<script type=\"application\/ld+json\" class=\"yoast-schema-graph\">{\"@context\":\"https:\/\/schema.org\",\"@graph\":[{\"@type\":\"WebSite\",\"@id\":\"https:\/\/zecovalve.com\/#website\",\"url\":\"https:\/\/zecovalve.com\/\",\"name\":\"ZECO Valve\",\"description\":\"Industrial Ball Valve, Gate Valve and Globe Valve Manufacturer\",\"potentialAction\":[{\"@type\":\"SearchAction\",\"target\":\"https:\/\/zecovalve.com\/?s={search_term_string}\",\"query-input\":\"required name=search_term_string\"}],\"inLanguage\":\"pt-PT\"},{\"@type\":\"ImageObject\",\"@id\":\"https:\/\/zecovalve.com\/product\/pressure-seal-gate-valve#primaryimage\",\"inLanguage\":\"pt-PT\",\"url\":\"https:\/\/zecovalve.com\/wp-content\/uploads\/2022\/06\/Pressure-Seal-Gate-Valve-1.jpg\",\"width\":800,\"height\":600,\"caption\":\"Pressure Seal Gate Valve\"},{\"@type\":\"WebPage\",\"@id\":\"https:\/\/zecovalve.com\/product\/pressure-seal-gate-valve#webpage\",\"url\":\"https:\/\/zecovalve.com\/product\/pressure-seal-gate-valve\",\"name\":\"Pressure Seal Gate Valve - ZECO Valve\",\"isPartOf\":{\"@id\":\"https:\/\/zecovalve.com\/#website\"},\"primaryImageOfPage\":{\"@id\":\"https:\/\/zecovalve.com\/product\/pressure-seal-gate-valve#primaryimage\"},\"datePublished\":\"2022-06-28T02:59:39+00:00\",\"dateModified\":\"2023-06-15T13:15:47+00:00\",\"breadcrumb\":{\"@id\":\"https:\/\/zecovalve.com\/product\/pressure-seal-gate-valve#breadcrumb\"},\"inLanguage\":\"pt-PT\",\"potentialAction\":[{\"@type\":\"ReadAction\",\"target\":[\"https:\/\/zecovalve.com\/product\/pressure-seal-gate-valve\"]}]},{\"@type\":\"BreadcrumbList\",\"@id\":\"https:\/\/zecovalve.com\/product\/pressure-seal-gate-valve#breadcrumb\",\"itemListElement\":[{\"@type\":\"ListItem\",\"position\":1,\"item\":{\"@type\":\"WebPage\",\"@id\":\"https:\/\/zecovalve.com\/\",\"url\":\"https:\/\/zecovalve.com\/\",\"name\":\"Home\"}},{\"@type\":\"ListItem\",\"position\":2,\"item\":{\"@type\":\"WebPage\",\"@id\":\"https:\/\/zecovalve.com\/product-category\",\"url\":\"https:\/\/zecovalve.com\/product-category\",\"name\":\"Industrial Valve Manufacturer | Water Valve Manufacturer\"}},{\"@type\":\"ListItem\",\"position\":3,\"item\":{\"@type\":\"WebPage\",\"@id\":\"https:\/\/zecovalve.com\/product\/pressure-seal-gate-valve\",\"url\":\"https:\/\/zecovalve.com\/product\/pressure-seal-gate-valve\",\"name\":\"Pressure Seal Gate Valve\"}}]}]}<\/script>\n<!-- \/ Yoast SEO Premium plugin. -->","_links":{"self":[{"href":"https:\/\/zecovalve.com\/pt\/wp-json\/wp\/v2\/product\/17527","targetHints":{"allow":["GET"]}}],"collection":[{"href":"https:\/\/zecovalve.com\/pt\/wp-json\/wp\/v2\/product"}],"about":[{"href":"https:\/\/zecovalve.com\/pt\/wp-json\/wp\/v2\/types\/product"}],"replies":[{"embeddable":true,"href":"https:\/\/zecovalve.com\/pt\/wp-json\/wp\/v2\/comments?post=17527"}],"wp:featuredmedia":[{"embeddable":true,"href":"https:\/\/zecovalve.com\/pt\/wp-json\/wp\/v2\/media\/27900"}],"wp:attachment":[{"href":"https:\/\/zecovalve.com\/pt\/wp-json\/wp\/v2\/media?parent=17527"}],"wp:term":[{"taxonomy":"product_cat","embeddable":true,"href":"https:\/\/zecovalve.com\/pt\/wp-json\/wp\/v2\/product_cat?post=17527"},{"taxonomy":"product_tag","embeddable":true,"href":"https:\/\/zecovalve.com\/pt\/wp-json\/wp\/v2\/product_tag?post=17527"}],"curies":[{"name":"wp","href":"https:\/\/api.w.org\/{rel}","templated":true}]}}