{"id":17529,"date":"2022-06-28T03:02:08","date_gmt":"2022-06-28T03:02:08","guid":{"rendered":"https:\/\/zecovalve.com\/?post_type=product&#038;p=17529"},"modified":"2022-09-22T06:29:33","modified_gmt":"2022-09-22T06:29:33","slug":"cast-steel-floating-ball-valve","status":"publish","type":"product","link":"https:\/\/zecovalve.com\/pt\/produto\/cast-steel-floating-ball-valve","title":{"rendered":"V\u00e1lvula de esfera flutuante em a\u00e7o fundido"},"content":{"rendered":"<div class=\"col-xs-12\">\n<div class=\"rbt\">\n<h1>V\u00e1lvula de esfera flutuante em a\u00e7o fundido<\/h1>\n<\/div>\n<\/div>\n<div class=\"text\">\n<div id=\"productdetail\">\n<div id=\"productdetail_img\" class=\"col-md-5 col-sm-6 col-xs-12\">\n<div class=\"product\">\n<figure id=\"attachment_17530\" aria-describedby=\"caption-attachment-17530\" style=\"width: 290px\" class=\"wp-caption alignnone\"><img loading=\"lazy\" decoding=\"async\" class=\"size-medium wp-image-17530\" src=\"https:\/\/zecovalve.com\/wp-content\/uploads\/2022\/06\/FL-1-104452-300x225.jpg\" alt=\"V\u00e1lvula de esfera flutuante em a\u00e7o fundido\" width=\"300\" height=\"225\" srcset=\"https:\/\/zecovalve.com\/wp-content\/uploads\/2022\/06\/FL-1-104452-300x225.jpg 300w, https:\/\/zecovalve.com\/wp-content\/uploads\/2022\/06\/FL-1-104452-768x576.jpg 768w, https:\/\/zecovalve.com\/wp-content\/uploads\/2022\/06\/FL-1-104452-600x450.jpg 600w, https:\/\/zecovalve.com\/wp-content\/uploads\/2022\/06\/FL-1-104452.jpg 800w\" sizes=\"auto, (max-width: 300px) 100vw, 300px\" \/><figcaption id=\"caption-attachment-17530\" class=\"wp-caption-text\">V\u00e1lvula de esfera flutuante em a\u00e7o fundido<\/figcaption><\/figure>\n<\/div>\n<\/div>\n<div id=\"productdetail_txt\" class=\"col-md-7 col-sm-6 col-xs-12\"><strong>V\u00e1lvula de esfera flutuante em a\u00e7o fundido<\/strong>As v\u00e1lvulas esfera flutuantes em a\u00e7o fundido da Zeco s\u00e3o projetadas com duas sedes, uma localizada a montante da esfera e outra a jusante da esfera. A press\u00e3o a montante empurra a esfera para baixo na sede lateral a jusante, fechando completamente o controle de fluxo.<\/p>\n<\/div>\n<\/div>\n<div id=\"myTabContent\" class=\"tab-content\">\n<div id=\"page1\" class=\"tab-pane fade in active\">\n<div class=\"col-xs-12\">\n<div class=\"\">\n<p align=\"justify\"><strong>Princ\u00edpio:<\/strong><\/p>\n<p align=\"justify\">Este tipo de v\u00e1lvula de esfera flutuante possui uma esfera suportada por duas sedes de v\u00e1lvula. Sob o efeito de m\u00e9dia press\u00e3o, um certo deslocamento pode ser gerado pela pr\u00f3pria esfera para ser pressionada contra o anel de veda\u00e7\u00e3o da sede na sa\u00edda, garantindo a estanqueidade na sa\u00edda. A v\u00e1lvula de esfera flutuante \u00e9 dividida principalmente em duas estruturas, como o tipo de corpo \u00fanico e o tipo de corpo duplo.<\/p>\n<p align=\"justify\"><strong>Caracter\u00edsticas<\/strong><strong>:<\/strong><\/p>\n<p align=\"justify\">1. Projeto de corpo dividido com extremidades flangeadas para instala\u00e7\u00e3o r\u00e1pida, manuten\u00e7\u00e3o em linha e reconstru\u00e7\u00e3o;<\/p>\n<p align=\"justify\">2. A constru\u00e7\u00e3o s\u00f3lida da bola fornece integridade estrutural e minimiza a turbul\u00eancia do fluxo;<\/p>\n<p align=\"justify\">3. Haste \u00e0 prova de explos\u00e3o com carga inferior;<\/p>\n<p align=\"justify\">4. A junta do corpo \u00e9 projetada para evitar compress\u00e3o excessiva das partes internas da v\u00e1lvula, resultando em um torque operacional baixo e consistente;<\/p>\n<p align=\"justify\">5. Estrutura especial de assento de veda\u00e7\u00e3o dupla elastom\u00e9rica para veda\u00e7\u00e3o de alta press\u00e3o, baixa press\u00e3o e v\u00e1cuo.<\/p>\n<p align=\"justify\"><strong>Gama de Produtos:<\/strong><\/p>\n<p>Material do corpo: a\u00e7o carbono, a\u00e7o inoxid\u00e1vel, liga de a\u00e7o<\/p>\n<p>Di\u00e2metro nominal:1\/2\u201d~10\u201d(DN15~DN250)<\/p>\n<p>Conex\u00e3o final: RF, BW, THR<\/p>\n<p>Faixa de press\u00e3o: Classe150 \u2013 300\uff08PN16~PN40\uff09<\/p>\n<p>Opera\u00e7\u00e3o: chave inglesa, engrenagem helicoidal, el\u00e9trica, etc.<\/p>\n<table class=\"ke-zeroborder\" border=\"0\" cellspacing=\"0\">\n<tbody>\n<tr>\n<td valign=\"center\" width=\"112\">Marca<\/td>\n<td valign=\"center\" width=\"770\">Zeco<\/td>\n<\/tr>\n<tr>\n<td valign=\"center\" width=\"112\">Tipo de v\u00e1lvula<\/td>\n<td valign=\"center\" width=\"770\">V\u00e1lvula de esfera flutuante em a\u00e7o fundido<\/td>\n<\/tr>\n<tr>\n<td valign=\"center\" width=\"112\">Material da v\u00e1lvula<\/td>\n<td valign=\"center\" width=\"770\">A\u00e7o fundido, a\u00e7o inoxid\u00e1vel, liga especial, etc.<\/td>\n<\/tr>\n<tr>\n<td valign=\"center\" width=\"112\">Teste de v\u00e1lvulas<\/td>\n<td valign=\"center\" width=\"770\">100% quantidade testada antes da entrega<\/td>\n<\/tr>\n<tr>\n<td valign=\"center\" width=\"112\">Garantia da v\u00e1lvula<\/td>\n<td valign=\"center\" width=\"770\">18 meses a contar da data de expedi\u00e7\u00e3o \u00e0 sa\u00edda da f\u00e1brica ou 12 meses a contar da data de instala\u00e7\u00e3o da mercadoria.<\/td>\n<\/tr>\n<tr>\n<td valign=\"center\" width=\"112\">Pintura de v\u00e1lvulas<\/td>\n<td valign=\"center\" width=\"770\">Pedido do cliente<\/td>\n<\/tr>\n<tr>\n<td valign=\"center\" width=\"112\">Pacote de v\u00e1lvulas<\/td>\n<td valign=\"center\" width=\"770\">Caixa de madeira<\/td>\n<\/tr>\n<tr>\n<td valign=\"center\" width=\"112\">MOQ<\/td>\n<td valign=\"center\" width=\"770\">Nenhum requisito<\/td>\n<\/tr>\n<tr>\n<td valign=\"center\" width=\"112\">Certificado da v\u00e1lvula<\/td>\n<td valign=\"center\" width=\"770\">API6D\/CE\/ISO9001\/ISO14001<\/td>\n<\/tr>\n<tr>\n<td valign=\"center\" width=\"112\">Detalhe da entrega<\/td>\n<td valign=\"center\" width=\"770\">Enviado em 4 ou 6 semanas ap\u00f3s o pagamento<\/td>\n<\/tr>\n<tr>\n<td valign=\"center\" width=\"112\">Porto<\/td>\n<td valign=\"center\" width=\"770\">XANGAI<\/td>\n<\/tr>\n<tr>\n<td valign=\"center\" width=\"112\">Condi\u00e7\u00f5es de pagamento<\/td>\n<td valign=\"center\" width=\"770\">L\/C, D\/A, D\/P, T\/T<\/td>\n<\/tr>\n<tr>\n<td valign=\"center\" width=\"112\">Certificado oferecido<\/td>\n<td valign=\"center\" width=\"770\">Lista de embalagem, fatura comercial, relat\u00f3rios de teste e certificados de materiais, certificado de qualidade e quantidade, certificado de garantia do vendedor<\/td>\n<\/tr>\n<\/tbody>\n<\/table>\n<p align=\"justify\"><img loading=\"lazy\" decoding=\"async\" class=\"alignnone size-medium wp-image-17531\" src=\"https:\/\/zecovalve.com\/wp-content\/uploads\/2022\/06\/20190207042048_2320-1-300x182.jpg\" alt=\"\" width=\"300\" height=\"182\" srcset=\"https:\/\/zecovalve.com\/wp-content\/uploads\/2022\/06\/20190207042048_2320-1-300x182.jpg 300w, https:\/\/zecovalve.com\/wp-content\/uploads\/2022\/06\/20190207042048_2320-1-600x365.jpg 600w, https:\/\/zecovalve.com\/wp-content\/uploads\/2022\/06\/20190207042048_2320-1.jpg 750w\" sizes=\"auto, (max-width: 300px) 100vw, 300px\" \/><\/p>\n<\/div>\n<\/div>\n<\/div>\n<\/div>\n<\/div>","protected":false},"excerpt":{"rendered":"<p>V\u00e1lvula de esfera flutuante de a\u00e7o fundido V\u00e1lvula de esfera flutuante de a\u00e7o fundidoAs v\u00e1lvulas de esfera flutuante de a\u00e7o fundido da Zeco s\u00e3o projetadas com dois assentos, um localizado\u2026 <a title=\"V\u00e1lvula de esfera flutuante em a\u00e7o fundido\" class=\"read-more\" href=\"https:\/\/zecovalve.com\/pt\/produto\/cast-steel-floating-ball-valve\" aria-label=\"Mais em V\u00e1lvula Esfera Flutuante em A\u00e7o Fundido\">Ler mais<\/a><\/p>","protected":false},"featured_media":17530,"comment_status":"closed","ping_status":"closed","template":"","meta":{"_generate-full-width-content":"","kt_blocks_editor_width":""},"product_cat":[2047,2459],"product_tag":[2655,2804,2656,2658,3922,3921,3914,2723],"class_list":["post-17529","product","type-product","status-publish","has-post-thumbnail","hentry","product_cat-ball-valve","product_cat-ball-valve-by-form","product_tag-1-2-ball-valve","product_tag-2-inch-ball-valve","product_tag-3-4-ball-valve","product_tag-isolation-valve","product_tag-metal-seat-ball-valve","product_tag-metal-seated-ball-valve","product_tag-reduced-bore-ball-valve","product_tag-what-is-a-valve","sales-flash-overlay","woocommerce-text-align-center","woocommerce-image-align-center","do-quantity-buttons"],"featured_image_src_large":["https:\/\/zecovalve.com\/wp-content\/uploads\/2022\/06\/FL-1-104452.jpg",800,600,false],"author_info":[],"comment_info":0,"taxonomy_info":{"product_cat":[{"value":2047,"label":"Ball Valve"},{"value":2459,"label":"Ball Valve By Form"}],"product_tag":[{"value":2655,"label":"1 2 ball valve"},{"value":2804,"label":"2 inch Ball Valve"},{"value":2656,"label":"3 4 ball valve"},{"value":2658,"label":"Isolation Valve"},{"value":3922,"label":"Metal Seat Ball Valve"},{"value":3921,"label":"Metal Seated Ball Valve"},{"value":3914,"label":"Reduced Bore Ball Valve"},{"value":2723,"label":"What is a Valve"}]},"yoast_head":"<!-- This site is optimized with the Yoast SEO Premium plugin v15.4 - https:\/\/yoast.com\/wordpress\/plugins\/seo\/ -->\n<title>Cast Steel Floating Ball Valve - ZECO Valve<\/title>\n<meta name=\"robots\" content=\"index, follow, max-snippet:-1, max-image-preview:large, max-video-preview:-1\" \/>\n<link rel=\"canonical\" href=\"https:\/\/zecovalve.com\/pt\/produto\/cast-steel-floating-ball-valve\" \/>\n<meta property=\"og:locale\" content=\"pt_PT\" \/>\n<meta property=\"og:type\" content=\"article\" \/>\n<meta property=\"og:title\" content=\"Cast Steel Floating Ball Valve - ZECO Valve\" \/>\n<meta property=\"og:description\" content=\"Cast Steel Floating Ball Valve Cast Steel Floating Ball ValveZeco&#8217;s cast steel floating ball valves are designed with two seats, one located ... Ler mais\" \/>\n<meta property=\"og:url\" content=\"https:\/\/zecovalve.com\/pt\/produto\/cast-steel-floating-ball-valve\" \/>\n<meta property=\"og:site_name\" content=\"ZECO Valve\" \/>\n<meta property=\"article:modified_time\" content=\"2022-09-22T06:29:33+00:00\" \/>\n<meta property=\"og:image\" content=\"https:\/\/zecovalve.com\/wp-content\/uploads\/2022\/06\/FL-1-104452.jpg\" \/>\n\t<meta property=\"og:image:width\" content=\"800\" \/>\n\t<meta property=\"og:image:height\" content=\"600\" \/>\n<meta name=\"twitter:card\" content=\"summary_large_image\" \/>\n<meta name=\"twitter:label1\" content=\"Escrito por\">\n\t<meta name=\"twitter:data1\" content=\"Jerry\">\n\t<meta name=\"twitter:label2\" content=\"Tempo estimado de leitura\">\n\t<meta name=\"twitter:data2\" content=\"1 minuto\">\n<script type=\"application\/ld+json\" class=\"yoast-schema-graph\">{\"@context\":\"https:\/\/schema.org\",\"@graph\":[{\"@type\":\"WebSite\",\"@id\":\"https:\/\/zecovalve.com\/#website\",\"url\":\"https:\/\/zecovalve.com\/\",\"name\":\"ZECO Valve\",\"description\":\"Industrial Ball Valve, Gate Valve and Globe Valve Manufacturer\",\"potentialAction\":[{\"@type\":\"SearchAction\",\"target\":\"https:\/\/zecovalve.com\/?s={search_term_string}\",\"query-input\":\"required name=search_term_string\"}],\"inLanguage\":\"pt-PT\"},{\"@type\":\"ImageObject\",\"@id\":\"https:\/\/zecovalve.com\/product\/cast-steel-floating-ball-valve#primaryimage\",\"inLanguage\":\"pt-PT\",\"url\":\"https:\/\/zecovalve.com\/wp-content\/uploads\/2022\/06\/FL-1-104452.jpg\",\"width\":800,\"height\":600,\"caption\":\"Cast Steel Floating Ball Valve\"},{\"@type\":\"WebPage\",\"@id\":\"https:\/\/zecovalve.com\/product\/cast-steel-floating-ball-valve#webpage\",\"url\":\"https:\/\/zecovalve.com\/product\/cast-steel-floating-ball-valve\",\"name\":\"Cast Steel Floating Ball Valve - ZECO Valve\",\"isPartOf\":{\"@id\":\"https:\/\/zecovalve.com\/#website\"},\"primaryImageOfPage\":{\"@id\":\"https:\/\/zecovalve.com\/product\/cast-steel-floating-ball-valve#primaryimage\"},\"datePublished\":\"2022-06-28T03:02:08+00:00\",\"dateModified\":\"2022-09-22T06:29:33+00:00\",\"breadcrumb\":{\"@id\":\"https:\/\/zecovalve.com\/product\/cast-steel-floating-ball-valve#breadcrumb\"},\"inLanguage\":\"pt-PT\",\"potentialAction\":[{\"@type\":\"ReadAction\",\"target\":[\"https:\/\/zecovalve.com\/product\/cast-steel-floating-ball-valve\"]}]},{\"@type\":\"BreadcrumbList\",\"@id\":\"https:\/\/zecovalve.com\/product\/cast-steel-floating-ball-valve#breadcrumb\",\"itemListElement\":[{\"@type\":\"ListItem\",\"position\":1,\"item\":{\"@type\":\"WebPage\",\"@id\":\"https:\/\/zecovalve.com\/\",\"url\":\"https:\/\/zecovalve.com\/\",\"name\":\"Home\"}},{\"@type\":\"ListItem\",\"position\":2,\"item\":{\"@type\":\"WebPage\",\"@id\":\"https:\/\/zecovalve.com\/product-category\",\"url\":\"https:\/\/zecovalve.com\/product-category\",\"name\":\"Industrial Valve Manufacturer | Water Valve Manufacturer\"}},{\"@type\":\"ListItem\",\"position\":3,\"item\":{\"@type\":\"WebPage\",\"@id\":\"https:\/\/zecovalve.com\/product\/cast-steel-floating-ball-valve\",\"url\":\"https:\/\/zecovalve.com\/product\/cast-steel-floating-ball-valve\",\"name\":\"Cast Steel Floating Ball Valve\"}}]}]}<\/script>\n<!-- \/ Yoast SEO Premium plugin. -->","_links":{"self":[{"href":"https:\/\/zecovalve.com\/pt\/wp-json\/wp\/v2\/product\/17529","targetHints":{"allow":["GET"]}}],"collection":[{"href":"https:\/\/zecovalve.com\/pt\/wp-json\/wp\/v2\/product"}],"about":[{"href":"https:\/\/zecovalve.com\/pt\/wp-json\/wp\/v2\/types\/product"}],"replies":[{"embeddable":true,"href":"https:\/\/zecovalve.com\/pt\/wp-json\/wp\/v2\/comments?post=17529"}],"wp:featuredmedia":[{"embeddable":true,"href":"https:\/\/zecovalve.com\/pt\/wp-json\/wp\/v2\/media\/17530"}],"wp:attachment":[{"href":"https:\/\/zecovalve.com\/pt\/wp-json\/wp\/v2\/media?parent=17529"}],"wp:term":[{"taxonomy":"product_cat","embeddable":true,"href":"https:\/\/zecovalve.com\/pt\/wp-json\/wp\/v2\/product_cat?post=17529"},{"taxonomy":"product_tag","embeddable":true,"href":"https:\/\/zecovalve.com\/pt\/wp-json\/wp\/v2\/product_tag?post=17529"}],"curies":[{"name":"wp","href":"https:\/\/api.w.org\/{rel}","templated":true}]}}