{"id":17536,"date":"2022-06-28T03:09:43","date_gmt":"2022-06-28T03:09:43","guid":{"rendered":"https:\/\/zecovalve.com\/?post_type=product&#038;p=17536"},"modified":"2023-06-26T06:07:21","modified_gmt":"2023-06-26T06:07:21","slug":"motorized-control-valve","status":"publish","type":"product","link":"https:\/\/zecovalve.com\/pt\/produto\/motorized-control-valve","title":{"rendered":"V\u00e1lvula de controle motorizada"},"content":{"rendered":"<div class=\"col-xs-12\">\n<div class=\"rbt\">\n<h1>V\u00e1lvula de controle motorizada<\/h1>\n<\/div>\n<\/div>\n<div class=\"text\">\n<div id=\"productdetail\">\n<div class=\"col-xs-12\">\n<div class=\"underline-solid\">\n<p><img loading=\"lazy\" decoding=\"async\" class=\"size-medium wp-image-17036\" src=\"https:\/\/zecovalve.com\/wp-content\/uploads\/2022\/06\/two-way-globe-valve-300x273.jpg\" alt=\"V\u00e1lvula de globo de duas vias\" width=\"300\" height=\"273\" srcset=\"https:\/\/zecovalve.com\/wp-content\/uploads\/2022\/06\/two-way-globe-valve-300x273.jpg 300w, https:\/\/zecovalve.com\/wp-content\/uploads\/2022\/06\/two-way-globe-valve.jpg 330w\" sizes=\"auto, (max-width: 300px) 100vw, 300px\" \/><\/p>\n<\/div>\n<\/div>\n<div id=\"productdetail_img\" class=\"col-md-5 col-sm-6 col-xs-12\">\n<div class=\"product\"><\/div>\n<\/div>\n<div id=\"productdetail_txt\" class=\"col-md-7 col-sm-6 col-xs-12\">\n<p><strong>V\u00e1lvula de controle motorizada<\/strong>A v\u00e1lvula de controle motorizada Zeco \u00e9 usada para ar condicionado central, aquecimento, tratamento de \u00e1gua e controle de fluidos industriais.<\/p>\n<\/div>\n<\/div>\n<div id=\"myTabContent\" class=\"tab-content\">\n<div id=\"page1\" class=\"tab-pane fade in active\">\n<div class=\"col-xs-12\">\n<div class=\"\">\n<p><strong>A<\/strong><strong>aplica\u00e7\u00e3o<\/strong><\/p>\n<p>Escopo do produto: NPS 2 1\/2\u201d ~ NPS8\u201d, 10bar ~ 25bar<\/p>\n<p><strong>Caracter\u00edsticas:<\/strong><\/p>\n<p>Controle de fluxo preciso<\/p>\n<p>Dois interruptores assistentes e haste de controle manual podem ser conectados<\/p>\n<p>Acionamento de motor s\u00edncrono revers\u00edvel de baixa tens\u00e3o CA<\/p>\n<p>Opera\u00e7\u00e3o Totalmente Autom\u00e1tica ou Opera\u00e7\u00e3o de Longa Dist\u00e2ncia<\/p>\n<p>Dimens\u00f5es face a face:AMSE B16.10<\/p>\n<p>Dimens\u00e3o final do flange: AMSE B16.10<\/p>\n<p>Revestimento: Revestimento ep\u00f3xi ligado por fus\u00e3o<\/p>\n<p>Inspe\u00e7\u00e3o e Teste: API 598 \/ ISO 5208 \/ EN 12226-2<\/p>\n<p><img loading=\"lazy\" decoding=\"async\" class=\"alignnone size-medium wp-image-17295\" src=\"https:\/\/zecovalve.com\/wp-content\/uploads\/2022\/06\/two-way-globe-valve-for-hvac-principle-300x250.jpg\" alt=\"\" width=\"300\" height=\"250\" srcset=\"https:\/\/zecovalve.com\/wp-content\/uploads\/2022\/06\/two-way-globe-valve-for-hvac-principle-300x250.jpg 300w, https:\/\/zecovalve.com\/wp-content\/uploads\/2022\/06\/two-way-globe-valve-for-hvac-principle.jpg 600w\" sizes=\"auto, (max-width: 300px) 100vw, 300px\" \/><\/p>\n<table border=\"1\">\n<tbody>\n<tr>\n<td>Parte<\/td>\n<td>Material<\/td>\n<td>PT Especifica\u00e7\u00f5es.<\/td>\n<\/tr>\n<tr>\n<td>Corpo<\/td>\n<td>Ferro fundido d\u00factil<\/td>\n<td>EN-JS1050<\/td>\n<\/tr>\n<tr>\n<td>Bon\u00e9<\/td>\n<td>Ferro fundido d\u00factil<\/td>\n<td>EN-JS1050<\/td>\n<\/tr>\n<tr>\n<td>Aparar<\/td>\n<td>A\u00e7o inoxid\u00e1vel 431<\/td>\n<td>BS970 431S29<\/td>\n<\/tr>\n<tr>\n<td>Assento<\/td>\n<td>A\u00e7o inoxid\u00e1vel 431<\/td>\n<td>BS970 431S29<\/td>\n<\/tr>\n<tr>\n<td>Diafragma<\/td>\n<td>EPDM<\/td>\n<td>Comercial<\/td>\n<\/tr>\n<tr>\n<td colspan=\"3\">Para op\u00e7\u00f5es de materiais n\u00e3o listadas, consulte a f\u00e1brica.<\/p>\n<p>A Zeco fabrica v\u00e1lvulas em mais de 50 ligas diferentes.<\/td>\n<\/tr>\n<\/tbody>\n<\/table>\n<p><img loading=\"lazy\" decoding=\"async\" class=\"alignnone size-medium wp-image-17537\" src=\"https:\/\/zecovalve.com\/wp-content\/uploads\/2022\/06\/20180515171011_9558-300x268.jpg\" alt=\"\" width=\"300\" height=\"268\" srcset=\"https:\/\/zecovalve.com\/wp-content\/uploads\/2022\/06\/20180515171011_9558-300x268.jpg 300w, https:\/\/zecovalve.com\/wp-content\/uploads\/2022\/06\/20180515171011_9558-1024x916.jpg 1024w, https:\/\/zecovalve.com\/wp-content\/uploads\/2022\/06\/20180515171011_9558-768x687.jpg 768w, https:\/\/zecovalve.com\/wp-content\/uploads\/2022\/06\/20180515171011_9558-600x537.jpg 600w, https:\/\/zecovalve.com\/wp-content\/uploads\/2022\/06\/20180515171011_9558.jpg 1526w\" sizes=\"auto, (max-width: 300px) 100vw, 300px\" \/><\/p>\n<table border=\"1\">\n<tbody>\n<tr>\n<td>NPS<\/td>\n<td>Em<\/td>\n<td>2 1\/2<\/td>\n<td>3<\/td>\n<td>4<\/td>\n<td>5<\/td>\n<td>6<\/td>\n<td>8<\/td>\n<\/tr>\n<tr>\n<td>eu<\/td>\n<td>mil\u00edmetros<\/td>\n<td>250<\/td>\n<td>300<\/td>\n<td>350<\/td>\n<td>365<\/td>\n<td>415<\/td>\n<td>510<\/td>\n<\/tr>\n<tr>\n<td>H<\/td>\n<td>mil\u00edmetros<\/td>\n<td>148<\/td>\n<td>185<\/td>\n<td>206<\/td>\n<td>227<\/td>\n<td>272<\/td>\n<td>279<\/td>\n<\/tr>\n<tr>\n<td>D<\/td>\n<td>mil\u00edmetros<\/td>\n<td>185<\/td>\n<td>200<\/td>\n<td>220<\/td>\n<td>250<\/td>\n<td>285<\/td>\n<td>340<\/td>\n<\/tr>\n<tr>\n<td>K<\/td>\n<td>mil\u00edmetros<\/td>\n<td>145<\/td>\n<td>160<\/td>\n<td>180<\/td>\n<td>210<\/td>\n<td>240<\/td>\n<td>295<\/td>\n<\/tr>\n<tr>\n<td>b<\/td>\n<td>mil\u00edmetros<\/td>\n<td>20<\/td>\n<td>20<\/td>\n<td>20<\/td>\n<td>22<\/td>\n<td>22<\/td>\n<td>30<\/td>\n<\/tr>\n<tr>\n<td>Nd<\/td>\n<td>mil\u00edmetros<\/td>\n<td>4-18<\/td>\n<td>8-18<\/td>\n<td>8-18<\/td>\n<td>8-18<\/td>\n<td>8-18<\/td>\n<td>8-22<\/td>\n<\/tr>\n<tr>\n<td>Viagem<\/td>\n<td>mil\u00edmetros<\/td>\n<td>42<\/td>\n<td>42<\/td>\n<td>42<\/td>\n<td>42<\/td>\n<td>42<\/td>\n<td>42<\/td>\n<\/tr>\n<tr>\n<td>Kvs<\/td>\n<td>m3\/h<\/td>\n<td>64<\/td>\n<td>101.5<\/td>\n<td>163<\/td>\n<td>252<\/td>\n<td>410<\/td>\n<td>602<\/td>\n<\/tr>\n<tr>\n<td>Diferen\u00e7a de press\u00e3o m\u00e1xima<\/td>\n<td>mpa<\/td>\n<td>0.8<\/td>\n<td>0.6<\/td>\n<td>0.4<\/td>\n<td>0.3<\/td>\n<td>0.2<\/td>\n<td>0.1<\/td>\n<\/tr>\n<\/tbody>\n<\/table>\n<\/div>\n<\/div>\n<\/div>\n<\/div>\n<\/div>","protected":false},"excerpt":{"rendered":"<p>V\u00e1lvula de controle motorizada V\u00e1lvula de controle motorizadaA v\u00e1lvula de controle motorizada Zeco \u00e9 usada para ar condicionado central, aquecimento, tratamento de \u00e1gua e controle de fluidos industriais. Aplicativo \u2026 <a title=\"V\u00e1lvula de controle motorizada\" class=\"read-more\" href=\"https:\/\/zecovalve.com\/pt\/produto\/motorized-control-valve\" aria-label=\"Mais em V\u00e1lvula de Controle Motorizada\">Ler mais<\/a><\/p>","protected":false},"featured_media":27963,"comment_status":"closed","ping_status":"closed","template":"","meta":{"_generate-full-width-content":"","kt_blocks_editor_width":""},"product_cat":[2512],"product_tag":[2724,2654,2766,2727],"class_list":["post-17536","product","type-product","status-publish","has-post-thumbnail","hentry","product_cat-balancing-valve","product_tag-balancing-valve","product_tag-hvac-valve","product_tag-motorised-valve","product_tag-motorized-valve","sales-flash-overlay","woocommerce-text-align-center","woocommerce-image-align-center","do-quantity-buttons"],"featured_image_src_large":["https:\/\/zecovalve.com\/wp-content\/uploads\/2022\/06\/Motorized-Control-Valve.jpg",800,600,false],"author_info":[],"comment_info":0,"taxonomy_info":{"product_cat":[{"value":2512,"label":"Balancing Valve"}],"product_tag":[{"value":2724,"label":"Balancing Valve"},{"value":2654,"label":"HVAC Valve"},{"value":2766,"label":"Motorised Valve"},{"value":2727,"label":"Motorized Valve"}]},"yoast_head":"<!-- This site is optimized with the Yoast SEO Premium plugin v15.4 - https:\/\/yoast.com\/wordpress\/plugins\/seo\/ -->\n<title>Motorized Control Valve - ZECO Valve<\/title>\n<meta name=\"robots\" content=\"index, follow, max-snippet:-1, max-image-preview:large, max-video-preview:-1\" \/>\n<link rel=\"canonical\" href=\"https:\/\/zecovalve.com\/pt\/produto\/motorized-control-valve\" \/>\n<meta property=\"og:locale\" content=\"pt_PT\" \/>\n<meta property=\"og:type\" content=\"article\" \/>\n<meta property=\"og:title\" content=\"Motorized Control Valve - ZECO Valve\" \/>\n<meta property=\"og:description\" content=\"Motorized Control Valve Motorized Control ValveZeco Motorized Control Valve is used for central air conditioning, heating, water treatment, industrial fluid control. Application ... Ler mais\" \/>\n<meta property=\"og:url\" content=\"https:\/\/zecovalve.com\/pt\/produto\/motorized-control-valve\" \/>\n<meta property=\"og:site_name\" content=\"ZECO Valve\" \/>\n<meta property=\"article:modified_time\" content=\"2023-06-26T06:07:21+00:00\" \/>\n<meta property=\"og:image\" content=\"https:\/\/zecovalve.com\/wp-content\/uploads\/2022\/06\/Motorized-Control-Valve.jpg\" \/>\n\t<meta property=\"og:image:width\" content=\"800\" \/>\n\t<meta property=\"og:image:height\" content=\"600\" \/>\n<meta name=\"twitter:card\" content=\"summary_large_image\" \/>\n<meta name=\"twitter:label1\" content=\"Escrito por\">\n\t<meta name=\"twitter:data1\" content=\"Jerry\">\n\t<meta name=\"twitter:label2\" content=\"Tempo estimado de leitura\">\n\t<meta name=\"twitter:data2\" content=\"1 minuto\">\n<script type=\"application\/ld+json\" class=\"yoast-schema-graph\">{\"@context\":\"https:\/\/schema.org\",\"@graph\":[{\"@type\":\"WebSite\",\"@id\":\"https:\/\/zecovalve.com\/#website\",\"url\":\"https:\/\/zecovalve.com\/\",\"name\":\"ZECO Valve\",\"description\":\"Industrial Ball Valve, Gate Valve and Globe Valve Manufacturer\",\"potentialAction\":[{\"@type\":\"SearchAction\",\"target\":\"https:\/\/zecovalve.com\/?s={search_term_string}\",\"query-input\":\"required name=search_term_string\"}],\"inLanguage\":\"pt-PT\"},{\"@type\":\"ImageObject\",\"@id\":\"https:\/\/zecovalve.com\/product\/motorized-control-valve#primaryimage\",\"inLanguage\":\"pt-PT\",\"url\":\"https:\/\/zecovalve.com\/wp-content\/uploads\/2022\/06\/Motorized-Control-Valve.jpg\",\"width\":800,\"height\":600,\"caption\":\"Motorized Control Valve\"},{\"@type\":\"WebPage\",\"@id\":\"https:\/\/zecovalve.com\/product\/motorized-control-valve#webpage\",\"url\":\"https:\/\/zecovalve.com\/product\/motorized-control-valve\",\"name\":\"Motorized Control Valve - ZECO Valve\",\"isPartOf\":{\"@id\":\"https:\/\/zecovalve.com\/#website\"},\"primaryImageOfPage\":{\"@id\":\"https:\/\/zecovalve.com\/product\/motorized-control-valve#primaryimage\"},\"datePublished\":\"2022-06-28T03:09:43+00:00\",\"dateModified\":\"2023-06-26T06:07:21+00:00\",\"breadcrumb\":{\"@id\":\"https:\/\/zecovalve.com\/product\/motorized-control-valve#breadcrumb\"},\"inLanguage\":\"pt-PT\",\"potentialAction\":[{\"@type\":\"ReadAction\",\"target\":[\"https:\/\/zecovalve.com\/product\/motorized-control-valve\"]}]},{\"@type\":\"BreadcrumbList\",\"@id\":\"https:\/\/zecovalve.com\/product\/motorized-control-valve#breadcrumb\",\"itemListElement\":[{\"@type\":\"ListItem\",\"position\":1,\"item\":{\"@type\":\"WebPage\",\"@id\":\"https:\/\/zecovalve.com\/\",\"url\":\"https:\/\/zecovalve.com\/\",\"name\":\"Home\"}},{\"@type\":\"ListItem\",\"position\":2,\"item\":{\"@type\":\"WebPage\",\"@id\":\"https:\/\/zecovalve.com\/product-category\",\"url\":\"https:\/\/zecovalve.com\/product-category\",\"name\":\"Industrial Valve Manufacturer | Water Valve Manufacturer\"}},{\"@type\":\"ListItem\",\"position\":3,\"item\":{\"@type\":\"WebPage\",\"@id\":\"https:\/\/zecovalve.com\/product\/motorized-control-valve\",\"url\":\"https:\/\/zecovalve.com\/product\/motorized-control-valve\",\"name\":\"Motorized Control Valve\"}}]}]}<\/script>\n<!-- \/ Yoast SEO Premium plugin. -->","_links":{"self":[{"href":"https:\/\/zecovalve.com\/pt\/wp-json\/wp\/v2\/product\/17536","targetHints":{"allow":["GET"]}}],"collection":[{"href":"https:\/\/zecovalve.com\/pt\/wp-json\/wp\/v2\/product"}],"about":[{"href":"https:\/\/zecovalve.com\/pt\/wp-json\/wp\/v2\/types\/product"}],"replies":[{"embeddable":true,"href":"https:\/\/zecovalve.com\/pt\/wp-json\/wp\/v2\/comments?post=17536"}],"wp:featuredmedia":[{"embeddable":true,"href":"https:\/\/zecovalve.com\/pt\/wp-json\/wp\/v2\/media\/27963"}],"wp:attachment":[{"href":"https:\/\/zecovalve.com\/pt\/wp-json\/wp\/v2\/media?parent=17536"}],"wp:term":[{"taxonomy":"product_cat","embeddable":true,"href":"https:\/\/zecovalve.com\/pt\/wp-json\/wp\/v2\/product_cat?post=17536"},{"taxonomy":"product_tag","embeddable":true,"href":"https:\/\/zecovalve.com\/pt\/wp-json\/wp\/v2\/product_tag?post=17536"}],"curies":[{"name":"wp","href":"https:\/\/api.w.org\/{rel}","templated":true}]}}