{"id":17549,"date":"2022-06-28T03:30:30","date_gmt":"2022-06-28T03:30:30","guid":{"rendered":"https:\/\/zecovalve.com\/?post_type=product&#038;p=17549"},"modified":"2022-09-22T06:29:24","modified_gmt":"2022-09-22T06:29:24","slug":"forged-steel-floating-ball-valve","status":"publish","type":"product","link":"https:\/\/zecovalve.com\/pt\/produto\/forged-steel-floating-ball-valve","title":{"rendered":"V\u00e1lvula de esfera flutuante em a\u00e7o forjado"},"content":{"rendered":"<div class=\"col-xs-12\">\n<div class=\"rbt\">\n<h1>V\u00e1lvula de esfera flutuante em a\u00e7o forjado<\/h1>\n<\/div>\n<\/div>\n<div class=\"text\">\n<div id=\"productdetail\">\n<div id=\"productdetail_img\" class=\"col-md-5 col-sm-6 col-xs-12\">\n<div class=\"product\">\n<figure id=\"attachment_17551\" aria-describedby=\"caption-attachment-17551\" style=\"width: 290px\" class=\"wp-caption alignnone\"><img loading=\"lazy\" decoding=\"async\" class=\"size-medium wp-image-17551\" src=\"https:\/\/zecovalve.com\/wp-content\/uploads\/2022\/06\/\u672a\u6807\u9898-2-110908-300x225.jpg\" alt=\"V\u00e1lvula de esfera flutuante em a\u00e7o forjado\" width=\"300\" height=\"225\" srcset=\"https:\/\/zecovalve.com\/wp-content\/uploads\/2022\/06\/\u672a\u6807\u9898-2-110908-300x225.jpg 300w, https:\/\/zecovalve.com\/wp-content\/uploads\/2022\/06\/\u672a\u6807\u9898-2-110908-768x576.jpg 768w, https:\/\/zecovalve.com\/wp-content\/uploads\/2022\/06\/\u672a\u6807\u9898-2-110908-600x450.jpg 600w, https:\/\/zecovalve.com\/wp-content\/uploads\/2022\/06\/\u672a\u6807\u9898-2-110908.jpg 800w\" sizes=\"auto, (max-width: 300px) 100vw, 300px\" \/><figcaption id=\"caption-attachment-17551\" class=\"wp-caption-text\">V\u00e1lvula de esfera flutuante em a\u00e7o forjado<\/figcaption><\/figure>\n<\/div>\n<\/div>\n<div id=\"productdetail_txt\" class=\"col-md-7 col-sm-6 col-xs-12\">\n<p><strong>V\u00e1lvula de esfera flutuante em a\u00e7o forjado<\/strong>A v\u00e1lvula esfera forjada da Zeco possui uma esfera flutuante sustentada por duas sedes de v\u00e1lvula.<\/p>\n<\/div>\n<\/div>\n<div id=\"myTabContent\" class=\"tab-content\">\n<div id=\"page1\" class=\"tab-pane fade in active\">\n<div class=\"col-xs-12\">\n<div class=\"\">\n<h2 align=\"justify\"><strong>Princ\u00edpio<\/strong><strong>:<\/strong><strong>\u00a0<\/strong><\/h2>\n<p align=\"justify\">Este tipo de v\u00e1lvula de esfera forjada possui uma esfera flutuante suportada por duas sedes de v\u00e1lvula. Sob o efeito de m\u00e9dia press\u00e3o, um certo deslocamento pode ser gerado pela pr\u00f3pria esfera para ser pressionada sobre o anel de veda\u00e7\u00e3o da sede na sa\u00edda, garantindo a estanqueidade na sa\u00edda.<\/p>\n<h2 align=\"justify\"><strong>Caracter\u00edsticas<\/strong><strong>\uff1a<\/strong><\/h2>\n<p align=\"justify\">1. Estrutura simples com boa estanqueidade e pequeno torque;<\/p>\n<p align=\"justify\">2. Ter tipo de furo reduzido e tipo completo com resist\u00eancia m\u00ednima ao fluxo (zero na verdade);<\/p>\n<p align=\"justify\">3. Embalagem de baixa emiss\u00e3o;<\/p>\n<p align=\"justify\">4. Design de haste \u00e0 prova de fogo, antiest\u00e1tico e anti-explos\u00e3o;<\/p>\n<p align=\"justify\">5. Dispositivo de travamento opcional.<\/p>\n<h2 align=\"justify\"><strong>Gama de Produtos:<\/strong><\/h2>\n<p>Material do corpo: a\u00e7o carbono, a\u00e7o inoxid\u00e1vel, liga de a\u00e7o<\/p>\n<p>Di\u00e2metro nominal:1\/2\u2033~6\u2033(DN15~DN150\uff09<\/p>\n<p>Conex\u00e3o final: RF, RTJ, BW, THR, SW<\/p>\n<p>Faixa de press\u00e3o: Classe150 \u2013 2500\uff08PN16~PN420\uff09<\/p>\n<p>Opera\u00e7\u00e3o: chave inglesa, engrenagem helicoidal, el\u00e9trica, etc.<\/p>\n<table class=\"ke-zeroborder\" border=\"0\" cellspacing=\"0\">\n<tbody>\n<tr>\n<td valign=\"center\" width=\"112\">Marca<\/td>\n<td valign=\"center\" width=\"770\">Zeco<\/td>\n<\/tr>\n<tr>\n<td valign=\"center\" width=\"112\">Tipo de v\u00e1lvula<\/td>\n<td valign=\"center\" width=\"770\">V\u00e1lvula de esfera flutuante de a\u00e7o forjado<\/td>\n<\/tr>\n<tr>\n<td valign=\"center\" width=\"112\">Material da v\u00e1lvula<\/td>\n<td valign=\"center\" width=\"770\">A\u00e7o fundido, a\u00e7o inoxid\u00e1vel, liga especial, etc.<\/td>\n<\/tr>\n<tr>\n<td valign=\"center\" width=\"112\">Teste de v\u00e1lvulas<\/td>\n<td valign=\"center\" width=\"770\">100% quantidade testada antes da entrega<\/td>\n<\/tr>\n<tr>\n<td valign=\"center\" width=\"112\">Garantia da v\u00e1lvula<\/td>\n<td valign=\"center\" width=\"770\">18 meses a contar da data de expedi\u00e7\u00e3o \u00e0 sa\u00edda da f\u00e1brica ou 12 meses a contar da data de instala\u00e7\u00e3o da mercadoria.<\/td>\n<\/tr>\n<tr>\n<td valign=\"center\" width=\"112\">Pintura de v\u00e1lvulas<\/td>\n<td valign=\"center\" width=\"770\">Pedido do cliente<\/td>\n<\/tr>\n<tr>\n<td valign=\"center\" width=\"112\">Pacote de v\u00e1lvulas<\/td>\n<td valign=\"center\" width=\"770\">Caixa de madeira<\/td>\n<\/tr>\n<tr>\n<td valign=\"center\" width=\"112\">MOQ<\/td>\n<td valign=\"center\" width=\"770\">Nenhum requisito<\/td>\n<\/tr>\n<tr>\n<td valign=\"center\" width=\"112\">Certificado da v\u00e1lvula<\/td>\n<td valign=\"center\" width=\"770\">API6D\/CE\/ISO9001\/ISO14001<\/td>\n<\/tr>\n<tr>\n<td valign=\"center\" width=\"112\">Detalhe da entrega<\/td>\n<td valign=\"center\" width=\"770\">Enviado em 4 ou 6 semanas ap\u00f3s o pagamento<\/td>\n<\/tr>\n<tr>\n<td valign=\"center\" width=\"112\">Porto<\/td>\n<td valign=\"center\" width=\"770\">XANGAI<\/td>\n<\/tr>\n<tr>\n<td valign=\"center\" width=\"112\">Condi\u00e7\u00f5es de pagamento<\/td>\n<td valign=\"center\" width=\"770\">L\/C, D\/A, D\/P, T\/T<\/td>\n<\/tr>\n<tr>\n<td valign=\"center\" width=\"112\">Certificado oferecido<\/td>\n<td valign=\"center\" width=\"770\">Lista de embalagem, fatura comercial, relat\u00f3rios de ensaio e certificados de materiais, certificado de qualidade e quantidade, certificado de garantia do vendedor<\/td>\n<\/tr>\n<\/tbody>\n<\/table>\n<p align=\"justify\"><img loading=\"lazy\" decoding=\"async\" class=\"alignnone size-medium wp-image-17553\" src=\"https:\/\/zecovalve.com\/wp-content\/uploads\/2022\/06\/20190202141829_1415-300x182.jpg\" alt=\"\" width=\"300\" height=\"182\" srcset=\"https:\/\/zecovalve.com\/wp-content\/uploads\/2022\/06\/20190202141829_1415-300x182.jpg 300w, https:\/\/zecovalve.com\/wp-content\/uploads\/2022\/06\/20190202141829_1415-600x365.jpg 600w, https:\/\/zecovalve.com\/wp-content\/uploads\/2022\/06\/20190202141829_1415.jpg 750w\" sizes=\"auto, (max-width: 300px) 100vw, 300px\" \/><\/p>\n<\/div>\n<\/div>\n<\/div>\n<\/div>\n<\/div>","protected":false},"excerpt":{"rendered":"<p>V\u00e1lvula de esfera flutuante de a\u00e7o forjado V\u00e1lvula de esfera flutuante de a\u00e7o forjadoA v\u00e1lvula de esfera forjada da Zeco tem uma esfera flutuante suportada por duas sedes de v\u00e1lvula. \u2026 <a title=\"V\u00e1lvula de esfera flutuante em a\u00e7o forjado\" class=\"read-more\" href=\"https:\/\/zecovalve.com\/pt\/produto\/forged-steel-floating-ball-valve\" aria-label=\"Mais em V\u00e1lvula Esfera Flutuante em A\u00e7o Forjado\">Ler mais<\/a><\/p>","protected":false},"featured_media":17551,"comment_status":"closed","ping_status":"closed","template":"","meta":{"_generate-full-width-content":"","kt_blocks_editor_width":""},"product_cat":[2047,2465],"product_tag":[2804,3920,2658,3922,3921],"class_list":["post-17549","product","type-product","status-publish","has-post-thumbnail","hentry","product_cat-ball-valve","product_cat-forged-steel-ball-valve","product_tag-2-inch-ball-valve","product_tag-api-6d-ball-valve","product_tag-isolation-valve","product_tag-metal-seat-ball-valve","product_tag-metal-seated-ball-valve","sales-flash-overlay","woocommerce-text-align-center","woocommerce-image-align-center","do-quantity-buttons"],"featured_image_src_large":["https:\/\/zecovalve.com\/wp-content\/uploads\/2022\/06\/\u672a\u6807\u9898-2-110908.jpg",800,600,false],"author_info":[],"comment_info":0,"taxonomy_info":{"product_cat":[{"value":2047,"label":"Ball Valve"},{"value":2465,"label":"Forged Ball Valve"}],"product_tag":[{"value":2804,"label":"2 inch Ball Valve"},{"value":3920,"label":"API 6D Ball Valve"},{"value":2658,"label":"Isolation Valve"},{"value":3922,"label":"Metal Seat Ball Valve"},{"value":3921,"label":"Metal Seated Ball Valve"}]},"yoast_head":"<!-- This site is optimized with the Yoast SEO Premium plugin v15.4 - https:\/\/yoast.com\/wordpress\/plugins\/seo\/ -->\n<title>Forged Steel Floating Ball Valve - ZECO Valve<\/title>\n<meta name=\"robots\" content=\"index, follow, max-snippet:-1, max-image-preview:large, max-video-preview:-1\" \/>\n<link rel=\"canonical\" href=\"https:\/\/zecovalve.com\/pt\/produto\/forged-steel-floating-ball-valve\" \/>\n<meta property=\"og:locale\" content=\"pt_PT\" \/>\n<meta property=\"og:type\" content=\"article\" \/>\n<meta property=\"og:title\" content=\"Forged Steel Floating Ball Valve - ZECO Valve\" \/>\n<meta property=\"og:description\" content=\"Forged Steel Floating Ball Valve Forged Steel Floating Ball ValveZeco&#8217;s \u00a0forging ball valve has a floating ball supported by two valve seats. ... Ler mais\" \/>\n<meta property=\"og:url\" content=\"https:\/\/zecovalve.com\/pt\/produto\/forged-steel-floating-ball-valve\" \/>\n<meta property=\"og:site_name\" content=\"ZECO Valve\" \/>\n<meta property=\"article:modified_time\" content=\"2022-09-22T06:29:24+00:00\" \/>\n<meta property=\"og:image\" content=\"https:\/\/zecovalve.com\/wp-content\/uploads\/2022\/06\/\u672a\u6807\u9898-2-110908.jpg\" \/>\n\t<meta property=\"og:image:width\" content=\"800\" \/>\n\t<meta property=\"og:image:height\" content=\"600\" \/>\n<meta name=\"twitter:card\" content=\"summary_large_image\" \/>\n<meta name=\"twitter:label1\" content=\"Escrito por\">\n\t<meta name=\"twitter:data1\" content=\"Jerry\">\n\t<meta name=\"twitter:label2\" content=\"Tempo estimado de leitura\">\n\t<meta name=\"twitter:data2\" content=\"1 minuto\">\n<script type=\"application\/ld+json\" class=\"yoast-schema-graph\">{\"@context\":\"https:\/\/schema.org\",\"@graph\":[{\"@type\":\"WebSite\",\"@id\":\"https:\/\/zecovalve.com\/#website\",\"url\":\"https:\/\/zecovalve.com\/\",\"name\":\"ZECO Valve\",\"description\":\"Industrial Ball Valve, Gate Valve and Globe Valve Manufacturer\",\"potentialAction\":[{\"@type\":\"SearchAction\",\"target\":\"https:\/\/zecovalve.com\/?s={search_term_string}\",\"query-input\":\"required name=search_term_string\"}],\"inLanguage\":\"pt-PT\"},{\"@type\":\"ImageObject\",\"@id\":\"https:\/\/zecovalve.com\/product\/forged-steel-floating-ball-valve#primaryimage\",\"inLanguage\":\"pt-PT\",\"url\":\"https:\/\/zecovalve.com\/wp-content\/uploads\/2022\/06\/\\u672a\\u6807\\u9898-2-110908.jpg\",\"width\":800,\"height\":600,\"caption\":\"Forged Steel Floating Ball Valve\"},{\"@type\":\"WebPage\",\"@id\":\"https:\/\/zecovalve.com\/product\/forged-steel-floating-ball-valve#webpage\",\"url\":\"https:\/\/zecovalve.com\/product\/forged-steel-floating-ball-valve\",\"name\":\"Forged Steel Floating Ball Valve - ZECO Valve\",\"isPartOf\":{\"@id\":\"https:\/\/zecovalve.com\/#website\"},\"primaryImageOfPage\":{\"@id\":\"https:\/\/zecovalve.com\/product\/forged-steel-floating-ball-valve#primaryimage\"},\"datePublished\":\"2022-06-28T03:30:30+00:00\",\"dateModified\":\"2022-09-22T06:29:24+00:00\",\"breadcrumb\":{\"@id\":\"https:\/\/zecovalve.com\/product\/forged-steel-floating-ball-valve#breadcrumb\"},\"inLanguage\":\"pt-PT\",\"potentialAction\":[{\"@type\":\"ReadAction\",\"target\":[\"https:\/\/zecovalve.com\/product\/forged-steel-floating-ball-valve\"]}]},{\"@type\":\"BreadcrumbList\",\"@id\":\"https:\/\/zecovalve.com\/product\/forged-steel-floating-ball-valve#breadcrumb\",\"itemListElement\":[{\"@type\":\"ListItem\",\"position\":1,\"item\":{\"@type\":\"WebPage\",\"@id\":\"https:\/\/zecovalve.com\/\",\"url\":\"https:\/\/zecovalve.com\/\",\"name\":\"Home\"}},{\"@type\":\"ListItem\",\"position\":2,\"item\":{\"@type\":\"WebPage\",\"@id\":\"https:\/\/zecovalve.com\/product-category\",\"url\":\"https:\/\/zecovalve.com\/product-category\",\"name\":\"Industrial Valve Manufacturer | Water Valve Manufacturer\"}},{\"@type\":\"ListItem\",\"position\":3,\"item\":{\"@type\":\"WebPage\",\"@id\":\"https:\/\/zecovalve.com\/product\/forged-steel-floating-ball-valve\",\"url\":\"https:\/\/zecovalve.com\/product\/forged-steel-floating-ball-valve\",\"name\":\"Forged Steel Floating Ball Valve\"}}]}]}<\/script>\n<!-- \/ Yoast SEO Premium plugin. -->","_links":{"self":[{"href":"https:\/\/zecovalve.com\/pt\/wp-json\/wp\/v2\/product\/17549","targetHints":{"allow":["GET"]}}],"collection":[{"href":"https:\/\/zecovalve.com\/pt\/wp-json\/wp\/v2\/product"}],"about":[{"href":"https:\/\/zecovalve.com\/pt\/wp-json\/wp\/v2\/types\/product"}],"replies":[{"embeddable":true,"href":"https:\/\/zecovalve.com\/pt\/wp-json\/wp\/v2\/comments?post=17549"}],"wp:featuredmedia":[{"embeddable":true,"href":"https:\/\/zecovalve.com\/pt\/wp-json\/wp\/v2\/media\/17551"}],"wp:attachment":[{"href":"https:\/\/zecovalve.com\/pt\/wp-json\/wp\/v2\/media?parent=17549"}],"wp:term":[{"taxonomy":"product_cat","embeddable":true,"href":"https:\/\/zecovalve.com\/pt\/wp-json\/wp\/v2\/product_cat?post=17549"},{"taxonomy":"product_tag","embeddable":true,"href":"https:\/\/zecovalve.com\/pt\/wp-json\/wp\/v2\/product_tag?post=17549"}],"curies":[{"name":"wp","href":"https:\/\/api.w.org\/{rel}","templated":true}]}}