{"id":17573,"date":"2022-06-28T04:42:00","date_gmt":"2022-06-28T04:42:00","guid":{"rendered":"https:\/\/zecovalve.com\/?post_type=product&#038;p=17573"},"modified":"2023-06-16T13:51:21","modified_gmt":"2023-06-16T13:51:21","slug":"pressure-seal-check-valve","status":"publish","type":"product","link":"https:\/\/zecovalve.com\/pt\/produto\/pressure-seal-check-valve","title":{"rendered":"V\u00e1lvula de reten\u00e7\u00e3o com vedante de press\u00e3o"},"content":{"rendered":"<div class=\"col-xs-12\">\n<div class=\"rbt\">\n<p><img loading=\"lazy\" decoding=\"async\" class=\"size-medium wp-image-27919\" src=\"https:\/\/zecovalve.com\/wp-content\/uploads\/2022\/06\/Pressure-Seal-Check-Valve-1-300x225.jpg\" alt=\"V\u00e1lvula de reten\u00e7\u00e3o com vedante de press\u00e3o\" width=\"300\" height=\"225\" srcset=\"https:\/\/zecovalve.com\/wp-content\/uploads\/2022\/06\/Pressure-Seal-Check-Valve-1-300x225.jpg 300w, https:\/\/zecovalve.com\/wp-content\/uploads\/2022\/06\/Pressure-Seal-Check-Valve-1-768x576.jpg 768w, https:\/\/zecovalve.com\/wp-content\/uploads\/2022\/06\/Pressure-Seal-Check-Valve-1-600x450.jpg 600w, https:\/\/zecovalve.com\/wp-content\/uploads\/2022\/06\/Pressure-Seal-Check-Valve-1.jpg 800w\" sizes=\"auto, (max-width: 300px) 100vw, 300px\" \/><\/p>\n<\/div>\n<\/div>\n<div class=\"text\">\n<div id=\"productdetail\">\n<div id=\"productdetail_img\" class=\"col-md-5 col-sm-6 col-xs-12\">\n<div class=\"product\"><\/div>\n<\/div>\n<div id=\"productdetail_txt\" class=\"col-md-7 col-sm-6 col-xs-12\">\n<p><strong>V\u00e1lvula de reten\u00e7\u00e3o com vedante de press\u00e3o<\/strong>As v\u00e1lvulas de reten\u00e7\u00e3o seladas sob press\u00e3o da Zeco s\u00e3o destinadas a aplica\u00e7\u00f5es de alta press\u00e3o e alta temperatura em todos os tipos de fluido, exceto onde forem severos.<\/p>\n<\/div>\n<\/div>\n<div id=\"myTabContent\" class=\"tab-content\">\n<div id=\"page1\" class=\"tab-pane fade in active\">\n<div class=\"col-xs-12\">\n<div class=\"\">\n<p>As v\u00e1lvulas de reten\u00e7\u00e3o de veda\u00e7\u00e3o de press\u00e3o s\u00e3o projetadas de acordo com BS1868 e ASME B16.34 para servi\u00e7o de alta temperatura e alta press\u00e3o e s\u00e3o amplamente utilizadas em usinas de combust\u00edvel f\u00f3ssil. Em compara\u00e7\u00e3o com as v\u00e1lvulas de junta de castelo aparafusadas, ela fornece veda\u00e7\u00e3o absolutamente confi\u00e1vel da junta de castelo, de modo que as v\u00e1lvulas de reten\u00e7\u00e3o de veda\u00e7\u00e3o de press\u00e3o s\u00e3o mais compactas e r\u00edgidas, bem como manuten\u00e7\u00e3o econ\u00f4mica em servi\u00e7os de alta temperatura e alta press\u00e3o.<\/p>\n<p>\u00c9 uma v\u00e1lvula de reten\u00e7\u00e3o autom\u00e1tica quando \u00e9 aberta ou fechada automaticamente pela for\u00e7a gerada pelo meio que flui dentro da tubula\u00e7\u00e3o. Sua principal fun\u00e7\u00e3o \u00e9 evitar o refluxo do meio na tubula\u00e7\u00e3o, a rota\u00e7\u00e3o reversa da bomba e seu motor de acionamento e a descarga do meio no recipiente.<\/p>\n<p align=\"justify\"><b>Caracter\u00edsticas:<\/b><b><\/b><\/p>\n<p align=\"justify\">1. Apenas uma face de veda\u00e7\u00e3o \u00e9 projetada no corpo da v\u00e1lvula e no disco da v\u00e1lvula;<\/p>\n<p align=\"justify\">2. Superf\u00edcie de veda\u00e7\u00e3o do assento com sobreposi\u00e7\u00e3o completa de stellite;<\/p>\n<p align=\"justify\">3. Bom para processo de fabrica\u00e7\u00e3o e f\u00e1cil de manter;<\/p>\n<p align=\"justify\">4. Use embalagem tipo colabora\u00e7\u00e3o de grafite flex\u00edvel e tecida;<\/p>\n<p align=\"justify\">5. \u00c0 prova absoluta de vazamento da junta do cap\u00f4;<\/p>\n<p align=\"justify\">6. Projeto de desvio opcional;<\/p>\n<p align=\"justify\">7. Opcional projetado com um cilindro de amortecimento.<\/p>\n<p align=\"justify\"><b>Gama de Produtos:<\/b><b><\/b><\/p>\n<p>Material do corpo: a\u00e7o carbono, a\u00e7o inoxid\u00e1vel, liga de a\u00e7o, etc.<br \/>\nDi\u00e2metro nominal:1\/2\u2033~24\u2033<\/p>\n<p>Faixa de press\u00e3o:Classe150~2500(PN10~PN420)<\/p>\n<p>Conex\u00e3o final: RF, RTJ, BW<\/p>\n<p>Temperatura de trabalho:-29\u00b0C~+560\u00b0C<\/p>\n<table class=\"ke-zeroborder\" border=\"0\" cellspacing=\"0\">\n<tbody>\n<tr>\n<td valign=\"center\" width=\"112\">Marca<\/td>\n<td valign=\"center\" width=\"770\">Zeco<\/td>\n<\/tr>\n<tr>\n<td valign=\"center\" width=\"112\">Tipo de v\u00e1lvula<\/td>\n<td valign=\"center\" width=\"770\">V\u00e1lvula de reten\u00e7\u00e3o com vedante de press\u00e3o<\/td>\n<\/tr>\n<tr>\n<td valign=\"center\" width=\"112\">Material da v\u00e1lvula<\/td>\n<td valign=\"center\" width=\"770\">a\u00e7o carbono, a\u00e7o inoxid\u00e1vel, liga de a\u00e7o, etc.<\/td>\n<\/tr>\n<tr>\n<td valign=\"center\" width=\"112\">Teste de v\u00e1lvulas<\/td>\n<td valign=\"center\" width=\"770\">100% quantidade testada antes da entrega<\/td>\n<\/tr>\n<tr>\n<td valign=\"center\" width=\"112\">Garantia da v\u00e1lvula<\/td>\n<td valign=\"center\" width=\"770\">18 meses a partir da data de envio \u00e0 sa\u00edda da f\u00e1brica ou 12 meses a partir da data de instala\u00e7\u00e3o da mercadoria.<\/td>\n<\/tr>\n<tr>\n<td valign=\"center\" width=\"112\">Pintura de v\u00e1lvulas<\/td>\n<td valign=\"center\" width=\"770\">Pedido do cliente<\/td>\n<\/tr>\n<tr>\n<td valign=\"center\" width=\"112\">Pacote de v\u00e1lvulas<\/td>\n<td valign=\"center\" width=\"770\">Caixa de madeira<\/td>\n<\/tr>\n<tr>\n<td valign=\"center\" width=\"112\">MOQ<\/td>\n<td valign=\"center\" width=\"770\">Nenhum requisito<\/td>\n<\/tr>\n<tr>\n<td valign=\"center\" width=\"112\">Certificado da v\u00e1lvula<\/td>\n<td valign=\"center\" width=\"770\">API6D\/CE\/ISO9001\/ISO14001<\/td>\n<\/tr>\n<tr>\n<td valign=\"center\" width=\"112\">Detalhe da entrega<\/td>\n<td valign=\"center\" width=\"770\">Enviado em 4 ou 6 semanas ap\u00f3s o pagamento<\/td>\n<\/tr>\n<tr>\n<td valign=\"center\" width=\"112\">Porto<\/td>\n<td valign=\"center\" width=\"770\">XANGAI<\/td>\n<\/tr>\n<tr>\n<td valign=\"center\" width=\"112\">Condi\u00e7\u00f5es de pagamento<\/td>\n<td valign=\"center\" width=\"770\">L\/C,D\/A,D\/P,T\/T<\/td>\n<\/tr>\n<tr>\n<td valign=\"center\" width=\"112\">Certificado oferecido<\/td>\n<td valign=\"center\" width=\"770\">Lista de embalagem, fatura comercial, relat\u00f3rios de teste e certificados de materiais, certificado de qualidade e quantidade, certificado de garantia do vendedor<\/td>\n<\/tr>\n<\/tbody>\n<\/table>\n<p><img loading=\"lazy\" decoding=\"async\" class=\"alignnone size-medium wp-image-17528\" src=\"https:\/\/zecovalve.com\/wp-content\/uploads\/2022\/06\/20190205155834_8781-300x182.jpg\" alt=\"\" width=\"300\" height=\"182\" srcset=\"https:\/\/zecovalve.com\/wp-content\/uploads\/2022\/06\/20190205155834_8781-300x182.jpg 300w, https:\/\/zecovalve.com\/wp-content\/uploads\/2022\/06\/20190205155834_8781-600x365.jpg 600w, https:\/\/zecovalve.com\/wp-content\/uploads\/2022\/06\/20190205155834_8781.jpg 750w\" sizes=\"auto, (max-width: 300px) 100vw, 300px\" \/><\/p>\n<\/div>\n<\/div>\n<\/div>\n<\/div>\n<\/div>","protected":false},"excerpt":{"rendered":"<p>V\u00e1lvula de reten\u00e7\u00e3o com veda\u00e7\u00e3o de press\u00e3oAs v\u00e1lvulas de reten\u00e7\u00e3o com veda\u00e7\u00e3o de press\u00e3o da Zeco s\u00e3o destinadas a aplica\u00e7\u00f5es de alta press\u00e3o e alta temperatura em todos os tipos de fluido, exceto\u2026 <a title=\"V\u00e1lvula de reten\u00e7\u00e3o com vedante de press\u00e3o\" class=\"read-more\" href=\"https:\/\/zecovalve.com\/pt\/produto\/pressure-seal-check-valve\" aria-label=\"Mais em V\u00e1lvula de reten\u00e7\u00e3o de veda\u00e7\u00e3o de press\u00e3o\">Ler mais<\/a><\/p>","protected":false},"featured_media":27919,"comment_status":"closed","ping_status":"closed","template":"","meta":{"_generate-full-width-content":"","kt_blocks_editor_width":""},"product_cat":[2455,2067],"product_tag":[2657,2661,2660,2723],"class_list":["post-17573","product","type-product","status-publish","has-post-thumbnail","hentry","product_cat-check-valve","product_cat-swing-check-valve","product_tag-non-return-valve","product_tag-nrv-valve","product_tag-swing-check-valve","product_tag-what-is-a-valve","sales-flash-overlay","woocommerce-text-align-center","woocommerce-image-align-center","do-quantity-buttons"],"featured_image_src_large":["https:\/\/zecovalve.com\/wp-content\/uploads\/2022\/06\/Pressure-Seal-Check-Valve-1.jpg",800,600,false],"author_info":[],"comment_info":0,"taxonomy_info":{"product_cat":[{"value":2455,"label":"Check Valve"},{"value":2067,"label":"Swing Check Valve"}],"product_tag":[{"value":2657,"label":"Non Return Valve"},{"value":2661,"label":"NRV Valve"},{"value":2660,"label":"Swing Check Valve"},{"value":2723,"label":"What is a Valve"}]},"yoast_head":"<!-- This site is optimized with the Yoast SEO Premium plugin v15.4 - https:\/\/yoast.com\/wordpress\/plugins\/seo\/ -->\n<title>Pressure Seal Check Valve - ZECO Valve<\/title>\n<meta name=\"robots\" content=\"index, follow, max-snippet:-1, max-image-preview:large, max-video-preview:-1\" \/>\n<link rel=\"canonical\" href=\"https:\/\/zecovalve.com\/pt\/produto\/pressure-seal-check-valve\" \/>\n<meta property=\"og:locale\" content=\"pt_PT\" \/>\n<meta property=\"og:type\" content=\"article\" \/>\n<meta property=\"og:title\" content=\"Pressure Seal Check Valve - ZECO Valve\" \/>\n<meta property=\"og:description\" content=\"Pressure Seal Check ValveZeco&#8217;s pressure sealed check valves are intended for high pressure, high temperature applications in all types of fluid except ... Ler mais\" \/>\n<meta property=\"og:url\" content=\"https:\/\/zecovalve.com\/pt\/produto\/pressure-seal-check-valve\" \/>\n<meta property=\"og:site_name\" content=\"ZECO Valve\" \/>\n<meta property=\"article:modified_time\" content=\"2023-06-16T13:51:21+00:00\" \/>\n<meta property=\"og:image\" content=\"https:\/\/zecovalve.com\/wp-content\/uploads\/2022\/06\/Pressure-Seal-Check-Valve-1.jpg\" \/>\n\t<meta property=\"og:image:width\" content=\"800\" \/>\n\t<meta property=\"og:image:height\" content=\"600\" \/>\n<meta name=\"twitter:card\" content=\"summary_large_image\" \/>\n<meta name=\"twitter:label1\" content=\"Escrito por\">\n\t<meta name=\"twitter:data1\" content=\"Jerry\">\n\t<meta name=\"twitter:label2\" content=\"Tempo estimado de leitura\">\n\t<meta name=\"twitter:data2\" content=\"1 minuto\">\n<script type=\"application\/ld+json\" class=\"yoast-schema-graph\">{\"@context\":\"https:\/\/schema.org\",\"@graph\":[{\"@type\":\"WebSite\",\"@id\":\"https:\/\/zecovalve.com\/#website\",\"url\":\"https:\/\/zecovalve.com\/\",\"name\":\"ZECO Valve\",\"description\":\"Industrial Ball Valve, Gate Valve and Globe Valve Manufacturer\",\"potentialAction\":[{\"@type\":\"SearchAction\",\"target\":\"https:\/\/zecovalve.com\/?s={search_term_string}\",\"query-input\":\"required name=search_term_string\"}],\"inLanguage\":\"pt-PT\"},{\"@type\":\"ImageObject\",\"@id\":\"https:\/\/zecovalve.com\/product\/pressure-seal-check-valve#primaryimage\",\"inLanguage\":\"pt-PT\",\"url\":\"https:\/\/zecovalve.com\/wp-content\/uploads\/2022\/06\/Pressure-Seal-Check-Valve-1.jpg\",\"width\":800,\"height\":600,\"caption\":\"Pressure Seal Check Valve\"},{\"@type\":\"WebPage\",\"@id\":\"https:\/\/zecovalve.com\/product\/pressure-seal-check-valve#webpage\",\"url\":\"https:\/\/zecovalve.com\/product\/pressure-seal-check-valve\",\"name\":\"Pressure Seal Check Valve - ZECO Valve\",\"isPartOf\":{\"@id\":\"https:\/\/zecovalve.com\/#website\"},\"primaryImageOfPage\":{\"@id\":\"https:\/\/zecovalve.com\/product\/pressure-seal-check-valve#primaryimage\"},\"datePublished\":\"2022-06-28T04:42:00+00:00\",\"dateModified\":\"2023-06-16T13:51:21+00:00\",\"breadcrumb\":{\"@id\":\"https:\/\/zecovalve.com\/product\/pressure-seal-check-valve#breadcrumb\"},\"inLanguage\":\"pt-PT\",\"potentialAction\":[{\"@type\":\"ReadAction\",\"target\":[\"https:\/\/zecovalve.com\/product\/pressure-seal-check-valve\"]}]},{\"@type\":\"BreadcrumbList\",\"@id\":\"https:\/\/zecovalve.com\/product\/pressure-seal-check-valve#breadcrumb\",\"itemListElement\":[{\"@type\":\"ListItem\",\"position\":1,\"item\":{\"@type\":\"WebPage\",\"@id\":\"https:\/\/zecovalve.com\/\",\"url\":\"https:\/\/zecovalve.com\/\",\"name\":\"Home\"}},{\"@type\":\"ListItem\",\"position\":2,\"item\":{\"@type\":\"WebPage\",\"@id\":\"https:\/\/zecovalve.com\/product-category\",\"url\":\"https:\/\/zecovalve.com\/product-category\",\"name\":\"Industrial Valve Manufacturer | Water Valve Manufacturer\"}},{\"@type\":\"ListItem\",\"position\":3,\"item\":{\"@type\":\"WebPage\",\"@id\":\"https:\/\/zecovalve.com\/product\/pressure-seal-check-valve\",\"url\":\"https:\/\/zecovalve.com\/product\/pressure-seal-check-valve\",\"name\":\"Pressure Seal Check Valve\"}}]}]}<\/script>\n<!-- \/ Yoast SEO Premium plugin. -->","_links":{"self":[{"href":"https:\/\/zecovalve.com\/pt\/wp-json\/wp\/v2\/product\/17573","targetHints":{"allow":["GET"]}}],"collection":[{"href":"https:\/\/zecovalve.com\/pt\/wp-json\/wp\/v2\/product"}],"about":[{"href":"https:\/\/zecovalve.com\/pt\/wp-json\/wp\/v2\/types\/product"}],"replies":[{"embeddable":true,"href":"https:\/\/zecovalve.com\/pt\/wp-json\/wp\/v2\/comments?post=17573"}],"wp:featuredmedia":[{"embeddable":true,"href":"https:\/\/zecovalve.com\/pt\/wp-json\/wp\/v2\/media\/27919"}],"wp:attachment":[{"href":"https:\/\/zecovalve.com\/pt\/wp-json\/wp\/v2\/media?parent=17573"}],"wp:term":[{"taxonomy":"product_cat","embeddable":true,"href":"https:\/\/zecovalve.com\/pt\/wp-json\/wp\/v2\/product_cat?post=17573"},{"taxonomy":"product_tag","embeddable":true,"href":"https:\/\/zecovalve.com\/pt\/wp-json\/wp\/v2\/product_tag?post=17573"}],"curies":[{"name":"wp","href":"https:\/\/api.w.org\/{rel}","templated":true}]}}