{"id":17583,"date":"2022-06-28T05:00:25","date_gmt":"2022-06-28T05:00:25","guid":{"rendered":"https:\/\/zecovalve.com\/?post_type=product&#038;p=17583"},"modified":"2023-06-15T13:16:09","modified_gmt":"2023-06-15T13:16:09","slug":"a105-gate-valve","status":"publish","type":"product","link":"https:\/\/zecovalve.com\/pt\/produto\/a105-gate-valve","title":{"rendered":"V\u00e1lvula de gaveta A105"},"content":{"rendered":"\r\n<p>A105 Gate Valve is normally OS&amp;Y Gate Valve.<\/p>\r\n\r\n<p>OS&amp;Y means \u201coutside stem and yoke\u201d or &#8220;outside screw and yoke&#8221;. OS&amp;Y gate valves operate by opening and closing via a gate, which lowers into or rises out of the valve. Raising the gate allows water to flow through the valve while lowering the gate cuts off the water flowing through the valve.<\/p>\r\n\r\n\r\n\r\n<h2 class=\"wp-block-heading\">How does an A105 Gate Valve Work?<\/h2>\r\n\r\n\r\n\r\n<p>A105 Gate valves are designed for fully open or fully closed service. They are installed in pipelines as isolating valves, and should not be used as a control or regulating valves. Operation of a gate valve is performed either clockwise to close (CTC) or clockwise to open (CTO) rotating motion of the stem. When operating the valve stem, the gate moves up or downwards on the threaded part of the stem.<\/p>\r\n\r\n\r\n\r\n<p>Gate valves are often used when minimum pressure loss and a free bore is needed. When fully open, a typical gate valve has no obstruction in the flow path resulting in a very low-pressure loss, and this design makes it possible to use a pipe-cleaning pig. A gate valve is a multiturn valve meaning that the operation of the valve is done by means of a threaded stem. As the valve has to turn multiple times to go from the open to the closed position, the slow operation also prevents water hammer effects.<\/p>\r\n\r\n\r\n\r\n<p>A105 gate valves are widely used for all types of applications and are suitable for both above-ground and underground installation.<\/p>\r\n\r\n\r\n\r\n<h2 class=\"wp-block-heading\">Features of A105 Gate Valves<\/h2>\r\n\r\n\r\n\r\n<ul class=\"wp-block-list\">\r\n<li>1.\u00a0Stronger, leakproof bolted body bonnet joint ensures joint tightness with a higher bolting torque;<\/li>\r\n<li>2.\u00a0Wedge guiding minimizes seat rubbing and scuffing resulting in long cycle life;<\/li>\r\n<li>3.\u00a0Body made of superior strength forgings and optional cast steel;<\/li>\r\n<li>4.\u00a0Stem seal offers tight seal with little to no maintenance over long periods of time;<\/li>\r\n<li>5.\u00a0Optional live-loading of packing and leak\u00a0off;<\/li>\r\n<li>6.\u00a0Non-rotating stem;<\/li>\r\n<li>7. Hard-faced seating faces resist erosion;<\/li>\r\n<li>8.\u00a0\u00a0Available with provision for seal weld.<\/li>\r\n<\/ul>\r\n\r\n\r\n\r\n<h2 class=\"wp-block-heading\">Product Range of A105 Gate Valve<\/h2>\r\n\r\n\r\n\r\n<ul class=\"wp-block-list\">\r\n<li>Body material: A105<\/li>\r\n<li>Nominal diameter:1\/2&#8243;\uff5e2.5&#8243;<\/li>\r\n<li>Pressure range: Class150\uff5e2500<\/li>\r\n<li>End connection: RF, RTJ, BW, NPT, SW<\/li>\r\n<li>Working temperature:-29\u2103\uff5e+560\u2103<\/li>\r\n<li>Mode of operation: Handwheel, Electric Actuator, Pneumatic Actuator, etc.<\/li>\r\n<\/ul>\r\n\r\n\r\n\r\n<h2 class=\"wp-block-heading\">CV &amp; Weight of A105 Gate Valve<\/h2>\r\n\r\n\r\n\r\n<figure class=\"wp-block-table is-style-stripes\">\r\n<table>\r\n<tbody>\r\n<tr>\r\n<td class=\"has-text-align-center\" data-align=\"center\">Size<\/td>\r\n<td class=\"has-text-align-center\" data-align=\"center\">Cv<\/td>\r\n<td class=\"has-text-align-center\" data-align=\"center\">Weight (lbs.)<\/td>\r\n<\/tr>\r\n<tr>\r\n<td class=\"has-text-align-center\" data-align=\"center\">1\/4<\/td>\r\n<td class=\"has-text-align-center\" data-align=\"center\">3<\/td>\r\n<td class=\"has-text-align-center\" data-align=\"center\">4.5<\/td>\r\n<\/tr>\r\n<tr>\r\n<td class=\"has-text-align-center\" data-align=\"center\">3\/8<\/td>\r\n<td class=\"has-text-align-center\" data-align=\"center\">5<\/td>\r\n<td class=\"has-text-align-center\" data-align=\"center\">4.6<\/td>\r\n<\/tr>\r\n<tr>\r\n<td class=\"has-text-align-center\" data-align=\"center\">1\/2<\/td>\r\n<td class=\"has-text-align-center\" data-align=\"center\">7<\/td>\r\n<td class=\"has-text-align-center\" data-align=\"center\">4.7<\/td>\r\n<\/tr>\r\n<tr>\r\n<td class=\"has-text-align-center\" data-align=\"center\">3\/4<\/td>\r\n<td class=\"has-text-align-center\" data-align=\"center\">14<\/td>\r\n<td class=\"has-text-align-center\" data-align=\"center\">4.9<\/td>\r\n<\/tr>\r\n<tr>\r\n<td class=\"has-text-align-center\" data-align=\"center\">1<\/td>\r\n<td class=\"has-text-align-center\" data-align=\"center\">30<\/td>\r\n<td class=\"has-text-align-center\" data-align=\"center\">7.8<\/td>\r\n<\/tr>\r\n<tr>\r\n<td class=\"has-text-align-center\" data-align=\"center\">1-1\/4<\/td>\r\n<td class=\"has-text-align-center\" data-align=\"center\">85<\/td>\r\n<td class=\"has-text-align-center\" data-align=\"center\">11.8<\/td>\r\n<\/tr>\r\n<tr>\r\n<td class=\"has-text-align-center\" data-align=\"center\">1-1\/2<\/td>\r\n<td class=\"has-text-align-center\" data-align=\"center\">100<\/td>\r\n<td class=\"has-text-align-center\" data-align=\"center\">13.5<\/td>\r\n<\/tr>\r\n<tr>\r\n<td class=\"has-text-align-center\" data-align=\"center\">2<\/td>\r\n<td class=\"has-text-align-center\" data-align=\"center\">160<\/td>\r\n<td class=\"has-text-align-center\" data-align=\"center\">21.0<\/td>\r\n<\/tr>\r\n<\/tbody>\r\n<\/table>\r\n<\/figure><!-- \/wp:paragraph --><!-- wp:post-content --><!-- wp:image {\"id\":16295} -->\r\n<figure class=\"wp-block-image\"><img loading=\"lazy\" decoding=\"async\" width=\"300\" height=\"225\" class=\"wp-image-16295\" src=\"https:\/\/zecovalve.com\/wp-content\/uploads\/2022\/06\/forged-gate-valve-300x225.jpg\" alt=\"forged gate valve\" srcset=\"https:\/\/zecovalve.com\/wp-content\/uploads\/2022\/06\/forged-gate-valve-300x225.jpg 300w, https:\/\/zecovalve.com\/wp-content\/uploads\/2022\/06\/forged-gate-valve-768x576.jpg 768w, https:\/\/zecovalve.com\/wp-content\/uploads\/2022\/06\/forged-gate-valve-600x450.jpg 600w, https:\/\/zecovalve.com\/wp-content\/uploads\/2022\/06\/forged-gate-valve.jpg 800w\" sizes=\"auto, (max-width: 300px) 100vw, 300px\" \/><\/figure>\r\n<!-- \/wp:image -->\r\n\r\n<!-- wp:kadence\/tableofcontents {\"uniqueID\":\"_132d6e-46\"} \/-->\r\n\r\n<!-- wp:generateblocks\/button-container {\"uniqueId\":\"6d8495a3\",\"isDynamic\":true,\"blockVersion\":2} -->\r\n\r\n<!-- wp:generateblocks\/button {\"uniqueId\":\"3d442e11\",\"hasUrl\":true,\"target\":true,\"backgroundColor\":\"#0366d6\",\"textColor\":\"#ffffff\",\"backgroundColorHover\":\"#222222\",\"textColorHover\":\"#ffffff\",\"paddingTop\":\"15\",\"paddingRight\":\"20\",\"paddingBottom\":\"15\",\"paddingLeft\":\"20\"} -->\r\n<p><a class=\"gb-button gb-button-3d442e11 gb-button-text\" href=\"mailto:commercial@zecovalve.com\" target=\"_blank\" rel=\"noopener noreferrer\"><strong>GET A105 GATE VALVE PRICE<\/strong><\/a><\/p>\r\n<!-- \/wp:generateblocks\/button --><!-- \/wp:generateblocks\/button-container -->\r\n\r\n<!-- wp:heading -->\r\n<h2>What is A105 Gate Valve?<\/h2>\r\n<!-- \/wp:heading -->\r\n\r\n<!-- wp:paragraph -->\r\n<p>ASTM A105 Valves are made up of a special chemical composition that can be used to make valves of ASME B16.34 and B16.10 face-to-face dimensions. The material has carbon, manganese, phosphorus, sulfur, silicon, copper, nickel, chromium, molybdenum, and vanadium in it. The ASTM A105 Gate Valves are forged material-made valves. They have excellent strength, wear and tear, and higher mechanical properties. There are different types of valves in this carbon steel material based on its structure and functions. The ASTM a105 carbon steel Swing Check Valves are structurally swinging valves. These use a swing to control the flow. The swing valves are also checked valves by functional type. They make sure that the fluid flows only in one direction.<\/p>\r\n<!-- \/wp:paragraph -->\r\n\r\n<!-- wp:heading -->\r\n<h2>What is ASTM A105 Material?<\/h2>\r\n<!-- \/wp:heading -->\r\n\r\n<!-- wp:paragraph -->\r\n<p>ASTM A105 is the standard specification covering forged carbon steel piping components for ambient- and higher-temperature service in pressure systems. It can be readily manufactured to flanges, fittings, valves, and other piping components in accordance with dimensional standards such as MSS, ASME, API, EN\/BS, DIN, NOSOK specifications, etc. A105 forgings are limited to a maximum weight of 4540 kg [10000 lb]. As stated in our quality manual, welding repair of defects in ASTM A105 flanges or fittings is absolutely prohibited by Metals-Piping(although it is permissible by the standard).<\/p>\r\n<!-- \/wp:paragraph -->\r\n\r\n<!-- wp:heading {\"level\":3} -->\r\n<h3>Chemical Composition of ASTM A105<\/h3>\r\n<!-- \/wp:heading -->\r\n\r\n<!-- wp:table {\"className\":\"is-style-stripes\"} -->\r\n<figure class=\"wp-block-table is-style-stripes\">\r\n<table>\r\n<tbody>\r\n<tr>\r\n<td><strong>Element<\/strong><\/td>\r\n<td><strong>Composition, %<\/strong><\/td>\r\n<\/tr>\r\n<tr>\r\n<td>Carbon<\/td>\r\n<td>0.35 max<\/td>\r\n<\/tr>\r\n<tr>\r\n<td>Manganese<\/td>\r\n<td>0.60-1.05<\/td>\r\n<\/tr>\r\n<tr>\r\n<td>Phosphorus<\/td>\r\n<td>0.035 max<\/td>\r\n<\/tr>\r\n<tr>\r\n<td>Sulfur<\/td>\r\n<td>0.040 max<\/td>\r\n<\/tr>\r\n<tr>\r\n<td>Silicon<\/td>\r\n<td>0.10-0.35<\/td>\r\n<\/tr>\r\n<tr>\r\n<td>Copper<\/td>\r\n<td>0.40 max (1)<\/td>\r\n<\/tr>\r\n<tr>\r\n<td>Nickel<\/td>\r\n<td>0.40 max (1)<\/td>\r\n<\/tr>\r\n<tr>\r\n<td>Chromium<\/td>\r\n<td>0.30 max (1-2)<\/td>\r\n<\/tr>\r\n<tr>\r\n<td>Molybdenum<\/td>\r\n<td>0.12 max (1-2)<\/td>\r\n<\/tr>\r\n<tr>\r\n<td>Vanadium<\/td>\r\n<td>0.08 max<\/td>\r\n<\/tr>\r\n<\/tbody>\r\n<\/table>\r\n<\/figure>\r\n<!-- \/wp:table -->\r\n\r\n<!-- wp:paragraph -->\r\n<p>Note:<\/p>\r\n<!-- \/wp:paragraph -->\r\n\r\n<!-- wp:paragraph -->\r\n<p><strong>A :<\/strong> For each reduction of 0.01 % below the specified carbon maximum (0.35 %), an increase of 0.06 % in manganese above the specified maximum (1.05 %) will be permitted up to a maximum of 1.65 %.\u00a0<strong>B:<\/strong> The sum of copper, nickel, chromium, molybdenum, and vanadium shall not exceed 1.00 %. <strong>C :<\/strong>\u00a0The sum of chromium and molybdenum shall not exceed 0.32 %.<\/p>\r\n<!-- \/wp:paragraph -->\r\n\r\n<!-- wp:heading {\"level\":3} -->\r\n<h3>Mechanical Properties of ASTM A105<\/h3>\r\n<!-- \/wp:heading -->\r\n\r\n<!-- wp:table {\"className\":\"is-style-stripes\"} -->\r\n<figure class=\"wp-block-table is-style-stripes\">\r\n<table>\r\n<tbody>\r\n<tr>\r\n<td>Tensile<\/td>\r\n<td>70 ksi, min<\/td>\r\n<\/tr>\r\n<tr>\r\n<td>Yield, note A<\/td>\r\n<td>36 ksi, min<\/td>\r\n<\/tr>\r\n<tr>\r\n<td>Elongation in 2in, Basic minimum for wall 5\/16\u2033 and over, strip test<\/td>\r\n<td>30%<\/td>\r\n<\/tr>\r\n<tr>\r\n<td>Hardness<\/td>\r\n<td>187 HBW max<\/td>\r\n<\/tr>\r\n<\/tbody>\r\n<\/table>\r\n<\/figure>\r\n<!-- \/wp:table -->\r\n\r\n<!-- wp:paragraph -->\r\n<p>Note A \u2013 Determined by either the 0.2% offset method or the 0.5% extension-under-load method. Other test methods are available as listed in A105.<\/p>\r\n<!-- \/wp:paragraph -->\r\n\r\n<!-- wp:heading {\"level\":3} -->\r\n<h3>Heat Treatment of ASTM A105 Material<\/h3>\r\n<!-- \/wp:heading -->\r\n\r\n<!-- wp:paragraph -->\r\n<p>Heat treatment is not a mandatory requirement except for flanges above Class 300, flanges of special design where the design pressure or design temperature is not known, and for items over 4\u201d NPS and above Class 300. When heat treatment is required, annealing, normalizing, normalize and tempering, normalizing and quench and tempering shall be the applied methods.<\/p>\r\n<!-- \/wp:paragraph -->\r\n\r\n<!-- wp:paragraph -->\r\n<p><strong>Forging<\/strong><\/p>\r\n<!-- \/wp:paragraph -->\r\n\r\n<!-- wp:paragraph -->\r\n<p>This alloy is forged at between 1,700 degrees Fahrenheit and 2,200 degrees Fahrenheit, followed by quenching and tempering.<\/p>\r\n<!-- \/wp:paragraph -->\r\n\r\n<!-- wp:paragraph -->\r\n<p><strong>Annealing<\/strong><\/p>\r\n<!-- \/wp:paragraph -->\r\n\r\n<!-- wp:paragraph -->\r\n<p>Forged parts are allowed to cool to below 1,000 degrees Fahrenheit before reheating to between 1,550 degrees Fahrenheit and 1,700 degrees Fahrenheit. Slow furnace cooling follows.<\/p>\r\n<!-- \/wp:paragraph -->\r\n\r\n<!-- wp:heading -->\r\n<h2 id=\"h-what-is-os-y-valve\">What is OS&amp;Y Valve?<\/h2>\r\n<!-- \/wp:heading -->\r\n\r\n<!-- wp:paragraph -->\r\n<p>A105 Gate Valve is normally OS&amp;Y Gate Valve.<\/p>\r\n<!-- wp:paragraph -->\r\n<p>OS&amp;Y means \u201coutside stem and yoke\u201d or &#8220;outside screw and yoke&#8221;. OS&amp;Y gate valves operate by opening and closing via a gate, which lowers into or rises out of the valve. Raising the gate allows water to flow through the valve while lowering the gate cuts off the water flowing through the valve.<\/p>\r\n<!-- \/wp:paragraph -->\r\n\r\n<!-- wp:heading -->\r\n<h2>How does an A105 Gate Valve Work?<\/h2>\r\n<!-- \/wp:heading -->\r\n\r\n<!-- wp:paragraph -->\r\n<p>A105 Gate valves are designed for fully open or fully closed service. They are installed in pipelines as isolating valves, and should not be used as a control or regulating valves. Operation of a gate valve is performed either clockwise to close (CTC) or clockwise to open (CTO) rotating motion of the stem. When operating the valve stem, the gate moves up or downwards on the threaded part of the stem.<\/p>\r\n<!-- \/wp:paragraph -->\r\n\r\n<!-- wp:paragraph -->\r\n<p>Gate valves are often used when minimum pressure loss and a free bore is needed. When fully open, a typical gate valve has no obstruction in the flow path resulting in a very low-pressure loss, and this design makes it possible to use a pipe-cleaning pig. A gate valve is a multiturn valve meaning that the operation of the valve is done by means of a threaded stem. As the valve has to turn multiple times to go from the open to the closed position, the slow operation also prevents water hammer effects.<\/p>\r\n<!-- \/wp:paragraph -->\r\n\r\n<!-- wp:paragraph -->\r\n<p>A105 gate valves are widely used for all types of applications and are suitable for both above-ground and underground installation.<\/p>\r\n<!-- \/wp:paragraph -->\r\n\r\n<!-- wp:heading -->\r\n<h2>Features of A105 Gate Valves<\/h2>\r\n<!-- \/wp:heading -->\r\n\r\n<!-- wp:list -->\r\n<ul>\r\n<li>1.\u00a0Stronger, leakproof bolted body bonnet joint ensures joint tightness with a higher bolting torque;<\/li>\r\n<li>2.\u00a0Wedge guiding minimizes seat rubbing and scuffing resulting in long cycle life;<\/li>\r\n<li>3.\u00a0Body made of superior strength forgings and optional cast steel;<\/li>\r\n<li>4.\u00a0Stem seal offers tight seal with little to no maintenance over long periods of time;<\/li>\r\n<li>5.\u00a0Optional live-loading of packing and leak\u00a0off;<\/li>\r\n<li>6.\u00a0Non-rotating stem;<\/li>\r\n<li>7. Hard-faced seating faces resist erosion;<\/li>\r\n<li>8.\u00a0\u00a0Available with provision for seal weld.<\/li>\r\n<\/ul>\r\n<!-- \/wp:list -->\r\n\r\n<!-- wp:heading -->\r\n<h2>Product Range of A105 Gate Valve<\/h2>\r\n<!-- \/wp:heading -->\r\n\r\n<!-- wp:list -->\r\n<ul>\r\n<li>Body material: A105<\/li>\r\n<li>Nominal diameter:1\/2&#8243;\uff5e2.5&#8243;<\/li>\r\n<li>Pressure range: Class150\uff5e2500<\/li>\r\n<li>End connection: RF, RTJ, BW, NPT, SW<\/li>\r\n<li>Working temperature:-29\u2103\uff5e+560\u2103<\/li>\r\n<li>Mode of operation: Handwheel, Electric Actuator, Pneumatic Actuator, etc.<\/li>\r\n<\/ul>\r\n<!-- \/wp:list -->\r\n\r\n<!-- wp:heading -->\r\n<h2>CV &amp; Weight of A105 Gate Valve<\/h2>\r\n<!-- \/wp:heading -->\r\n\r\n<!-- wp:table {\"className\":\"is-style-stripes\"} -->\r\n<figure class=\"wp-block-table is-style-stripes\">\r\n<table>\r\n<tbody>\r\n<tr>\r\n<td class=\"has-text-align-center\" data-align=\"center\">Size<\/td>\r\n<td class=\"has-text-align-center\" data-align=\"center\">Cv<\/td>\r\n<td class=\"has-text-align-center\" data-align=\"center\">Weight (lbs.)<\/td>\r\n<\/tr>\r\n<tr>\r\n<td class=\"has-text-align-center\" data-align=\"center\">1\/4<\/td>\r\n<td class=\"has-text-align-center\" data-align=\"center\">3<\/td>\r\n<td class=\"has-text-align-center\" data-align=\"center\">4.5<\/td>\r\n<\/tr>\r\n<tr>\r\n<td class=\"has-text-align-center\" data-align=\"center\">3\/8<\/td>\r\n<td class=\"has-text-align-center\" data-align=\"center\">5<\/td>\r\n<td class=\"has-text-align-center\" data-align=\"center\">4.6<\/td>\r\n<\/tr>\r\n<tr>\r\n<td class=\"has-text-align-center\" data-align=\"center\">1\/2<\/td>\r\n<td class=\"has-text-align-center\" data-align=\"center\">7<\/td>\r\n<td class=\"has-text-align-center\" data-align=\"center\">4.7<\/td>\r\n<\/tr>\r\n<tr>\r\n<td class=\"has-text-align-center\" data-align=\"center\">3\/4<\/td>\r\n<td class=\"has-text-align-center\" data-align=\"center\">14<\/td>\r\n<td class=\"has-text-align-center\" data-align=\"center\">4.9<\/td>\r\n<\/tr>\r\n<tr>\r\n<td class=\"has-text-align-center\" data-align=\"center\">1<\/td>\r\n<td class=\"has-text-align-center\" data-align=\"center\">30<\/td>\r\n<td class=\"has-text-align-center\" data-align=\"center\">7.8<\/td>\r\n<\/tr>\r\n<tr>\r\n<td class=\"has-text-align-center\" data-align=\"center\">1-1\/4<\/td>\r\n<td class=\"has-text-align-center\" data-align=\"center\">85<\/td>\r\n<td class=\"has-text-align-center\" data-align=\"center\">11.8<\/td>\r\n<\/tr>\r\n<tr>\r\n<td class=\"has-text-align-center\" data-align=\"center\">1-1\/2<\/td>\r\n<td class=\"has-text-align-center\" data-align=\"center\">100<\/td>\r\n<td class=\"has-text-align-center\" data-align=\"center\">13.5<\/td>\r\n<\/tr>\r\n<tr>\r\n<td class=\"has-text-align-center\" data-align=\"center\">2<\/td>\r\n<td class=\"has-text-align-center\" data-align=\"center\">160<\/td>\r\n<td class=\"has-text-align-center\" data-align=\"center\">21.0<\/td>\r\n<\/tr>\r\n<\/tbody>\r\n<\/table>\r\n<\/figure><!-- \/wp:post-content -->","protected":false},"excerpt":{"rendered":"<p>O que \u00e9 v\u00e1lvula gaveta A105? As v\u00e1lvulas ASTM A105 s\u00e3o compostas por uma composi\u00e7\u00e3o qu\u00edmica especial que pode ser usada para fazer\u2026 <a title=\"V\u00e1lvula de gaveta A105\" class=\"read-more\" href=\"https:\/\/zecovalve.com\/pt\/produto\/a105-gate-valve\" aria-label=\"Mais em V\u00e1lvula gaveta A105\">Ler mais<\/a><\/p>","protected":false},"featured_media":27901,"comment_status":"closed","ping_status":"closed","template":"","meta":{"_generate-full-width-content":"","kt_blocks_editor_width":""},"product_cat":[2464,2052],"product_tag":[2658,2798],"class_list":["post-17583","product","type-product","status-publish","has-post-thumbnail","hentry","product_cat-forged-steel-gate-valve","product_cat-gate-valve","product_tag-isolation-valve","product_tag-osy-valve","sales-flash-overlay","woocommerce-text-align-center","woocommerce-image-align-center","do-quantity-buttons"],"featured_image_src_large":["https:\/\/zecovalve.com\/wp-content\/uploads\/2022\/06\/A105-Gate-Valve.jpg",800,600,false],"author_info":[],"comment_info":0,"taxonomy_info":{"product_cat":[{"value":2464,"label":"Forged Steel Gate Valve"},{"value":2052,"label":"Gate Valve"}],"product_tag":[{"value":2658,"label":"Isolation Valve"},{"value":2798,"label":"OS&amp;Y Valve"}]},"yoast_head":"<!-- This site is optimized with the Yoast SEO Premium plugin v15.4 - https:\/\/yoast.com\/wordpress\/plugins\/seo\/ -->\n<title>A105 Gate Valve - ASTM A105 Material | OS&amp;Y Gate Valve | ZECO Valve<\/title>\n<meta name=\"robots\" content=\"index, follow, max-snippet:-1, max-image-preview:large, max-video-preview:-1\" \/>\n<link rel=\"canonical\" href=\"https:\/\/zecovalve.com\/pt\/produto\/a105-gate-valve\" \/>\n<meta property=\"og:locale\" content=\"pt_PT\" \/>\n<meta property=\"og:type\" content=\"article\" \/>\n<meta property=\"og:title\" content=\"A105 Gate Valve - ASTM A105 Material | OS&amp;Y Gate Valve | ZECO Valve\" \/>\n<meta property=\"og:description\" content=\"What is A105 Gate Valve? ASTM A105 Valves are made up of a special chemical composition that can be used to make ... Ler mais\" \/>\n<meta property=\"og:url\" content=\"https:\/\/zecovalve.com\/pt\/produto\/a105-gate-valve\" \/>\n<meta property=\"og:site_name\" content=\"ZECO Valve\" \/>\n<meta property=\"article:modified_time\" content=\"2023-06-15T13:16:09+00:00\" \/>\n<meta property=\"og:image\" content=\"https:\/\/zecovalve.com\/wp-content\/uploads\/2022\/06\/A105-Gate-Valve.jpg\" \/>\n\t<meta property=\"og:image:width\" content=\"800\" \/>\n\t<meta property=\"og:image:height\" content=\"600\" \/>\n<meta name=\"twitter:card\" content=\"summary_large_image\" \/>\n<meta name=\"twitter:label1\" content=\"Escrito por\">\n\t<meta name=\"twitter:data1\" content=\"Jerry\">\n\t<meta name=\"twitter:label2\" content=\"Tempo estimado de leitura\">\n\t<meta name=\"twitter:data2\" content=\"3 minutos\">\n<script type=\"application\/ld+json\" class=\"yoast-schema-graph\">{\"@context\":\"https:\/\/schema.org\",\"@graph\":[{\"@type\":\"WebSite\",\"@id\":\"https:\/\/zecovalve.com\/#website\",\"url\":\"https:\/\/zecovalve.com\/\",\"name\":\"ZECO Valve\",\"description\":\"Industrial Ball Valve, Gate Valve and Globe Valve Manufacturer\",\"potentialAction\":[{\"@type\":\"SearchAction\",\"target\":\"https:\/\/zecovalve.com\/?s={search_term_string}\",\"query-input\":\"required name=search_term_string\"}],\"inLanguage\":\"pt-PT\"},{\"@type\":\"ImageObject\",\"@id\":\"https:\/\/zecovalve.com\/product\/a105-gate-valve#primaryimage\",\"inLanguage\":\"pt-PT\",\"url\":\"https:\/\/zecovalve.com\/wp-content\/uploads\/2022\/06\/A105-Gate-Valve.jpg\",\"width\":800,\"height\":600,\"caption\":\"A105 Gate Valve\"},{\"@type\":\"WebPage\",\"@id\":\"https:\/\/zecovalve.com\/product\/a105-gate-valve#webpage\",\"url\":\"https:\/\/zecovalve.com\/product\/a105-gate-valve\",\"name\":\"A105 Gate Valve - ASTM A105 Material | OS&Y Gate Valve | ZECO Valve\",\"isPartOf\":{\"@id\":\"https:\/\/zecovalve.com\/#website\"},\"primaryImageOfPage\":{\"@id\":\"https:\/\/zecovalve.com\/product\/a105-gate-valve#primaryimage\"},\"datePublished\":\"2022-06-28T05:00:25+00:00\",\"dateModified\":\"2023-06-15T13:16:09+00:00\",\"breadcrumb\":{\"@id\":\"https:\/\/zecovalve.com\/product\/a105-gate-valve#breadcrumb\"},\"inLanguage\":\"pt-PT\",\"potentialAction\":[{\"@type\":\"ReadAction\",\"target\":[\"https:\/\/zecovalve.com\/product\/a105-gate-valve\"]}]},{\"@type\":\"BreadcrumbList\",\"@id\":\"https:\/\/zecovalve.com\/product\/a105-gate-valve#breadcrumb\",\"itemListElement\":[{\"@type\":\"ListItem\",\"position\":1,\"item\":{\"@type\":\"WebPage\",\"@id\":\"https:\/\/zecovalve.com\/\",\"url\":\"https:\/\/zecovalve.com\/\",\"name\":\"Home\"}},{\"@type\":\"ListItem\",\"position\":2,\"item\":{\"@type\":\"WebPage\",\"@id\":\"https:\/\/zecovalve.com\/product-category\",\"url\":\"https:\/\/zecovalve.com\/product-category\",\"name\":\"Industrial Valve Manufacturer | Water Valve Manufacturer\"}},{\"@type\":\"ListItem\",\"position\":3,\"item\":{\"@type\":\"WebPage\",\"@id\":\"https:\/\/zecovalve.com\/product\/a105-gate-valve\",\"url\":\"https:\/\/zecovalve.com\/product\/a105-gate-valve\",\"name\":\"A105 Gate Valve\"}}]}]}<\/script>\n<!-- \/ Yoast SEO Premium plugin. -->","_links":{"self":[{"href":"https:\/\/zecovalve.com\/pt\/wp-json\/wp\/v2\/product\/17583","targetHints":{"allow":["GET"]}}],"collection":[{"href":"https:\/\/zecovalve.com\/pt\/wp-json\/wp\/v2\/product"}],"about":[{"href":"https:\/\/zecovalve.com\/pt\/wp-json\/wp\/v2\/types\/product"}],"replies":[{"embeddable":true,"href":"https:\/\/zecovalve.com\/pt\/wp-json\/wp\/v2\/comments?post=17583"}],"wp:featuredmedia":[{"embeddable":true,"href":"https:\/\/zecovalve.com\/pt\/wp-json\/wp\/v2\/media\/27901"}],"wp:attachment":[{"href":"https:\/\/zecovalve.com\/pt\/wp-json\/wp\/v2\/media?parent=17583"}],"wp:term":[{"taxonomy":"product_cat","embeddable":true,"href":"https:\/\/zecovalve.com\/pt\/wp-json\/wp\/v2\/product_cat?post=17583"},{"taxonomy":"product_tag","embeddable":true,"href":"https:\/\/zecovalve.com\/pt\/wp-json\/wp\/v2\/product_tag?post=17583"}],"curies":[{"name":"wp","href":"https:\/\/api.w.org\/{rel}","templated":true}]}}