{"id":17931,"date":"2022-07-01T06:26:49","date_gmt":"2022-07-01T06:26:49","guid":{"rendered":"https:\/\/zecovalve.com\/?post_type=product&#038;p=17931"},"modified":"2023-06-17T03:03:04","modified_gmt":"2023-06-17T03:03:04","slug":"wafer-swing-check-valve","status":"publish","type":"product","link":"https:\/\/zecovalve.com\/pt\/produto\/wafer-swing-check-valve","title":{"rendered":"V\u00e1lvula de reten\u00e7\u00e3o oscilante de wafer"},"content":{"rendered":"<p>A v\u00e1lvula de reten\u00e7\u00e3o Wafer Swing recebe esse nome devido ao seu design fino como wafer. Essas v\u00e1lvulas s\u00e3o elegantes e feitas para caber em espa\u00e7os apertados entre dois flanges. N\u00e3o h\u00e1 controles nesta v\u00e1lvula. O principal componente da v\u00e1lvula \u00e9 um disco oscilante no centro que abre em uma dire\u00e7\u00e3o e fecha se os l\u00edquidos flu\u00edrem de volta na outra dire\u00e7\u00e3o.<\/p>\n<p><img loading=\"lazy\" decoding=\"async\" class=\"wp-image-27937 size-medium\" src=\"https:\/\/zecovalve.com\/wp-content\/uploads\/2022\/07\/Wafer-Swing-Check-Valve-2-300x225.jpg\" alt=\"V\u00e1lvula de reten\u00e7\u00e3o oscilante de wafer\" width=\"300\" height=\"225\" srcset=\"https:\/\/zecovalve.com\/wp-content\/uploads\/2022\/07\/Wafer-Swing-Check-Valve-2-300x225.jpg 300w, https:\/\/zecovalve.com\/wp-content\/uploads\/2022\/07\/Wafer-Swing-Check-Valve-2-768x576.jpg 768w, https:\/\/zecovalve.com\/wp-content\/uploads\/2022\/07\/Wafer-Swing-Check-Valve-2-600x450.jpg 600w, https:\/\/zecovalve.com\/wp-content\/uploads\/2022\/07\/Wafer-Swing-Check-Valve-2.jpg 800w\" sizes=\"auto, (max-width: 300px) 100vw, 300px\" \/><\/p>\n<h2>Como funciona uma v\u00e1lvula de reten\u00e7\u00e3o oscilante Wafer?<\/h2>\n<p>O perfil semelhante a um wafer da v\u00e1lvula a torna uma \u00f3tima op\u00e7\u00e3o para sistemas que exigem comprimentos curtos de remo\u00e7\u00e3o. As v\u00e1lvulas de reten\u00e7\u00e3o wafer funcionam da mesma maneira que as v\u00e1lvulas de reten\u00e7\u00e3o oscilantes. Assim como as v\u00e1lvulas de reten\u00e7\u00e3o oscilantes, as v\u00e1lvulas de reten\u00e7\u00e3o wafer s\u00e3o compostas por um disco e um arranjo de sede. Quando o material flui em uma dire\u00e7\u00e3o, o fluxo levanta o disco do assento. Isso permite que o material flua atrav\u00e9s da v\u00e1lvula. Se e quando o fluxo inverte a dire\u00e7\u00e3o atrav\u00e9s da v\u00e1lvula, o fluxo de material empurra o disco de volta para o arranjo de sede, fechando assim a v\u00e1lvula do fluxo de material.<br \/>\nAs v\u00e1lvulas de reten\u00e7\u00e3o Wafer s\u00e3o projetadas para serem finas e com pouca probabilidade de entupir. Este design os torna ideais para uso com materiais que contenham part\u00edculas s\u00f3lidas ou detritos. Este tipo de v\u00e1lvula pode ser montada verticalmente ou horizontalmente, desde que a contrapress\u00e3o necess\u00e1ria para assentar a v\u00e1lvula de reten\u00e7\u00e3o seja suficiente. Est\u00e3o dispon\u00edveis mecanismos para ajudar a fornecer v\u00e1lvulas de assist\u00eancia caso a contrapress\u00e3o seja insuficiente.<\/p>\n<h2>Aplica\u00e7\u00f5es da v\u00e1lvula de reten\u00e7\u00e3o oscilante wafer<\/h2>\n<ul>\n<li>Vapor<\/li>\n<li>\u00c1gua quente e fria<\/li>\n<li>Engenharia de Energia e Calor<\/li>\n<li>Ar Pressurizado<\/li>\n<li>Tecnologias Industriais<\/li>\n<li>Fluidos sem propriedades de acidez ou alcalinidade<\/li>\n<\/ul>\n<h2>Vantagens da v\u00e1lvula de reten\u00e7\u00e3o oscilante wafer<\/h2>\n<ul>\n<li>Minimiza o suporte da tubula\u00e7\u00e3o com o corpo compacto em estilo wafer. Esta linha de v\u00e1lvulas de reten\u00e7\u00e3o wafer \u00e9 duas a tr\u00eas vezes mais leve do que as v\u00e1lvulas de reten\u00e7\u00e3o tradicionais de corpo inteiro.<\/li>\n<li>Para atender aplica\u00e7\u00f5es e condi\u00e7\u00f5es de servi\u00e7o especiais, essas v\u00e1lvulas podem ser oferecidas com diversas op\u00e7\u00f5es, como limpeza sem silicone, limpeza com oxig\u00eanio, servi\u00e7o vertical, opera\u00e7\u00e3o \u00e0 esquerda, alavancas, pesos e almofadas.<\/li>\n<li>Para meios contendo mat\u00e9ria fibrosa ou c\u00e1ustica, oferecem uma mola externa que elimina a mola do caminho do fluxo. Isto proibir\u00e1 a possibilidade de enrolamento da fibra em torno da mola ou de ataque qu\u00edmico \u00e0 mola.<\/li>\n<li>A manuten\u00e7\u00e3o \u00e9 m\u00ednima com a sede do anel de veda\u00e7\u00e3o substitu\u00edvel em campo, dispon\u00edvel em todos os estilos e tamanhos.<\/li>\n<\/ul>","protected":false},"excerpt":{"rendered":"<p>A v\u00e1lvula de reten\u00e7\u00e3o Wafer Swing recebe esse nome devido ao seu design fino como wafer. Essas v\u00e1lvulas s\u00e3o elegantes e feitas para caber em espa\u00e7os apertados\u2026 <a title=\"V\u00e1lvula de reten\u00e7\u00e3o oscilante de wafer\" class=\"read-more\" href=\"https:\/\/zecovalve.com\/pt\/produto\/wafer-swing-check-valve\" aria-label=\"Mais em V\u00e1lvula de reten\u00e7\u00e3o oscilante Wafer\">Ler mais<\/a><\/p>","protected":false},"featured_media":27937,"comment_status":"closed","ping_status":"closed","template":"","meta":{"_generate-full-width-content":"","kt_blocks_editor_width":""},"product_cat":[2455,2067,2442],"product_tag":[2657,2661,2660,2725,2723],"class_list":["post-17931","product","type-product","status-publish","has-post-thumbnail","hentry","product_cat-check-valve","product_cat-swing-check-valve","product_cat-wafer-check-valve","product_tag-non-return-valve","product_tag-nrv-valve","product_tag-swing-check-valve","product_tag-wafer-check-valve","product_tag-what-is-a-valve","sales-flash-overlay","woocommerce-text-align-center","woocommerce-image-align-center","do-quantity-buttons"],"featured_image_src_large":["https:\/\/zecovalve.com\/wp-content\/uploads\/2022\/07\/Wafer-Swing-Check-Valve-2.jpg",800,600,false],"author_info":[],"comment_info":0,"taxonomy_info":{"product_cat":[{"value":2455,"label":"Check Valve"},{"value":2067,"label":"Swing Check Valve"},{"value":2442,"label":"Wafer Check Valve"}],"product_tag":[{"value":2657,"label":"Non Return Valve"},{"value":2661,"label":"NRV Valve"},{"value":2660,"label":"Swing Check Valve"},{"value":2725,"label":"Wafer Check Valve"},{"value":2723,"label":"What is a Valve"}]},"yoast_head":"<!-- This site is optimized with the Yoast SEO Premium plugin v15.4 - https:\/\/yoast.com\/wordpress\/plugins\/seo\/ -->\n<title>Wafer Swing Check Valve - ZECO Valve<\/title>\n<meta name=\"robots\" content=\"index, follow, max-snippet:-1, max-image-preview:large, max-video-preview:-1\" \/>\n<link rel=\"canonical\" href=\"https:\/\/zecovalve.com\/pt\/produto\/wafer-swing-check-valve\" \/>\n<meta property=\"og:locale\" content=\"pt_PT\" \/>\n<meta property=\"og:type\" content=\"article\" \/>\n<meta property=\"og:title\" content=\"Wafer Swing Check Valve - ZECO Valve\" \/>\n<meta property=\"og:description\" content=\"Wafer Swing Check Valve gets its name from its wafer-thin design. These valves are sleek and made to fit in tight spaces ... Ler mais\" \/>\n<meta property=\"og:url\" content=\"https:\/\/zecovalve.com\/pt\/produto\/wafer-swing-check-valve\" \/>\n<meta property=\"og:site_name\" content=\"ZECO Valve\" \/>\n<meta property=\"article:modified_time\" content=\"2023-06-17T03:03:04+00:00\" \/>\n<meta property=\"og:image\" content=\"https:\/\/zecovalve.com\/wp-content\/uploads\/2022\/07\/Wafer-Swing-Check-Valve-2.jpg\" \/>\n\t<meta property=\"og:image:width\" content=\"800\" \/>\n\t<meta property=\"og:image:height\" content=\"600\" \/>\n<meta name=\"twitter:card\" content=\"summary_large_image\" \/>\n<meta name=\"twitter:label1\" content=\"Escrito por\">\n\t<meta name=\"twitter:data1\" content=\"Jerry\">\n\t<meta name=\"twitter:label2\" content=\"Tempo estimado de leitura\">\n\t<meta name=\"twitter:data2\" content=\"1 minuto\">\n<script type=\"application\/ld+json\" class=\"yoast-schema-graph\">{\"@context\":\"https:\/\/schema.org\",\"@graph\":[{\"@type\":\"WebSite\",\"@id\":\"https:\/\/zecovalve.com\/#website\",\"url\":\"https:\/\/zecovalve.com\/\",\"name\":\"ZECO Valve\",\"description\":\"Industrial Ball Valve, Gate Valve and Globe Valve Manufacturer\",\"potentialAction\":[{\"@type\":\"SearchAction\",\"target\":\"https:\/\/zecovalve.com\/?s={search_term_string}\",\"query-input\":\"required name=search_term_string\"}],\"inLanguage\":\"pt-PT\"},{\"@type\":\"ImageObject\",\"@id\":\"https:\/\/zecovalve.com\/product\/wafer-swing-check-valve#primaryimage\",\"inLanguage\":\"pt-PT\",\"url\":\"https:\/\/zecovalve.com\/wp-content\/uploads\/2022\/07\/Wafer-Swing-Check-Valve-2.jpg\",\"width\":800,\"height\":600,\"caption\":\"Wafer Swing Check Valve\"},{\"@type\":\"WebPage\",\"@id\":\"https:\/\/zecovalve.com\/product\/wafer-swing-check-valve#webpage\",\"url\":\"https:\/\/zecovalve.com\/product\/wafer-swing-check-valve\",\"name\":\"Wafer Swing Check Valve - ZECO Valve\",\"isPartOf\":{\"@id\":\"https:\/\/zecovalve.com\/#website\"},\"primaryImageOfPage\":{\"@id\":\"https:\/\/zecovalve.com\/product\/wafer-swing-check-valve#primaryimage\"},\"datePublished\":\"2022-07-01T06:26:49+00:00\",\"dateModified\":\"2023-06-17T03:03:04+00:00\",\"breadcrumb\":{\"@id\":\"https:\/\/zecovalve.com\/product\/wafer-swing-check-valve#breadcrumb\"},\"inLanguage\":\"pt-PT\",\"potentialAction\":[{\"@type\":\"ReadAction\",\"target\":[\"https:\/\/zecovalve.com\/product\/wafer-swing-check-valve\"]}]},{\"@type\":\"BreadcrumbList\",\"@id\":\"https:\/\/zecovalve.com\/product\/wafer-swing-check-valve#breadcrumb\",\"itemListElement\":[{\"@type\":\"ListItem\",\"position\":1,\"item\":{\"@type\":\"WebPage\",\"@id\":\"https:\/\/zecovalve.com\/\",\"url\":\"https:\/\/zecovalve.com\/\",\"name\":\"Home\"}},{\"@type\":\"ListItem\",\"position\":2,\"item\":{\"@type\":\"WebPage\",\"@id\":\"https:\/\/zecovalve.com\/product-category\",\"url\":\"https:\/\/zecovalve.com\/product-category\",\"name\":\"Industrial Valve Manufacturer | Water Valve Manufacturer\"}},{\"@type\":\"ListItem\",\"position\":3,\"item\":{\"@type\":\"WebPage\",\"@id\":\"https:\/\/zecovalve.com\/product\/wafer-swing-check-valve\",\"url\":\"https:\/\/zecovalve.com\/product\/wafer-swing-check-valve\",\"name\":\"Wafer Swing Check Valve\"}}]}]}<\/script>\n<!-- \/ Yoast SEO Premium plugin. -->","_links":{"self":[{"href":"https:\/\/zecovalve.com\/pt\/wp-json\/wp\/v2\/product\/17931","targetHints":{"allow":["GET"]}}],"collection":[{"href":"https:\/\/zecovalve.com\/pt\/wp-json\/wp\/v2\/product"}],"about":[{"href":"https:\/\/zecovalve.com\/pt\/wp-json\/wp\/v2\/types\/product"}],"replies":[{"embeddable":true,"href":"https:\/\/zecovalve.com\/pt\/wp-json\/wp\/v2\/comments?post=17931"}],"wp:featuredmedia":[{"embeddable":true,"href":"https:\/\/zecovalve.com\/pt\/wp-json\/wp\/v2\/media\/27937"}],"wp:attachment":[{"href":"https:\/\/zecovalve.com\/pt\/wp-json\/wp\/v2\/media?parent=17931"}],"wp:term":[{"taxonomy":"product_cat","embeddable":true,"href":"https:\/\/zecovalve.com\/pt\/wp-json\/wp\/v2\/product_cat?post=17931"},{"taxonomy":"product_tag","embeddable":true,"href":"https:\/\/zecovalve.com\/pt\/wp-json\/wp\/v2\/product_tag?post=17931"}],"curies":[{"name":"wp","href":"https:\/\/api.w.org\/{rel}","templated":true}]}}