{"id":18002,"date":"2022-07-03T08:08:53","date_gmt":"2022-07-03T08:08:53","guid":{"rendered":"https:\/\/zecovalve.com\/?post_type=product&#038;p=18002"},"modified":"2023-06-16T13:52:24","modified_gmt":"2023-06-16T13:52:24","slug":"dual-plate-check-valve","status":"publish","type":"product","link":"https:\/\/zecovalve.com\/pt\/produto\/dual-plate-check-valve","title":{"rendered":"V\u00e1lvula de reten\u00e7\u00e3o de placa dupla"},"content":{"rendered":"<p><img loading=\"lazy\" decoding=\"async\" class=\"size-medium wp-image-27920\" src=\"https:\/\/zecovalve.com\/wp-content\/uploads\/2022\/07\/Dual-Plate-Check-Valve-1-300x225.jpg\" alt=\"V\u00e1lvula de reten\u00e7\u00e3o de placa dupla\" width=\"300\" height=\"225\" srcset=\"https:\/\/zecovalve.com\/wp-content\/uploads\/2022\/07\/Dual-Plate-Check-Valve-1-300x225.jpg 300w, https:\/\/zecovalve.com\/wp-content\/uploads\/2022\/07\/Dual-Plate-Check-Valve-1-768x576.jpg 768w, https:\/\/zecovalve.com\/wp-content\/uploads\/2022\/07\/Dual-Plate-Check-Valve-1-600x450.jpg 600w, https:\/\/zecovalve.com\/wp-content\/uploads\/2022\/07\/Dual-Plate-Check-Valve-1.jpg 800w\" sizes=\"auto, (max-width: 300px) 100vw, 300px\" \/><\/p>\n<p>Composto por 2 discos fixados ao corpo da v\u00e1lvula por um pino e acionados pela a\u00e7\u00e3o de molas, que iniciam imediatamente o fechamento da v\u00e1lvula, quando o fluido para, s\u00e3o utilizadas v\u00e1lvulas de reten\u00e7\u00e3o de placa dupla para evitar o refluxo e tamb\u00e9m funcionam como preven\u00e7\u00e3o de \u00e1gua martelo.<br \/>\nAs v\u00e1lvulas de reten\u00e7\u00e3o de placa dupla s\u00e3o feitas de uma ampla variedade de materiais, incluindo ferro fundido, a\u00e7os inoxid\u00e1veis especiais, etc. Podem ser de assento macio ou de constru\u00e7\u00e3o met\u00e1lica e tamb\u00e9m possuem a capacidade de ajustar o torque da mola de acordo com a aplica\u00e7\u00e3o, o que o torna um produto adequado para fins gerais e especiais.<\/p>\n<h2>Caracter\u00edsticas da v\u00e1lvula de reten\u00e7\u00e3o de placa dupla:<\/h2>\n<ol>\n<li>Design patenteado sem retentor \u2013 Veda\u00e7\u00e3o de alta integridade, facilita a desmontagem r\u00e1pida no local;<\/li>\n<li>Duas sedes independentes \u2013 Veda\u00e7\u00e3o consistente mesmo em fluxo irregular;<\/li>\n<li>O perfil elevado da sede macia melhora a veda\u00e7\u00e3o;<\/li>\n<li>Forro moldado integralmente;<\/li>\n<li>O pino limitador evita que os discos entrem em contato uns com os outros e, assim, evita danos aos discos. O pino limitador tamb\u00e9m evita a falha da mola, garantindo que os discos n\u00e3o ultrapassem a posi\u00e7\u00e3o totalmente aberta;<\/li>\n<li>Para tamanhos de 6\u201d e superiores, \u00e9 fornecida a op\u00e7\u00e3o de olhal de eleva\u00e7\u00e3o;<\/li>\n<li>Conex\u00f5es de drenagem fornecidas sob demanda<\/li>\n<\/ol>\n<h2>Material da v\u00e1lvula de reten\u00e7\u00e3o de placa dupla:<\/h2>\n<table>\n<tbody>\n<tr class=\"firstRow\">\n<td valign=\"center\">N\u00e3o<\/td>\n<td valign=\"center\">Parte<\/td>\n<td valign=\"center\">Material<\/td>\n<\/tr>\n<tr>\n<td valign=\"center\">1<\/td>\n<td valign=\"center\">Corpo<\/td>\n<td valign=\"center\">ASTM A216 WCB<\/td>\n<\/tr>\n<tr>\n<td valign=\"center\">2<\/td>\n<td valign=\"center\">Anel de assento<\/td>\n<td valign=\"center\">13 Cr<\/td>\n<\/tr>\n<tr>\n<td valign=\"center\">3<\/td>\n<td valign=\"center\">Disco<\/td>\n<td valign=\"center\">ASTM A216 WCB<\/td>\n<\/tr>\n<tr>\n<td valign=\"center\">4<\/td>\n<td valign=\"center\">Primavera<\/td>\n<td valign=\"center\">InconelX 750<\/td>\n<\/tr>\n<tr>\n<td valign=\"center\">5<\/td>\n<td valign=\"center\">Pino<\/td>\n<td valign=\"center\">ASTM A182 F6a<\/td>\n<\/tr>\n<\/tbody>\n<\/table>","protected":false},"excerpt":{"rendered":"<p>Composto por 2 discos fixados ao corpo da v\u00e1lvula por um pino e acionados pela a\u00e7\u00e3o de molas, que iniciam imediatamente \u2026 <a title=\"V\u00e1lvula de reten\u00e7\u00e3o de placa dupla\" class=\"read-more\" href=\"https:\/\/zecovalve.com\/pt\/produto\/dual-plate-check-valve\" aria-label=\"Mais em V\u00e1lvula de reten\u00e7\u00e3o de placa dupla\">Ler mais<\/a><\/p>","protected":false},"featured_media":27920,"comment_status":"closed","ping_status":"closed","template":"","meta":{"_generate-full-width-content":"","kt_blocks_editor_width":""},"product_cat":[2455,2442],"product_tag":[2657,2661,2725],"class_list":["post-18002","product","type-product","status-publish","has-post-thumbnail","hentry","product_cat-check-valve","product_cat-wafer-check-valve","product_tag-non-return-valve","product_tag-nrv-valve","product_tag-wafer-check-valve","sales-flash-overlay","woocommerce-text-align-center","woocommerce-image-align-center","do-quantity-buttons"],"featured_image_src_large":["https:\/\/zecovalve.com\/wp-content\/uploads\/2022\/07\/Dual-Plate-Check-Valve-1.jpg",800,600,false],"author_info":[],"comment_info":0,"taxonomy_info":{"product_cat":[{"value":2455,"label":"Check Valve"},{"value":2442,"label":"Wafer Check Valve"}],"product_tag":[{"value":2657,"label":"Non Return Valve"},{"value":2661,"label":"NRV Valve"},{"value":2725,"label":"Wafer Check Valve"}]},"yoast_head":"<!-- This site is optimized with the Yoast SEO Premium plugin v15.4 - https:\/\/yoast.com\/wordpress\/plugins\/seo\/ -->\n<title>Dual Plate Check Valve - ZECO Valve<\/title>\n<meta name=\"robots\" content=\"index, follow, max-snippet:-1, max-image-preview:large, max-video-preview:-1\" \/>\n<link rel=\"canonical\" href=\"https:\/\/zecovalve.com\/pt\/produto\/dual-plate-check-valve\" \/>\n<meta property=\"og:locale\" content=\"pt_PT\" \/>\n<meta property=\"og:type\" content=\"article\" \/>\n<meta property=\"og:title\" content=\"Dual Plate Check Valve - ZECO Valve\" \/>\n<meta property=\"og:description\" content=\"Consisting of 2 discs attached to the valve body by a pin and operated by the action of springs, which immediately start ... Ler mais\" \/>\n<meta property=\"og:url\" content=\"https:\/\/zecovalve.com\/pt\/produto\/dual-plate-check-valve\" \/>\n<meta property=\"og:site_name\" content=\"ZECO Valve\" \/>\n<meta property=\"article:modified_time\" content=\"2023-06-16T13:52:24+00:00\" \/>\n<meta property=\"og:image\" content=\"https:\/\/zecovalve.com\/wp-content\/uploads\/2022\/07\/Dual-Plate-Check-Valve-1.jpg\" \/>\n\t<meta property=\"og:image:width\" content=\"800\" \/>\n\t<meta property=\"og:image:height\" content=\"600\" \/>\n<meta name=\"twitter:card\" content=\"summary_large_image\" \/>\n<meta name=\"twitter:label1\" content=\"Escrito por\">\n\t<meta name=\"twitter:data1\" content=\"Jerry\">\n\t<meta name=\"twitter:label2\" content=\"Tempo estimado de leitura\">\n\t<meta name=\"twitter:data2\" content=\"1 minuto\">\n<script type=\"application\/ld+json\" class=\"yoast-schema-graph\">{\"@context\":\"https:\/\/schema.org\",\"@graph\":[{\"@type\":\"WebSite\",\"@id\":\"https:\/\/zecovalve.com\/#website\",\"url\":\"https:\/\/zecovalve.com\/\",\"name\":\"ZECO Valve\",\"description\":\"Industrial Ball Valve, Gate Valve and Globe Valve Manufacturer\",\"potentialAction\":[{\"@type\":\"SearchAction\",\"target\":\"https:\/\/zecovalve.com\/?s={search_term_string}\",\"query-input\":\"required name=search_term_string\"}],\"inLanguage\":\"pt-PT\"},{\"@type\":\"ImageObject\",\"@id\":\"https:\/\/zecovalve.com\/product\/dual-plate-check-valve#primaryimage\",\"inLanguage\":\"pt-PT\",\"url\":\"https:\/\/zecovalve.com\/wp-content\/uploads\/2022\/07\/Dual-Plate-Check-Valve-1.jpg\",\"width\":800,\"height\":600,\"caption\":\"Dual Plate Check Valve\"},{\"@type\":\"WebPage\",\"@id\":\"https:\/\/zecovalve.com\/product\/dual-plate-check-valve#webpage\",\"url\":\"https:\/\/zecovalve.com\/product\/dual-plate-check-valve\",\"name\":\"Dual Plate Check Valve - ZECO Valve\",\"isPartOf\":{\"@id\":\"https:\/\/zecovalve.com\/#website\"},\"primaryImageOfPage\":{\"@id\":\"https:\/\/zecovalve.com\/product\/dual-plate-check-valve#primaryimage\"},\"datePublished\":\"2022-07-03T08:08:53+00:00\",\"dateModified\":\"2023-06-16T13:52:24+00:00\",\"breadcrumb\":{\"@id\":\"https:\/\/zecovalve.com\/product\/dual-plate-check-valve#breadcrumb\"},\"inLanguage\":\"pt-PT\",\"potentialAction\":[{\"@type\":\"ReadAction\",\"target\":[\"https:\/\/zecovalve.com\/product\/dual-plate-check-valve\"]}]},{\"@type\":\"BreadcrumbList\",\"@id\":\"https:\/\/zecovalve.com\/product\/dual-plate-check-valve#breadcrumb\",\"itemListElement\":[{\"@type\":\"ListItem\",\"position\":1,\"item\":{\"@type\":\"WebPage\",\"@id\":\"https:\/\/zecovalve.com\/\",\"url\":\"https:\/\/zecovalve.com\/\",\"name\":\"Home\"}},{\"@type\":\"ListItem\",\"position\":2,\"item\":{\"@type\":\"WebPage\",\"@id\":\"https:\/\/zecovalve.com\/product-category\",\"url\":\"https:\/\/zecovalve.com\/product-category\",\"name\":\"Industrial Valve Manufacturer | Water Valve Manufacturer\"}},{\"@type\":\"ListItem\",\"position\":3,\"item\":{\"@type\":\"WebPage\",\"@id\":\"https:\/\/zecovalve.com\/product\/dual-plate-check-valve\",\"url\":\"https:\/\/zecovalve.com\/product\/dual-plate-check-valve\",\"name\":\"Dual Plate Check Valve\"}}]}]}<\/script>\n<!-- \/ Yoast SEO Premium plugin. -->","_links":{"self":[{"href":"https:\/\/zecovalve.com\/pt\/wp-json\/wp\/v2\/product\/18002","targetHints":{"allow":["GET"]}}],"collection":[{"href":"https:\/\/zecovalve.com\/pt\/wp-json\/wp\/v2\/product"}],"about":[{"href":"https:\/\/zecovalve.com\/pt\/wp-json\/wp\/v2\/types\/product"}],"replies":[{"embeddable":true,"href":"https:\/\/zecovalve.com\/pt\/wp-json\/wp\/v2\/comments?post=18002"}],"wp:featuredmedia":[{"embeddable":true,"href":"https:\/\/zecovalve.com\/pt\/wp-json\/wp\/v2\/media\/27920"}],"wp:attachment":[{"href":"https:\/\/zecovalve.com\/pt\/wp-json\/wp\/v2\/media?parent=18002"}],"wp:term":[{"taxonomy":"product_cat","embeddable":true,"href":"https:\/\/zecovalve.com\/pt\/wp-json\/wp\/v2\/product_cat?post=18002"},{"taxonomy":"product_tag","embeddable":true,"href":"https:\/\/zecovalve.com\/pt\/wp-json\/wp\/v2\/product_tag?post=18002"}],"curies":[{"name":"wp","href":"https:\/\/api.w.org\/{rel}","templated":true}]}}