{"id":18004,"date":"2022-07-03T08:33:32","date_gmt":"2022-07-03T08:33:32","guid":{"rendered":"https:\/\/zecovalve.com\/?post_type=product&#038;p=18004"},"modified":"2023-08-17T05:33:04","modified_gmt":"2023-08-17T05:33:04","slug":"wafer-type-check-valve","status":"publish","type":"product","link":"https:\/\/zecovalve.com\/pt\/produto\/wafer-type-check-valve","title":{"rendered":"V\u00e1lvula de reten\u00e7\u00e3o tipo wafer"},"content":{"rendered":"<h1 class=\"sep-title\"><\/h1>\n<p><img loading=\"lazy\" decoding=\"async\" class=\"wp-image-27928 size-medium\" src=\"https:\/\/zecovalve.com\/wp-content\/uploads\/2022\/07\/Wafer-Type-Check-Valve-1-300x225.jpg\" alt=\"V\u00e1lvula de reten\u00e7\u00e3o tipo wafer\" width=\"300\" height=\"225\" srcset=\"https:\/\/zecovalve.com\/wp-content\/uploads\/2022\/07\/Wafer-Type-Check-Valve-1-300x225.jpg 300w, https:\/\/zecovalve.com\/wp-content\/uploads\/2022\/07\/Wafer-Type-Check-Valve-1-768x576.jpg 768w, https:\/\/zecovalve.com\/wp-content\/uploads\/2022\/07\/Wafer-Type-Check-Valve-1-600x450.jpg 600w, https:\/\/zecovalve.com\/wp-content\/uploads\/2022\/07\/Wafer-Type-Check-Valve-1.jpg 800w\" sizes=\"auto, (max-width: 300px) 100vw, 300px\" \/><\/p>\n<h1 class=\"sep-title\"><a style=\"font-size: 17px;\" href=\"https:\/\/zecovalve.com\/pt\/contact\/\"><strong>OBTER PRE\u00c7O DA V\u00c1LVULA<\/strong><\/a><\/h1>\n<div class=\"richtext\">\n<h2>Descri\u00e7\u00e3o da v\u00e1lvula de reten\u00e7\u00e3o tipo wafer:<\/h2>\n<p>As v\u00e1lvulas de reten\u00e7\u00e3o Wafer s\u00e3o nomeadas devido ao seu tamanho compacto. O pequeno tamanho da v\u00e1lvula permite que ela seja instalada entre um conjunto de flanges. Flanges s\u00e3o materiais projetados para conectar tubos, v\u00e1lvulas e v\u00e1rios equipamentos de tubula\u00e7\u00e3o com a finalidade de criar um sistema de tubula\u00e7\u00e3o. Eles ajudam a fornecer acesso r\u00e1pido caso seja necess\u00e1ria limpeza ou outra manuten\u00e7\u00e3o.<\/p>\n<h2>Caracter\u00edsticas da v\u00e1lvula de reten\u00e7\u00e3o tipo wafer:<\/h2>\n<ol>\n<li>O curso do disco \u00e9 curto com menos for\u00e7a de impacto causada pelo fechamento da v\u00e1lvula;<\/li>\n<li>O disco fecha rapidamente com menos press\u00e3o do golpe de ar\u00edete. A press\u00e3o do golpe de ar\u00edete \u00e9 de apenas 1\/2 a 1\/5 vezes a da v\u00e1lvula de reten\u00e7\u00e3o de giro tipo flange e da v\u00e1lvula de reten\u00e7\u00e3o de eleva\u00e7\u00e3o tipo flange;<\/li>\n<li>Baixa resist\u00eancia ao fluxo;<\/li>\n<li>Instala\u00e7\u00e3o horizontal e vertical dispon\u00edvel;<\/li>\n<li>Diferencial de press\u00e3o de abertura (craqueamento) muito baixo;<\/li>\n<li>Mais confi\u00e1vel devido \u00e0s menores for\u00e7as de impacto e menos golpe de ar\u00edete.<\/li>\n<\/ol>\n<h2>Material da v\u00e1lvula de reten\u00e7\u00e3o tipo wafer:<\/h2>\n<table>\n<tbody>\n<tr class=\"firstRow\">\n<td valign=\"center\">N\u00e3o<\/td>\n<td valign=\"center\">Parte<\/td>\n<td valign=\"center\">Material<\/td>\n<\/tr>\n<tr>\n<td valign=\"center\">1<\/td>\n<td valign=\"center\">Corpo<\/td>\n<td valign=\"center\">ASTM A351 CF8<\/td>\n<\/tr>\n<tr>\n<td valign=\"center\">2<\/td>\n<td valign=\"center\">Anel de assento<\/td>\n<td valign=\"center\">ASTM A182 F304<\/td>\n<\/tr>\n<tr>\n<td valign=\"center\">3<\/td>\n<td valign=\"center\">Disco<\/td>\n<td valign=\"center\">ASTM A351 CF8<\/td>\n<\/tr>\n<tr>\n<td valign=\"center\">4<\/td>\n<td valign=\"center\">Primavera<\/td>\n<td valign=\"center\">InconelX 750<\/td>\n<\/tr>\n<tr>\n<td valign=\"center\">5<\/td>\n<td valign=\"center\">Pino<\/td>\n<td valign=\"center\">ASTM A182 F304<\/td>\n<\/tr>\n<\/tbody>\n<\/table>\n<\/div>\n<h2><\/h2>","protected":false},"excerpt":{"rendered":"<p>OBTER PRE\u00c7O DA V\u00c1LVULA Descri\u00e7\u00e3o da v\u00e1lvula de reten\u00e7\u00e3o tipo Wafer: As v\u00e1lvulas de reten\u00e7\u00e3o Wafer s\u00e3o nomeadas por seu tamanho compacto. O pequeno tamanho de\u2026 <a title=\"V\u00e1lvula de reten\u00e7\u00e3o tipo wafer\" class=\"read-more\" href=\"https:\/\/zecovalve.com\/pt\/produto\/wafer-type-check-valve\" aria-label=\"Mais em V\u00e1lvula de Reten\u00e7\u00e3o Tipo Wafer\">Ler mais<\/a><\/p>","protected":false},"featured_media":27928,"comment_status":"closed","ping_status":"closed","template":"","meta":{"_generate-full-width-content":"","kt_blocks_editor_width":""},"product_cat":[2455,2442],"product_tag":[2657,2661,2725],"class_list":["post-18004","product","type-product","status-publish","has-post-thumbnail","hentry","product_cat-check-valve","product_cat-wafer-check-valve","product_tag-non-return-valve","product_tag-nrv-valve","product_tag-wafer-check-valve","sales-flash-overlay","woocommerce-text-align-center","woocommerce-image-align-center","do-quantity-buttons"],"featured_image_src_large":["https:\/\/zecovalve.com\/wp-content\/uploads\/2022\/07\/Wafer-Type-Check-Valve-1.jpg",800,600,false],"author_info":[],"comment_info":0,"taxonomy_info":{"product_cat":[{"value":2455,"label":"Check Valve"},{"value":2442,"label":"Wafer Check Valve"}],"product_tag":[{"value":2657,"label":"Non Return Valve"},{"value":2661,"label":"NRV Valve"},{"value":2725,"label":"Wafer Check Valve"}]},"yoast_head":"<!-- This site is optimized with the Yoast SEO Premium plugin v15.4 - https:\/\/yoast.com\/wordpress\/plugins\/seo\/ -->\n<title>Wafer Type Check Valve - ZECO Valve<\/title>\n<meta name=\"robots\" content=\"index, follow, max-snippet:-1, max-image-preview:large, max-video-preview:-1\" \/>\n<link rel=\"canonical\" href=\"https:\/\/zecovalve.com\/pt\/produto\/wafer-type-check-valve\" \/>\n<meta property=\"og:locale\" content=\"pt_PT\" \/>\n<meta property=\"og:type\" content=\"article\" \/>\n<meta property=\"og:title\" content=\"Wafer Type Check Valve - ZECO Valve\" \/>\n<meta property=\"og:description\" content=\"GET VALVE PRICE Description of Wafer Type Check Valve: Wafer check valves are named for their compact size. The small size of ... Ler mais\" \/>\n<meta property=\"og:url\" content=\"https:\/\/zecovalve.com\/pt\/produto\/wafer-type-check-valve\" \/>\n<meta property=\"og:site_name\" content=\"ZECO Valve\" \/>\n<meta property=\"article:modified_time\" content=\"2023-08-17T05:33:04+00:00\" \/>\n<meta property=\"og:image\" content=\"https:\/\/zecovalve.com\/wp-content\/uploads\/2022\/07\/Wafer-Type-Check-Valve-1.jpg\" \/>\n\t<meta property=\"og:image:width\" content=\"800\" \/>\n\t<meta property=\"og:image:height\" content=\"600\" \/>\n<meta name=\"twitter:card\" content=\"summary_large_image\" \/>\n<meta name=\"twitter:label1\" content=\"Escrito por\">\n\t<meta name=\"twitter:data1\" content=\"Jerry\">\n\t<meta name=\"twitter:label2\" content=\"Tempo estimado de leitura\">\n\t<meta name=\"twitter:data2\" content=\"1 minuto\">\n<script type=\"application\/ld+json\" class=\"yoast-schema-graph\">{\"@context\":\"https:\/\/schema.org\",\"@graph\":[{\"@type\":\"WebSite\",\"@id\":\"https:\/\/zecovalve.com\/#website\",\"url\":\"https:\/\/zecovalve.com\/\",\"name\":\"ZECO Valve\",\"description\":\"Industrial Ball Valve, Gate Valve and Globe Valve Manufacturer\",\"potentialAction\":[{\"@type\":\"SearchAction\",\"target\":\"https:\/\/zecovalve.com\/?s={search_term_string}\",\"query-input\":\"required name=search_term_string\"}],\"inLanguage\":\"pt-PT\"},{\"@type\":\"ImageObject\",\"@id\":\"https:\/\/zecovalve.com\/product\/wafer-type-check-valve#primaryimage\",\"inLanguage\":\"pt-PT\",\"url\":\"https:\/\/zecovalve.com\/wp-content\/uploads\/2022\/07\/Wafer-Type-Check-Valve-1.jpg\",\"width\":800,\"height\":600,\"caption\":\"Wafer Type Check Valve\"},{\"@type\":\"WebPage\",\"@id\":\"https:\/\/zecovalve.com\/product\/wafer-type-check-valve#webpage\",\"url\":\"https:\/\/zecovalve.com\/product\/wafer-type-check-valve\",\"name\":\"Wafer Type Check Valve - ZECO Valve\",\"isPartOf\":{\"@id\":\"https:\/\/zecovalve.com\/#website\"},\"primaryImageOfPage\":{\"@id\":\"https:\/\/zecovalve.com\/product\/wafer-type-check-valve#primaryimage\"},\"datePublished\":\"2022-07-03T08:33:32+00:00\",\"dateModified\":\"2023-08-17T05:33:04+00:00\",\"breadcrumb\":{\"@id\":\"https:\/\/zecovalve.com\/product\/wafer-type-check-valve#breadcrumb\"},\"inLanguage\":\"pt-PT\",\"potentialAction\":[{\"@type\":\"ReadAction\",\"target\":[\"https:\/\/zecovalve.com\/product\/wafer-type-check-valve\"]}]},{\"@type\":\"BreadcrumbList\",\"@id\":\"https:\/\/zecovalve.com\/product\/wafer-type-check-valve#breadcrumb\",\"itemListElement\":[{\"@type\":\"ListItem\",\"position\":1,\"item\":{\"@type\":\"WebPage\",\"@id\":\"https:\/\/zecovalve.com\/\",\"url\":\"https:\/\/zecovalve.com\/\",\"name\":\"Home\"}},{\"@type\":\"ListItem\",\"position\":2,\"item\":{\"@type\":\"WebPage\",\"@id\":\"https:\/\/zecovalve.com\/product-category\",\"url\":\"https:\/\/zecovalve.com\/product-category\",\"name\":\"Industrial Valve Manufacturer | Water Valve Manufacturer\"}},{\"@type\":\"ListItem\",\"position\":3,\"item\":{\"@type\":\"WebPage\",\"@id\":\"https:\/\/zecovalve.com\/product\/wafer-type-check-valve\",\"url\":\"https:\/\/zecovalve.com\/product\/wafer-type-check-valve\",\"name\":\"Wafer Type Check Valve\"}}]}]}<\/script>\n<!-- \/ Yoast SEO Premium plugin. -->","_links":{"self":[{"href":"https:\/\/zecovalve.com\/pt\/wp-json\/wp\/v2\/product\/18004","targetHints":{"allow":["GET"]}}],"collection":[{"href":"https:\/\/zecovalve.com\/pt\/wp-json\/wp\/v2\/product"}],"about":[{"href":"https:\/\/zecovalve.com\/pt\/wp-json\/wp\/v2\/types\/product"}],"replies":[{"embeddable":true,"href":"https:\/\/zecovalve.com\/pt\/wp-json\/wp\/v2\/comments?post=18004"}],"wp:featuredmedia":[{"embeddable":true,"href":"https:\/\/zecovalve.com\/pt\/wp-json\/wp\/v2\/media\/27928"}],"wp:attachment":[{"href":"https:\/\/zecovalve.com\/pt\/wp-json\/wp\/v2\/media?parent=18004"}],"wp:term":[{"taxonomy":"product_cat","embeddable":true,"href":"https:\/\/zecovalve.com\/pt\/wp-json\/wp\/v2\/product_cat?post=18004"},{"taxonomy":"product_tag","embeddable":true,"href":"https:\/\/zecovalve.com\/pt\/wp-json\/wp\/v2\/product_tag?post=18004"}],"curies":[{"name":"wp","href":"https:\/\/api.w.org\/{rel}","templated":true}]}}