{"id":18082,"date":"2022-07-06T08:43:40","date_gmt":"2022-07-06T08:43:40","guid":{"rendered":"https:\/\/zecovalve.com\/?post_type=product&#038;p=18082"},"modified":"2023-06-26T06:46:40","modified_gmt":"2023-06-26T06:46:40","slug":"air-vent-valve","status":"publish","type":"product","link":"https:\/\/zecovalve.com\/pt\/produto\/air-vent-valve","title":{"rendered":"V\u00e1lvula de ventila\u00e7\u00e3o de ar"},"content":{"rendered":"<p>A v\u00e1lvula ZECO \u00e9 um fabricante profissional de v\u00e1lvula de ventila\u00e7\u00e3o de ar<\/p>\r\n\r\n\r\n\r\n<figure id=\"attachment_16152\" class=\"wp-block-image size-full is-resized\"><img loading=\"lazy\" decoding=\"async\" class=\"wp-image-18081\" src=\"https:\/\/zecovalve.com\/wp-content\/uploads\/2022\/07\/Air-Vent-Valve-1.jpg\" alt=\"\" width=\"217\" height=\"198\" srcset=\"https:\/\/zecovalve.com\/wp-content\/uploads\/2022\/07\/Air-Vent-Valve-1.jpg 866w, https:\/\/zecovalve.com\/wp-content\/uploads\/2022\/07\/Air-Vent-Valve-1-300x274.jpg 300w, https:\/\/zecovalve.com\/wp-content\/uploads\/2022\/07\/Air-Vent-Valve-1-768x701.jpg 768w, https:\/\/zecovalve.com\/wp-content\/uploads\/2022\/07\/Air-Vent-Valve-1-600x548.jpg 600w\" sizes=\"auto, (max-width: 217px) 100vw, 217px\" \/><\/figure>\r\n\r\n\r\n<div class=\"gb-button-wrapper gb-button-wrapper-6d8495a3\">\r\n\r\n\r\n<p><a class=\"gb-button gb-button-3d442e11 gb-button-text\" href=\"https:\/\/zecovalve.com\/pt\/contact\/\" target=\"_blank\" rel=\"noopener noreferrer\"><strong>OBTER PRE\u00c7O DA V\u00c1LVULA<\/strong><\/a><\/p>\r\n<\/div>\r\n\r\n\r\n\r\n\r\n<h2 class=\"wp-block-heading\" id=\"h-what-is-an-air-vent-valve\">O que \u00e9 uma v\u00e1lvula de ventila\u00e7\u00e3o de ar?<\/h2>\r\n\r\n\r\n\r\n<p>Uma v\u00e1lvula de ventila\u00e7\u00e3o \u00e9 um dispositivo de seguran\u00e7a que descarrega ar na tubula\u00e7\u00e3o de abastecimento de \u00e1gua para evitar problemas relacionados ao ar nos sistemas de tubula\u00e7\u00e3o de \u00e1gua.<\/p>\r\n\r\n\r\n\r\n<h2 class=\"wp-block-heading\">Como funciona uma v\u00e1lvula de ventila\u00e7\u00e3o de ar?<\/h2>\r\n\r\n\r\n\r\n<p>Quando o l\u00edquido \u00e9 bombeado atrav\u00e9s do sistema na inicializa\u00e7\u00e3o, o ar inicial dentro da tubula\u00e7\u00e3o \u00e9 empurrado para dentro da ventila\u00e7\u00e3o de ar pela press\u00e3o do fluxo. A b\u00f3ia permanece na parte inferior do respiradouro, permitindo que a v\u00e1lvula permane\u00e7a aberta e descarregue o ar continuamente.<\/p>\r\n\r\n\r\n\r\n<p>Ap\u00f3s a ventila\u00e7\u00e3o de ar inicial, o l\u00edquido flui para a ventila\u00e7\u00e3o de ar. A b\u00f3ia sobe com o l\u00edquido ascendente e fecha a v\u00e1lvula.<\/p>\r\n\r\n\r\n\r\n<p>Se o ar entrar na ventila\u00e7\u00e3o enquanto ela estiver fechada, o n\u00edvel do l\u00edquido cai e a b\u00f3ia desce, permitindo que a v\u00e1lvula abra e descarregue o ar mais uma vez.<\/p>\r\n\r\n\r\n\r\n<h2 class=\"wp-block-heading\">Para que s\u00e3o utilizadas as v\u00e1lvulas de ventila\u00e7\u00e3o de ar?<\/h2>\r\n\r\n\r\n\r\n<ul class=\"wp-block-list\">\r\n<li>Para proteger materiais e sistemas de tubula\u00e7\u00f5es contra corros\u00e3o causada pelo ar (oxig\u00eanio).<\/li>\r\n<li>Para evitar salpicos de \u00e1gua na torneira devido \u00e0 exist\u00eancia de ar.<\/li>\r\n<li>Para prevenir o ru\u00eddo resultante da entrada de ar nos sistemas de abastecimento de \u00e1gua fria\/quente, sistemas de ar condicionado e outros sistemas.<\/li>\r\n<li>Para o arranque suave e o funcionamento est\u00e1vel do abastecimento de \u00e1gua e outros sistemas\/dispositivos atrav\u00e9s da descarga de ar no momento do transporte inicial de \u00e1gua.<\/li>\r\n<\/ul>\r\n\r\n\r\n\r\n<h2 class=\"wp-block-heading\">Aplica\u00e7\u00f5es da v\u00e1lvula de ventila\u00e7\u00e3o de ar<\/h2>\r\n\r\n\r\n\r\n<ul class=\"wp-block-list\">\r\n<li>Sistema de abastecimento de \u00e1gua fria e quente<\/li>\r\n<li>Caldeira de \u00e1gua quente<\/li>\r\n<li>Sistema solar de \u00e1gua quente<\/li>\r\n<li>Outros v\u00e1rios dispositivos<\/li>\r\n<li>Sistema de ar condicionado<\/li>\r\n<li>Aparelho aquecedor de \u00e1gua quente<\/li>\r\n<li>Tanque de press\u00e3o<\/li>\r\n<\/ul>\r\n\r\n\r\n\r\n<h2 class=\"wp-block-heading\" id=\"h-features-of-air-vent-valves\">Caracter\u00edsticas das v\u00e1lvulas de ventila\u00e7\u00e3o de ar:<\/h2>\r\n\r\n\r\n\r\n<ul class=\"wp-block-list\">\r\n<li>Alta qualidade: O mecanismo de exaust\u00e3o \u00e9 muito confi\u00e1vel e \u00e9 fundido a partir de componentes de alta precis\u00e3o<\/li>\r\n<li>Bom recurso: Esta v\u00e1lvula apresenta resist\u00eancia a altas temperaturas, prote\u00e7\u00e3o contra ferrugem e veda\u00e7\u00e3o confi\u00e1vel.<\/li>\r\n<li>Design requintado: A bandeja de separa\u00e7\u00e3o de vapor e \u00e1gua \u00e9 projetada com estrutura especial para garantir que a \u00e1gua n\u00e3o seja descarregada durante a exaust\u00e3o. Enquanto o sistema tiver press\u00e3o, a v\u00e1lvula de escape continuar\u00e1 a ventilar.<\/li>\r\n<li>Pr\u00e1tico: \u00c9 conveniente para desmontagem e manuten\u00e7\u00e3o, enquanto a \u00e1gua do sistema n\u00e3o escoa, n\u00e3o havendo necessidade de esvaziar o sistema.<\/li>\r\n<li>A bandeja de separa\u00e7\u00e3o de vapor e \u00e1gua foi projetada com estrutura especial para garantir que a \u00e1gua n\u00e3o seja descarregada durante a exaust\u00e3o.<\/li>\r\n<\/ul>\r\n\r\n\r\n\r\n<h2 class=\"wp-block-heading\" id=\"h-material-of-air-vent-valves\">Material das v\u00e1lvulas de ventila\u00e7\u00e3o de ar:<\/h2>\r\n\r\n\r\n\r\n<figure class=\"wp-block-table\">\r\n<table>\r\n<tbody>\r\n<tr>\r\n<td>N\u00e3o<\/td>\r\n<td>Parte<\/td>\r\n<td>Material<\/td>\r\n<\/tr>\r\n<tr>\r\n<td>1<\/td>\r\n<td>Corpo<\/td>\r\n<td>Lat\u00e3o CW 617N<\/td>\r\n<\/tr>\r\n<tr>\r\n<td>2<\/td>\r\n<td>Bon\u00e9<\/td>\r\n<td>Lat\u00e3o CW 617N<\/td>\r\n<\/tr>\r\n<tr>\r\n<td>3<\/td>\r\n<td>Flutuador<\/td>\r\n<td>Polietileno<\/td>\r\n<\/tr>\r\n<tr>\r\n<td>4<\/td>\r\n<td>Bon\u00e9<\/td>\r\n<td>Polietileno<\/td>\r\n<\/tr>\r\n<tr>\r\n<td>5<\/td>\r\n<td>M\u00e1quina de lavar<\/td>\r\n<td>Lat\u00e3o<\/td>\r\n<\/tr>\r\n<tr>\r\n<td>6<\/td>\r\n<td>Jun\u00e7\u00e3o<\/td>\r\n<td>Resina Acetal<\/td>\r\n<\/tr>\r\n<tr>\r\n<td>7<\/td>\r\n<td>Alavanca<\/td>\r\n<td>Resina Acetal<\/td>\r\n<\/tr>\r\n<tr>\r\n<td>8<\/td>\r\n<td>Parar<\/td>\r\n<td>Resina Acetal<\/td>\r\n<\/tr>\r\n<\/tbody>\r\n<\/table>\r\n<\/figure>","protected":false},"excerpt":{"rendered":"<p>A v\u00e1lvula ZECO \u00e9 um fabricante profissional de v\u00e1lvula de ventila\u00e7\u00e3o de ar. O que \u00e9 uma v\u00e1lvula de ventila\u00e7\u00e3o de ar? Uma v\u00e1lvula de ventila\u00e7\u00e3o \u00e9 uma seguran\u00e7a ... <a title=\"V\u00e1lvula de ventila\u00e7\u00e3o de ar\" class=\"read-more\" href=\"https:\/\/zecovalve.com\/pt\/produto\/air-vent-valve\" aria-label=\"Mais em V\u00e1lvula de ventila\u00e7\u00e3o\">Ler mais<\/a><\/p>","protected":false},"featured_media":27971,"comment_status":"closed","ping_status":"closed","template":"","meta":{"_generate-full-width-content":"","kt_blocks_editor_width":""},"product_cat":[2520],"product_tag":[2796,2654,2765],"class_list":["post-18082","product","type-product","status-publish","has-post-thumbnail","hentry","product_cat-air-valve","product_tag-air-vent-valve","product_tag-hvac-valve","product_tag-vent-valve","sales-flash-overlay","woocommerce-text-align-center","woocommerce-image-align-center","do-quantity-buttons"],"featured_image_src_large":["https:\/\/zecovalve.com\/wp-content\/uploads\/2022\/07\/Air-Vent-Valve-2.jpg",800,600,false],"author_info":[],"comment_info":0,"taxonomy_info":{"product_cat":[{"value":2520,"label":"Air Valve Manufacturer and Supplier"}],"product_tag":[{"value":2796,"label":"Air Vent Valve"},{"value":2654,"label":"HVAC Valve"},{"value":2765,"label":"Vent Valve"}]},"yoast_head":"<!-- This site is optimized with the Yoast SEO Premium plugin v15.4 - https:\/\/yoast.com\/wordpress\/plugins\/seo\/ -->\n<title>Air Vent Valve - Vent Valve Manufacturer | ZECO Valve<\/title>\n<meta name=\"robots\" content=\"index, follow, max-snippet:-1, max-image-preview:large, max-video-preview:-1\" \/>\n<link rel=\"canonical\" href=\"https:\/\/zecovalve.com\/pt\/produto\/air-vent-valve\" \/>\n<meta property=\"og:locale\" content=\"pt_PT\" \/>\n<meta property=\"og:type\" content=\"article\" \/>\n<meta property=\"og:title\" content=\"Air Vent Valve - Vent Valve Manufacturer | ZECO Valve\" \/>\n<meta property=\"og:description\" content=\"ZECO Valve is an professional Air Vent Valve manufacturer What is an Air Vent Valve? An air vent valve is a safety ... Ler mais\" \/>\n<meta property=\"og:url\" content=\"https:\/\/zecovalve.com\/pt\/produto\/air-vent-valve\" \/>\n<meta property=\"og:site_name\" content=\"ZECO Valve\" \/>\n<meta property=\"article:modified_time\" content=\"2023-06-26T06:46:40+00:00\" \/>\n<meta property=\"og:image\" content=\"https:\/\/zecovalve.com\/wp-content\/uploads\/2022\/07\/Air-Vent-Valve-2.jpg\" \/>\n\t<meta property=\"og:image:width\" content=\"800\" \/>\n\t<meta property=\"og:image:height\" content=\"600\" \/>\n<meta name=\"twitter:card\" content=\"summary_large_image\" \/>\n<meta name=\"twitter:label1\" content=\"Escrito por\">\n\t<meta name=\"twitter:data1\" content=\"Jerry\">\n\t<meta name=\"twitter:label2\" content=\"Tempo estimado de leitura\">\n\t<meta name=\"twitter:data2\" content=\"2 minutos\">\n<script type=\"application\/ld+json\" class=\"yoast-schema-graph\">{\"@context\":\"https:\/\/schema.org\",\"@graph\":[{\"@type\":\"WebSite\",\"@id\":\"https:\/\/zecovalve.com\/#website\",\"url\":\"https:\/\/zecovalve.com\/\",\"name\":\"ZECO Valve\",\"description\":\"Industrial Ball Valve, Gate Valve and Globe Valve Manufacturer\",\"potentialAction\":[{\"@type\":\"SearchAction\",\"target\":\"https:\/\/zecovalve.com\/?s={search_term_string}\",\"query-input\":\"required name=search_term_string\"}],\"inLanguage\":\"pt-PT\"},{\"@type\":\"ImageObject\",\"@id\":\"https:\/\/zecovalve.com\/product\/air-vent-valve#primaryimage\",\"inLanguage\":\"pt-PT\",\"url\":\"https:\/\/zecovalve.com\/wp-content\/uploads\/2022\/07\/Air-Vent-Valve-2.jpg\",\"width\":800,\"height\":600,\"caption\":\"Air Vent Valve\"},{\"@type\":\"WebPage\",\"@id\":\"https:\/\/zecovalve.com\/product\/air-vent-valve#webpage\",\"url\":\"https:\/\/zecovalve.com\/product\/air-vent-valve\",\"name\":\"Air Vent Valve - Vent Valve Manufacturer | ZECO Valve\",\"isPartOf\":{\"@id\":\"https:\/\/zecovalve.com\/#website\"},\"primaryImageOfPage\":{\"@id\":\"https:\/\/zecovalve.com\/product\/air-vent-valve#primaryimage\"},\"datePublished\":\"2022-07-06T08:43:40+00:00\",\"dateModified\":\"2023-06-26T06:46:40+00:00\",\"breadcrumb\":{\"@id\":\"https:\/\/zecovalve.com\/product\/air-vent-valve#breadcrumb\"},\"inLanguage\":\"pt-PT\",\"potentialAction\":[{\"@type\":\"ReadAction\",\"target\":[\"https:\/\/zecovalve.com\/product\/air-vent-valve\"]}]},{\"@type\":\"BreadcrumbList\",\"@id\":\"https:\/\/zecovalve.com\/product\/air-vent-valve#breadcrumb\",\"itemListElement\":[{\"@type\":\"ListItem\",\"position\":1,\"item\":{\"@type\":\"WebPage\",\"@id\":\"https:\/\/zecovalve.com\/\",\"url\":\"https:\/\/zecovalve.com\/\",\"name\":\"Home\"}},{\"@type\":\"ListItem\",\"position\":2,\"item\":{\"@type\":\"WebPage\",\"@id\":\"https:\/\/zecovalve.com\/product-category\",\"url\":\"https:\/\/zecovalve.com\/product-category\",\"name\":\"Industrial Valve Manufacturer | Water Valve Manufacturer\"}},{\"@type\":\"ListItem\",\"position\":3,\"item\":{\"@type\":\"WebPage\",\"@id\":\"https:\/\/zecovalve.com\/product\/air-vent-valve\",\"url\":\"https:\/\/zecovalve.com\/product\/air-vent-valve\",\"name\":\"Air Vent Valve\"}}]}]}<\/script>\n<!-- \/ Yoast SEO Premium plugin. -->","_links":{"self":[{"href":"https:\/\/zecovalve.com\/pt\/wp-json\/wp\/v2\/product\/18082","targetHints":{"allow":["GET"]}}],"collection":[{"href":"https:\/\/zecovalve.com\/pt\/wp-json\/wp\/v2\/product"}],"about":[{"href":"https:\/\/zecovalve.com\/pt\/wp-json\/wp\/v2\/types\/product"}],"replies":[{"embeddable":true,"href":"https:\/\/zecovalve.com\/pt\/wp-json\/wp\/v2\/comments?post=18082"}],"wp:featuredmedia":[{"embeddable":true,"href":"https:\/\/zecovalve.com\/pt\/wp-json\/wp\/v2\/media\/27971"}],"wp:attachment":[{"href":"https:\/\/zecovalve.com\/pt\/wp-json\/wp\/v2\/media?parent=18082"}],"wp:term":[{"taxonomy":"product_cat","embeddable":true,"href":"https:\/\/zecovalve.com\/pt\/wp-json\/wp\/v2\/product_cat?post=18082"},{"taxonomy":"product_tag","embeddable":true,"href":"https:\/\/zecovalve.com\/pt\/wp-json\/wp\/v2\/product_tag?post=18082"}],"curies":[{"name":"wp","href":"https:\/\/api.w.org\/{rel}","templated":true}]}}