{"id":19481,"date":"2022-07-09T14:47:01","date_gmt":"2022-07-09T14:47:01","guid":{"rendered":"https:\/\/zecovalve.com\/?post_type=product&#038;p=19481"},"modified":"2022-07-14T06:31:38","modified_gmt":"2022-07-14T06:31:38","slug":"brass-ball-valve","status":"publish","type":"product","link":"https:\/\/zecovalve.com\/pt\/produto\/brass-ball-valve","title":{"rendered":"V\u00e1lvula esfera de lat\u00e3o 3\/4\u2033"},"content":{"rendered":"<p>A v\u00e1lvula esfera de lat\u00e3o de 3\/4 \u2033 com rosca (interna-externa) usa uma esfera de metal com um furo no centro, imprensada entre duas sedes para controlar o fluxo.<\/p>\r\n\r\n\r\n\r\n<figure class=\"wp-block-image size-full is-resized\"><img loading=\"lazy\" decoding=\"async\" class=\"wp-image-19482\" src=\"https:\/\/zecovalve.com\/wp-content\/uploads\/2022\/07\/Globe-Valve-Check-Valve.jpg\" alt=\"\" width=\"400\" height=\"300\" srcset=\"https:\/\/zecovalve.com\/wp-content\/uploads\/2022\/07\/Globe-Valve-Check-Valve.jpg 800w, https:\/\/zecovalve.com\/wp-content\/uploads\/2022\/07\/Globe-Valve-Check-Valve-300x225.jpg 300w, https:\/\/zecovalve.com\/wp-content\/uploads\/2022\/07\/Globe-Valve-Check-Valve-768x576.jpg 768w, https:\/\/zecovalve.com\/wp-content\/uploads\/2022\/07\/Globe-Valve-Check-Valve-600x450.jpg 600w\" sizes=\"auto, (max-width: 400px) 100vw, 400px\" \/><\/figure>\r\n\r\n\r\n<div class=\"gb-button-wrapper gb-button-wrapper-6d8495a3\">\r\n\r\n\r\n<p><a class=\"gb-button gb-button-3d442e11 gb-button-text\" href=\"https:\/\/zecovalve.com\/pt\/contact\/\" target=\"_blank\" rel=\"noopener noreferrer\"><strong>OBTENHA O PRE\u00c7O DA V\u00c1LVULA DE ESFERA DE LAT\u00c3O DE 3\/4 \u2033<\/strong><\/a><\/p>\r\n<\/div>\r\n\r\n\r\n\r\n\r\n<h2 class=\"wp-block-heading\" id=\"h-what-is-a-brass-ball-valve\">O que \u00e9 uma v\u00e1lvula esfera de lat\u00e3o de 3\/4 \u2033?<\/h2>\r\n\r\n\r\n\r\n<p>A v\u00e1lvula esfera de lat\u00e3o ZECO \u00e9 perfeita quando se procura uma op\u00e7\u00e3o de controle de fluxo e \u00e9 feita para funcionar em sistemas comerciais e residenciais padr\u00e3o que utilizam \u00e1gua, \u00f3leo, g\u00e1s ou vapor. Projetado para permitir vaz\u00e3o m\u00e1xima com porta completa e f\u00e1cil opera\u00e7\u00e3o com a alavanca. Esta v\u00e1lvula ser\u00e1 uma solu\u00e7\u00e3o dur\u00e1vel e duradoura para suas necessidades de controle de fluxo.<\/p>\r\n\r\n\r\n\r\n<h2 class=\"wp-block-heading\">Aplica\u00e7\u00f5es de v\u00e1lvulas esfera de lat\u00e3o 3\/4\u2033<\/h2>\r\n\r\n\r\n\r\n<p>A v\u00e1lvula de esfera de lat\u00e3o pode ser usada em encanamentos residenciais, comerciais, po\u00e7os de \u00e1gua e muitas outras aplica\u00e7\u00f5es. As v\u00e1lvulas de esfera s\u00e3o capazes de estrangular gases e vapores e s\u00e3o especialmente \u00fateis para situa\u00e7\u00f5es de baixo fluxo.<\/p>\r\n\r\n\r\n\r\n<h2 class=\"wp-block-heading\">Caracter\u00edsticas das v\u00e1lvulas esfera de lat\u00e3o de 3\/4 \u2033:<\/h2>\r\n\r\n\r\n\r\n<ul class=\"wp-block-list\">\r\n<li>Extremidades f\u00eamea aparafusadas conforme IS 554 \/ BS 21 \/ ISO 7.<\/li>\r\n<li>Furo completo, design de duas pe\u00e7as.<\/li>\r\n<li>Quarto de volta, operado por alavanca.<\/li>\r\n<li>Fornecido com bola cromada dura de lat\u00e3o forjado.<\/li>\r\n<li>An\u00e9is do corpo em Teflon preenchidos com vidro e gaxeta, assento em PTFE.<\/li>\r\n<li>Apar\u00eancia visual incr\u00edvel.<\/li>\r\n<li>Acabamento cromado.<\/li>\r\n<\/ul>\r\n\r\n\r\n\r\n<h2 class=\"wp-block-heading\">Material das v\u00e1lvulas esfera de lat\u00e3o de 3\/4 \u2033:<\/h2>\r\n\r\n\r\n\r\n<figure class=\"wp-block-table is-style-stripes\">\r\n<table>\r\n<tbody>\r\n<tr>\r\n<td>N\u00e3o<\/td>\r\n<td>Parte<\/td>\r\n<td>Material<\/td>\r\n<\/tr>\r\n<tr>\r\n<td>1<\/td>\r\n<td>Corpo<\/td>\r\n<td>Lat\u00e3o<\/td>\r\n<\/tr>\r\n<tr>\r\n<td>2<\/td>\r\n<td>Tampa final<\/td>\r\n<td>Lat\u00e3o<\/td>\r\n<\/tr>\r\n<tr>\r\n<td>3<\/td>\r\n<td>Bola<\/td>\r\n<td>Liga de cobre, cromada<\/td>\r\n<\/tr>\r\n<tr>\r\n<td>4<\/td>\r\n<td>Assento<\/td>\r\n<td>PTFE<\/td>\r\n<\/tr>\r\n<tr>\r\n<td>5<\/td>\r\n<td>Caule<\/td>\r\n<td>Liga de cobre<\/td>\r\n<\/tr>\r\n<tr>\r\n<td>6<\/td>\r\n<td>Arruela de impulso<\/td>\r\n<td>PTFE<\/td>\r\n<\/tr>\r\n<tr>\r\n<td>7<\/td>\r\n<td>Embalagem<\/td>\r\n<td>PTFE<\/td>\r\n<\/tr>\r\n<tr>\r\n<td>8<\/td>\r\n<td>Gl\u00e2ndula<\/td>\r\n<td>Liga de cobre<\/td>\r\n<\/tr>\r\n<tr>\r\n<td>9<\/td>\r\n<td>Pega<\/td>\r\n<td>Chapeado em A\u00e7o Carbono<\/td>\r\n<\/tr>\r\n<tr>\r\n<td>10<\/td>\r\n<td>Porca<\/td>\r\n<td>Chapeado em A\u00e7o Carbono<\/td>\r\n<\/tr>\r\n<\/tbody>\r\n<\/table>\r\n<\/figure>","protected":false},"excerpt":{"rendered":"<p>A v\u00e1lvula esfera de lat\u00e3o 3\/4 \u2033 com rosca (interna-externa) utiliza uma esfera de metal com um furo no centro, imprensada entre duas sedes\u2026 <a title=\"V\u00e1lvula esfera de lat\u00e3o 3\/4\u2033\" class=\"read-more\" href=\"https:\/\/zecovalve.com\/pt\/produto\/brass-ball-valve\" aria-label=\"Mais em V\u00e1lvula Esfera de Lat\u00e3o 3\/4\u2033\">Ler mais<\/a><\/p>","protected":false},"featured_media":19482,"comment_status":"closed","ping_status":"closed","template":"","meta":{"_generate-full-width-content":"","kt_blocks_editor_width":""},"product_cat":[2047,2461],"product_tag":[2656,2802,2833],"class_list":["post-19481","product","type-product","status-publish","has-post-thumbnail","hentry","product_cat-ball-valve","product_cat-ball-valve-by-material","product_tag-3-4-ball-valve","product_tag-ball-valve-price","product_tag-brass-ball-valve","sales-flash-overlay","woocommerce-text-align-center","woocommerce-image-align-center","do-quantity-buttons"],"featured_image_src_large":["https:\/\/zecovalve.com\/wp-content\/uploads\/2022\/07\/Globe-Valve-Check-Valve.jpg",800,600,false],"author_info":[],"comment_info":0,"taxonomy_info":{"product_cat":[{"value":2047,"label":"Ball Valve"},{"value":2461,"label":"Ball Valve By Material"}],"product_tag":[{"value":2656,"label":"3 4 ball valve"},{"value":2802,"label":"Ball Valve Price"},{"value":2833,"label":"Brass Ball Valve"}]},"yoast_head":"<!-- This site is optimized with the Yoast SEO Premium plugin v15.4 - https:\/\/yoast.com\/wordpress\/plugins\/seo\/ -->\n<title>3\/4&quot; Brass Ball Valve - Competitive Ball Valve Price | ZECO Valve<\/title>\n<meta name=\"robots\" content=\"index, follow, max-snippet:-1, max-image-preview:large, max-video-preview:-1\" \/>\n<link rel=\"canonical\" href=\"https:\/\/zecovalve.com\/pt\/produto\/brass-ball-valve\" \/>\n<meta property=\"og:locale\" content=\"pt_PT\" \/>\n<meta property=\"og:type\" content=\"article\" \/>\n<meta property=\"og:title\" content=\"3\/4&quot; Brass Ball Valve - Competitive Ball Valve Price | ZECO Valve\" \/>\n<meta property=\"og:description\" content=\"3\/4&#8243; Brass ball valve with (internal-external) threading uses a metal ball with a hole bored through the center, sandwiched between two seats ... Ler mais\" \/>\n<meta property=\"og:url\" content=\"https:\/\/zecovalve.com\/pt\/produto\/brass-ball-valve\" \/>\n<meta property=\"og:site_name\" content=\"ZECO Valve\" \/>\n<meta property=\"article:modified_time\" content=\"2022-07-14T06:31:38+00:00\" \/>\n<meta property=\"og:image\" content=\"https:\/\/zecovalve.com\/wp-content\/uploads\/2022\/07\/Globe-Valve-Check-Valve.jpg\" \/>\n\t<meta property=\"og:image:width\" content=\"800\" \/>\n\t<meta property=\"og:image:height\" content=\"600\" \/>\n<meta name=\"twitter:card\" content=\"summary_large_image\" \/>\n<meta name=\"twitter:label1\" content=\"Escrito por\">\n\t<meta name=\"twitter:data1\" content=\"Jerry\">\n\t<meta name=\"twitter:label2\" content=\"Tempo estimado de leitura\">\n\t<meta name=\"twitter:data2\" content=\"1 minuto\">\n<script type=\"application\/ld+json\" class=\"yoast-schema-graph\">{\"@context\":\"https:\/\/schema.org\",\"@graph\":[{\"@type\":\"WebSite\",\"@id\":\"https:\/\/zecovalve.com\/#website\",\"url\":\"https:\/\/zecovalve.com\/\",\"name\":\"ZECO Valve\",\"description\":\"Industrial Ball Valve, Gate Valve and Globe Valve Manufacturer\",\"potentialAction\":[{\"@type\":\"SearchAction\",\"target\":\"https:\/\/zecovalve.com\/?s={search_term_string}\",\"query-input\":\"required name=search_term_string\"}],\"inLanguage\":\"pt-PT\"},{\"@type\":\"ImageObject\",\"@id\":\"https:\/\/zecovalve.com\/product\/brass-ball-valve#primaryimage\",\"inLanguage\":\"pt-PT\",\"url\":\"https:\/\/zecovalve.com\/wp-content\/uploads\/2022\/07\/Globe-Valve-Check-Valve.jpg\",\"width\":800,\"height\":600,\"caption\":\"Brass Ball Valve\"},{\"@type\":\"WebPage\",\"@id\":\"https:\/\/zecovalve.com\/product\/brass-ball-valve#webpage\",\"url\":\"https:\/\/zecovalve.com\/product\/brass-ball-valve\",\"name\":\"3\/4\\\" Brass Ball Valve - Competitive Ball Valve Price | ZECO Valve\",\"isPartOf\":{\"@id\":\"https:\/\/zecovalve.com\/#website\"},\"primaryImageOfPage\":{\"@id\":\"https:\/\/zecovalve.com\/product\/brass-ball-valve#primaryimage\"},\"datePublished\":\"2022-07-09T14:47:01+00:00\",\"dateModified\":\"2022-07-14T06:31:38+00:00\",\"breadcrumb\":{\"@id\":\"https:\/\/zecovalve.com\/product\/brass-ball-valve#breadcrumb\"},\"inLanguage\":\"pt-PT\",\"potentialAction\":[{\"@type\":\"ReadAction\",\"target\":[\"https:\/\/zecovalve.com\/product\/brass-ball-valve\"]}]},{\"@type\":\"BreadcrumbList\",\"@id\":\"https:\/\/zecovalve.com\/product\/brass-ball-valve#breadcrumb\",\"itemListElement\":[{\"@type\":\"ListItem\",\"position\":1,\"item\":{\"@type\":\"WebPage\",\"@id\":\"https:\/\/zecovalve.com\/\",\"url\":\"https:\/\/zecovalve.com\/\",\"name\":\"Home\"}},{\"@type\":\"ListItem\",\"position\":2,\"item\":{\"@type\":\"WebPage\",\"@id\":\"https:\/\/zecovalve.com\/product-category\",\"url\":\"https:\/\/zecovalve.com\/product-category\",\"name\":\"Industrial Valve Manufacturer | Water Valve Manufacturer\"}},{\"@type\":\"ListItem\",\"position\":3,\"item\":{\"@type\":\"WebPage\",\"@id\":\"https:\/\/zecovalve.com\/product\/brass-ball-valve\",\"url\":\"https:\/\/zecovalve.com\/product\/brass-ball-valve\",\"name\":\"3\/4&#8243; Brass Ball Valve\"}}]}]}<\/script>\n<!-- \/ Yoast SEO Premium plugin. -->","_links":{"self":[{"href":"https:\/\/zecovalve.com\/pt\/wp-json\/wp\/v2\/product\/19481","targetHints":{"allow":["GET"]}}],"collection":[{"href":"https:\/\/zecovalve.com\/pt\/wp-json\/wp\/v2\/product"}],"about":[{"href":"https:\/\/zecovalve.com\/pt\/wp-json\/wp\/v2\/types\/product"}],"replies":[{"embeddable":true,"href":"https:\/\/zecovalve.com\/pt\/wp-json\/wp\/v2\/comments?post=19481"}],"wp:featuredmedia":[{"embeddable":true,"href":"https:\/\/zecovalve.com\/pt\/wp-json\/wp\/v2\/media\/19482"}],"wp:attachment":[{"href":"https:\/\/zecovalve.com\/pt\/wp-json\/wp\/v2\/media?parent=19481"}],"wp:term":[{"taxonomy":"product_cat","embeddable":true,"href":"https:\/\/zecovalve.com\/pt\/wp-json\/wp\/v2\/product_cat?post=19481"},{"taxonomy":"product_tag","embeddable":true,"href":"https:\/\/zecovalve.com\/pt\/wp-json\/wp\/v2\/product_tag?post=19481"}],"curies":[{"name":"wp","href":"https:\/\/api.w.org\/{rel}","templated":true}]}}