{"id":19486,"date":"2022-07-10T09:37:28","date_gmt":"2022-07-10T09:37:28","guid":{"rendered":"https:\/\/zecovalve.com\/?post_type=product&#038;p=19486"},"modified":"2022-09-22T06:28:53","modified_gmt":"2022-09-22T06:28:53","slug":"2-inch-ball-valve","status":"publish","type":"product","link":"https:\/\/zecovalve.com\/pt\/produto\/2-inch-ball-valve","title":{"rendered":"V\u00e1lvula de esfera de 2 polegadas"},"content":{"rendered":"<p>As v\u00e1lvulas de esfera de 2 polegadas s\u00e3o normalmente v\u00e1lvulas de esfera flutuantes de acordo com o padr\u00e3o API 6D, API 608<\/p>\r\n\r\n\r\n\r\n<figure class=\"wp-block-image size-full is-resized\">\r\n<p><img loading=\"lazy\" decoding=\"async\" class=\"size-medium wp-image-19557\" src=\"https:\/\/zecovalve.com\/wp-content\/uploads\/2022\/07\/2-Inch-Ball-Valve-1-300x225.jpg\" alt=\"V\u00e1lvula de esfera de 2 polegadas\" width=\"300\" height=\"225\" srcset=\"https:\/\/zecovalve.com\/wp-content\/uploads\/2022\/07\/2-Inch-Ball-Valve-1-300x225.jpg 300w, https:\/\/zecovalve.com\/wp-content\/uploads\/2022\/07\/2-Inch-Ball-Valve-1-1024x768.jpg 1024w, https:\/\/zecovalve.com\/wp-content\/uploads\/2022\/07\/2-Inch-Ball-Valve-1-768x576.jpg 768w, https:\/\/zecovalve.com\/wp-content\/uploads\/2022\/07\/2-Inch-Ball-Valve-1-1536x1152.jpg 1536w, https:\/\/zecovalve.com\/wp-content\/uploads\/2022\/07\/2-Inch-Ball-Valve-1-2048x1536.jpg 2048w, https:\/\/zecovalve.com\/wp-content\/uploads\/2022\/07\/2-Inch-Ball-Valve-1-600x450.jpg 600w\" sizes=\"auto, (max-width: 300px) 100vw, 300px\" \/><\/p>\r\n<\/figure>\r\n\r\n\r\n<div class=\"gb-button-wrapper gb-button-wrapper-6d8495a3\">\r\n\r\n\r\n<p><a class=\"gb-button gb-button-3d442e11 gb-button-text\" href=\"https:\/\/zecovalve.com\/pt\/contact\/\" target=\"_blank\" rel=\"noopener noreferrer\"><strong>OBTER PRE\u00c7O DA V\u00c1LVULA<\/strong><\/a><\/p>\r\n<\/div>\r\n\r\n\r\n\r\n\r\n<h2 class=\"wp-block-heading\" id=\"h-what-is-2-inch-ball-valve\">O que \u00e9 v\u00e1lvula esf\u00e9rica de 2 polegadas?<\/h2>\r\n\r\n\r\n\r\n<p>A v\u00e1lvula esf\u00e9rica ZECO de 2 polegadas \u00e9 geralmente uma v\u00e1lvula esf\u00e9rica flutuante e est\u00e1 dispon\u00edvel em v\u00e1lvula esf\u00e9rica de lat\u00e3o, v\u00e1lvula esf\u00e9rica de a\u00e7o fundido e v\u00e1lvula esf\u00e9rica de a\u00e7o forjado.<\/p>\r\n\r\n\r\n\r\n<p>Uma v\u00e1lvula de esfera flutuante de 2 polegadas recebe o nome da esfera semelhante a uma esfera que \u201cflutua\u201d livremente dentro do corpo da v\u00e1lvula, que \u00e9 comprimida entre duas sedes flex\u00edveis enquanto est\u00e1 suspensa em um l\u00edquido. O que uma v\u00e1lvula de esfera flutuante normalmente faz durante a opera\u00e7\u00e3o \u00e9 flutuar ligeiramente a jusante, o que faz com que o mecanismo de assentamento se comprima sob a esfera. Caso o assento se desintegre, a esfera flutua at\u00e9 a haste de metal para sel\u00e1-la. Isso fornece uma seguran\u00e7a contra falhas dentro do design.<\/p>\r\n\r\n\r\n\r\n<h2 class=\"wp-block-heading\" id=\"dimensions--weight-of-12-inch-ball-valve\">Dimens\u00f5es e peso da v\u00e1lvula esf\u00e9rica de 2 polegadas<\/h2>\r\n\r\n\r\n\r\n<table border=\"=1\" width=\"800\">\r\n<tbody>\r\n<tr>\r\n<td rowspan=\"2\">Press\u00e3o nominal<\/td>\r\n<td>Furo<\/td>\r\n<td colspan=\"3\">\u00a0Dimens\u00e3o face a face (em mm)<\/td>\r\n<td>Peso<\/td>\r\n<\/tr>\r\n<tr>\r\n<td>(em mm)<\/td>\r\n<td>RF<\/td>\r\n<td>BW<\/td>\r\n<td>RTJ<\/td>\r\n<td>kg<\/td>\r\n<\/tr>\r\n<tr>\r\n<td>CLASSE 150<\/td>\r\n<td>49<\/td>\r\n<td>178<\/td>\r\n<td>216<\/td>\r\n<td>191<\/td>\r\n<td>9<\/td>\r\n<\/tr>\r\n<tr>\r\n<td>CLASSE 300<\/td>\r\n<td>49<\/td>\r\n<td>216<\/td>\r\n<td>216<\/td>\r\n<td>232<\/td>\r\n<td>9<\/td>\r\n<\/tr>\r\n<tr>\r\n<td>CLASSE 600<\/td>\r\n<td>49<\/td>\r\n<td>292<\/td>\r\n<td>292<\/td>\r\n<td>295<\/td>\r\n<td>19<\/td>\r\n<\/tr>\r\n<tr>\r\n<td>CLASSE 900<\/td>\r\n<td>49<\/td>\r\n<td>368<\/td>\r\n<td>368<\/td>\r\n<td>371<\/td>\r\n<td>40<\/td>\r\n<\/tr>\r\n<tr>\r\n<td>CLASSE 1500<\/td>\r\n<td>49<\/td>\r\n<td>368<\/td>\r\n<td>368<\/td>\r\n<td>371<\/td>\r\n<td>60<\/td>\r\n<\/tr>\r\n<tr>\r\n<td>CLASSE 2500<\/td>\r\n<td>42<\/td>\r\n<td>451<\/td>\r\n<td>451<\/td>\r\n<td>454<\/td>\r\n<td>85<\/td>\r\n<\/tr>\r\n<\/tbody>\r\n<\/table>\r\n\r\n\r\n\r\n<h2 class=\"wp-block-heading\" id=\"specification-of-6-gate-valve\">Especifica\u00e7\u00e3o de 2 v\u00e1lvulas de esfera<\/h2>\r\n\r\n\r\n\r\n<figure class=\"wp-block-table\">\r\n<table>\r\n<tbody>\r\n<tr>\r\n<td>Confirma\u00e7\u00e3o da conce\u00e7\u00e3o<\/td>\r\n<td>API 6D, API 608<\/td>\r\n<\/tr>\r\n<tr>\r\n<td>Fim das confirma\u00e7\u00f5es padr\u00e3o<\/td>\r\n<td>ASME B16.5, EN 1092-1, ASME B1.20.1<\/td>\r\n<\/tr>\r\n<tr>\r\n<td>Verifica\u00e7\u00e3o do aperto<\/td>\r\n<td>API 598, ISO 5208, EN 12266-1<\/td>\r\n<\/tr>\r\n<tr>\r\n<td>Confirma\u00e7\u00f5es cara a cara<\/td>\r\n<td>API 6D, ASME B16.10, EN 558-1<\/td>\r\n<\/tr>\r\n<tr>\r\n<td>Press\u00e3o normal<\/td>\r\n<td>Classe 150 ~ Classe 2500, PN10 ~ PN400<\/td>\r\n<\/tr>\r\n<tr>\r\n<td>Press\u00e3o de ensaio da carapa\u00e7a<\/td>\r\n<td>1,5 * Press\u00e3o de projeto<\/td>\r\n<\/tr>\r\n<tr>\r\n<td>Press\u00e3o de ensaio da veda\u00e7\u00e3o<\/td>\r\n<td>1.1 * Press\u00e3o de projeto (\u00e1gua)<\/td>\r\n<\/tr>\r\n<tr>\r\n<td>Press\u00e3o de ensaio da veda\u00e7\u00e3o (baixa press\u00e3o)<\/td>\r\n<td>6 Bar (Ar)<\/td>\r\n<\/tr>\r\n<\/tbody>\r\n<\/table>\r\n<\/figure>\r\n\r\n\r\n\r\n<h2 class=\"wp-block-heading\" id=\"h-features-of-2-inch-ball-valve\">Caracter\u00edsticas da v\u00e1lvula esf\u00e9rica de 2 polegadas:<\/h2>\r\n\r\n\r\n\r\n<ul class=\"wp-block-list\">\r\n<li>Design compacto.<\/li>\r\n<li>Custo-benef\u00edcio.<\/li>\r\n<li>Customiz\u00e1vel.<\/li>\r\n<li>Pouca resist\u00eancia ao fluxo.<\/li>\r\n<li>Fun\u00e7\u00f5es de veda\u00e7\u00e3o confi\u00e1veis.<\/li>\r\n<li>Constru\u00e7\u00e3o descomplicada.<\/li>\r\n<\/ul>\r\n\r\n\r\n\r\n<h2 class=\"wp-block-heading\" id=\"h-material-of-2-inch-ball-valve\">Material da v\u00e1lvula esf\u00e9rica de 2 polegadas:<\/h2>\r\n\r\n\r\n\r\n<figure class=\"wp-block-table\">\r\n<table>\r\n<tbody>\r\n<tr>\r\n<td>N\u00e3o<\/td>\r\n<td>Parte<\/td>\r\n<td>Material<\/td>\r\n<\/tr>\r\n<tr>\r\n<td>1<\/td>\r\n<td>Corpo<\/td>\r\n<td>ASTM A105<\/td>\r\n<\/tr>\r\n<tr>\r\n<td>2<\/td>\r\n<td>Bon\u00e9<\/td>\r\n<td>ASTM A105<\/td>\r\n<\/tr>\r\n<tr>\r\n<td>3<\/td>\r\n<td>Bola<\/td>\r\n<td>ASTM A182 F316<\/td>\r\n<\/tr>\r\n<tr>\r\n<td>4<\/td>\r\n<td>Assento<\/td>\r\n<td>ASTM A182 F316<\/td>\r\n<\/tr>\r\n<tr>\r\n<td>5<\/td>\r\n<td>Caule<\/td>\r\n<td>ASTM A276 316<\/td>\r\n<\/tr>\r\n<tr>\r\n<td>6<\/td>\r\n<td>Dispositivo anti-est\u00e1tico<\/td>\r\n<td>SS316<\/td>\r\n<\/tr>\r\n<tr>\r\n<td>7<\/td>\r\n<td>Junta de veda\u00e7\u00e3o<\/td>\r\n<td>Grafite + SS316<\/td>\r\n<\/tr>\r\n<tr>\r\n<td>8<\/td>\r\n<td>Parafuso<\/td>\r\n<td>ASTM A193 B7<\/td>\r\n<\/tr>\r\n<tr>\r\n<td>9<\/td>\r\n<td>Porca<\/td>\r\n<td>ASTM A194 2H<\/td>\r\n<\/tr>\r\n<tr>\r\n<td>10<\/td>\r\n<td>O-ring<\/td>\r\n<td>Viton A<\/td>\r\n<\/tr>\r\n<tr>\r\n<td>11<\/td>\r\n<td>Roda de suspens\u00e3o<\/td>\r\n<td>ASTM A276 304<\/td>\r\n<\/tr>\r\n<\/tbody>\r\n<\/table>\r\n<\/figure>","protected":false},"excerpt":{"rendered":"<p>As v\u00e1lvulas esfera de 2 polegadas s\u00e3o normalmente v\u00e1lvulas esfera flutuantes de acordo com o padr\u00e3o API 6D, API 608. O que \u00e9 v\u00e1lvula esfera de 2 polegadas? \u2026 <a title=\"V\u00e1lvula de esfera de 2 polegadas\" class=\"read-more\" href=\"https:\/\/zecovalve.com\/pt\/produto\/2-inch-ball-valve\" aria-label=\"Mais em V\u00e1lvula Esfera de 2 polegadas\">Ler mais<\/a><\/p>","protected":false},"featured_media":19557,"comment_status":"closed","ping_status":"closed","template":"","meta":{"_generate-full-width-content":"","kt_blocks_editor_width":""},"product_cat":[2047,2462],"product_tag":[2804,3920,3913,3922,3921],"class_list":["post-19486","product","type-product","status-publish","has-post-thumbnail","hentry","product_cat-ball-valve","product_cat-ball-valve-by-size","product_tag-2-inch-ball-valve","product_tag-api-6d-ball-valve","product_tag-full-port-ball-valve","product_tag-metal-seat-ball-valve","product_tag-metal-seated-ball-valve","sales-flash-overlay","woocommerce-text-align-center","woocommerce-image-align-center","do-quantity-buttons"],"featured_image_src_large":["https:\/\/zecovalve.com\/wp-content\/uploads\/2022\/07\/2-Inch-Ball-Valve-1-1024x768.jpg",1024,768,true],"author_info":[],"comment_info":0,"taxonomy_info":{"product_cat":[{"value":2047,"label":"Ball Valve"},{"value":2462,"label":"Ball Valve By Size"}],"product_tag":[{"value":2804,"label":"2 inch Ball Valve"},{"value":3920,"label":"API 6D Ball Valve"},{"value":3913,"label":"Full Port Ball Valve"},{"value":3922,"label":"Metal Seat Ball Valve"},{"value":3921,"label":"Metal Seated Ball Valve"}]},"yoast_head":"<!-- This site is optimized with the Yoast SEO Premium plugin v15.4 - https:\/\/yoast.com\/wordpress\/plugins\/seo\/ -->\n<title>2 inch Ball Valve - 2 Ball Valve Manufacturer | ZECO Valve<\/title>\n<meta name=\"robots\" content=\"index, follow, max-snippet:-1, max-image-preview:large, max-video-preview:-1\" \/>\n<link rel=\"canonical\" href=\"https:\/\/zecovalve.com\/pt\/produto\/2-inch-ball-valve\" \/>\n<meta property=\"og:locale\" content=\"pt_PT\" \/>\n<meta property=\"og:type\" content=\"article\" \/>\n<meta property=\"og:title\" content=\"2 inch Ball Valve - 2 Ball Valve Manufacturer | ZECO Valve\" \/>\n<meta property=\"og:description\" content=\"2 inch Ball Valves are normally floating ball valves according to API 6D, API 608 standard What is 2 Inch Ball Valve? ... Ler mais\" \/>\n<meta property=\"og:url\" content=\"https:\/\/zecovalve.com\/pt\/produto\/2-inch-ball-valve\" \/>\n<meta property=\"og:site_name\" content=\"ZECO Valve\" \/>\n<meta property=\"article:modified_time\" content=\"2022-09-22T06:28:53+00:00\" \/>\n<meta property=\"og:image\" content=\"https:\/\/zecovalve.com\/wp-content\/uploads\/2022\/07\/2-Inch-Ball-Valve-1-scaled.jpg\" \/>\n\t<meta property=\"og:image:width\" content=\"2560\" \/>\n\t<meta property=\"og:image:height\" content=\"1920\" \/>\n<meta name=\"twitter:card\" content=\"summary_large_image\" \/>\n<meta name=\"twitter:label1\" content=\"Escrito por\">\n\t<meta name=\"twitter:data1\" content=\"Jerry\">\n\t<meta name=\"twitter:label2\" content=\"Tempo estimado de leitura\">\n\t<meta name=\"twitter:data2\" content=\"1 minuto\">\n<script type=\"application\/ld+json\" class=\"yoast-schema-graph\">{\"@context\":\"https:\/\/schema.org\",\"@graph\":[{\"@type\":\"WebSite\",\"@id\":\"https:\/\/zecovalve.com\/#website\",\"url\":\"https:\/\/zecovalve.com\/\",\"name\":\"ZECO Valve\",\"description\":\"Industrial Ball Valve, Gate Valve and Globe Valve Manufacturer\",\"potentialAction\":[{\"@type\":\"SearchAction\",\"target\":\"https:\/\/zecovalve.com\/?s={search_term_string}\",\"query-input\":\"required name=search_term_string\"}],\"inLanguage\":\"pt-PT\"},{\"@type\":\"ImageObject\",\"@id\":\"https:\/\/zecovalve.com\/product\/2-inch-ball-valve#primaryimage\",\"inLanguage\":\"pt-PT\",\"url\":\"https:\/\/zecovalve.com\/wp-content\/uploads\/2022\/07\/2-Inch-Ball-Valve-1-scaled.jpg\",\"width\":2560,\"height\":1920,\"caption\":\"2 Inch Ball Valve\"},{\"@type\":\"WebPage\",\"@id\":\"https:\/\/zecovalve.com\/product\/2-inch-ball-valve#webpage\",\"url\":\"https:\/\/zecovalve.com\/product\/2-inch-ball-valve\",\"name\":\"2 inch Ball Valve - 2 Ball Valve Manufacturer | ZECO Valve\",\"isPartOf\":{\"@id\":\"https:\/\/zecovalve.com\/#website\"},\"primaryImageOfPage\":{\"@id\":\"https:\/\/zecovalve.com\/product\/2-inch-ball-valve#primaryimage\"},\"datePublished\":\"2022-07-10T09:37:28+00:00\",\"dateModified\":\"2022-09-22T06:28:53+00:00\",\"breadcrumb\":{\"@id\":\"https:\/\/zecovalve.com\/product\/2-inch-ball-valve#breadcrumb\"},\"inLanguage\":\"pt-PT\",\"potentialAction\":[{\"@type\":\"ReadAction\",\"target\":[\"https:\/\/zecovalve.com\/product\/2-inch-ball-valve\"]}]},{\"@type\":\"BreadcrumbList\",\"@id\":\"https:\/\/zecovalve.com\/product\/2-inch-ball-valve#breadcrumb\",\"itemListElement\":[{\"@type\":\"ListItem\",\"position\":1,\"item\":{\"@type\":\"WebPage\",\"@id\":\"https:\/\/zecovalve.com\/\",\"url\":\"https:\/\/zecovalve.com\/\",\"name\":\"Home\"}},{\"@type\":\"ListItem\",\"position\":2,\"item\":{\"@type\":\"WebPage\",\"@id\":\"https:\/\/zecovalve.com\/product-category\",\"url\":\"https:\/\/zecovalve.com\/product-category\",\"name\":\"Industrial Valve Manufacturer | Water Valve Manufacturer\"}},{\"@type\":\"ListItem\",\"position\":3,\"item\":{\"@type\":\"WebPage\",\"@id\":\"https:\/\/zecovalve.com\/product\/2-inch-ball-valve\",\"url\":\"https:\/\/zecovalve.com\/product\/2-inch-ball-valve\",\"name\":\"2 inch Ball Valve\"}}]}]}<\/script>\n<!-- \/ Yoast SEO Premium plugin. -->","_links":{"self":[{"href":"https:\/\/zecovalve.com\/pt\/wp-json\/wp\/v2\/product\/19486","targetHints":{"allow":["GET"]}}],"collection":[{"href":"https:\/\/zecovalve.com\/pt\/wp-json\/wp\/v2\/product"}],"about":[{"href":"https:\/\/zecovalve.com\/pt\/wp-json\/wp\/v2\/types\/product"}],"replies":[{"embeddable":true,"href":"https:\/\/zecovalve.com\/pt\/wp-json\/wp\/v2\/comments?post=19486"}],"wp:featuredmedia":[{"embeddable":true,"href":"https:\/\/zecovalve.com\/pt\/wp-json\/wp\/v2\/media\/19557"}],"wp:attachment":[{"href":"https:\/\/zecovalve.com\/pt\/wp-json\/wp\/v2\/media?parent=19486"}],"wp:term":[{"taxonomy":"product_cat","embeddable":true,"href":"https:\/\/zecovalve.com\/pt\/wp-json\/wp\/v2\/product_cat?post=19486"},{"taxonomy":"product_tag","embeddable":true,"href":"https:\/\/zecovalve.com\/pt\/wp-json\/wp\/v2\/product_tag?post=19486"}],"curies":[{"name":"wp","href":"https:\/\/api.w.org\/{rel}","templated":true}]}}