{"id":19525,"date":"2022-07-11T11:54:01","date_gmt":"2022-07-11T11:54:01","guid":{"rendered":"https:\/\/zecovalve.com\/?post_type=product&#038;p=19525"},"modified":"2023-06-26T06:47:07","modified_gmt":"2023-06-26T06:47:07","slug":"automatic-air-vent-valve","status":"publish","type":"product","link":"https:\/\/zecovalve.com\/pt\/produto\/automatic-air-vent-valve","title":{"rendered":"V\u00e1lvula de ventila\u00e7\u00e3o autom\u00e1tica"},"content":{"rendered":"<p>A v\u00e1lvula ZECO \u00e9 um fabricante profissional de v\u00e1lvula de ventila\u00e7\u00e3o autom\u00e1tica de ar.<\/p>\r\n\r\n\r\n\r\n<figure id=\"attachment_16152\" class=\"wp-block-image size-full is-resized\"><img loading=\"lazy\" decoding=\"async\" class=\"wp-image-19526\" src=\"https:\/\/zecovalve.com\/wp-content\/uploads\/2022\/07\/Automatic-Air-Vent-Valve.jpg\" alt=\"\" width=\"250\" height=\"250\" srcset=\"https:\/\/zecovalve.com\/wp-content\/uploads\/2022\/07\/Automatic-Air-Vent-Valve.jpg 500w, https:\/\/zecovalve.com\/wp-content\/uploads\/2022\/07\/Automatic-Air-Vent-Valve-300x300.jpg 300w, https:\/\/zecovalve.com\/wp-content\/uploads\/2022\/07\/Automatic-Air-Vent-Valve-150x150.jpg 150w, https:\/\/zecovalve.com\/wp-content\/uploads\/2022\/07\/Automatic-Air-Vent-Valve-400x400.jpg 400w, https:\/\/zecovalve.com\/wp-content\/uploads\/2022\/07\/Automatic-Air-Vent-Valve-100x100.jpg 100w\" sizes=\"auto, (max-width: 250px) 100vw, 250px\" \/><\/figure>\r\n\r\n\r\n<div class=\"gb-button-wrapper gb-button-wrapper-6d8495a3\">\r\n\r\n\r\n<p><a class=\"gb-button gb-button-3d442e11 gb-button-text\" href=\"https:\/\/zecovalve.com\/pt\/contact\/\" target=\"_blank\" rel=\"noopener noreferrer\"><strong>OBTER PRE\u00c7O DA V\u00c1LVULA<\/strong><\/a><\/p>\r\n<\/div>\r\n\r\n\r\n\r\n\r\n<h2 class=\"wp-block-heading\" id=\"h-what-is-an-automatic-air-vent-valve\">O que \u00e9 uma v\u00e1lvula de ventila\u00e7\u00e3o autom\u00e1tica?<\/h2>\r\n\r\n\r\n\r\n<p>A v\u00e1lvula de ventila\u00e7\u00e3o autom\u00e1tica foi projetada para uso em sistemas de aquecimento.<\/p>\r\n\r\n\r\n\r\n<h2 class=\"wp-block-heading\" id=\"how-does-an-air-vent-valve-work\">Como funciona uma v\u00e1lvula de ventila\u00e7\u00e3o autom\u00e1tica?<\/h2>\r\n\r\n\r\n\r\n<p>A v\u00e1lvula de ventila\u00e7\u00e3o autom\u00e1tica \u00e9 instalada no sistema de aquecimento, normalmente dentro de arm\u00e1rios de cilindros, para sangrar automaticamente o ar do sistema de aquecimento. O dispositivo consiste em uma b\u00f3ia de polipropileno conectada a uma v\u00e1lvula simples. Quando o ac\u00famulo de ar dentro da c\u00e2mara da b\u00f3ia excede um certo n\u00edvel, a b\u00f3ia desce, abrindo a v\u00e1lvula e liberando o ar preso dentro da c\u00e2mara. \u00c0 medida que o ar \u00e9 liberado, a \u00e1gua o substitui e move a b\u00f3ia de volta para a posi\u00e7\u00e3o superior, o que fecha a v\u00e1lvula.<\/p>\r\n\r\n\r\n\r\n<h2 class=\"wp-block-heading\" id=\"what-are-air-vent-valves-used-for\">Para que s\u00e3o utilizadas as v\u00e1lvulas de ventila\u00e7\u00e3o autom\u00e1ticas?<\/h2>\r\n\r\n\r\n\r\n<p>Quando o ar fica preso num sistema de aquecimento selado, pode causar uma grande variedade de problemas, incluindo ru\u00eddo excessivo, corros\u00e3o e aumento dos custos de manuten\u00e7\u00e3o relacionados com bloqueios de ar que podem impedir o sistema de funcionar de forma eficaz e eficiente. A ventila\u00e7\u00e3o autom\u00e1tica \u00e9 instalada no sistema de aquecimento, normalmente dentro de arm\u00e1rios de cilindros, para sangrar automaticamente o ar do sistema de aquecimento.<\/p>\r\n\r\n\r\n\r\n<h2 class=\"wp-block-heading\" id=\"applications-of-air-vent-valve\">Aplica\u00e7\u00f5es de v\u00e1lvulas autom\u00e1ticas de ventila\u00e7\u00e3o de ar<\/h2>\r\n\r\n\r\n\r\n<p>As v\u00e1lvulas de ventila\u00e7\u00e3o autom\u00e1ticas s\u00e3o mais adequadas para sistemas de aquecimento e outros sistemas de \u00e1gua quente de circuito fechado que requerem uma remo\u00e7\u00e3o eficiente e autom\u00e1tica de ar enquanto o sistema se enche de \u00e1gua. Uma quebra de v\u00e1cuo \u00e9 instalada na parte inferior da v\u00e1lvula para evitar a forma\u00e7\u00e3o de um bloqueio de ar e estimular a libera\u00e7\u00e3o de ar da \u00e1gua dentro do sistema.<\/p>\r\n\r\n\r\n\r\n<h2 class=\"wp-block-heading\" id=\"h-features-of-automatic-air-vent-valves\">Caracter\u00edsticas das v\u00e1lvulas de ventila\u00e7\u00e3o autom\u00e1ticas:<\/h2>\r\n\r\n\r\n\r\n<ul class=\"wp-block-list\">\r\n<li>Libera automaticamente o ar preso dentro de sistemas de aquecimento selados<\/li>\r\n<li>Constru\u00e7\u00e3o robusta em lat\u00e3o maci\u00e7o e flutuador em polipropileno resistente ao calor<\/li>\r\n<li>Dispon\u00edvel com uma variedade de extremidades de conex\u00e3o<\/li>\r\n<\/ul>\r\n\r\n\r\n\r\n<h2 class=\"wp-block-heading\" id=\"h-material-of-automatic-air-vent-valves\">Material das v\u00e1lvulas de ventila\u00e7\u00e3o autom\u00e1ticas:<\/h2>\r\n\r\n\r\n\r\n<figure class=\"wp-block-table\">\r\n<table>\r\n<tbody>\r\n<tr>\r\n<td>N\u00e3o<\/td>\r\n<td>Parte<\/td>\r\n<td>Material<\/td>\r\n<\/tr>\r\n<tr>\r\n<td>1<\/td>\r\n<td>Corpo<\/td>\r\n<td>Lat\u00e3o CW 617N<\/td>\r\n<\/tr>\r\n<tr>\r\n<td>2<\/td>\r\n<td>Bon\u00e9<\/td>\r\n<td>Lat\u00e3o CW 617N<\/td>\r\n<\/tr>\r\n<tr>\r\n<td>3<\/td>\r\n<td>Flutuador<\/td>\r\n<td>Polietileno<\/td>\r\n<\/tr>\r\n<tr>\r\n<td>4<\/td>\r\n<td>Bon\u00e9<\/td>\r\n<td>Polietileno<\/td>\r\n<\/tr>\r\n<tr>\r\n<td>5<\/td>\r\n<td>M\u00e1quina de lavar<\/td>\r\n<td>Lat\u00e3o<\/td>\r\n<\/tr>\r\n<tr>\r\n<td>6<\/td>\r\n<td>Jun\u00e7\u00e3o<\/td>\r\n<td>Resina Acetal<\/td>\r\n<\/tr>\r\n<tr>\r\n<td>7<\/td>\r\n<td>Alavanca<\/td>\r\n<td>Resina Acetal<\/td>\r\n<\/tr>\r\n<tr>\r\n<td>8<\/td>\r\n<td>Parar<\/td>\r\n<td>Resina Acetal<\/td>\r\n<\/tr>\r\n<\/tbody>\r\n<\/table>\r\n<\/figure>","protected":false},"excerpt":{"rendered":"<p>A v\u00e1lvula ZECO \u00e9 um fabricante profissional de v\u00e1lvula de ventila\u00e7\u00e3o autom\u00e1tica de ar. O que \u00e9 uma v\u00e1lvula de ventila\u00e7\u00e3o autom\u00e1tica? A v\u00e1lvula de ventila\u00e7\u00e3o autom\u00e1tica \u00e9 ... <a title=\"V\u00e1lvula de ventila\u00e7\u00e3o autom\u00e1tica\" class=\"read-more\" href=\"https:\/\/zecovalve.com\/pt\/produto\/automatic-air-vent-valve\" aria-label=\"Mais em V\u00e1lvula de ventila\u00e7\u00e3o autom\u00e1tica\">Ler mais<\/a><\/p>","protected":false},"featured_media":27972,"comment_status":"closed","ping_status":"closed","template":"","meta":{"_generate-full-width-content":"","kt_blocks_editor_width":""},"product_cat":[2520],"product_tag":[2796,2765],"class_list":["post-19525","product","type-product","status-publish","has-post-thumbnail","hentry","product_cat-air-valve","product_tag-air-vent-valve","product_tag-vent-valve","sales-flash-overlay","woocommerce-text-align-center","woocommerce-image-align-center","do-quantity-buttons"],"featured_image_src_large":["https:\/\/zecovalve.com\/wp-content\/uploads\/2022\/07\/Automatic-Air-Vent-Valve-1.jpg",800,600,false],"author_info":[],"comment_info":0,"taxonomy_info":{"product_cat":[{"value":2520,"label":"Air Valve Manufacturer and Supplier"}],"product_tag":[{"value":2796,"label":"Air Vent Valve"},{"value":2765,"label":"Vent Valve"}]},"yoast_head":"<!-- This site is optimized with the Yoast SEO Premium plugin v15.4 - https:\/\/yoast.com\/wordpress\/plugins\/seo\/ -->\n<title>Automatic Air Vent Valve - Air Vent Valve | ZECO Valve<\/title>\n<meta name=\"robots\" content=\"index, follow, max-snippet:-1, max-image-preview:large, max-video-preview:-1\" \/>\n<link rel=\"canonical\" href=\"https:\/\/zecovalve.com\/pt\/produto\/automatic-air-vent-valve\" \/>\n<meta property=\"og:locale\" content=\"pt_PT\" \/>\n<meta property=\"og:type\" content=\"article\" \/>\n<meta property=\"og:title\" content=\"Automatic Air Vent Valve - Air Vent Valve | ZECO Valve\" \/>\n<meta property=\"og:description\" content=\"ZECO Valve is an professional Automatic Air Vent Valve manufacturer. What is an Automatic Air Vent Valve? Automatic Air Vent Valve is ... Ler mais\" \/>\n<meta property=\"og:url\" content=\"https:\/\/zecovalve.com\/pt\/produto\/automatic-air-vent-valve\" \/>\n<meta property=\"og:site_name\" content=\"ZECO Valve\" \/>\n<meta property=\"article:modified_time\" content=\"2023-06-26T06:47:07+00:00\" \/>\n<meta property=\"og:image\" content=\"https:\/\/zecovalve.com\/wp-content\/uploads\/2022\/07\/Automatic-Air-Vent-Valve-1.jpg\" \/>\n\t<meta property=\"og:image:width\" content=\"800\" \/>\n\t<meta property=\"og:image:height\" content=\"600\" \/>\n<meta name=\"twitter:card\" content=\"summary_large_image\" \/>\n<meta name=\"twitter:label1\" content=\"Escrito por\">\n\t<meta name=\"twitter:data1\" content=\"Jerry\">\n\t<meta name=\"twitter:label2\" content=\"Tempo estimado de leitura\">\n\t<meta name=\"twitter:data2\" content=\"1 minuto\">\n<script type=\"application\/ld+json\" class=\"yoast-schema-graph\">{\"@context\":\"https:\/\/schema.org\",\"@graph\":[{\"@type\":\"WebSite\",\"@id\":\"https:\/\/zecovalve.com\/#website\",\"url\":\"https:\/\/zecovalve.com\/\",\"name\":\"ZECO Valve\",\"description\":\"Industrial Ball Valve, Gate Valve and Globe Valve Manufacturer\",\"potentialAction\":[{\"@type\":\"SearchAction\",\"target\":\"https:\/\/zecovalve.com\/?s={search_term_string}\",\"query-input\":\"required name=search_term_string\"}],\"inLanguage\":\"pt-PT\"},{\"@type\":\"ImageObject\",\"@id\":\"https:\/\/zecovalve.com\/product\/automatic-air-vent-valve#primaryimage\",\"inLanguage\":\"pt-PT\",\"url\":\"https:\/\/zecovalve.com\/wp-content\/uploads\/2022\/07\/Automatic-Air-Vent-Valve-1.jpg\",\"width\":800,\"height\":600,\"caption\":\"Automatic Air Vent Valve\"},{\"@type\":\"WebPage\",\"@id\":\"https:\/\/zecovalve.com\/product\/automatic-air-vent-valve#webpage\",\"url\":\"https:\/\/zecovalve.com\/product\/automatic-air-vent-valve\",\"name\":\"Automatic Air Vent Valve - Air Vent Valve | ZECO Valve\",\"isPartOf\":{\"@id\":\"https:\/\/zecovalve.com\/#website\"},\"primaryImageOfPage\":{\"@id\":\"https:\/\/zecovalve.com\/product\/automatic-air-vent-valve#primaryimage\"},\"datePublished\":\"2022-07-11T11:54:01+00:00\",\"dateModified\":\"2023-06-26T06:47:07+00:00\",\"breadcrumb\":{\"@id\":\"https:\/\/zecovalve.com\/product\/automatic-air-vent-valve#breadcrumb\"},\"inLanguage\":\"pt-PT\",\"potentialAction\":[{\"@type\":\"ReadAction\",\"target\":[\"https:\/\/zecovalve.com\/product\/automatic-air-vent-valve\"]}]},{\"@type\":\"BreadcrumbList\",\"@id\":\"https:\/\/zecovalve.com\/product\/automatic-air-vent-valve#breadcrumb\",\"itemListElement\":[{\"@type\":\"ListItem\",\"position\":1,\"item\":{\"@type\":\"WebPage\",\"@id\":\"https:\/\/zecovalve.com\/\",\"url\":\"https:\/\/zecovalve.com\/\",\"name\":\"Home\"}},{\"@type\":\"ListItem\",\"position\":2,\"item\":{\"@type\":\"WebPage\",\"@id\":\"https:\/\/zecovalve.com\/product-category\",\"url\":\"https:\/\/zecovalve.com\/product-category\",\"name\":\"Industrial Valve Manufacturer | Water Valve Manufacturer\"}},{\"@type\":\"ListItem\",\"position\":3,\"item\":{\"@type\":\"WebPage\",\"@id\":\"https:\/\/zecovalve.com\/product\/automatic-air-vent-valve\",\"url\":\"https:\/\/zecovalve.com\/product\/automatic-air-vent-valve\",\"name\":\"Automatic Air Vent Valve\"}}]}]}<\/script>\n<!-- \/ Yoast SEO Premium plugin. -->","_links":{"self":[{"href":"https:\/\/zecovalve.com\/pt\/wp-json\/wp\/v2\/product\/19525","targetHints":{"allow":["GET"]}}],"collection":[{"href":"https:\/\/zecovalve.com\/pt\/wp-json\/wp\/v2\/product"}],"about":[{"href":"https:\/\/zecovalve.com\/pt\/wp-json\/wp\/v2\/types\/product"}],"replies":[{"embeddable":true,"href":"https:\/\/zecovalve.com\/pt\/wp-json\/wp\/v2\/comments?post=19525"}],"wp:featuredmedia":[{"embeddable":true,"href":"https:\/\/zecovalve.com\/pt\/wp-json\/wp\/v2\/media\/27972"}],"wp:attachment":[{"href":"https:\/\/zecovalve.com\/pt\/wp-json\/wp\/v2\/media?parent=19525"}],"wp:term":[{"taxonomy":"product_cat","embeddable":true,"href":"https:\/\/zecovalve.com\/pt\/wp-json\/wp\/v2\/product_cat?post=19525"},{"taxonomy":"product_tag","embeddable":true,"href":"https:\/\/zecovalve.com\/pt\/wp-json\/wp\/v2\/product_tag?post=19525"}],"curies":[{"name":"wp","href":"https:\/\/api.w.org\/{rel}","templated":true}]}}