{"id":19530,"date":"2022-07-11T13:22:59","date_gmt":"2022-07-11T13:22:59","guid":{"rendered":"https:\/\/zecovalve.com\/?post_type=product&#038;p=19530"},"modified":"2023-06-26T06:08:28","modified_gmt":"2023-06-26T06:08:28","slug":"manual-balancing-valve","status":"publish","type":"product","link":"https:\/\/zecovalve.com\/pt\/produto\/manual-balancing-valve","title":{"rendered":"V\u00e1lvula de balanceamento manual"},"content":{"rendered":"<p>Os sistemas de aquecimento e refrigera\u00e7\u00e3o projetados com o princ\u00edpio de fluxo constante circulam grandes quantidades de \u00e1gua. Para fazer isso da forma mais eficiente poss\u00edvel, \u00e9 importante garantir que os fluxos de projeto nas diferentes partes do sistema estejam corretos. As v\u00e1lvulas de balanceamento manuais s\u00e3o a melhor op\u00e7\u00e3o nestes tipos de sistemas.<\/p>\r\n\r\n\r\n\r\n<figure id=\"attachment_17032\" class=\"wp-block-image\"><img loading=\"lazy\" decoding=\"async\" width=\"300\" height=\"273\" class=\"wp-image-17032\" src=\"https:\/\/zecovalve.com\/wp-content\/uploads\/2022\/06\/bronze-flow-balancing-valve-300x273.jpg\" alt=\"V\u00e1lvula de balanceamento de fluxo de lat\u00e3o\" srcset=\"https:\/\/zecovalve.com\/wp-content\/uploads\/2022\/06\/bronze-flow-balancing-valve-300x273.jpg 300w, https:\/\/zecovalve.com\/wp-content\/uploads\/2022\/06\/bronze-flow-balancing-valve.jpg 330w\" sizes=\"auto, (max-width: 300px) 100vw, 300px\" \/><\/figure>\r\n\r\n\r\n<div class=\"gb-button-wrapper gb-button-wrapper-6d8495a3\">\r\n\r\n\r\n<p><a class=\"gb-button gb-button-3d442e11 gb-button-text\" href=\"https:\/\/zecovalve.com\/pt\/contact\/\" target=\"_blank\" rel=\"noopener noreferrer\"><strong>OBTER PRE\u00c7O DA V\u00c1LVULA<\/strong><\/a><\/p>\r\n<\/div>\r\n\r\n\r\n\r\n\r\n<h2 class=\"wp-block-heading\">O que \u00e9 uma v\u00e1lvula de balanceamento manual?<\/h2>\r\n\r\n\r\n\r\n<p>A v\u00e1lvula de balanceamento manual ZECO foi projetada para balanceamento hidr\u00f4nico preciso em muitas aplica\u00e7\u00f5es. \u00c9 mais frequentemente utilizado para sistemas de aquecimento ou refrigera\u00e7\u00e3o com \u00e1gua dom\u00e9stica.<\/p>\r\n\r\n\r\n\r\n<h2 class=\"wp-block-heading\" id=\"h-festures-of-manual-balancing-valve\">Festuras da v\u00e1lvula de balanceamento manual<\/h2>\r\n\r\n\r\n\r\n<h3 class=\"wp-block-heading\">Ampla gama de produtos<\/h3>\r\n\r\n\r\n\r\n<p>Com v\u00e1lvulas nos tamanhos DN 15 at\u00e9 DN 50, op\u00e7\u00f5es de montagem com rosca interna, rosca externa ou flanges e disponibilidade de ferramentas de medi\u00e7\u00e3o e acess\u00f3rios, h\u00e1 sempre uma v\u00e1lvula de balanceamento manual ZECO que atende \u00e0s suas necessidades.<\/p>\r\n\r\n\r\n\r\n<h3 class=\"wp-block-heading\">Constru\u00e7\u00e3o compacta<\/h3>\r\n\r\n\r\n\r\n<p>Todas as v\u00e1lvulas de balanceamento ZECO s\u00e3o projetadas para ocupar o m\u00ednimo de espa\u00e7o e serem f\u00e1ceis de instalar.<\/p>\r\n\r\n\r\n\r\n<h2 class=\"wp-block-heading\" id=\"h-manual-balancing-valve-working-principle\">Princ\u00edpio de funcionamento da v\u00e1lvula de balanceamento manual<\/h2>\r\n\r\n\r\n\r\n<figure class=\"wp-block-image\"><img loading=\"lazy\" decoding=\"async\" width=\"300\" height=\"225\" class=\"wp-image-17065\" src=\"https:\/\/zecovalve.com\/wp-content\/uploads\/2022\/06\/bronze-flow-balancing-valve-3-300x225.png\" alt=\"\" srcset=\"https:\/\/zecovalve.com\/wp-content\/uploads\/2022\/06\/bronze-flow-balancing-valve-3-300x225.png 300w, https:\/\/zecovalve.com\/wp-content\/uploads\/2022\/06\/bronze-flow-balancing-valve-3.png 600w\" sizes=\"auto, (max-width: 300px) 100vw, 300px\" \/><\/figure>\r\n\r\n\r\n\r\n<p>A v\u00e1lvula de balanceamento manual \u00e9 uma v\u00e1lvula de fun\u00e7\u00e3o especial. Possui boas caracter\u00edsticas de fluxo. Al\u00e9m disso, possui \u00edndice de abertura de v\u00e1lvula, dispositivo de travamento de abertura e v\u00e1lvula medidora de press\u00e3o para medi\u00e7\u00e3o de vaz\u00e3o. Ao usar um instrumento inteligente especial, o valor do fluxo que flui atrav\u00e9s da v\u00e1lvula de equil\u00edbrio pode ser exibido diretamente inserindo o tipo de v\u00e1lvula e o valor de abertura de acordo com o sinal de diferen\u00e7a de press\u00e3o medido. Desde que a v\u00e1lvula de equil\u00edbrio com especifica\u00e7\u00f5es adequadas seja instalada em cada ramal e entrada do usu\u00e1rio e depurada uma vez com o instrumento inteligente especial, a vaz\u00e3o de cada usu\u00e1rio pode atingir o valor definido.<\/p>\r\n\r\n\r\n\r\n<h2 class=\"wp-block-heading\" id=\"h-manual-balancing-valve-installation-and-commissioning\">Instala\u00e7\u00e3o e comissionamento de v\u00e1lvula de balanceamento manual<\/h2>\r\n\r\n\r\n\r\n<figure class=\"wp-block-image\"><img loading=\"lazy\" decoding=\"async\" width=\"300\" height=\"225\" class=\"wp-image-17066\" src=\"https:\/\/zecovalve.com\/wp-content\/uploads\/2022\/06\/pressure-control-valve-300x225.png\" alt=\"\" srcset=\"https:\/\/zecovalve.com\/wp-content\/uploads\/2022\/06\/pressure-control-valve-300x225.png 300w, https:\/\/zecovalve.com\/wp-content\/uploads\/2022\/06\/pressure-control-valve.png 600w\" sizes=\"auto, (max-width: 300px) 100vw, 300px\" \/><\/figure>\r\n\r\n\r\n\r\n<p>Esta v\u00e1lvula pode ser instalada no tubo de abastecimento de \u00e1gua ou no tubo de retorno de \u00e1gua. Geralmente, recomenda-se a instala\u00e7\u00e3o na tubula\u00e7\u00e3o de retorno de \u00e1gua, principalmente na malha de alta temperatura.<\/p>\r\n\r\n\r\n\r\n<h2 class=\"wp-block-heading\" id=\"h-manual-balancing-valve-material-and-standard\">Vis\u00e3o geral do produto de v\u00e1lvulas manuais de balanceamento<\/h2>\r\n\r\n\r\n\r\n<p>Faixa de tamanho: 3\/4\u2033~2\u2033<\/p>\r\n\r\n\r\n\r\n<p>Classifica\u00e7\u00e3o de press\u00e3o: 10bar ~ 16bar<\/p>\r\n\r\n\r\n\r\n<p>Dimens\u00f5es face a face: EN 558-1, ASME B 16.10<\/p>\r\n\r\n\r\n\r\n<p>Dimens\u00e3o final do flange: BS 21<\/p>\r\n\r\n\r\n\r\n<p>Inspe\u00e7\u00e3o e teste: ISO 5208 \/ EN 12226-2<\/p>\r\n<div class=\"over-tabs\">\r\n<table width=\"1389\">\r\n<tbody>\r\n<tr class=\"firstRow\">\r\n<td>Parte<\/td>\r\n<td>Material<\/td>\r\n<td>Padr\u00e3o<\/td>\r\n<\/tr>\r\n<tr>\r\n<td>Corpo<\/td>\r\n<td>CuZn39Pb1 \/ C37000<\/td>\r\n<td>EN12167\/ASTM B135<\/td>\r\n<\/tr>\r\n<tr>\r\n<td>Bon\u00e9<\/td>\r\n<td>CuZn39Pb1 \/ C37000<\/td>\r\n<td>EN12167\/ASTM B135<\/td>\r\n<\/tr>\r\n<tr>\r\n<td>Aparar<\/td>\r\n<td>CuZn39Pb1 \/ C37000<\/td>\r\n<td>EN12167\/ASTM B135<\/td>\r\n<\/tr>\r\n<tr>\r\n<td>Porta de medi\u00e7\u00e3o<\/td>\r\n<td>CuZn39Pb1 \/ C37000<\/td>\r\n<td>EN12167\/ASTM B135<\/td>\r\n<\/tr>\r\n<tr>\r\n<td>Anel-O<\/td>\r\n<td>EPDM \/ NBR<\/td>\r\n<td>ISO 4633<\/td>\r\n<\/tr>\r\n<tr>\r\n<td>Volante<\/td>\r\n<td>Nylon<\/td>\r\n<td>ISO 4633<\/td>\r\n<\/tr>\r\n<tr>\r\n<td colspan=\"3\">Para op\u00e7\u00f5es de materiais n\u00e3o listados, consulte a f\u00e1brica. A ZECO fabrica v\u00e1lvulas em mais de 50 ligas diferentes.<\/td>\r\n<\/tr>\r\n<\/tbody>\r\n<\/table>\r\n<h2>Dimens\u00f5es das v\u00e1lvulas manuais de balanceamento<\/h2>\r\n<\/div>\r\n<figure class=\"wp-block-table\">\r\n<table>\r\n<tbody>\r\n<tr>\r\n<td>NPS<\/td>\r\n<td>Em<\/td>\r\n<td>3\/4<\/td>\r\n<td>1<\/td>\r\n<td>1 1\/4<\/td>\r\n<td>1 1\/2<\/td>\r\n<td>2<\/td>\r\n<\/tr>\r\n<tr>\r\n<td>A<\/td>\r\n<td>mil\u00edmetros<\/td>\r\n<td>86.5<\/td>\r\n<td>105<\/td>\r\n<td>123.5<\/td>\r\n<td>125<\/td>\r\n<td>144<\/td>\r\n<\/tr>\r\n<tr>\r\n<td>H<\/td>\r\n<td>mil\u00edmetros<\/td>\r\n<td>102<\/td>\r\n<td>105<\/td>\r\n<td>110<\/td>\r\n<td>120<\/td>\r\n<td>127<\/td>\r\n<\/tr>\r\n<tr>\r\n<td>G<\/td>\r\n<td>mil\u00edmetros<\/td>\r\n<td>G3\/4<\/td>\r\n<td>G1<\/td>\r\n<td>G1 1\/4<\/td>\r\n<td>G1 1\/2<\/td>\r\n<td>G2<\/td>\r\n<\/tr>\r\n<tr>\r\n<td>SO<\/td>\r\n<td>mil\u00edmetros<\/td>\r\n<td>32.5<\/td>\r\n<td>40.5<\/td>\r\n<td>49.5<\/td>\r\n<td>57<\/td>\r\n<td>69.5<\/td>\r\n<\/tr>\r\n<tr>\r\n<td>KVS<\/td>\r\n<td>m3\/h<\/td>\r\n<td>5.77<\/td>\r\n<td>8.7<\/td>\r\n<td>14.2<\/td>\r\n<td>19.2<\/td>\r\n<td>33<\/td>\r\n<\/tr>\r\n<\/tbody>\r\n<\/table>\r\n<\/figure>","protected":false},"excerpt":{"rendered":"<p>Os sistemas de aquecimento e refrigera\u00e7\u00e3o concebidos com um princ\u00edpio de fluxo constante circulam grandes quantidades de \u00e1gua. Para fazer isso da maneira mais eficiente poss\u00edvel,\u2026 <a title=\"V\u00e1lvula de balanceamento manual\" class=\"read-more\" href=\"https:\/\/zecovalve.com\/pt\/produto\/manual-balancing-valve\" aria-label=\"Mais em V\u00e1lvula Manual de Balanceamento\">Ler mais<\/a><\/p>","protected":false},"featured_media":27965,"comment_status":"closed","ping_status":"closed","template":"","meta":{"_generate-full-width-content":"","kt_blocks_editor_width":""},"product_cat":[2512],"product_tag":[2724],"class_list":["post-19530","product","type-product","status-publish","has-post-thumbnail","hentry","product_cat-balancing-valve","product_tag-balancing-valve","sales-flash-overlay","woocommerce-text-align-center","woocommerce-image-align-center","do-quantity-buttons"],"featured_image_src_large":["https:\/\/zecovalve.com\/wp-content\/uploads\/2022\/07\/Manual-Balancing-Valve.jpg",800,600,false],"author_info":[],"comment_info":0,"taxonomy_info":{"product_cat":[{"value":2512,"label":"Balancing Valve"}],"product_tag":[{"value":2724,"label":"Balancing Valve"}]},"yoast_head":"<!-- This site is optimized with the Yoast SEO Premium plugin v15.4 - https:\/\/yoast.com\/wordpress\/plugins\/seo\/ -->\n<title>Manual Balancing Valve - Balancing Valve | ZECO Valve<\/title>\n<meta name=\"robots\" content=\"index, follow, max-snippet:-1, max-image-preview:large, max-video-preview:-1\" \/>\n<link rel=\"canonical\" href=\"https:\/\/zecovalve.com\/pt\/produto\/manual-balancing-valve\" \/>\n<meta property=\"og:locale\" content=\"pt_PT\" \/>\n<meta property=\"og:type\" content=\"article\" \/>\n<meta property=\"og:title\" content=\"Manual Balancing Valve - Balancing Valve | ZECO Valve\" \/>\n<meta property=\"og:description\" content=\"Heating and cooling systems designed with a constant flow principle circulate large amounts of water. To do that as efficiently as possible, ... Ler mais\" \/>\n<meta property=\"og:url\" content=\"https:\/\/zecovalve.com\/pt\/produto\/manual-balancing-valve\" \/>\n<meta property=\"og:site_name\" content=\"ZECO Valve\" \/>\n<meta property=\"article:modified_time\" content=\"2023-06-26T06:08:28+00:00\" \/>\n<meta property=\"og:image\" content=\"https:\/\/zecovalve.com\/wp-content\/uploads\/2022\/07\/Manual-Balancing-Valve.jpg\" \/>\n\t<meta property=\"og:image:width\" content=\"800\" \/>\n\t<meta property=\"og:image:height\" content=\"600\" \/>\n<meta name=\"twitter:card\" content=\"summary_large_image\" \/>\n<meta name=\"twitter:label1\" content=\"Escrito por\">\n\t<meta name=\"twitter:data1\" content=\"Jerry\">\n\t<meta name=\"twitter:label2\" content=\"Tempo estimado de leitura\">\n\t<meta name=\"twitter:data2\" content=\"2 minutos\">\n<script type=\"application\/ld+json\" class=\"yoast-schema-graph\">{\"@context\":\"https:\/\/schema.org\",\"@graph\":[{\"@type\":\"WebSite\",\"@id\":\"https:\/\/zecovalve.com\/#website\",\"url\":\"https:\/\/zecovalve.com\/\",\"name\":\"ZECO Valve\",\"description\":\"Industrial Ball Valve, Gate Valve and Globe Valve Manufacturer\",\"potentialAction\":[{\"@type\":\"SearchAction\",\"target\":\"https:\/\/zecovalve.com\/?s={search_term_string}\",\"query-input\":\"required name=search_term_string\"}],\"inLanguage\":\"pt-PT\"},{\"@type\":\"ImageObject\",\"@id\":\"https:\/\/zecovalve.com\/product\/manual-balancing-valve#primaryimage\",\"inLanguage\":\"pt-PT\",\"url\":\"https:\/\/zecovalve.com\/wp-content\/uploads\/2022\/07\/Manual-Balancing-Valve.jpg\",\"width\":800,\"height\":600,\"caption\":\"Manual Balancing Valve\"},{\"@type\":\"WebPage\",\"@id\":\"https:\/\/zecovalve.com\/product\/manual-balancing-valve#webpage\",\"url\":\"https:\/\/zecovalve.com\/product\/manual-balancing-valve\",\"name\":\"Manual Balancing Valve - Balancing Valve | ZECO Valve\",\"isPartOf\":{\"@id\":\"https:\/\/zecovalve.com\/#website\"},\"primaryImageOfPage\":{\"@id\":\"https:\/\/zecovalve.com\/product\/manual-balancing-valve#primaryimage\"},\"datePublished\":\"2022-07-11T13:22:59+00:00\",\"dateModified\":\"2023-06-26T06:08:28+00:00\",\"breadcrumb\":{\"@id\":\"https:\/\/zecovalve.com\/product\/manual-balancing-valve#breadcrumb\"},\"inLanguage\":\"pt-PT\",\"potentialAction\":[{\"@type\":\"ReadAction\",\"target\":[\"https:\/\/zecovalve.com\/product\/manual-balancing-valve\"]}]},{\"@type\":\"BreadcrumbList\",\"@id\":\"https:\/\/zecovalve.com\/product\/manual-balancing-valve#breadcrumb\",\"itemListElement\":[{\"@type\":\"ListItem\",\"position\":1,\"item\":{\"@type\":\"WebPage\",\"@id\":\"https:\/\/zecovalve.com\/\",\"url\":\"https:\/\/zecovalve.com\/\",\"name\":\"Home\"}},{\"@type\":\"ListItem\",\"position\":2,\"item\":{\"@type\":\"WebPage\",\"@id\":\"https:\/\/zecovalve.com\/product-category\",\"url\":\"https:\/\/zecovalve.com\/product-category\",\"name\":\"Industrial Valve Manufacturer | Water Valve Manufacturer\"}},{\"@type\":\"ListItem\",\"position\":3,\"item\":{\"@type\":\"WebPage\",\"@id\":\"https:\/\/zecovalve.com\/product\/manual-balancing-valve\",\"url\":\"https:\/\/zecovalve.com\/product\/manual-balancing-valve\",\"name\":\"Manual Balancing Valve\"}}]}]}<\/script>\n<!-- \/ Yoast SEO Premium plugin. -->","_links":{"self":[{"href":"https:\/\/zecovalve.com\/pt\/wp-json\/wp\/v2\/product\/19530","targetHints":{"allow":["GET"]}}],"collection":[{"href":"https:\/\/zecovalve.com\/pt\/wp-json\/wp\/v2\/product"}],"about":[{"href":"https:\/\/zecovalve.com\/pt\/wp-json\/wp\/v2\/types\/product"}],"replies":[{"embeddable":true,"href":"https:\/\/zecovalve.com\/pt\/wp-json\/wp\/v2\/comments?post=19530"}],"wp:featuredmedia":[{"embeddable":true,"href":"https:\/\/zecovalve.com\/pt\/wp-json\/wp\/v2\/media\/27965"}],"wp:attachment":[{"href":"https:\/\/zecovalve.com\/pt\/wp-json\/wp\/v2\/media?parent=19530"}],"wp:term":[{"taxonomy":"product_cat","embeddable":true,"href":"https:\/\/zecovalve.com\/pt\/wp-json\/wp\/v2\/product_cat?post=19530"},{"taxonomy":"product_tag","embeddable":true,"href":"https:\/\/zecovalve.com\/pt\/wp-json\/wp\/v2\/product_tag?post=19530"}],"curies":[{"name":"wp","href":"https:\/\/api.w.org\/{rel}","templated":true}]}}