{"id":19533,"date":"2022-07-12T03:03:24","date_gmt":"2022-07-12T03:03:24","guid":{"rendered":"https:\/\/zecovalve.com\/?post_type=product&#038;p=19533"},"modified":"2022-07-14T06:30:23","modified_gmt":"2022-07-14T06:30:23","slug":"1-inch-brass-ball-valve-price","status":"publish","type":"product","link":"https:\/\/zecovalve.com\/pt\/produto\/1-inch-brass-ball-valve-price","title":{"rendered":"V\u00e1lvula de esfera de lat\u00e3o de 1 polegada"},"content":{"rendered":"<p>Estamos oferecendo v\u00e1lvula esf\u00e9rica de lat\u00e3o de 1 polegada.<\/p>\r\n\r\n\r\n\r\n<figure class=\"wp-block-image size-full is-resized\"><img loading=\"lazy\" decoding=\"async\" class=\"wp-image-19482\" src=\"https:\/\/zecovalve.com\/wp-content\/uploads\/2022\/07\/Globe-Valve-Check-Valve.jpg\" alt=\"V\u00e1lvula de esfera em lat\u00e3o\" width=\"400\" height=\"300\" srcset=\"https:\/\/zecovalve.com\/wp-content\/uploads\/2022\/07\/Globe-Valve-Check-Valve.jpg 800w, https:\/\/zecovalve.com\/wp-content\/uploads\/2022\/07\/Globe-Valve-Check-Valve-300x225.jpg 300w, https:\/\/zecovalve.com\/wp-content\/uploads\/2022\/07\/Globe-Valve-Check-Valve-768x576.jpg 768w, https:\/\/zecovalve.com\/wp-content\/uploads\/2022\/07\/Globe-Valve-Check-Valve-600x450.jpg 600w\" sizes=\"auto, (max-width: 400px) 100vw, 400px\" \/><\/figure>\r\n\r\n\r\n<div class=\"gb-button-wrapper gb-button-wrapper-6d8495a3\">\r\n\r\n\r\n<p><a class=\"gb-button gb-button-3d442e11 gb-button-text\" href=\"https:\/\/zecovalve.com\/pt\/contact\/\" target=\"_blank\" rel=\"noopener noreferrer\"><strong>OBTENHA O PRE\u00c7O DA V\u00c1LVULA DE ESFERA DE LAT\u00c3O DE 1 polegada<\/strong><\/a><\/p>\r\n<\/div>\r\n\r\n\r\n\r\n\r\n<h2 class=\"wp-block-heading\">Aproximadamente. Pre\u00e7o: US$ 2,5 ~ 15\/Pe\u00e7a<\/h2>\r\n\r\n\r\n\r\n<h2 class=\"wp-block-heading\">Informa\u00e7\u00f5es do produto da v\u00e1lvula esf\u00e9rica de lat\u00e3o de 1 polegada<\/h2>\r\n\r\n\r\n\r\n<p>ZECO V\u00e1lvula de esfera de lat\u00e3o forjado com design de duas pe\u00e7as tipo parafusado de 1 polegada, ZF-101 \u00e9 um produto de qualidade premium da ZECO. Todas as v\u00e1lvulas esf\u00e9ricas de lat\u00e3o forjado de duas pe\u00e7as do tipo parafusado ZECO1 polegada, ZF-101, s\u00e3o fabricadas usando material de qualidade garantida e t\u00e9cnicas avan\u00e7adas, que as tornam o padr\u00e3o neste campo altamente desafiador. Os materiais utilizados para fabricar a v\u00e1lvula esf\u00e9rica de lat\u00e3o forjado de duas pe\u00e7as tipo aparafusada de 1 polegada ZECO, ZF-101, s\u00e3o provenientes dos fornecedores mais confi\u00e1veis e oficiais, escolhidos ap\u00f3s a realiza\u00e7\u00e3o de pesquisas de mercado detalhadas. Os produtos ZECO s\u00e3o amplamente reconhecidos no mercado pela sua alta qualidade. Estamos dedicados a fornecer uma variedade de v\u00e1lvulas esfera de lat\u00e3o ZECO de excelente qualidade.<\/p>\r\n\r\n\r\n\r\n<h2 class=\"wp-block-heading\">Caracter\u00edsticas da v\u00e1lvula esf\u00e9rica de lat\u00e3o de 1 polegada<\/h2>\r\n\r\n\r\n\r\n<ul class=\"wp-block-list\">\r\n<li>A gaxeta de veda\u00e7\u00e3o da haste ajust\u00e1vel proporciona maior vida \u00fatil.<\/li>\r\n<li>Haste \u00e0 prova de explos\u00e3o com carga inferior.<\/li>\r\n<li>Selo e sedes da gaxeta da haste em PTFE.<\/li>\r\n<li>Esfera em lat\u00e3o cromado usinado.<\/li>\r\n<\/ul>\r\n\r\n\r\n\r\n<h2 class=\"wp-block-heading\" id=\"h-product-details-of-1-inch-brass-ball-valve\">Detalhes do produto da v\u00e1lvula esf\u00e9rica de lat\u00e3o de 1 polegada<\/h2>\r\n\r\n\r\n\r\n<figure class=\"wp-block-table\">\r\n<table>\r\n<tbody>\r\n<tr>\r\n<td>Quantidade m\u00ednima de pedido<\/td>\r\n<td>200 pe\u00e7as<\/td>\r\n<\/tr>\r\n<tr>\r\n<td>meios de comunica\u00e7\u00e3o<\/td>\r\n<td>\u00c1gua, Ar<\/td>\r\n<\/tr>\r\n<tr>\r\n<td>Tamanho<\/td>\r\n<td>1 POLEGADA<\/td>\r\n<\/tr>\r\n<tr>\r\n<td>Tamanho da v\u00e1lvula<\/td>\r\n<td>1 POLEGADA<\/td>\r\n<\/tr>\r\n<tr>\r\n<td>Press\u00e3o<\/td>\r\n<td>Baixa press\u00e3o, m\u00e9dia press\u00e3o, alta press\u00e3o<\/td>\r\n<\/tr>\r\n<tr>\r\n<td>Temperatura da m\u00eddia<\/td>\r\n<td>Temperatura m\u00e9dia, alta temperatura, temperatura normal, baixa temperatura<\/td>\r\n<\/tr>\r\n<tr>\r\n<td>Tamanho da porta<\/td>\r\n<td>25mm<\/td>\r\n<\/tr>\r\n<tr>\r\n<td>Doen\u00e7a<\/td>\r\n<td>Novo<\/td>\r\n<\/tr>\r\n<tr>\r\n<td>Modelo<\/td>\r\n<td>ZF-101<\/td>\r\n<\/tr>\r\n<tr>\r\n<td>Tipo de embalagem<\/td>\r\n<td>200 pe\u00e7as em uma caixa<\/td>\r\n<\/tr>\r\n<tr>\r\n<td>Tipo de furo<\/td>\r\n<td>FURO COMPLETO<\/td>\r\n<\/tr>\r\n<tr>\r\n<td>Lidar com material<\/td>\r\n<td>EM<\/td>\r\n<\/tr>\r\n<tr>\r\n<td>Tampa da al\u00e7a<\/td>\r\n<td>Revestimento Pl\u00e1stico<\/td>\r\n<\/tr>\r\n<tr>\r\n<td>Tipo de acabamento<\/td>\r\n<td>Lat\u00e3o cromado<\/td>\r\n<\/tr>\r\n<tr>\r\n<td>Seguro contra inc\u00eandio<\/td>\r\n<td>Sim<\/td>\r\n<\/tr>\r\n<tr>\r\n<td>Material<\/td>\r\n<td>Lat\u00e3o<\/td>\r\n<\/tr>\r\n<tr>\r\n<td>Tipo de corpo<\/td>\r\n<td>Lat\u00e3o<\/td>\r\n<\/tr>\r\n<tr>\r\n<td>Aplica\u00e7\u00e3o<\/td>\r\n<td>\u00c1gua, G\u00e1s, Petr\u00f3leo<\/td>\r\n<\/tr>\r\n<tr>\r\n<td>Cor<\/td>\r\n<td>Prata<\/td>\r\n<\/tr>\r\n<tr>\r\n<td>De marca<\/td>\r\n<td>De marca<\/td>\r\n<\/tr>\r\n<tr>\r\n<td>Barra de press\u00e3o nominal<\/td>\r\n<td>10~25 Barras, 1000WOG<\/td>\r\n<\/tr>\r\n<tr>\r\n<td>Selo da haste<\/td>\r\n<td>PTFE<\/td>\r\n<\/tr>\r\n<tr>\r\n<td>Fio<\/td>\r\n<td>BSP<\/td>\r\n<\/tr>\r\n<tr>\r\n<td>Temperatura de trabalho<\/td>\r\n<td>-10 a 100 graus C<\/td>\r\n<\/tr>\r\n<tr>\r\n<td>Tamanho da rosca<\/td>\r\n<td>1 POLEGADA<\/td>\r\n<\/tr>\r\n<\/tbody>\r\n<\/table>\r\n<\/figure>","protected":false},"excerpt":{"rendered":"<p>Estamos oferecendo v\u00e1lvula esf\u00e9rica de lat\u00e3o de 1 polegada. Aproximadamente. Pre\u00e7o: US$ 2,5 ~ 15 \/ pe\u00e7a Informa\u00e7\u00f5es do produto da v\u00e1lvula esf\u00e9rica de lat\u00e3o de 1 polegada ZECO de 1 polegada\u2026 <a title=\"V\u00e1lvula de esfera de lat\u00e3o de 1 polegada\" class=\"read-more\" href=\"https:\/\/zecovalve.com\/pt\/produto\/1-inch-brass-ball-valve-price\" aria-label=\"Mais em V\u00e1lvula esfera de lat\u00e3o de 1 polegada\">Ler mais<\/a><\/p>","protected":false},"featured_media":19482,"comment_status":"closed","ping_status":"closed","template":"","meta":{"_generate-full-width-content":"","kt_blocks_editor_width":""},"product_cat":[2047,2461],"product_tag":[3054,2802,2833],"class_list":["post-19533","product","type-product","status-publish","has-post-thumbnail","hentry","product_cat-ball-valve","product_cat-ball-valve-by-material","product_tag-1-ball-valve","product_tag-ball-valve-price","product_tag-brass-ball-valve","sales-flash-overlay","woocommerce-text-align-center","woocommerce-image-align-center","do-quantity-buttons"],"featured_image_src_large":["https:\/\/zecovalve.com\/wp-content\/uploads\/2022\/07\/Globe-Valve-Check-Valve.jpg",800,600,false],"author_info":[],"comment_info":0,"taxonomy_info":{"product_cat":[{"value":2047,"label":"Ball Valve"},{"value":2461,"label":"Ball Valve By Material"}],"product_tag":[{"value":3054,"label":"1\" Ball Valve"},{"value":2802,"label":"Ball Valve Price"},{"value":2833,"label":"Brass Ball Valve"}]},"yoast_head":"<!-- This site is optimized with the Yoast SEO Premium plugin v15.4 - https:\/\/yoast.com\/wordpress\/plugins\/seo\/ -->\n<title>1 Inch Brass Ball Valve - Competitive Brass Ball Valve Price | ZECO<\/title>\n<meta name=\"robots\" content=\"index, follow, max-snippet:-1, max-image-preview:large, max-video-preview:-1\" \/>\n<link rel=\"canonical\" href=\"https:\/\/zecovalve.com\/pt\/produto\/1-inch-brass-ball-valve-price\" \/>\n<meta property=\"og:locale\" content=\"pt_PT\" \/>\n<meta property=\"og:type\" content=\"article\" \/>\n<meta property=\"og:title\" content=\"1 Inch Brass Ball Valve - Competitive Brass Ball Valve Price | ZECO\" \/>\n<meta property=\"og:description\" content=\"We are offering 1 inch Brass Ball Valve. Approx. Price:\u00a0US$\u00a02.5~15\u00a0\/ Piece Product Information of 1 Inch Brass Ball Valve ZECO 1 inch ... Ler mais\" \/>\n<meta property=\"og:url\" content=\"https:\/\/zecovalve.com\/pt\/produto\/1-inch-brass-ball-valve-price\" \/>\n<meta property=\"og:site_name\" content=\"ZECO Valve\" \/>\n<meta property=\"article:modified_time\" content=\"2022-07-14T06:30:23+00:00\" \/>\n<meta property=\"og:image\" content=\"https:\/\/zecovalve.com\/wp-content\/uploads\/2022\/07\/Globe-Valve-Check-Valve.jpg\" \/>\n\t<meta property=\"og:image:width\" content=\"800\" \/>\n\t<meta property=\"og:image:height\" content=\"600\" \/>\n<meta name=\"twitter:card\" content=\"summary_large_image\" \/>\n<meta name=\"twitter:label1\" content=\"Escrito por\">\n\t<meta name=\"twitter:data1\" content=\"Jerry\">\n\t<meta name=\"twitter:label2\" content=\"Tempo estimado de leitura\">\n\t<meta name=\"twitter:data2\" content=\"1 minuto\">\n<script type=\"application\/ld+json\" class=\"yoast-schema-graph\">{\"@context\":\"https:\/\/schema.org\",\"@graph\":[{\"@type\":\"WebSite\",\"@id\":\"https:\/\/zecovalve.com\/#website\",\"url\":\"https:\/\/zecovalve.com\/\",\"name\":\"ZECO Valve\",\"description\":\"Industrial Ball Valve, Gate Valve and Globe Valve Manufacturer\",\"potentialAction\":[{\"@type\":\"SearchAction\",\"target\":\"https:\/\/zecovalve.com\/?s={search_term_string}\",\"query-input\":\"required name=search_term_string\"}],\"inLanguage\":\"pt-PT\"},{\"@type\":\"ImageObject\",\"@id\":\"https:\/\/zecovalve.com\/product\/1-inch-brass-ball-valve-price#primaryimage\",\"inLanguage\":\"pt-PT\",\"url\":\"https:\/\/zecovalve.com\/wp-content\/uploads\/2022\/07\/Globe-Valve-Check-Valve.jpg\",\"width\":800,\"height\":600,\"caption\":\"Brass Ball Valve\"},{\"@type\":\"WebPage\",\"@id\":\"https:\/\/zecovalve.com\/product\/1-inch-brass-ball-valve-price#webpage\",\"url\":\"https:\/\/zecovalve.com\/product\/1-inch-brass-ball-valve-price\",\"name\":\"1 Inch Brass Ball Valve - Competitive Brass Ball Valve Price | ZECO\",\"isPartOf\":{\"@id\":\"https:\/\/zecovalve.com\/#website\"},\"primaryImageOfPage\":{\"@id\":\"https:\/\/zecovalve.com\/product\/1-inch-brass-ball-valve-price#primaryimage\"},\"datePublished\":\"2022-07-12T03:03:24+00:00\",\"dateModified\":\"2022-07-14T06:30:23+00:00\",\"breadcrumb\":{\"@id\":\"https:\/\/zecovalve.com\/product\/1-inch-brass-ball-valve-price#breadcrumb\"},\"inLanguage\":\"pt-PT\",\"potentialAction\":[{\"@type\":\"ReadAction\",\"target\":[\"https:\/\/zecovalve.com\/product\/1-inch-brass-ball-valve-price\"]}]},{\"@type\":\"BreadcrumbList\",\"@id\":\"https:\/\/zecovalve.com\/product\/1-inch-brass-ball-valve-price#breadcrumb\",\"itemListElement\":[{\"@type\":\"ListItem\",\"position\":1,\"item\":{\"@type\":\"WebPage\",\"@id\":\"https:\/\/zecovalve.com\/\",\"url\":\"https:\/\/zecovalve.com\/\",\"name\":\"Home\"}},{\"@type\":\"ListItem\",\"position\":2,\"item\":{\"@type\":\"WebPage\",\"@id\":\"https:\/\/zecovalve.com\/product-category\",\"url\":\"https:\/\/zecovalve.com\/product-category\",\"name\":\"Industrial Valve Manufacturer | Water Valve Manufacturer\"}},{\"@type\":\"ListItem\",\"position\":3,\"item\":{\"@type\":\"WebPage\",\"@id\":\"https:\/\/zecovalve.com\/product\/1-inch-brass-ball-valve-price\",\"url\":\"https:\/\/zecovalve.com\/product\/1-inch-brass-ball-valve-price\",\"name\":\"1 inch Brass Ball Valve\"}}]}]}<\/script>\n<!-- \/ Yoast SEO Premium plugin. -->","_links":{"self":[{"href":"https:\/\/zecovalve.com\/pt\/wp-json\/wp\/v2\/product\/19533","targetHints":{"allow":["GET"]}}],"collection":[{"href":"https:\/\/zecovalve.com\/pt\/wp-json\/wp\/v2\/product"}],"about":[{"href":"https:\/\/zecovalve.com\/pt\/wp-json\/wp\/v2\/types\/product"}],"replies":[{"embeddable":true,"href":"https:\/\/zecovalve.com\/pt\/wp-json\/wp\/v2\/comments?post=19533"}],"wp:featuredmedia":[{"embeddable":true,"href":"https:\/\/zecovalve.com\/pt\/wp-json\/wp\/v2\/media\/19482"}],"wp:attachment":[{"href":"https:\/\/zecovalve.com\/pt\/wp-json\/wp\/v2\/media?parent=19533"}],"wp:term":[{"taxonomy":"product_cat","embeddable":true,"href":"https:\/\/zecovalve.com\/pt\/wp-json\/wp\/v2\/product_cat?post=19533"},{"taxonomy":"product_tag","embeddable":true,"href":"https:\/\/zecovalve.com\/pt\/wp-json\/wp\/v2\/product_tag?post=19533"}],"curies":[{"name":"wp","href":"https:\/\/api.w.org\/{rel}","templated":true}]}}