{"id":19536,"date":"2022-07-12T03:18:25","date_gmt":"2022-07-12T03:18:25","guid":{"rendered":"https:\/\/zecovalve.com\/?post_type=product&#038;p=19536"},"modified":"2022-07-26T05:47:23","modified_gmt":"2022-07-26T05:47:23","slug":"3-way-ball-valve-price","status":"publish","type":"product","link":"https:\/\/zecovalve.com\/pt\/produto\/3-way-ball-valve-price","title":{"rendered":"V\u00e1lvula de esfera de 3 vias em a\u00e7o inoxid\u00e1vel"},"content":{"rendered":"<p>Estamos oferecendo v\u00e1lvula de esfera de a\u00e7o inoxid\u00e1vel de 3 vias.<\/p>\r\n\r\n\r\n\r\n<figure class=\"wp-block-image size-full is-resized\">\r\n<p><img loading=\"lazy\" decoding=\"async\" class=\"size-medium wp-image-19544\" src=\"https:\/\/zecovalve.com\/wp-content\/uploads\/2022\/07\/3-WAY-BALL-VALVE-T-L-TYPE-300x255.png\" alt=\"V\u00e1lvula de esfera de 3 vias\" width=\"300\" height=\"255\" srcset=\"https:\/\/zecovalve.com\/wp-content\/uploads\/2022\/07\/3-WAY-BALL-VALVE-T-L-TYPE-300x255.png 300w, https:\/\/zecovalve.com\/wp-content\/uploads\/2022\/07\/3-WAY-BALL-VALVE-T-L-TYPE-768x652.png 768w, https:\/\/zecovalve.com\/wp-content\/uploads\/2022\/07\/3-WAY-BALL-VALVE-T-L-TYPE-600x510.png 600w, https:\/\/zecovalve.com\/wp-content\/uploads\/2022\/07\/3-WAY-BALL-VALVE-T-L-TYPE.png 937w\" sizes=\"auto, (max-width: 300px) 100vw, 300px\" \/><\/p>\r\n<\/figure>\r\n\r\n\r\n<div class=\"gb-button-wrapper gb-button-wrapper-6d8495a3\">\r\n\r\n\r\n<p><a class=\"gb-button gb-button-3d442e11 gb-button-text\" href=\"https:\/\/zecovalve.com\/pt\/contact\/\" target=\"_blank\" rel=\"noopener noreferrer\"><strong>OBTER O PRE\u00c7O DA V\u00c1LVULA DE ESFERA DE 3 VIAS<\/strong><\/a><\/p>\r\n<\/div>\r\n\r\n\r\n\r\n\r\n<h2 class=\"wp-block-heading\" id=\"h-what-is-a-3-way-ball-valve\">O que \u00e9 uma v\u00e1lvula esfera de 3 vias?<\/h2>\r\n\r\n\r\n\r\n<p>Uma v\u00e1lvula de esfera de 3 vias possui 3 portas e est\u00e1 dispon\u00edvel nas variedades T-Port e L-Port, dependendo do padr\u00e3o de fluxo necess\u00e1rio. Uma v\u00e1lvula de 3 vias \u00e9 ideal se voc\u00ea estiver procurando uma maneira de desviar e controlar o fluxo sem a necessidade de um T e de m\u00faltiplas v\u00e1lvulas. Estas v\u00e1lvulas podem ser usadas como desviadores, onde o fluxo de uma entrada pode ser desviado para qualquer uma das duas sa\u00eddas. Eles tamb\u00e9m podem ser usados como seletores de entrada onde a sa\u00edda \u00e9 alimentada por qualquer uma das outras duas portas.<\/p>\r\n\r\n\r\n<div class=\"wp-block-image\">\r\n<figure class=\"aligncenter size-full\"><img loading=\"lazy\" decoding=\"async\" width=\"726\" height=\"512\" class=\"wp-image-19537\" src=\"https:\/\/zecovalve.com\/wp-content\/uploads\/2022\/07\/T-PORT-L-PORT.jpg\" alt=\"\" srcset=\"https:\/\/zecovalve.com\/wp-content\/uploads\/2022\/07\/T-PORT-L-PORT.jpg 726w, https:\/\/zecovalve.com\/wp-content\/uploads\/2022\/07\/T-PORT-L-PORT-300x212.jpg 300w, https:\/\/zecovalve.com\/wp-content\/uploads\/2022\/07\/T-PORT-L-PORT-600x423.jpg 600w\" sizes=\"auto, (max-width: 726px) 100vw, 726px\" \/><\/figure>\r\n<\/div>\r\n\r\n\r\n<h3 class=\"wp-block-heading\" id=\"h-t-port-ball-valve\">V\u00e1lvula de esfera com porta em T:<\/h3>\r\n\r\n\r\n\r\n<ul class=\"wp-block-list\">\r\n<li>\u00d3timo para misturar fluidos, pois voc\u00ea pode mesclar duas entradas em uma \u00fanica sa\u00edda. (Tamb\u00e9m chamadas de v\u00e1lvulas de esfera de mistura)<\/li>\r\n<li>A dire\u00e7\u00e3o oposta do fluxo tamb\u00e9m \u00e9 poss\u00edvel, o que permite que uma \u00fanica fonte desvie o fluxo em duas dire\u00e7\u00f5es simultaneamente.<\/li>\r\n<li>As v\u00e1lvulas esfera T-Port tamb\u00e9m podem ser usadas para fluir entre apenas duas portas, seja para a esquerda, para a direita ou em linha reta.<\/li>\r\n<\/ul>\r\n\r\n\r\n\r\n<h3 class=\"wp-block-heading\" id=\"h-l-port-ball-valve\">V\u00e1lvula de esfera com porta L:<\/h3>\r\n\r\n\r\n\r\n<ul class=\"wp-block-list\">\r\n<li>O design da porta L permite direcionar o fluxo em uma dire\u00e7\u00e3o de cada vez.<\/li>\r\n<li>De uma entrada voc\u00ea pode direcionar o fluxo para duas sa\u00eddas diferentes.<\/li>\r\n<li>Ou na dire\u00e7\u00e3o oposta do fluxo, para uma sa\u00edda o usu\u00e1rio pode escolher entre duas entradas.<\/li>\r\n<\/ul>\r\n\r\n\r\n\r\n<h2 class=\"wp-block-heading\">Como funciona a v\u00e1lvula esfera de a\u00e7o inoxid\u00e1vel de 3 vias?<\/h2>\r\n\r\n\r\n\r\n<p>O estilo L ou v\u00e1lvula desviadora faz uma mudan\u00e7a no fluxo de uma porta para outra girando a alavanca ou atuador em 90 graus. Suponha que a primeira posi\u00e7\u00e3o seja aberta pela porta inferior e pela porta esquerda. Um quarto de volta no sentido anti-hor\u00e1rio faz com que a v\u00e1lvula desvie o fluxo do meio para a sa\u00edda direita. Outro quarto de volta na outra dire\u00e7\u00e3o, permitindo uma rota\u00e7\u00e3o completa de 180 graus, bloqueia a passagem da m\u00eddia. Uma volta de 270 graus tamb\u00e9m obstruir\u00e1 o movimento da m\u00eddia. No entanto, ter uma volta completa de 360\u00ba permite que a v\u00e1lvula retorne ao seu lugar original. De certa forma, duas das tr\u00eas portas est\u00e3o dispon\u00edveis ao mesmo tempo. Isto possibilita que a v\u00e1lvula tenha duas posi\u00e7\u00f5es de fechamento e tr\u00eas op\u00e7\u00f5es de vaz\u00e3o.<\/p>\r\n\r\n\r\n\r\n<p>O padr\u00e3o T \u00e9 chamado de v\u00e1lvula misturadora, pois o meio de dois fluxos de entrada pode ser misturado dentro da v\u00e1lvula. Est\u00e1 deixando a v\u00e1lvula do outro lado. De certa forma, todas as tr\u00eas portas podem ser abertas ao mesmo tempo. A v\u00e1lvula esf\u00e9rica padr\u00e3o T tamb\u00e9m atuar\u00e1 como um desviador para que possa operar da mesma maneira que a v\u00e1lvula tipo L. Isso poderia ser conseguido com um quarto de volta da manivela. Os padr\u00f5es T n\u00e3o podem ter um fechamento \u00e0 prova de bolhas, mas podem restringir o fluxo a duas portas ou facilitar a passagem para todas as tr\u00eas portas.<\/p>\r\n\r\n\r\n\r\n<p>Como misturador, a v\u00e1lvula esf\u00e9rica com padr\u00e3o T separar\u00e1 o meio em duas dire\u00e7\u00f5es opostas. Seu design ajuda o padr\u00e3o T a dividir o fluxo ou simplesmente criar um padr\u00e3o de fluxo direto, assim como a v\u00e1lvula esfera bidirecional. A porta t\u00edpica ainda est\u00e1 aberta para a v\u00e1lvula esfera de padr\u00e3o T montada verticalmente. A \u00fanica maneira de desviar o fluxo \u00e9 girando um quarto de volta. Uma volta de 180\u00ba n\u00e3o vai alterar o fluxo da m\u00eddia.<\/p>\r\n\r\n\r\n\r\n<h2 class=\"wp-block-heading\">Vantagens da v\u00e1lvula esf\u00e9rica de a\u00e7o inoxid\u00e1vel de 3 vias<\/h2>\r\n\r\n\r\n\r\n<ul class=\"wp-block-list\">\r\n<li>Porta completa para fluxo irrestrito<\/li>\r\n<li>Haste \u00e0 prova de explos\u00e3o<\/li>\r\n<li>Projeto de veda\u00e7\u00e3o de haste piramidal com carga din\u00e2mica<\/li>\r\n<li>Base de montagem integrada para atuadores<\/li>\r\n<li>Montagem compacta<\/li>\r\n<li>Linha completa de acess\u00f3rios<\/li>\r\n<\/ul>\r\n\r\n\r\n\r\n<h2 class=\"wp-block-heading\" id=\"h-specification-of-3-way-stainless-steel-ball-valve\">Especifica\u00e7\u00e3o da v\u00e1lvula esf\u00e9rica de a\u00e7o inoxid\u00e1vel de 3 vias<\/h2>\r\n\r\n\r\n\r\n<figure class=\"wp-block-table\">\r\n<table>\r\n<tbody>\r\n<tr>\r\n<td>Press\u00e3o no trabalho<\/td>\r\n<td>At\u00e9 6.000 psig (413 bar)<\/td>\r\n<\/tr>\r\n<tr>\r\n<td>Gama de temperaturas<\/td>\r\n<td>-40 a 248\u00b0F (-40 a 120\u00b0C)<\/td>\r\n<\/tr>\r\n<tr>\r\n<td>Coeficiente de Fluxo<\/td>\r\n<td>3,8 a 40<\/td>\r\n<\/tr>\r\n<tr>\r\n<td>Material da carro\u00e7aria<\/td>\r\n<td>A\u00e7o inoxid\u00e1vel CF8M\/316, ligas 6-Mo, Duplex 2507, Inconel 625, Monel Alloy 400, Incoloy 825 e Hastelloy C276<\/td>\r\n<\/tr>\r\n<tr>\r\n<td>Materiais para assentos<\/td>\r\n<td>OLHADINHA<\/td>\r\n<\/tr>\r\n<tr>\r\n<td>Liga\u00e7\u00e3o final<\/td>\r\n<td>BSP\/NPT\/RF\/RTJ\/SW\/BW<\/td>\r\n<\/tr>\r\n<tr>\r\n<td>Tamanhos<\/td>\r\n<td>1\/2 a 12 pol.; 15 a 300 mm<\/td>\r\n<\/tr>\r\n<tr>\r\n<td>Configura\u00e7\u00f5es<\/td>\r\n<td>Ligado desligado<\/td>\r\n<\/tr>\r\n<tr>\r\n<td>Fabricante de todos os tipos de v\u00e1lvula esf\u00e9rica de 3 vias<\/td>\r\n<td>\r\n<ul>\r\n<li>V\u00e1lvula de esfera de passagem total<\/li>\r\n<li>V\u00e1lvula de esfera de instrumenta\u00e7\u00e3o de pe\u00e7a \u00fanica<\/li>\r\n<li>V\u00e1lvula de esfera multiuso<\/li>\r\n<li>V\u00e1lvula esf\u00e9rica de instrumenta\u00e7\u00e3o de processo de tr\u00eas pe\u00e7as<\/li>\r\n<li>V\u00e1lvula de esfera munh\u00e3o<\/li>\r\n<\/ul>\r\n<\/td>\r\n<\/tr>\r\n<tr>\r\n<td>Classifica\u00e7\u00e3o de press\u00e3o da v\u00e1lvula esf\u00e9rica de 3 vias de alta press\u00e3o (CWP)<\/td>\r\n<td>\r\n<ul>\r\n<li>1000 PSI\/69 Barras<\/li>\r\n<li>400 PSI\/27,6 Bar<\/li>\r\n<li>600 PSI\/41,4 Bar<\/li>\r\n<\/ul>\r\n<\/td>\r\n<\/tr>\r\n<tr>\r\n<td>Classifica\u00e7\u00e3o de press\u00e3o da v\u00e1lvula esf\u00e9rica flangeada de 3 vias (SWP)<\/td>\r\n<td>\r\n<ul>\r\n<li>150 PSI\/10,3 Bar<\/li>\r\n<li>200 PSI\/13,8 Bar<\/li>\r\n<\/ul>\r\n<\/td>\r\n<\/tr>\r\n<tr>\r\n<td>Classifica\u00e7\u00e3o de press\u00e3o da v\u00e1lvula esf\u00e9rica acionada de 3 vias (WWP)<\/td>\r\n<td>300 PSI\/20,7 Bar<\/td>\r\n<\/tr>\r\n<tr>\r\n<td>Caracter\u00edsticas<\/td>\r\n<td>\r\n<ul>\r\n<li>V\u00e1rias op\u00e7\u00f5es de al\u00e7a<\/li>\r\n<li>Pressione o recurso de detec\u00e7\u00e3o de vazamento<\/li>\r\n<li>Conex\u00f5es finais flangeadas<\/li>\r\n<li>Alavanca de travamento Alavanca de travamento ou operador de engrenagem manual<\/li>\r\n<li>Conex\u00f5es finais rosqueadas soldadas a laser<\/li>\r\n<li>Pressione x pressione conex\u00f5es finais f\u00eameas<\/li>\r\n<li>An\u00e9is de sede refor\u00e7ados em PTFE<\/li>\r\n<\/ul>\r\n<\/td>\r\n<\/tr>\r\n<tr>\r\n<td>Conforme a<\/td>\r\n<td>\r\n<ul>\r\n<li>MSSSP-110<\/li>\r\n<li>MSS SP-145<\/li>\r\n<li>CSA B125.14<\/li>\r\n<li>NSF\/ANSI-372<\/li>\r\n<li>API-608 Antiest\u00e1tico<\/li>\r\n<li>CC-ES PMG-1558<\/li>\r\n<li>ASME A112.4.14I<\/li>\r\n<li>APMO\/ANSI Z1157<\/li>\r\n<li>NACEMR0175<\/li>\r\n<li>API-607 Quarta Edi\u00e7\u00e3o Contra Inc\u00eandio<\/li>\r\n<\/ul>\r\n<\/td>\r\n<\/tr>\r\n<\/tbody>\r\n<\/table>\r\n<\/figure>\r\n\r\n\r\n\r\n<h2 class=\"wp-block-heading\" id=\"h-3-way-ball-valve-price-us-5-150-piece\">Pre\u00e7o da v\u00e1lvula de esfera de 3 vias: US$ 5 ~ 150 \/ pe\u00e7a<\/h2>\r\n\r\n\r\n\r\n<p>Para pre\u00e7os detalhados, entre em contato com a ZECO Valve.<\/p>","protected":false},"excerpt":{"rendered":"<p>Estamos oferecendo v\u00e1lvula de esfera de a\u00e7o inoxid\u00e1vel de 3 vias. O que \u00e9 uma v\u00e1lvula esfera de 3 vias? Uma v\u00e1lvula de esfera de 3 vias tem 3\u2026 <a title=\"V\u00e1lvula de esfera de 3 vias em a\u00e7o inoxid\u00e1vel\" class=\"read-more\" href=\"https:\/\/zecovalve.com\/pt\/produto\/3-way-ball-valve-price\" aria-label=\"Mais em V\u00e1lvula esfera de a\u00e7o inoxid\u00e1vel de 3 vias\">Ler mais<\/a><\/p>","protected":false},"featured_media":19544,"comment_status":"closed","ping_status":"closed","template":"","meta":{"_generate-full-width-content":"","kt_blocks_editor_width":""},"product_cat":[2047],"product_tag":[2802,3254,3244,2832],"class_list":["post-19536","product","type-product","status-publish","has-post-thumbnail","hentry","product_cat-ball-valve","product_tag-ball-valve-price","product_tag-ball-valve-stainless-steel","product_tag-stainless-ball-valve","product_tag-stainless-steel-ball-valve","sales-flash-overlay","woocommerce-text-align-center","woocommerce-image-align-center","do-quantity-buttons"],"featured_image_src_large":["https:\/\/zecovalve.com\/wp-content\/uploads\/2022\/07\/3-WAY-BALL-VALVE-T-L-TYPE.png",937,796,false],"author_info":[],"comment_info":0,"taxonomy_info":{"product_cat":[{"value":2047,"label":"Ball Valve"}],"product_tag":[{"value":2802,"label":"Ball Valve Price"},{"value":3254,"label":"Ball Valve Stainless Steel"},{"value":3244,"label":"Stainless Ball Valve"},{"value":2832,"label":"Stainless Steel Ball Valve"}]},"yoast_head":"<!-- This site is optimized with the Yoast SEO Premium plugin v15.4 - https:\/\/yoast.com\/wordpress\/plugins\/seo\/ -->\n<title>3 Way Stainless Steel Ball Valve - 3 Way Ball Valve Price | ZECO Valve<\/title>\n<meta name=\"robots\" content=\"index, follow, max-snippet:-1, max-image-preview:large, max-video-preview:-1\" \/>\n<link rel=\"canonical\" href=\"https:\/\/zecovalve.com\/pt\/produto\/3-way-ball-valve-price\" \/>\n<meta property=\"og:locale\" content=\"pt_PT\" \/>\n<meta property=\"og:type\" content=\"article\" \/>\n<meta property=\"og:title\" content=\"3 Way Stainless Steel Ball Valve - 3 Way Ball Valve Price | ZECO Valve\" \/>\n<meta property=\"og:description\" content=\"We are offering 3 Way Stainless Steel Ball Valve. What is a 3 Way Ball Valve? A 3-way ball valve has 3 ... Ler mais\" \/>\n<meta property=\"og:url\" content=\"https:\/\/zecovalve.com\/pt\/produto\/3-way-ball-valve-price\" \/>\n<meta property=\"og:site_name\" content=\"ZECO Valve\" \/>\n<meta property=\"article:modified_time\" content=\"2022-07-26T05:47:23+00:00\" \/>\n<meta property=\"og:image\" content=\"https:\/\/zecovalve.com\/wp-content\/uploads\/2022\/07\/3-WAY-BALL-VALVE-T-L-TYPE.png\" \/>\n\t<meta property=\"og:image:width\" content=\"937\" \/>\n\t<meta property=\"og:image:height\" content=\"796\" \/>\n<meta name=\"twitter:card\" content=\"summary_large_image\" \/>\n<meta name=\"twitter:label1\" content=\"Escrito por\">\n\t<meta name=\"twitter:data1\" content=\"Jerry\">\n\t<meta name=\"twitter:label2\" content=\"Tempo estimado de leitura\">\n\t<meta name=\"twitter:data2\" content=\"3 minutos\">\n<script type=\"application\/ld+json\" class=\"yoast-schema-graph\">{\"@context\":\"https:\/\/schema.org\",\"@graph\":[{\"@type\":\"WebSite\",\"@id\":\"https:\/\/zecovalve.com\/#website\",\"url\":\"https:\/\/zecovalve.com\/\",\"name\":\"ZECO Valve\",\"description\":\"Industrial Ball Valve, Gate Valve and Globe Valve Manufacturer\",\"potentialAction\":[{\"@type\":\"SearchAction\",\"target\":\"https:\/\/zecovalve.com\/?s={search_term_string}\",\"query-input\":\"required name=search_term_string\"}],\"inLanguage\":\"pt-PT\"},{\"@type\":\"ImageObject\",\"@id\":\"https:\/\/zecovalve.com\/product\/3-way-ball-valve-price#primaryimage\",\"inLanguage\":\"pt-PT\",\"url\":\"https:\/\/zecovalve.com\/wp-content\/uploads\/2022\/07\/3-WAY-BALL-VALVE-T-L-TYPE.png\",\"width\":937,\"height\":796,\"caption\":\"3 Way Ball Valve\"},{\"@type\":\"WebPage\",\"@id\":\"https:\/\/zecovalve.com\/product\/3-way-ball-valve-price#webpage\",\"url\":\"https:\/\/zecovalve.com\/product\/3-way-ball-valve-price\",\"name\":\"3 Way Stainless Steel Ball Valve - 3 Way Ball Valve Price | ZECO Valve\",\"isPartOf\":{\"@id\":\"https:\/\/zecovalve.com\/#website\"},\"primaryImageOfPage\":{\"@id\":\"https:\/\/zecovalve.com\/product\/3-way-ball-valve-price#primaryimage\"},\"datePublished\":\"2022-07-12T03:18:25+00:00\",\"dateModified\":\"2022-07-26T05:47:23+00:00\",\"breadcrumb\":{\"@id\":\"https:\/\/zecovalve.com\/product\/3-way-ball-valve-price#breadcrumb\"},\"inLanguage\":\"pt-PT\",\"potentialAction\":[{\"@type\":\"ReadAction\",\"target\":[\"https:\/\/zecovalve.com\/product\/3-way-ball-valve-price\"]}]},{\"@type\":\"BreadcrumbList\",\"@id\":\"https:\/\/zecovalve.com\/product\/3-way-ball-valve-price#breadcrumb\",\"itemListElement\":[{\"@type\":\"ListItem\",\"position\":1,\"item\":{\"@type\":\"WebPage\",\"@id\":\"https:\/\/zecovalve.com\/\",\"url\":\"https:\/\/zecovalve.com\/\",\"name\":\"Home\"}},{\"@type\":\"ListItem\",\"position\":2,\"item\":{\"@type\":\"WebPage\",\"@id\":\"https:\/\/zecovalve.com\/product-category\",\"url\":\"https:\/\/zecovalve.com\/product-category\",\"name\":\"Industrial Valve Manufacturer | Water Valve Manufacturer\"}},{\"@type\":\"ListItem\",\"position\":3,\"item\":{\"@type\":\"WebPage\",\"@id\":\"https:\/\/zecovalve.com\/product\/3-way-ball-valve-price\",\"url\":\"https:\/\/zecovalve.com\/product\/3-way-ball-valve-price\",\"name\":\"3 Way Stainless Steel Ball Valve\"}}]}]}<\/script>\n<!-- \/ Yoast SEO Premium plugin. -->","_links":{"self":[{"href":"https:\/\/zecovalve.com\/pt\/wp-json\/wp\/v2\/product\/19536","targetHints":{"allow":["GET"]}}],"collection":[{"href":"https:\/\/zecovalve.com\/pt\/wp-json\/wp\/v2\/product"}],"about":[{"href":"https:\/\/zecovalve.com\/pt\/wp-json\/wp\/v2\/types\/product"}],"replies":[{"embeddable":true,"href":"https:\/\/zecovalve.com\/pt\/wp-json\/wp\/v2\/comments?post=19536"}],"wp:featuredmedia":[{"embeddable":true,"href":"https:\/\/zecovalve.com\/pt\/wp-json\/wp\/v2\/media\/19544"}],"wp:attachment":[{"href":"https:\/\/zecovalve.com\/pt\/wp-json\/wp\/v2\/media?parent=19536"}],"wp:term":[{"taxonomy":"product_cat","embeddable":true,"href":"https:\/\/zecovalve.com\/pt\/wp-json\/wp\/v2\/product_cat?post=19536"},{"taxonomy":"product_tag","embeddable":true,"href":"https:\/\/zecovalve.com\/pt\/wp-json\/wp\/v2\/product_tag?post=19536"}],"curies":[{"name":"wp","href":"https:\/\/api.w.org\/{rel}","templated":true}]}}