{"id":19855,"date":"2022-07-14T03:07:09","date_gmt":"2022-07-14T03:07:09","guid":{"rendered":"https:\/\/zecovalve.com\/?post_type=product&#038;p=19855"},"modified":"2022-07-14T06:31:12","modified_gmt":"2022-07-14T06:31:12","slug":"2-inch-brass-ball-valve","status":"publish","type":"product","link":"https:\/\/zecovalve.com\/pt\/produto\/2-inch-brass-ball-valve","title":{"rendered":"V\u00e1lvula de esfera de lat\u00e3o de 2 polegadas"},"content":{"rendered":"<figure class=\"wp-block-image size-full is-resized\"><img loading=\"lazy\" decoding=\"async\" class=\"wp-image-19482\" src=\"https:\/\/zecovalve.com\/wp-content\/uploads\/2022\/07\/Globe-Valve-Check-Valve.jpg\" alt=\"V\u00e1lvula de esfera em lat\u00e3o\" width=\"400\" height=\"300\" srcset=\"https:\/\/zecovalve.com\/wp-content\/uploads\/2022\/07\/Globe-Valve-Check-Valve.jpg 800w, https:\/\/zecovalve.com\/wp-content\/uploads\/2022\/07\/Globe-Valve-Check-Valve-300x225.jpg 300w, https:\/\/zecovalve.com\/wp-content\/uploads\/2022\/07\/Globe-Valve-Check-Valve-768x576.jpg 768w, https:\/\/zecovalve.com\/wp-content\/uploads\/2022\/07\/Globe-Valve-Check-Valve-600x450.jpg 600w\" sizes=\"auto, (max-width: 400px) 100vw, 400px\" \/><\/figure>\r\n\r\n\r\n<div class=\"gb-button-wrapper gb-button-wrapper-6d8495a3\">\r\n\r\n\r\n<p><a class=\"gb-button gb-button-3d442e11 gb-button-text\" href=\"https:\/\/zecovalve.com\/pt\/contact\/\" target=\"_blank\" rel=\"noopener noreferrer\"><strong>OBTENHA O PRE\u00c7O DA V\u00c1LVULA DE ESFERA DE LAT\u00c3O DE 2 polegadas<\/strong><\/a><\/p>\r\n<\/div>\r\n\r\n\r\n\r\n\r\n<h2 class=\"wp-block-heading\" id=\"h-what-is-a-2-inch-brass-ball-valve\">O que \u00e9 uma v\u00e1lvula esf\u00e9rica de lat\u00e3o de 2 polegadas?<\/h2>\r\n\r\n\r\n\r\n<p>As v\u00e1lvulas esfera de lat\u00e3o s\u00e3o muito utilizadas em aplica\u00e7\u00f5es comerciais e industriais para uma ampla gama de l\u00edquidos e gases. A v\u00e1lvula esfera de lat\u00e3o ZECO 2 \u2033 \u00e9 utilizada para controlar a passagem de l\u00edquidos, \u00f3leos, gases e \u00e9 equipada com uma al\u00e7a confort\u00e1vel para abrir e fechar a v\u00e1lvula com facilidade.<\/p>\r\n\r\n\r\n\r\n<h2 class=\"wp-block-heading\">Especifica\u00e7\u00f5es t\u00e9cnicas da v\u00e1lvula esfera de lat\u00e3o de 2 polegadas<\/h2>\r\n\r\n\r\n\r\n<ul class=\"wp-block-list\">\r\n<li>2\u2033 NPT rosqueado em ambas as extremidades<\/li>\r\n<li>600 WOG\/150 SWP<\/li>\r\n<li>Al\u00e7a de a\u00e7o de 1\/4 de volta<\/li>\r\n<li>Haste \u00e0 prova de explos\u00e3o<\/li>\r\n<li>Assentos de teflon<\/li>\r\n<li>Extremidades rosqueadas atendem a ANSI B2.1<\/li>\r\n<\/ul>\r\n\r\n\r\n\r\n<figure id=\"attrTable\" class=\"wp-block-table is-style-stripes\">\r\n<table>\r\n<tbody>\r\n<tr>\r\n<td>Peso<\/td>\r\n<td>3,3 libras<\/td>\r\n<\/tr>\r\n<tr>\r\n<td>Nome do item<\/td>\r\n<td>V\u00e1lvula esfera de passagem completa em lat\u00e3o NPTF de 2 pol.<\/td>\r\n<\/tr>\r\n<tr>\r\n<td>Tamanho da conex\u00e3o<\/td>\r\n<td>2 pol.<\/td>\r\n<\/tr>\r\n<tr>\r\n<td>Abertura da Porta<\/td>\r\n<td>Porta completa<\/td>\r\n<\/tr>\r\n<tr>\r\n<td>Material da bola<\/td>\r\n<td>A\u00e7o inoxid\u00e1vel<\/td>\r\n<\/tr>\r\n<tr>\r\n<td>Classe de Press\u00e3o<\/td>\r\n<td>WOG sem choque de 600 PSI<\/td>\r\n<\/tr>\r\n<tr>\r\n<td>Tipo de conex\u00e3o<\/td>\r\n<td>NPTF<\/td>\r\n<\/tr>\r\n<tr>\r\n<td>Classifica\u00e7\u00e3o de press\u00e3o (PSI)<\/td>\r\n<td>600<\/td>\r\n<\/tr>\r\n<tr>\r\n<td>Tipo de opera\u00e7\u00e3o<\/td>\r\n<td>1\/4 de volta<\/td>\r\n<\/tr>\r\n<tr>\r\n<td>Material da haste<\/td>\r\n<td>Lat\u00e3o sem chumbo<\/td>\r\n<\/tr>\r\n<tr>\r\n<td>Material da Habita\u00e7\u00e3o<\/td>\r\n<td>Lat\u00e3o sem chumbo<\/td>\r\n<\/tr>\r\n<tr>\r\n<td>Material de veda\u00e7\u00e3o<\/td>\r\n<td>PTFE<\/td>\r\n<\/tr>\r\n<tr>\r\n<td>Classifica\u00e7\u00e3o de temperatura<\/td>\r\n<td>-30 a 150\u00b0C (-20 a 300\u00b0F)<\/td>\r\n<\/tr>\r\n<\/tbody>\r\n<\/table>\r\n<\/figure>\r\n\r\n\r\n\r\n<h2 class=\"wp-block-heading\">Vantagens da v\u00e1lvula esf\u00e9rica de lat\u00e3o de 2 polegadas<\/h2>\r\n\r\n\r\n\r\n<p>Design de passagem completa para um corpo maior do que as v\u00e1lvulas padr\u00e3o, oferecendo pouca ou nenhuma resist\u00eancia ao fluxo. Constru\u00e7\u00e3o em lat\u00e3o sem chumbo para uso em encanamentos, sistemas de irriga\u00e7\u00e3o e muito mais.<\/p>\r\n\r\n\r\n\r\n<h2 class=\"wp-block-heading\">Aplica\u00e7\u00f5es de v\u00e1lvula esf\u00e9rica de lat\u00e3o de 2 polegadas<\/h2>\r\n\r\n\r\n\r\n<p>Controla o fluxo de l\u00edquido para tubos de 2 pol. para uma variedade de aplica\u00e7\u00f5es, incluindo encanamento, irriga\u00e7\u00e3o e muito mais, e \u00e9 ideal para aplica\u00e7\u00f5es que exigem pouca ou nenhuma perda de fluxo.<\/p>","protected":false},"excerpt":{"rendered":"<p>O que \u00e9 uma v\u00e1lvula esf\u00e9rica de lat\u00e3o de 2 polegadas? As v\u00e1lvulas esfera de lat\u00e3o s\u00e3o muito utilizadas em aplica\u00e7\u00f5es comerciais e industriais para um desempenho completo\u2026 <a title=\"V\u00e1lvula de esfera de lat\u00e3o de 2 polegadas\" class=\"read-more\" href=\"https:\/\/zecovalve.com\/pt\/produto\/2-inch-brass-ball-valve\" aria-label=\"Mais em V\u00e1lvula esfera de lat\u00e3o de 2 polegadas\">Ler mais<\/a><\/p>","protected":false},"featured_media":19482,"comment_status":"closed","ping_status":"closed","template":"","meta":{"_generate-full-width-content":"","kt_blocks_editor_width":""},"product_cat":[2047],"product_tag":[2804,2802,2833],"class_list":["post-19855","product","type-product","status-publish","has-post-thumbnail","hentry","product_cat-ball-valve","product_tag-2-inch-ball-valve","product_tag-ball-valve-price","product_tag-brass-ball-valve","sales-flash-overlay","woocommerce-text-align-center","woocommerce-image-align-center","do-quantity-buttons"],"featured_image_src_large":["https:\/\/zecovalve.com\/wp-content\/uploads\/2022\/07\/Globe-Valve-Check-Valve.jpg",800,600,false],"author_info":[],"comment_info":0,"taxonomy_info":{"product_cat":[{"value":2047,"label":"Ball Valve"}],"product_tag":[{"value":2804,"label":"2 inch Ball Valve"},{"value":2802,"label":"Ball Valve Price"},{"value":2833,"label":"Brass Ball Valve"}]},"yoast_head":"<!-- This site is optimized with the Yoast SEO Premium plugin v15.4 - https:\/\/yoast.com\/wordpress\/plugins\/seo\/ -->\n<title>2 Inch Brass Ball Valve Manufacturer | Competitive Ball Valve Price | ZECO<\/title>\n<meta name=\"robots\" content=\"index, follow, max-snippet:-1, max-image-preview:large, max-video-preview:-1\" \/>\n<link rel=\"canonical\" href=\"https:\/\/zecovalve.com\/pt\/produto\/2-inch-brass-ball-valve\" \/>\n<meta property=\"og:locale\" content=\"pt_PT\" \/>\n<meta property=\"og:type\" content=\"article\" \/>\n<meta property=\"og:title\" content=\"2 Inch Brass Ball Valve Manufacturer | Competitive Ball Valve Price | ZECO\" \/>\n<meta property=\"og:description\" content=\"What is a 2 inch Brass Ball Valve? Brass ball valves are greatly used in commercial and industrial applications for a full ... Ler mais\" \/>\n<meta property=\"og:url\" content=\"https:\/\/zecovalve.com\/pt\/produto\/2-inch-brass-ball-valve\" \/>\n<meta property=\"og:site_name\" content=\"ZECO Valve\" \/>\n<meta property=\"article:modified_time\" content=\"2022-07-14T06:31:12+00:00\" \/>\n<meta property=\"og:image\" content=\"https:\/\/zecovalve.com\/wp-content\/uploads\/2022\/07\/Globe-Valve-Check-Valve.jpg\" \/>\n\t<meta property=\"og:image:width\" content=\"800\" \/>\n\t<meta property=\"og:image:height\" content=\"600\" \/>\n<meta name=\"twitter:card\" content=\"summary_large_image\" \/>\n<meta name=\"twitter:label1\" content=\"Escrito por\">\n\t<meta name=\"twitter:data1\" content=\"Jerry\">\n\t<meta name=\"twitter:label2\" content=\"Tempo estimado de leitura\">\n\t<meta name=\"twitter:data2\" content=\"1 minuto\">\n<script type=\"application\/ld+json\" class=\"yoast-schema-graph\">{\"@context\":\"https:\/\/schema.org\",\"@graph\":[{\"@type\":\"WebSite\",\"@id\":\"https:\/\/zecovalve.com\/#website\",\"url\":\"https:\/\/zecovalve.com\/\",\"name\":\"ZECO Valve\",\"description\":\"Industrial Ball Valve, Gate Valve and Globe Valve Manufacturer\",\"potentialAction\":[{\"@type\":\"SearchAction\",\"target\":\"https:\/\/zecovalve.com\/?s={search_term_string}\",\"query-input\":\"required name=search_term_string\"}],\"inLanguage\":\"pt-PT\"},{\"@type\":\"ImageObject\",\"@id\":\"https:\/\/zecovalve.com\/product\/2-inch-brass-ball-valve#primaryimage\",\"inLanguage\":\"pt-PT\",\"url\":\"https:\/\/zecovalve.com\/wp-content\/uploads\/2022\/07\/Globe-Valve-Check-Valve.jpg\",\"width\":800,\"height\":600,\"caption\":\"Brass Ball Valve\"},{\"@type\":\"WebPage\",\"@id\":\"https:\/\/zecovalve.com\/product\/2-inch-brass-ball-valve#webpage\",\"url\":\"https:\/\/zecovalve.com\/product\/2-inch-brass-ball-valve\",\"name\":\"2 Inch Brass Ball Valve Manufacturer | Competitive Ball Valve Price | ZECO\",\"isPartOf\":{\"@id\":\"https:\/\/zecovalve.com\/#website\"},\"primaryImageOfPage\":{\"@id\":\"https:\/\/zecovalve.com\/product\/2-inch-brass-ball-valve#primaryimage\"},\"datePublished\":\"2022-07-14T03:07:09+00:00\",\"dateModified\":\"2022-07-14T06:31:12+00:00\",\"breadcrumb\":{\"@id\":\"https:\/\/zecovalve.com\/product\/2-inch-brass-ball-valve#breadcrumb\"},\"inLanguage\":\"pt-PT\",\"potentialAction\":[{\"@type\":\"ReadAction\",\"target\":[\"https:\/\/zecovalve.com\/product\/2-inch-brass-ball-valve\"]}]},{\"@type\":\"BreadcrumbList\",\"@id\":\"https:\/\/zecovalve.com\/product\/2-inch-brass-ball-valve#breadcrumb\",\"itemListElement\":[{\"@type\":\"ListItem\",\"position\":1,\"item\":{\"@type\":\"WebPage\",\"@id\":\"https:\/\/zecovalve.com\/\",\"url\":\"https:\/\/zecovalve.com\/\",\"name\":\"Home\"}},{\"@type\":\"ListItem\",\"position\":2,\"item\":{\"@type\":\"WebPage\",\"@id\":\"https:\/\/zecovalve.com\/product-category\",\"url\":\"https:\/\/zecovalve.com\/product-category\",\"name\":\"Industrial Valve Manufacturer | Water Valve Manufacturer\"}},{\"@type\":\"ListItem\",\"position\":3,\"item\":{\"@type\":\"WebPage\",\"@id\":\"https:\/\/zecovalve.com\/product\/2-inch-brass-ball-valve\",\"url\":\"https:\/\/zecovalve.com\/product\/2-inch-brass-ball-valve\",\"name\":\"2 inch Brass Ball Valve\"}}]}]}<\/script>\n<!-- \/ Yoast SEO Premium plugin. -->","_links":{"self":[{"href":"https:\/\/zecovalve.com\/pt\/wp-json\/wp\/v2\/product\/19855","targetHints":{"allow":["GET"]}}],"collection":[{"href":"https:\/\/zecovalve.com\/pt\/wp-json\/wp\/v2\/product"}],"about":[{"href":"https:\/\/zecovalve.com\/pt\/wp-json\/wp\/v2\/types\/product"}],"replies":[{"embeddable":true,"href":"https:\/\/zecovalve.com\/pt\/wp-json\/wp\/v2\/comments?post=19855"}],"wp:featuredmedia":[{"embeddable":true,"href":"https:\/\/zecovalve.com\/pt\/wp-json\/wp\/v2\/media\/19482"}],"wp:attachment":[{"href":"https:\/\/zecovalve.com\/pt\/wp-json\/wp\/v2\/media?parent=19855"}],"wp:term":[{"taxonomy":"product_cat","embeddable":true,"href":"https:\/\/zecovalve.com\/pt\/wp-json\/wp\/v2\/product_cat?post=19855"},{"taxonomy":"product_tag","embeddable":true,"href":"https:\/\/zecovalve.com\/pt\/wp-json\/wp\/v2\/product_tag?post=19855"}],"curies":[{"name":"wp","href":"https:\/\/api.w.org\/{rel}","templated":true}]}}