{"id":19857,"date":"2022-07-14T03:35:13","date_gmt":"2022-07-14T03:35:13","guid":{"rendered":"https:\/\/zecovalve.com\/?post_type=product&#038;p=19857"},"modified":"2022-07-14T06:31:27","modified_gmt":"2022-07-14T06:31:27","slug":"2-brass-ball-valve","status":"publish","type":"product","link":"https:\/\/zecovalve.com\/pt\/produto\/2-brass-ball-valve","title":{"rendered":"V\u00e1lvula esfera de lat\u00e3o de 2\u2033"},"content":{"rendered":"<figure class=\"wp-block-image size-full is-resized\"><img loading=\"lazy\" decoding=\"async\" class=\"wp-image-19482\" src=\"https:\/\/zecovalve.com\/wp-content\/uploads\/2022\/07\/Globe-Valve-Check-Valve.jpg\" alt=\"V\u00e1lvula de esfera em lat\u00e3o\" width=\"400\" height=\"300\" srcset=\"https:\/\/zecovalve.com\/wp-content\/uploads\/2022\/07\/Globe-Valve-Check-Valve.jpg 800w, https:\/\/zecovalve.com\/wp-content\/uploads\/2022\/07\/Globe-Valve-Check-Valve-300x225.jpg 300w, https:\/\/zecovalve.com\/wp-content\/uploads\/2022\/07\/Globe-Valve-Check-Valve-768x576.jpg 768w, https:\/\/zecovalve.com\/wp-content\/uploads\/2022\/07\/Globe-Valve-Check-Valve-600x450.jpg 600w\" sizes=\"auto, (max-width: 400px) 100vw, 400px\" \/><\/figure>\r\n\r\n\r\n<div class=\"gb-button-wrapper gb-button-wrapper-6d8495a3\">\r\n\r\n\r\n<p><a class=\"gb-button gb-button-3d442e11 gb-button-text\" href=\"https:\/\/zecovalve.com\/pt\/contact\/\" target=\"_blank\" rel=\"noopener noreferrer\"><strong>OBTENHA O PRE\u00c7O DA V\u00c1LVULA DE ESFERA DE LAT\u00c3O DE 2 \u2033<\/strong><\/a><\/p>\r\n<\/div>\r\n\r\n\r\n\r\n\r\n<h2 class=\"wp-block-heading\" id=\"h-what-is-a-2-brass-ball-valve\">O que \u00e9 uma v\u00e1lvula esfera de lat\u00e3o de 2 \u2033?<\/h2>\r\n\r\n\r\n\r\n<p>As v\u00e1lvulas esfera de lat\u00e3o sem chumbo de porta completa s\u00e3o projetadas para uso com ar, \u00f3leo, \u00e1gua e outros meios compat\u00edveis com os materiais de constru\u00e7\u00e3o. Ideal onde \u00e9 necess\u00e1ria uma constru\u00e7\u00e3o sem chumbo e aprovada pela NSF para \u00e1gua pot\u00e1vel ou outras aplica\u00e7\u00f5es industriais em geral. As v\u00e1lvulas podem ser operadas manualmente com alavanca de a\u00e7o inoxid\u00e1vel ou montadas diretamente em atuadores pneum\u00e1ticos ou el\u00e9tricos usando a base de montagem padr\u00e3o ISO5211. Girar a v\u00e1lvula um quarto de volta faz com que a esfera gire da posi\u00e7\u00e3o fechada para a posi\u00e7\u00e3o totalmente aberta. O dispositivo de travamento permite travar a v\u00e1lvula na posi\u00e7\u00e3o aberta ou fechada.<\/p>\r\n\r\n\r\n\r\n<h2 class=\"wp-block-heading\">Especifica\u00e7\u00f5es T\u00e9cnicas da V\u00e1lvula Esfera de Lat\u00e3o 2\u2033<\/h2>\r\n\r\n\r\n\r\n<figure class=\"wp-block-table\">\r\n<table>\r\n<tbody>\r\n<tr>\r\n<th>Tamanho do tubo<\/th>\r\n<td>2\u2033 NPT f\u00eamea<\/td>\r\n<\/tr>\r\n<tr>\r\n<th>Tamanho da porta<\/th>\r\n<td>Porta completa, orif\u00edcio de 2,0 polegadas, Cv 240<\/td>\r\n<\/tr>\r\n<tr>\r\n<th>Press\u00e3o nominal<\/th>\r\n<td>600 PSI CWP sem choque (ver tabela P\/T) Servi\u00e7o de v\u00e1cuo at\u00e9 29\u2033Hg, Servi\u00e7o de vapor 150PSI<\/td>\r\n<\/tr>\r\n<tr>\r\n<th>Pega<\/th>\r\n<td>A\u00e7o inoxid\u00e1vel com punho de vinil<\/td>\r\n<\/tr>\r\n<tr>\r\n<th>Corpo da v\u00e1lvula<\/th>\r\n<td>Lat\u00e3o sem chumbo C69300<\/td>\r\n<\/tr>\r\n<tr>\r\n<th>Bola e Haste<\/th>\r\n<td>316 a\u00e7o inoxid\u00e1vel<\/td>\r\n<\/tr>\r\n<tr>\r\n<th>Selos de haste<\/th>\r\n<td>PTFE (Teflon) com veda\u00e7\u00f5es duplas FKM (viton)<\/td>\r\n<\/tr>\r\n<tr>\r\n<th>Assentos de bola<\/th>\r\n<td>PTFE (Teflon) energizado com FKM (viton)<\/td>\r\n<\/tr>\r\n<tr>\r\n<th>Gama de temperaturas<\/th>\r\n<td>0 a 366\u00baF (-20 a 186\u00baC)<\/td>\r\n<\/tr>\r\n<tr>\r\n<th>Torque de ruptura<\/th>\r\n<td>170 polegadas lbs (0 PSI, 68\u00baF), 19,2 Nm (0 bar, 20\u00baC)<\/td>\r\n<\/tr>\r\n<tr>\r\n<th>Montagem ISO5211<\/th>\r\n<td>F05\/F07, haste quadrada de 11mm<\/td>\r\n<\/tr>\r\n<\/tbody>\r\n<\/table>\r\n<\/figure>\r\n\r\n\r\n\r\n<h2 class=\"wp-block-heading\">Vantagens da v\u00e1lvula esfera de lat\u00e3o de 2 \u2033<\/h2>\r\n\r\n\r\n\r\n<ul class=\"wp-block-list\">\r\n<li>Constru\u00e7\u00e3o em lat\u00e3o sem chumbo ecologicamente correta<\/li>\r\n<li>Porta completa para fluxo irrestrito<\/li>\r\n<li>Esfera e haste em a\u00e7o inoxid\u00e1vel 316<\/li>\r\n<li>Haste \u00e0 prova de explos\u00e3o<\/li>\r\n<li>Assentos esf\u00e9ricos de PTFE energizados para maior vida \u00fatil e torque reduzido<\/li>\r\n<li>Projeto de veda\u00e7\u00e3o de haste tripla de PTFE\/Viton sem vazamentos<\/li>\r\n<li>Al\u00e7a de travamento (com cadeado)<\/li>\r\n<li>Almofada de montagem direta ISO5211 pronta para atuador<\/li>\r\n<li>Certificado de acordo com NSF372 e NSF61 para uso com \u00e1gua pot\u00e1vel\/pot\u00e1vel<\/li>\r\n<\/ul>\r\n\r\n\r\n\r\n<h2 class=\"wp-block-heading\">Aplica\u00e7\u00f5es de v\u00e1lvula esfera de lat\u00e3o de 2 \u2033<\/h2>\r\n\r\n\r\n\r\n<p>Controla o fluxo de l\u00edquido para tubos de 2\u2033 para uma variedade de aplica\u00e7\u00f5es, incluindo encanamento, irriga\u00e7\u00e3o e muito mais, e \u00e9 ideal para aplica\u00e7\u00f5es que exigem pouca ou nenhuma perda de fluxo.<\/p>","protected":false},"excerpt":{"rendered":"<p>O que \u00e9 uma v\u00e1lvula esfera de lat\u00e3o de 2 \u2033? As v\u00e1lvulas de esfera de lat\u00e3o sem chumbo de porta completa s\u00e3o projetadas para uso com ar, \u00f3leo, \u00e1gua... <a title=\"V\u00e1lvula esfera de lat\u00e3o de 2\u2033\" class=\"read-more\" href=\"https:\/\/zecovalve.com\/pt\/produto\/2-brass-ball-valve\" aria-label=\"Mais em V\u00e1lvula Esfera de Lat\u00e3o 2\u2033\">Ler mais<\/a><\/p>","protected":false},"featured_media":19482,"comment_status":"closed","ping_status":"closed","template":"","meta":{"_generate-full-width-content":"","kt_blocks_editor_width":""},"product_cat":[2047],"product_tag":[2804,2802,2833],"class_list":["post-19857","product","type-product","status-publish","has-post-thumbnail","hentry","product_cat-ball-valve","product_tag-2-inch-ball-valve","product_tag-ball-valve-price","product_tag-brass-ball-valve","sales-flash-overlay","woocommerce-text-align-center","woocommerce-image-align-center","do-quantity-buttons"],"featured_image_src_large":["https:\/\/zecovalve.com\/wp-content\/uploads\/2022\/07\/Globe-Valve-Check-Valve.jpg",800,600,false],"author_info":[],"comment_info":0,"taxonomy_info":{"product_cat":[{"value":2047,"label":"Ball Valve"}],"product_tag":[{"value":2804,"label":"2 inch Ball Valve"},{"value":2802,"label":"Ball Valve Price"},{"value":2833,"label":"Brass Ball Valve"}]},"yoast_head":"<!-- This site is optimized with the Yoast SEO Premium plugin v15.4 - https:\/\/yoast.com\/wordpress\/plugins\/seo\/ -->\n<title>2&quot; Brass Ball Valve - Competitive Ball Valve Price | ZECO Valve<\/title>\n<meta name=\"robots\" content=\"index, follow, max-snippet:-1, max-image-preview:large, max-video-preview:-1\" \/>\n<link rel=\"canonical\" href=\"https:\/\/zecovalve.com\/pt\/produto\/2-brass-ball-valve\" \/>\n<meta property=\"og:locale\" content=\"pt_PT\" \/>\n<meta property=\"og:type\" content=\"article\" \/>\n<meta property=\"og:title\" content=\"2&quot; Brass Ball Valve - Competitive Ball Valve Price | ZECO Valve\" \/>\n<meta property=\"og:description\" content=\"What is a 2&#8243; Brass Ball Valve? Full port lead free brass ball valves are designed for use with air, oil, water ... Ler mais\" \/>\n<meta property=\"og:url\" content=\"https:\/\/zecovalve.com\/pt\/produto\/2-brass-ball-valve\" \/>\n<meta property=\"og:site_name\" content=\"ZECO Valve\" \/>\n<meta property=\"article:modified_time\" content=\"2022-07-14T06:31:27+00:00\" \/>\n<meta property=\"og:image\" content=\"https:\/\/zecovalve.com\/wp-content\/uploads\/2022\/07\/Globe-Valve-Check-Valve.jpg\" \/>\n\t<meta property=\"og:image:width\" content=\"800\" \/>\n\t<meta property=\"og:image:height\" content=\"600\" \/>\n<meta name=\"twitter:card\" content=\"summary_large_image\" \/>\n<meta name=\"twitter:label1\" content=\"Escrito por\">\n\t<meta name=\"twitter:data1\" content=\"Jerry\">\n\t<meta name=\"twitter:label2\" content=\"Tempo estimado de leitura\">\n\t<meta name=\"twitter:data2\" content=\"1 minuto\">\n<script type=\"application\/ld+json\" class=\"yoast-schema-graph\">{\"@context\":\"https:\/\/schema.org\",\"@graph\":[{\"@type\":\"WebSite\",\"@id\":\"https:\/\/zecovalve.com\/#website\",\"url\":\"https:\/\/zecovalve.com\/\",\"name\":\"ZECO Valve\",\"description\":\"Industrial Ball Valve, Gate Valve and Globe Valve Manufacturer\",\"potentialAction\":[{\"@type\":\"SearchAction\",\"target\":\"https:\/\/zecovalve.com\/?s={search_term_string}\",\"query-input\":\"required name=search_term_string\"}],\"inLanguage\":\"pt-PT\"},{\"@type\":\"ImageObject\",\"@id\":\"https:\/\/zecovalve.com\/product\/2-brass-ball-valve#primaryimage\",\"inLanguage\":\"pt-PT\",\"url\":\"https:\/\/zecovalve.com\/wp-content\/uploads\/2022\/07\/Globe-Valve-Check-Valve.jpg\",\"width\":800,\"height\":600,\"caption\":\"Brass Ball Valve\"},{\"@type\":\"WebPage\",\"@id\":\"https:\/\/zecovalve.com\/product\/2-brass-ball-valve#webpage\",\"url\":\"https:\/\/zecovalve.com\/product\/2-brass-ball-valve\",\"name\":\"2\\\" Brass Ball Valve - Competitive Ball Valve Price | ZECO Valve\",\"isPartOf\":{\"@id\":\"https:\/\/zecovalve.com\/#website\"},\"primaryImageOfPage\":{\"@id\":\"https:\/\/zecovalve.com\/product\/2-brass-ball-valve#primaryimage\"},\"datePublished\":\"2022-07-14T03:35:13+00:00\",\"dateModified\":\"2022-07-14T06:31:27+00:00\",\"breadcrumb\":{\"@id\":\"https:\/\/zecovalve.com\/product\/2-brass-ball-valve#breadcrumb\"},\"inLanguage\":\"pt-PT\",\"potentialAction\":[{\"@type\":\"ReadAction\",\"target\":[\"https:\/\/zecovalve.com\/product\/2-brass-ball-valve\"]}]},{\"@type\":\"BreadcrumbList\",\"@id\":\"https:\/\/zecovalve.com\/product\/2-brass-ball-valve#breadcrumb\",\"itemListElement\":[{\"@type\":\"ListItem\",\"position\":1,\"item\":{\"@type\":\"WebPage\",\"@id\":\"https:\/\/zecovalve.com\/\",\"url\":\"https:\/\/zecovalve.com\/\",\"name\":\"Home\"}},{\"@type\":\"ListItem\",\"position\":2,\"item\":{\"@type\":\"WebPage\",\"@id\":\"https:\/\/zecovalve.com\/product-category\",\"url\":\"https:\/\/zecovalve.com\/product-category\",\"name\":\"Industrial Valve Manufacturer | Water Valve Manufacturer\"}},{\"@type\":\"ListItem\",\"position\":3,\"item\":{\"@type\":\"WebPage\",\"@id\":\"https:\/\/zecovalve.com\/product\/2-brass-ball-valve\",\"url\":\"https:\/\/zecovalve.com\/product\/2-brass-ball-valve\",\"name\":\"2&#8243; Brass Ball Valve\"}}]}]}<\/script>\n<!-- \/ Yoast SEO Premium plugin. -->","_links":{"self":[{"href":"https:\/\/zecovalve.com\/pt\/wp-json\/wp\/v2\/product\/19857","targetHints":{"allow":["GET"]}}],"collection":[{"href":"https:\/\/zecovalve.com\/pt\/wp-json\/wp\/v2\/product"}],"about":[{"href":"https:\/\/zecovalve.com\/pt\/wp-json\/wp\/v2\/types\/product"}],"replies":[{"embeddable":true,"href":"https:\/\/zecovalve.com\/pt\/wp-json\/wp\/v2\/comments?post=19857"}],"wp:featuredmedia":[{"embeddable":true,"href":"https:\/\/zecovalve.com\/pt\/wp-json\/wp\/v2\/media\/19482"}],"wp:attachment":[{"href":"https:\/\/zecovalve.com\/pt\/wp-json\/wp\/v2\/media?parent=19857"}],"wp:term":[{"taxonomy":"product_cat","embeddable":true,"href":"https:\/\/zecovalve.com\/pt\/wp-json\/wp\/v2\/product_cat?post=19857"},{"taxonomy":"product_tag","embeddable":true,"href":"https:\/\/zecovalve.com\/pt\/wp-json\/wp\/v2\/product_tag?post=19857"}],"curies":[{"name":"wp","href":"https:\/\/api.w.org\/{rel}","templated":true}]}}