{"id":19862,"date":"2022-07-14T07:26:02","date_gmt":"2022-07-14T07:26:02","guid":{"rendered":"https:\/\/zecovalve.com\/?post_type=product&#038;p=19862"},"modified":"2022-07-14T07:29:38","modified_gmt":"2022-07-14T07:29:38","slug":"3-way-brass-ball-valve","status":"publish","type":"product","link":"https:\/\/zecovalve.com\/pt\/produto\/3-way-brass-ball-valve","title":{"rendered":"V\u00e1lvula de esfera de lat\u00e3o de 3 vias"},"content":{"rendered":"<p>As v\u00e1lvulas esfera de lat\u00e3o de 3 vias s\u00e3o usadas em aplica\u00e7\u00f5es com mais de uma fonte de meio ou para desviar meio em duas dire\u00e7\u00f5es diferentes.<\/p>\r\n\r\n\r\n\r\n<figure class=\"wp-block-image size-full\"><img loading=\"lazy\" decoding=\"async\" width=\"230\" height=\"350\" class=\"wp-image-19863\" src=\"https:\/\/zecovalve.com\/wp-content\/uploads\/2022\/07\/3-Way-Brass-Ball-Valve.png\" alt=\"\" srcset=\"https:\/\/zecovalve.com\/wp-content\/uploads\/2022\/07\/3-Way-Brass-Ball-Valve.png 230w, https:\/\/zecovalve.com\/wp-content\/uploads\/2022\/07\/3-Way-Brass-Ball-Valve-197x300.png 197w\" sizes=\"auto, (max-width: 230px) 100vw, 230px\" \/><\/figure>\r\n\r\n\r\n<div class=\"gb-button-wrapper gb-button-wrapper-6d8495a3\">\r\n\r\n\r\n<p><a class=\"gb-button gb-button-3d442e11 gb-button-text\" href=\"https:\/\/zecovalve.com\/pt\/contact\/\" target=\"_blank\" rel=\"noopener noreferrer\"><strong>OBTENHA O PRE\u00c7O DA V\u00c1LVULA DE ESFERA DE LAT\u00c3O DE 3 VIAS<\/strong><\/a><\/p>\r\n<\/div>\r\n\r\n\r\n\r\n\r\n<h2 class=\"wp-block-heading\" id=\"h-what-is-a-3-way-brass-ball-valve\">O que \u00e9 uma v\u00e1lvula esf\u00e9rica de lat\u00e3o de 3 vias?<\/h2>\r\n\r\n\r\n\r\n<p>As v\u00e1lvulas esfera de lat\u00e3o de 3 vias s\u00e3o projetadas para desviar o fluxo em diferentes dire\u00e7\u00f5es conforme necess\u00e1rio. Todas as v\u00e1lvulas s\u00e3o do tipo \u201cL\u201d, mas o estilo \u201cT\u201d tamb\u00e9m est\u00e1 dispon\u00edvel. Essas v\u00e1lvulas s\u00e3o ideais para uso em diversas aplica\u00e7\u00f5es qu\u00edmicas e l\u00edquidas. Al\u00e7as de travamento e portas FPT f\u00eameas s\u00e3o padr\u00e3o. Todas as v\u00e1lvulas s\u00e3o operadas manualmente, mas incluem suportes de montagem para atuadores ou indicadores de posi\u00e7\u00e3o, se necess\u00e1rio.<\/p>\r\n\r\n\r\n\r\n<h2 class=\"wp-block-heading\">Para que s\u00e3o utilizadas as v\u00e1lvulas esf\u00e9ricas de lat\u00e3o de 3 vias?<\/h2>\r\n\r\n\r\n\r\n<p>As v\u00e1lvulas esfera de lat\u00e3o de tr\u00eas vias possuem tr\u00eas portas e podem ser operadas manualmente ou automatizadas com um atuador el\u00e9trico ou pneum\u00e1tico. O furo atrav\u00e9s da esfera vem em duas variedades: porta \u201cL\u201d e \u201cT\u201d. As v\u00e1lvulas de tr\u00eas vias podem:<\/p>\r\n\r\n\r\n\r\n<ul class=\"wp-block-list\">\r\n<li>Cortar ou interromper o fluxo<\/li>\r\n<li>Alternar o fluxo entre duas fontes diferentes<\/li>\r\n<li>Combine o fluxo de duas fontes diferentes<\/li>\r\n<li>Fluxo alternativo entre dois destinos diferentes<\/li>\r\n<li>Desviar o fluxo vindo de uma origem para outro destino<\/li>\r\n<li>Fluxo dividido vindo de uma origem entre dois destinos de sa\u00edda<\/li>\r\n<\/ul>\r\n\r\n\r\n\r\n<h2 class=\"wp-block-heading\">Especifica\u00e7\u00f5es t\u00e9cnicas de v\u00e1lvulas esfera de lat\u00e3o de 3 vias<\/h2>\r\n\r\n\r\n\r\n<figure class=\"wp-block-table is-style-stripes\">\r\n<table>\r\n<tbody>\r\n<tr>\r\n<td>Material da carro\u00e7aria<\/td>\r\n<td>Lat\u00e3o<\/td>\r\n<\/tr>\r\n<tr>\r\n<td>Material da haste<\/td>\r\n<td>Lat\u00e3o<\/td>\r\n<\/tr>\r\n<tr>\r\n<td>Material da bola<\/td>\r\n<td>Lat\u00e3o Cromado<\/td>\r\n<\/tr>\r\n<tr>\r\n<td>Material do assento<\/td>\r\n<td>PTFE<\/td>\r\n<\/tr>\r\n<tr>\r\n<td>Material de veda\u00e7\u00e3o da haste<\/td>\r\n<td>PTFE, com anel de veda\u00e7\u00e3o Viton\u00ae ou RPTFE<\/td>\r\n<\/tr>\r\n<tr>\r\n<td>Terminar conex\u00f5es<\/td>\r\n<td>Rosca NPT (1\/4\u2033 a 3\u2033)<\/td>\r\n<\/tr>\r\n<tr>\r\n<td>Faixa de temperatura:<\/td>\r\n<td>-30 a 320\u00b0F<\/td>\r\n<\/tr>\r\n<tr>\r\n<td>Varia\u00e7\u00e3o de press\u00e3o:<\/td>\r\n<td>at\u00e9 400 PSIG<\/td>\r\n<\/tr>\r\n<\/tbody>\r\n<\/table>\r\n<\/figure>\r\n\r\n\r\n\r\n<h2 class=\"wp-block-heading\">Vantagens das v\u00e1lvulas esfera de lat\u00e3o de 3 vias<\/h2>\r\n\r\n\r\n\r\n<ul class=\"wp-block-list\">\r\n<li>Porta padr\u00e3o<\/li>\r\n<li>Haste \u00e0 prova de explos\u00e3o<\/li>\r\n<li>Projeto de veda\u00e7\u00e3o de haste piramidal com carga din\u00e2mica<\/li>\r\n<li>Base de montagem integrada para atuadores<\/li>\r\n<li>Montagem compacta<\/li>\r\n<li>Linha completa de acess\u00f3rios<\/li>\r\n<\/ul>\r\n\r\n\r\n\r\n<h2 class=\"wp-block-heading\">Aplica\u00e7\u00f5es de v\u00e1lvulas esfera de lat\u00e3o de 3 vias<\/h2>\r\n\r\n\r\n\r\n<ul class=\"wp-block-list\">\r\n<li>Equipamento de secagem de ar<\/li>\r\n<li>Equipamento de controle de polui\u00e7\u00e3o<\/li>\r\n<li>Aplica\u00e7\u00f5es de controle de processo<\/li>\r\n<li>Equipamento de lavanderia<\/li>\r\n<li>Tingimento e Secagem T\u00eaxtil<\/li>\r\n<li>Equipamento de engarrafamento e distribui\u00e7\u00e3o<\/li>\r\n<\/ul>","protected":false},"excerpt":{"rendered":"<p>As v\u00e1lvulas esfera de lat\u00e3o de 3 vias s\u00e3o usadas em aplica\u00e7\u00f5es com mais de uma fonte de meio ou para desviar meio em dois\u2026 <a title=\"V\u00e1lvula de esfera de lat\u00e3o de 3 vias\" class=\"read-more\" href=\"https:\/\/zecovalve.com\/pt\/produto\/3-way-brass-ball-valve\" aria-label=\"Mais em V\u00e1lvula esfera de lat\u00e3o de 3 vias\">Ler mais<\/a><\/p>","protected":false},"featured_media":19863,"comment_status":"closed","ping_status":"closed","template":"","meta":{"_generate-full-width-content":"","kt_blocks_editor_width":""},"product_cat":[2047],"product_tag":[2802,2833],"class_list":["post-19862","product","type-product","status-publish","has-post-thumbnail","hentry","product_cat-ball-valve","product_tag-ball-valve-price","product_tag-brass-ball-valve","sales-flash-overlay","woocommerce-text-align-center","woocommerce-image-align-center","do-quantity-buttons"],"featured_image_src_large":["https:\/\/zecovalve.com\/wp-content\/uploads\/2022\/07\/3-Way-Brass-Ball-Valve.png",230,350,false],"author_info":[],"comment_info":0,"taxonomy_info":{"product_cat":[{"value":2047,"label":"Ball Valve"}],"product_tag":[{"value":2802,"label":"Ball Valve Price"},{"value":2833,"label":"Brass Ball Valve"}]},"yoast_head":"<!-- This site is optimized with the Yoast SEO Premium plugin v15.4 - https:\/\/yoast.com\/wordpress\/plugins\/seo\/ -->\n<title>3 Way Brass Ball Valve - Competitive Ball Valve Price | ZECO Valve<\/title>\n<meta name=\"robots\" content=\"index, follow, max-snippet:-1, max-image-preview:large, max-video-preview:-1\" \/>\n<link rel=\"canonical\" href=\"https:\/\/zecovalve.com\/pt\/produto\/3-way-brass-ball-valve\" \/>\n<meta property=\"og:locale\" content=\"pt_PT\" \/>\n<meta property=\"og:type\" content=\"article\" \/>\n<meta property=\"og:title\" content=\"3 Way Brass Ball Valve - Competitive Ball Valve Price | ZECO Valve\" \/>\n<meta property=\"og:description\" content=\"3 way brass ball valves are used in applications with more than one source of media or to divert media in two ... Ler mais\" \/>\n<meta property=\"og:url\" content=\"https:\/\/zecovalve.com\/pt\/produto\/3-way-brass-ball-valve\" \/>\n<meta property=\"og:site_name\" content=\"ZECO Valve\" \/>\n<meta property=\"article:modified_time\" content=\"2022-07-14T07:29:38+00:00\" \/>\n<meta property=\"og:image\" content=\"https:\/\/zecovalve.com\/wp-content\/uploads\/2022\/07\/3-Way-Brass-Ball-Valve.png\" \/>\n\t<meta property=\"og:image:width\" content=\"230\" \/>\n\t<meta property=\"og:image:height\" content=\"350\" \/>\n<meta name=\"twitter:card\" content=\"summary_large_image\" \/>\n<meta name=\"twitter:label1\" content=\"Escrito por\">\n\t<meta name=\"twitter:data1\" content=\"Jerry\">\n\t<meta name=\"twitter:label2\" content=\"Tempo estimado de leitura\">\n\t<meta name=\"twitter:data2\" content=\"1 minuto\">\n<script type=\"application\/ld+json\" class=\"yoast-schema-graph\">{\"@context\":\"https:\/\/schema.org\",\"@graph\":[{\"@type\":\"WebSite\",\"@id\":\"https:\/\/zecovalve.com\/#website\",\"url\":\"https:\/\/zecovalve.com\/\",\"name\":\"ZECO Valve\",\"description\":\"Industrial Ball Valve, Gate Valve and Globe Valve Manufacturer\",\"potentialAction\":[{\"@type\":\"SearchAction\",\"target\":\"https:\/\/zecovalve.com\/?s={search_term_string}\",\"query-input\":\"required name=search_term_string\"}],\"inLanguage\":\"pt-PT\"},{\"@type\":\"ImageObject\",\"@id\":\"https:\/\/zecovalve.com\/product\/3-way-brass-ball-valve#primaryimage\",\"inLanguage\":\"pt-PT\",\"url\":\"https:\/\/zecovalve.com\/wp-content\/uploads\/2022\/07\/3-Way-Brass-Ball-Valve.png\",\"width\":230,\"height\":350},{\"@type\":\"WebPage\",\"@id\":\"https:\/\/zecovalve.com\/product\/3-way-brass-ball-valve#webpage\",\"url\":\"https:\/\/zecovalve.com\/product\/3-way-brass-ball-valve\",\"name\":\"3 Way Brass Ball Valve - Competitive Ball Valve Price | ZECO Valve\",\"isPartOf\":{\"@id\":\"https:\/\/zecovalve.com\/#website\"},\"primaryImageOfPage\":{\"@id\":\"https:\/\/zecovalve.com\/product\/3-way-brass-ball-valve#primaryimage\"},\"datePublished\":\"2022-07-14T07:26:02+00:00\",\"dateModified\":\"2022-07-14T07:29:38+00:00\",\"breadcrumb\":{\"@id\":\"https:\/\/zecovalve.com\/product\/3-way-brass-ball-valve#breadcrumb\"},\"inLanguage\":\"pt-PT\",\"potentialAction\":[{\"@type\":\"ReadAction\",\"target\":[\"https:\/\/zecovalve.com\/product\/3-way-brass-ball-valve\"]}]},{\"@type\":\"BreadcrumbList\",\"@id\":\"https:\/\/zecovalve.com\/product\/3-way-brass-ball-valve#breadcrumb\",\"itemListElement\":[{\"@type\":\"ListItem\",\"position\":1,\"item\":{\"@type\":\"WebPage\",\"@id\":\"https:\/\/zecovalve.com\/\",\"url\":\"https:\/\/zecovalve.com\/\",\"name\":\"Home\"}},{\"@type\":\"ListItem\",\"position\":2,\"item\":{\"@type\":\"WebPage\",\"@id\":\"https:\/\/zecovalve.com\/product-category\",\"url\":\"https:\/\/zecovalve.com\/product-category\",\"name\":\"Industrial Valve Manufacturer | Water Valve Manufacturer\"}},{\"@type\":\"ListItem\",\"position\":3,\"item\":{\"@type\":\"WebPage\",\"@id\":\"https:\/\/zecovalve.com\/product\/3-way-brass-ball-valve\",\"url\":\"https:\/\/zecovalve.com\/product\/3-way-brass-ball-valve\",\"name\":\"3 Way Brass Ball Valve\"}}]}]}<\/script>\n<!-- \/ Yoast SEO Premium plugin. -->","_links":{"self":[{"href":"https:\/\/zecovalve.com\/pt\/wp-json\/wp\/v2\/product\/19862","targetHints":{"allow":["GET"]}}],"collection":[{"href":"https:\/\/zecovalve.com\/pt\/wp-json\/wp\/v2\/product"}],"about":[{"href":"https:\/\/zecovalve.com\/pt\/wp-json\/wp\/v2\/types\/product"}],"replies":[{"embeddable":true,"href":"https:\/\/zecovalve.com\/pt\/wp-json\/wp\/v2\/comments?post=19862"}],"wp:featuredmedia":[{"embeddable":true,"href":"https:\/\/zecovalve.com\/pt\/wp-json\/wp\/v2\/media\/19863"}],"wp:attachment":[{"href":"https:\/\/zecovalve.com\/pt\/wp-json\/wp\/v2\/media?parent=19862"}],"wp:term":[{"taxonomy":"product_cat","embeddable":true,"href":"https:\/\/zecovalve.com\/pt\/wp-json\/wp\/v2\/product_cat?post=19862"},{"taxonomy":"product_tag","embeddable":true,"href":"https:\/\/zecovalve.com\/pt\/wp-json\/wp\/v2\/product_tag?post=19862"}],"curies":[{"name":"wp","href":"https:\/\/api.w.org\/{rel}","templated":true}]}}