{"id":19864,"date":"2022-07-14T07:38:29","date_gmt":"2022-07-14T07:38:29","guid":{"rendered":"https:\/\/zecovalve.com\/?post_type=product&#038;p=19864"},"modified":"2022-07-14T08:10:54","modified_gmt":"2022-07-14T08:10:54","slug":"1-4-brass-ball-valve","status":"publish","type":"product","link":"https:\/\/zecovalve.com\/pt\/produto\/1-4-brass-ball-valve","title":{"rendered":"V\u00e1lvula esfera de lat\u00e3o de 1\/4 \u2033"},"content":{"rendered":"<figure class=\"wp-block-image size-full is-resized\"><img loading=\"lazy\" decoding=\"async\" class=\"wp-image-19482\" src=\"https:\/\/zecovalve.com\/wp-content\/uploads\/2022\/07\/Globe-Valve-Check-Valve.jpg\" alt=\"V\u00e1lvula de esfera em lat\u00e3o\" width=\"400\" height=\"300\" srcset=\"https:\/\/zecovalve.com\/wp-content\/uploads\/2022\/07\/Globe-Valve-Check-Valve.jpg 800w, https:\/\/zecovalve.com\/wp-content\/uploads\/2022\/07\/Globe-Valve-Check-Valve-300x225.jpg 300w, https:\/\/zecovalve.com\/wp-content\/uploads\/2022\/07\/Globe-Valve-Check-Valve-768x576.jpg 768w, https:\/\/zecovalve.com\/wp-content\/uploads\/2022\/07\/Globe-Valve-Check-Valve-600x450.jpg 600w\" sizes=\"auto, (max-width: 400px) 100vw, 400px\" \/><\/figure>\r\n\r\n\r\n<div class=\"gb-button-wrapper gb-button-wrapper-6d8495a3\">\r\n\r\n\r\n<p><a class=\"gb-button gb-button-3d442e11 gb-button-text\" href=\"https:\/\/zecovalve.com\/pt\/contact\/\" target=\"_blank\" rel=\"noopener noreferrer\"><strong>OBTENHA O PRE\u00c7O DA V\u00c1LVULA DE ESFERA DE LAT\u00c3O DE 1\/4 \u2033<\/strong><\/a><\/p>\r\n<\/div>\r\n\r\n\r\n\r\n\r\n<h2 class=\"wp-block-heading\" id=\"h-what-is-a-1-2-brass-ball-valve\">O que \u00e9 uma v\u00e1lvula esfera de lat\u00e3o de 1\/4 \u2033?<\/h2>\r\n\r\n\r\n\r\n<p>Use esta v\u00e1lvula esfera de lat\u00e3o ZECO 1\/2 \u2033 com conex\u00f5es roscadas para iniciar ou interromper o fluxo em um sistema de cobre. As conex\u00f5es roscadas s\u00e3o \u00f3timas para fazer veda\u00e7\u00f5es fortes que podem ser desparafusadas para manuten\u00e7\u00e3o. Esta v\u00e1lvula esf\u00e9rica de passagem completa \u00e9 certificada como isenta de chumbo, o que significa que as superf\u00edcies molhadas cont\u00eam, em m\u00e9dia, menos de 0,25% de chumbo. A ZECO Valve fabrica algumas das melhores v\u00e1lvulas de esfera de lat\u00e3o dispon\u00edveis, ent\u00e3o compre uma hoje mesmo!<\/p>\r\n\r\n\r\n\r\n<h2 class=\"wp-block-heading\">Especifica\u00e7\u00f5es T\u00e9cnicas de V\u00e1lvulas Esfera de Lat\u00e3o 1\/4\u2033<\/h2>\r\n\r\n\r\n\r\n<figure class=\"wp-block-table is-style-stripes\">\r\n<table>\r\n<tbody>\r\n<tr>\r\n<td>Item<\/td>\r\n<td>V\u00e1lvula de esfera<\/td>\r\n<td>Material do assento<\/td>\r\n<td>PTFE<\/td>\r\n<\/tr>\r\n<tr>\r\n<td>Material da carro\u00e7aria<\/td>\r\n<td>Lat\u00e3o<\/td>\r\n<td>Tipo de haste<\/td>\r\n<td>\u00c0 prova de explos\u00e3o<\/td>\r\n<\/tr>\r\n<tr>\r\n<td>Estilo da carro\u00e7aria<\/td>\r\n<td>Em linha<\/td>\r\n<td>Tipo de al\u00e7a<\/td>\r\n<td>Alavanca<\/td>\r\n<\/tr>\r\n<tr>\r\n<td>Estrutura da V\u00e1lvula<\/td>\r\n<td>2 partes<\/td>\r\n<td>Lidar com material<\/td>\r\n<td>A\u00e7o com revestimento resistente \u00e0 corros\u00e3o<\/td>\r\n<\/tr>\r\n<tr>\r\n<td>Tamanho do tubo<\/td>\r\n<td>1\/4 pol.<\/td>\r\n<td>Material da haste<\/td>\r\n<td>Lat\u00e3o<\/td>\r\n<\/tr>\r\n<tr>\r\n<td>Tipo de conex\u00e3o<\/td>\r\n<td>FNPT x FNPT<\/td>\r\n<td>Caracter\u00edsticas<\/td>\r\n<td>Prop\u00f3sito geral<\/td>\r\n<\/tr>\r\n<tr>\r\n<td>Porto<\/td>\r\n<td>Completo<\/td>\r\n<td>Grupo de produtos de v\u00e1lvula de esfera<\/td>\r\n<td>Manual<\/td>\r\n<\/tr>\r\n<tr>\r\n<td>M\u00e1x. Press\u00e3o<\/td>\r\n<td>CWP de 600 psi<\/td>\r\n<td>Material b\u00e1sico do corpo da v\u00e1lvula<\/td>\r\n<td>Lat\u00e3o<\/td>\r\n<\/tr>\r\n<tr>\r\n<td>Temperatura. Faixa<\/td>\r\n<td>0 graus a 400 graus F<\/td>\r\n<td>Material da bola<\/td>\r\n<td>Lat\u00e3o Cromado<\/td>\r\n<\/tr>\r\n<\/tbody>\r\n<\/table>\r\n<\/figure>\r\n\r\n\r\n\r\n<h2 class=\"wp-block-heading\">Vantagens das v\u00e1lvulas esfera de lat\u00e3o de 1\/4 \u2033<\/h2>\r\n\r\n\r\n\r\n<ul class=\"wp-block-list\">\r\n<li>Constru\u00e7\u00e3o em lat\u00e3o sem chumbo ecologicamente correta<\/li>\r\n<li>Porta completa para fluxo irrestrito<\/li>\r\n<li>Haste \u00e0 prova de explos\u00e3o<\/li>\r\n<li>Assentos esf\u00e9ricos de PTFE energizados para maior vida \u00fatil e torque reduzido<\/li>\r\n<li>Projeto de veda\u00e7\u00e3o de haste tripla de PTFE\/Viton sem vazamentos<\/li>\r\n<li>Al\u00e7a de travamento (com cadeado)<\/li>\r\n<li>Almofada de montagem direta ISO5211 pronta para atuador<\/li>\r\n<\/ul>\r\n\r\n\r\n\r\n<h2 class=\"wp-block-heading\">Aplica\u00e7\u00f5es de v\u00e1lvulas esfera de lat\u00e3o de 1\/4 \u2033<\/h2>\r\n\r\n\r\n\r\n<ul class=\"wp-block-list\">\r\n<li>\u00c1gua (sem vapor)<\/li>\r\n<li>Neutro<\/li>\r\n<li>Gasoso e n\u00e3o agressivo<\/li>\r\n<li>Meio l\u00edquido<\/li>\r\n<li>\u00d3leos minerais<\/li>\r\n<li>Combust\u00edvel e ar comprimido<\/li>\r\n<li>V\u00e1cuo (m\u00e1x. -0,9 bar)<\/li>\r\n<\/ul>","protected":false},"excerpt":{"rendered":"<p>O que \u00e9 uma v\u00e1lvula esfera de lat\u00e3o de 1\/4 \u2033? Use esta v\u00e1lvula esfera de lat\u00e3o ZECO 1\/2 \u2033 com conex\u00f5es roscadas para iniciar ou interromper o fluxo\u2026 <a title=\"V\u00e1lvula esfera de lat\u00e3o de 1\/4 \u2033\" class=\"read-more\" href=\"https:\/\/zecovalve.com\/pt\/produto\/1-4-brass-ball-valve\" aria-label=\"Mais em V\u00e1lvula Esfera de Lat\u00e3o 1\/4\u2033\">Ler mais<\/a><\/p>","protected":false},"featured_media":19482,"comment_status":"closed","ping_status":"closed","template":"","meta":{"_generate-full-width-content":"","kt_blocks_editor_width":""},"product_cat":[2047,2461],"product_tag":[2802,2833],"class_list":["post-19864","product","type-product","status-publish","has-post-thumbnail","hentry","product_cat-ball-valve","product_cat-ball-valve-by-material","product_tag-ball-valve-price","product_tag-brass-ball-valve","sales-flash-overlay","woocommerce-text-align-center","woocommerce-image-align-center","do-quantity-buttons"],"featured_image_src_large":["https:\/\/zecovalve.com\/wp-content\/uploads\/2022\/07\/Globe-Valve-Check-Valve.jpg",800,600,false],"author_info":[],"comment_info":0,"taxonomy_info":{"product_cat":[{"value":2047,"label":"Ball Valve"},{"value":2461,"label":"Ball Valve By Material"}],"product_tag":[{"value":2802,"label":"Ball Valve Price"},{"value":2833,"label":"Brass Ball Valve"}]},"yoast_head":"<!-- This site is optimized with the Yoast SEO Premium plugin v15.4 - https:\/\/yoast.com\/wordpress\/plugins\/seo\/ -->\n<title>1\/4&quot; Brass Ball Valve - Competitive Ball Valve Price | ZECO Valve<\/title>\n<meta name=\"robots\" content=\"index, follow, max-snippet:-1, max-image-preview:large, max-video-preview:-1\" \/>\n<link rel=\"canonical\" href=\"https:\/\/zecovalve.com\/pt\/produto\/1-4-brass-ball-valve\" \/>\n<meta property=\"og:locale\" content=\"pt_PT\" \/>\n<meta property=\"og:type\" content=\"article\" \/>\n<meta property=\"og:title\" content=\"1\/4&quot; Brass Ball Valve - Competitive Ball Valve Price | ZECO Valve\" \/>\n<meta property=\"og:description\" content=\"What is a 1\/4&#8243; Brass Ball Valve? Use this ZECO 1\/2&#8243; Brass Ball Valve with threaded connections to start or stop flow ... Ler mais\" \/>\n<meta property=\"og:url\" content=\"https:\/\/zecovalve.com\/pt\/produto\/1-4-brass-ball-valve\" \/>\n<meta property=\"og:site_name\" content=\"ZECO Valve\" \/>\n<meta property=\"article:modified_time\" content=\"2022-07-14T08:10:54+00:00\" \/>\n<meta property=\"og:image\" content=\"https:\/\/zecovalve.com\/wp-content\/uploads\/2022\/07\/Globe-Valve-Check-Valve.jpg\" \/>\n\t<meta property=\"og:image:width\" content=\"800\" \/>\n\t<meta property=\"og:image:height\" content=\"600\" \/>\n<meta name=\"twitter:card\" content=\"summary_large_image\" \/>\n<meta name=\"twitter:label1\" content=\"Escrito por\">\n\t<meta name=\"twitter:data1\" content=\"Jerry\">\n\t<meta name=\"twitter:label2\" content=\"Tempo estimado de leitura\">\n\t<meta name=\"twitter:data2\" content=\"1 minuto\">\n<script type=\"application\/ld+json\" class=\"yoast-schema-graph\">{\"@context\":\"https:\/\/schema.org\",\"@graph\":[{\"@type\":\"WebSite\",\"@id\":\"https:\/\/zecovalve.com\/#website\",\"url\":\"https:\/\/zecovalve.com\/\",\"name\":\"ZECO Valve\",\"description\":\"Industrial Ball Valve, Gate Valve and Globe Valve Manufacturer\",\"potentialAction\":[{\"@type\":\"SearchAction\",\"target\":\"https:\/\/zecovalve.com\/?s={search_term_string}\",\"query-input\":\"required name=search_term_string\"}],\"inLanguage\":\"pt-PT\"},{\"@type\":\"ImageObject\",\"@id\":\"https:\/\/zecovalve.com\/product\/1-4-brass-ball-valve#primaryimage\",\"inLanguage\":\"pt-PT\",\"url\":\"https:\/\/zecovalve.com\/wp-content\/uploads\/2022\/07\/Globe-Valve-Check-Valve.jpg\",\"width\":800,\"height\":600,\"caption\":\"Brass Ball Valve\"},{\"@type\":\"WebPage\",\"@id\":\"https:\/\/zecovalve.com\/product\/1-4-brass-ball-valve#webpage\",\"url\":\"https:\/\/zecovalve.com\/product\/1-4-brass-ball-valve\",\"name\":\"1\/4\\\" Brass Ball Valve - Competitive Ball Valve Price | ZECO Valve\",\"isPartOf\":{\"@id\":\"https:\/\/zecovalve.com\/#website\"},\"primaryImageOfPage\":{\"@id\":\"https:\/\/zecovalve.com\/product\/1-4-brass-ball-valve#primaryimage\"},\"datePublished\":\"2022-07-14T07:38:29+00:00\",\"dateModified\":\"2022-07-14T08:10:54+00:00\",\"breadcrumb\":{\"@id\":\"https:\/\/zecovalve.com\/product\/1-4-brass-ball-valve#breadcrumb\"},\"inLanguage\":\"pt-PT\",\"potentialAction\":[{\"@type\":\"ReadAction\",\"target\":[\"https:\/\/zecovalve.com\/product\/1-4-brass-ball-valve\"]}]},{\"@type\":\"BreadcrumbList\",\"@id\":\"https:\/\/zecovalve.com\/product\/1-4-brass-ball-valve#breadcrumb\",\"itemListElement\":[{\"@type\":\"ListItem\",\"position\":1,\"item\":{\"@type\":\"WebPage\",\"@id\":\"https:\/\/zecovalve.com\/\",\"url\":\"https:\/\/zecovalve.com\/\",\"name\":\"Home\"}},{\"@type\":\"ListItem\",\"position\":2,\"item\":{\"@type\":\"WebPage\",\"@id\":\"https:\/\/zecovalve.com\/product-category\",\"url\":\"https:\/\/zecovalve.com\/product-category\",\"name\":\"Industrial Valve Manufacturer | Water Valve Manufacturer\"}},{\"@type\":\"ListItem\",\"position\":3,\"item\":{\"@type\":\"WebPage\",\"@id\":\"https:\/\/zecovalve.com\/product\/1-4-brass-ball-valve\",\"url\":\"https:\/\/zecovalve.com\/product\/1-4-brass-ball-valve\",\"name\":\"1\/4&#8243; Brass Ball Valve\"}}]}]}<\/script>\n<!-- \/ Yoast SEO Premium plugin. -->","_links":{"self":[{"href":"https:\/\/zecovalve.com\/pt\/wp-json\/wp\/v2\/product\/19864","targetHints":{"allow":["GET"]}}],"collection":[{"href":"https:\/\/zecovalve.com\/pt\/wp-json\/wp\/v2\/product"}],"about":[{"href":"https:\/\/zecovalve.com\/pt\/wp-json\/wp\/v2\/types\/product"}],"replies":[{"embeddable":true,"href":"https:\/\/zecovalve.com\/pt\/wp-json\/wp\/v2\/comments?post=19864"}],"wp:featuredmedia":[{"embeddable":true,"href":"https:\/\/zecovalve.com\/pt\/wp-json\/wp\/v2\/media\/19482"}],"wp:attachment":[{"href":"https:\/\/zecovalve.com\/pt\/wp-json\/wp\/v2\/media?parent=19864"}],"wp:term":[{"taxonomy":"product_cat","embeddable":true,"href":"https:\/\/zecovalve.com\/pt\/wp-json\/wp\/v2\/product_cat?post=19864"},{"taxonomy":"product_tag","embeddable":true,"href":"https:\/\/zecovalve.com\/pt\/wp-json\/wp\/v2\/product_tag?post=19864"}],"curies":[{"name":"wp","href":"https:\/\/api.w.org\/{rel}","templated":true}]}}