{"id":19868,"date":"2022-07-15T03:28:56","date_gmt":"2022-07-15T03:28:56","guid":{"rendered":"https:\/\/zecovalve.com\/?post_type=product&#038;p=19868"},"modified":"2022-10-31T05:45:45","modified_gmt":"2022-10-31T05:45:45","slug":"1-inch-ball-valve","status":"publish","type":"product","link":"https:\/\/zecovalve.com\/pt\/produto\/1-inch-ball-valve","title":{"rendered":"V\u00e1lvula de esfera de 1 polegada"},"content":{"rendered":"<div class=\"wp-block-columns is-layout-flex wp-container-core-columns-is-layout-9d6595d7 wp-block-columns-is-layout-flex\">\r\n<div class=\"wp-block-column is-layout-flow wp-block-column-is-layout-flow\"><div class=\"wp-block-image\">\r\n<figure class=\"aligncenter size-full is-resized\"><img loading=\"lazy\" decoding=\"async\" class=\"wp-image-19482\" src=\"https:\/\/zecovalve.com\/wp-content\/uploads\/2022\/07\/Globe-Valve-Check-Valve.jpg\" alt=\"V\u00e1lvula de esfera em lat\u00e3o\" width=\"400\" height=\"300\" srcset=\"https:\/\/zecovalve.com\/wp-content\/uploads\/2022\/07\/Globe-Valve-Check-Valve.jpg 800w, https:\/\/zecovalve.com\/wp-content\/uploads\/2022\/07\/Globe-Valve-Check-Valve-300x225.jpg 300w, https:\/\/zecovalve.com\/wp-content\/uploads\/2022\/07\/Globe-Valve-Check-Valve-768x576.jpg 768w, https:\/\/zecovalve.com\/wp-content\/uploads\/2022\/07\/Globe-Valve-Check-Valve-600x450.jpg 600w\" sizes=\"auto, (max-width: 400px) 100vw, 400px\" \/><\/figure>\r\n<\/div><\/div>\r\n\r\n\r\n\r\n<div class=\"wp-block-column is-layout-flow wp-block-column-is-layout-flow\"><div class=\"wp-block-image\">\r\n<figure class=\"aligncenter size-full is-resized\"><img loading=\"lazy\" decoding=\"async\" class=\"wp-image-19544\" src=\"https:\/\/zecovalve.com\/wp-content\/uploads\/2022\/07\/3-WAY-BALL-VALVE-T-L-TYPE.png\" alt=\"V\u00e1lvula de esfera de 3 vias\" width=\"400\" height=\"300\" \/><\/figure>\r\n<\/div><\/div>\r\n\r\n\r\n\r\n<div class=\"wp-block-column is-layout-flow wp-block-column-is-layout-flow\"><div class=\"wp-block-image\">\r\n<figure class=\"aligncenter size-full is-resized\"><img loading=\"lazy\" decoding=\"async\" class=\"wp-image-17821\" src=\"https:\/\/zecovalve.com\/wp-content\/uploads\/2022\/06\/3-pc-ball-valve.jpg\" alt=\"\" width=\"400\" height=\"400\" srcset=\"https:\/\/zecovalve.com\/wp-content\/uploads\/2022\/06\/3-pc-ball-valve.jpg 600w, https:\/\/zecovalve.com\/wp-content\/uploads\/2022\/06\/3-pc-ball-valve-300x300.jpg 300w, https:\/\/zecovalve.com\/wp-content\/uploads\/2022\/06\/3-pc-ball-valve-150x150.jpg 150w, https:\/\/zecovalve.com\/wp-content\/uploads\/2022\/06\/3-pc-ball-valve-400x400.jpg 400w, https:\/\/zecovalve.com\/wp-content\/uploads\/2022\/06\/3-pc-ball-valve-100x100.jpg 100w\" sizes=\"auto, (max-width: 400px) 100vw, 400px\" \/><\/figure>\r\n<\/div><\/div>\r\n<\/div>\r\n\r\n\r\n<div class=\"gb-button-wrapper gb-button-wrapper-6d8495a3\">\r\n\r\n\r\n<p><a class=\"gb-button gb-button-3d442e11 gb-button-text\" href=\"mailto:commercial@zecovalve.com\" target=\"_blank\" rel=\"noopener noreferrer\"><strong>OBTENHA O PRE\u00c7O DA V\u00c1LVULA DE ESFERA DE 1 polegada<\/strong><\/a><\/p>\r\n<\/div>\r\n\r\n\r\n\r\n\r\n<h2 class=\"wp-block-heading\" id=\"h-what-is-a-1-inch-ball-valve\">O que \u00e9 uma v\u00e1lvula esfera de 1 polegada?<\/h2>\r\n\r\n\r\n\r\n<p>Nossas v\u00e1lvulas esfera de 1 polegada s\u00e3o projetadas, fabricadas e distribu\u00eddas diretamente de nossa sede em Yancheng.<\/p>\r\n\r\n\r\n\r\n<p>Corpo em barra de lat\u00e3o com porta padr\u00e3o de duas pe\u00e7as da S\u00e9rie Industrial Geral com esfera de a\u00e7o inoxid\u00e1vel 316 e v\u00e1lvula de esfera de haste. As sedes e veda\u00e7\u00f5es da haste s\u00e3o em PTFE refor\u00e7ado com vidro (Teflon\u00ae). As conex\u00f5es de tubo s\u00e3o extremidades roscadas f\u00eamea NPT (National Pipe Taper). Faixa de temperatura -50\u00b0F a 450\u00b0F (-45,5\u00b0C a (232,2\u00b0C). Classifica\u00e7\u00e3o de press\u00e3o do corpo da v\u00e1lvula 720 psi CWP (press\u00e3o de trabalho a frio), diferencial de press\u00e3o m\u00e1ximo 400 psi - consulte tamb\u00e9m o gr\u00e1fico de temperatura de press\u00e3o diferencial), saturado Vapor 150 PSI e uma classifica\u00e7\u00e3o de v\u00e1cuo de 20 m\u00edcrons. Projeto de veda\u00e7\u00e3o da haste autocompensante.<\/p>\r\n\r\n\r\n\r\n<h2 class=\"wp-block-heading\">Padr\u00e3o geral de v\u00e1lvula esf\u00e9rica de 1 polegada<\/h2>\r\n\r\n\r\n\r\n<figure class=\"wp-block-table is-style-stripes\">\r\n<table>\r\n<tbody>\r\n<tr>\r\n<td>Conce\u00e7\u00e3o<\/td>\r\n<td>BS 5351, ASME B16.34, ISO 17292, API 6D, API 608<\/td>\r\n<\/tr>\r\n<tr>\r\n<td>Flange Superior<\/td>\r\n<td>ISO 5211<\/td>\r\n<\/tr>\r\n<tr>\r\n<td>Seguro contra inc\u00eandio<\/td>\r\n<td>API 6FA, API 607, ISO 10497, BS 6755<\/td>\r\n<\/tr>\r\n<tr>\r\n<td>Teste de press\u00e3o<\/td>\r\n<td>API 598, ISO 5208, API 6D<\/td>\r\n<\/tr>\r\n<tr>\r\n<td>Cara a cara<\/td>\r\n<td>ASME B16.10, API 6D<\/td>\r\n<\/tr>\r\n<tr>\r\n<td>Liga\u00e7\u00e3o final<\/td>\r\n<td>RF, RTJ conforme ASME B16.5, <br \/>SW conforme ASME B16.11, <br \/>BW conforme ASME B16.25, <br \/>NPT conforme ASME B1.20.1, <br \/>BSPP conforme BS21, ISO 228\/1, DIN 259, <br \/>BSPT conforme BS21, ISO 7\/1<\/td>\r\n<\/tr>\r\n<\/tbody>\r\n<\/table>\r\n<\/figure>\r\n\r\n\r\n\r\n<h2 class=\"wp-block-heading\">Especifica\u00e7\u00f5es de v\u00e1lvulas esfera de 1 polegada<\/h2>\r\n\r\n\r\n\r\n<figure class=\"wp-block-table is-style-stripes\">\r\n<table>\r\n<tbody>\r\n<tr>\r\n<td>Tipo de v\u00e1lvula<\/td>\r\n<td>Bidirecional \/ 3 vias<\/td>\r\n<\/tr>\r\n<tr>\r\n<td>Estilo de v\u00e1lvula<\/td>\r\n<td>Corpo de duas pe\u00e7as \/ Corpo de tr\u00eas pe\u00e7as \u2013 Porta padr\u00e3o \/ Porta reduzida<\/td>\r\n<\/tr>\r\n<tr>\r\n<td>Tamanho da conex\u00e3o da v\u00e1lvula<\/td>\r\n<td>1\u2033 NPT f\u00eamea \/ RF \/ RTJ \/ SW \/ BW<\/td>\r\n<\/tr>\r\n<tr>\r\n<td>Tamanho da porta da v\u00e1lvula<\/td>\r\n<td>0.80<\/td>\r\n<\/tr>\r\n<tr>\r\n<td>Material do corpo da v\u00e1lvula<\/td>\r\n<td>Lat\u00e3o \/ A\u00e7o Inoxid\u00e1vel \/ A\u00e7o Carbono \/ A\u00e7o Forjado<\/td>\r\n<\/tr>\r\n<tr>\r\n<td>Material da esfera e haste da v\u00e1lvula<\/td>\r\n<td>Lat\u00e3o \/ A\u00e7o Inoxid\u00e1vel \/ A\u00e7o Forjado<\/td>\r\n<\/tr>\r\n<tr>\r\n<td>Material de veda\u00e7\u00e3o da v\u00e1lvula<\/td>\r\n<td>PTFE (Teflon\u00ae refor\u00e7ado com enchimento de vidro) \/ DEVLON \/ PEEK<\/td>\r\n<\/tr>\r\n<tr>\r\n<td>Faixa de temperatura da v\u00e1lvula<\/td>\r\n<td>-50\u00b0F a 450\u00b0F (-45,5\u00b0C a 232,2\u00b0C)<\/td>\r\n<\/tr>\r\n<tr>\r\n<td>Classifica\u00e7\u00e3o de press\u00e3o da v\u00e1lvula<\/td>\r\n<td>CLASSE 150 \u2013 CLASSE 2500<\/td>\r\n<\/tr>\r\n<tr>\r\n<td>Classifica\u00e7\u00e3o de v\u00e1cuo da v\u00e1lvula<\/td>\r\n<td>20 m\u00edcrons<\/td>\r\n<\/tr>\r\n<tr>\r\n<td>Tipo de operador de v\u00e1lvula<\/td>\r\n<td>Alavanca \/ EL\u00c9TRICA \/ PNEUM\u00c1TICA<\/td>\r\n<\/tr>\r\n<\/tbody>\r\n<\/table>\r\n<\/figure>\r\n\r\n\r\n\r\n<h2 class=\"wp-block-heading\">Dimens\u00f5es da v\u00e1lvula esf\u00e9rica de 1 polegada<\/h2>\r\n\r\n\r\n\r\n<figure class=\"wp-block-table\">\r\n<table>\r\n<tbody>\r\n<tr>\r\n<td class=\"has-text-align-center\" data-align=\"center\">Polegada<\/td>\r\n<td class=\"has-text-align-center\" data-align=\"center\">Classe L 150<\/td>\r\n<td class=\"has-text-align-center\" data-align=\"center\">Classe L 300<\/td>\r\n<td class=\"has-text-align-center\" data-align=\"center\">Classe L 600<\/td>\r\n<td class=\"has-text-align-center\" data-align=\"center\">Classe L 800<\/td>\r\n<\/tr>\r\n<tr>\r\n<td class=\"has-text-align-center\" data-align=\"center\">1\u2033<\/td>\r\n<td class=\"has-text-align-center\" data-align=\"center\">127<\/td>\r\n<td class=\"has-text-align-center\" data-align=\"center\">165<\/td>\r\n<td class=\"has-text-align-center\" data-align=\"center\">216<\/td>\r\n<td class=\"has-text-align-center\" data-align=\"center\">110<\/td>\r\n<\/tr>\r\n<\/tbody>\r\n<\/table>\r\n<\/figure>\r\n\r\n\r\n\r\n<h2 class=\"wp-block-heading\">Constru\u00e7\u00f5es do corpo da v\u00e1lvula esf\u00e9rica de uma polegada<\/h2>\r\n\r\n\r\n\r\n<ul class=\"wp-block-list\">\r\n<li>Bola Flutuante<\/li>\r\n<li>Bola Guiada<\/li>\r\n<li>Corpo dividido 2-3 pe\u00e7as ou 1 pe\u00e7a (entrada lateral)<\/li>\r\n<li>Bidirecional<\/li>\r\n<li>Haste anti-explos\u00e3o<\/li>\r\n<li>Haste Antiest\u00e1tica<\/li>\r\n<li>Embalagem autoajust\u00e1vel\/sem manuten\u00e7\u00e3o<\/li>\r\n<li>Cofre contra inc\u00eandio de constru\u00e7\u00e3o padr\u00e3o<\/li>\r\n<li>Al\u00edvio de press\u00e3o da autocavidade<\/li>\r\n<li>Projeto de baixa emiss\u00e3o<\/li>\r\n<\/ul>\r\n\r\n\r\n\r\n<h2 class=\"wp-block-heading\">Vantagens das v\u00e1lvulas esfera de uma polegada<\/h2>\r\n\r\n\r\n\r\n<ul class=\"wp-block-list\">\r\n<li>Configura\u00e7\u00e3o da haste: \u00e0 prova de explos\u00e3o<\/li>\r\n<li>A viagem para no corpo para evitar estresse na haste<\/li>\r\n<li>Teste de veda\u00e7\u00e3o 24h 100% garantido<\/li>\r\n<li>Sem pe\u00e7as m\u00f3veis de metal com metal<\/li>\r\n<li>Nenhuma manuten\u00e7\u00e3o \u00e9 necess\u00e1ria<\/li>\r\n<\/ul>\r\n\r\n\r\n\r\n<h2 class=\"wp-block-heading\">Aplica\u00e7\u00f5es de v\u00e1lvulas esfera de 1 polegada<\/h2>\r\n\r\n\r\n\r\n<p>As v\u00e1lvulas esfera de 1 polegada de porta completa ZECO s\u00e3o adequadas para uma gama completa de l\u00edquidos e gases em aplica\u00e7\u00f5es residenciais e comerciais.<\/p>","protected":false},"excerpt":{"rendered":"<p>O que \u00e9 uma v\u00e1lvula esfera de 1 polegada? Nossas v\u00e1lvulas esfera de 1 polegada s\u00e3o projetadas, fabricadas e distribu\u00eddas diretamente de nossa sede em Yancheng. \u2026 <a title=\"V\u00e1lvula de esfera de 1 polegada\" class=\"read-more\" href=\"https:\/\/zecovalve.com\/pt\/produto\/1-inch-ball-valve\" aria-label=\"Mais em V\u00e1lvula Esfera de 1 polegada\">Ler mais<\/a><\/p>","protected":false},"featured_media":17821,"comment_status":"closed","ping_status":"closed","template":"","meta":{"_generate-full-width-content":"","kt_blocks_editor_width":""},"product_cat":[2047,2462],"product_tag":[3054,3254,2833,3244,2832],"class_list":["post-19868","product","type-product","status-publish","has-post-thumbnail","hentry","product_cat-ball-valve","product_cat-ball-valve-by-size","product_tag-1-ball-valve","product_tag-ball-valve-stainless-steel","product_tag-brass-ball-valve","product_tag-stainless-ball-valve","product_tag-stainless-steel-ball-valve","sales-flash-overlay","woocommerce-text-align-center","woocommerce-image-align-center","do-quantity-buttons"],"featured_image_src_large":["https:\/\/zecovalve.com\/wp-content\/uploads\/2022\/06\/3-pc-ball-valve.jpg",600,600,false],"author_info":[],"comment_info":0,"taxonomy_info":{"product_cat":[{"value":2047,"label":"Ball Valve"},{"value":2462,"label":"Ball Valve By Size"}],"product_tag":[{"value":3054,"label":"1\" Ball Valve"},{"value":3254,"label":"Ball Valve Stainless Steel"},{"value":2833,"label":"Brass Ball Valve"},{"value":3244,"label":"Stainless Ball Valve"},{"value":2832,"label":"Stainless Steel Ball Valve"}]},"yoast_head":"<!-- This site is optimized with the Yoast SEO Premium plugin v15.4 - https:\/\/yoast.com\/wordpress\/plugins\/seo\/ -->\n<title>1&quot; Ball Valve | 1 inch Stainless Steel Ball Valve &amp; Brass Ball Valve - ZECO<\/title>\n<meta name=\"robots\" content=\"index, follow, max-snippet:-1, max-image-preview:large, max-video-preview:-1\" \/>\n<link rel=\"canonical\" href=\"https:\/\/zecovalve.com\/pt\/produto\/1-inch-ball-valve\" \/>\n<meta property=\"og:locale\" content=\"pt_PT\" \/>\n<meta property=\"og:type\" content=\"article\" \/>\n<meta property=\"og:title\" content=\"1&quot; Ball Valve | 1 inch Stainless Steel Ball Valve &amp; Brass Ball Valve - ZECO\" \/>\n<meta property=\"og:description\" content=\"What is a 1 inch Ball Valve? Our 1 inch ball valves are designed, manufactured, and distributed directly from our Yancheng headquarters. ... Ler mais\" \/>\n<meta property=\"og:url\" content=\"https:\/\/zecovalve.com\/pt\/produto\/1-inch-ball-valve\" \/>\n<meta property=\"og:site_name\" content=\"ZECO Valve\" \/>\n<meta property=\"article:modified_time\" content=\"2022-10-31T05:45:45+00:00\" \/>\n<meta property=\"og:image\" content=\"https:\/\/zecovalve.com\/wp-content\/uploads\/2022\/06\/3-pc-ball-valve.jpg\" \/>\n\t<meta property=\"og:image:width\" content=\"600\" \/>\n\t<meta property=\"og:image:height\" content=\"600\" \/>\n<meta name=\"twitter:card\" content=\"summary_large_image\" \/>\n<meta name=\"twitter:label1\" content=\"Escrito por\">\n\t<meta name=\"twitter:data1\" content=\"Jerry\">\n\t<meta name=\"twitter:label2\" content=\"Tempo estimado de leitura\">\n\t<meta name=\"twitter:data2\" content=\"2 minutos\">\n<script type=\"application\/ld+json\" class=\"yoast-schema-graph\">{\"@context\":\"https:\/\/schema.org\",\"@graph\":[{\"@type\":\"WebSite\",\"@id\":\"https:\/\/zecovalve.com\/#website\",\"url\":\"https:\/\/zecovalve.com\/\",\"name\":\"ZECO Valve\",\"description\":\"Industrial Ball Valve, Gate Valve and Globe Valve Manufacturer\",\"potentialAction\":[{\"@type\":\"SearchAction\",\"target\":\"https:\/\/zecovalve.com\/?s={search_term_string}\",\"query-input\":\"required name=search_term_string\"}],\"inLanguage\":\"pt-PT\"},{\"@type\":\"ImageObject\",\"@id\":\"https:\/\/zecovalve.com\/product\/1-inch-ball-valve#primaryimage\",\"inLanguage\":\"pt-PT\",\"url\":\"https:\/\/zecovalve.com\/wp-content\/uploads\/2022\/06\/3-pc-ball-valve.jpg\",\"width\":600,\"height\":600},{\"@type\":\"WebPage\",\"@id\":\"https:\/\/zecovalve.com\/product\/1-inch-ball-valve#webpage\",\"url\":\"https:\/\/zecovalve.com\/product\/1-inch-ball-valve\",\"name\":\"1\\\" Ball Valve | 1 inch Stainless Steel Ball Valve & Brass Ball Valve - ZECO\",\"isPartOf\":{\"@id\":\"https:\/\/zecovalve.com\/#website\"},\"primaryImageOfPage\":{\"@id\":\"https:\/\/zecovalve.com\/product\/1-inch-ball-valve#primaryimage\"},\"datePublished\":\"2022-07-15T03:28:56+00:00\",\"dateModified\":\"2022-10-31T05:45:45+00:00\",\"breadcrumb\":{\"@id\":\"https:\/\/zecovalve.com\/product\/1-inch-ball-valve#breadcrumb\"},\"inLanguage\":\"pt-PT\",\"potentialAction\":[{\"@type\":\"ReadAction\",\"target\":[\"https:\/\/zecovalve.com\/product\/1-inch-ball-valve\"]}]},{\"@type\":\"BreadcrumbList\",\"@id\":\"https:\/\/zecovalve.com\/product\/1-inch-ball-valve#breadcrumb\",\"itemListElement\":[{\"@type\":\"ListItem\",\"position\":1,\"item\":{\"@type\":\"WebPage\",\"@id\":\"https:\/\/zecovalve.com\/\",\"url\":\"https:\/\/zecovalve.com\/\",\"name\":\"Home\"}},{\"@type\":\"ListItem\",\"position\":2,\"item\":{\"@type\":\"WebPage\",\"@id\":\"https:\/\/zecovalve.com\/product-category\",\"url\":\"https:\/\/zecovalve.com\/product-category\",\"name\":\"Industrial Valve Manufacturer | Water Valve Manufacturer\"}},{\"@type\":\"ListItem\",\"position\":3,\"item\":{\"@type\":\"WebPage\",\"@id\":\"https:\/\/zecovalve.com\/product\/1-inch-ball-valve\",\"url\":\"https:\/\/zecovalve.com\/product\/1-inch-ball-valve\",\"name\":\"1 inch Ball Valve\"}}]}]}<\/script>\n<!-- \/ Yoast SEO Premium plugin. -->","_links":{"self":[{"href":"https:\/\/zecovalve.com\/pt\/wp-json\/wp\/v2\/product\/19868","targetHints":{"allow":["GET"]}}],"collection":[{"href":"https:\/\/zecovalve.com\/pt\/wp-json\/wp\/v2\/product"}],"about":[{"href":"https:\/\/zecovalve.com\/pt\/wp-json\/wp\/v2\/types\/product"}],"replies":[{"embeddable":true,"href":"https:\/\/zecovalve.com\/pt\/wp-json\/wp\/v2\/comments?post=19868"}],"wp:featuredmedia":[{"embeddable":true,"href":"https:\/\/zecovalve.com\/pt\/wp-json\/wp\/v2\/media\/17821"}],"wp:attachment":[{"href":"https:\/\/zecovalve.com\/pt\/wp-json\/wp\/v2\/media?parent=19868"}],"wp:term":[{"taxonomy":"product_cat","embeddable":true,"href":"https:\/\/zecovalve.com\/pt\/wp-json\/wp\/v2\/product_cat?post=19868"},{"taxonomy":"product_tag","embeddable":true,"href":"https:\/\/zecovalve.com\/pt\/wp-json\/wp\/v2\/product_tag?post=19868"}],"curies":[{"name":"wp","href":"https:\/\/api.w.org\/{rel}","templated":true}]}}