{"id":19871,"date":"2022-07-15T05:56:20","date_gmt":"2022-07-15T05:56:20","guid":{"rendered":"https:\/\/zecovalve.com\/?post_type=product&#038;p=19871"},"modified":"2022-09-07T02:14:59","modified_gmt":"2022-09-07T02:14:59","slug":"1-stainless-steel-ball-valve","status":"publish","type":"product","link":"https:\/\/zecovalve.com\/pt\/produto\/1-stainless-steel-ball-valve","title":{"rendered":"V\u00e1lvula de esfera de a\u00e7o inoxid\u00e1vel de 1 \u2033"},"content":{"rendered":"<figure class=\"wp-block-image size-full is-resized\"><img loading=\"lazy\" decoding=\"async\" class=\"wp-image-19872\" src=\"https:\/\/zecovalve.com\/wp-content\/uploads\/2022\/07\/1-stainless-steel-ball-valve.jpg\" alt=\"\" width=\"250\" height=\"205\" srcset=\"https:\/\/zecovalve.com\/wp-content\/uploads\/2022\/07\/1-stainless-steel-ball-valve.jpg 1000w, https:\/\/zecovalve.com\/wp-content\/uploads\/2022\/07\/1-stainless-steel-ball-valve-300x246.jpg 300w, https:\/\/zecovalve.com\/wp-content\/uploads\/2022\/07\/1-stainless-steel-ball-valve-768x631.jpg 768w, https:\/\/zecovalve.com\/wp-content\/uploads\/2022\/07\/1-stainless-steel-ball-valve-600x493.jpg 600w\" sizes=\"auto, (max-width: 250px) 100vw, 250px\" \/><\/figure>\r\n\r\n\r\n<div class=\"gb-button-wrapper gb-button-wrapper-6d8495a3\">\r\n\r\n\r\n<p><a class=\"gb-button gb-button-3d442e11 gb-button-text\" href=\"https:\/\/zecovalve.com\/pt\/contact\/\" target=\"_blank\" rel=\"noopener noreferrer\"><strong>OBTENHA PRE\u00c7O DE V\u00c1LVULA DE ESFERA DE A\u00c7O INOXID\u00c1VEL DE 1 \u2033<\/strong><\/a><\/p>\r\n<\/div>\r\n\r\n\r\n\r\n\r\n<h2 class=\"wp-block-heading\" id=\"h-what-is-a-1-stainless-steel-ball-valve\">O que \u00e9 uma v\u00e1lvula esf\u00e9rica de a\u00e7o inoxid\u00e1vel de 1 \u2033?<\/h2>\r\n\r\n\r\n\r\n<p>A v\u00e1lvula de esfera de a\u00e7o inoxid\u00e1vel de 1 \u2033 \u00e9 feita para maior resist\u00eancia \u00e0 corros\u00e3o do que lat\u00e3o e cobre.<\/p>\r\n\r\n\r\n\r\n<h2 class=\"wp-block-heading\">Material das v\u00e1lvulas esf\u00e9ricas de a\u00e7o inoxid\u00e1vel de 1 polegada<\/h2>\r\n\r\n\r\n\r\n<ul class=\"wp-block-list\">\r\n<li>Corpo e tampa \u2013 ASTM A351-CF8M\/ASTM A216-WCB<\/li>\r\n<li>Bola \u2013 ASTM A351-CF8M<\/li>\r\n<li>Haste \u2013 ASTM A276-316<\/li>\r\n<li>Gl\u00e2ndula \u2013 AISI 304<\/li>\r\n<li>Assento \u2013 PTFE\/RTFE<\/li>\r\n<li>Veda\u00e7\u00e3o, Gaxeta e Arruela de Encosto \u2013 PTFE<\/li>\r\n<li>Arruela de press\u00e3o e porca \u2013 AISI 304<\/li>\r\n<li>Al\u00e7a e dispositivo de travamento \u2013 a\u00e7o inoxid\u00e1vel<\/li>\r\n<li>Manga para al\u00e7a \u2013 PVC<\/li>\r\n<\/ul>\r\n\r\n\r\n\r\n<h2 class=\"wp-block-heading\">Especifica\u00e7\u00f5es da v\u00e1lvula de esfera inoxid\u00e1vel de 1 polegada<\/h2>\r\n\r\n\r\n\r\n<figure class=\"wp-block-table is-style-stripes\">\r\n<table>\r\n<tbody>\r\n<tr>\r\n<td>Tipo de al\u00e7a<\/td>\r\n<td>ALAVANCA<\/td>\r\n<\/tr>\r\n<tr>\r\n<td>Material<\/td>\r\n<td>A\u00e7o inoxid\u00e1vel<\/td>\r\n<\/tr>\r\n<tr>\r\n<td>Tipo de linha<\/td>\r\n<td>ASME B1.20.1 (NPT) DIN2999 e BS21 ISO7\/1 e EN10226\u2033<\/td>\r\n<\/tr>\r\n<tr>\r\n<td>Press\u00e3o M\u00e1xima de Trabalho<\/td>\r\n<td>1000 libras por polegada quadrada<\/td>\r\n<\/tr>\r\n<tr>\r\n<td>Temperatura M\u00e1xima de Trabalho<\/td>\r\n<td>300 graus Fahrenheit<\/td>\r\n<\/tr>\r\n<tr>\r\n<td>Tipo de Produto<\/td>\r\n<td>V\u00e1lvulas de esfera<\/td>\r\n<\/tr>\r\n<tr>\r\n<td>Constru\u00e7\u00e3o de v\u00e1lvula<\/td>\r\n<td>Dois peda\u00e7os<\/td>\r\n<\/tr>\r\n<tr>\r\n<td>Tamanho<\/td>\r\n<td>1 polegada<\/td>\r\n<\/tr>\r\n<\/tbody>\r\n<\/table>\r\n<\/figure>\r\n\r\n\r\n\r\n<h2 class=\"wp-block-heading\">Vantagens das v\u00e1lvulas esfera de a\u00e7o inoxid\u00e1vel de 1 \u2033<\/h2>\r\n\r\n\r\n\r\n<ul class=\"wp-block-list\">\r\n<li>V\u00e1lvula de esfera em linha de a\u00e7o inoxid\u00e1vel da Homewerks<\/li>\r\n<li>A\u00e7o inoxid\u00e1vel dur\u00e1vel, corpo de duas pe\u00e7as com haste \u00e0 prova de explos\u00e3o<\/li>\r\n<li>Atende aos padr\u00f5es de \u00e1gua pot\u00e1vel e sem chumbo<\/li>\r\n<li>Conex\u00f5es FIP x FIP<\/li>\r\n<li>A alavanca com punho proporciona uma opera\u00e7\u00e3o f\u00e1cil com um quarto de volta<\/li>\r\n<li>Esta v\u00e1lvula n\u00e3o se destina a estrangular o fluxo de \u00e1gua, apenas na posi\u00e7\u00e3o totalmente aberta ou totalmente fechada<\/li>\r\n<li>100% testado contra vazamento<\/li>\r\n<li>Press\u00e3o m\u00e1xima 150 PSI para ar ou g\u00e1s<\/li>\r\n<\/ul>\r\n\r\n\r\n\r\n<h2 class=\"wp-block-heading\">Aplica\u00e7\u00f5es de v\u00e1lvulas esfera de a\u00e7o inoxid\u00e1vel de 1 \u2033<\/h2>\r\n\r\n\r\n\r\n<p>As v\u00e1lvulas de esfera de a\u00e7o inoxid\u00e1vel de 1 \u2033 funcionam bem em aplica\u00e7\u00f5es que incluem, mas n\u00e3o se limitam a, \u00e1gua, \u00f3leo, g\u00e1s\/ar, \u00e1lcalis leves, \u00e1cidos, biodiesel, combust\u00edveis e \u00e1lcool.<\/p>","protected":false},"excerpt":{"rendered":"<p>O que \u00e9 uma v\u00e1lvula esf\u00e9rica de a\u00e7o inoxid\u00e1vel de 1 \u2033? A v\u00e1lvula de esfera de a\u00e7o inoxid\u00e1vel de 1 \u2033 \u00e9 feita para maior resist\u00eancia \u00e0 corros\u00e3o do que lat\u00e3o e\u2026 <a title=\"V\u00e1lvula de esfera de a\u00e7o inoxid\u00e1vel de 1 \u2033\" class=\"read-more\" href=\"https:\/\/zecovalve.com\/pt\/produto\/1-stainless-steel-ball-valve\" aria-label=\"Mais em V\u00e1lvula esfera de a\u00e7o inoxid\u00e1vel de 1\u2033\">Ler mais<\/a><\/p>","protected":false},"featured_media":19872,"comment_status":"closed","ping_status":"closed","template":"","meta":{"_generate-full-width-content":"","kt_blocks_editor_width":""},"product_cat":[2047,2462],"product_tag":[3054,2802,3254,3244,2832],"class_list":["post-19871","product","type-product","status-publish","has-post-thumbnail","hentry","product_cat-ball-valve","product_cat-ball-valve-by-size","product_tag-1-ball-valve","product_tag-ball-valve-price","product_tag-ball-valve-stainless-steel","product_tag-stainless-ball-valve","product_tag-stainless-steel-ball-valve","sales-flash-overlay","woocommerce-text-align-center","woocommerce-image-align-center","do-quantity-buttons"],"featured_image_src_large":["https:\/\/zecovalve.com\/wp-content\/uploads\/2022\/07\/1-stainless-steel-ball-valve.jpg",1000,821,false],"author_info":[],"comment_info":0,"taxonomy_info":{"product_cat":[{"value":2047,"label":"Ball Valve"},{"value":2462,"label":"Ball Valve By Size"}],"product_tag":[{"value":3054,"label":"1\" Ball Valve"},{"value":2802,"label":"Ball Valve Price"},{"value":3254,"label":"Ball Valve Stainless Steel"},{"value":3244,"label":"Stainless Ball Valve"},{"value":2832,"label":"Stainless Steel Ball Valve"}]},"yoast_head":"<!-- This site is optimized with the Yoast SEO Premium plugin v15.4 - https:\/\/yoast.com\/wordpress\/plugins\/seo\/ -->\n<title>1&quot; Stainless Steel Ball Valve - Competitive Ball Valve Price | ZECO Valve<\/title>\n<meta name=\"robots\" content=\"index, follow, max-snippet:-1, max-image-preview:large, max-video-preview:-1\" \/>\n<link rel=\"canonical\" href=\"https:\/\/zecovalve.com\/pt\/produto\/1-stainless-steel-ball-valve\" \/>\n<meta property=\"og:locale\" content=\"pt_PT\" \/>\n<meta property=\"og:type\" content=\"article\" \/>\n<meta property=\"og:title\" content=\"1&quot; Stainless Steel Ball Valve - Competitive Ball Valve Price | ZECO Valve\" \/>\n<meta property=\"og:description\" content=\"What is a 1&#8243; Stainless Steel Ball Valve? 1&#8243; stainless steel ball valve is made for higher corrosion resistance than brass and ... Ler mais\" \/>\n<meta property=\"og:url\" content=\"https:\/\/zecovalve.com\/pt\/produto\/1-stainless-steel-ball-valve\" \/>\n<meta property=\"og:site_name\" content=\"ZECO Valve\" \/>\n<meta property=\"article:modified_time\" content=\"2022-09-07T02:14:59+00:00\" \/>\n<meta property=\"og:image\" content=\"https:\/\/zecovalve.com\/wp-content\/uploads\/2022\/07\/1-stainless-steel-ball-valve.jpg\" \/>\n\t<meta property=\"og:image:width\" content=\"1000\" \/>\n\t<meta property=\"og:image:height\" content=\"821\" \/>\n<meta name=\"twitter:card\" content=\"summary_large_image\" \/>\n<meta name=\"twitter:label1\" content=\"Escrito por\">\n\t<meta name=\"twitter:data1\" content=\"Jerry\">\n\t<meta name=\"twitter:label2\" content=\"Tempo estimado de leitura\">\n\t<meta name=\"twitter:data2\" content=\"1 minuto\">\n<script type=\"application\/ld+json\" class=\"yoast-schema-graph\">{\"@context\":\"https:\/\/schema.org\",\"@graph\":[{\"@type\":\"WebSite\",\"@id\":\"https:\/\/zecovalve.com\/#website\",\"url\":\"https:\/\/zecovalve.com\/\",\"name\":\"ZECO Valve\",\"description\":\"Industrial Ball Valve, Gate Valve and Globe Valve Manufacturer\",\"potentialAction\":[{\"@type\":\"SearchAction\",\"target\":\"https:\/\/zecovalve.com\/?s={search_term_string}\",\"query-input\":\"required name=search_term_string\"}],\"inLanguage\":\"pt-PT\"},{\"@type\":\"ImageObject\",\"@id\":\"https:\/\/zecovalve.com\/product\/1-stainless-steel-ball-valve#primaryimage\",\"inLanguage\":\"pt-PT\",\"url\":\"https:\/\/zecovalve.com\/wp-content\/uploads\/2022\/07\/1-stainless-steel-ball-valve.jpg\",\"width\":1000,\"height\":821},{\"@type\":\"WebPage\",\"@id\":\"https:\/\/zecovalve.com\/product\/1-stainless-steel-ball-valve#webpage\",\"url\":\"https:\/\/zecovalve.com\/product\/1-stainless-steel-ball-valve\",\"name\":\"1\\\" Stainless Steel Ball Valve - Competitive Ball Valve Price | ZECO Valve\",\"isPartOf\":{\"@id\":\"https:\/\/zecovalve.com\/#website\"},\"primaryImageOfPage\":{\"@id\":\"https:\/\/zecovalve.com\/product\/1-stainless-steel-ball-valve#primaryimage\"},\"datePublished\":\"2022-07-15T05:56:20+00:00\",\"dateModified\":\"2022-09-07T02:14:59+00:00\",\"breadcrumb\":{\"@id\":\"https:\/\/zecovalve.com\/product\/1-stainless-steel-ball-valve#breadcrumb\"},\"inLanguage\":\"pt-PT\",\"potentialAction\":[{\"@type\":\"ReadAction\",\"target\":[\"https:\/\/zecovalve.com\/product\/1-stainless-steel-ball-valve\"]}]},{\"@type\":\"BreadcrumbList\",\"@id\":\"https:\/\/zecovalve.com\/product\/1-stainless-steel-ball-valve#breadcrumb\",\"itemListElement\":[{\"@type\":\"ListItem\",\"position\":1,\"item\":{\"@type\":\"WebPage\",\"@id\":\"https:\/\/zecovalve.com\/\",\"url\":\"https:\/\/zecovalve.com\/\",\"name\":\"Home\"}},{\"@type\":\"ListItem\",\"position\":2,\"item\":{\"@type\":\"WebPage\",\"@id\":\"https:\/\/zecovalve.com\/product-category\",\"url\":\"https:\/\/zecovalve.com\/product-category\",\"name\":\"Industrial Valve Manufacturer | Water Valve Manufacturer\"}},{\"@type\":\"ListItem\",\"position\":3,\"item\":{\"@type\":\"WebPage\",\"@id\":\"https:\/\/zecovalve.com\/product\/1-stainless-steel-ball-valve\",\"url\":\"https:\/\/zecovalve.com\/product\/1-stainless-steel-ball-valve\",\"name\":\"1&#8243; Stainless Steel Ball Valve\"}}]}]}<\/script>\n<!-- \/ Yoast SEO Premium plugin. -->","_links":{"self":[{"href":"https:\/\/zecovalve.com\/pt\/wp-json\/wp\/v2\/product\/19871","targetHints":{"allow":["GET"]}}],"collection":[{"href":"https:\/\/zecovalve.com\/pt\/wp-json\/wp\/v2\/product"}],"about":[{"href":"https:\/\/zecovalve.com\/pt\/wp-json\/wp\/v2\/types\/product"}],"replies":[{"embeddable":true,"href":"https:\/\/zecovalve.com\/pt\/wp-json\/wp\/v2\/comments?post=19871"}],"wp:featuredmedia":[{"embeddable":true,"href":"https:\/\/zecovalve.com\/pt\/wp-json\/wp\/v2\/media\/19872"}],"wp:attachment":[{"href":"https:\/\/zecovalve.com\/pt\/wp-json\/wp\/v2\/media?parent=19871"}],"wp:term":[{"taxonomy":"product_cat","embeddable":true,"href":"https:\/\/zecovalve.com\/pt\/wp-json\/wp\/v2\/product_cat?post=19871"},{"taxonomy":"product_tag","embeddable":true,"href":"https:\/\/zecovalve.com\/pt\/wp-json\/wp\/v2\/product_tag?post=19871"}],"curies":[{"name":"wp","href":"https:\/\/api.w.org\/{rel}","templated":true}]}}