{"id":19873,"date":"2022-07-15T06:10:04","date_gmt":"2022-07-15T06:10:04","guid":{"rendered":"https:\/\/zecovalve.com\/?post_type=product&#038;p=19873"},"modified":"2022-09-22T06:28:36","modified_gmt":"2022-09-22T06:28:36","slug":"1-threaded-ball-valve","status":"publish","type":"product","link":"https:\/\/zecovalve.com\/pt\/produto\/1-threaded-ball-valve","title":{"rendered":"V\u00e1lvula esfera roscada de 1\u2033"},"content":{"rendered":"<figure class=\"wp-block-image size-full is-resized\"><img loading=\"lazy\" decoding=\"async\" class=\"alignnone size-medium wp-image-16473\" src=\"https:\/\/zecovalve.com\/wp-content\/uploads\/2022\/06\/3pc-ball-valve-5-300x225.jpg\" alt=\"\" width=\"300\" height=\"225\" srcset=\"https:\/\/zecovalve.com\/wp-content\/uploads\/2022\/06\/3pc-ball-valve-5-300x225.jpg 300w, https:\/\/zecovalve.com\/wp-content\/uploads\/2022\/06\/3pc-ball-valve-5-768x576.jpg 768w, https:\/\/zecovalve.com\/wp-content\/uploads\/2022\/06\/3pc-ball-valve-5-600x450.jpg 600w, https:\/\/zecovalve.com\/wp-content\/uploads\/2022\/06\/3pc-ball-valve-5.jpg 800w\" sizes=\"auto, (max-width: 300px) 100vw, 300px\" \/><\/figure>\r\n\r\n\r\n<div class=\"gb-button-wrapper gb-button-wrapper-6d8495a3\">\r\n\r\n\r\n<p><a class=\"gb-button gb-button-3d442e11 gb-button-text\" href=\"https:\/\/zecovalve.com\/pt\/contact\/\" target=\"_blank\" rel=\"noopener noreferrer\"><strong>OBTENHA PRE\u00c7O DE V\u00c1LVULA DE ESFERA ROSCADA DE 1 \u2033<\/strong><\/a><\/p>\r\n<\/div>\r\n\r\n\r\n\r\n\r\n<h2 class=\"wp-block-heading\" id=\"h-what-is-a-1-threaded-ball-valve\">O que \u00e9 uma v\u00e1lvula esfera roscada de 1 \u2033?<\/h2>\r\n\r\n\r\n\r\n<p>Esta v\u00e1lvula de esfera de 2 vias da Tameson com di\u00e2metro nominal de 25 mm foi projetada para controle de fluxo liga\/desliga.<\/p>\r\n\r\n\r\n\r\n<p>A v\u00e1lvula possui portas roscadas G de 1 polegada. Este \u00e9 BSPP (British Standard Pipe Parallel. Com nossa linha de conex\u00f5es de 1 polegada, a v\u00e1lvula pode ser instalada em qualquer tubo.<\/p>\r\n\r\n\r\n\r\n<p>V\u00e1lvula de esfera de lat\u00e3o com rosca macho de 2 vias com portas G de 1 polegada e uma al\u00e7a para controle de fluxo liga\/desliga. Di\u00e2metro nominal de 25 mm e press\u00e3o m\u00e1xima de 40 bar (580 psi).<\/p>\r\n\r\n\r\n\r\n<h2 class=\"wp-block-heading\">Como funciona uma v\u00e1lvula esfera roscada de 1 \u2033?<\/h2>\r\n\r\n\r\n\r\n<p>Use a al\u00e7a para operar a v\u00e1lvula. Ao gir\u00e1-la 90 graus, a v\u00e1lvula abrir\u00e1 ou fechar\u00e1. Se a al\u00e7a estiver perpendicular ao tubo, a v\u00e1lvula est\u00e1 fechada. Esta v\u00e1lvula n\u00e3o \u00e9 adequada para controle el\u00e9trico ou pneum\u00e1tico. Para este efeito s\u00e3o recomendadas v\u00e1lvulas com flange ISO-Top (ISO 5211). Esta v\u00e1lvula n\u00e3o \u00e9 adequada para controlo el\u00e9ctrico ou pneum\u00e1tico. Para este efeito s\u00e3o recomendadas v\u00e1lvulas com flange ISO-Top (ISO 5211).<\/p>\r\n\r\n\r\n\r\n<h2 class=\"wp-block-heading\">Vantagens das v\u00e1lvulas esfera roscadas de 1\u2033<\/h2>\r\n\r\n\r\n\r\n<ul class=\"wp-block-list\">\r\n<li>A al\u00e7a levantada para.<\/li>\r\n<li>Design de haste \u00e0 prova de explos\u00e3o.<\/li>\r\n<li>Prensa de gaxeta ajust\u00e1vel.<\/li>\r\n<li>Prote\u00e7\u00e3o anticorrosiva com fosfato de zinco.<\/li>\r\n<li>Seguran\u00e7a contra inc\u00eandio de acordo com API 607 (requer sufixo -24).<\/li>\r\n<\/ul>\r\n\r\n\r\n\r\n<h2 class=\"wp-block-heading\">Aplica\u00e7\u00f5es de v\u00e1lvulas esfera roscadas de 1\u2033<\/h2>\r\n\r\n\r\n\r\n<p>A v\u00e1lvula esfera roscada de 1 \u2033 \u00e9 usada em aplica\u00e7\u00f5es de \u00e1gua pot\u00e1vel residenciais e comerciais, adequada para uma gama completa de l\u00edquidos e gases.<\/p>\r\n\r\n\r\n\r\n<p>A v\u00e1lvula pode ser usada em uma faixa de temperatura de -10 a 95 \u00b0C (14 a 203 \u00b0F).<\/p>","protected":false},"excerpt":{"rendered":"<p>O que \u00e9 uma v\u00e1lvula esfera roscada de 1 \u2033? Esta v\u00e1lvula esfera de 2 vias da Tameson com di\u00e2metro nominal de 25 mm foi projetada\u2026 <a title=\"V\u00e1lvula esfera roscada de 1\u2033\" class=\"read-more\" href=\"https:\/\/zecovalve.com\/pt\/produto\/1-threaded-ball-valve\" aria-label=\"Mais em V\u00e1lvula Esfera Rosca de 1\u2033\">Ler mais<\/a><\/p>","protected":false},"featured_media":16470,"comment_status":"closed","ping_status":"closed","template":"","meta":{"_generate-full-width-content":"","kt_blocks_editor_width":""},"product_cat":[2047,2462],"product_tag":[3054,2802,3922,3921],"class_list":["post-19873","product","type-product","status-publish","has-post-thumbnail","hentry","product_cat-ball-valve","product_cat-ball-valve-by-size","product_tag-1-ball-valve","product_tag-ball-valve-price","product_tag-metal-seat-ball-valve","product_tag-metal-seated-ball-valve","sales-flash-overlay","woocommerce-text-align-center","woocommerce-image-align-center","do-quantity-buttons"],"featured_image_src_large":["https:\/\/zecovalve.com\/wp-content\/uploads\/2022\/06\/3pc-ball-valve-2.jpg",800,600,false],"author_info":[],"comment_info":0,"taxonomy_info":{"product_cat":[{"value":2047,"label":"Ball Valve"},{"value":2462,"label":"Ball Valve By Size"}],"product_tag":[{"value":3054,"label":"1\" Ball Valve"},{"value":2802,"label":"Ball Valve Price"},{"value":3922,"label":"Metal Seat Ball Valve"},{"value":3921,"label":"Metal Seated Ball Valve"}]},"yoast_head":"<!-- This site is optimized with the Yoast SEO Premium plugin v15.4 - https:\/\/yoast.com\/wordpress\/plugins\/seo\/ -->\n<title>1&quot; Thread Ball Valve - Competitive Ball Valve Price | ZECO Valve<\/title>\n<meta name=\"robots\" content=\"index, follow, max-snippet:-1, max-image-preview:large, max-video-preview:-1\" \/>\n<link rel=\"canonical\" href=\"https:\/\/zecovalve.com\/pt\/produto\/1-threaded-ball-valve\" \/>\n<meta property=\"og:locale\" content=\"pt_PT\" \/>\n<meta property=\"og:type\" content=\"article\" \/>\n<meta property=\"og:title\" content=\"1&quot; Thread Ball Valve - Competitive Ball Valve Price | ZECO Valve\" \/>\n<meta property=\"og:description\" content=\"What is a 1&#8243; Threaded Ball Valve? This 2-way ball valve from Tameson with a nominal diameter of 25 mm is designed ... Ler mais\" \/>\n<meta property=\"og:url\" content=\"https:\/\/zecovalve.com\/pt\/produto\/1-threaded-ball-valve\" \/>\n<meta property=\"og:site_name\" content=\"ZECO Valve\" \/>\n<meta property=\"article:modified_time\" content=\"2022-09-22T06:28:36+00:00\" \/>\n<meta property=\"og:image\" content=\"https:\/\/zecovalve.com\/wp-content\/uploads\/2022\/06\/3pc-ball-valve-2.jpg\" \/>\n\t<meta property=\"og:image:width\" content=\"800\" \/>\n\t<meta property=\"og:image:height\" content=\"600\" \/>\n<meta name=\"twitter:card\" content=\"summary_large_image\" \/>\n<meta name=\"twitter:label1\" content=\"Escrito por\">\n\t<meta name=\"twitter:data1\" content=\"Jerry\">\n\t<meta name=\"twitter:label2\" content=\"Tempo estimado de leitura\">\n\t<meta name=\"twitter:data2\" content=\"1 minuto\">\n<script type=\"application\/ld+json\" class=\"yoast-schema-graph\">{\"@context\":\"https:\/\/schema.org\",\"@graph\":[{\"@type\":\"WebSite\",\"@id\":\"https:\/\/zecovalve.com\/#website\",\"url\":\"https:\/\/zecovalve.com\/\",\"name\":\"ZECO Valve\",\"description\":\"Industrial Ball Valve, Gate Valve and Globe Valve Manufacturer\",\"potentialAction\":[{\"@type\":\"SearchAction\",\"target\":\"https:\/\/zecovalve.com\/?s={search_term_string}\",\"query-input\":\"required name=search_term_string\"}],\"inLanguage\":\"pt-PT\"},{\"@type\":\"ImageObject\",\"@id\":\"https:\/\/zecovalve.com\/product\/1-threaded-ball-valve#primaryimage\",\"inLanguage\":\"pt-PT\",\"url\":\"https:\/\/zecovalve.com\/wp-content\/uploads\/2022\/06\/3pc-ball-valve-2.jpg\",\"width\":800,\"height\":600},{\"@type\":\"WebPage\",\"@id\":\"https:\/\/zecovalve.com\/product\/1-threaded-ball-valve#webpage\",\"url\":\"https:\/\/zecovalve.com\/product\/1-threaded-ball-valve\",\"name\":\"1\\\" Thread Ball Valve - Competitive Ball Valve Price | ZECO Valve\",\"isPartOf\":{\"@id\":\"https:\/\/zecovalve.com\/#website\"},\"primaryImageOfPage\":{\"@id\":\"https:\/\/zecovalve.com\/product\/1-threaded-ball-valve#primaryimage\"},\"datePublished\":\"2022-07-15T06:10:04+00:00\",\"dateModified\":\"2022-09-22T06:28:36+00:00\",\"breadcrumb\":{\"@id\":\"https:\/\/zecovalve.com\/product\/1-threaded-ball-valve#breadcrumb\"},\"inLanguage\":\"pt-PT\",\"potentialAction\":[{\"@type\":\"ReadAction\",\"target\":[\"https:\/\/zecovalve.com\/product\/1-threaded-ball-valve\"]}]},{\"@type\":\"BreadcrumbList\",\"@id\":\"https:\/\/zecovalve.com\/product\/1-threaded-ball-valve#breadcrumb\",\"itemListElement\":[{\"@type\":\"ListItem\",\"position\":1,\"item\":{\"@type\":\"WebPage\",\"@id\":\"https:\/\/zecovalve.com\/\",\"url\":\"https:\/\/zecovalve.com\/\",\"name\":\"Home\"}},{\"@type\":\"ListItem\",\"position\":2,\"item\":{\"@type\":\"WebPage\",\"@id\":\"https:\/\/zecovalve.com\/product-category\",\"url\":\"https:\/\/zecovalve.com\/product-category\",\"name\":\"Industrial Valve Manufacturer | Water Valve Manufacturer\"}},{\"@type\":\"ListItem\",\"position\":3,\"item\":{\"@type\":\"WebPage\",\"@id\":\"https:\/\/zecovalve.com\/product\/1-threaded-ball-valve\",\"url\":\"https:\/\/zecovalve.com\/product\/1-threaded-ball-valve\",\"name\":\"1&#8243; Threaded Ball Valve\"}}]}]}<\/script>\n<!-- \/ Yoast SEO Premium plugin. -->","_links":{"self":[{"href":"https:\/\/zecovalve.com\/pt\/wp-json\/wp\/v2\/product\/19873","targetHints":{"allow":["GET"]}}],"collection":[{"href":"https:\/\/zecovalve.com\/pt\/wp-json\/wp\/v2\/product"}],"about":[{"href":"https:\/\/zecovalve.com\/pt\/wp-json\/wp\/v2\/types\/product"}],"replies":[{"embeddable":true,"href":"https:\/\/zecovalve.com\/pt\/wp-json\/wp\/v2\/comments?post=19873"}],"wp:featuredmedia":[{"embeddable":true,"href":"https:\/\/zecovalve.com\/pt\/wp-json\/wp\/v2\/media\/16470"}],"wp:attachment":[{"href":"https:\/\/zecovalve.com\/pt\/wp-json\/wp\/v2\/media?parent=19873"}],"wp:term":[{"taxonomy":"product_cat","embeddable":true,"href":"https:\/\/zecovalve.com\/pt\/wp-json\/wp\/v2\/product_cat?post=19873"},{"taxonomy":"product_tag","embeddable":true,"href":"https:\/\/zecovalve.com\/pt\/wp-json\/wp\/v2\/product_tag?post=19873"}],"curies":[{"name":"wp","href":"https:\/\/api.w.org\/{rel}","templated":true}]}}