{"id":19960,"date":"2022-07-18T07:06:57","date_gmt":"2022-07-18T07:06:57","guid":{"rendered":"https:\/\/zecovalve.com\/?post_type=product&#038;p=19960"},"modified":"2022-07-26T05:46:47","modified_gmt":"2022-07-26T05:46:47","slug":"3-piece-ball-valve-stainless-steel","status":"publish","type":"product","link":"https:\/\/zecovalve.com\/pt\/produto\/3-piece-ball-valve-stainless-steel","title":{"rendered":"V\u00e1lvula de esfera de 3 pe\u00e7as em a\u00e7o inoxid\u00e1vel"},"content":{"rendered":"A v\u00e1lvula esf\u00e9rica de 3 pe\u00e7as de porta completa em a\u00e7o inoxid\u00e1vel apresenta um design oscilante para f\u00e1cil manuten\u00e7\u00e3o. Essas v\u00e1lvulas possuem uma base de montagem ISO 5211 e sede e veda\u00e7\u00f5es RTFE.\r\n\r\n\r\n\r\n\r\n<figure class=\"wp-block-image size-full is-resized\"><img loading=\"lazy\" decoding=\"async\" class=\"wp-image-19959\" src=\"https:\/\/zecovalve.com\/wp-content\/uploads\/2022\/07\/3PC-ball-valve.jpg\" alt=\"\" width=\"375\" height=\"277\" srcset=\"https:\/\/zecovalve.com\/wp-content\/uploads\/2022\/07\/3PC-ball-valve.jpg 500w, https:\/\/zecovalve.com\/wp-content\/uploads\/2022\/07\/3PC-ball-valve-300x221.jpg 300w\" sizes=\"auto, (max-width: 375px) 100vw, 375px\" \/><\/figure>\r\n\r\n\r\n<div class=\"gb-button-wrapper gb-button-wrapper-6d8495a3\">\r\n\r\n<a class=\"gb-button gb-button-3d442e11 gb-button-text\" href=\"https:\/\/zecovalve.com\/pt\/contact\/\" target=\"_blank\" rel=\"noopener noreferrer\"><strong>OBTENHA PRE\u00c7O DE A\u00c7O INOXID\u00c1VEL DE V\u00c1LVULA DE ESFERA DE 3 PE\u00c7AS<\/strong><\/a>\r\n\r\n<\/div>\r\n\r\n\r\n\r\n\r\n<h2 class=\"wp-block-heading\" id=\"h-what-is-a-3-piece-ball-valve-stainless-steel\">O que \u00e9 uma v\u00e1lvula esf\u00e9rica de a\u00e7o inoxid\u00e1vel de 3 pe\u00e7as?<\/h2>\r\n\r\n\r\n\r\n\r\nUma v\u00e1lvula esf\u00e9rica de a\u00e7o inoxid\u00e1vel de 3 pe\u00e7as completa com almofada de montagem direta ISO 5211 para f\u00e1cil atua\u00e7\u00e3o. Adequada para ambientes higi\u00eanicos, a v\u00e1lvula \u00e9 composta por Corpo A351 CF8M, esfera de a\u00e7o inoxid\u00e1vel 316 com acabamento interno de Ra 40uin\/25uin. A v\u00e1lvula possui uma porta de tubo verdadeira que n\u00e3o oferece espa\u00e7o morto no caminho direto. As conex\u00f5es finais est\u00e3o dispon\u00edveis em extremidade de solda ou extremidade de solda estendida.\r\n\r\n\r\n\r\n\r\n<h2 class=\"wp-block-heading\">Especifica\u00e7\u00f5es de v\u00e1lvula esf\u00e9rica de 3 pe\u00e7as em a\u00e7o inoxid\u00e1vel<\/h2>\r\n\r\n\r\n\r\n<ul class=\"wp-block-list\">\r\n \t<li>Solda de topo de conex\u00e3o final OD, RF, NPT, BSPT<\/li>\r\n \t<li>Material do corpo em a\u00e7o inoxid\u00e1vel<\/li>\r\n \t<li>Material de veda\u00e7\u00e3o PTFE<\/li>\r\n \t<li>Cavidade do material do assento preenchida<\/li>\r\n \t<li>Tamanho 1\/2\u2033 (DN15), 3\/4\u2033 (DN20), 1\u2033 (DN25), 1 1\/2\u2033 (DN40), 2\u2033 (DN50), 2 1\/2\u2033 (DN65), 3\u2033 ( DN80), 4\u2033 (DN100)<\/li>\r\n \t<li>Design de 3 pe\u00e7as, furo completo<\/li>\r\n \t<li>Ind\u00fastria \/ Homologa\u00e7\u00f5es Higi\u00eanicas<\/li>\r\n \t<li>Alavanca Alavanca Manual Trav\u00e1vel<\/li>\r\n \t<li>Faixa de temperatura -10\u00baC a 180\u00baC<\/li>\r\n \t<li>Press\u00e3o at\u00e9: 1000 PSI (1\/2\u2033 a 1\u2033), 800 PSI (1 1\/2\u2033 a 2\u2033), 600 PSI (2 1\/2\u2033 a 4\u2033)<\/li>\r\n \t<li>Acion\u00e1vel? Sim \u2013 possui base de montagem direta<\/li>\r\n<\/ul>\r\n\r\n\r\n\r\n<h2 class=\"wp-block-heading\" id=\"h-features-of-3-piece-ball-valve-stainless-steel\">Caracter\u00edsticas da v\u00e1lvula esf\u00e9rica de 3 pe\u00e7as em a\u00e7o inoxid\u00e1vel<\/h2>\r\n\r\n\r\n\r\n<ul class=\"wp-block-list\">\r\n \t<li>V\u00e1lvula de esfera sanit\u00e1ria de passagem total de 3 pe\u00e7as<\/li>\r\n \t<li>Corpo em a\u00e7o inoxid\u00e1vel A351 CF8M<\/li>\r\n \t<li>Bola de a\u00e7o inoxid\u00e1vel 316<\/li>\r\n \t<li>Assentos cheios de cavidades<\/li>\r\n \t<li>1000 PSI (1\/2\u2033 a 4\u2033)<\/li>\r\n \t<li>800 PSI (1\/2\u2033 a 4\u2033)<\/li>\r\n \t<li>600 PSI (1\/2\u2033 a 4\u2033)<\/li>\r\n<\/ul>\r\n\r\n\r\n\r\n<h2 class=\"wp-block-heading\" id=\"h-material-of-3-piece-ball-valve-stainless-steel\">Material da v\u00e1lvula esf\u00e9rica de 3 pe\u00e7as em a\u00e7o inoxid\u00e1vel<\/h2>\r\n\r\n\r\n<div class=\"wp-block-image\">\r\n<figure class=\"aligncenter size-full\"><img loading=\"lazy\" decoding=\"async\" width=\"500\" height=\"230\" class=\"wp-image-19961\" src=\"https:\/\/zecovalve.com\/wp-content\/uploads\/2022\/07\/3-Piece-Ball-Valve-Stainless-Steel.png\" alt=\"\" srcset=\"https:\/\/zecovalve.com\/wp-content\/uploads\/2022\/07\/3-Piece-Ball-Valve-Stainless-Steel.png 500w, https:\/\/zecovalve.com\/wp-content\/uploads\/2022\/07\/3-Piece-Ball-Valve-Stainless-Steel-300x138.png 300w\" sizes=\"auto, (max-width: 500px) 100vw, 500px\" \/><\/figure>\r\n<\/div>\r\n\r\n\r\n<figure class=\"wp-block-table is-style-stripes\">\r\n<table>\r\n<tbody>\r\n<tr>\r\n<td>N\u00e3o<\/td>\r\n<td>Parte<\/td>\r\n<td>Material<\/td>\r\n<\/tr>\r\n<tr>\r\n<td>1<\/td>\r\n<td>Habita\u00e7\u00e3o<\/td>\r\n<td>A\u00e7o inoxid\u00e1vel<\/td>\r\n<\/tr>\r\n<tr>\r\n<td>2<\/td>\r\n<td>Mesa<\/td>\r\n<td>A\u00e7o inoxid\u00e1vel<\/td>\r\n<\/tr>\r\n<tr>\r\n<td>3<\/td>\r\n<td>Bola<\/td>\r\n<td>A\u00e7o inoxid\u00e1vel<\/td>\r\n<\/tr>\r\n<tr>\r\n<td>4<\/td>\r\n<td>Assento Esf\u00e9rico<\/td>\r\n<td>PTFE<\/td>\r\n<\/tr>\r\n<tr>\r\n<td>5<\/td>\r\n<td>Selo da carca\u00e7a<\/td>\r\n<td>PTFE<\/td>\r\n<\/tr>\r\n<tr>\r\n<td>6<\/td>\r\n<td>Caule<\/td>\r\n<td>AISI316<\/td>\r\n<\/tr>\r\n<tr>\r\n<td>7<\/td>\r\n<td>Anel de assento<\/td>\r\n<td>PTFE<\/td>\r\n<\/tr>\r\n<tr>\r\n<td>8<\/td>\r\n<td>Selo da haste<\/td>\r\n<td>PTFE<\/td>\r\n<\/tr>\r\n<tr>\r\n<td>9<\/td>\r\n<td>Soquete<\/td>\r\n<td>A\u00e7o inoxid\u00e1vel<\/td>\r\n<\/tr>\r\n<tr>\r\n<td>10<\/td>\r\n<td>Pega<\/td>\r\n<td>A\u00e7o inoxid\u00e1vel<\/td>\r\n<\/tr>\r\n<tr>\r\n<td>11<\/td>\r\n<td>Anel de haste<\/td>\r\n<td>A\u00e7o inoxid\u00e1vel<\/td>\r\n<\/tr>\r\n<tr>\r\n<td>12<\/td>\r\n<td>Porca da haste<\/td>\r\n<td>A\u00e7o inoxid\u00e1vel<\/td>\r\n<\/tr>\r\n<tr>\r\n<td>13<\/td>\r\n<td>Manga de m\u00e3o<\/td>\r\n<td>PVC<\/td>\r\n<\/tr>\r\n<tr>\r\n<td>14<\/td>\r\n<td>Dispositivo de seguran\u00e7a<\/td>\r\n<td>A\u00e7o inoxid\u00e1vel<\/td>\r\n<\/tr>\r\n<tr>\r\n<td>15<\/td>\r\n<td>Parafusos<\/td>\r\n<td>A\u00e7o inoxid\u00e1vel<\/td>\r\n<\/tr>\r\n<tr>\r\n<td>16<\/td>\r\n<td>M\u00e1quina de lavar<\/td>\r\n<td>A\u00e7o inoxid\u00e1vel<\/td>\r\n<\/tr>\r\n<tr>\r\n<td>17<\/td>\r\n<td>Porca<\/td>\r\n<td>A\u00e7o inoxid\u00e1vel<\/td>\r\n<\/tr>\r\n<\/tbody>\r\n<\/table>\r\n<\/figure>","protected":false},"excerpt":{"rendered":"<p>A v\u00e1lvula esf\u00e9rica de 3 pe\u00e7as de porta completa em a\u00e7o inoxid\u00e1vel apresenta um design oscilante para f\u00e1cil manuten\u00e7\u00e3o. Essas v\u00e1lvulas possuem montagem ISO 5211\u2026 <a title=\"V\u00e1lvula de esfera de 3 pe\u00e7as em a\u00e7o inoxid\u00e1vel\" class=\"read-more\" href=\"https:\/\/zecovalve.com\/pt\/produto\/3-piece-ball-valve-stainless-steel\" aria-label=\"Mais em V\u00e1lvula Esfera de 3 Pe\u00e7as em A\u00e7o Inoxid\u00e1vel\">Ler mais<\/a><\/p>","protected":false},"featured_media":19959,"comment_status":"closed","ping_status":"closed","template":"","meta":{"_generate-full-width-content":"","kt_blocks_editor_width":""},"product_cat":[2047],"product_tag":[3089,3254,3244,2832],"class_list":["post-19960","product","type-product","status-publish","has-post-thumbnail","hentry","product_cat-ball-valve","product_tag-3-piece-ball-valve","product_tag-ball-valve-stainless-steel","product_tag-stainless-ball-valve","product_tag-stainless-steel-ball-valve","sales-flash-overlay","woocommerce-text-align-center","woocommerce-image-align-center","do-quantity-buttons"],"featured_image_src_large":["https:\/\/zecovalve.com\/wp-content\/uploads\/2022\/07\/3PC-ball-valve.jpg",500,369,false],"author_info":[],"comment_info":0,"taxonomy_info":{"product_cat":[{"value":2047,"label":"Ball Valve"}],"product_tag":[{"value":3089,"label":"3 Piece Ball Valve"},{"value":3254,"label":"Ball Valve Stainless Steel"},{"value":3244,"label":"Stainless Ball Valve"},{"value":2832,"label":"Stainless Steel Ball Valve"}]},"yoast_head":"<!-- This site is optimized with the Yoast SEO Premium plugin v15.4 - https:\/\/yoast.com\/wordpress\/plugins\/seo\/ -->\n<title>3 Piece Ball Valve Stainless Steel - Stainless Steel Ball Valve | ZECO Valve<\/title>\n<meta name=\"robots\" content=\"index, follow, max-snippet:-1, max-image-preview:large, max-video-preview:-1\" \/>\n<link rel=\"canonical\" href=\"https:\/\/zecovalve.com\/pt\/produto\/3-piece-ball-valve-stainless-steel\" \/>\n<meta property=\"og:locale\" content=\"pt_PT\" \/>\n<meta property=\"og:type\" content=\"article\" \/>\n<meta property=\"og:title\" content=\"3 Piece Ball Valve Stainless Steel - Stainless Steel Ball Valve | ZECO Valve\" \/>\n<meta property=\"og:description\" content=\"Full port 3-piece ball valve stainless steel feature a swing out design for easy maintenance. These valves have an ISO 5211 mounting ... Ler mais\" \/>\n<meta property=\"og:url\" content=\"https:\/\/zecovalve.com\/pt\/produto\/3-piece-ball-valve-stainless-steel\" \/>\n<meta property=\"og:site_name\" content=\"ZECO Valve\" \/>\n<meta property=\"article:modified_time\" content=\"2022-07-26T05:46:47+00:00\" \/>\n<meta property=\"og:image\" content=\"https:\/\/zecovalve.com\/wp-content\/uploads\/2022\/07\/3PC-ball-valve.jpg\" \/>\n\t<meta property=\"og:image:width\" content=\"500\" \/>\n\t<meta property=\"og:image:height\" content=\"369\" \/>\n<meta name=\"twitter:card\" content=\"summary_large_image\" \/>\n<meta name=\"twitter:label1\" content=\"Escrito por\">\n\t<meta name=\"twitter:data1\" content=\"Jerry\">\n\t<meta name=\"twitter:label2\" content=\"Tempo estimado de leitura\">\n\t<meta name=\"twitter:data2\" content=\"1 minuto\">\n<script type=\"application\/ld+json\" class=\"yoast-schema-graph\">{\"@context\":\"https:\/\/schema.org\",\"@graph\":[{\"@type\":\"WebSite\",\"@id\":\"https:\/\/zecovalve.com\/#website\",\"url\":\"https:\/\/zecovalve.com\/\",\"name\":\"ZECO Valve\",\"description\":\"Industrial Ball Valve, Gate Valve and Globe Valve Manufacturer\",\"potentialAction\":[{\"@type\":\"SearchAction\",\"target\":\"https:\/\/zecovalve.com\/?s={search_term_string}\",\"query-input\":\"required name=search_term_string\"}],\"inLanguage\":\"pt-PT\"},{\"@type\":\"ImageObject\",\"@id\":\"https:\/\/zecovalve.com\/product\/3-piece-ball-valve-stainless-steel#primaryimage\",\"inLanguage\":\"pt-PT\",\"url\":\"https:\/\/zecovalve.com\/wp-content\/uploads\/2022\/07\/3PC-ball-valve.jpg\",\"width\":500,\"height\":369},{\"@type\":\"WebPage\",\"@id\":\"https:\/\/zecovalve.com\/product\/3-piece-ball-valve-stainless-steel#webpage\",\"url\":\"https:\/\/zecovalve.com\/product\/3-piece-ball-valve-stainless-steel\",\"name\":\"3 Piece Ball Valve Stainless Steel - Stainless Steel Ball Valve | ZECO Valve\",\"isPartOf\":{\"@id\":\"https:\/\/zecovalve.com\/#website\"},\"primaryImageOfPage\":{\"@id\":\"https:\/\/zecovalve.com\/product\/3-piece-ball-valve-stainless-steel#primaryimage\"},\"datePublished\":\"2022-07-18T07:06:57+00:00\",\"dateModified\":\"2022-07-26T05:46:47+00:00\",\"breadcrumb\":{\"@id\":\"https:\/\/zecovalve.com\/product\/3-piece-ball-valve-stainless-steel#breadcrumb\"},\"inLanguage\":\"pt-PT\",\"potentialAction\":[{\"@type\":\"ReadAction\",\"target\":[\"https:\/\/zecovalve.com\/product\/3-piece-ball-valve-stainless-steel\"]}]},{\"@type\":\"BreadcrumbList\",\"@id\":\"https:\/\/zecovalve.com\/product\/3-piece-ball-valve-stainless-steel#breadcrumb\",\"itemListElement\":[{\"@type\":\"ListItem\",\"position\":1,\"item\":{\"@type\":\"WebPage\",\"@id\":\"https:\/\/zecovalve.com\/\",\"url\":\"https:\/\/zecovalve.com\/\",\"name\":\"Home\"}},{\"@type\":\"ListItem\",\"position\":2,\"item\":{\"@type\":\"WebPage\",\"@id\":\"https:\/\/zecovalve.com\/product-category\",\"url\":\"https:\/\/zecovalve.com\/product-category\",\"name\":\"Industrial Valve Manufacturer | Water Valve Manufacturer\"}},{\"@type\":\"ListItem\",\"position\":3,\"item\":{\"@type\":\"WebPage\",\"@id\":\"https:\/\/zecovalve.com\/product\/3-piece-ball-valve-stainless-steel\",\"url\":\"https:\/\/zecovalve.com\/product\/3-piece-ball-valve-stainless-steel\",\"name\":\"3 Piece Ball Valve Stainless Steel\"}}]}]}<\/script>\n<!-- \/ Yoast SEO Premium plugin. -->","_links":{"self":[{"href":"https:\/\/zecovalve.com\/pt\/wp-json\/wp\/v2\/product\/19960","targetHints":{"allow":["GET"]}}],"collection":[{"href":"https:\/\/zecovalve.com\/pt\/wp-json\/wp\/v2\/product"}],"about":[{"href":"https:\/\/zecovalve.com\/pt\/wp-json\/wp\/v2\/types\/product"}],"replies":[{"embeddable":true,"href":"https:\/\/zecovalve.com\/pt\/wp-json\/wp\/v2\/comments?post=19960"}],"wp:featuredmedia":[{"embeddable":true,"href":"https:\/\/zecovalve.com\/pt\/wp-json\/wp\/v2\/media\/19959"}],"wp:attachment":[{"href":"https:\/\/zecovalve.com\/pt\/wp-json\/wp\/v2\/media?parent=19960"}],"wp:term":[{"taxonomy":"product_cat","embeddable":true,"href":"https:\/\/zecovalve.com\/pt\/wp-json\/wp\/v2\/product_cat?post=19960"},{"taxonomy":"product_tag","embeddable":true,"href":"https:\/\/zecovalve.com\/pt\/wp-json\/wp\/v2\/product_tag?post=19960"}],"curies":[{"name":"wp","href":"https:\/\/api.w.org\/{rel}","templated":true}]}}