{"id":19963,"date":"2022-07-18T07:24:10","date_gmt":"2022-07-18T07:24:10","guid":{"rendered":"https:\/\/zecovalve.com\/?post_type=product&#038;p=19963"},"modified":"2022-09-22T03:25:29","modified_gmt":"2022-09-22T03:25:29","slug":"3-pieces-ball-valve","status":"publish","type":"product","link":"https:\/\/zecovalve.com\/pt\/produto\/3-pieces-ball-valve","title":{"rendered":"V\u00e1lvula de esfera de 3 pe\u00e7as"},"content":{"rendered":"A v\u00e1lvula esf\u00e9rica de 3 pe\u00e7as \u00e9 uma estrutura de v\u00e1lvula esf\u00e9rica comum, seu corpo \u00e9 dividido em tr\u00eas partes, que s\u00e3o a tampa esquerda e direita e o corpo da v\u00e1lvula intermedi\u00e1ria.\r\n\r\n\r\n\r\n\r\n<figure class=\"wp-block-image size-full is-resized\"><img loading=\"lazy\" decoding=\"async\" class=\"wp-image-16508\" src=\"https:\/\/zecovalve.com\/wp-content\/uploads\/2022\/06\/trunnion-mounted-ball-valve-2.jpg\" alt=\"\" width=\"400\" height=\"300\" srcset=\"https:\/\/zecovalve.com\/wp-content\/uploads\/2022\/06\/trunnion-mounted-ball-valve-2.jpg 800w, https:\/\/zecovalve.com\/wp-content\/uploads\/2022\/06\/trunnion-mounted-ball-valve-2-300x225.jpg 300w, https:\/\/zecovalve.com\/wp-content\/uploads\/2022\/06\/trunnion-mounted-ball-valve-2-768x576.jpg 768w, https:\/\/zecovalve.com\/wp-content\/uploads\/2022\/06\/trunnion-mounted-ball-valve-2-600x450.jpg 600w\" sizes=\"auto, (max-width: 400px) 100vw, 400px\" \/><\/figure>\r\n\r\n\r\n<div class=\"gb-button-wrapper gb-button-wrapper-6d8495a3\">\r\n\r\n<a class=\"gb-button gb-button-3d442e11 gb-button-text\" href=\"https:\/\/zecovalve.com\/pt\/contact\/\" target=\"_blank\" rel=\"noopener noreferrer\"><strong>OBTENHA O PRE\u00c7O DA V\u00c1LVULA DE ESFERA DE 3 PE\u00c7AS<\/strong><\/a>\r\n\r\n<\/div>\r\n\r\n\r\n\r\n\r\n<h2 class=\"wp-block-heading\" id=\"h-what-is-a-3-pieces-ball-valve\">O que \u00e9 uma v\u00e1lvula esfera de 3 pe\u00e7as?<\/h2>\r\n\r\n\r\n\r\n\r\nAs v\u00e1lvulas de esfera v\u00eam em uma, duas ou tr\u00eas pe\u00e7as. Uma pe\u00e7a sendo fabricada com apenas 1 parte do corpo, as v\u00e1lvulas esfera de duas pe\u00e7as consistem em duas pe\u00e7as separadas, sendo a conex\u00e3o entre elas rosqueada ou um conjunto de parafuso e flange. Como voc\u00ea deve ter adivinhado, uma v\u00e1lvula esf\u00e9rica de 3 pe\u00e7as consiste em tr\u00eas pe\u00e7as, duas tampas e um corpo\r\n\r\n\r\n\r\n\r\n<h2 class=\"wp-block-heading\" id=\"h-features-of-3-pieces-ball-valve\">Caracter\u00edsticas da v\u00e1lvula esf\u00e9rica de 3 pe\u00e7as<\/h2>\r\n\r\n\r\n\r\n<ul class=\"wp-block-list\">\r\n \t<li>As v\u00e1lvulas esfera de 3 pe\u00e7as t\u00eam a conex\u00e3o mais completa em compara\u00e7\u00e3o com as v\u00e1lvulas esfera de 1 e 2 pe\u00e7as.<\/li>\r\n \t<li>Tr\u00eas partes dos corpos s\u00e3o conectadas por parafusos, o que \u00e9 conveniente para instala\u00e7\u00e3o e desmontagem.<\/li>\r\n \t<li>No caso de troca frequente e abras\u00e3o r\u00e1pida, v\u00e1lvulas de esfera de 3 pe\u00e7as devem ser consideradas previamente.<\/li>\r\n \t<li>O tamanho do corredor da v\u00e1lvula esf\u00e9rica de 3 pe\u00e7as \u00e9 maior do que a v\u00e1lvula esf\u00e9rica de 1 pe\u00e7a, que tem circula\u00e7\u00e3o mais forte.<\/li>\r\n \t<li>A resist\u00eancia do fluido \u00e9 pequena e seu coeficiente \u00e9 igual ao mesmo comprimento do tubo.<\/li>\r\n \t<li>Abertura e fechamento r\u00e1pidos, f\u00e1ceis de operar. Da abertura total ao fechamento total, basta girar 90 \u00b0 da alavanca ou do dispositivo de acionamento, o que \u00e9 conveniente para controle remoto.<\/li>\r\n \t<li>Aplic\u00e1vel a uma ampla faixa de di\u00e2metros de mil\u00edmetros a metros e press\u00e3o de alto v\u00e1cuo a alta press\u00e3o.<\/li>\r\n<\/ul>\r\n\r\n\r\n\r\n<h2 class=\"wp-block-heading\">Qual \u00e9 a grande diferen\u00e7a entre v\u00e1lvulas esfera de 2 e 3 pe\u00e7as<\/h2>\r\n\r\n\r\n\r\n\r\nAs v\u00e1lvulas esfera de duas pe\u00e7as tamb\u00e9m foram projetadas tendo em mente a manuten\u00e7\u00e3o. A grande diferen\u00e7a entre os dois \u00e9 que o corpo da v\u00e1lvula de 3 pe\u00e7as pode ser retirado sem perturbar as duas tampas. Uma v\u00e1lvula esf\u00e9rica de duas pe\u00e7as nem sempre permite que isso aconte\u00e7a, e isso n\u00e3o \u00e9 poss\u00edvel com uma v\u00e1lvula esf\u00e9rica de uma pe\u00e7a. Tamb\u00e9m h\u00e1 uma diferen\u00e7a de pre\u00e7o. Conforme observado anteriormente, as v\u00e1lvulas de pe\u00e7a \u00fanica s\u00e3o geralmente descart\u00e1veis. V\u00e1lvulas de tr\u00eas pe\u00e7as tendem a custar inicialmente mais, mas podem economizar dinheiro no longo prazo em termos de tempo gasto na manuten\u00e7\u00e3o e capacidade de trocar sedes e veda\u00e7\u00f5es em vez de substituir a v\u00e1lvula por completo.\r\n\r\n\r\n\r\n\r\n<h2 class=\"wp-block-heading\">Compara\u00e7\u00e3o de v\u00e1lvulas esf\u00e9ricas de 1 pe\u00e7a, 2 pe\u00e7as e 3 pe\u00e7as<\/h2>\r\n\r\n\r\n\r\n<figure class=\"wp-block-table is-style-stripes\">\r\n<table>\r\n<tbody>\r\n<tr>\r\n<td><\/td>\r\n<td><strong>V\u00e1lvulas de esfera de 1 pe\u00e7a<\/strong><\/td>\r\n<td><strong>V\u00e1lvulas de esfera de 2 pe\u00e7as<\/strong><\/td>\r\n<td><strong>V\u00e1lvulas de esfera de 3 pe\u00e7as<\/strong><\/td>\r\n<\/tr>\r\n<tr>\r\n<td><strong>Aplicativos comuns<\/strong><\/td>\r\n<td>Equipamento para servi\u00e7os de alimenta\u00e7\u00e3oEnchimento de l\u00edquidosEnchimento de fluidos automotivos<\/td>\r\n<td>Equipamento para servi\u00e7os de alimenta\u00e7\u00e3oEnchimento de l\u00edquidosEnchimento de fluidos automotivos<\/td>\r\n<td>Instala\u00e7\u00f5es de fabrica\u00e7\u00e3o<\/td>\r\n<\/tr>\r\n<tr>\r\n<td><strong>Benef\u00edcios<\/strong><\/td>\r\n<td>Op\u00e7\u00e3o mais econ\u00f4micaPode ser substitu\u00eddo com baixo custo<\/td>\r\n<td>Mais econ\u00f4mico para comprar ou substituir do que v\u00e1lvulas de 3 pe\u00e7asDispon\u00edvel em porta completa<\/td>\r\n<td>F\u00e1cil de desmontar para manuten\u00e7\u00e3oEconomia de custos a longo prazo para aplica\u00e7\u00f5es extremas ou de alto cicloDispon\u00edvel em porta completaAs op\u00e7\u00f5es de conex\u00e3o incluem FNPT, solda de encaixe e solda de encaixe de tubo<\/td>\r\n<\/tr>\r\n<tr>\r\n<td><strong>Quedas<\/strong><\/td>\r\n<td>N\u00e3o projetado para ser reparado<\/td>\r\n<td>Reparabilidade limitada<\/td>\r\n<td>Custo inicial mais alto<\/td>\r\n<\/tr>\r\n<\/tbody>\r\n<\/table>\r\n<\/figure>","protected":false},"excerpt":{"rendered":"<p>A v\u00e1lvula esfera de 3 pe\u00e7as \u00e9 uma estrutura de v\u00e1lvula esfera comum, seu corpo \u00e9 dividido em tr\u00eas partes, que s\u00e3o esquerda e\u2026 <a title=\"V\u00e1lvula de esfera de 3 pe\u00e7as\" class=\"read-more\" href=\"https:\/\/zecovalve.com\/pt\/produto\/3-pieces-ball-valve\" aria-label=\"Mais em V\u00e1lvula Esfera de 3 Pe\u00e7as\">Ler mais<\/a><\/p>","protected":false},"featured_media":16508,"comment_status":"closed","ping_status":"closed","template":"","meta":{"_generate-full-width-content":"","kt_blocks_editor_width":""},"product_cat":[2047],"product_tag":[3089,3920,3896],"class_list":["post-19963","product","type-product","status-publish","has-post-thumbnail","hentry","product_cat-ball-valve","product_tag-3-piece-ball-valve","product_tag-api-6d-ball-valve","product_tag-flanged-ball-valve","sales-flash-overlay","woocommerce-text-align-center","woocommerce-image-align-center","do-quantity-buttons"],"featured_image_src_large":["https:\/\/zecovalve.com\/wp-content\/uploads\/2022\/06\/trunnion-mounted-ball-valve-2.jpg",800,600,false],"author_info":[],"comment_info":0,"taxonomy_info":{"product_cat":[{"value":2047,"label":"Ball Valve"}],"product_tag":[{"value":3089,"label":"3 Piece Ball Valve"},{"value":3920,"label":"API 6D Ball Valve"},{"value":3896,"label":"Flanged Ball Valve"}]},"yoast_head":"<!-- This site is optimized with the Yoast SEO Premium plugin v15.4 - https:\/\/yoast.com\/wordpress\/plugins\/seo\/ -->\n<title>3 Pieces Ball Valve - Trunnion Ball Valve Manfacturer | ZECO Valve<\/title>\n<meta name=\"robots\" content=\"index, follow, max-snippet:-1, max-image-preview:large, max-video-preview:-1\" \/>\n<link rel=\"canonical\" href=\"https:\/\/zecovalve.com\/pt\/produto\/3-pieces-ball-valve\" \/>\n<meta property=\"og:locale\" content=\"pt_PT\" \/>\n<meta property=\"og:type\" content=\"article\" \/>\n<meta property=\"og:title\" content=\"3 Pieces Ball Valve - Trunnion Ball Valve Manfacturer | ZECO Valve\" \/>\n<meta property=\"og:description\" content=\"The 3 pieces ball valve is a common ball valve structure, its body is divided into three parts, which are left and ... Ler mais\" \/>\n<meta property=\"og:url\" content=\"https:\/\/zecovalve.com\/pt\/produto\/3-pieces-ball-valve\" \/>\n<meta property=\"og:site_name\" content=\"ZECO Valve\" \/>\n<meta property=\"article:modified_time\" content=\"2022-09-22T03:25:29+00:00\" \/>\n<meta property=\"og:image\" content=\"https:\/\/zecovalve.com\/wp-content\/uploads\/2022\/06\/trunnion-mounted-ball-valve-2.jpg\" \/>\n\t<meta property=\"og:image:width\" content=\"800\" \/>\n\t<meta property=\"og:image:height\" content=\"600\" \/>\n<meta name=\"twitter:card\" content=\"summary_large_image\" \/>\n<meta name=\"twitter:label1\" content=\"Escrito por\">\n\t<meta name=\"twitter:data1\" content=\"Jerry\">\n\t<meta name=\"twitter:label2\" content=\"Tempo estimado de leitura\">\n\t<meta name=\"twitter:data2\" content=\"2 minutos\">\n<script type=\"application\/ld+json\" class=\"yoast-schema-graph\">{\"@context\":\"https:\/\/schema.org\",\"@graph\":[{\"@type\":\"WebSite\",\"@id\":\"https:\/\/zecovalve.com\/#website\",\"url\":\"https:\/\/zecovalve.com\/\",\"name\":\"ZECO Valve\",\"description\":\"Industrial Ball Valve, Gate Valve and Globe Valve Manufacturer\",\"potentialAction\":[{\"@type\":\"SearchAction\",\"target\":\"https:\/\/zecovalve.com\/?s={search_term_string}\",\"query-input\":\"required name=search_term_string\"}],\"inLanguage\":\"pt-PT\"},{\"@type\":\"ImageObject\",\"@id\":\"https:\/\/zecovalve.com\/product\/3-pieces-ball-valve#primaryimage\",\"inLanguage\":\"pt-PT\",\"url\":\"https:\/\/zecovalve.com\/wp-content\/uploads\/2022\/06\/trunnion-mounted-ball-valve-2.jpg\",\"width\":800,\"height\":600},{\"@type\":\"WebPage\",\"@id\":\"https:\/\/zecovalve.com\/product\/3-pieces-ball-valve#webpage\",\"url\":\"https:\/\/zecovalve.com\/product\/3-pieces-ball-valve\",\"name\":\"3 Pieces Ball Valve - Trunnion Ball Valve Manfacturer | ZECO Valve\",\"isPartOf\":{\"@id\":\"https:\/\/zecovalve.com\/#website\"},\"primaryImageOfPage\":{\"@id\":\"https:\/\/zecovalve.com\/product\/3-pieces-ball-valve#primaryimage\"},\"datePublished\":\"2022-07-18T07:24:10+00:00\",\"dateModified\":\"2022-09-22T03:25:29+00:00\",\"breadcrumb\":{\"@id\":\"https:\/\/zecovalve.com\/product\/3-pieces-ball-valve#breadcrumb\"},\"inLanguage\":\"pt-PT\",\"potentialAction\":[{\"@type\":\"ReadAction\",\"target\":[\"https:\/\/zecovalve.com\/product\/3-pieces-ball-valve\"]}]},{\"@type\":\"BreadcrumbList\",\"@id\":\"https:\/\/zecovalve.com\/product\/3-pieces-ball-valve#breadcrumb\",\"itemListElement\":[{\"@type\":\"ListItem\",\"position\":1,\"item\":{\"@type\":\"WebPage\",\"@id\":\"https:\/\/zecovalve.com\/\",\"url\":\"https:\/\/zecovalve.com\/\",\"name\":\"Home\"}},{\"@type\":\"ListItem\",\"position\":2,\"item\":{\"@type\":\"WebPage\",\"@id\":\"https:\/\/zecovalve.com\/product-category\",\"url\":\"https:\/\/zecovalve.com\/product-category\",\"name\":\"Industrial Valve Manufacturer | Water Valve Manufacturer\"}},{\"@type\":\"ListItem\",\"position\":3,\"item\":{\"@type\":\"WebPage\",\"@id\":\"https:\/\/zecovalve.com\/product\/3-pieces-ball-valve\",\"url\":\"https:\/\/zecovalve.com\/product\/3-pieces-ball-valve\",\"name\":\"3 Pieces Ball Valve\"}}]}]}<\/script>\n<!-- \/ Yoast SEO Premium plugin. -->","_links":{"self":[{"href":"https:\/\/zecovalve.com\/pt\/wp-json\/wp\/v2\/product\/19963","targetHints":{"allow":["GET"]}}],"collection":[{"href":"https:\/\/zecovalve.com\/pt\/wp-json\/wp\/v2\/product"}],"about":[{"href":"https:\/\/zecovalve.com\/pt\/wp-json\/wp\/v2\/types\/product"}],"replies":[{"embeddable":true,"href":"https:\/\/zecovalve.com\/pt\/wp-json\/wp\/v2\/comments?post=19963"}],"wp:featuredmedia":[{"embeddable":true,"href":"https:\/\/zecovalve.com\/pt\/wp-json\/wp\/v2\/media\/16508"}],"wp:attachment":[{"href":"https:\/\/zecovalve.com\/pt\/wp-json\/wp\/v2\/media?parent=19963"}],"wp:term":[{"taxonomy":"product_cat","embeddable":true,"href":"https:\/\/zecovalve.com\/pt\/wp-json\/wp\/v2\/product_cat?post=19963"},{"taxonomy":"product_tag","embeddable":true,"href":"https:\/\/zecovalve.com\/pt\/wp-json\/wp\/v2\/product_tag?post=19963"}],"curies":[{"name":"wp","href":"https:\/\/api.w.org\/{rel}","templated":true}]}}