{"id":27080,"date":"2022-09-07T06:01:33","date_gmt":"2022-09-07T06:01:33","guid":{"rendered":"https:\/\/zecovalve.com\/?post_type=product&#038;p=27080"},"modified":"2022-09-07T06:45:02","modified_gmt":"2022-09-07T06:45:02","slug":"1-inch-motorized-ball-valve","status":"publish","type":"product","link":"https:\/\/zecovalve.com\/pt\/produto\/1-inch-motorized-ball-valve","title":{"rendered":"V\u00e1lvula de esfera motorizada de 1 polegada"},"content":{"rendered":"Nossas v\u00e1lvulas esfera motorizadas de 1\u201d v\u00eam com a confiabilidade e robustez que voc\u00ea esperaria de uma v\u00e1lvula um pouco maior. Vimos isso sendo usado em uma infinidade de aplica\u00e7\u00f5es. Sua consist\u00eancia, resist\u00eancia \u00e0 \u00e1gua e confiabilidade os tornam uma \u00f3tima escolha para o seu projeto.\r\n\r\n\r\n\r\n\r\n<figure class=\"wp-block-image size-large is-resized\"><img loading=\"lazy\" decoding=\"async\" class=\"wp-image-27081\" src=\"https:\/\/zecovalve.com\/wp-content\/uploads\/2022\/09\/1-inch-motorized-ball-valve-898x1024.jpg\" alt=\"\" width=\"449\" height=\"512\" srcset=\"https:\/\/zecovalve.com\/wp-content\/uploads\/2022\/09\/1-inch-motorized-ball-valve-898x1024.jpg 898w, https:\/\/zecovalve.com\/wp-content\/uploads\/2022\/09\/1-inch-motorized-ball-valve-263x300.jpg 263w, https:\/\/zecovalve.com\/wp-content\/uploads\/2022\/09\/1-inch-motorized-ball-valve-768x876.jpg 768w, https:\/\/zecovalve.com\/wp-content\/uploads\/2022\/09\/1-inch-motorized-ball-valve-1347x1536.jpg 1347w, https:\/\/zecovalve.com\/wp-content\/uploads\/2022\/09\/1-inch-motorized-ball-valve-1796x2048.jpg 1796w, https:\/\/zecovalve.com\/wp-content\/uploads\/2022\/09\/1-inch-motorized-ball-valve-600x684.jpg 600w\" sizes=\"auto, (max-width: 449px) 100vw, 449px\" \/><\/figure>\r\n\r\n\r\n\r\n\r\n<div class=\"gb-button-wrapper gb-button-wrapper-6d8495a3\">\r\n\r\n<a class=\"gb-button gb-button-3d442e11 gb-button-text\" href=\"mailto:commercial@zecovalve.com\" target=\"_blank\" rel=\"noopener noreferrer\"><strong>OBTENHA O PRE\u00c7O DA V\u00c1LVULA DE ESFERA MOTORIZADA DE 1 POLEGADA<\/strong><\/a>\r\n\r\n<\/div>\r\n\r\n\r\n<h2 class=\"wp-block-heading\" id=\"h-what-is-motorized-ball-valve\">O que \u00e9 v\u00e1lvula de esfera motorizada?<\/h2>\r\n\r\n\r\n\r\n\r\nTamb\u00e9m conhecidas como v\u00e1lvulas de esfera acionadas, possuem um motor que pode suportar altas vaz\u00f5es e press\u00f5es. Todos operam com eletricidade para iniciar e interromper automaticamente o fluxo. As v\u00e1lvulas podem ser conectadas normalmente fechadas, a menos que sejam acionadas, ou normalmente abertas, a menos que sejam acionadas. Eles n\u00e3o requerem uma queda m\u00ednima de press\u00e3o entre a entrada e a sa\u00edda para opera\u00e7\u00e3o. O atuador \u00e9 montado diretamente no corpo da v\u00e1lvula para minimizar o movimento e reduzir o desgaste. Um indicador visual de fluxo na parte superior do atuador mostra se a v\u00e1lvula est\u00e1 aberta ou fechada. O comando manual permite operar a v\u00e1lvula durante cortes de energia. As v\u00e1lvulas de esfera motorizadas controlam o fluxo de um meio, l\u00edquido ou g\u00e1s dentro de um sistema automatizado de controle de processo sem a necessidade de fornecimento de ar pneum\u00e1tico. Tamb\u00e9m conhecidas como v\u00e1lvulas de esfera motorizadas, s\u00e3o comuns em equipamentos de servi\u00e7os de alimenta\u00e7\u00e3o, instala\u00e7\u00f5es de fabrica\u00e7\u00e3o e sistemas de irriga\u00e7\u00e3o.\r\n\r\n\r\n\r\n\r\n<h2 class=\"wp-block-heading\">Especifica\u00e7\u00f5es da v\u00e1lvula de esfera motorizada de 1 polegada<\/h2>\r\n\r\n\r\n\r\n<ul class=\"wp-block-list\">\r\n \t<li>Bidirecional, bidirecional<\/li>\r\n \t<li>Normalmente aberto<\/li>\r\n \t<li>Energize o atuador para fechar a v\u00e1lvula<\/li>\r\n \t<li>Desenergize para abrir a v\u00e1lvula (as v\u00e1lvulas abrem com energia do capacitor interno)<\/li>\r\n \t<li>Indicador visual de posi\u00e7\u00e3o da v\u00e1lvula<\/li>\r\n \t<li>Excelente escolha para aplica\u00e7\u00f5es de alimenta\u00e7\u00e3o por gravidade<\/li>\r\n \t<li>Excelente escolha para aplica\u00e7\u00f5es que exigem longos per\u00edodos de ativa\u00e7\u00e3o<\/li>\r\n<\/ul>\r\n\r\n\r\n\r\n<h2 class=\"wp-block-heading\">Dados t\u00e9cnicos de atuadores de v\u00e1lvula esf\u00e9rica<\/h2>\r\n\r\n\r\n\r\n<ul class=\"wp-block-list\">\r\n \t<li>Baixo consumo de energia somente quando a posi\u00e7\u00e3o muda. Desliga o atuador.<\/li>\r\n \t<li>Tamanho pequeno adequado para v\u00e1lvulas<\/li>\r\n \t<li>Consumo de energia \u2013 A80 ECO \u2013 10W, A83 \u2013 6W<\/li>\r\n \t<li>Torque m\u00e1ximo \u2013 8 Nm<\/li>\r\n \t<li>Tempo de abertura\/fechamento \u2013 A80 ECO \u2013 10s, A83 \u2013 8s<\/li>\r\n \t<li>Classe \u00e0 prova d\u2019\u00e1gua \u2013 IP54<\/li>\r\n \t<li>Cor da caixa \u2013 A80 ECO \u2013 azul, A83 \u2013 laranja<\/li>\r\n \t<li>Material da carca\u00e7a \u2013 PA<\/li>\r\n \t<li>O mecanismo de a\u00e7o<\/li>\r\n \t<li>Indicador mec\u00e2nico de posi\u00e7\u00e3o na tampa (exceto A80 ECO)<\/li>\r\n \t<li>Comprimento do fio 900 mm<\/li>\r\n \t<li>Temperatura ambiente: -10 \u00b0C a 50 \u00b0C<\/li>\r\n<\/ul>\r\n\r\n\r\n\r\n<h2 class=\"wp-block-heading\">Manuten\u00e7\u00e3o e reparo de v\u00e1lvula de esfera motorizada de 1 polegada<\/h2>\r\n\r\n\r\n\r\n\r\nFa\u00e7a a manuten\u00e7\u00e3o e repare essas v\u00e1lvulas sem desrosquear as conex\u00f5es dos tubos. Eles possuem um corpo aparafusado de tr\u00eas pe\u00e7as que pode ser desmontado em linha para facilitar o acesso aos componentes internos. Todos operam com eletricidade para iniciar e interromper automaticamente o fluxo. As v\u00e1lvulas n\u00e3o requerem uma queda m\u00ednima de press\u00e3o entre a entrada e a sa\u00edda para funcionar. Todos podem ser conectados normalmente fechados, a menos que sejam acionados, ou normalmente abertos, a menos que sejam acionados. Eles s\u00e3o de porta cheia, portanto n\u00e3o restringem o fluxo.","protected":false},"excerpt":{"rendered":"<p>Nossas v\u00e1lvulas esfera motorizadas de 1\u201d oferecem a confiabilidade e a robustez que voc\u00ea esperaria de uma v\u00e1lvula um pouco maior. N\u00f3s vimos \u2026 <a title=\"V\u00e1lvula de esfera motorizada de 1 polegada\" class=\"read-more\" href=\"https:\/\/zecovalve.com\/pt\/produto\/1-inch-motorized-ball-valve\" aria-label=\"Mais em V\u00e1lvula Esfera Motorizada de 1 Polegada\">Ler mais<\/a><\/p>","protected":false},"featured_media":27081,"comment_status":"closed","ping_status":"closed","template":"","meta":{"_generate-full-width-content":"","kt_blocks_editor_width":""},"product_cat":[2047,2460],"product_tag":[3054,3295,3293,3869,3255,3291,3868,3294,2766,3292,2727],"class_list":["post-27080","product","type-product","status-publish","has-post-thumbnail","hentry","product_cat-ball-valve","product_cat-ball-valve-by-drive-mode","product_tag-1-ball-valve","product_tag-ball-valve-electric","product_tag-electric-actuated-ball-valve","product_tag-electric-actuator-ball-valve","product_tag-electric-ball-valve","product_tag-electrical-ball-valve","product_tag-electrically-actuated-ball-valve","product_tag-electronic-ball-valve","product_tag-motorised-valve","product_tag-motorized-ball-valve","product_tag-motorized-valve","sales-flash-overlay","woocommerce-text-align-center","woocommerce-image-align-center","do-quantity-buttons"],"featured_image_src_large":["https:\/\/zecovalve.com\/wp-content\/uploads\/2022\/09\/1-inch-motorized-ball-valve-898x1024.jpg",898,1024,true],"author_info":[],"comment_info":0,"taxonomy_info":{"product_cat":[{"value":2047,"label":"Ball Valve"},{"value":2460,"label":"Ball Valve By Drive Mode"}],"product_tag":[{"value":3054,"label":"1\" Ball Valve"},{"value":3295,"label":"Ball Valve Electric"},{"value":3293,"label":"Electric Actuated Ball Valve"},{"value":3869,"label":"Electric Actuator Ball Valve"},{"value":3255,"label":"Electric Ball Valve"},{"value":3291,"label":"Electrical Ball Valve"},{"value":3868,"label":"Electrically Actuated Ball Valve"},{"value":3294,"label":"Electronic Ball Valve"},{"value":2766,"label":"Motorised Valve"},{"value":3292,"label":"Motorized Ball Valve"},{"value":2727,"label":"Motorized Valve"}]},"yoast_head":"<!-- This site is optimized with the Yoast SEO Premium plugin v15.4 - https:\/\/yoast.com\/wordpress\/plugins\/seo\/ -->\n<title>1 Inch Motorized Ball Valve - Electric Ball Valve Manufacturer | ZECO Valve<\/title>\n<meta name=\"robots\" content=\"index, follow, max-snippet:-1, max-image-preview:large, max-video-preview:-1\" \/>\n<link rel=\"canonical\" href=\"https:\/\/zecovalve.com\/pt\/produto\/1-inch-motorized-ball-valve\" \/>\n<meta property=\"og:locale\" content=\"pt_PT\" \/>\n<meta property=\"og:type\" content=\"article\" \/>\n<meta property=\"og:title\" content=\"1 Inch Motorized Ball Valve - Electric Ball Valve Manufacturer | ZECO Valve\" \/>\n<meta property=\"og:description\" content=\"Our 1\u201d motorized ball valves come with the reliability and sturdiness you would expect with a slightly larger valve. We have seen ... Ler mais\" \/>\n<meta property=\"og:url\" content=\"https:\/\/zecovalve.com\/pt\/produto\/1-inch-motorized-ball-valve\" \/>\n<meta property=\"og:site_name\" content=\"ZECO Valve\" \/>\n<meta property=\"article:modified_time\" content=\"2022-09-07T06:45:02+00:00\" \/>\n<meta property=\"og:image\" content=\"https:\/\/zecovalve.com\/wp-content\/uploads\/2022\/09\/1-inch-motorized-ball-valve-scaled.jpg\" \/>\n\t<meta property=\"og:image:width\" content=\"2245\" \/>\n\t<meta property=\"og:image:height\" content=\"2560\" \/>\n<meta name=\"twitter:card\" content=\"summary_large_image\" \/>\n<meta name=\"twitter:label1\" content=\"Escrito por\">\n\t<meta name=\"twitter:data1\" content=\"Jerry\">\n\t<meta name=\"twitter:label2\" content=\"Tempo estimado de leitura\">\n\t<meta name=\"twitter:data2\" content=\"2 minutos\">\n<script type=\"application\/ld+json\" class=\"yoast-schema-graph\">{\"@context\":\"https:\/\/schema.org\",\"@graph\":[{\"@type\":\"WebSite\",\"@id\":\"https:\/\/zecovalve.com\/#website\",\"url\":\"https:\/\/zecovalve.com\/\",\"name\":\"ZECO Valve\",\"description\":\"Industrial Ball Valve, Gate Valve and Globe Valve Manufacturer\",\"potentialAction\":[{\"@type\":\"SearchAction\",\"target\":\"https:\/\/zecovalve.com\/?s={search_term_string}\",\"query-input\":\"required name=search_term_string\"}],\"inLanguage\":\"pt-PT\"},{\"@type\":\"ImageObject\",\"@id\":\"https:\/\/zecovalve.com\/product\/1-inch-motorized-ball-valve#primaryimage\",\"inLanguage\":\"pt-PT\",\"url\":\"https:\/\/zecovalve.com\/wp-content\/uploads\/2022\/09\/1-inch-motorized-ball-valve-scaled.jpg\",\"width\":2245,\"height\":2560},{\"@type\":\"WebPage\",\"@id\":\"https:\/\/zecovalve.com\/product\/1-inch-motorized-ball-valve#webpage\",\"url\":\"https:\/\/zecovalve.com\/product\/1-inch-motorized-ball-valve\",\"name\":\"1 Inch Motorized Ball Valve - Electric Ball Valve Manufacturer | ZECO Valve\",\"isPartOf\":{\"@id\":\"https:\/\/zecovalve.com\/#website\"},\"primaryImageOfPage\":{\"@id\":\"https:\/\/zecovalve.com\/product\/1-inch-motorized-ball-valve#primaryimage\"},\"datePublished\":\"2022-09-07T06:01:33+00:00\",\"dateModified\":\"2022-09-07T06:45:02+00:00\",\"breadcrumb\":{\"@id\":\"https:\/\/zecovalve.com\/product\/1-inch-motorized-ball-valve#breadcrumb\"},\"inLanguage\":\"pt-PT\",\"potentialAction\":[{\"@type\":\"ReadAction\",\"target\":[\"https:\/\/zecovalve.com\/product\/1-inch-motorized-ball-valve\"]}]},{\"@type\":\"BreadcrumbList\",\"@id\":\"https:\/\/zecovalve.com\/product\/1-inch-motorized-ball-valve#breadcrumb\",\"itemListElement\":[{\"@type\":\"ListItem\",\"position\":1,\"item\":{\"@type\":\"WebPage\",\"@id\":\"https:\/\/zecovalve.com\/\",\"url\":\"https:\/\/zecovalve.com\/\",\"name\":\"Home\"}},{\"@type\":\"ListItem\",\"position\":2,\"item\":{\"@type\":\"WebPage\",\"@id\":\"https:\/\/zecovalve.com\/product-category\",\"url\":\"https:\/\/zecovalve.com\/product-category\",\"name\":\"Industrial Valve Manufacturer | Water Valve Manufacturer\"}},{\"@type\":\"ListItem\",\"position\":3,\"item\":{\"@type\":\"WebPage\",\"@id\":\"https:\/\/zecovalve.com\/product\/1-inch-motorized-ball-valve\",\"url\":\"https:\/\/zecovalve.com\/product\/1-inch-motorized-ball-valve\",\"name\":\"1 Inch Motorized Ball Valve\"}}]}]}<\/script>\n<!-- \/ Yoast SEO Premium plugin. -->","_links":{"self":[{"href":"https:\/\/zecovalve.com\/pt\/wp-json\/wp\/v2\/product\/27080","targetHints":{"allow":["GET"]}}],"collection":[{"href":"https:\/\/zecovalve.com\/pt\/wp-json\/wp\/v2\/product"}],"about":[{"href":"https:\/\/zecovalve.com\/pt\/wp-json\/wp\/v2\/types\/product"}],"replies":[{"embeddable":true,"href":"https:\/\/zecovalve.com\/pt\/wp-json\/wp\/v2\/comments?post=27080"}],"wp:featuredmedia":[{"embeddable":true,"href":"https:\/\/zecovalve.com\/pt\/wp-json\/wp\/v2\/media\/27081"}],"wp:attachment":[{"href":"https:\/\/zecovalve.com\/pt\/wp-json\/wp\/v2\/media?parent=27080"}],"wp:term":[{"taxonomy":"product_cat","embeddable":true,"href":"https:\/\/zecovalve.com\/pt\/wp-json\/wp\/v2\/product_cat?post=27080"},{"taxonomy":"product_tag","embeddable":true,"href":"https:\/\/zecovalve.com\/pt\/wp-json\/wp\/v2\/product_tag?post=27080"}],"curies":[{"name":"wp","href":"https:\/\/api.w.org\/{rel}","templated":true}]}}