{"id":27268,"date":"2022-10-24T03:08:15","date_gmt":"2022-10-24T03:08:15","guid":{"rendered":"https:\/\/zecovalve.com\/?post_type=product&#038;p=27268"},"modified":"2023-06-17T02:45:07","modified_gmt":"2023-06-17T02:45:07","slug":"axial-check-valve","status":"publish","type":"product","link":"https:\/\/zecovalve.com\/pt\/produto\/axial-check-valve","title":{"rendered":"V\u00e1lvula de reten\u00e7\u00e3o axial"},"content":{"rendered":"<figure class=\"wp-block-image size-full is-resized\">\r\n<figure id=\"attachment_27935\" aria-describedby=\"caption-attachment-27935\" style=\"width: 290px\" class=\"wp-caption alignnone\"><img loading=\"lazy\" decoding=\"async\" class=\"wp-image-27935 size-medium\" src=\"https:\/\/zecovalve.com\/wp-content\/uploads\/2022\/10\/Axial-Check-Valve-2-300x225.jpg\" alt=\"V\u00e1lvula de reten\u00e7\u00e3o axial\" width=\"300\" height=\"225\" srcset=\"https:\/\/zecovalve.com\/wp-content\/uploads\/2022\/10\/Axial-Check-Valve-2-300x225.jpg 300w, https:\/\/zecovalve.com\/wp-content\/uploads\/2022\/10\/Axial-Check-Valve-2-768x576.jpg 768w, https:\/\/zecovalve.com\/wp-content\/uploads\/2022\/10\/Axial-Check-Valve-2-600x450.jpg 600w, https:\/\/zecovalve.com\/wp-content\/uploads\/2022\/10\/Axial-Check-Valve-2.jpg 800w\" sizes=\"auto, (max-width: 300px) 100vw, 300px\" \/><figcaption id=\"caption-attachment-27935\" class=\"wp-caption-text\">V\u00e1lvula de reten\u00e7\u00e3o axial<\/figcaption><\/figure>\r\n<\/figure>\r\n\r\n\r\n<div class=\"gb-button-wrapper gb-button-wrapper-6d8495a3\">\r\n\r\n\r\n<p><a class=\"gb-button gb-button-3d442e11 gb-button-text\" href=\"mailto:commercial@zecovalve.com\" target=\"_blank\" rel=\"noopener noreferrer\"><strong>OBTER PRE\u00c7O DA V\u00c1LVULA DE RETEN\u00c7\u00c3O AXIAL<\/strong><\/a><\/p>\r\n<\/div>\r\n\r\n\r\n\r\n\r\n<h2 class=\"wp-block-heading\" id=\"h-what-is-an-axial-flow-in-the-check-valve\">O que \u00e9 um fluxo axial na v\u00e1lvula de reten\u00e7\u00e3o?<\/h2>\r\n\r\n\r\n\r\n<p>Fluxo axial na v\u00e1lvula de reten\u00e7\u00e3o significa o fluido ou g\u00e1s fluindo paralelo ao eixo. \u00c9 um projeto de estrutura de transporte de fluxo axial e o conjunto do disco com mola possui fun\u00e7\u00f5es de amortecimento e antivibra\u00e7\u00e3o. Quando o meio flui a jusante, ele abrir\u00e1 o disco e o fluido atrav\u00e9s do corpo atrav\u00e9s da circula\u00e7\u00e3o do canal de fluxo axial. E a mola aqui tem um efeito de amortecimento para evitar a vibra\u00e7\u00e3o de impacto entre o disco e o corpo quando uma v\u00e1lvula de reten\u00e7\u00e3o padr\u00e3o abre. Quando o meio flui na dire\u00e7\u00e3o oposta, o disco fecha muito rapidamente e o disco e a sede da v\u00e1lvula s\u00e3o bem ajustados para cortar o fluido na dire\u00e7\u00e3o reversa do fluxo.<\/p>\r\n\r\n\r\n\r\n<p>As v\u00e1lvulas de reten\u00e7\u00e3o de fluxo axial t\u00eam uma resposta r\u00e1pida e um problema silencioso e anti-choque contra picos de press\u00e3o ou danos causados por golpe de ar\u00edete e s\u00e3o especialmente projetadas para sistemas de revers\u00e3o r\u00e1pida onde o refluxo \u00e9 uma crise regular.<\/p>\r\n\r\n\r\n\r\n<h2 class=\"wp-block-heading\">O que \u00e9 uma v\u00e1lvula de reten\u00e7\u00e3o de fluxo axial?<\/h2>\r\n\r\n\r\n\r\n<p>Uma v\u00e1lvula de reten\u00e7\u00e3o de fluxo axial \u00e9 um tipo de v\u00e1lvula de reten\u00e7\u00e3o silenciosa. A v\u00e1lvula de reten\u00e7\u00e3o \u00e9 acionada pelo pr\u00f3prio meio e abre e fecha automaticamente o disco da v\u00e1lvula. Geralmente, \u00e9 usado para evitar o refluxo de fluidos ou gases. Uma v\u00e1lvula de reten\u00e7\u00e3o de fluxo pode ser chamada de v\u00e1lvula unidirecional, v\u00e1lvula anti-retorno, v\u00e1lvula de refluxo, v\u00e1lvula de reten\u00e7\u00e3o e v\u00e1lvula de contrapress\u00e3o. Uma v\u00e1lvula de reten\u00e7\u00e3o de fluxo axial tem sido uma v\u00e1lvula industrial popular desde 2008. Esta v\u00e1lvula tem a fun\u00e7\u00e3o de v\u00e1lvula de reten\u00e7\u00e3o geral e \u00e9 projetada com uma mola de absor\u00e7\u00e3o de choque, sede de metal combinada e estrutura de sede macia, que \u00e9 f\u00e1cil para o usu\u00e1rio final manuten\u00e7\u00e3o no local.<\/p>\r\n\r\n\r\n\r\n<p>A v\u00e1lvula de reten\u00e7\u00e3o de fluxo axial adota uma estrutura de veda\u00e7\u00e3o espec\u00edfica. Quer a press\u00e3o a jusante seja alta ou baixa, a v\u00e1lvula est\u00e1 permanentemente fechada e hermeticamente fechada e tem excelente desempenho de fechamento. Ele supera a desvantagem da falta de desempenho de fechamento da v\u00e1lvula de reten\u00e7\u00e3o geral em baixa contrapress\u00e3o. A ZECO Valve produziu uma v\u00e1lvula de reten\u00e7\u00e3o de fluxo axial que possui uma estrutura \u00fanica de transporte de fluxo axial. Tem as vantagens de pequena resist\u00eancia ao fluxo, coeficiente de fluxo significativo, design compacto, etc. \u00c9 a melhor v\u00e1lvula para sistemas de coleta e transmiss\u00e3o de petr\u00f3leo e g\u00e1s, especialmente para a sa\u00edda de bombas de transmiss\u00e3o de \u00f3leo.<\/p>\r\n\r\n\r\n\r\n<h2 class=\"wp-block-heading\">Especifica\u00e7\u00f5es da v\u00e1lvula de reten\u00e7\u00e3o de fluxo axial<\/h2>\r\n\r\n\r\n\r\n<ul class=\"wp-block-list\">\r\n<li>PROJETO DE V\u00c1LVULA\r\n<ul>\r\n<li>com base na API 6D e nos requisitos do cliente<\/li>\r\n<\/ul>\r\n<\/li>\r\n<li>FAIXA DE TEMPERATURA\r\n<ul>\r\n<li>-150 a 662\u00b0F (-101 a 350\u00b0C)<\/li>\r\n<\/ul>\r\n<\/li>\r\n<li>TAMANHO\r\n<ul>\r\n<li>NPS 2 \u2013 56 (DN 50-1400)<\/li>\r\n<\/ul>\r\n<\/li>\r\n<li>CLASSIFICA\u00c7\u00c3O DE PRESS\u00c3O\r\n<ul>\r\n<li>ASME 150 \u2013 ASME 2500<\/li>\r\n<\/ul>\r\n<\/li>\r\n<li>CARA A CARA\r\n<ul>\r\n<li>De acordo com o padr\u00e3o API 6D<\/li>\r\n<\/ul>\r\n<\/li>\r\n<li>CONEX\u00d5ES FINAIS\r\n<ul>\r\n<li>RF, RTJ conforme B16.5 e B16.47<\/li>\r\n<li>BW, soldado de topo conforme B16.25<\/li>\r\n<\/ul>\r\n<\/li>\r\n<li>PROJETO DO CORPO\r\n<ul>\r\n<li>Fundir uma pe\u00e7a\/parafusar duas pe\u00e7as para tamanho &gt;20 polegadas.<\/li>\r\n<li>Forjado aparafusado de uma pe\u00e7a\/tr\u00eas pe\u00e7as<\/li>\r\n<\/ul>\r\n<\/li>\r\n<li>PROJETO DO ASSENTO\r\n<ul>\r\n<li>Sede met\u00e1lica com revestimento duro no disco e sede<\/li>\r\n<\/ul>\r\n<\/li>\r\n<\/ul>\r\n\r\n\r\n\r\n<h2 class=\"wp-block-heading\">Como s\u00e3o usadas as v\u00e1lvulas de reten\u00e7\u00e3o axiais?<\/h2>\r\n\r\n\r\n\r\n<p>As v\u00e1lvulas de reten\u00e7\u00e3o axiais s\u00e3o projetadas especificamente para sistemas de revers\u00e3o r\u00e1pida onde o refluxo \u00e9 uma preocupa\u00e7\u00e3o constante. Ela \u00e9 categorizada como uma v\u00e1lvula de reten\u00e7\u00e3o sem batida, pois a v\u00e1lvula fecha sem bater, o que significa que n\u00e3o s\u00e3o criados picos de press\u00e3o excessiva. A maioria das v\u00e1lvulas de reten\u00e7\u00e3o de fluxo axial s\u00e3o acionadas por mola, com um \u00fanico disco de baixa massa, o que facilita uma resposta r\u00e1pida e din\u00e2mica a uma redu\u00e7\u00e3o no fluxo. Por ter um \u00fanico disco e mola quando o disco est\u00e1 abrindo, a for\u00e7a \u00e9 equilibrada resultando em um fluxo uniforme.<\/p>\r\n\r\n\r\n\r\n<h2 class=\"wp-block-heading\">Caracter\u00edsticas das v\u00e1lvulas de reten\u00e7\u00e3o axiais<\/h2>\r\n\r\n\r\n\r\n<ul class=\"wp-block-list\">\r\n<li>Fluxo axial\r\n<ul>\r\n<li>O caminho de fluxo simplificado atrav\u00e9s do corpo expandido de passagem total evita turbul\u00eancia e evita eros\u00e3o e vibra\u00e7\u00e3o. O tempo de inatividade do processo e os custos de manuten\u00e7\u00e3o s\u00e3o eliminados.<\/li>\r\n<\/ul>\r\n<\/li>\r\n<li>Baixa perda de press\u00e3o\r\n<ul>\r\n<li>A passagem de fluxo de abertura total e a recupera\u00e7\u00e3o de alta press\u00e3o do corpo em forma de Venturi resultam em perda de press\u00e3o muito baixa e custos operacionais reduzidos de bombas e compressores.<\/li>\r\n<\/ul>\r\n<\/li>\r\n<li>Fechamento apertado\r\n<ul>\r\n<li>O fechamento herm\u00e9tico \u00e9 obtido por meio de veda\u00e7\u00e3o metal com metal entre o disco e a sede. Esta veda\u00e7\u00e3o n\u00e3o \u00e9 afetada pela eros\u00e3o e deforma\u00e7\u00e3o do material (como acontece com uma veda\u00e7\u00e3o macia).<\/li>\r\n<\/ul>\r\n<\/li>\r\n<li>Baixa press\u00e3o de fissura\u00e7\u00e3o\r\n<ul>\r\n<li>A estabilidade de um sistema de compressor durante a partida se beneficia da baixa press\u00e3o de abertura. Isto \u00e9 conseguido com um disco grande que possui \u00e1reas de press\u00e3o efetiva id\u00eanticas em ambos os lados (veda\u00e7\u00e3o de contato de linha).<\/li>\r\n<\/ul>\r\n<\/li>\r\n<li>F\u00e1cil abertura e opera\u00e7\u00e3o est\u00e1vel\r\n<ul>\r\n<li>A baixa press\u00e3o est\u00e1tica na \u00e1rea da garganta em formato de Venturi cria um diferencial de press\u00e3o sobre o disco, resultando em uma abertura f\u00e1cil. A v\u00e1lvula de reten\u00e7\u00e3o axial responde suavemente \u00e0s mudan\u00e7as no fluxo e permanece est\u00e1vel quando deveria.<\/li>\r\n<\/ul>\r\n<\/li>\r\n<li>Opera\u00e7\u00e3o sem batida\r\n<ul>\r\n<li>O design assistido por mola garante um fechamento ultrarr\u00e1pido, praticamente sem refluxo e picos de press\u00e3o em aplica\u00e7\u00f5es cr\u00edticas, como sistemas multibombas ou trens de GNL.<\/li>\r\n<\/ul>\r\n<\/li>\r\n<li>Livre de manuten\u00e7\u00e3o\r\n<ul>\r\n<li>A constru\u00e7\u00e3o interna \u00e9 baseada na aplica\u00e7\u00e3o de princ\u00edpios s\u00f3lidos de engenharia mec\u00e2nica. Consequentemente, as v\u00e1lvulas de reten\u00e7\u00e3o axiais ZECO n\u00e3o requerem qualquer manuten\u00e7\u00e3o.<\/li>\r\n<\/ul>\r\n<\/li>\r\n<li>Previs\u00e3o de desempenho confi\u00e1vel\r\n<ul>\r\n<li>Tanto a queda de press\u00e3o como o comportamento din\u00e2mico podem ser previstos com grande precis\u00e3o, com base em testes de fluxo em laborat\u00f3rio em escala real e em um modelo matem\u00e1tico desenvolvido em coopera\u00e7\u00e3o com um laborat\u00f3rio reconhecido de hidr\u00e1ulica de fluidos.<\/li>\r\n<\/ul>\r\n<\/li>\r\n<\/ul>","protected":false},"excerpt":{"rendered":"<p>O que \u00e9 um fluxo axial na v\u00e1lvula de reten\u00e7\u00e3o? Fluxo axial na v\u00e1lvula de reten\u00e7\u00e3o significa o fluido ou g\u00e1s fluindo paralelamente\u2026 <a title=\"V\u00e1lvula de reten\u00e7\u00e3o axial\" class=\"read-more\" href=\"https:\/\/zecovalve.com\/pt\/produto\/axial-check-valve\" aria-label=\"Mais em V\u00e1lvula de reten\u00e7\u00e3o axial\">Ler mais<\/a><\/p>","protected":false},"featured_media":27935,"comment_status":"closed","ping_status":"closed","template":"","meta":{"_generate-full-width-content":"","kt_blocks_editor_width":""},"product_cat":[2455],"product_tag":[2657,2661],"class_list":["post-27268","product","type-product","status-publish","has-post-thumbnail","hentry","product_cat-check-valve","product_tag-non-return-valve","product_tag-nrv-valve","sales-flash-overlay","woocommerce-text-align-center","woocommerce-image-align-center","do-quantity-buttons"],"featured_image_src_large":["https:\/\/zecovalve.com\/wp-content\/uploads\/2022\/10\/Axial-Check-Valve-2.jpg",800,600,false],"author_info":[],"comment_info":0,"taxonomy_info":{"product_cat":[{"value":2455,"label":"Check Valve"}],"product_tag":[{"value":2657,"label":"Non Return Valve"},{"value":2661,"label":"NRV Valve"}]},"yoast_head":"<!-- This site is optimized with the Yoast SEO Premium plugin v15.4 - https:\/\/yoast.com\/wordpress\/plugins\/seo\/ -->\n<title>Axial Check Valve - Axial Check Valve Factory | ZECO Valve<\/title>\n<meta name=\"robots\" content=\"index, follow, max-snippet:-1, max-image-preview:large, max-video-preview:-1\" \/>\n<link rel=\"canonical\" href=\"https:\/\/zecovalve.com\/pt\/produto\/axial-check-valve\" \/>\n<meta property=\"og:locale\" content=\"pt_PT\" \/>\n<meta property=\"og:type\" content=\"article\" \/>\n<meta property=\"og:title\" content=\"Axial Check Valve - Axial Check Valve Factory | ZECO Valve\" \/>\n<meta property=\"og:description\" content=\"What is an Axial Flow in the Check Valve? Axial flow in the check valve means the fluid or gas flowing parallel ... Ler mais\" \/>\n<meta property=\"og:url\" content=\"https:\/\/zecovalve.com\/pt\/produto\/axial-check-valve\" \/>\n<meta property=\"og:site_name\" content=\"ZECO Valve\" \/>\n<meta property=\"article:modified_time\" content=\"2023-06-17T02:45:07+00:00\" \/>\n<meta property=\"og:image\" content=\"https:\/\/zecovalve.com\/wp-content\/uploads\/2022\/10\/Axial-Check-Valve-2.jpg\" \/>\n\t<meta property=\"og:image:width\" content=\"800\" \/>\n\t<meta property=\"og:image:height\" content=\"600\" \/>\n<meta name=\"twitter:card\" content=\"summary_large_image\" \/>\n<meta name=\"twitter:label1\" content=\"Escrito por\">\n\t<meta name=\"twitter:data1\" content=\"Jerry\">\n\t<meta name=\"twitter:label2\" content=\"Tempo estimado de leitura\">\n\t<meta name=\"twitter:data2\" content=\"3 minutos\">\n<script type=\"application\/ld+json\" class=\"yoast-schema-graph\">{\"@context\":\"https:\/\/schema.org\",\"@graph\":[{\"@type\":\"WebSite\",\"@id\":\"https:\/\/zecovalve.com\/#website\",\"url\":\"https:\/\/zecovalve.com\/\",\"name\":\"ZECO Valve\",\"description\":\"Industrial Ball Valve, Gate Valve and Globe Valve Manufacturer\",\"potentialAction\":[{\"@type\":\"SearchAction\",\"target\":\"https:\/\/zecovalve.com\/?s={search_term_string}\",\"query-input\":\"required name=search_term_string\"}],\"inLanguage\":\"pt-PT\"},{\"@type\":\"ImageObject\",\"@id\":\"https:\/\/zecovalve.com\/product\/axial-check-valve#primaryimage\",\"inLanguage\":\"pt-PT\",\"url\":\"https:\/\/zecovalve.com\/wp-content\/uploads\/2022\/10\/Axial-Check-Valve-2.jpg\",\"width\":800,\"height\":600,\"caption\":\"Axial Check Valve\"},{\"@type\":\"WebPage\",\"@id\":\"https:\/\/zecovalve.com\/product\/axial-check-valve#webpage\",\"url\":\"https:\/\/zecovalve.com\/product\/axial-check-valve\",\"name\":\"Axial Check Valve - Axial Check Valve Factory | ZECO Valve\",\"isPartOf\":{\"@id\":\"https:\/\/zecovalve.com\/#website\"},\"primaryImageOfPage\":{\"@id\":\"https:\/\/zecovalve.com\/product\/axial-check-valve#primaryimage\"},\"datePublished\":\"2022-10-24T03:08:15+00:00\",\"dateModified\":\"2023-06-17T02:45:07+00:00\",\"breadcrumb\":{\"@id\":\"https:\/\/zecovalve.com\/product\/axial-check-valve#breadcrumb\"},\"inLanguage\":\"pt-PT\",\"potentialAction\":[{\"@type\":\"ReadAction\",\"target\":[\"https:\/\/zecovalve.com\/product\/axial-check-valve\"]}]},{\"@type\":\"BreadcrumbList\",\"@id\":\"https:\/\/zecovalve.com\/product\/axial-check-valve#breadcrumb\",\"itemListElement\":[{\"@type\":\"ListItem\",\"position\":1,\"item\":{\"@type\":\"WebPage\",\"@id\":\"https:\/\/zecovalve.com\/\",\"url\":\"https:\/\/zecovalve.com\/\",\"name\":\"Home\"}},{\"@type\":\"ListItem\",\"position\":2,\"item\":{\"@type\":\"WebPage\",\"@id\":\"https:\/\/zecovalve.com\/product-category\",\"url\":\"https:\/\/zecovalve.com\/product-category\",\"name\":\"Industrial Valve Manufacturer | Water Valve Manufacturer\"}},{\"@type\":\"ListItem\",\"position\":3,\"item\":{\"@type\":\"WebPage\",\"@id\":\"https:\/\/zecovalve.com\/product\/axial-check-valve\",\"url\":\"https:\/\/zecovalve.com\/product\/axial-check-valve\",\"name\":\"Axial Check Valve\"}}]}]}<\/script>\n<!-- \/ Yoast SEO Premium plugin. -->","_links":{"self":[{"href":"https:\/\/zecovalve.com\/pt\/wp-json\/wp\/v2\/product\/27268","targetHints":{"allow":["GET"]}}],"collection":[{"href":"https:\/\/zecovalve.com\/pt\/wp-json\/wp\/v2\/product"}],"about":[{"href":"https:\/\/zecovalve.com\/pt\/wp-json\/wp\/v2\/types\/product"}],"replies":[{"embeddable":true,"href":"https:\/\/zecovalve.com\/pt\/wp-json\/wp\/v2\/comments?post=27268"}],"wp:featuredmedia":[{"embeddable":true,"href":"https:\/\/zecovalve.com\/pt\/wp-json\/wp\/v2\/media\/27935"}],"wp:attachment":[{"href":"https:\/\/zecovalve.com\/pt\/wp-json\/wp\/v2\/media?parent=27268"}],"wp:term":[{"taxonomy":"product_cat","embeddable":true,"href":"https:\/\/zecovalve.com\/pt\/wp-json\/wp\/v2\/product_cat?post=27268"},{"taxonomy":"product_tag","embeddable":true,"href":"https:\/\/zecovalve.com\/pt\/wp-json\/wp\/v2\/product_tag?post=27268"}],"curies":[{"name":"wp","href":"https:\/\/api.w.org\/{rel}","templated":true}]}}