{"id":27296,"date":"2022-11-01T07:47:56","date_gmt":"2022-11-01T07:47:56","guid":{"rendered":"https:\/\/zecovalve.com\/?post_type=product&#038;p=27296"},"modified":"2023-03-30T08:21:06","modified_gmt":"2023-03-30T08:21:06","slug":"v-ball-valve","status":"publish","type":"product","link":"https:\/\/zecovalve.com\/pt\/produto\/v-ball-valve","title":{"rendered":"V\u00e1lvula de esfera V"},"content":{"rendered":"<figure class=\"wp-block-image size-full is-resized\"><img loading=\"lazy\" decoding=\"async\" class=\"alignnone wp-image-27794 size-medium\" src=\"https:\/\/zecovalve.com\/wp-content\/uploads\/2022\/11\/V-Ball-Valve-1-300x225.jpg\" alt=\"\" width=\"300\" height=\"225\" srcset=\"https:\/\/zecovalve.com\/wp-content\/uploads\/2022\/11\/V-Ball-Valve-1-300x225.jpg 300w, https:\/\/zecovalve.com\/wp-content\/uploads\/2022\/11\/V-Ball-Valve-1-768x576.jpg 768w, https:\/\/zecovalve.com\/wp-content\/uploads\/2022\/11\/V-Ball-Valve-1-600x450.jpg 600w, https:\/\/zecovalve.com\/wp-content\/uploads\/2022\/11\/V-Ball-Valve-1.jpg 800w\" sizes=\"auto, (max-width: 300px) 100vw, 300px\" \/><\/figure>\r\n\r\n\r\n<div class=\"gb-button-wrapper gb-button-wrapper-6d8495a3\">\r\n\r\n\r\n<p><a class=\"gb-button gb-button-3d442e11 gb-button-text\" href=\"mailto:commercial@zecovalve.com\" target=\"_blank\" rel=\"noopener noreferrer\"><strong>OBTER PRE\u00c7O DA V\u00c1LVULA DE ESFERA V<\/strong><\/a><\/p>\r\n<\/div>\r\n\r\n\r\n\r\n\r\n<h2 class=\"wp-block-heading\" id=\"h-what-is-v-port-ball-valve\">O que \u00e9 v\u00e1lvula esf\u00e9rica com porta V?<\/h2>\r\n\r\n\r\n\r\n<p>Uma v\u00e1lvula de esfera com porta em V \u00e9 uma v\u00e1lvula de controle com veda\u00e7\u00e3o em forma de V ou esfera em forma de V. A forma em &#039;v&#039; permite um melhor controle de fluidos. O furo em V moldado diferencia as v\u00e1lvulas de esfera com porta em V de outros tipos de v\u00e1lvulas de esfera. O furo em V est\u00e1 dispon\u00edvel em \u00e2ngulos de 15\u2070, 30\u2070, 45\u2070, 60\u2070 ou 90\u2070.<\/p>\r\n\r\n\r\n\r\n<p>As v\u00e1lvulas de controle de esfera com porta em V s\u00e3o geralmente preferidas para controle de fluidos, uma vez que produzem caracter\u00edsticas de fluxo linear. As caracter\u00edsticas de fluxo de uma v\u00e1lvula esfera com porta V s\u00e3o diferentes daquelas das v\u00e1lvulas esfera com porta padr\u00e3o. O fluxo de fluido atrav\u00e9s de uma v\u00e1lvula esf\u00e9rica com porta em V aumenta linearmente com um aumento na rota\u00e7\u00e3o do eixo. As v\u00e1lvulas de controle de esfera em V t\u00eam alta resist\u00eancia para suportar a alta velocidade dos fluidos que fluem atrav\u00e9s das v\u00e1lvulas.<\/p>\r\n\r\n\r\n\r\n<h2 class=\"wp-block-heading\">Como funciona uma v\u00e1lvula esfera V?<\/h2>\r\n\r\n\r\n\r\n<p>Quando as v\u00e1lvulas esfera v est\u00e3o na posi\u00e7\u00e3o fechada e a abertura come\u00e7a, a extremidade menor do &#039;v&#039; abre primeiro. Isto permite um controle de fluxo est\u00e1vel durante esta fase. O projeto geralmente exige uma constru\u00e7\u00e3o mais robusta porque as velocidades mais altas dos fluidos podem danificar as v\u00e1lvulas padr\u00e3o. Embora sejam uma v\u00e1lvula de controle, as v\u00e1lvulas esfera com porta V n\u00e3o s\u00e3o consideradas t\u00e3o precisas quanto uma v\u00e1lvula globo, v\u00e1lvula reguladora de press\u00e3o, v\u00e1lvula de balanceamento ou v\u00e1lvula agulha.<\/p>\r\n\r\n\r\n\r\n<h2 class=\"wp-block-heading\">As v\u00e1lvulas esfera V s\u00e3o direcionais?<\/h2>\r\n\r\n\r\n\r\n<p>A maioria das v\u00e1lvulas esfera s\u00e3o bidirecionais e apresentam duas sedes fixas ou flutuantes nos lados a montante e a jusante da v\u00e1lvula.<\/p>\r\n\r\n\r\n\r\n<h2 class=\"wp-block-heading\">Vantagens das v\u00e1lvulas esfera V<\/h2>\r\n\r\n\r\n\r\n<ul class=\"wp-block-list\">\r\n<li>Baixa queda de press\u00e3o\r\n<ul>\r\n<li>O design da porta em V permite que o material flua diretamente atrav\u00e9s da v\u00e1lvula, minimizando a queda de press\u00e3o na v\u00e1lvula. As v\u00e1lvulas esfera em V tamb\u00e9m possuem coeficientes de fluxo (Cv) mais elevados em compara\u00e7\u00e3o com outros tipos de v\u00e1lvulas de controle de tamanho semelhante; isso significa que uma v\u00e1lvula esfera em V menor pode ser usada para atingir as mesmas taxas de fluxo que uma v\u00e1lvula de controle compar\u00e1vel de tamanho maior.<\/li>\r\n<\/ul>\r\n<\/li>\r\n<li>Desligamento apertado por bolha\r\n<ul>\r\n<li>As v\u00e1lvulas de esfera com porta V usam o \u201cprinc\u00edpio de esfera flutuante, que fornecer\u00e1 um fechamento estanque a bolhas, al\u00e9m do controle de fluxo modulante. Quando a v\u00e1lvula est\u00e1 fechada, a press\u00e3o a montante empurra a esfera contra a sede a jusante, melhorando assim a veda\u00e7\u00e3o. Estes podem controlar ou desligar o fluxo bidirecional, o que se mostra especialmente ben\u00e9fico em aplica\u00e7\u00f5es de g\u00e1s. V\u00e1lvulas de controle compar\u00e1veis geralmente requerem v\u00e1lvulas de corte adicionais; As v\u00e1lvulas esfera em V eliminam a necessidade dessas v\u00e1lvulas adicionais, economizando custos para o usu\u00e1rio e reduzindo o n\u00famero geral de componentes no sistema.<\/li>\r\n<\/ul>\r\n<\/li>\r\n<li>Controle de fluxo preciso\r\n<ul>\r\n<li>As v\u00e1lvulas esfera em V usinadas com precis\u00e3o est\u00e3o dispon\u00edveis com aberturas em V de 60\u00b0 e 90\u00b0 e oferecem caracter\u00edsticas de fluxo percentual igual. \u00c0 medida que a esfera gira, as taxas de fluxo desejadas podem ser alcan\u00e7adas posicionando a esfera em qualquer lugar entre 0\u00b0 e 90\u00b0. O tempo de resposta tamb\u00e9m aumenta devido \u00e0 capacidade de usar atuadores menores com essas v\u00e1lvulas.<\/li>\r\n<\/ul>\r\n<\/li>\r\n<li>Alta press\u00e3o de desligamento\r\n<ul>\r\n<li>As v\u00e1lvulas esfera em V apresentam rota\u00e7\u00e3o de esfera de um quarto de volta (90\u00b0), permitindo que operem e desliguem em press\u00f5es de trabalho muito mais altas. Por conta disso, podem ser utilizados atuadores menores e de menor torque, o que resulta em economia de custos e maior efici\u00eancia na aplica\u00e7\u00e3o do usu\u00e1rio.<\/li>\r\n<\/ul>\r\n<\/li>\r\n<\/ul>\r\n\r\n\r\n\r\n<h2 class=\"wp-block-heading\">Aplica\u00e7\u00f5es da v\u00e1lvula esfera V Notch<\/h2>\r\n\r\n\r\n\r\n<p>Em termos gerais, as v\u00e1lvulas esfera s\u00e3o utilizadas em diversas aplica\u00e7\u00f5es e mercados, como transmiss\u00e3o e armazenamento, processamento de g\u00e1s, industrial e muito mais. As v\u00e1lvulas esfera V-Port s\u00e3o comumente usadas na transfer\u00eancia de \u00e1cido, agricultura, produtos qu\u00edmicos para branqueamento, tratamento de \u00e1gua, lixivia\u00e7\u00e3o de \u00e1cido, produtos farmac\u00eauticos, processamento de res\u00edduos e processamento de alimentos.<\/p>","protected":false},"excerpt":{"rendered":"<p>O que \u00e9 v\u00e1lvula esf\u00e9rica com porta V? Uma v\u00e1lvula esf\u00e9rica com porta em V \u00e9 uma v\u00e1lvula de controle com veda\u00e7\u00e3o em forma de V ou esfera em forma de V. O \u2026 <a title=\"V\u00e1lvula de esfera V\" class=\"read-more\" href=\"https:\/\/zecovalve.com\/pt\/produto\/v-ball-valve\" aria-label=\"Mais em V\u00e1lvula Esfera V\">Ler mais<\/a><\/p>","protected":false},"featured_media":27794,"comment_status":"closed","ping_status":"closed","template":"","meta":{"_generate-full-width-content":"","kt_blocks_editor_width":""},"product_cat":[2047,2459],"product_tag":[3254,3244,2832],"class_list":["post-27296","product","type-product","status-publish","has-post-thumbnail","hentry","product_cat-ball-valve","product_cat-ball-valve-by-form","product_tag-ball-valve-stainless-steel","product_tag-stainless-ball-valve","product_tag-stainless-steel-ball-valve","sales-flash-overlay","woocommerce-text-align-center","woocommerce-image-align-center","do-quantity-buttons"],"featured_image_src_large":["https:\/\/zecovalve.com\/wp-content\/uploads\/2022\/11\/V-Ball-Valve-1.jpg",800,600,false],"author_info":[],"comment_info":0,"taxonomy_info":{"product_cat":[{"value":2047,"label":"Ball Valve"},{"value":2459,"label":"Ball Valve By Form"}],"product_tag":[{"value":3254,"label":"Ball Valve Stainless Steel"},{"value":3244,"label":"Stainless Ball Valve"},{"value":2832,"label":"Stainless Steel Ball Valve"}]},"yoast_head":"<!-- This site is optimized with the Yoast SEO Premium plugin v15.4 - https:\/\/yoast.com\/wordpress\/plugins\/seo\/ -->\n<title>V Ball Valve - V Notch Ball Valve Manufacturer | ZECO Valve<\/title>\n<meta name=\"robots\" content=\"index, follow, max-snippet:-1, max-image-preview:large, max-video-preview:-1\" \/>\n<link rel=\"canonical\" href=\"https:\/\/zecovalve.com\/pt\/produto\/v-ball-valve\" \/>\n<meta property=\"og:locale\" content=\"pt_PT\" \/>\n<meta property=\"og:type\" content=\"article\" \/>\n<meta property=\"og:title\" content=\"V Ball Valve - V Notch Ball Valve Manufacturer | ZECO Valve\" \/>\n<meta property=\"og:description\" content=\"What is V Port Ball Valve? A v-port ball valve is a control valve with a v-shaped seal or v-shaped ball. The ... Ler mais\" \/>\n<meta property=\"og:url\" content=\"https:\/\/zecovalve.com\/pt\/produto\/v-ball-valve\" \/>\n<meta property=\"og:site_name\" content=\"ZECO Valve\" \/>\n<meta property=\"article:modified_time\" content=\"2023-03-30T08:21:06+00:00\" \/>\n<meta property=\"og:image\" content=\"https:\/\/zecovalve.com\/wp-content\/uploads\/2022\/11\/V-Ball-Valve-1.jpg\" \/>\n\t<meta property=\"og:image:width\" content=\"800\" \/>\n\t<meta property=\"og:image:height\" content=\"600\" \/>\n<meta name=\"twitter:card\" content=\"summary_large_image\" \/>\n<meta name=\"twitter:label1\" content=\"Escrito por\">\n\t<meta name=\"twitter:data1\" content=\"Jerry\">\n\t<meta name=\"twitter:label2\" content=\"Tempo estimado de leitura\">\n\t<meta name=\"twitter:data2\" content=\"2 minutos\">\n<script type=\"application\/ld+json\" class=\"yoast-schema-graph\">{\"@context\":\"https:\/\/schema.org\",\"@graph\":[{\"@type\":\"WebSite\",\"@id\":\"https:\/\/zecovalve.com\/#website\",\"url\":\"https:\/\/zecovalve.com\/\",\"name\":\"ZECO Valve\",\"description\":\"Industrial Ball Valve, Gate Valve and Globe Valve Manufacturer\",\"potentialAction\":[{\"@type\":\"SearchAction\",\"target\":\"https:\/\/zecovalve.com\/?s={search_term_string}\",\"query-input\":\"required name=search_term_string\"}],\"inLanguage\":\"pt-PT\"},{\"@type\":\"ImageObject\",\"@id\":\"https:\/\/zecovalve.com\/product\/v-ball-valve#primaryimage\",\"inLanguage\":\"pt-PT\",\"url\":\"https:\/\/zecovalve.com\/wp-content\/uploads\/2022\/11\/V-Ball-Valve-1.jpg\",\"width\":800,\"height\":600},{\"@type\":\"WebPage\",\"@id\":\"https:\/\/zecovalve.com\/product\/v-ball-valve#webpage\",\"url\":\"https:\/\/zecovalve.com\/product\/v-ball-valve\",\"name\":\"V Ball Valve - V Notch Ball Valve Manufacturer | ZECO Valve\",\"isPartOf\":{\"@id\":\"https:\/\/zecovalve.com\/#website\"},\"primaryImageOfPage\":{\"@id\":\"https:\/\/zecovalve.com\/product\/v-ball-valve#primaryimage\"},\"datePublished\":\"2022-11-01T07:47:56+00:00\",\"dateModified\":\"2023-03-30T08:21:06+00:00\",\"breadcrumb\":{\"@id\":\"https:\/\/zecovalve.com\/product\/v-ball-valve#breadcrumb\"},\"inLanguage\":\"pt-PT\",\"potentialAction\":[{\"@type\":\"ReadAction\",\"target\":[\"https:\/\/zecovalve.com\/product\/v-ball-valve\"]}]},{\"@type\":\"BreadcrumbList\",\"@id\":\"https:\/\/zecovalve.com\/product\/v-ball-valve#breadcrumb\",\"itemListElement\":[{\"@type\":\"ListItem\",\"position\":1,\"item\":{\"@type\":\"WebPage\",\"@id\":\"https:\/\/zecovalve.com\/\",\"url\":\"https:\/\/zecovalve.com\/\",\"name\":\"Home\"}},{\"@type\":\"ListItem\",\"position\":2,\"item\":{\"@type\":\"WebPage\",\"@id\":\"https:\/\/zecovalve.com\/product-category\",\"url\":\"https:\/\/zecovalve.com\/product-category\",\"name\":\"Industrial Valve Manufacturer | Water Valve Manufacturer\"}},{\"@type\":\"ListItem\",\"position\":3,\"item\":{\"@type\":\"WebPage\",\"@id\":\"https:\/\/zecovalve.com\/product\/v-ball-valve\",\"url\":\"https:\/\/zecovalve.com\/product\/v-ball-valve\",\"name\":\"V Ball Valve\"}}]}]}<\/script>\n<!-- \/ Yoast SEO Premium plugin. -->","_links":{"self":[{"href":"https:\/\/zecovalve.com\/pt\/wp-json\/wp\/v2\/product\/27296","targetHints":{"allow":["GET"]}}],"collection":[{"href":"https:\/\/zecovalve.com\/pt\/wp-json\/wp\/v2\/product"}],"about":[{"href":"https:\/\/zecovalve.com\/pt\/wp-json\/wp\/v2\/types\/product"}],"replies":[{"embeddable":true,"href":"https:\/\/zecovalve.com\/pt\/wp-json\/wp\/v2\/comments?post=27296"}],"wp:featuredmedia":[{"embeddable":true,"href":"https:\/\/zecovalve.com\/pt\/wp-json\/wp\/v2\/media\/27794"}],"wp:attachment":[{"href":"https:\/\/zecovalve.com\/pt\/wp-json\/wp\/v2\/media?parent=27296"}],"wp:term":[{"taxonomy":"product_cat","embeddable":true,"href":"https:\/\/zecovalve.com\/pt\/wp-json\/wp\/v2\/product_cat?post=27296"},{"taxonomy":"product_tag","embeddable":true,"href":"https:\/\/zecovalve.com\/pt\/wp-json\/wp\/v2\/product_tag?post=27296"}],"curies":[{"name":"wp","href":"https:\/\/api.w.org\/{rel}","templated":true}]}}